{"id":145505,"date":"2023-05-14T14:09:47","date_gmt":"2023-05-14T14:09:47","guid":{"rendered":"http:\/\/talkpal.ai\/kannadska-slovnica\/"},"modified":"2025-12-11T16:21:22","modified_gmt":"2025-12-11T16:21:22","slug":"kannadska-slovnica","status":"publish","type":"page","link":"https:\/\/talkpal.ai\/sl\/kannadska-slovnica\/","title":{"rendered":"Kannadska slovnica"},"content":{"rendered":"\r\n\r\n\r\n<section class=\"languageChallengeSection\">\r\n    <div class=\"languageInfoWrapper\">\r\n        \r\n        <h1>Kannadska slovnica<\/h1>\r\n        <p>Ste navdu\u0161eni nad raziskovanjem kanad\u0161\u010dine? Spoznajte slovnico kanad\u0161\u010dine, ki vsebuje bogate glagolske sklanjatve, samostalnike po spolu in logi\u010den sistem primerov, ki o\u017eivlja jezik. Za\u010dnite se u\u010diti \u0161e danes &#8211; obvladovanje kanadske slovnice vam bo dalo orodja za globok stik z \u017eivahno kulturo Karnatake in samozavestno sporazumevanje v enem od najbolj izrazitih jezikov ju\u017ene Indije!<\/p>\r\n\r\n                            <a class=\"getStartedHidden\" href=\"https:\/\/app.talkpal.ai\/sl\/signup?lng=\">Za\u010dni<\/a>\r\n        \r\n    <\/div>\r\n\r\n    <figure>\r\n    <img decoding=\"async\" width=\"768\" height=\"768\" src=\"https:\/\/talkpal.ai\/wp-content\/uploads\/2023\/06\/Kannada-768x768.png\" class=\"languageImage no-lazy\" alt=\"Language learning for increased mental flexibility\" fetchpriority=\"high\" sizes=\"(max-width: 768px) 150px, 768px\" srcset=\"https:\/\/talkpal.ai\/wp-content\/uploads\/2023\/06\/Kannada-768x768.png 768w, https:\/\/talkpal.ai\/wp-content\/uploads\/2023\/06\/Kannada-300x300.png 300w\" \/>\r\n    \r\n\r\n    <\/figure>\r\n\r\n            <a class=\"getStartedVisible\" href=\"https:\/\/app.talkpal.ai\/sl\/signup?lng=\">Za\u010dni<\/a>\r\n    \r\n<\/section>\r\n<section class=\"promotionalBanner\">\r\n    <p class=\"promotionalText\">Naju\u010dinkovitej\u0161i na\u010din u\u010denja jezika<\/p>\r\n    <a class=\"promotionalLink\" href=\"https:\/\/app.talkpal.ai\/sl\/signup?lng=\">Preizkusite Talkpal brezpla\u010dno<\/a>\r\n<\/section>\n<div class=\"wp-block-group pageContainerStyle\"><div class=\"wp-block-group__inner-container is-layout-constrained wp-block-group-is-layout-constrained\">\n<h2 class=\"wp-block-heading\" id=\"h-kannada-grammar-an-insight-into-the-richness-of-the-dravidian-language\">Kannadska slovnica: vpogled v bogastvo dravidskega jezika<\/h2>\n\n\n\n<p>Ste se kdaj spra\u0161evali o jezikovni raznolikosti Indije? Kot jezikovni navdu\u0161enec ali radovedni u\u010denec vas bo morda zanimalo, da si podrobneje ogledate enega od klasi\u010dnih jezikov Indije &#8211; Kannado. <a href=\"https:\/\/talkpal.ai\/learn-kannada\/\">Kannada<\/a> je dravidski jezik, ki se govori predvsem v ju\u017eni dr\u017eavi Karnataka. To je materni jezik pribli\u017eno 44 milijonov ljudi, zaradi \u010desar je eden glavnih indijskih jezikov. Potopimo se v fascinantni svet kanadske slovnice in se nau\u010dimo ve\u010d o tem \u010dudovitem jeziku.<\/p>\n\n\n\n<h3 class=\"wp-block-heading\" id=\"h-the-linguistic-alphabet-kannada-script\">Jezikovna abeceda: kannadska pisava<\/h3>\n\n\n\n<p>Kanadska pisava, znana tudi kot &#8220;\u0c95\u0ca8\u0ccd\u0ca8\u0ca1 \u0cb2\u0cbf\u0caa\u0cbf&#8221; (Kannada Lipi), je abugida &#8211; sistem pisanja s zlogovnimi abecedami. Vsaka \u010drka predstavlja druga\u010dno kombinacijo soglasnika in samoglasnika. Scenarij je sestavljen iz 49 znakov, od tega 34 soglasnikov in 13 samoglasnikov. Pisava kanad\u0161\u010dine je zaradi vizualno izrazitega videza \u010dudovit in edinstven na\u010din izra\u017eanja zvokov in pomenov jezika.<\/p>\n\n\n\n<h3 class=\"wp-block-heading\" id=\"h-nouns-pronouns-and-cases-more-than-meets-the-eye\">Samostalniki, zaimki in primeri &#8211; ve\u010d kot sre\u010dajo oko<\/h3>\n\n\n\n<p>Samostalniki Kannada so edinstveni zaradi svojega sistema deklinacije &#8211; sledijo sistemu primerov, podobno kot drugi dravidski <a href=\"https:\/\/talkpal.ai\/what-language-is-spoken-on-the-international-space-station\/\">jeziki<\/a>. V Kannadi je osem primerov, ki pomagajo opredeliti razmerje med samostalnikom in drugimi besedami v stavku: nominativni, akuzativni, instrumentalni, dativni, ablativni, genitivni, lokativni in vokativni. Samostalniki v Kannadi so razvr\u0161\u010deni tudi glede na spol (mo\u0161ki, \u017eenski in srednje\u0161olski) in \u0161tevilo (ednina, mno\u017eina in dvojna &#8211; redka zna\u010dilnost med indijskimi jeziki).<\/p>\n\n\n\n<p>Zaimki v Kannadi so prav tako fascinantni. Razlikujejo se za vsako osebo (prvo, drugo in tretjo), \u0161tevilo (ednina, mno\u017eina in dvojna) in spol (mo\u0161ki, \u017eenski in srednje). Poleg tega ima kanad\u0161\u010dina ve\u010d \u010dastnih oblik naslavljanja, kar ka\u017ee na kulturni vidik spo\u0161tovanja in vljudnosti v tem jeziku.<\/p>\n\n\n\n<h3 class=\"wp-block-heading\" id=\"h-venturing-into-verbs-tenses-aspects-and-moods\">Podajanje v glagole: \u010dasi, vidiki in razpolo\u017eenje<\/h3>\n\n\n\n<p>Za glagole Kannada je zna\u010dilen bogat sistem konjugacije. Glagoli so konjugirani glede na \u010das (preteklost, sedanjost in prihodnost), vidik (popoln ali nepopoln) in razpolo\u017eenje (indikativno, nujno in pogojno). Nadaljnja kompleksnost je dodana s prisotnostjo vzro\u010dnih glagolov ter pasivnih in aktivnih glasov. Konjugacija je odvisna od osebe, \u0161tevila in spola, zaradi \u010desar je glagol Kannada zelo pregiban in zapleten.<\/p>\n\n\n\n<h3 class=\"wp-block-heading\" id=\"h-adjectives-adverbs-and-more\">Pridevniki, prislovi in drugo<\/h3>\n\n\n\n<p>Pridevniki in \u0161tevilke Kannada se ujemajo s samostalniki, ki jih spreminjajo glede na spol, \u0161tevilo in primer. Pridevnike je mogo\u010de pregibati na enak na\u010din kot samostalnike in jih je mogo\u010de celo kombinirati v prislove. Jezik uporablja tudi razli\u010dne veznike, delce in predloge, da zdru\u017ei stavke in njihove komponente v povezano in izrazno celoto.<\/p>\n\n\n\n<h3 class=\"wp-block-heading\" id=\"h-embracing-the-beauty-of-kannada-grammar\">Sprejemanje lepote kannadske slovnice<\/h3>\n\n\n\n<p>Svet slovnice Kannada je tako fascinanten kot kompleksen. Zapleten sistem primerov, edinstvena pisava in visoko pregibne glagolske oblike dajejo Kannadi njen \u010dar in bogastvo. S poglabljanjem v podro\u010dja tega izvrstnega jezika pridobite globlje razumevanje jezikovne in kulturne raznolikosti Indije.<\/p>\n\n\n\n<p>Zakaj torej ne bi \u0161e naprej raziskovali lepot Kannade? S strastjo in radovednostjo boste morda kmalu u\u017eivali v \u010dudoviti literaturi, kinematografiji in glasbi v tem veli\u010dastnem jeziku. Sre\u010dno u\u010denje!<\/p>\n<\/div><\/div>\n\r\n<section class=\"learnNavigationSection\">\r\n            \r\n        <a href=\"https:\/\/talkpal.ai\/sl\/naucite-se-kannade\/\">\r\n            <div class=\"learnNavigationWrapper\">\r\n                <div class=\"learnNavigationContent\">\r\n                    <img decoding=\"async\" src=\"https:\/\/talkpal.ai\/wp-content\/uploads\/2024\/08\/Kannada.jpg\" alt=\"Indian Simplified Flag\">\r\n                    <div>\r\n                        <h4>O u\u010denju kanad\u0161\u010dine<\/h4>\r\n                        <p>Izvedite vse o slovnici Kannada .<\/p>\r\n                    <\/div>\r\n                <\/div>\r\n            <\/div>\r\n        <\/a>\r\n\r\n        \r\n        <a href=\"https:\/\/talkpal.ai\/sl\/kannadske-slovnicne-vaje\/\">\r\n            <div class=\"learnNavigationWrapper\">\r\n                <div class=\"learnNavigationContent\">\r\n                    <img decoding=\"async\" src=\"https:\/\/talkpal.ai\/wp-content\/uploads\/2024\/08\/Kannada.jpg\" alt=\"Indian Simplified Flag\">\r\n                    <div>\r\n                        <h4>Vaja iz kanadske gramatike<\/h4>\r\n                        <p>Vadite kannadsko slovnico.<\/p>\r\n                    <\/div>\r\n                <\/div>\r\n            <\/div>\r\n        <\/a>\r\n\r\n        \r\n        <a href=\"https:\/\/talkpal.ai\/vocabulary_language\/kannada\/\">\r\n            <div class=\"learnNavigationWrapper\">\r\n                <div class=\"learnNavigationContent\">\r\n                    <img decoding=\"async\" src=\"https:\/\/talkpal.ai\/wp-content\/uploads\/2024\/08\/Kannada.jpg\" alt=\"Indian Simplified Flag\">\r\n                    <div>\r\n                        <h4>Kanadski besednjak<\/h4>\r\n                        <p>Raz\u0161irite svoj kanadski besedni zaklad.<\/p>\r\n                    <\/div>\r\n                <\/div>\r\n            <\/div>\r\n        <\/a>\r\n\r\n            <\/section>","protected":false},"excerpt":{"rendered":"<p>Kannadska slovnica: vpogled v bogastvo dravidskega jezika Ste se kdaj spra\u0161evali o jezikovni raznolikosti Indije? Kot jezikovni navdu\u0161enec ali radovedni u\u010denec vas bo morda zanimalo, da si podrobneje ogledate enega od klasi\u010dnih jezikov Indije &#8211; Kannado. Kannada je dravidski jezik, ki se govori predvsem v ju\u017eni dr\u017eavi Karnataka. To je materni jezik pribli\u017eno 44 milijonov [&hellip;]<\/p>\n","protected":false},"author":1,"featured_media":145511,"parent":0,"menu_order":0,"comment_status":"closed","ping_status":"closed","template":"LearningContentPage.php","meta":{"_acf_changed":false,"footnotes":""},"class_list":["post-145505","page","type-page","status-publish","has-post-thumbnail","hentry"],"acf":[],"yoast_head":"<!-- This site is optimized with the Yoast SEO Premium plugin v27.2 (Yoast SEO v27.2) - https:\/\/yoast.com\/product\/yoast-seo-premium-wordpress\/ -->\n<title>Kannadska slovnica - Talkpal<\/title>\n<meta name=\"description\" content=\"Samozavestno u\u010denje kanadske slovnice - razumite klju\u010dna pravila, izbolj\u0161ajte zgradbo stavka in pove\u010dajte teko\u010dnost\" \/>\n<meta name=\"robots\" content=\"index, follow, max-snippet:-1, max-image-preview:large, max-video-preview:-1\" \/>\n<link rel=\"canonical\" href=\"https:\/\/talkpal.ai\/sl\/kannadska-slovnica\/\" \/>\n<meta property=\"og:locale\" content=\"sl_SI\" \/>\n<meta property=\"og:type\" content=\"article\" \/>\n<meta property=\"og:title\" content=\"Kannadska slovnica\" \/>\n<meta property=\"og:description\" content=\"Kannadska slovnica: vpogled v bogastvo dravidskega jezika Ste se kdaj spra\u0161evali o jezikovni raznolikosti Indije? Kot jezikovni navdu\u0161enec ali radovedni\" \/>\n<meta property=\"og:url\" content=\"https:\/\/talkpal.ai\/sl\/kannadska-slovnica\/\" \/>\n<meta property=\"og:site_name\" content=\"Talkpal\" \/>\n<meta property=\"article:publisher\" content=\"https:\/\/www.facebook.com\/profile.php?id=100090733639311\" \/>\n<meta property=\"article:modified_time\" content=\"2025-12-11T16:21:22+00:00\" \/>\n<meta property=\"og:image\" content=\"https:\/\/talkpal.ai\/wp-content\/uploads\/2023\/05\/Kannada-india.png\" \/>\n\t<meta property=\"og:image:width\" content=\"512\" \/>\n\t<meta property=\"og:image:height\" content=\"512\" \/>\n\t<meta property=\"og:image:type\" content=\"image\/png\" \/>\n<meta name=\"twitter:card\" content=\"summary_large_image\" \/>\n<meta name=\"twitter:site\" content=\"@talkpalai\" \/>\n<meta name=\"twitter:label1\" content=\"Est. reading time\" \/>\n\t<meta name=\"twitter:data1\" content=\"2 minuti\" \/>\n<script type=\"application\/ld+json\" class=\"yoast-schema-graph\">{\"@context\":\"https:\/\/schema.org\",\"@graph\":[{\"@type\":\"WebPage\",\"@id\":\"https:\/\/talkpal.ai\/sl\/kannadska-slovnica\/\",\"url\":\"https:\/\/talkpal.ai\/sl\/kannadska-slovnica\/\",\"name\":\"Kannadska slovnica - Talkpal\",\"isPartOf\":{\"@id\":\"https:\/\/talkpal.ai\/sl\/#website\"},\"primaryImageOfPage\":{\"@id\":\"https:\/\/talkpal.ai\/sl\/kannadska-slovnica\/#primaryimage\"},\"image\":{\"@id\":\"https:\/\/talkpal.ai\/sl\/kannadska-slovnica\/#primaryimage\"},\"thumbnailUrl\":\"https:\/\/talkpal.ai\/wp-content\/uploads\/2023\/05\/Kannada-india.png\",\"datePublished\":\"2023-05-14T14:09:47+00:00\",\"dateModified\":\"2025-12-11T16:21:22+00:00\",\"description\":\"Samozavestno u\u010denje kanadske slovnice - razumite klju\u010dna pravila, izbolj\u0161ajte zgradbo stavka in pove\u010dajte teko\u010dnost\",\"breadcrumb\":{\"@id\":\"https:\/\/talkpal.ai\/sl\/kannadska-slovnica\/#breadcrumb\"},\"inLanguage\":\"sl-SI\",\"potentialAction\":[{\"@type\":\"ReadAction\",\"target\":[\"https:\/\/talkpal.ai\/sl\/kannadska-slovnica\/\"]}]},{\"@type\":\"ImageObject\",\"inLanguage\":\"sl-SI\",\"@id\":\"https:\/\/talkpal.ai\/sl\/kannadska-slovnica\/#primaryimage\",\"url\":\"https:\/\/talkpal.ai\/wp-content\/uploads\/2023\/05\/Kannada-india.png\",\"contentUrl\":\"https:\/\/talkpal.ai\/wp-content\/uploads\/2023\/05\/Kannada-india.png\",\"width\":512,\"height\":512},{\"@type\":\"BreadcrumbList\",\"@id\":\"https:\/\/talkpal.ai\/sl\/kannadska-slovnica\/#breadcrumb\",\"itemListElement\":[{\"@type\":\"ListItem\",\"position\":1,\"name\":\"Homepage\",\"item\":\"https:\/\/talkpal.ai\/sl\/\"},{\"@type\":\"ListItem\",\"position\":2,\"name\":\"Kannadska slovnica\"}]},{\"@type\":\"WebSite\",\"@id\":\"https:\/\/talkpal.ai\/sl\/#website\",\"url\":\"https:\/\/talkpal.ai\/sl\/\",\"name\":\"Talkpal\",\"description\":\"AI Language Learning\",\"publisher\":{\"@id\":\"https:\/\/talkpal.ai\/sl\/#organization\"},\"alternateName\":\"Talkpal AI\",\"potentialAction\":[{\"@type\":\"SearchAction\",\"target\":{\"@type\":\"EntryPoint\",\"urlTemplate\":\"https:\/\/talkpal.ai\/sl\/?s={search_term_string}\"},\"query-input\":{\"@type\":\"PropertyValueSpecification\",\"valueRequired\":true,\"valueName\":\"search_term_string\"}}],\"inLanguage\":\"sl-SI\"},{\"@type\":\"Organization\",\"@id\":\"https:\/\/talkpal.ai\/sl\/#organization\",\"name\":\"Talkpal, Inc.\",\"alternateName\":\"Talkpal AI\",\"url\":\"https:\/\/talkpal.ai\/sl\/\",\"logo\":{\"@type\":\"ImageObject\",\"inLanguage\":\"sl-SI\",\"@id\":\"https:\/\/talkpal.ai\/sl\/#\/schema\/logo\/image\/\",\"url\":\"https:\/\/talkpal.ai\/wp-content\/uploads\/2024\/03\/Talkpal-Logo-Icon.png\",\"contentUrl\":\"https:\/\/talkpal.ai\/wp-content\/uploads\/2024\/03\/Talkpal-Logo-Icon.png\",\"width\":2880,\"height\":2880,\"caption\":\"Talkpal, Inc.\"},\"image\":{\"@id\":\"https:\/\/talkpal.ai\/sl\/#\/schema\/logo\/image\/\"},\"sameAs\":[\"https:\/\/www.facebook.com\/profile.php?id=100090733639311\",\"https:\/\/x.com\/talkpalai\",\"https:\/\/www.linkedin.com\/company\/talkpal\/\",\"https:\/\/www.youtube.com\/@TalkPal\/\",\"https:\/\/www.tiktok.com\/@talkpal\",\"https:\/\/www.instagram.com\/talkpal_ai\/\",\"https:\/\/www.crunchbase.com\/organization\/talkpal-9cde\",\"https:\/\/www.g2.com\/products\/talkpal-for-business\/\",\"https:\/\/www.trustpilot.com\/review\/talkpal.ai\",\"https:\/\/www.capterra.com\/p\/10006800\/TalkPal\/\"],\"description\":\"Talkpal is a language learning web and mobile education app, powered by the latest AI technologies, that provides engaging experiences to its customers in many different languages to help them improve their language skills. Users can chat about unlimited amount of topics with the app and use other modes to practice their language learning.\",\"email\":\"support@talkpal.ai\",\"legalName\":\"Talkpal, Inc.\",\"foundingDate\":\"2023-04-03\",\"duns\":\"118989042\",\"numberOfEmployees\":{\"@type\":\"QuantitativeValue\",\"minValue\":\"11\",\"maxValue\":\"50\"},\"publishingPrinciples\":\"https:\/\/talkpal.ai\/publishing-principles\/\",\"actionableFeedbackPolicy\":\"https:\/\/talkpal.ai\/actionable-feedback-policy\/\",\"correctionsPolicy\":\"https:\/\/talkpal.ai\/corrections-policy\/\",\"ethicsPolicy\":\"https:\/\/talkpal.ai\/ethics-policy\/\",\"diversityPolicy\":\"https:\/\/talkpal.ai\/diversity-policy\/\",\"diversityStaffingReport\":\"https:\/\/talkpal.ai\/diversity-policy\/\"}]}<\/script>\n<!-- \/ Yoast SEO Premium plugin. -->","yoast_head_json":{"title":"Kannadska slovnica - Talkpal","description":"Samozavestno u\u010denje kanadske slovnice - razumite klju\u010dna pravila, izbolj\u0161ajte zgradbo stavka in pove\u010dajte teko\u010dnost","robots":{"index":"index","follow":"follow","max-snippet":"max-snippet:-1","max-image-preview":"max-image-preview:large","max-video-preview":"max-video-preview:-1"},"canonical":"https:\/\/talkpal.ai\/sl\/kannadska-slovnica\/","og_locale":"sl_SI","og_type":"article","og_title":"Kannadska slovnica","og_description":"Kannadska slovnica: vpogled v bogastvo dravidskega jezika Ste se kdaj spra\u0161evali o jezikovni raznolikosti Indije? Kot jezikovni navdu\u0161enec ali radovedni","og_url":"https:\/\/talkpal.ai\/sl\/kannadska-slovnica\/","og_site_name":"Talkpal","article_publisher":"https:\/\/www.facebook.com\/profile.php?id=100090733639311","article_modified_time":"2025-12-11T16:21:22+00:00","og_image":[{"width":512,"height":512,"url":"https:\/\/talkpal.ai\/wp-content\/uploads\/2023\/05\/Kannada-india.png","type":"image\/png"}],"twitter_card":"summary_large_image","twitter_site":"@talkpalai","twitter_misc":{"Est. reading time":"2 minuti"},"schema":{"@context":"https:\/\/schema.org","@graph":[{"@type":"WebPage","@id":"https:\/\/talkpal.ai\/sl\/kannadska-slovnica\/","url":"https:\/\/talkpal.ai\/sl\/kannadska-slovnica\/","name":"Kannadska slovnica - Talkpal","isPartOf":{"@id":"https:\/\/talkpal.ai\/sl\/#website"},"primaryImageOfPage":{"@id":"https:\/\/talkpal.ai\/sl\/kannadska-slovnica\/#primaryimage"},"image":{"@id":"https:\/\/talkpal.ai\/sl\/kannadska-slovnica\/#primaryimage"},"thumbnailUrl":"https:\/\/talkpal.ai\/wp-content\/uploads\/2023\/05\/Kannada-india.png","datePublished":"2023-05-14T14:09:47+00:00","dateModified":"2025-12-11T16:21:22+00:00","description":"Samozavestno u\u010denje kanadske slovnice - razumite klju\u010dna pravila, izbolj\u0161ajte zgradbo stavka in pove\u010dajte teko\u010dnost","breadcrumb":{"@id":"https:\/\/talkpal.ai\/sl\/kannadska-slovnica\/#breadcrumb"},"inLanguage":"sl-SI","potentialAction":[{"@type":"ReadAction","target":["https:\/\/talkpal.ai\/sl\/kannadska-slovnica\/"]}]},{"@type":"ImageObject","inLanguage":"sl-SI","@id":"https:\/\/talkpal.ai\/sl\/kannadska-slovnica\/#primaryimage","url":"https:\/\/talkpal.ai\/wp-content\/uploads\/2023\/05\/Kannada-india.png","contentUrl":"https:\/\/talkpal.ai\/wp-content\/uploads\/2023\/05\/Kannada-india.png","width":512,"height":512},{"@type":"BreadcrumbList","@id":"https:\/\/talkpal.ai\/sl\/kannadska-slovnica\/#breadcrumb","itemListElement":[{"@type":"ListItem","position":1,"name":"Homepage","item":"https:\/\/talkpal.ai\/sl\/"},{"@type":"ListItem","position":2,"name":"Kannadska slovnica"}]},{"@type":"WebSite","@id":"https:\/\/talkpal.ai\/sl\/#website","url":"https:\/\/talkpal.ai\/sl\/","name":"Talkpal","description":"AI Language Learning","publisher":{"@id":"https:\/\/talkpal.ai\/sl\/#organization"},"alternateName":"Talkpal AI","potentialAction":[{"@type":"SearchAction","target":{"@type":"EntryPoint","urlTemplate":"https:\/\/talkpal.ai\/sl\/?s={search_term_string}"},"query-input":{"@type":"PropertyValueSpecification","valueRequired":true,"valueName":"search_term_string"}}],"inLanguage":"sl-SI"},{"@type":"Organization","@id":"https:\/\/talkpal.ai\/sl\/#organization","name":"Talkpal, Inc.","alternateName":"Talkpal AI","url":"https:\/\/talkpal.ai\/sl\/","logo":{"@type":"ImageObject","inLanguage":"sl-SI","@id":"https:\/\/talkpal.ai\/sl\/#\/schema\/logo\/image\/","url":"https:\/\/talkpal.ai\/wp-content\/uploads\/2024\/03\/Talkpal-Logo-Icon.png","contentUrl":"https:\/\/talkpal.ai\/wp-content\/uploads\/2024\/03\/Talkpal-Logo-Icon.png","width":2880,"height":2880,"caption":"Talkpal, Inc."},"image":{"@id":"https:\/\/talkpal.ai\/sl\/#\/schema\/logo\/image\/"},"sameAs":["https:\/\/www.facebook.com\/profile.php?id=100090733639311","https:\/\/x.com\/talkpalai","https:\/\/www.linkedin.com\/company\/talkpal\/","https:\/\/www.youtube.com\/@TalkPal\/","https:\/\/www.tiktok.com\/@talkpal","https:\/\/www.instagram.com\/talkpal_ai\/","https:\/\/www.crunchbase.com\/organization\/talkpal-9cde","https:\/\/www.g2.com\/products\/talkpal-for-business\/","https:\/\/www.trustpilot.com\/review\/talkpal.ai","https:\/\/www.capterra.com\/p\/10006800\/TalkPal\/"],"description":"Talkpal is a language learning web and mobile education app, powered by the latest AI technologies, that provides engaging experiences to its customers in many different languages to help them improve their language skills. Users can chat about unlimited amount of topics with the app and use other modes to practice their language learning.","email":"support@talkpal.ai","legalName":"Talkpal, Inc.","foundingDate":"2023-04-03","duns":"118989042","numberOfEmployees":{"@type":"QuantitativeValue","minValue":"11","maxValue":"50"},"publishingPrinciples":"https:\/\/talkpal.ai\/publishing-principles\/","actionableFeedbackPolicy":"https:\/\/talkpal.ai\/actionable-feedback-policy\/","correctionsPolicy":"https:\/\/talkpal.ai\/corrections-policy\/","ethicsPolicy":"https:\/\/talkpal.ai\/ethics-policy\/","diversityPolicy":"https:\/\/talkpal.ai\/diversity-policy\/","diversityStaffingReport":"https:\/\/talkpal.ai\/diversity-policy\/"}]}},"_links":{"self":[{"href":"https:\/\/talkpal.ai\/sl\/wp-json\/wp\/v2\/pages\/145505","targetHints":{"allow":["GET"]}}],"collection":[{"href":"https:\/\/talkpal.ai\/sl\/wp-json\/wp\/v2\/pages"}],"about":[{"href":"https:\/\/talkpal.ai\/sl\/wp-json\/wp\/v2\/types\/page"}],"author":[{"embeddable":true,"href":"https:\/\/talkpal.ai\/sl\/wp-json\/wp\/v2\/users\/1"}],"replies":[{"embeddable":true,"href":"https:\/\/talkpal.ai\/sl\/wp-json\/wp\/v2\/comments?post=145505"}],"version-history":[{"count":0,"href":"https:\/\/talkpal.ai\/sl\/wp-json\/wp\/v2\/pages\/145505\/revisions"}],"wp:featuredmedia":[{"embeddable":true,"href":"https:\/\/talkpal.ai\/sl\/wp-json\/wp\/v2\/media\/145511"}],"wp:attachment":[{"href":"https:\/\/talkpal.ai\/sl\/wp-json\/wp\/v2\/media?parent=145505"}],"curies":[{"name":"wp","href":"https:\/\/api.w.org\/{rel}","templated":true}]}}