{"id":145123,"date":"2023-05-14T14:09:29","date_gmt":"2023-05-14T14:09:29","guid":{"rendered":"http:\/\/talkpal.ai\/indonezijska-slovnica\/"},"modified":"2025-12-13T15:42:00","modified_gmt":"2025-12-13T15:42:00","slug":"indonezijska-slovnica","status":"publish","type":"page","link":"https:\/\/talkpal.ai\/sl\/indonezijska-slovnica\/","title":{"rendered":"Indonezijska slovnica"},"content":{"rendered":"\r\n\r\n\r\n<section class=\"languageChallengeSection\">\r\n    <div class=\"languageInfoWrapper\">\r\n        \r\n        <h1>Indonezijska slovnica<\/h1>\r\n        <p>\u017delite obvladati indonezij\u0161\u010dino? Indonezij\u0161\u010dina je s svojo preprosto slovnico &#8211; brez glagolskih sklonov, brez samostalni\u0161kih spolov in s preprosto stav\u010dno strukturo &#8211; eden od u\u010dencem najbolj prijaznih jezikov. Za\u010dnite svoje potovanje danes in preverite, kako vam lahko razumevanje indonezijske slovnice hitro odpre svet komunikacije in \u017eivahnih kulturnih izku\u0161enj!<\/p>\r\n\r\n                            <a class=\"getStartedHidden\" href=\"https:\/\/app.talkpal.ai\/sl\/signup?lng=\">Za\u010dni<\/a>\r\n        \r\n    <\/div>\r\n\r\n    <figure>\r\n    <img decoding=\"async\" width=\"768\" height=\"768\" src=\"https:\/\/talkpal.ai\/wp-content\/uploads\/2023\/06\/indonesia-768x768.png\" class=\"languageImage no-lazy\" alt=\"Language learning for personal achievement\" fetchpriority=\"high\" sizes=\"(max-width: 768px) 150px, 768px\" srcset=\"https:\/\/talkpal.ai\/wp-content\/uploads\/2023\/06\/indonesia-768x768.png 768w, https:\/\/talkpal.ai\/wp-content\/uploads\/2023\/06\/indonesia-300x300.png 300w\" \/>\r\n    \r\n\r\n    <\/figure>\r\n\r\n            <a class=\"getStartedVisible\" href=\"https:\/\/app.talkpal.ai\/sl\/signup?lng=\">Za\u010dni<\/a>\r\n    \r\n<\/section>\r\n<section class=\"promotionalBanner\">\r\n    <p class=\"promotionalText\"><\/p>\r\n    <a class=\"promotionalLink\" href=\"https:\/\/app.talkpal.ai\/sl\/signup?lng=\"><\/a>\r\n<\/section>\n<div class=\"wp-block-group pageContainerStyle\"><div class=\"wp-block-group__inner-container is-layout-constrained wp-block-group-is-layout-constrained\">\n<h2 class=\"wp-block-heading\" id=\"h-the-wonders-of-indonesian-grammar-a-guide-for-language-learners\">\u010cude\u017ei indonezijske slovnice: vodnik za u\u010dence jezikov<\/h2>\n\n\n\n<p><a href=\"https:\/\/talkpal.ai\/indonesian-grammar\/\">Indonezijska slovnica<\/a> &#8211; preprosta, a elegantna, prijazna, a zanimiva, dostopna, a navdu\u0161ujo\u010da. Ko se odpravljate na pot u\u010denja indonezijskega jezika, bodite prepri\u010dani, da bo sprejemanje slovnice prijetno do\u017eivetje. S tem \u010dlankom vam \u017eelimo predstaviti klju\u010dne vidike indonezijske slovnice in vam pomagati sprejeti lepoto tega jezika jugovzhodne Azije.<\/p>\n\n\n\n<p>Poglobimo se v temeljne elemente indonezijske slovnice s pojasnili in primeri, ki razveseljivo pojasnjujejo pravila in koncepte. Zato se usedite, sprostite se in nam dovolite, da vam razkrijemo fascinantne skrivnosti indonezijske slovnice.<\/p>\n\n\n\n<h3 class=\"wp-block-heading\" id=\"h-1-nouns-no-genders-no-plurals-no-stress\">1. Samostalniki: Brez spola, brez mno\u017eine, brez stresa!<\/h3>\n\n\n\n<p>Eden najbolj osve\u017eujo\u010dih vidikov indonezijske slovnice je preprostost samostalni\u0161kega sistema. <a href=\"https:\/\/talkpal.ai\/learn-indonesian\/\">Indonezijski<\/a> samostalniki nimajo spolnih ali mno\u017einskih oblik. To pomeni, da re\u010dete &#8220;anjing&#8221; (pes), ne glede na to, ali gre za enega mladi\u010da ali skupino odraslih psov.<\/p>\n\n\n\n<p>\u010ce \u017eelite dolo\u010diti mno\u017einsko obliko, lahko ponovite samostalnik (npr. &#8220;anak-anak&#8221; za &#8220;otroci&#8221;) ali uporabite koli\u010dinski izraz, kot je &#8220;banyak&#8221; (veliko) ali &#8220;beberapa&#8221; (nekaj). To je to! Ali ni to sve\u017e veter v primerjavi z drugimi <a href=\"https:\/\/talkpal.ai\/what-language-is-spoken-on-the-international-space-station\/\">jeziki<\/a>?<\/p>\n\n\n\n<h3 class=\"wp-block-heading\" id=\"h-2-pronouns-staying-humble-and-respectful\">2. Zaimki: ostati poni\u017een in spo\u0161tljiv<\/h3>\n\n\n\n<p>Indonezijska <a href=\"https:\/\/talkpal.ai\/grammar\/\">slovnica<\/a> uporablja razli\u010dne zaimke, ki temeljijo na razli\u010dnih stopnjah formalnosti. Uporaba ustreznega zaimka pri nagovarjanju nekoga je bistvenega pomena za izkazovanje spo\u0161tovanja in poni\u017enosti. Na primer, &#8220;aku&#8221; (jaz\/mi) je neformalen in intimen, &#8220;saya&#8221; je vljuden in nevtralen, &#8220;saya&#8221; pa je formalen in skromen. Podobno je &#8220;kamu&#8221; (ti) neformalno, &#8220;Anda&#8221; vljudno, &#8220;Bapak\/Ibu&#8221; (gospod\/madam) pa je rezervirano za zelo formalne situacije.<\/p>\n\n\n\n<p>Ne pozabite, da je v novih ali negotovih situacijah vedno dobro biti vljuden.<\/p>\n\n\n\n<h3 class=\"wp-block-heading\" id=\"h-3-verbs-no-conjugations-but-prefixes-and-suffixes-galore\">3. Glagoli: Brez konjugacij, ampak predpone in pripone galore!<\/h3>\n\n\n\n<p>Indonezijski glagoli ostajajo nespremenjeni ne glede na \u010das, razpolo\u017eenje ali predmet, zaradi \u010desar so veliko enostavnej\u0161i od glagolov v mnogih drugih jezikih. Vendar boste morali obvladati uporabo predpon in pripon za spreminjanje pomena glagola.<\/p>\n\n\n\n<p>Nekatere pogoste predpone vklju\u010dujejo &#8220;me-&#8221; (aktivni glagoli), &#8220;di-&#8221; (pasivni glagoli) in &#8220;ber-&#8221; (stativni glagoli). Pogosti priponi sta &#8220;-kan&#8221; (vzro\u010dni glagoli) in &#8220;-i&#8221; (prehodni glagoli). Na primer, &#8220;makan&#8221; pomeni &#8220;jesti&#8221;, &#8220;memakan&#8221; pomeni &#8220;zau\u017eiti&#8221;, &#8220;dimakan&#8221; pa pomeni &#8220;biti zau\u017eit&#8221;.<\/p>\n\n\n\n<h3 class=\"wp-block-heading\" id=\"h-4-word-order-subject-verb-object-simplicity\">4. Vrstni red besed: preprostost predmeta-glagola-predmeta!<\/h3>\n\n\n\n<p>Indonezijska slovnica sledi preprostemu vrstnemu redu besed Subject-Verb-Object (SVO), podobnemu angle\u0161\u010dini. Zaradi tega je gradnja stavkov in razumevanje veliko la\u017eje za angle\u0161ko govore\u010de. Na primer: &#8220;Saya memakan pisang&#8221; se neposredno prevede v &#8220;Jaz (subjekt) jem (glagol) banano (objekt)&#8221;.<\/p>\n\n\n\n<h3 class=\"wp-block-heading\" id=\"h-5-immerse-yourself-in-indonesian-practice-makes-perfect\">5. Potopite se v indonezij\u0161\u010dino: praksa je popolna<\/h3>\n\n\n\n<p>Lepota indonezijske slovnice je v njeni preprostosti in dostopnosti. Redna praksa z branjem, pisanjem, poslu\u0161anjem in govorjenjem vam bo pomagala obvladati jezik in njegovo slovnico. Sprejmite izzive, osvojite kompleksnost in odklenite pravi \u010dar indonezijskega jezika.<\/p>\n\n\n\n<p>Torej, ali ste se pripravljeni poglobiti v \u010dude\u017ee indonezijske slovnice? Pristopite z zaupanjem in radovednostjo, z zavzetostjo in navdu\u0161enjem pa lahko kmalu postanete zgovoren indonezijski govorec. Selamat belajar! (Veselo u\u010denje!)<\/p>\n<\/div><\/div>\n\r\n<section class=\"learnNavigationSection\">\r\n            \r\n        <a href=\"https:\/\/talkpal.ai\/sl\/naucite-se-indonezijscine\/\">\r\n            <div class=\"learnNavigationWrapper\">\r\n                <div class=\"learnNavigationContent\">\r\n                    <img decoding=\"async\" src=\"https:\/\/talkpal.ai\/wp-content\/uploads\/2024\/08\/Indonesian.jpg\" alt=\"Indonesian Flag\">\r\n                    <div>\r\n                        <h4>O u\u010denju indonezij\u0161\u010dine<\/h4>\r\n                        <p>Izvedite vse o indonezijski slovnici.<\/p>\r\n                    <\/div>\r\n                <\/div>\r\n            <\/div>\r\n        <\/a>\r\n\r\n        \r\n        <a href=\"https:\/\/talkpal.ai\/sl\/indonezijske-slovnicne-vaje\/\">\r\n            <div class=\"learnNavigationWrapper\">\r\n                <div class=\"learnNavigationContent\">\r\n                    <img decoding=\"async\" src=\"https:\/\/talkpal.ai\/wp-content\/uploads\/2024\/08\/Indonesian.jpg\" alt=\"Indonesian Flag\">\r\n                    <div>\r\n                        <h4>Vaja iz indonezijske slovnice<\/h4>\r\n                        <p>Vadite indonezijsko slovnico.<\/p>\r\n                    <\/div>\r\n                <\/div>\r\n            <\/div>\r\n        <\/a>\r\n\r\n        \r\n        <a href=\"https:\/\/talkpal.ai\/vocabulary_language\/indonesian\/\">\r\n            <div class=\"learnNavigationWrapper\">\r\n                <div class=\"learnNavigationContent\">\r\n                    <img decoding=\"async\" src=\"https:\/\/talkpal.ai\/wp-content\/uploads\/2024\/08\/Indonesian.jpg\" alt=\"Indonesian Flag\">\r\n                    <div>\r\n                        <h4>Indonezijski besednjak<\/h4>\r\n                        <p>Raz\u0161irite svoj indonezijski besednjak.<\/p>\r\n                    <\/div>\r\n                <\/div>\r\n            <\/div>\r\n        <\/a>\r\n\r\n            <\/section>","protected":false},"excerpt":{"rendered":"<p>\u010cude\u017ei indonezijske slovnice: vodnik za u\u010dence jezikov Indonezijska slovnica &#8211; preprosta, a elegantna, prijazna, a zanimiva, dostopna, a navdu\u0161ujo\u010da. Ko se odpravljate na pot u\u010denja indonezijskega jezika, bodite prepri\u010dani, da bo sprejemanje slovnice prijetno do\u017eivetje. S tem \u010dlankom vam \u017eelimo predstaviti klju\u010dne vidike indonezijske slovnice in vam pomagati sprejeti lepoto tega jezika jugovzhodne Azije. Poglobimo [&hellip;]<\/p>\n","protected":false},"author":1,"featured_media":113906,"parent":0,"menu_order":0,"comment_status":"closed","ping_status":"closed","template":"LearningContentPage.php","meta":{"_acf_changed":false,"footnotes":""},"class_list":["post-145123","page","type-page","status-publish","has-post-thumbnail","hentry"],"acf":[],"yoast_head":"<!-- This site is optimized with the Yoast SEO Premium plugin v27.2 (Yoast SEO v27.2) - https:\/\/yoast.com\/product\/yoast-seo-premium-wordpress\/ -->\n<title>Indonezijska slovnica - Talkpal<\/title>\n<meta name=\"description\" content=\"Brez te\u017eav osvojite indonezijsko slovnico z aplikacijo za u\u010denje jezikov z umetno inteligenco Talkpal. samozavestno komuniciranje z uporabo Talkpalz vodenjem, ki ga poganja umetna inteligenca.\" \/>\n<meta name=\"robots\" content=\"index, follow, max-snippet:-1, max-image-preview:large, max-video-preview:-1\" \/>\n<link rel=\"canonical\" href=\"https:\/\/talkpal.ai\/sl\/indonezijska-slovnica\/\" \/>\n<meta property=\"og:locale\" content=\"sl_SI\" \/>\n<meta property=\"og:type\" content=\"article\" \/>\n<meta property=\"og:title\" content=\"Indonezijska slovnica\" \/>\n<meta property=\"og:description\" content=\"\u010cude\u017ei indonezijske slovnice: vodnik za u\u010dence jezikov Indonezijska slovnica - preprosta, a elegantna, prijazna, a zanimiva, dostopna, a navdu\u0161ujo\u010da. Ko\" \/>\n<meta property=\"og:url\" content=\"https:\/\/talkpal.ai\/sl\/indonezijska-slovnica\/\" \/>\n<meta property=\"og:site_name\" content=\"Talkpal\" \/>\n<meta property=\"article:publisher\" content=\"https:\/\/www.facebook.com\/profile.php?id=100090733639311\" \/>\n<meta property=\"article:modified_time\" content=\"2025-12-13T15:42:00+00:00\" \/>\n<meta property=\"og:image\" content=\"https:\/\/talkpal.ai\/wp-content\/uploads\/2023\/05\/indonesia.png\" \/>\n\t<meta property=\"og:image:width\" content=\"512\" \/>\n\t<meta property=\"og:image:height\" content=\"512\" \/>\n\t<meta property=\"og:image:type\" content=\"image\/png\" \/>\n<meta name=\"twitter:card\" content=\"summary_large_image\" \/>\n<meta name=\"twitter:site\" content=\"@talkpalai\" \/>\n<meta name=\"twitter:label1\" content=\"Est. reading time\" \/>\n\t<meta name=\"twitter:data1\" content=\"2 minuti\" \/>\n<script type=\"application\/ld+json\" class=\"yoast-schema-graph\">{\"@context\":\"https:\/\/schema.org\",\"@graph\":[{\"@type\":\"WebPage\",\"@id\":\"https:\/\/talkpal.ai\/sl\/indonezijska-slovnica\/\",\"url\":\"https:\/\/talkpal.ai\/sl\/indonezijska-slovnica\/\",\"name\":\"Indonezijska slovnica - Talkpal\",\"isPartOf\":{\"@id\":\"https:\/\/talkpal.ai\/sl\/#website\"},\"primaryImageOfPage\":{\"@id\":\"https:\/\/talkpal.ai\/sl\/indonezijska-slovnica\/#primaryimage\"},\"image\":{\"@id\":\"https:\/\/talkpal.ai\/sl\/indonezijska-slovnica\/#primaryimage\"},\"thumbnailUrl\":\"https:\/\/talkpal.ai\/wp-content\/uploads\/2023\/05\/indonesia.png\",\"datePublished\":\"2023-05-14T14:09:29+00:00\",\"dateModified\":\"2025-12-13T15:42:00+00:00\",\"description\":\"Brez te\u017eav osvojite indonezijsko slovnico z aplikacijo za u\u010denje jezikov z umetno inteligenco Talkpal. samozavestno komuniciranje z uporabo Talkpalz vodenjem, ki ga poganja umetna inteligenca.\",\"breadcrumb\":{\"@id\":\"https:\/\/talkpal.ai\/sl\/indonezijska-slovnica\/#breadcrumb\"},\"inLanguage\":\"sl-SI\",\"potentialAction\":[{\"@type\":\"ReadAction\",\"target\":[\"https:\/\/talkpal.ai\/sl\/indonezijska-slovnica\/\"]}]},{\"@type\":\"ImageObject\",\"inLanguage\":\"sl-SI\",\"@id\":\"https:\/\/talkpal.ai\/sl\/indonezijska-slovnica\/#primaryimage\",\"url\":\"https:\/\/talkpal.ai\/wp-content\/uploads\/2023\/05\/indonesia.png\",\"contentUrl\":\"https:\/\/talkpal.ai\/wp-content\/uploads\/2023\/05\/indonesia.png\",\"width\":512,\"height\":512},{\"@type\":\"BreadcrumbList\",\"@id\":\"https:\/\/talkpal.ai\/sl\/indonezijska-slovnica\/#breadcrumb\",\"itemListElement\":[{\"@type\":\"ListItem\",\"position\":1,\"name\":\"Homepage\",\"item\":\"https:\/\/talkpal.ai\/sl\/\"},{\"@type\":\"ListItem\",\"position\":2,\"name\":\"Indonezijska slovnica\"}]},{\"@type\":\"WebSite\",\"@id\":\"https:\/\/talkpal.ai\/sl\/#website\",\"url\":\"https:\/\/talkpal.ai\/sl\/\",\"name\":\"Talkpal\",\"description\":\"AI Language Learning\",\"publisher\":{\"@id\":\"https:\/\/talkpal.ai\/sl\/#organization\"},\"alternateName\":\"Talkpal AI\",\"potentialAction\":[{\"@type\":\"SearchAction\",\"target\":{\"@type\":\"EntryPoint\",\"urlTemplate\":\"https:\/\/talkpal.ai\/sl\/?s={search_term_string}\"},\"query-input\":{\"@type\":\"PropertyValueSpecification\",\"valueRequired\":true,\"valueName\":\"search_term_string\"}}],\"inLanguage\":\"sl-SI\"},{\"@type\":\"Organization\",\"@id\":\"https:\/\/talkpal.ai\/sl\/#organization\",\"name\":\"Talkpal, Inc.\",\"alternateName\":\"Talkpal AI\",\"url\":\"https:\/\/talkpal.ai\/sl\/\",\"logo\":{\"@type\":\"ImageObject\",\"inLanguage\":\"sl-SI\",\"@id\":\"https:\/\/talkpal.ai\/sl\/#\/schema\/logo\/image\/\",\"url\":\"https:\/\/talkpal.ai\/wp-content\/uploads\/2024\/03\/Talkpal-Logo-Icon.png\",\"contentUrl\":\"https:\/\/talkpal.ai\/wp-content\/uploads\/2024\/03\/Talkpal-Logo-Icon.png\",\"width\":2880,\"height\":2880,\"caption\":\"Talkpal, Inc.\"},\"image\":{\"@id\":\"https:\/\/talkpal.ai\/sl\/#\/schema\/logo\/image\/\"},\"sameAs\":[\"https:\/\/www.facebook.com\/profile.php?id=100090733639311\",\"https:\/\/x.com\/talkpalai\",\"https:\/\/www.linkedin.com\/company\/talkpal\/\",\"https:\/\/www.youtube.com\/@TalkPal\/\",\"https:\/\/www.tiktok.com\/@talkpal\",\"https:\/\/www.instagram.com\/talkpal_ai\/\",\"https:\/\/www.crunchbase.com\/organization\/talkpal-9cde\",\"https:\/\/www.g2.com\/products\/talkpal-for-business\/\",\"https:\/\/www.trustpilot.com\/review\/talkpal.ai\",\"https:\/\/www.capterra.com\/p\/10006800\/TalkPal\/\"],\"description\":\"Talkpal is a language learning web and mobile education app, powered by the latest AI technologies, that provides engaging experiences to its customers in many different languages to help them improve their language skills. Users can chat about unlimited amount of topics with the app and use other modes to practice their language learning.\",\"email\":\"support@talkpal.ai\",\"legalName\":\"Talkpal, Inc.\",\"foundingDate\":\"2023-04-03\",\"duns\":\"118989042\",\"numberOfEmployees\":{\"@type\":\"QuantitativeValue\",\"minValue\":\"11\",\"maxValue\":\"50\"},\"publishingPrinciples\":\"https:\/\/talkpal.ai\/publishing-principles\/\",\"actionableFeedbackPolicy\":\"https:\/\/talkpal.ai\/actionable-feedback-policy\/\",\"correctionsPolicy\":\"https:\/\/talkpal.ai\/corrections-policy\/\",\"ethicsPolicy\":\"https:\/\/talkpal.ai\/ethics-policy\/\",\"diversityPolicy\":\"https:\/\/talkpal.ai\/diversity-policy\/\",\"diversityStaffingReport\":\"https:\/\/talkpal.ai\/diversity-policy\/\"}]}<\/script>\n<!-- \/ Yoast SEO Premium plugin. -->","yoast_head_json":{"title":"Indonezijska slovnica - Talkpal","description":"Brez te\u017eav osvojite indonezijsko slovnico z aplikacijo za u\u010denje jezikov z umetno inteligenco Talkpal. samozavestno komuniciranje z uporabo Talkpalz vodenjem, ki ga poganja umetna inteligenca.","robots":{"index":"index","follow":"follow","max-snippet":"max-snippet:-1","max-image-preview":"max-image-preview:large","max-video-preview":"max-video-preview:-1"},"canonical":"https:\/\/talkpal.ai\/sl\/indonezijska-slovnica\/","og_locale":"sl_SI","og_type":"article","og_title":"Indonezijska slovnica","og_description":"\u010cude\u017ei indonezijske slovnice: vodnik za u\u010dence jezikov Indonezijska slovnica - preprosta, a elegantna, prijazna, a zanimiva, dostopna, a navdu\u0161ujo\u010da. Ko","og_url":"https:\/\/talkpal.ai\/sl\/indonezijska-slovnica\/","og_site_name":"Talkpal","article_publisher":"https:\/\/www.facebook.com\/profile.php?id=100090733639311","article_modified_time":"2025-12-13T15:42:00+00:00","og_image":[{"width":512,"height":512,"url":"https:\/\/talkpal.ai\/wp-content\/uploads\/2023\/05\/indonesia.png","type":"image\/png"}],"twitter_card":"summary_large_image","twitter_site":"@talkpalai","twitter_misc":{"Est. reading time":"2 minuti"},"schema":{"@context":"https:\/\/schema.org","@graph":[{"@type":"WebPage","@id":"https:\/\/talkpal.ai\/sl\/indonezijska-slovnica\/","url":"https:\/\/talkpal.ai\/sl\/indonezijska-slovnica\/","name":"Indonezijska slovnica - Talkpal","isPartOf":{"@id":"https:\/\/talkpal.ai\/sl\/#website"},"primaryImageOfPage":{"@id":"https:\/\/talkpal.ai\/sl\/indonezijska-slovnica\/#primaryimage"},"image":{"@id":"https:\/\/talkpal.ai\/sl\/indonezijska-slovnica\/#primaryimage"},"thumbnailUrl":"https:\/\/talkpal.ai\/wp-content\/uploads\/2023\/05\/indonesia.png","datePublished":"2023-05-14T14:09:29+00:00","dateModified":"2025-12-13T15:42:00+00:00","description":"Brez te\u017eav osvojite indonezijsko slovnico z aplikacijo za u\u010denje jezikov z umetno inteligenco Talkpal. samozavestno komuniciranje z uporabo Talkpalz vodenjem, ki ga poganja umetna inteligenca.","breadcrumb":{"@id":"https:\/\/talkpal.ai\/sl\/indonezijska-slovnica\/#breadcrumb"},"inLanguage":"sl-SI","potentialAction":[{"@type":"ReadAction","target":["https:\/\/talkpal.ai\/sl\/indonezijska-slovnica\/"]}]},{"@type":"ImageObject","inLanguage":"sl-SI","@id":"https:\/\/talkpal.ai\/sl\/indonezijska-slovnica\/#primaryimage","url":"https:\/\/talkpal.ai\/wp-content\/uploads\/2023\/05\/indonesia.png","contentUrl":"https:\/\/talkpal.ai\/wp-content\/uploads\/2023\/05\/indonesia.png","width":512,"height":512},{"@type":"BreadcrumbList","@id":"https:\/\/talkpal.ai\/sl\/indonezijska-slovnica\/#breadcrumb","itemListElement":[{"@type":"ListItem","position":1,"name":"Homepage","item":"https:\/\/talkpal.ai\/sl\/"},{"@type":"ListItem","position":2,"name":"Indonezijska slovnica"}]},{"@type":"WebSite","@id":"https:\/\/talkpal.ai\/sl\/#website","url":"https:\/\/talkpal.ai\/sl\/","name":"Talkpal","description":"AI Language Learning","publisher":{"@id":"https:\/\/talkpal.ai\/sl\/#organization"},"alternateName":"Talkpal AI","potentialAction":[{"@type":"SearchAction","target":{"@type":"EntryPoint","urlTemplate":"https:\/\/talkpal.ai\/sl\/?s={search_term_string}"},"query-input":{"@type":"PropertyValueSpecification","valueRequired":true,"valueName":"search_term_string"}}],"inLanguage":"sl-SI"},{"@type":"Organization","@id":"https:\/\/talkpal.ai\/sl\/#organization","name":"Talkpal, Inc.","alternateName":"Talkpal AI","url":"https:\/\/talkpal.ai\/sl\/","logo":{"@type":"ImageObject","inLanguage":"sl-SI","@id":"https:\/\/talkpal.ai\/sl\/#\/schema\/logo\/image\/","url":"https:\/\/talkpal.ai\/wp-content\/uploads\/2024\/03\/Talkpal-Logo-Icon.png","contentUrl":"https:\/\/talkpal.ai\/wp-content\/uploads\/2024\/03\/Talkpal-Logo-Icon.png","width":2880,"height":2880,"caption":"Talkpal, Inc."},"image":{"@id":"https:\/\/talkpal.ai\/sl\/#\/schema\/logo\/image\/"},"sameAs":["https:\/\/www.facebook.com\/profile.php?id=100090733639311","https:\/\/x.com\/talkpalai","https:\/\/www.linkedin.com\/company\/talkpal\/","https:\/\/www.youtube.com\/@TalkPal\/","https:\/\/www.tiktok.com\/@talkpal","https:\/\/www.instagram.com\/talkpal_ai\/","https:\/\/www.crunchbase.com\/organization\/talkpal-9cde","https:\/\/www.g2.com\/products\/talkpal-for-business\/","https:\/\/www.trustpilot.com\/review\/talkpal.ai","https:\/\/www.capterra.com\/p\/10006800\/TalkPal\/"],"description":"Talkpal is a language learning web and mobile education app, powered by the latest AI technologies, that provides engaging experiences to its customers in many different languages to help them improve their language skills. Users can chat about unlimited amount of topics with the app and use other modes to practice their language learning.","email":"support@talkpal.ai","legalName":"Talkpal, Inc.","foundingDate":"2023-04-03","duns":"118989042","numberOfEmployees":{"@type":"QuantitativeValue","minValue":"11","maxValue":"50"},"publishingPrinciples":"https:\/\/talkpal.ai\/publishing-principles\/","actionableFeedbackPolicy":"https:\/\/talkpal.ai\/actionable-feedback-policy\/","correctionsPolicy":"https:\/\/talkpal.ai\/corrections-policy\/","ethicsPolicy":"https:\/\/talkpal.ai\/ethics-policy\/","diversityPolicy":"https:\/\/talkpal.ai\/diversity-policy\/","diversityStaffingReport":"https:\/\/talkpal.ai\/diversity-policy\/"}]}},"_links":{"self":[{"href":"https:\/\/talkpal.ai\/sl\/wp-json\/wp\/v2\/pages\/145123","targetHints":{"allow":["GET"]}}],"collection":[{"href":"https:\/\/talkpal.ai\/sl\/wp-json\/wp\/v2\/pages"}],"about":[{"href":"https:\/\/talkpal.ai\/sl\/wp-json\/wp\/v2\/types\/page"}],"author":[{"embeddable":true,"href":"https:\/\/talkpal.ai\/sl\/wp-json\/wp\/v2\/users\/1"}],"replies":[{"embeddable":true,"href":"https:\/\/talkpal.ai\/sl\/wp-json\/wp\/v2\/comments?post=145123"}],"version-history":[{"count":0,"href":"https:\/\/talkpal.ai\/sl\/wp-json\/wp\/v2\/pages\/145123\/revisions"}],"wp:featuredmedia":[{"embeddable":true,"href":"https:\/\/talkpal.ai\/sl\/wp-json\/wp\/v2\/media\/113906"}],"wp:attachment":[{"href":"https:\/\/talkpal.ai\/sl\/wp-json\/wp\/v2\/media?parent=145123"}],"curies":[{"name":"wp","href":"https:\/\/api.w.org\/{rel}","templated":true}]}}