{"id":144822,"date":"2023-05-14T14:09:11","date_gmt":"2023-05-14T14:09:11","guid":{"rendered":"http:\/\/talkpal.ai\/islandska-slovnica\/"},"modified":"2025-12-12T10:35:14","modified_gmt":"2025-12-12T10:35:14","slug":"islandska-slovnica","status":"publish","type":"page","link":"https:\/\/talkpal.ai\/sl\/islandska-slovnica\/","title":{"rendered":"Islandska slovnica"},"content":{"rendered":"\r\n\r\n\r\n<section class=\"languageChallengeSection\">\r\n    <div class=\"languageInfoWrapper\">\r\n        \r\n        <h1>Islandska slovnica<\/h1>\r\n        <p>Spoznajte fascinantno strukturo island\u0161\u010dine in se nau\u010dite njenih temeljnih slovni\u010dnih pravil. Osvojitev islandske slovnice vam bo pomagala pri u\u010dinkovitem sporazumevanju in globlji povezanosti z edinstveno kulturo in zgodovino Islandije. Za\u010dnite se u\u010diti islandsko slovnico danes in naredite prvi korak k teko\u010demu znanju!<\/p>\r\n\r\n                            <a class=\"getStartedHidden\" href=\"https:\/\/app.talkpal.ai\/sl\/signup?lng=\">Za\u010dni<\/a>\r\n        \r\n    <\/div>\r\n\r\n    <figure>\r\n    <img decoding=\"async\" width=\"768\" height=\"768\" src=\"https:\/\/talkpal.ai\/wp-content\/uploads\/2023\/06\/Icelandic-768x768.png\" class=\"languageImage no-lazy\" alt=\"Language learning for better job opportunities\" fetchpriority=\"high\" sizes=\"(max-width: 768px) 150px, 768px\" srcset=\"https:\/\/talkpal.ai\/wp-content\/uploads\/2023\/06\/Icelandic-768x768.png 768w, https:\/\/talkpal.ai\/wp-content\/uploads\/2023\/06\/Icelandic-300x300.png 300w\" \/>\r\n    \r\n\r\n    <\/figure>\r\n\r\n            <a class=\"getStartedVisible\" href=\"https:\/\/app.talkpal.ai\/sl\/signup?lng=\">Za\u010dni<\/a>\r\n    \r\n<\/section>\r\n<section class=\"promotionalBanner\">\r\n    <p class=\"promotionalText\">Naju\u010dinkovitej\u0161i na\u010din u\u010denja jezika<\/p>\r\n    <a class=\"promotionalLink\" href=\"https:\/\/app.talkpal.ai\/sl\/signup?lng=\">Preizkusite Talkpal brezpla\u010dno<\/a>\r\n<\/section>\n<div class=\"wp-block-group pageContainerStyle\"><div class=\"wp-block-group__inner-container is-layout-constrained wp-block-group-is-layout-constrained\">\n<h2 class=\"wp-block-heading\" id=\"h-the-magic-of-icelandic-grammar-unlocking-the-secrets-of-the-viking-tongue\">Magija islandske slovnice: odklepanje skrivnosti vikin\u0161kega jezika<\/h2>\n\n\n\n<h3 class=\"wp-block-heading\" id=\"h-introduction-icelandic-the-land-of-fire-and-ice\">Uvod: Islandija, de\u017eela ognja in ledu<\/h3>\n\n\n\n<p><a href=\"https:\/\/talkpal.ai\/hr\/ucenje-islandskog-jezika\/\">Islandski jezik<\/a>, ki ga govorijo ljudje osupljive islandske oto\u0161ke dr\u017eave, je znan po svoji bogati zgodovini, o\u010darljivi pesni\u0161ki tradiciji in izjemni sposobnosti prilagajanja in razvoja s \u010dasom. <a href=\"https:\/\/talkpal.ai\/learn-icelandic\/\">Island\u0161\u010dina<\/a>, ki izvira iz stare nordij\u0161\u010dine, ima poseben \u010dar, ki navdu\u0161uje ljubitelje jezika in ambiciozne poliglote. Torej, pritrdite varnostne pasove, ljudje! Potopili se bomo v \u010dudoviti in zapleteni svet islandske slovnice, razvozlali njene skrivnosti in odkrivali skrite zaklade.<\/p>\n\n\n\n<h3 class=\"wp-block-heading\" id=\"h-1-runic-scripts-to-latin-alphabet-a-story-of-transformation\">1. Runske pisave v latinico: zgodba o preobrazbi<\/h3>\n\n\n\n<p>Islandska abeceda je <a href=\"https:\/\/talkpal.ai\/locations\/language-courses-in-sama\/\">sama<\/a> po sebi pustolov\u0161\u010dina, sestavljena iz 32 znakov, ki izvirajo iz razli\u010dnih zgodovinskih korenin. Abeceda temelji predvsem na latinici, vendar je v njej ohranjenih nekaj zna\u010dilnih znakov iz runi\u0161ke pisave njenih starodavnih nordijskih prednikov. Osvojitev teh znakov je prva ovira pri u\u010denju jezika, vendar boste z vadbo v trenutku postali mojstri!<\/p>\n\n\n\n<h3 class=\"wp-block-heading\" id=\"h-2-noun-mastery-getting-to-the-roots-of-icelandic-grammar\">2. Samostalni\u0161ko mojstrstvo: pridobivanje korenin islandske slovnice<\/h3>\n\n\n\n<p><a href=\"https:\/\/talkpal.ai\/locations\/language-courses-in-ena\/\">Ena<\/a> od temeljnih zna\u010dilnosti islandske slovnice je preklapljanje samostalnikov po spolu, \u0161tevilu in primerih. <a href=\"https:\/\/talkpal.ai\/learn-icelandic\/\">Islandski<\/a> samostalniki so lahko \u017eenski, mo\u0161ki ali srednjeve\u0161ki, vsak spol pa ima svoj edinstven nabor pravil za deklinacijo. \u010ceprav se to morda zdi kot jezikovna vo\u017enja z vlakcem smrti, je razumevanje teh zapletenosti bistveno za razumevanje jezika kot celote. Znanje, ki ga boste pridobili, vam bo odprlo svet mo\u017enosti za izra\u017eanje razli\u010dnih subtilnih in zapletenih pomenov &#8211; pravo bogastvo islandske slovnice!<\/p>\n\n\n\n<h3 class=\"wp-block-heading\" id=\"h-3-the-mighty-verb-icelandic-s-unsung-hero\">3. Mogo\u010dni glagol: islandski nesojeni junak<\/h3>\n\n\n\n<p>Tako kot samostalniki se tudi islandski glagoli obse\u017eno preoblikujejo glede na \u010das, razpolo\u017eenje ter osebo in \u0161tevilo predmeta. Ta zapleten sistem je lahko sprva zastra\u0161ujo\u010d, vendar bodite z mano! Ko se boste nau\u010dili pravilnih vzorcev in nepravilnih posebnosti, boste spoznali, kako elegantna in vsestranska je lahko islandska glagolska sklanjatev. Osvajanje islandskih glagolov bo sprostilo mo\u010d za natan\u010dno in ustvarjalno izra\u017eanje misli, ob\u010dutkov in dejanj.<\/p>\n\n\n\n<h3 class=\"wp-block-heading\" id=\"h-4-word-order-icelandic-s-flexible-backbone\">4. Besedni red: Islandski besedni red: fleksibilna hrbtenica islandskega jezika<\/h3>\n\n\n\n<p>V nasprotju s togostjo nekaterih elementov islandske slovnice jezik ponuja fleksibilnost pri razvr\u0161\u010danju besed. To pomeni, da lahko predmet, glagol in predmet postavite v razli\u010dne oblike, \u010de ohranite skladnost v spolu, \u0161tevilu, primerih in \u0161e ve\u010d &#8211; tako boste sprostili umetnika v sebi! Prilagajanje stavkov na ta igriv na\u010din lahko pomaga ustvariti poudarek, nianse in pogovorni ton, zaradi \u010desar bo va\u0161 govor bolj privla\u010den in prijeten.<\/p>\n\n\n\n<h3 class=\"wp-block-heading\" id=\"h-5-embrace-the-culture-discover-the-pulse-of-the-icelandic-language\">5. Sprejmite kulturo: odkrijte utrip islandskega jezika<\/h3>\n\n\n\n<p>Islandskega jezika ni mogo\u010de lo\u010diti od njegovih kulturnih korenin, saj je mo\u010dno povezan s sagami, Eddami ter edinstveno zgodovino in svetovnim nazorom naroda. \u010ce se \u017eelite resni\u010dno potopiti v jezik, z vsem srcem sprejmite njegov kontekst. Potopite se v njeno folkloro, po\u017erite njene literarne zaklade in sodelujte z doma\u010dimi govorci. Ta pristop je klju\u010dnega pomena za doseganje jezikovnega znanja in tesnej\u0161e povezave z islandskim ljudstvom in njegovo bogato kulturno dedi\u0161\u010dino.<\/p>\n\n\n\n<h3 class=\"wp-block-heading\" id=\"h-conclusion-an-icelandic-grammar-journey-worth-taking\">Zaklju\u010dek: Potovanje po islandski slovnici, ki ga je vredno opraviti<\/h3>\n\n\n\n<p>\u010ceprav se <a href=\"https:\/\/talkpal.ai\/icelandic-grammar\/\">islandska slovnica<\/a> morda zdi velik izziv, je nagrad za tiste, ki se odlo\u010dijo, obilno. Z vztrajnostjo, velikim zanimanjem za kulturo in veliko mero radovednosti vas bodo o\u010darale zapletenosti islandskega jezika. Zato se nam pridru\u017eite v tej pustolov\u0161\u010dini in odkrijte \u010darobnost islandske slovnice, korak za korakom.<\/p>\n<\/div><\/div>\n\r\n<section class=\"learnNavigationSection\">\r\n            \r\n        <a href=\"https:\/\/talkpal.ai\/sl\/naucite-se-islandscine\/\">\r\n            <div class=\"learnNavigationWrapper\">\r\n                <div class=\"learnNavigationContent\">\r\n                    <img decoding=\"async\" src=\"https:\/\/talkpal.ai\/wp-content\/uploads\/2024\/08\/Icelandic.jpg\" alt=\"Iceland Flag\">\r\n                    <div>\r\n                        <h4>O u\u010denju island\u0161\u010dine<\/h4>\r\n                        <p>Izvedite vse o islandski slovnici.<\/p>\r\n                    <\/div>\r\n                <\/div>\r\n            <\/div>\r\n        <\/a>\r\n\r\n        \r\n        <a href=\"https:\/\/talkpal.ai\/sl\/islandske-slovnicne-vaje\/\">\r\n            <div class=\"learnNavigationWrapper\">\r\n                <div class=\"learnNavigationContent\">\r\n                    <img decoding=\"async\" src=\"https:\/\/talkpal.ai\/wp-content\/uploads\/2024\/08\/Icelandic.jpg\" alt=\"Iceland Flag\">\r\n                    <div>\r\n                        <h4>Vaja iz islandske slovnice<\/h4>\r\n                        <p>Vadite islandsko slovnico.<\/p>\r\n                    <\/div>\r\n                <\/div>\r\n            <\/div>\r\n        <\/a>\r\n\r\n        \r\n        <a href=\"https:\/\/talkpal.ai\/vocabulary_language\/icelandic\/\">\r\n            <div class=\"learnNavigationWrapper\">\r\n                <div class=\"learnNavigationContent\">\r\n                    <img decoding=\"async\" src=\"https:\/\/talkpal.ai\/wp-content\/uploads\/2024\/08\/Icelandic.jpg\" alt=\"Iceland Flag\">\r\n                    <div>\r\n                        <h4>Islandski besednjak<\/h4>\r\n                        <p>Raz\u0161irite svoj islandski besedni zaklad.<\/p>\r\n                    <\/div>\r\n                <\/div>\r\n            <\/div>\r\n        <\/a>\r\n\r\n            <\/section>","protected":false},"excerpt":{"rendered":"<p>Magija islandske slovnice: odklepanje skrivnosti vikin\u0161kega jezika Uvod: Islandija, de\u017eela ognja in ledu Islandski jezik, ki ga govorijo ljudje osupljive islandske oto\u0161ke dr\u017eave, je znan po svoji bogati zgodovini, o\u010darljivi pesni\u0161ki tradiciji in izjemni sposobnosti prilagajanja in razvoja s \u010dasom. Island\u0161\u010dina, ki izvira iz stare nordij\u0161\u010dine, ima poseben \u010dar, ki navdu\u0161uje ljubitelje jezika in ambiciozne [&hellip;]<\/p>\n","protected":false},"author":1,"featured_media":113385,"parent":0,"menu_order":0,"comment_status":"closed","ping_status":"closed","template":"LearningContentPage.php","meta":{"_acf_changed":false,"footnotes":""},"class_list":["post-144822","page","type-page","status-publish","has-post-thumbnail","hentry"],"acf":[],"yoast_head":"<!-- This site is optimized with the Yoast SEO Premium plugin v27.2 (Yoast SEO v27.2) - https:\/\/yoast.com\/product\/yoast-seo-premium-wordpress\/ -->\n<title>Islandska slovnica - Talkpal<\/title>\n<meta name=\"description\" content=\"Jasno se nau\u010dite islandske slovnice - razumite klju\u010dna slovni\u010dna pravila, oblikujte pravilne stavke in hitro pove\u010dajte samozavest z uporabo Talkpallekcij z umetno inteligenco.\" \/>\n<meta name=\"robots\" content=\"index, follow, max-snippet:-1, max-image-preview:large, max-video-preview:-1\" \/>\n<link rel=\"canonical\" href=\"https:\/\/talkpal.ai\/sl\/islandska-slovnica\/\" \/>\n<meta property=\"og:locale\" content=\"sl_SI\" \/>\n<meta property=\"og:type\" content=\"article\" \/>\n<meta property=\"og:title\" content=\"Islandska slovnica\" \/>\n<meta property=\"og:description\" content=\"Magija islandske slovnice: odklepanje skrivnosti vikin\u0161kega jezika Uvod: Islandija, de\u017eela ognja in ledu Islandski jezik, ki ga govorijo ljudje osupljive\" \/>\n<meta property=\"og:url\" content=\"https:\/\/talkpal.ai\/sl\/islandska-slovnica\/\" \/>\n<meta property=\"og:site_name\" content=\"Talkpal\" \/>\n<meta property=\"article:publisher\" content=\"https:\/\/www.facebook.com\/profile.php?id=100090733639311\" \/>\n<meta property=\"article:modified_time\" content=\"2025-12-12T10:35:14+00:00\" \/>\n<meta property=\"og:image\" content=\"https:\/\/talkpal.ai\/wp-content\/uploads\/2023\/05\/iceland.png\" \/>\n\t<meta property=\"og:image:width\" content=\"512\" \/>\n\t<meta property=\"og:image:height\" content=\"512\" \/>\n\t<meta property=\"og:image:type\" content=\"image\/png\" \/>\n<meta name=\"twitter:card\" content=\"summary_large_image\" \/>\n<meta name=\"twitter:site\" content=\"@talkpalai\" \/>\n<meta name=\"twitter:label1\" content=\"Est. reading time\" \/>\n\t<meta name=\"twitter:data1\" content=\"3 minute\" \/>\n<script type=\"application\/ld+json\" class=\"yoast-schema-graph\">{\"@context\":\"https:\/\/schema.org\",\"@graph\":[{\"@type\":\"WebPage\",\"@id\":\"https:\/\/talkpal.ai\/sl\/islandska-slovnica\/\",\"url\":\"https:\/\/talkpal.ai\/sl\/islandska-slovnica\/\",\"name\":\"Islandska slovnica - Talkpal\",\"isPartOf\":{\"@id\":\"https:\/\/talkpal.ai\/sl\/#website\"},\"primaryImageOfPage\":{\"@id\":\"https:\/\/talkpal.ai\/sl\/islandska-slovnica\/#primaryimage\"},\"image\":{\"@id\":\"https:\/\/talkpal.ai\/sl\/islandska-slovnica\/#primaryimage\"},\"thumbnailUrl\":\"https:\/\/talkpal.ai\/wp-content\/uploads\/2023\/05\/iceland.png\",\"datePublished\":\"2023-05-14T14:09:11+00:00\",\"dateModified\":\"2025-12-12T10:35:14+00:00\",\"description\":\"Jasno se nau\u010dite islandske slovnice - razumite klju\u010dna slovni\u010dna pravila, oblikujte pravilne stavke in hitro pove\u010dajte samozavest z uporabo Talkpallekcij z umetno inteligenco.\",\"breadcrumb\":{\"@id\":\"https:\/\/talkpal.ai\/sl\/islandska-slovnica\/#breadcrumb\"},\"inLanguage\":\"sl-SI\",\"potentialAction\":[{\"@type\":\"ReadAction\",\"target\":[\"https:\/\/talkpal.ai\/sl\/islandska-slovnica\/\"]}]},{\"@type\":\"ImageObject\",\"inLanguage\":\"sl-SI\",\"@id\":\"https:\/\/talkpal.ai\/sl\/islandska-slovnica\/#primaryimage\",\"url\":\"https:\/\/talkpal.ai\/wp-content\/uploads\/2023\/05\/iceland.png\",\"contentUrl\":\"https:\/\/talkpal.ai\/wp-content\/uploads\/2023\/05\/iceland.png\",\"width\":512,\"height\":512},{\"@type\":\"BreadcrumbList\",\"@id\":\"https:\/\/talkpal.ai\/sl\/islandska-slovnica\/#breadcrumb\",\"itemListElement\":[{\"@type\":\"ListItem\",\"position\":1,\"name\":\"Homepage\",\"item\":\"https:\/\/talkpal.ai\/sl\/\"},{\"@type\":\"ListItem\",\"position\":2,\"name\":\"Islandska slovnica\"}]},{\"@type\":\"WebSite\",\"@id\":\"https:\/\/talkpal.ai\/sl\/#website\",\"url\":\"https:\/\/talkpal.ai\/sl\/\",\"name\":\"Talkpal\",\"description\":\"AI Language Learning\",\"publisher\":{\"@id\":\"https:\/\/talkpal.ai\/sl\/#organization\"},\"alternateName\":\"Talkpal AI\",\"potentialAction\":[{\"@type\":\"SearchAction\",\"target\":{\"@type\":\"EntryPoint\",\"urlTemplate\":\"https:\/\/talkpal.ai\/sl\/?s={search_term_string}\"},\"query-input\":{\"@type\":\"PropertyValueSpecification\",\"valueRequired\":true,\"valueName\":\"search_term_string\"}}],\"inLanguage\":\"sl-SI\"},{\"@type\":\"Organization\",\"@id\":\"https:\/\/talkpal.ai\/sl\/#organization\",\"name\":\"Talkpal, Inc.\",\"alternateName\":\"Talkpal AI\",\"url\":\"https:\/\/talkpal.ai\/sl\/\",\"logo\":{\"@type\":\"ImageObject\",\"inLanguage\":\"sl-SI\",\"@id\":\"https:\/\/talkpal.ai\/sl\/#\/schema\/logo\/image\/\",\"url\":\"https:\/\/talkpal.ai\/wp-content\/uploads\/2024\/03\/Talkpal-Logo-Icon.png\",\"contentUrl\":\"https:\/\/talkpal.ai\/wp-content\/uploads\/2024\/03\/Talkpal-Logo-Icon.png\",\"width\":2880,\"height\":2880,\"caption\":\"Talkpal, Inc.\"},\"image\":{\"@id\":\"https:\/\/talkpal.ai\/sl\/#\/schema\/logo\/image\/\"},\"sameAs\":[\"https:\/\/www.facebook.com\/profile.php?id=100090733639311\",\"https:\/\/x.com\/talkpalai\",\"https:\/\/www.linkedin.com\/company\/talkpal\/\",\"https:\/\/www.youtube.com\/@TalkPal\/\",\"https:\/\/www.tiktok.com\/@talkpal\",\"https:\/\/www.instagram.com\/talkpal_ai\/\",\"https:\/\/www.crunchbase.com\/organization\/talkpal-9cde\",\"https:\/\/www.g2.com\/products\/talkpal-for-business\/\",\"https:\/\/www.trustpilot.com\/review\/talkpal.ai\",\"https:\/\/www.capterra.com\/p\/10006800\/TalkPal\/\"],\"description\":\"Talkpal is a language learning web and mobile education app, powered by the latest AI technologies, that provides engaging experiences to its customers in many different languages to help them improve their language skills. Users can chat about unlimited amount of topics with the app and use other modes to practice their language learning.\",\"email\":\"support@talkpal.ai\",\"legalName\":\"Talkpal, Inc.\",\"foundingDate\":\"2023-04-03\",\"duns\":\"118989042\",\"numberOfEmployees\":{\"@type\":\"QuantitativeValue\",\"minValue\":\"11\",\"maxValue\":\"50\"},\"publishingPrinciples\":\"https:\/\/talkpal.ai\/publishing-principles\/\",\"actionableFeedbackPolicy\":\"https:\/\/talkpal.ai\/actionable-feedback-policy\/\",\"correctionsPolicy\":\"https:\/\/talkpal.ai\/corrections-policy\/\",\"ethicsPolicy\":\"https:\/\/talkpal.ai\/ethics-policy\/\",\"diversityPolicy\":\"https:\/\/talkpal.ai\/diversity-policy\/\",\"diversityStaffingReport\":\"https:\/\/talkpal.ai\/diversity-policy\/\"}]}<\/script>\n<!-- \/ Yoast SEO Premium plugin. -->","yoast_head_json":{"title":"Islandska slovnica - Talkpal","description":"Jasno se nau\u010dite islandske slovnice - razumite klju\u010dna slovni\u010dna pravila, oblikujte pravilne stavke in hitro pove\u010dajte samozavest z uporabo Talkpallekcij z umetno inteligenco.","robots":{"index":"index","follow":"follow","max-snippet":"max-snippet:-1","max-image-preview":"max-image-preview:large","max-video-preview":"max-video-preview:-1"},"canonical":"https:\/\/talkpal.ai\/sl\/islandska-slovnica\/","og_locale":"sl_SI","og_type":"article","og_title":"Islandska slovnica","og_description":"Magija islandske slovnice: odklepanje skrivnosti vikin\u0161kega jezika Uvod: Islandija, de\u017eela ognja in ledu Islandski jezik, ki ga govorijo ljudje osupljive","og_url":"https:\/\/talkpal.ai\/sl\/islandska-slovnica\/","og_site_name":"Talkpal","article_publisher":"https:\/\/www.facebook.com\/profile.php?id=100090733639311","article_modified_time":"2025-12-12T10:35:14+00:00","og_image":[{"width":512,"height":512,"url":"https:\/\/talkpal.ai\/wp-content\/uploads\/2023\/05\/iceland.png","type":"image\/png"}],"twitter_card":"summary_large_image","twitter_site":"@talkpalai","twitter_misc":{"Est. reading time":"3 minute"},"schema":{"@context":"https:\/\/schema.org","@graph":[{"@type":"WebPage","@id":"https:\/\/talkpal.ai\/sl\/islandska-slovnica\/","url":"https:\/\/talkpal.ai\/sl\/islandska-slovnica\/","name":"Islandska slovnica - Talkpal","isPartOf":{"@id":"https:\/\/talkpal.ai\/sl\/#website"},"primaryImageOfPage":{"@id":"https:\/\/talkpal.ai\/sl\/islandska-slovnica\/#primaryimage"},"image":{"@id":"https:\/\/talkpal.ai\/sl\/islandska-slovnica\/#primaryimage"},"thumbnailUrl":"https:\/\/talkpal.ai\/wp-content\/uploads\/2023\/05\/iceland.png","datePublished":"2023-05-14T14:09:11+00:00","dateModified":"2025-12-12T10:35:14+00:00","description":"Jasno se nau\u010dite islandske slovnice - razumite klju\u010dna slovni\u010dna pravila, oblikujte pravilne stavke in hitro pove\u010dajte samozavest z uporabo Talkpallekcij z umetno inteligenco.","breadcrumb":{"@id":"https:\/\/talkpal.ai\/sl\/islandska-slovnica\/#breadcrumb"},"inLanguage":"sl-SI","potentialAction":[{"@type":"ReadAction","target":["https:\/\/talkpal.ai\/sl\/islandska-slovnica\/"]}]},{"@type":"ImageObject","inLanguage":"sl-SI","@id":"https:\/\/talkpal.ai\/sl\/islandska-slovnica\/#primaryimage","url":"https:\/\/talkpal.ai\/wp-content\/uploads\/2023\/05\/iceland.png","contentUrl":"https:\/\/talkpal.ai\/wp-content\/uploads\/2023\/05\/iceland.png","width":512,"height":512},{"@type":"BreadcrumbList","@id":"https:\/\/talkpal.ai\/sl\/islandska-slovnica\/#breadcrumb","itemListElement":[{"@type":"ListItem","position":1,"name":"Homepage","item":"https:\/\/talkpal.ai\/sl\/"},{"@type":"ListItem","position":2,"name":"Islandska slovnica"}]},{"@type":"WebSite","@id":"https:\/\/talkpal.ai\/sl\/#website","url":"https:\/\/talkpal.ai\/sl\/","name":"Talkpal","description":"AI Language Learning","publisher":{"@id":"https:\/\/talkpal.ai\/sl\/#organization"},"alternateName":"Talkpal AI","potentialAction":[{"@type":"SearchAction","target":{"@type":"EntryPoint","urlTemplate":"https:\/\/talkpal.ai\/sl\/?s={search_term_string}"},"query-input":{"@type":"PropertyValueSpecification","valueRequired":true,"valueName":"search_term_string"}}],"inLanguage":"sl-SI"},{"@type":"Organization","@id":"https:\/\/talkpal.ai\/sl\/#organization","name":"Talkpal, Inc.","alternateName":"Talkpal AI","url":"https:\/\/talkpal.ai\/sl\/","logo":{"@type":"ImageObject","inLanguage":"sl-SI","@id":"https:\/\/talkpal.ai\/sl\/#\/schema\/logo\/image\/","url":"https:\/\/talkpal.ai\/wp-content\/uploads\/2024\/03\/Talkpal-Logo-Icon.png","contentUrl":"https:\/\/talkpal.ai\/wp-content\/uploads\/2024\/03\/Talkpal-Logo-Icon.png","width":2880,"height":2880,"caption":"Talkpal, Inc."},"image":{"@id":"https:\/\/talkpal.ai\/sl\/#\/schema\/logo\/image\/"},"sameAs":["https:\/\/www.facebook.com\/profile.php?id=100090733639311","https:\/\/x.com\/talkpalai","https:\/\/www.linkedin.com\/company\/talkpal\/","https:\/\/www.youtube.com\/@TalkPal\/","https:\/\/www.tiktok.com\/@talkpal","https:\/\/www.instagram.com\/talkpal_ai\/","https:\/\/www.crunchbase.com\/organization\/talkpal-9cde","https:\/\/www.g2.com\/products\/talkpal-for-business\/","https:\/\/www.trustpilot.com\/review\/talkpal.ai","https:\/\/www.capterra.com\/p\/10006800\/TalkPal\/"],"description":"Talkpal is a language learning web and mobile education app, powered by the latest AI technologies, that provides engaging experiences to its customers in many different languages to help them improve their language skills. Users can chat about unlimited amount of topics with the app and use other modes to practice their language learning.","email":"support@talkpal.ai","legalName":"Talkpal, Inc.","foundingDate":"2023-04-03","duns":"118989042","numberOfEmployees":{"@type":"QuantitativeValue","minValue":"11","maxValue":"50"},"publishingPrinciples":"https:\/\/talkpal.ai\/publishing-principles\/","actionableFeedbackPolicy":"https:\/\/talkpal.ai\/actionable-feedback-policy\/","correctionsPolicy":"https:\/\/talkpal.ai\/corrections-policy\/","ethicsPolicy":"https:\/\/talkpal.ai\/ethics-policy\/","diversityPolicy":"https:\/\/talkpal.ai\/diversity-policy\/","diversityStaffingReport":"https:\/\/talkpal.ai\/diversity-policy\/"}]}},"_links":{"self":[{"href":"https:\/\/talkpal.ai\/sl\/wp-json\/wp\/v2\/pages\/144822","targetHints":{"allow":["GET"]}}],"collection":[{"href":"https:\/\/talkpal.ai\/sl\/wp-json\/wp\/v2\/pages"}],"about":[{"href":"https:\/\/talkpal.ai\/sl\/wp-json\/wp\/v2\/types\/page"}],"author":[{"embeddable":true,"href":"https:\/\/talkpal.ai\/sl\/wp-json\/wp\/v2\/users\/1"}],"replies":[{"embeddable":true,"href":"https:\/\/talkpal.ai\/sl\/wp-json\/wp\/v2\/comments?post=144822"}],"version-history":[{"count":0,"href":"https:\/\/talkpal.ai\/sl\/wp-json\/wp\/v2\/pages\/144822\/revisions"}],"wp:featuredmedia":[{"embeddable":true,"href":"https:\/\/talkpal.ai\/sl\/wp-json\/wp\/v2\/media\/113385"}],"wp:attachment":[{"href":"https:\/\/talkpal.ai\/sl\/wp-json\/wp\/v2\/media?parent=144822"}],"curies":[{"name":"wp","href":"https:\/\/api.w.org\/{rel}","templated":true}]}}