{"id":144522,"date":"2023-05-14T14:08:53","date_gmt":"2023-05-14T14:08:53","guid":{"rendered":"http:\/\/talkpal.ai\/madzarska-slovnica\/"},"modified":"2025-12-12T10:35:13","modified_gmt":"2025-12-12T10:35:13","slug":"madzarska-slovnica","status":"publish","type":"page","link":"https:\/\/talkpal.ai\/sl\/madzarska-slovnica\/","title":{"rendered":"Mad\u017earska slovnica"},"content":{"rendered":"\r\n\r\n\r\n<section class=\"languageChallengeSection\">\r\n    <div class=\"languageInfoWrapper\">\r\n        \r\n        <h1>Mad\u017earska slovnica<\/h1>\r\n        <p>Ste pripravljeni sprejeti edinstven jezikovni izziv? Potopite se v mad\u017earsko slovnico in odkrijte njene izjemne zna\u010dilnosti. Za\u010dnite se u\u010diti \u0161e danes in odkrijte, kako vam obvladovanje mad\u017earske slovnice odpira vrata do smiselnih pogovorov in globokega spo\u0161tovanja bogate jezikovne dedi\u0161\u010dine Mad\u017earske!<\/p>\r\n\r\n                            <a class=\"getStartedHidden\" href=\"https:\/\/app.talkpal.ai\/sl\/signup?lng=\">Za\u010dni<\/a>\r\n        \r\n    <\/div>\r\n\r\n    <figure>\r\n    <img decoding=\"async\" width=\"768\" height=\"768\" src=\"https:\/\/talkpal.ai\/wp-content\/uploads\/2023\/06\/hungarian-768x768.png\" class=\"languageImage no-lazy\" alt=\"Language learning strategies for advanced learners\" fetchpriority=\"high\" sizes=\"(max-width: 768px) 150px, 768px\" srcset=\"https:\/\/talkpal.ai\/wp-content\/uploads\/2023\/06\/hungarian-768x768.png 768w, https:\/\/talkpal.ai\/wp-content\/uploads\/2023\/06\/hungarian-300x300.png 300w\" \/>\r\n    \r\n\r\n    <\/figure>\r\n\r\n            <a class=\"getStartedVisible\" href=\"https:\/\/app.talkpal.ai\/sl\/signup?lng=\">Za\u010dni<\/a>\r\n    \r\n<\/section>\r\n<section class=\"promotionalBanner\">\r\n    <p class=\"promotionalText\">Naju\u010dinkovitej\u0161i na\u010din u\u010denja jezika<\/p>\r\n    <a class=\"promotionalLink\" href=\"https:\/\/app.talkpal.ai\/sl\/signup?lng=\">Preizkusite Talkpal brezpla\u010dno<\/a>\r\n<\/section>\n<div class=\"wp-block-group pageContainerStyle\"><div class=\"wp-block-group__inner-container is-layout-constrained wp-block-group-is-layout-constrained\">\n<h2 class=\"wp-block-heading\" id=\"h-title-unlocking-the-secrets-of-hungarian-grammar\">Naslov: Odklepanje skrivnosti mad\u017earske slovnice<\/h2>\n\n\n\n<p>Mad\u017ear\u0161\u010dina, ugrofinski jezik, izstopa s svojim edinstvenim slovni\u010dnim sistemom, zaradi \u010desar je navdu\u0161ujo\u010d izziv za ljubitelje jezikov. U\u010denje <a href=\"https:\/\/talkpal.ai\/learn-hungarian\/\">mad\u017ear\u0161\u010dine<\/a> ne samo \u0161iri va\u0161e jezikovno znanje, temve\u010d vam omogo\u010da tudi, da se poglobite v o\u010darljivo kulturo in zgodovino Mad\u017earske. \u010ceprav se <a href=\"https:\/\/talkpal.ai\/hungarian-grammar\/\">mad\u017earska slovnica<\/a> na za\u010detku morda zdi zastra\u0161ujo\u010da, raz\u010dlenitev na obvladljive komponente naredi u\u010dni proces bolj dostopen. V tem \u010dlanku vam bomo predstavili zanimiv svet mad\u017earske slovnice in vam svetovali, kako obvladati njeno zapletenost.<\/p>\n\n\n\n<h3 class=\"wp-block-heading\" id=\"h-1-word-order-a-flexible-feature\">1. Vrstni red besed: prilagodljiva funkcija<\/h3>\n\n\n\n<p>Za razliko od mnogih drugih jezikov ima mad\u017ear\u0161\u010dina relativno prilagodljiv vrstni red besed. Medtem ko tipi\u010dni mad\u017earski stavek sledi vzorcu predmet-glagol-objekt (SVO), so pogosti tudi drugi besedni redi, ki se uporabljajo za poudarjanje razli\u010dnih delov stavka. Spoznavanje teh razli\u010dic vam bo omogo\u010dilo u\u010dinkovitej\u0161e razumevanje in konstruiranje mad\u017earskih stavkov.<\/p>\n\n\n\n<h3 class=\"wp-block-heading\" id=\"h-2-nouns-and-cases-the-role-of-suffixes\">2. Samostalniki in primeri: vloga pripon<\/h3>\n\n\n\n<p>Mad\u017earski samostalniki nimajo slovni\u010dnega spola, kar poenostavlja konstrukcijo stavkov. Vendar samostalniki in drugi deli govora v mad\u017earski slovnici uporabljajo obilico pripon za ozna\u010devanje primerov, posedovanja in pluralnosti. U\u010denje teh pripon in njihova uporaba bo mo\u010dno izbolj\u0161alo va\u0161o sposobnost sporazumevanja v mad\u017ear\u0161\u010dini.<\/p>\n\n\n\n<p>Primeri:<\/p>\n\n\n\n<p><strong>&#8211; h\u00e1z (hi\u0161a) &#8211; h\u00e1zak (hi\u0161e)<\/strong><\/p>\n\n\n\n<p><strong>&#8211; h\u00e1zban (v hi\u0161i) &#8211; h\u00e1zakban (v hi\u0161ah)<\/strong><\/p>\n\n\n\n<h3 class=\"wp-block-heading\" id=\"h-3-verbs-conjugation-and-tense\">3. Glagoli: konjugacija in \u010das<\/h3>\n\n\n\n<p>Mad\u017earski glagoli so konjugirani glede na \u010das, razpolo\u017eenje, subjekt in dolo\u010dnost. \u010ceprav je v mad\u017ear\u0161\u010dini ve\u010d \u010dasov, je dobro izhodi\u0161\u010de u\u010denje treh glavnih \u010dasov &#8211; sedanji, pretekli in prihodnji \u010das. Seznanite se z rednimi vzorci konjugacije glagolov in se nau\u010dite pogostih nepravilnih glagolov, da pove\u010date svoje verbalne komunikacijske sposobnosti.<\/p>\n\n\n\n<h3 class=\"wp-block-heading\" id=\"h-4-adjectives-agreement-and-placement\">4. Pridevniki: dogovor in namestitev<\/h3>\n\n\n\n<p>V mad\u017earski slovnici se morajo pridevniki ujemati s samostalnikom, ki ga spreminjajo v smislu \u0161tevila (ednina ali mno\u017eina). Vendar se pridevnikom za slovni\u010dne primere ni treba ujemati s samostalnikom. Pridevniki so obi\u010dajno pred samostalnikom, kar zagotavlja opisni kontekst za stavek.<\/p>\n\n\n\n<p>Primeri:<\/p>\n\n\n\n<p><strong>&#8211; piros alma (rde\u010de jabolko)<\/strong><\/p>\n\n\n\n<p><strong>&#8211; sz\u00e9p vir\u00e1gok (lepe ro\u017ee)<\/strong><\/p>\n\n\n\n<h3 class=\"wp-block-heading\" id=\"h-5-vowel-harmony-a-unique-feature\">5. Samoglasni\u0161ka harmonija: edinstvena zna\u010dilnost<\/h3>\n\n\n\n<p>Poseben vidik mad\u017earske slovnice je samoglasni\u0161ka harmonija, ki vklju\u010duje ujemanje samoglasnikov z besedami. Harmonija samoglasnikov vpliva na to, kako se pripone oblikujejo in pritrdijo na besede. Razumevanje in prakticiranje samoglasni\u0161ke harmonije bo va\u0161o pisno in govorjeno mad\u017ear\u0161\u010dino naredilo bolj natan\u010dno in naravno.<\/p>\n\n\n\n<h3 class=\"wp-block-heading\" id=\"h-6-engaging-with-the-language\">6. Sodelovanje z jezikom<\/h3>\n\n\n\n<p>Naju\u010dinkovitej\u0161i na\u010din za popolno razumevanje in internalizacijo mad\u017earske slovnice je dosledno sodelovanje z jezikom. Z branjem mad\u017earske literature, gledanjem doma\u010dih filmov ali aktivnim pogovorom z doma\u010dimi govorci boste okrepili svoje razumevanje slovnice, hkrati pa raz\u0161irili svoj besednjak.<\/p>\n\n\n\n<h3 class=\"wp-block-heading\" id=\"h-conclusion\">Zaklju\u010dek<\/h3>\n\n\n\n<p>\u010ceprav se mad\u017earska slovnica morda zdi zapletena, vam bo korak za korakom in dosledno prakticiranje pomagalo, da se boste nau\u010dili tega fascinantnega jezika. Sprejmite izziv, ko se boste podali na pot mad\u017earskega jezika, in kmalu boste samozavestno obvladali zapleteno slovnico mad\u017earskega jezika. Vesel \u0161tudij in u\u017eivajte v raziskovanju \u010dudes mad\u017earske slovnice!<\/p>\n<\/div><\/div>\n\r\n<section class=\"learnNavigationSection\">\r\n            \r\n        <a href=\"https:\/\/talkpal.ai\/sl\/naucite-se-madzarscine\/\">\r\n            <div class=\"learnNavigationWrapper\">\r\n                <div class=\"learnNavigationContent\">\r\n                    <img decoding=\"async\" src=\"https:\/\/talkpal.ai\/wp-content\/uploads\/2024\/08\/Hungarian.jpg\" alt=\"Hungarian Flag\">\r\n                    <div>\r\n                        <h4>O mad\u017earskem u\u010denju<\/h4>\r\n                        <p>Izvedite vse o mad\u017earski slovnici.<\/p>\r\n                    <\/div>\r\n                <\/div>\r\n            <\/div>\r\n        <\/a>\r\n\r\n        \r\n        <a href=\"https:\/\/talkpal.ai\/sl\/madzarske-slovnicne-vaje\/\">\r\n            <div class=\"learnNavigationWrapper\">\r\n                <div class=\"learnNavigationContent\">\r\n                    <img decoding=\"async\" src=\"https:\/\/talkpal.ai\/wp-content\/uploads\/2024\/08\/Hungarian.jpg\" alt=\"Hungarian Flag\">\r\n                    <div>\r\n                        <h4>Vaja iz mad\u017earske slovnice<\/h4>\r\n                        <p>Vadite mad\u017earsko slovnico.<\/p>\r\n                    <\/div>\r\n                <\/div>\r\n            <\/div>\r\n        <\/a>\r\n\r\n        \r\n        <a href=\"https:\/\/talkpal.ai\/vocabulary_language\/hungarian\/\">\r\n            <div class=\"learnNavigationWrapper\">\r\n                <div class=\"learnNavigationContent\">\r\n                    <img decoding=\"async\" src=\"https:\/\/talkpal.ai\/wp-content\/uploads\/2024\/08\/Hungarian.jpg\" alt=\"Hungarian Flag\">\r\n                    <div>\r\n                        <h4>Mad\u017earski besednjak<\/h4>\r\n                        <p>Raz\u0161irite svoj mad\u017earski besedni zaklad.<\/p>\r\n                    <\/div>\r\n                <\/div>\r\n            <\/div>\r\n        <\/a>\r\n\r\n            <\/section>","protected":false},"excerpt":{"rendered":"<p>Naslov: Odklepanje skrivnosti mad\u017earske slovnice Mad\u017ear\u0161\u010dina, ugrofinski jezik, izstopa s svojim edinstvenim slovni\u010dnim sistemom, zaradi \u010desar je navdu\u0161ujo\u010d izziv za ljubitelje jezikov. U\u010denje mad\u017ear\u0161\u010dine ne samo \u0161iri va\u0161e jezikovno znanje, temve\u010d vam omogo\u010da tudi, da se poglobite v o\u010darljivo kulturo in zgodovino Mad\u017earske. \u010ceprav se mad\u017earska slovnica na za\u010detku morda zdi zastra\u0161ujo\u010da, raz\u010dlenitev na obvladljive [&hellip;]<\/p>\n","protected":false},"author":1,"featured_media":113159,"parent":0,"menu_order":0,"comment_status":"closed","ping_status":"closed","template":"LearningContentPage.php","meta":{"_acf_changed":false,"footnotes":""},"class_list":["post-144522","page","type-page","status-publish","has-post-thumbnail","hentry"],"acf":[],"yoast_head":"<!-- This site is optimized with the Yoast SEO Premium plugin v27.2 (Yoast SEO v27.2) - https:\/\/yoast.com\/product\/yoast-seo-premium-wordpress\/ -->\n<title>Mad\u017earska slovnica - Talkpal<\/title>\n<meta name=\"description\" content=\"Osvojite mad\u017earsko slovnico - nau\u010dite se slovni\u010dnih pravil in vadite tvorjenje stavkov. Prejmite koristne napotke od Talkpal AI.\" \/>\n<meta name=\"robots\" content=\"index, follow, max-snippet:-1, max-image-preview:large, max-video-preview:-1\" \/>\n<link rel=\"canonical\" href=\"https:\/\/talkpal.ai\/sl\/madzarska-slovnica\/\" \/>\n<meta property=\"og:locale\" content=\"sl_SI\" \/>\n<meta property=\"og:type\" content=\"article\" \/>\n<meta property=\"og:title\" content=\"Mad\u017earska slovnica\" \/>\n<meta property=\"og:description\" content=\"Naslov: Odklepanje skrivnosti mad\u017earske slovnice Mad\u017ear\u0161\u010dina, ugrofinski jezik, izstopa s svojim edinstvenim slovni\u010dnim sistemom, zaradi \u010desar je\" \/>\n<meta property=\"og:url\" content=\"https:\/\/talkpal.ai\/sl\/madzarska-slovnica\/\" \/>\n<meta property=\"og:site_name\" content=\"Talkpal\" \/>\n<meta property=\"article:publisher\" content=\"https:\/\/www.facebook.com\/profile.php?id=100090733639311\" \/>\n<meta property=\"article:modified_time\" content=\"2025-12-12T10:35:13+00:00\" \/>\n<meta property=\"og:image\" content=\"https:\/\/talkpal.ai\/wp-content\/uploads\/2023\/05\/Hungarian.png\" \/>\n\t<meta property=\"og:image:width\" content=\"512\" \/>\n\t<meta property=\"og:image:height\" content=\"512\" \/>\n\t<meta property=\"og:image:type\" content=\"image\/png\" \/>\n<meta name=\"twitter:card\" content=\"summary_large_image\" \/>\n<meta name=\"twitter:site\" content=\"@talkpalai\" \/>\n<meta name=\"twitter:label1\" content=\"Est. reading time\" \/>\n\t<meta name=\"twitter:data1\" content=\"3 minute\" \/>\n<script type=\"application\/ld+json\" class=\"yoast-schema-graph\">{\"@context\":\"https:\/\/schema.org\",\"@graph\":[{\"@type\":\"WebPage\",\"@id\":\"https:\/\/talkpal.ai\/sl\/madzarska-slovnica\/\",\"url\":\"https:\/\/talkpal.ai\/sl\/madzarska-slovnica\/\",\"name\":\"Mad\u017earska slovnica - Talkpal\",\"isPartOf\":{\"@id\":\"https:\/\/talkpal.ai\/sl\/#website\"},\"primaryImageOfPage\":{\"@id\":\"https:\/\/talkpal.ai\/sl\/madzarska-slovnica\/#primaryimage\"},\"image\":{\"@id\":\"https:\/\/talkpal.ai\/sl\/madzarska-slovnica\/#primaryimage\"},\"thumbnailUrl\":\"https:\/\/talkpal.ai\/wp-content\/uploads\/2023\/05\/Hungarian.png\",\"datePublished\":\"2023-05-14T14:08:53+00:00\",\"dateModified\":\"2025-12-12T10:35:13+00:00\",\"description\":\"Osvojite mad\u017earsko slovnico - nau\u010dite se slovni\u010dnih pravil in vadite tvorjenje stavkov. Prejmite koristne napotke od Talkpal AI.\",\"breadcrumb\":{\"@id\":\"https:\/\/talkpal.ai\/sl\/madzarska-slovnica\/#breadcrumb\"},\"inLanguage\":\"sl-SI\",\"potentialAction\":[{\"@type\":\"ReadAction\",\"target\":[\"https:\/\/talkpal.ai\/sl\/madzarska-slovnica\/\"]}]},{\"@type\":\"ImageObject\",\"inLanguage\":\"sl-SI\",\"@id\":\"https:\/\/talkpal.ai\/sl\/madzarska-slovnica\/#primaryimage\",\"url\":\"https:\/\/talkpal.ai\/wp-content\/uploads\/2023\/05\/Hungarian.png\",\"contentUrl\":\"https:\/\/talkpal.ai\/wp-content\/uploads\/2023\/05\/Hungarian.png\",\"width\":512,\"height\":512},{\"@type\":\"BreadcrumbList\",\"@id\":\"https:\/\/talkpal.ai\/sl\/madzarska-slovnica\/#breadcrumb\",\"itemListElement\":[{\"@type\":\"ListItem\",\"position\":1,\"name\":\"Homepage\",\"item\":\"https:\/\/talkpal.ai\/sl\/\"},{\"@type\":\"ListItem\",\"position\":2,\"name\":\"Mad\u017earska slovnica\"}]},{\"@type\":\"WebSite\",\"@id\":\"https:\/\/talkpal.ai\/sl\/#website\",\"url\":\"https:\/\/talkpal.ai\/sl\/\",\"name\":\"Talkpal\",\"description\":\"AI Language Learning\",\"publisher\":{\"@id\":\"https:\/\/talkpal.ai\/sl\/#organization\"},\"alternateName\":\"Talkpal AI\",\"potentialAction\":[{\"@type\":\"SearchAction\",\"target\":{\"@type\":\"EntryPoint\",\"urlTemplate\":\"https:\/\/talkpal.ai\/sl\/?s={search_term_string}\"},\"query-input\":{\"@type\":\"PropertyValueSpecification\",\"valueRequired\":true,\"valueName\":\"search_term_string\"}}],\"inLanguage\":\"sl-SI\"},{\"@type\":\"Organization\",\"@id\":\"https:\/\/talkpal.ai\/sl\/#organization\",\"name\":\"Talkpal, Inc.\",\"alternateName\":\"Talkpal AI\",\"url\":\"https:\/\/talkpal.ai\/sl\/\",\"logo\":{\"@type\":\"ImageObject\",\"inLanguage\":\"sl-SI\",\"@id\":\"https:\/\/talkpal.ai\/sl\/#\/schema\/logo\/image\/\",\"url\":\"https:\/\/talkpal.ai\/wp-content\/uploads\/2024\/03\/Talkpal-Logo-Icon.png\",\"contentUrl\":\"https:\/\/talkpal.ai\/wp-content\/uploads\/2024\/03\/Talkpal-Logo-Icon.png\",\"width\":2880,\"height\":2880,\"caption\":\"Talkpal, Inc.\"},\"image\":{\"@id\":\"https:\/\/talkpal.ai\/sl\/#\/schema\/logo\/image\/\"},\"sameAs\":[\"https:\/\/www.facebook.com\/profile.php?id=100090733639311\",\"https:\/\/x.com\/talkpalai\",\"https:\/\/www.linkedin.com\/company\/talkpal\/\",\"https:\/\/www.youtube.com\/@TalkPal\/\",\"https:\/\/www.tiktok.com\/@talkpal\",\"https:\/\/www.instagram.com\/talkpal_ai\/\",\"https:\/\/www.crunchbase.com\/organization\/talkpal-9cde\",\"https:\/\/www.g2.com\/products\/talkpal-for-business\/\",\"https:\/\/www.trustpilot.com\/review\/talkpal.ai\",\"https:\/\/www.capterra.com\/p\/10006800\/TalkPal\/\"],\"description\":\"Talkpal is a language learning web and mobile education app, powered by the latest AI technologies, that provides engaging experiences to its customers in many different languages to help them improve their language skills. Users can chat about unlimited amount of topics with the app and use other modes to practice their language learning.\",\"email\":\"support@talkpal.ai\",\"legalName\":\"Talkpal, Inc.\",\"foundingDate\":\"2023-04-03\",\"duns\":\"118989042\",\"numberOfEmployees\":{\"@type\":\"QuantitativeValue\",\"minValue\":\"11\",\"maxValue\":\"50\"},\"publishingPrinciples\":\"https:\/\/talkpal.ai\/publishing-principles\/\",\"actionableFeedbackPolicy\":\"https:\/\/talkpal.ai\/actionable-feedback-policy\/\",\"correctionsPolicy\":\"https:\/\/talkpal.ai\/corrections-policy\/\",\"ethicsPolicy\":\"https:\/\/talkpal.ai\/ethics-policy\/\",\"diversityPolicy\":\"https:\/\/talkpal.ai\/diversity-policy\/\",\"diversityStaffingReport\":\"https:\/\/talkpal.ai\/diversity-policy\/\"}]}<\/script>\n<!-- \/ Yoast SEO Premium plugin. -->","yoast_head_json":{"title":"Mad\u017earska slovnica - Talkpal","description":"Osvojite mad\u017earsko slovnico - nau\u010dite se slovni\u010dnih pravil in vadite tvorjenje stavkov. Prejmite koristne napotke od Talkpal AI.","robots":{"index":"index","follow":"follow","max-snippet":"max-snippet:-1","max-image-preview":"max-image-preview:large","max-video-preview":"max-video-preview:-1"},"canonical":"https:\/\/talkpal.ai\/sl\/madzarska-slovnica\/","og_locale":"sl_SI","og_type":"article","og_title":"Mad\u017earska slovnica","og_description":"Naslov: Odklepanje skrivnosti mad\u017earske slovnice Mad\u017ear\u0161\u010dina, ugrofinski jezik, izstopa s svojim edinstvenim slovni\u010dnim sistemom, zaradi \u010desar je","og_url":"https:\/\/talkpal.ai\/sl\/madzarska-slovnica\/","og_site_name":"Talkpal","article_publisher":"https:\/\/www.facebook.com\/profile.php?id=100090733639311","article_modified_time":"2025-12-12T10:35:13+00:00","og_image":[{"width":512,"height":512,"url":"https:\/\/talkpal.ai\/wp-content\/uploads\/2023\/05\/Hungarian.png","type":"image\/png"}],"twitter_card":"summary_large_image","twitter_site":"@talkpalai","twitter_misc":{"Est. reading time":"3 minute"},"schema":{"@context":"https:\/\/schema.org","@graph":[{"@type":"WebPage","@id":"https:\/\/talkpal.ai\/sl\/madzarska-slovnica\/","url":"https:\/\/talkpal.ai\/sl\/madzarska-slovnica\/","name":"Mad\u017earska slovnica - Talkpal","isPartOf":{"@id":"https:\/\/talkpal.ai\/sl\/#website"},"primaryImageOfPage":{"@id":"https:\/\/talkpal.ai\/sl\/madzarska-slovnica\/#primaryimage"},"image":{"@id":"https:\/\/talkpal.ai\/sl\/madzarska-slovnica\/#primaryimage"},"thumbnailUrl":"https:\/\/talkpal.ai\/wp-content\/uploads\/2023\/05\/Hungarian.png","datePublished":"2023-05-14T14:08:53+00:00","dateModified":"2025-12-12T10:35:13+00:00","description":"Osvojite mad\u017earsko slovnico - nau\u010dite se slovni\u010dnih pravil in vadite tvorjenje stavkov. Prejmite koristne napotke od Talkpal AI.","breadcrumb":{"@id":"https:\/\/talkpal.ai\/sl\/madzarska-slovnica\/#breadcrumb"},"inLanguage":"sl-SI","potentialAction":[{"@type":"ReadAction","target":["https:\/\/talkpal.ai\/sl\/madzarska-slovnica\/"]}]},{"@type":"ImageObject","inLanguage":"sl-SI","@id":"https:\/\/talkpal.ai\/sl\/madzarska-slovnica\/#primaryimage","url":"https:\/\/talkpal.ai\/wp-content\/uploads\/2023\/05\/Hungarian.png","contentUrl":"https:\/\/talkpal.ai\/wp-content\/uploads\/2023\/05\/Hungarian.png","width":512,"height":512},{"@type":"BreadcrumbList","@id":"https:\/\/talkpal.ai\/sl\/madzarska-slovnica\/#breadcrumb","itemListElement":[{"@type":"ListItem","position":1,"name":"Homepage","item":"https:\/\/talkpal.ai\/sl\/"},{"@type":"ListItem","position":2,"name":"Mad\u017earska slovnica"}]},{"@type":"WebSite","@id":"https:\/\/talkpal.ai\/sl\/#website","url":"https:\/\/talkpal.ai\/sl\/","name":"Talkpal","description":"AI Language Learning","publisher":{"@id":"https:\/\/talkpal.ai\/sl\/#organization"},"alternateName":"Talkpal AI","potentialAction":[{"@type":"SearchAction","target":{"@type":"EntryPoint","urlTemplate":"https:\/\/talkpal.ai\/sl\/?s={search_term_string}"},"query-input":{"@type":"PropertyValueSpecification","valueRequired":true,"valueName":"search_term_string"}}],"inLanguage":"sl-SI"},{"@type":"Organization","@id":"https:\/\/talkpal.ai\/sl\/#organization","name":"Talkpal, Inc.","alternateName":"Talkpal AI","url":"https:\/\/talkpal.ai\/sl\/","logo":{"@type":"ImageObject","inLanguage":"sl-SI","@id":"https:\/\/talkpal.ai\/sl\/#\/schema\/logo\/image\/","url":"https:\/\/talkpal.ai\/wp-content\/uploads\/2024\/03\/Talkpal-Logo-Icon.png","contentUrl":"https:\/\/talkpal.ai\/wp-content\/uploads\/2024\/03\/Talkpal-Logo-Icon.png","width":2880,"height":2880,"caption":"Talkpal, Inc."},"image":{"@id":"https:\/\/talkpal.ai\/sl\/#\/schema\/logo\/image\/"},"sameAs":["https:\/\/www.facebook.com\/profile.php?id=100090733639311","https:\/\/x.com\/talkpalai","https:\/\/www.linkedin.com\/company\/talkpal\/","https:\/\/www.youtube.com\/@TalkPal\/","https:\/\/www.tiktok.com\/@talkpal","https:\/\/www.instagram.com\/talkpal_ai\/","https:\/\/www.crunchbase.com\/organization\/talkpal-9cde","https:\/\/www.g2.com\/products\/talkpal-for-business\/","https:\/\/www.trustpilot.com\/review\/talkpal.ai","https:\/\/www.capterra.com\/p\/10006800\/TalkPal\/"],"description":"Talkpal is a language learning web and mobile education app, powered by the latest AI technologies, that provides engaging experiences to its customers in many different languages to help them improve their language skills. Users can chat about unlimited amount of topics with the app and use other modes to practice their language learning.","email":"support@talkpal.ai","legalName":"Talkpal, Inc.","foundingDate":"2023-04-03","duns":"118989042","numberOfEmployees":{"@type":"QuantitativeValue","minValue":"11","maxValue":"50"},"publishingPrinciples":"https:\/\/talkpal.ai\/publishing-principles\/","actionableFeedbackPolicy":"https:\/\/talkpal.ai\/actionable-feedback-policy\/","correctionsPolicy":"https:\/\/talkpal.ai\/corrections-policy\/","ethicsPolicy":"https:\/\/talkpal.ai\/ethics-policy\/","diversityPolicy":"https:\/\/talkpal.ai\/diversity-policy\/","diversityStaffingReport":"https:\/\/talkpal.ai\/diversity-policy\/"}]}},"_links":{"self":[{"href":"https:\/\/talkpal.ai\/sl\/wp-json\/wp\/v2\/pages\/144522","targetHints":{"allow":["GET"]}}],"collection":[{"href":"https:\/\/talkpal.ai\/sl\/wp-json\/wp\/v2\/pages"}],"about":[{"href":"https:\/\/talkpal.ai\/sl\/wp-json\/wp\/v2\/types\/page"}],"author":[{"embeddable":true,"href":"https:\/\/talkpal.ai\/sl\/wp-json\/wp\/v2\/users\/1"}],"replies":[{"embeddable":true,"href":"https:\/\/talkpal.ai\/sl\/wp-json\/wp\/v2\/comments?post=144522"}],"version-history":[{"count":0,"href":"https:\/\/talkpal.ai\/sl\/wp-json\/wp\/v2\/pages\/144522\/revisions"}],"wp:featuredmedia":[{"embeddable":true,"href":"https:\/\/talkpal.ai\/sl\/wp-json\/wp\/v2\/media\/113159"}],"wp:attachment":[{"href":"https:\/\/talkpal.ai\/sl\/wp-json\/wp\/v2\/media?parent=144522"}],"curies":[{"name":"wp","href":"https:\/\/api.w.org\/{rel}","templated":true}]}}