{"id":144216,"date":"2023-05-14T14:04:48","date_gmt":"2023-05-14T14:04:48","guid":{"rendered":"http:\/\/talkpal.ai\/hebrejska-slovnica\/"},"modified":"2025-12-13T15:37:51","modified_gmt":"2025-12-13T15:37:51","slug":"hebrejska-slovnica","status":"publish","type":"page","link":"https:\/\/talkpal.ai\/sl\/hebrejska-slovnica\/","title":{"rendered":"Hebrejska slovnica"},"content":{"rendered":"\r\n\r\n\r\n<section class=\"languageChallengeSection\">\r\n    <div class=\"languageInfoWrapper\">\r\n        \r\n        <h1>Hebrejska slovnica<\/h1>\r\n        <p>Nau\u010dite se hebrejske slovnice in odkrijte skrivnosti jezika z globokimi zgodovinskimi koreninami in sodobnim pomenom. Sprejmite izziv in se z lepoto hebrejske slovnice pove\u017eite z \u017eivahno kulturo!<\/p>\r\n\r\n                            <a class=\"getStartedHidden\" href=\"https:\/\/app.talkpal.ai\/sl\/signup?lng=\">Za\u010dni<\/a>\r\n        \r\n    <\/div>\r\n\r\n    <figure>\r\n    <img decoding=\"async\" width=\"768\" height=\"768\" src=\"https:\/\/talkpal.ai\/wp-content\/uploads\/2023\/06\/hebrew-768x768.png\" class=\"languageImage no-lazy\" alt=\"Language learning for proficient communication\" fetchpriority=\"high\" sizes=\"(max-width: 768px) 150px, 768px\" srcset=\"https:\/\/talkpal.ai\/wp-content\/uploads\/2023\/06\/hebrew-768x768.png 768w, https:\/\/talkpal.ai\/wp-content\/uploads\/2023\/06\/hebrew-300x300.png 300w\" \/>\r\n    \r\n\r\n    <\/figure>\r\n\r\n            <a class=\"getStartedVisible\" href=\"https:\/\/app.talkpal.ai\/sl\/signup?lng=\">Za\u010dni<\/a>\r\n    \r\n<\/section>\r\n<section class=\"promotionalBanner\">\r\n    <p class=\"promotionalText\">Naju\u010dinkovitej\u0161i na\u010din u\u010denja jezika<\/p>\r\n    <a class=\"promotionalLink\" href=\"https:\/\/app.talkpal.ai\/sl\/signup?lng=\">Preizkusite Talkpal brezpla\u010dno<\/a>\r\n<\/section>\n<div class=\"wp-block-group pageContainerStyle\"><div class=\"wp-block-group__inner-container is-layout-constrained wp-block-group-is-layout-constrained\">\n<h2 class=\"wp-block-heading\" id=\"h-mastering-hebrew-grammar-your-ultimate-guide\">Obvladovanje hebrejske slovnice: va\u0161 kon\u010dni vodnik<\/h2>\n\n\n\n<p>Shalom, <a href=\"https:\/\/talkpal.ai\/talkpal-discount-for-language-enthusiasts\/\">jezikovni navdu\u0161enci<\/a>! Ste se pripravljeni potopiti v fascinanten svet hebrejske slovnice? Pri\u0161li ste na pravo mesto. Ta \u010dlanek, poln lahko razumljivih informacij in pogovornega tona, vas bo vodil skozi o\u010darljivo podro\u010dje hebrejske slovnice. Kmalu boste znali tvoriti stavke in se smiselno pogovarjati z rojenimi govorci. Torej, za\u010dnimo va\u0161e potovanje k obvladovanju hebrejske slovnice!<\/p>\n\n\n\n<p><strong>Najprej pa, zakaj hebrejska slovnica?<\/strong><\/p>\n\n\n\n<p>\u010ce se u\u010dite hebrej\u0161\u010dine, je trdna <a href=\"https:\/\/talkpal.ai\/grammar\/\">slovnica<\/a> bistvena za teko\u010de govorjenje, branje in pisanje. \u010ceprav se <a href=\"https:\/\/talkpal.ai\/hebrew-grammar\/\">hebrejska slovnica<\/a> sprva lahko zdi zapletena, postane bolj dostopna, ko jo razdelimo na manj\u0161e, bolj obvladljive dele. Zato se podajmo na to vznemirljivo potovanje!<\/p>\n\n\n\n<h3 class=\"wp-block-heading\" id=\"h-1-nouns-gender-and-number\">1. Samostalniki, spol in \u0161tevilo<\/h3>\n\n\n\n<p><a href=\"https:\/\/talkpal.ai\/learn-hebrew\/\">Hebrejski<\/a> samostalniki imajo dva spola \u2013 mo\u0161kega in \u017eenskega spola \u2013 in so lahko ednina ali mno\u017eina. Dolo\u010ditev spola samostalnika je osnova za pravilno zgradbo stavka, saj vpliva na druge dele govora, kot so glagoli in pridevniki.  <\/p>\n\n\n\n<p>Splo\u0161no pravilo: \u010de se samostalnik kon\u010da na &#8220;\u05d4&#8221; (hey) ali &#8220;\u05ea&#8221; (tav), je obi\u010dajno \u017eenskega spola. Vendar pa obstajajo izjeme, zato je klju\u010dnega pomena zapomniti samostalni\u0161ke spole med u\u010denjem besedi\u0161\u010da.<\/p>\n\n\n\n<p>Poleg tega imajo <a href=\"https:\/\/talkpal.ai\/learn-hebrew\/\">hebrejski<\/a> samostalniki razli\u010dne oblike, odvisno od \u0161tevila. Mno\u017einski samostalniki mo\u0161kega spola se obi\u010dajno kon\u010dajo na &#8220;\u05d9\u05dd&#8221; (yim), mno\u017einski samostalniki \u017eenskega spola pa na &#8220;\u05d5\u05ea&#8221; (ot).<\/p>\n\n\n\n<h3 class=\"wp-block-heading\" id=\"h-2-adjectives-agreement-and-definite-articles\">2. Pridevniki, sporazumi in dokon\u010dni \u010dleni<\/h3>\n\n\n\n<p>Pridevniki v hebrej\u0161\u010dini se morajo po spolu in \u0161tevilu ujemati s samostalnikom, ki ga spreminjajo. \u010ce \u017eelite pridevnik spremeniti v \u017eenski spol, na koncu dodajte &#8220;\u05d4&#8221; (hej), \u010de ga \u0161e nima. \u010ce \u017eelite pridevnik spremeniti v mno\u017eino, upo\u0161tevajte enako na\u010delo kot pri samostalnikih: dodajte &#8220;\u05d9\u05dd&#8221; za mo\u0161ke in &#8220;\u05d5\u05ea&#8221; za \u017eenske.<\/p>\n\n\n\n<p>Dolo\u010dni \u010dlen &#8220;the&#8221; je v hebrej\u0161\u010dini &#8220;\u05d4&#8221; (hej) in se doda kot predpona samostalniku ali pridevniku. Na primer &#8220;\u05d4\u05e1\u05e4\u05e8&#8221; (haSefer &#8211; knjiga) ali &#8220;\u05d4\u05db\u05d3\u05d5\u05e8 \u05d4\u05d2\u05d3\u05d5\u05dc&#8221; (hakadur hagadol &#8211; velika \u017eoga).<\/p>\n\n\n\n<h3 class=\"wp-block-heading\" id=\"h-3-verbs-tense-and-conjugation\">3. Glagoli, \u010dasi in sklanjanje<\/h3>\n\n\n\n<p>Hebrejski glagoli imajo klju\u010dno vlogo v slovnici in so razdeljeni v sedem konjugacijskih skupin, imenovanih &#8220;binyanim&#8221;. Vsak binyan vpliva na pomen in vlogo glagola v stavku.<\/p>\n\n\n\n<p>Za hiter pregled si oglejmo sedanji \u010das rednih glagolov:<\/p>\n\n\n\n<p><strong>&#8211; \u05d0\u05e0\u05d9 \u05e7\u05d5\u05e8\u05d0\/\u05ea (niti kore\/et &#8211; berem, mo\u0161ki\/\u017eenske)<\/strong><\/p>\n\n\n\n<p><strong>&#8211; \u05d0\u05ea\/\u05d4 \u05e7\u05d5\u05e8\u05d0\/\u05ea (ata\/at kore\/et &#8211; bere\u0161, mo\u0161ki\/\u017eenska)<\/strong><\/p>\n\n\n\n<p><strong>&#8211; \u05d4\u05d5\u05d0\/\u05d4\u05d9\u05d0 \u05e7\u05d5\u05e8\u05d0\/\u05ea (hu\/hi kore\/et &#8211; bere)<\/strong><\/p>\n\n\n\n<p>Ne pozabite, da je to \u0161ele za\u010detek! Mnogi drugi \u010dasi, <a href=\"https:\/\/talkpal.ai\/sl\/grammar\/nepravilni-glagoli-v-angleski-slovnici\/\">nepravilni glagoli<\/a> in binyan kompleksnosti se bodo pojavili, ko boste napredovali.<\/p>\n\n\n\n<h3 class=\"wp-block-heading\" id=\"h-4-pronouns-prepositions-and-more\">4. Zaimki, predlogi in \u0161e ve\u010d!<\/h3>\n\n\n\n<p>Hebrejska slovnica vklju\u010duje druge sestavine, kot so zaimki (\u05d0\u05e0\u05d9, \u05d0\u05ea\u05d4, \u05d4\u05d5\u05d0, \u05d4\u05d9\u05d0 itd.), prislovi (\u05d1, \u05dc, \u05de, \u05e2\u05dc itd.) in idiomatski izrazi. Uresni\u010devanje vsakega elementa je klju\u010dnega pomena za doseganje celovitega znanja hebrej\u0161\u010dine, zato se ga lotite korak za korakom.<\/p>\n\n\n\n<p>Za zaklju\u010dek <a href=\"https:\/\/talkpal.ai\/talkpal-new-years-discount\/\">naj<\/a> povem, da za obvladovanje hebrejske slovnice ni bli\u017enjic. Zahteva vztrajnost, prakso in potrpe\u017eljivost. Ko pa boste razumeli njegove zapletenosti, boste u\u017eivali v niansah pogovora v hebrej\u0161\u010dini, raziskovali bogato kulturo in zgodovino ter poglobili svoje spo\u0161tovanje do tega jezika. \u05d1\u05d4\u05e6\u05dc\u05d7\u05d4 (behatzlacha &#8211; veliko sre\u010de)!<\/p>\n<\/div><\/div>\n\r\n<section class=\"learnNavigationSection\">\r\n            \r\n        <a href=\"https:\/\/talkpal.ai\/sl\/naucite-se-hebrejscine\/\">\r\n            <div class=\"learnNavigationWrapper\">\r\n                <div class=\"learnNavigationContent\">\r\n                    <img decoding=\"async\" src=\"https:\/\/talkpal.ai\/wp-content\/uploads\/2024\/08\/Hebrew.jpg\" alt=\"Israel Flag\">\r\n                    <div>\r\n                        <h4>O u\u010denju hebrej\u0161\u010dine<\/h4>\r\n                        <p>Izvedite vse o hebrejski slovnici.<\/p>\r\n                    <\/div>\r\n                <\/div>\r\n            <\/div>\r\n        <\/a>\r\n\r\n        \r\n        <a href=\"https:\/\/talkpal.ai\/sl\/hebrejske-slovnicne-vaje\/\">\r\n            <div class=\"learnNavigationWrapper\">\r\n                <div class=\"learnNavigationContent\">\r\n                    <img decoding=\"async\" src=\"https:\/\/talkpal.ai\/wp-content\/uploads\/2024\/08\/Hebrew.jpg\" alt=\"Israel Flag\">\r\n                    <div>\r\n                        <h4>Vaja iz hebrejske gramatike<\/h4>\r\n                        <p>Vadite hebrejsko slovnico.<\/p>\r\n                    <\/div>\r\n                <\/div>\r\n            <\/div>\r\n        <\/a>\r\n\r\n        \r\n        <a href=\"https:\/\/talkpal.ai\/vocabulary_language\/hebrew\/\">\r\n            <div class=\"learnNavigationWrapper\">\r\n                <div class=\"learnNavigationContent\">\r\n                    <img decoding=\"async\" src=\"https:\/\/talkpal.ai\/wp-content\/uploads\/2024\/08\/Hebrew.jpg\" alt=\"Israel Flag\">\r\n                    <div>\r\n                        <h4>Hebrejski besednjak<\/h4>\r\n                        <p>Raz\u0161irite svoj hebrejski besedni zaklad.<\/p>\r\n                    <\/div>\r\n                <\/div>\r\n            <\/div>\r\n        <\/a>\r\n\r\n            <\/section>","protected":false},"excerpt":{"rendered":"<p>Obvladovanje hebrejske slovnice: va\u0161 kon\u010dni vodnik Shalom, jezikovni navdu\u0161enci! Ste se pripravljeni potopiti v fascinanten svet hebrejske slovnice? Pri\u0161li ste na pravo mesto. Ta \u010dlanek, poln lahko razumljivih informacij in pogovornega tona, vas bo vodil skozi o\u010darljivo podro\u010dje hebrejske slovnice. Kmalu boste znali tvoriti stavke in se smiselno pogovarjati z rojenimi govorci. Torej, za\u010dnimo va\u0161e [&hellip;]<\/p>\n","protected":false},"author":1,"featured_media":112916,"parent":0,"menu_order":0,"comment_status":"closed","ping_status":"closed","template":"LearningContentPage.php","meta":{"_acf_changed":false,"footnotes":""},"class_list":["post-144216","page","type-page","status-publish","has-post-thumbnail","hentry"],"acf":[],"yoast_head":"<!-- This site is optimized with the Yoast SEO Premium plugin v27.2 (Yoast SEO v27.2) - https:\/\/yoast.com\/product\/yoast-seo-premium-wordpress\/ -->\n<title>Hebrejska slovnica - Talkpal<\/title>\n<meta name=\"description\" content=\"Izbolj\u0161ajte hebrejsko slovnico - nau\u010dite se klju\u010dnih pravil, oblikujte pravilne stavke in jasno komunicirajte z Talkpalz enostavnimi lekcijami umetne inteligence.\" \/>\n<meta name=\"robots\" content=\"index, follow, max-snippet:-1, max-image-preview:large, max-video-preview:-1\" \/>\n<link rel=\"canonical\" href=\"https:\/\/talkpal.ai\/sl\/hebrejska-slovnica\/\" \/>\n<meta property=\"og:locale\" content=\"sl_SI\" \/>\n<meta property=\"og:type\" content=\"article\" \/>\n<meta property=\"og:title\" content=\"Hebrejska slovnica\" \/>\n<meta property=\"og:description\" content=\"Obvladovanje hebrejske slovnice: va\u0161 kon\u010dni vodnik Shalom, jezikovni navdu\u0161enci! Ste se pripravljeni potopiti v fascinanten svet hebrejske slovnice?\" \/>\n<meta property=\"og:url\" content=\"https:\/\/talkpal.ai\/sl\/hebrejska-slovnica\/\" \/>\n<meta property=\"og:site_name\" content=\"Talkpal\" \/>\n<meta property=\"article:publisher\" content=\"https:\/\/www.facebook.com\/profile.php?id=100090733639311\" \/>\n<meta property=\"article:modified_time\" content=\"2025-12-13T15:37:51+00:00\" \/>\n<meta property=\"og:image\" content=\"https:\/\/talkpal.ai\/wp-content\/uploads\/2023\/05\/israel.png\" \/>\n\t<meta property=\"og:image:width\" content=\"512\" \/>\n\t<meta property=\"og:image:height\" content=\"512\" \/>\n\t<meta property=\"og:image:type\" content=\"image\/png\" \/>\n<meta name=\"twitter:card\" content=\"summary_large_image\" \/>\n<meta name=\"twitter:site\" content=\"@talkpalai\" \/>\n<meta name=\"twitter:label1\" content=\"Est. reading time\" \/>\n\t<meta name=\"twitter:data1\" content=\"2 minuti\" \/>\n<script type=\"application\/ld+json\" class=\"yoast-schema-graph\">{\"@context\":\"https:\/\/schema.org\",\"@graph\":[{\"@type\":\"WebPage\",\"@id\":\"https:\/\/talkpal.ai\/sl\/hebrejska-slovnica\/\",\"url\":\"https:\/\/talkpal.ai\/sl\/hebrejska-slovnica\/\",\"name\":\"Hebrejska slovnica - Talkpal\",\"isPartOf\":{\"@id\":\"https:\/\/talkpal.ai\/sl\/#website\"},\"primaryImageOfPage\":{\"@id\":\"https:\/\/talkpal.ai\/sl\/hebrejska-slovnica\/#primaryimage\"},\"image\":{\"@id\":\"https:\/\/talkpal.ai\/sl\/hebrejska-slovnica\/#primaryimage\"},\"thumbnailUrl\":\"https:\/\/talkpal.ai\/wp-content\/uploads\/2023\/05\/israel.png\",\"datePublished\":\"2023-05-14T14:04:48+00:00\",\"dateModified\":\"2025-12-13T15:37:51+00:00\",\"description\":\"Izbolj\u0161ajte hebrejsko slovnico - nau\u010dite se klju\u010dnih pravil, oblikujte pravilne stavke in jasno komunicirajte z Talkpalz enostavnimi lekcijami umetne inteligence.\",\"breadcrumb\":{\"@id\":\"https:\/\/talkpal.ai\/sl\/hebrejska-slovnica\/#breadcrumb\"},\"inLanguage\":\"sl-SI\",\"potentialAction\":[{\"@type\":\"ReadAction\",\"target\":[\"https:\/\/talkpal.ai\/sl\/hebrejska-slovnica\/\"]}]},{\"@type\":\"ImageObject\",\"inLanguage\":\"sl-SI\",\"@id\":\"https:\/\/talkpal.ai\/sl\/hebrejska-slovnica\/#primaryimage\",\"url\":\"https:\/\/talkpal.ai\/wp-content\/uploads\/2023\/05\/israel.png\",\"contentUrl\":\"https:\/\/talkpal.ai\/wp-content\/uploads\/2023\/05\/israel.png\",\"width\":512,\"height\":512},{\"@type\":\"BreadcrumbList\",\"@id\":\"https:\/\/talkpal.ai\/sl\/hebrejska-slovnica\/#breadcrumb\",\"itemListElement\":[{\"@type\":\"ListItem\",\"position\":1,\"name\":\"Homepage\",\"item\":\"https:\/\/talkpal.ai\/sl\/\"},{\"@type\":\"ListItem\",\"position\":2,\"name\":\"Hebrejska slovnica\"}]},{\"@type\":\"WebSite\",\"@id\":\"https:\/\/talkpal.ai\/sl\/#website\",\"url\":\"https:\/\/talkpal.ai\/sl\/\",\"name\":\"Talkpal\",\"description\":\"AI Language Learning\",\"publisher\":{\"@id\":\"https:\/\/talkpal.ai\/sl\/#organization\"},\"alternateName\":\"Talkpal AI\",\"potentialAction\":[{\"@type\":\"SearchAction\",\"target\":{\"@type\":\"EntryPoint\",\"urlTemplate\":\"https:\/\/talkpal.ai\/sl\/?s={search_term_string}\"},\"query-input\":{\"@type\":\"PropertyValueSpecification\",\"valueRequired\":true,\"valueName\":\"search_term_string\"}}],\"inLanguage\":\"sl-SI\"},{\"@type\":\"Organization\",\"@id\":\"https:\/\/talkpal.ai\/sl\/#organization\",\"name\":\"Talkpal, Inc.\",\"alternateName\":\"Talkpal AI\",\"url\":\"https:\/\/talkpal.ai\/sl\/\",\"logo\":{\"@type\":\"ImageObject\",\"inLanguage\":\"sl-SI\",\"@id\":\"https:\/\/talkpal.ai\/sl\/#\/schema\/logo\/image\/\",\"url\":\"https:\/\/talkpal.ai\/wp-content\/uploads\/2024\/03\/Talkpal-Logo-Icon.png\",\"contentUrl\":\"https:\/\/talkpal.ai\/wp-content\/uploads\/2024\/03\/Talkpal-Logo-Icon.png\",\"width\":2880,\"height\":2880,\"caption\":\"Talkpal, Inc.\"},\"image\":{\"@id\":\"https:\/\/talkpal.ai\/sl\/#\/schema\/logo\/image\/\"},\"sameAs\":[\"https:\/\/www.facebook.com\/profile.php?id=100090733639311\",\"https:\/\/x.com\/talkpalai\",\"https:\/\/www.linkedin.com\/company\/talkpal\/\",\"https:\/\/www.youtube.com\/@TalkPal\/\",\"https:\/\/www.tiktok.com\/@talkpal\",\"https:\/\/www.instagram.com\/talkpal_ai\/\",\"https:\/\/www.crunchbase.com\/organization\/talkpal-9cde\",\"https:\/\/www.g2.com\/products\/talkpal-for-business\/\",\"https:\/\/www.trustpilot.com\/review\/talkpal.ai\",\"https:\/\/www.capterra.com\/p\/10006800\/TalkPal\/\"],\"description\":\"Talkpal is a language learning web and mobile education app, powered by the latest AI technologies, that provides engaging experiences to its customers in many different languages to help them improve their language skills. Users can chat about unlimited amount of topics with the app and use other modes to practice their language learning.\",\"email\":\"support@talkpal.ai\",\"legalName\":\"Talkpal, Inc.\",\"foundingDate\":\"2023-04-03\",\"duns\":\"118989042\",\"numberOfEmployees\":{\"@type\":\"QuantitativeValue\",\"minValue\":\"11\",\"maxValue\":\"50\"},\"publishingPrinciples\":\"https:\/\/talkpal.ai\/publishing-principles\/\",\"actionableFeedbackPolicy\":\"https:\/\/talkpal.ai\/actionable-feedback-policy\/\",\"correctionsPolicy\":\"https:\/\/talkpal.ai\/corrections-policy\/\",\"ethicsPolicy\":\"https:\/\/talkpal.ai\/ethics-policy\/\",\"diversityPolicy\":\"https:\/\/talkpal.ai\/diversity-policy\/\",\"diversityStaffingReport\":\"https:\/\/talkpal.ai\/diversity-policy\/\"}]}<\/script>\n<!-- \/ Yoast SEO Premium plugin. -->","yoast_head_json":{"title":"Hebrejska slovnica - Talkpal","description":"Izbolj\u0161ajte hebrejsko slovnico - nau\u010dite se klju\u010dnih pravil, oblikujte pravilne stavke in jasno komunicirajte z Talkpalz enostavnimi lekcijami umetne inteligence.","robots":{"index":"index","follow":"follow","max-snippet":"max-snippet:-1","max-image-preview":"max-image-preview:large","max-video-preview":"max-video-preview:-1"},"canonical":"https:\/\/talkpal.ai\/sl\/hebrejska-slovnica\/","og_locale":"sl_SI","og_type":"article","og_title":"Hebrejska slovnica","og_description":"Obvladovanje hebrejske slovnice: va\u0161 kon\u010dni vodnik Shalom, jezikovni navdu\u0161enci! Ste se pripravljeni potopiti v fascinanten svet hebrejske slovnice?","og_url":"https:\/\/talkpal.ai\/sl\/hebrejska-slovnica\/","og_site_name":"Talkpal","article_publisher":"https:\/\/www.facebook.com\/profile.php?id=100090733639311","article_modified_time":"2025-12-13T15:37:51+00:00","og_image":[{"width":512,"height":512,"url":"https:\/\/talkpal.ai\/wp-content\/uploads\/2023\/05\/israel.png","type":"image\/png"}],"twitter_card":"summary_large_image","twitter_site":"@talkpalai","twitter_misc":{"Est. reading time":"2 minuti"},"schema":{"@context":"https:\/\/schema.org","@graph":[{"@type":"WebPage","@id":"https:\/\/talkpal.ai\/sl\/hebrejska-slovnica\/","url":"https:\/\/talkpal.ai\/sl\/hebrejska-slovnica\/","name":"Hebrejska slovnica - Talkpal","isPartOf":{"@id":"https:\/\/talkpal.ai\/sl\/#website"},"primaryImageOfPage":{"@id":"https:\/\/talkpal.ai\/sl\/hebrejska-slovnica\/#primaryimage"},"image":{"@id":"https:\/\/talkpal.ai\/sl\/hebrejska-slovnica\/#primaryimage"},"thumbnailUrl":"https:\/\/talkpal.ai\/wp-content\/uploads\/2023\/05\/israel.png","datePublished":"2023-05-14T14:04:48+00:00","dateModified":"2025-12-13T15:37:51+00:00","description":"Izbolj\u0161ajte hebrejsko slovnico - nau\u010dite se klju\u010dnih pravil, oblikujte pravilne stavke in jasno komunicirajte z Talkpalz enostavnimi lekcijami umetne inteligence.","breadcrumb":{"@id":"https:\/\/talkpal.ai\/sl\/hebrejska-slovnica\/#breadcrumb"},"inLanguage":"sl-SI","potentialAction":[{"@type":"ReadAction","target":["https:\/\/talkpal.ai\/sl\/hebrejska-slovnica\/"]}]},{"@type":"ImageObject","inLanguage":"sl-SI","@id":"https:\/\/talkpal.ai\/sl\/hebrejska-slovnica\/#primaryimage","url":"https:\/\/talkpal.ai\/wp-content\/uploads\/2023\/05\/israel.png","contentUrl":"https:\/\/talkpal.ai\/wp-content\/uploads\/2023\/05\/israel.png","width":512,"height":512},{"@type":"BreadcrumbList","@id":"https:\/\/talkpal.ai\/sl\/hebrejska-slovnica\/#breadcrumb","itemListElement":[{"@type":"ListItem","position":1,"name":"Homepage","item":"https:\/\/talkpal.ai\/sl\/"},{"@type":"ListItem","position":2,"name":"Hebrejska slovnica"}]},{"@type":"WebSite","@id":"https:\/\/talkpal.ai\/sl\/#website","url":"https:\/\/talkpal.ai\/sl\/","name":"Talkpal","description":"AI Language Learning","publisher":{"@id":"https:\/\/talkpal.ai\/sl\/#organization"},"alternateName":"Talkpal AI","potentialAction":[{"@type":"SearchAction","target":{"@type":"EntryPoint","urlTemplate":"https:\/\/talkpal.ai\/sl\/?s={search_term_string}"},"query-input":{"@type":"PropertyValueSpecification","valueRequired":true,"valueName":"search_term_string"}}],"inLanguage":"sl-SI"},{"@type":"Organization","@id":"https:\/\/talkpal.ai\/sl\/#organization","name":"Talkpal, Inc.","alternateName":"Talkpal AI","url":"https:\/\/talkpal.ai\/sl\/","logo":{"@type":"ImageObject","inLanguage":"sl-SI","@id":"https:\/\/talkpal.ai\/sl\/#\/schema\/logo\/image\/","url":"https:\/\/talkpal.ai\/wp-content\/uploads\/2024\/03\/Talkpal-Logo-Icon.png","contentUrl":"https:\/\/talkpal.ai\/wp-content\/uploads\/2024\/03\/Talkpal-Logo-Icon.png","width":2880,"height":2880,"caption":"Talkpal, Inc."},"image":{"@id":"https:\/\/talkpal.ai\/sl\/#\/schema\/logo\/image\/"},"sameAs":["https:\/\/www.facebook.com\/profile.php?id=100090733639311","https:\/\/x.com\/talkpalai","https:\/\/www.linkedin.com\/company\/talkpal\/","https:\/\/www.youtube.com\/@TalkPal\/","https:\/\/www.tiktok.com\/@talkpal","https:\/\/www.instagram.com\/talkpal_ai\/","https:\/\/www.crunchbase.com\/organization\/talkpal-9cde","https:\/\/www.g2.com\/products\/talkpal-for-business\/","https:\/\/www.trustpilot.com\/review\/talkpal.ai","https:\/\/www.capterra.com\/p\/10006800\/TalkPal\/"],"description":"Talkpal is a language learning web and mobile education app, powered by the latest AI technologies, that provides engaging experiences to its customers in many different languages to help them improve their language skills. Users can chat about unlimited amount of topics with the app and use other modes to practice their language learning.","email":"support@talkpal.ai","legalName":"Talkpal, Inc.","foundingDate":"2023-04-03","duns":"118989042","numberOfEmployees":{"@type":"QuantitativeValue","minValue":"11","maxValue":"50"},"publishingPrinciples":"https:\/\/talkpal.ai\/publishing-principles\/","actionableFeedbackPolicy":"https:\/\/talkpal.ai\/actionable-feedback-policy\/","correctionsPolicy":"https:\/\/talkpal.ai\/corrections-policy\/","ethicsPolicy":"https:\/\/talkpal.ai\/ethics-policy\/","diversityPolicy":"https:\/\/talkpal.ai\/diversity-policy\/","diversityStaffingReport":"https:\/\/talkpal.ai\/diversity-policy\/"}]}},"_links":{"self":[{"href":"https:\/\/talkpal.ai\/sl\/wp-json\/wp\/v2\/pages\/144216","targetHints":{"allow":["GET"]}}],"collection":[{"href":"https:\/\/talkpal.ai\/sl\/wp-json\/wp\/v2\/pages"}],"about":[{"href":"https:\/\/talkpal.ai\/sl\/wp-json\/wp\/v2\/types\/page"}],"author":[{"embeddable":true,"href":"https:\/\/talkpal.ai\/sl\/wp-json\/wp\/v2\/users\/1"}],"replies":[{"embeddable":true,"href":"https:\/\/talkpal.ai\/sl\/wp-json\/wp\/v2\/comments?post=144216"}],"version-history":[{"count":0,"href":"https:\/\/talkpal.ai\/sl\/wp-json\/wp\/v2\/pages\/144216\/revisions"}],"wp:featuredmedia":[{"embeddable":true,"href":"https:\/\/talkpal.ai\/sl\/wp-json\/wp\/v2\/media\/112916"}],"wp:attachment":[{"href":"https:\/\/talkpal.ai\/sl\/wp-json\/wp\/v2\/media?parent=144216"}],"curies":[{"name":"wp","href":"https:\/\/api.w.org\/{rel}","templated":true}]}}