{"id":143915,"date":"2023-05-14T14:03:43","date_gmt":"2023-05-14T14:03:43","guid":{"rendered":"http:\/\/talkpal.ai\/galicijanska-slovnica\/"},"modified":"2025-12-13T15:29:21","modified_gmt":"2025-12-13T15:29:21","slug":"galicijanska-slovnica","status":"publish","type":"page","link":"https:\/\/talkpal.ai\/sl\/galicijanska-slovnica\/","title":{"rendered":"Galicijanska slovnica"},"content":{"rendered":"\r\n\r\n\r\n<section class=\"languageChallengeSection\">\r\n    <div class=\"languageInfoWrapper\">\r\n        \r\n        <h1>Galicijanska slovnica<\/h1>\r\n        <p>Odkrijte \u010dar galicijskega jezika z obvladovanjem njegovih temeljnih slovni\u010dnih pravil. Poznavanje galicijske slovnice vam bo odprlo vrata k smiselni komunikaciji in globljemu razumevanju \u017eivahne kulture Galicije. Za\u010dnite se u\u010diti galicijske slovnice \u0161e danes in naredite prvi korak k teko\u010demu znanju!<\/p>\r\n\r\n                            <a class=\"getStartedHidden\" href=\"https:\/\/app.talkpal.ai\/sl\/signup?lng=\">Za\u010dni<\/a>\r\n        \r\n    <\/div>\r\n\r\n    <figure>\r\n    <img decoding=\"async\" width=\"768\" height=\"768\" src=\"https:\/\/talkpal.ai\/wp-content\/uploads\/2023\/06\/galician-768x768.png\" class=\"languageImage no-lazy\" alt=\"Language immersion powerful learning method\" fetchpriority=\"high\" sizes=\"(max-width: 768px) 150px, 768px\" srcset=\"https:\/\/talkpal.ai\/wp-content\/uploads\/2023\/06\/galician-768x768.png 768w, https:\/\/talkpal.ai\/wp-content\/uploads\/2023\/06\/galician-300x300.png 300w\" \/>\r\n    \r\n\r\n    <\/figure>\r\n\r\n            <a class=\"getStartedVisible\" href=\"https:\/\/app.talkpal.ai\/sl\/signup?lng=\">Za\u010dni<\/a>\r\n    \r\n<\/section>\r\n<section class=\"promotionalBanner\">\r\n    <p class=\"promotionalText\">Naju\u010dinkovitej\u0161i na\u010din u\u010denja jezika<\/p>\r\n    <a class=\"promotionalLink\" href=\"https:\/\/app.talkpal.ai\/sl\/signup?lng=\">Preizkusite Talkpal brezpla\u010dno<\/a>\r\n<\/section>\n<div class=\"wp-block-group pageContainerStyle\"><div class=\"wp-block-group__inner-container is-layout-constrained wp-block-group-is-layout-constrained\">\n<h2 class=\"wp-block-heading\" id=\"h-galician-grammar-unlocking-the-beauty-of-a-romance-language\">Galicijanska slovnica: Odklepanje lepote romanskega jezika<\/h2>\n\n\n\n<p><a href=\"https:\/\/talkpal.ai\/learn-galician\/\">Galicij\u0161\u010dina<\/a>, romanski jezik, ki ga govori ve\u010d kot dva milijona ljudi v severozahodni \u0160paniji, je edinstveno in privla\u010dno nare\u010dje, ki ima podobnosti s portugal\u0161\u010dino. Ima zna\u010dilno fonologijo, fascinantno zgodovino in \u017eivo pesni\u0161ko tradicijo. Za obvladovanje tega o\u010darljivega jezika je klju\u010dnega pomena razumevanje njegove slovnice. V tem \u010dlanku bomo raziskali bistvene vidike galicijske slovnice in podali nasvete, ki vam bodo pomagali pri doseganju odli\u010dnosti na tem jezikovnem potovanju.<\/p>\n\n\n\n<h3 class=\"wp-block-heading\" id=\"h-key-components-of-galician-grammar\">Klju\u010dne komponente galicijske slovnice:<\/h3>\n\n\n\n<p>Galicijska <a href=\"https:\/\/talkpal.ai\/grammar\/\">slovnica<\/a>, tako kot drugi romanski <a href=\"https:\/\/talkpal.ai\/what-language-is-spoken-on-the-international-space-station\/\">jeziki<\/a>, je sestavljena iz razli\u010dnih pravil in struktur, ki dolo\u010dajo njeno pravilno uporabo. Tukaj je nekaj temeljnih vidikov galicijske slovnice, ki jih morate poznati:<\/p>\n\n\n\n<p><strong>1. Samostalniki: galicijski samostalniki<\/strong> imajo dva slovni\u010dna spola (mo\u0161kega in \u017eenskega) in so pregibani za \u0161tevilo (ednina in mno\u017eina). Spol samostalnika vpliva na obliko \u010dlankov, pridevnikov in zaimkov, ki ga spremljajo.<\/p>\n\n\n\n<p><strong>2. \u010clanki:<\/strong> Galicij\u0161\u010dina ima dolo\u010dene \u010dlene (o, os, a, as) in nedolo\u010dene \u010dlene (un, uns, unha, unhas). Dolo\u010deni \u010dleni se uporabljajo za sklicevanje na dolo\u010dene predmete ali ljudi, medtem ko se nedolo\u010deni \u010dleni uporabljajo za splo\u0161ne ali nespecifi\u010dne reference.<\/p>\n\n\n\n<p>3. Pridevniki in <strong>prislovi: Pridevniki<\/strong> v galicij\u0161\u010dini se po spolu in \u0161tevilu obi\u010dajno ujemajo s samostalniki, ki jih spreminjajo. Prislovi pa so nespremenljivi in se ne spreminjajo glede na spol ali \u0161tevilo samostalnika.<\/p>\n\n\n\n<p>4. Glagoli: <a href=\"https:\/\/talkpal.ai\/learn-galician\/\">galicijski<\/a> <strong>glagoli<\/strong> so konjugirani v treh pravilnih vzorcih (ar, er, ir) in razli\u010dnih nepravilnih vzorcih. Glagoli so pregibani glede na \u010das (sedanjost, preteklost, prihodnost itd.), Razpolo\u017eenje (indikativno, konjunktivno, imperativno), aspekt (popoln, nepopoln) in glas (aktiven, pasiven). Zaimki so pogosto izpu\u0161\u010deni v glagolski konjugaciji, saj glagolska oblika obi\u010dajno ozna\u010duje subjekt.<\/p>\n\n\n\n<p><strong>5. Struktura stavkov:<\/strong> galicij\u0161\u010dina obi\u010dajno uporablja vrstni red besed subjekt-glagol-objekt (SVO) ali glagol-subjekt-objekt (VSO), odvisno od poudarka in konteksta. Vendar je ta vrstni red besed prilagodljiv.<\/p>\n\n\n\n<h3 class=\"wp-block-heading\" id=\"h-tips-for-learning-galician-grammar\">Nasveti za u\u010denje galicijske slovnice:<\/h3>\n\n\n\n<p>\u010ce se \u017eelite odlikovati na svoji <a href=\"https:\/\/talkpal.ai\/locations\/learn-english-in-poti\/\">poti<\/a> u\u010denja galicijske slovnice, razmislite o teh koristnih strategijah:<\/p>\n\n\n\n<p><strong>1. Redna praksa:<\/strong> doslednost je klju\u010dnega pomena. Vsak dan ali teden posvetite dolo\u010dene \u010dase slovni\u010dnim vajam, branju in pisanju v galicij\u0161\u010dini.<\/p>\n\n\n\n<p><strong>2. Uporabite izvorne vire:<\/strong> Potopite se v pristno galicijsko gradivo, kot so literatura, novica in filmi. To vam ne pomaga le videti galicijske slovnice v kontekstu, ampak tudi izbolj\u0161a va\u0161e bralne in slu\u0161ne sposobnosti.<\/p>\n\n\n\n<p><strong>3. Nau\u010dite se samostalni\u0161kih spolov in \u010dlankov:<\/strong> Seznanite se z galicijskimi samostalni\u0161kimi spoli in pravilno uporabo \u010dlankov. To je klju\u010dnega pomena za oblikovanje natan\u010dnih in skladnih stavkov.<\/p>\n\n\n\n<p><strong>4. Pove\u017eite se<\/strong> z doma\u010dimi govorci: Sodelujte z doma\u010dimi galicijskimi govorci prek programov za izmenjavo jezikov, dru\u017ebenih medijev ali spletnih forumov. To ponuja prilo\u017enosti za prakticiranje slovnice v pogovorih v resni\u010dnem \u017eivljenju in prejemanje dragocenih povratnih informacij.<\/p>\n\n\n\n<p><strong>5. Potrpe\u017eljivost in vztrajnost:<\/strong> U\u010denje novega jezika zahteva \u010das, odlo\u010dnost in potrpljenje. Sprejmite izzive in proslavite svoj napredek na poti.<\/p>\n\n\n\n<h2 class=\"wp-block-heading\" id=\"h-conclusion\">Sklep:<\/h2>\n\n\n\n<p>Galicijanska slovnica s svojimi edinstvenimi zna\u010dilnostmi in povezavo z dru\u017eino romanskih jezikov ima klju\u010d do obvladovanja tega o\u010darljivega nare\u010dja. \u010ce boste razumeli njegove klju\u010dne sestavine in upo\u0161tevali na\u0161e u\u010dne strategije, boste na dobri poti do jezikovnega znanja. Zato se podajte na to razburljivo potovanje in odklenite \u010dude\u017ee galicijskega jezika!<\/p>\n<\/div><\/div>\n\r\n<section class=\"learnNavigationSection\">\r\n            \r\n        <a href=\"https:\/\/talkpal.ai\/sl\/naucite-se-galicijscine\/\">\r\n            <div class=\"learnNavigationWrapper\">\r\n                <div class=\"learnNavigationContent\">\r\n                    <img decoding=\"async\" src=\"https:\/\/talkpal.ai\/wp-content\/uploads\/2024\/08\/Galician.jpg\" alt=\"Galicia Flag\">\r\n                    <div>\r\n                        <h4>O galicijskem u\u010denju<\/h4>\r\n                        <p>Izvedite vse o galicijski slovnici.<\/p>\r\n                    <\/div>\r\n                <\/div>\r\n            <\/div>\r\n        <\/a>\r\n\r\n        \r\n        <a href=\"https:\/\/talkpal.ai\/sl\/galicijske-slovnicne-vaje\/\">\r\n            <div class=\"learnNavigationWrapper\">\r\n                <div class=\"learnNavigationContent\">\r\n                    <img decoding=\"async\" src=\"https:\/\/talkpal.ai\/wp-content\/uploads\/2024\/08\/Galician.jpg\" alt=\"Galicia Flag\">\r\n                    <div>\r\n                        <h4>Vaja iz galicijske gramatike<\/h4>\r\n                        <p>Vadite galicijsko slovnico.<\/p>\r\n                    <\/div>\r\n                <\/div>\r\n            <\/div>\r\n        <\/a>\r\n\r\n        \r\n        <a href=\"https:\/\/talkpal.ai\/vocabulary_language\/galician\/\">\r\n            <div class=\"learnNavigationWrapper\">\r\n                <div class=\"learnNavigationContent\">\r\n                    <img decoding=\"async\" src=\"https:\/\/talkpal.ai\/wp-content\/uploads\/2024\/08\/Galician.jpg\" alt=\"Galicia Flag\">\r\n                    <div>\r\n                        <h4>Galicijski besednjak<\/h4>\r\n                        <p>Raz\u0161irite svoj galicijski besedni zaklad.<\/p>\r\n                    <\/div>\r\n                <\/div>\r\n            <\/div>\r\n        <\/a>\r\n\r\n            <\/section>","protected":false},"excerpt":{"rendered":"<p>Galicijanska slovnica: Odklepanje lepote romanskega jezika Galicij\u0161\u010dina, romanski jezik, ki ga govori ve\u010d kot dva milijona ljudi v severozahodni \u0160paniji, je edinstveno in privla\u010dno nare\u010dje, ki ima podobnosti s portugal\u0161\u010dino. Ima zna\u010dilno fonologijo, fascinantno zgodovino in \u017eivo pesni\u0161ko tradicijo. Za obvladovanje tega o\u010darljivega jezika je klju\u010dnega pomena razumevanje njegove slovnice. V tem \u010dlanku bomo raziskali [&hellip;]<\/p>\n","protected":false},"author":1,"featured_media":111946,"parent":0,"menu_order":0,"comment_status":"closed","ping_status":"closed","template":"LearningContentPage.php","meta":{"_acf_changed":false,"footnotes":""},"class_list":["post-143915","page","type-page","status-publish","has-post-thumbnail","hentry"],"acf":[],"yoast_head":"<!-- This site is optimized with the Yoast SEO Premium plugin v27.2 (Yoast SEO v27.2) - https:\/\/yoast.com\/product\/yoast-seo-premium-wordpress\/ -->\n<title>Galicijanska slovnica - Talkpal<\/title>\n<meta name=\"description\" content=\"Enostavno obvladajte galicijsko slovnico - nau\u010dite se pravil, sestavite pravilne stavke in jasno komunicirajte\" \/>\n<meta name=\"robots\" content=\"index, follow, max-snippet:-1, max-image-preview:large, max-video-preview:-1\" \/>\n<link rel=\"canonical\" href=\"https:\/\/talkpal.ai\/sl\/galicijanska-slovnica\/\" \/>\n<meta property=\"og:locale\" content=\"sl_SI\" \/>\n<meta property=\"og:type\" content=\"article\" \/>\n<meta property=\"og:title\" content=\"Galicijanska slovnica\" \/>\n<meta property=\"og:description\" content=\"Galicijanska slovnica: Odklepanje lepote romanskega jezika Galicij\u0161\u010dina, romanski jezik, ki ga govori ve\u010d kot dva milijona ljudi v severozahodni \u0160paniji,\" \/>\n<meta property=\"og:url\" content=\"https:\/\/talkpal.ai\/sl\/galicijanska-slovnica\/\" \/>\n<meta property=\"og:site_name\" content=\"Talkpal\" \/>\n<meta property=\"article:publisher\" content=\"https:\/\/www.facebook.com\/profile.php?id=100090733639311\" \/>\n<meta property=\"article:modified_time\" content=\"2025-12-13T15:29:21+00:00\" \/>\n<meta property=\"og:image\" content=\"https:\/\/talkpal.ai\/wp-content\/uploads\/2023\/05\/Galician-spain.png\" \/>\n\t<meta property=\"og:image:width\" content=\"512\" \/>\n\t<meta property=\"og:image:height\" content=\"512\" \/>\n\t<meta property=\"og:image:type\" content=\"image\/png\" \/>\n<meta name=\"twitter:card\" content=\"summary_large_image\" \/>\n<meta name=\"twitter:site\" content=\"@talkpalai\" \/>\n<meta name=\"twitter:label1\" content=\"Est. reading time\" \/>\n\t<meta name=\"twitter:data1\" content=\"3 minute\" \/>\n<script type=\"application\/ld+json\" class=\"yoast-schema-graph\">{\"@context\":\"https:\/\/schema.org\",\"@graph\":[{\"@type\":\"WebPage\",\"@id\":\"https:\/\/talkpal.ai\/sl\/galicijanska-slovnica\/\",\"url\":\"https:\/\/talkpal.ai\/sl\/galicijanska-slovnica\/\",\"name\":\"Galicijanska slovnica - Talkpal\",\"isPartOf\":{\"@id\":\"https:\/\/talkpal.ai\/sl\/#website\"},\"primaryImageOfPage\":{\"@id\":\"https:\/\/talkpal.ai\/sl\/galicijanska-slovnica\/#primaryimage\"},\"image\":{\"@id\":\"https:\/\/talkpal.ai\/sl\/galicijanska-slovnica\/#primaryimage\"},\"thumbnailUrl\":\"https:\/\/talkpal.ai\/wp-content\/uploads\/2023\/05\/Galician-spain.png\",\"datePublished\":\"2023-05-14T14:03:43+00:00\",\"dateModified\":\"2025-12-13T15:29:21+00:00\",\"description\":\"Enostavno obvladajte galicijsko slovnico - nau\u010dite se pravil, sestavite pravilne stavke in jasno komunicirajte\",\"breadcrumb\":{\"@id\":\"https:\/\/talkpal.ai\/sl\/galicijanska-slovnica\/#breadcrumb\"},\"inLanguage\":\"sl-SI\",\"potentialAction\":[{\"@type\":\"ReadAction\",\"target\":[\"https:\/\/talkpal.ai\/sl\/galicijanska-slovnica\/\"]}]},{\"@type\":\"ImageObject\",\"inLanguage\":\"sl-SI\",\"@id\":\"https:\/\/talkpal.ai\/sl\/galicijanska-slovnica\/#primaryimage\",\"url\":\"https:\/\/talkpal.ai\/wp-content\/uploads\/2023\/05\/Galician-spain.png\",\"contentUrl\":\"https:\/\/talkpal.ai\/wp-content\/uploads\/2023\/05\/Galician-spain.png\",\"width\":512,\"height\":512},{\"@type\":\"BreadcrumbList\",\"@id\":\"https:\/\/talkpal.ai\/sl\/galicijanska-slovnica\/#breadcrumb\",\"itemListElement\":[{\"@type\":\"ListItem\",\"position\":1,\"name\":\"Homepage\",\"item\":\"https:\/\/talkpal.ai\/sl\/\"},{\"@type\":\"ListItem\",\"position\":2,\"name\":\"Galicijanska slovnica\"}]},{\"@type\":\"WebSite\",\"@id\":\"https:\/\/talkpal.ai\/sl\/#website\",\"url\":\"https:\/\/talkpal.ai\/sl\/\",\"name\":\"Talkpal\",\"description\":\"AI Language Learning\",\"publisher\":{\"@id\":\"https:\/\/talkpal.ai\/sl\/#organization\"},\"alternateName\":\"Talkpal AI\",\"potentialAction\":[{\"@type\":\"SearchAction\",\"target\":{\"@type\":\"EntryPoint\",\"urlTemplate\":\"https:\/\/talkpal.ai\/sl\/?s={search_term_string}\"},\"query-input\":{\"@type\":\"PropertyValueSpecification\",\"valueRequired\":true,\"valueName\":\"search_term_string\"}}],\"inLanguage\":\"sl-SI\"},{\"@type\":\"Organization\",\"@id\":\"https:\/\/talkpal.ai\/sl\/#organization\",\"name\":\"Talkpal, Inc.\",\"alternateName\":\"Talkpal AI\",\"url\":\"https:\/\/talkpal.ai\/sl\/\",\"logo\":{\"@type\":\"ImageObject\",\"inLanguage\":\"sl-SI\",\"@id\":\"https:\/\/talkpal.ai\/sl\/#\/schema\/logo\/image\/\",\"url\":\"https:\/\/talkpal.ai\/wp-content\/uploads\/2024\/03\/Talkpal-Logo-Icon.png\",\"contentUrl\":\"https:\/\/talkpal.ai\/wp-content\/uploads\/2024\/03\/Talkpal-Logo-Icon.png\",\"width\":2880,\"height\":2880,\"caption\":\"Talkpal, Inc.\"},\"image\":{\"@id\":\"https:\/\/talkpal.ai\/sl\/#\/schema\/logo\/image\/\"},\"sameAs\":[\"https:\/\/www.facebook.com\/profile.php?id=100090733639311\",\"https:\/\/x.com\/talkpalai\",\"https:\/\/www.linkedin.com\/company\/talkpal\/\",\"https:\/\/www.youtube.com\/@TalkPal\/\",\"https:\/\/www.tiktok.com\/@talkpal\",\"https:\/\/www.instagram.com\/talkpal_ai\/\",\"https:\/\/www.crunchbase.com\/organization\/talkpal-9cde\",\"https:\/\/www.g2.com\/products\/talkpal-for-business\/\",\"https:\/\/www.trustpilot.com\/review\/talkpal.ai\",\"https:\/\/www.capterra.com\/p\/10006800\/TalkPal\/\"],\"description\":\"Talkpal is a language learning web and mobile education app, powered by the latest AI technologies, that provides engaging experiences to its customers in many different languages to help them improve their language skills. Users can chat about unlimited amount of topics with the app and use other modes to practice their language learning.\",\"email\":\"support@talkpal.ai\",\"legalName\":\"Talkpal, Inc.\",\"foundingDate\":\"2023-04-03\",\"duns\":\"118989042\",\"numberOfEmployees\":{\"@type\":\"QuantitativeValue\",\"minValue\":\"11\",\"maxValue\":\"50\"},\"publishingPrinciples\":\"https:\/\/talkpal.ai\/publishing-principles\/\",\"actionableFeedbackPolicy\":\"https:\/\/talkpal.ai\/actionable-feedback-policy\/\",\"correctionsPolicy\":\"https:\/\/talkpal.ai\/corrections-policy\/\",\"ethicsPolicy\":\"https:\/\/talkpal.ai\/ethics-policy\/\",\"diversityPolicy\":\"https:\/\/talkpal.ai\/diversity-policy\/\",\"diversityStaffingReport\":\"https:\/\/talkpal.ai\/diversity-policy\/\"}]}<\/script>\n<!-- \/ Yoast SEO Premium plugin. -->","yoast_head_json":{"title":"Galicijanska slovnica - Talkpal","description":"Enostavno obvladajte galicijsko slovnico - nau\u010dite se pravil, sestavite pravilne stavke in jasno komunicirajte","robots":{"index":"index","follow":"follow","max-snippet":"max-snippet:-1","max-image-preview":"max-image-preview:large","max-video-preview":"max-video-preview:-1"},"canonical":"https:\/\/talkpal.ai\/sl\/galicijanska-slovnica\/","og_locale":"sl_SI","og_type":"article","og_title":"Galicijanska slovnica","og_description":"Galicijanska slovnica: Odklepanje lepote romanskega jezika Galicij\u0161\u010dina, romanski jezik, ki ga govori ve\u010d kot dva milijona ljudi v severozahodni \u0160paniji,","og_url":"https:\/\/talkpal.ai\/sl\/galicijanska-slovnica\/","og_site_name":"Talkpal","article_publisher":"https:\/\/www.facebook.com\/profile.php?id=100090733639311","article_modified_time":"2025-12-13T15:29:21+00:00","og_image":[{"width":512,"height":512,"url":"https:\/\/talkpal.ai\/wp-content\/uploads\/2023\/05\/Galician-spain.png","type":"image\/png"}],"twitter_card":"summary_large_image","twitter_site":"@talkpalai","twitter_misc":{"Est. reading time":"3 minute"},"schema":{"@context":"https:\/\/schema.org","@graph":[{"@type":"WebPage","@id":"https:\/\/talkpal.ai\/sl\/galicijanska-slovnica\/","url":"https:\/\/talkpal.ai\/sl\/galicijanska-slovnica\/","name":"Galicijanska slovnica - Talkpal","isPartOf":{"@id":"https:\/\/talkpal.ai\/sl\/#website"},"primaryImageOfPage":{"@id":"https:\/\/talkpal.ai\/sl\/galicijanska-slovnica\/#primaryimage"},"image":{"@id":"https:\/\/talkpal.ai\/sl\/galicijanska-slovnica\/#primaryimage"},"thumbnailUrl":"https:\/\/talkpal.ai\/wp-content\/uploads\/2023\/05\/Galician-spain.png","datePublished":"2023-05-14T14:03:43+00:00","dateModified":"2025-12-13T15:29:21+00:00","description":"Enostavno obvladajte galicijsko slovnico - nau\u010dite se pravil, sestavite pravilne stavke in jasno komunicirajte","breadcrumb":{"@id":"https:\/\/talkpal.ai\/sl\/galicijanska-slovnica\/#breadcrumb"},"inLanguage":"sl-SI","potentialAction":[{"@type":"ReadAction","target":["https:\/\/talkpal.ai\/sl\/galicijanska-slovnica\/"]}]},{"@type":"ImageObject","inLanguage":"sl-SI","@id":"https:\/\/talkpal.ai\/sl\/galicijanska-slovnica\/#primaryimage","url":"https:\/\/talkpal.ai\/wp-content\/uploads\/2023\/05\/Galician-spain.png","contentUrl":"https:\/\/talkpal.ai\/wp-content\/uploads\/2023\/05\/Galician-spain.png","width":512,"height":512},{"@type":"BreadcrumbList","@id":"https:\/\/talkpal.ai\/sl\/galicijanska-slovnica\/#breadcrumb","itemListElement":[{"@type":"ListItem","position":1,"name":"Homepage","item":"https:\/\/talkpal.ai\/sl\/"},{"@type":"ListItem","position":2,"name":"Galicijanska slovnica"}]},{"@type":"WebSite","@id":"https:\/\/talkpal.ai\/sl\/#website","url":"https:\/\/talkpal.ai\/sl\/","name":"Talkpal","description":"AI Language Learning","publisher":{"@id":"https:\/\/talkpal.ai\/sl\/#organization"},"alternateName":"Talkpal AI","potentialAction":[{"@type":"SearchAction","target":{"@type":"EntryPoint","urlTemplate":"https:\/\/talkpal.ai\/sl\/?s={search_term_string}"},"query-input":{"@type":"PropertyValueSpecification","valueRequired":true,"valueName":"search_term_string"}}],"inLanguage":"sl-SI"},{"@type":"Organization","@id":"https:\/\/talkpal.ai\/sl\/#organization","name":"Talkpal, Inc.","alternateName":"Talkpal AI","url":"https:\/\/talkpal.ai\/sl\/","logo":{"@type":"ImageObject","inLanguage":"sl-SI","@id":"https:\/\/talkpal.ai\/sl\/#\/schema\/logo\/image\/","url":"https:\/\/talkpal.ai\/wp-content\/uploads\/2024\/03\/Talkpal-Logo-Icon.png","contentUrl":"https:\/\/talkpal.ai\/wp-content\/uploads\/2024\/03\/Talkpal-Logo-Icon.png","width":2880,"height":2880,"caption":"Talkpal, Inc."},"image":{"@id":"https:\/\/talkpal.ai\/sl\/#\/schema\/logo\/image\/"},"sameAs":["https:\/\/www.facebook.com\/profile.php?id=100090733639311","https:\/\/x.com\/talkpalai","https:\/\/www.linkedin.com\/company\/talkpal\/","https:\/\/www.youtube.com\/@TalkPal\/","https:\/\/www.tiktok.com\/@talkpal","https:\/\/www.instagram.com\/talkpal_ai\/","https:\/\/www.crunchbase.com\/organization\/talkpal-9cde","https:\/\/www.g2.com\/products\/talkpal-for-business\/","https:\/\/www.trustpilot.com\/review\/talkpal.ai","https:\/\/www.capterra.com\/p\/10006800\/TalkPal\/"],"description":"Talkpal is a language learning web and mobile education app, powered by the latest AI technologies, that provides engaging experiences to its customers in many different languages to help them improve their language skills. Users can chat about unlimited amount of topics with the app and use other modes to practice their language learning.","email":"support@talkpal.ai","legalName":"Talkpal, Inc.","foundingDate":"2023-04-03","duns":"118989042","numberOfEmployees":{"@type":"QuantitativeValue","minValue":"11","maxValue":"50"},"publishingPrinciples":"https:\/\/talkpal.ai\/publishing-principles\/","actionableFeedbackPolicy":"https:\/\/talkpal.ai\/actionable-feedback-policy\/","correctionsPolicy":"https:\/\/talkpal.ai\/corrections-policy\/","ethicsPolicy":"https:\/\/talkpal.ai\/ethics-policy\/","diversityPolicy":"https:\/\/talkpal.ai\/diversity-policy\/","diversityStaffingReport":"https:\/\/talkpal.ai\/diversity-policy\/"}]}},"_links":{"self":[{"href":"https:\/\/talkpal.ai\/sl\/wp-json\/wp\/v2\/pages\/143915","targetHints":{"allow":["GET"]}}],"collection":[{"href":"https:\/\/talkpal.ai\/sl\/wp-json\/wp\/v2\/pages"}],"about":[{"href":"https:\/\/talkpal.ai\/sl\/wp-json\/wp\/v2\/types\/page"}],"author":[{"embeddable":true,"href":"https:\/\/talkpal.ai\/sl\/wp-json\/wp\/v2\/users\/1"}],"replies":[{"embeddable":true,"href":"https:\/\/talkpal.ai\/sl\/wp-json\/wp\/v2\/comments?post=143915"}],"version-history":[{"count":0,"href":"https:\/\/talkpal.ai\/sl\/wp-json\/wp\/v2\/pages\/143915\/revisions"}],"wp:featuredmedia":[{"embeddable":true,"href":"https:\/\/talkpal.ai\/sl\/wp-json\/wp\/v2\/media\/111946"}],"wp:attachment":[{"href":"https:\/\/talkpal.ai\/sl\/wp-json\/wp\/v2\/media?parent=143915"}],"curies":[{"name":"wp","href":"https:\/\/api.w.org\/{rel}","templated":true}]}}