{"id":143576,"date":"2023-05-14T14:03:23","date_gmt":"2023-05-14T14:03:23","guid":{"rendered":"http:\/\/talkpal.ai\/danska-slovnica\/"},"modified":"2025-12-13T15:25:22","modified_gmt":"2025-12-13T15:25:22","slug":"danska-slovnica","status":"publish","type":"page","link":"https:\/\/talkpal.ai\/sl\/danska-slovnica\/","title":{"rendered":"Danska slovnica"},"content":{"rendered":"\r\n\r\n\r\n<section class=\"languageChallengeSection\">\r\n    <div class=\"languageInfoWrapper\">\r\n        \r\n        <h1>Danska slovnica<\/h1>\r\n        <p>Spoznajte osnove danske slovnice in za\u010dnite samozavestno komunicirati v tem o\u010darljivem skandinavskem jeziku. Z osvojitvijo osnovnih pravil in struktur boste pridobili spretnosti, potrebne za navezovanje stikov z danskimi govorci in neposredno spoznavanje njihove bogate kulture. Za\u010dnite se u\u010diti danske slovnice \u0161e danes in naredite prvi korak k teko\u010demu jeziku!\n\n<\/p>\r\n\r\n                            <a class=\"getStartedHidden\" href=\"https:\/\/app.talkpal.ai\/sl\/signup?lng=\">Za\u010dni<\/a>\r\n        \r\n    <\/div>\r\n\r\n    <figure>\r\n    <img decoding=\"async\" width=\"768\" height=\"768\" src=\"https:\/\/talkpal.ai\/wp-content\/uploads\/2023\/06\/danish-768x768.png\" class=\"languageImage no-lazy\" alt=\"Language learning for career enhancement\" fetchpriority=\"high\" sizes=\"(max-width: 768px) 150px, 768px\" srcset=\"https:\/\/talkpal.ai\/wp-content\/uploads\/2023\/06\/danish-768x768.png 768w, https:\/\/talkpal.ai\/wp-content\/uploads\/2023\/06\/danish-300x300.png 300w\" \/>\r\n    \r\n\r\n    <\/figure>\r\n\r\n            <a class=\"getStartedVisible\" href=\"https:\/\/app.talkpal.ai\/sl\/signup?lng=\">Za\u010dni<\/a>\r\n    \r\n<\/section>\r\n<section class=\"promotionalBanner\">\r\n    <p class=\"promotionalText\">Naju\u010dinkovitej\u0161i na\u010din u\u010denja jezika<\/p>\r\n    <a class=\"promotionalLink\" href=\"https:\/\/app.talkpal.ai\/sl\/signup?lng=\">Preizkusite Talkpal brezpla\u010dno<\/a>\r\n<\/section>\n<div class=\"wp-block-group pageContainerStyle\"><div class=\"wp-block-group__inner-container is-layout-constrained wp-block-group-is-layout-constrained\">\n<h2 class=\"wp-block-heading\" id=\"h-delving-into-the-depths-of-danish-grammar-unraveling-its-idiosyncrasies-and-charm\">Poglobitev danske slovnice: razkrivanje njenih posebnosti in \u0161arma<\/h2>\n\n\n\n<p>Se spomnite \u010dasa, ko se je u\u010denje angle\u0161ke slovnice zdelo kot te\u017eka bitka s \u0161tevilnimi pravili, izjemami in zapleteno terminologijo? \u010ce ste se odlo\u010dili za u\u010denje danskega jezika, se pripravite na \u0161e eno navdu\u0161ujo\u010do vo\u017enjo skozi zapletenost in u\u017eitke danske slovnice.<\/p>\n\n\n\n<p><a href=\"https:\/\/talkpal.ai\/learn-danish\/\">Dan\u0161\u010dina<\/a>, severnogermanski jezik, ima podobnosti z <a href=\"https:\/\/talkpal.ai\/what-language-is-spoken-on-the-international-space-station\/\">jeziki<\/a>, kot sta <a href=\"https:\/\/talkpal.ai\/learn-norwegian\/\">norve\u0161\u010dina<\/a> in <a href=\"https:\/\/talkpal.ai\/learn-swedish\/\">\u0161ved\u0161\u010dina<\/a>. Vendar pa ima svoje edinstvene zna\u010dilnosti, zaradi katerih je dragulj, ki ga je vredno poglobljeno raziskati. Za\u010dnimo z razkrivanjem \u010dudes danske slovnice, eno pravilo za drugim.<\/p>\n\n\n\n<p><strong>Presenetljiva zna\u010dilnost danske slovnice<\/strong> je njena preprostost, ko gre za vrstni red besed. Dan\u0161\u010dina sledi strukturi subjekta-glagol-objekta (SVO), kot je <a href=\"https:\/\/talkpal.ai\/learn-english-with-ai\/\">angle\u0161\u010dina<\/a>, kar angle\u0161ko govore\u010dim osebam omogo\u010da relativno enostavno razumevanje. Vendar je tu \u0161e en preobrat &#8211; v glavnih stavkih se uporablja besedni red V2, kar pomeni, da <a href=\"https:\/\/talkpal.ai\/locations\/language-courses-in-mora\/\">mora<\/a> biti glagol vedno na drugem mestu. To pravilo danskemu jeziku doda pridih edinstvenosti.<\/p>\n\n\n\n<p>\u0160e en privla\u010den vidik danske slovnice je njen <strong>sistem dveh spolov<\/strong>. Medtem ko so nekateri jeziki, kot sta franco\u0161\u010dina ali \u0161pan\u0161\u010dina, sestavljeni iz lo\u010denih spolov za mo\u0161ko in \u017eensko, dan\u0161\u010dina to poenostavlja z uporabo dveh glavnih spolov: skupnega in srednjega. V dan\u0161\u010dini ve\u010dina samostalnikov spada v kategorijo &#8220;navadni&#8221;, zato je usklajevanje spola s pridevniki in \u010dlenki razmeroma enostavno.<\/p>\n\n\n\n<p>Poglobite se v podro\u010dje <strong>glagolske konjugacije<\/strong> in ugotovili boste, da dan\u0161\u010dina zasen\u010di druge jezike glede preprostosti. Danski glagoli se ne spreminjajo glede na temo, zaradi \u010desar je enostavno zapomniti in razumeti razli\u010dne oblike. Pravilni glagoli sledijo predvidljivim vzorcem in celo <a href=\"https:\/\/talkpal.ai\/sl\/grammar\/nepravilni-glagoli-v-angleski-slovnici\/\">nepravilni glagoli<\/a> predstavljajo majhen izziv, saj so njihove nepravilnosti zelo subtilne.<\/p>\n\n\n\n<p><a href=\"https:\/\/talkpal.ai\/danish-grammar\/\">Danska slovnica<\/a> ponuja edinstveno funkcijo z <strong>uporabo nedolo\u010denih, \u010dlankov in predstavitev<\/strong>. Nedolo\u010dni \u010dlenek je v angle\u0161\u010dini enak &#8220;a&#8221; ali &#8220;an&#8221;, v dan\u0161\u010dini pa je lahko &#8220;en&#8221; za samostalnike srednjega spola ali &#8220;et&#8221; za samostalnike srednjega spola. Dolo\u010dni \u010dlen, ki je podoben angle\u0161kemu &#8220;the&#8221;, se pripne na konec samostalnika in se zdru\u017ei v eno besedo. Demonstrativi, ki ozna\u010dujejo specifi\u010dne samostalnike, se spreminjajo tudi glede na spol samostalnika, kar dodaja raven specifi\u010dnosti in \u0161arma.<\/p>\n\n\n\n<p>Ne pozabimo na lepoto <strong>danske izgovarjave<\/strong>, ki zahteva poznavanje zna\u010dilnih samoglasnikov in meh\u010danih soglasnikov. Uporaba st\u00f8da (glottal stop) ga \u0161e bolj razlikuje od drugih germanskih jezikov, kar daje dan\u0161\u010dini edinstven zvok in privla\u010dnost.<\/p>\n\n\n\n<p>S poglobitvijo v dansko slovnico se ne boste nau\u010dili le novega jezika, ampak boste tudi obogatili svoje kulturno znanje in razumevanje Danske in njenih prebivalcev. \u010ceprav je danska slovnica v\u010dasih zahtevna, ponuja edinstveno u\u010dno izku\u0161njo, ki odpira vrata ne\u0161tetim \u010darom in posebnostim, zaradi katerih je jezik, ki se mu ni mogo\u010de upreti, da ga raziskujemo. Zato zgrabite svoje jezikovne knjige in se podajte na dansko slovni\u010dno pustolov\u0161\u010dino, ki vam obljublja, da vas bo o\u010darala in navdihnila na vsakem koraku!<\/p>\n<\/div><\/div>\n\r\n<section class=\"learnNavigationSection\">\r\n            \r\n        <a href=\"https:\/\/talkpal.ai\/sl\/naucite-se-danscine\/\">\r\n            <div class=\"learnNavigationWrapper\">\r\n                <div class=\"learnNavigationContent\">\r\n                    <img decoding=\"async\" src=\"https:\/\/talkpal.ai\/wp-content\/uploads\/2024\/08\/Danish.jpg\" alt=\"Danish Flag\">\r\n                    <div>\r\n                        <h4>O danskem u\u010denju<\/h4>\r\n                        <p>Izvedite vse o danski slovnici.<\/p>\r\n                    <\/div>\r\n                <\/div>\r\n            <\/div>\r\n        <\/a>\r\n\r\n        \r\n        <a href=\"https:\/\/talkpal.ai\/sl\/danske-slovnicne-vaje\/\">\r\n            <div class=\"learnNavigationWrapper\">\r\n                <div class=\"learnNavigationContent\">\r\n                    <img decoding=\"async\" src=\"https:\/\/talkpal.ai\/wp-content\/uploads\/2024\/08\/Danish.jpg\" alt=\"Danish Flag\">\r\n                    <div>\r\n                        <h4>Vaja iz danske slovnice<\/h4>\r\n                        <p>Vadite dansko slovnico.<\/p>\r\n                    <\/div>\r\n                <\/div>\r\n            <\/div>\r\n        <\/a>\r\n\r\n        \r\n        <a href=\"https:\/\/talkpal.ai\/vocabulary_language\/danish\/\">\r\n            <div class=\"learnNavigationWrapper\">\r\n                <div class=\"learnNavigationContent\">\r\n                    <img decoding=\"async\" src=\"https:\/\/talkpal.ai\/wp-content\/uploads\/2024\/08\/Danish.jpg\" alt=\"Danish Flag\">\r\n                    <div>\r\n                        <h4>Danski besednjak<\/h4>\r\n                        <p>Raz\u0161irite svoj danski besedni zaklad.<\/p>\r\n                    <\/div>\r\n                <\/div>\r\n            <\/div>\r\n        <\/a>\r\n\r\n            <\/section>","protected":false},"excerpt":{"rendered":"<p>Poglobitev danske slovnice: razkrivanje njenih posebnosti in \u0161arma Se spomnite \u010dasa, ko se je u\u010denje angle\u0161ke slovnice zdelo kot te\u017eka bitka s \u0161tevilnimi pravili, izjemami in zapleteno terminologijo? \u010ce ste se odlo\u010dili za u\u010denje danskega jezika, se pripravite na \u0161e eno navdu\u0161ujo\u010do vo\u017enjo skozi zapletenost in u\u017eitke danske slovnice. Dan\u0161\u010dina, severnogermanski jezik, ima podobnosti z [&hellip;]<\/p>\n","protected":false},"author":1,"featured_media":110913,"parent":0,"menu_order":0,"comment_status":"closed","ping_status":"closed","template":"LearningContentPage.php","meta":{"_acf_changed":false,"footnotes":""},"class_list":["post-143576","page","type-page","status-publish","has-post-thumbnail","hentry"],"acf":[],"yoast_head":"<!-- This site is optimized with the Yoast SEO Premium plugin v27.2 (Yoast SEO v27.2) - https:\/\/yoast.com\/product\/yoast-seo-premium-wordpress\/ -->\n<title>Danska slovnica - Talkpal<\/title>\n<meta name=\"description\" content=\"Razi\u0161\u010dite zapletenost danske slovnice ter odkrijte njena edinstvena pravila in zna\u010dilnosti. Nau\u010dite se brez te\u017eav krmariti po jeziku.\" \/>\n<meta name=\"robots\" content=\"index, follow, max-snippet:-1, max-image-preview:large, max-video-preview:-1\" \/>\n<link rel=\"canonical\" href=\"https:\/\/talkpal.ai\/sl\/danska-slovnica\/\" \/>\n<meta property=\"og:locale\" content=\"sl_SI\" \/>\n<meta property=\"og:type\" content=\"article\" \/>\n<meta property=\"og:title\" content=\"Danska slovnica\" \/>\n<meta property=\"og:description\" content=\"Poglobitev danske slovnice: razkrivanje njenih posebnosti in \u0161arma Se spomnite \u010dasa, ko se je u\u010denje angle\u0161ke slovnice zdelo kot te\u017eka bitka s \u0161tevilnimi\" \/>\n<meta property=\"og:url\" content=\"https:\/\/talkpal.ai\/sl\/danska-slovnica\/\" \/>\n<meta property=\"og:site_name\" content=\"Talkpal\" \/>\n<meta property=\"article:publisher\" content=\"https:\/\/www.facebook.com\/profile.php?id=100090733639311\" \/>\n<meta property=\"article:modified_time\" content=\"2025-12-13T15:25:22+00:00\" \/>\n<meta property=\"og:image\" content=\"https:\/\/talkpal.ai\/wp-content\/uploads\/2023\/05\/denmark.png\" \/>\n\t<meta property=\"og:image:width\" content=\"512\" \/>\n\t<meta property=\"og:image:height\" content=\"512\" \/>\n\t<meta property=\"og:image:type\" content=\"image\/png\" \/>\n<meta name=\"twitter:card\" content=\"summary_large_image\" \/>\n<meta name=\"twitter:site\" content=\"@talkpalai\" \/>\n<meta name=\"twitter:label1\" content=\"Est. reading time\" \/>\n\t<meta name=\"twitter:data1\" content=\"2 minuti\" \/>\n<script type=\"application\/ld+json\" class=\"yoast-schema-graph\">{\"@context\":\"https:\/\/schema.org\",\"@graph\":[{\"@type\":\"WebPage\",\"@id\":\"https:\/\/talkpal.ai\/sl\/danska-slovnica\/\",\"url\":\"https:\/\/talkpal.ai\/sl\/danska-slovnica\/\",\"name\":\"Danska slovnica - Talkpal\",\"isPartOf\":{\"@id\":\"https:\/\/talkpal.ai\/sl\/#website\"},\"primaryImageOfPage\":{\"@id\":\"https:\/\/talkpal.ai\/sl\/danska-slovnica\/#primaryimage\"},\"image\":{\"@id\":\"https:\/\/talkpal.ai\/sl\/danska-slovnica\/#primaryimage\"},\"thumbnailUrl\":\"https:\/\/talkpal.ai\/wp-content\/uploads\/2023\/05\/denmark.png\",\"datePublished\":\"2023-05-14T14:03:23+00:00\",\"dateModified\":\"2025-12-13T15:25:22+00:00\",\"description\":\"Razi\u0161\u010dite zapletenost danske slovnice ter odkrijte njena edinstvena pravila in zna\u010dilnosti. Nau\u010dite se brez te\u017eav krmariti po jeziku.\",\"breadcrumb\":{\"@id\":\"https:\/\/talkpal.ai\/sl\/danska-slovnica\/#breadcrumb\"},\"inLanguage\":\"sl-SI\",\"potentialAction\":[{\"@type\":\"ReadAction\",\"target\":[\"https:\/\/talkpal.ai\/sl\/danska-slovnica\/\"]}]},{\"@type\":\"ImageObject\",\"inLanguage\":\"sl-SI\",\"@id\":\"https:\/\/talkpal.ai\/sl\/danska-slovnica\/#primaryimage\",\"url\":\"https:\/\/talkpal.ai\/wp-content\/uploads\/2023\/05\/denmark.png\",\"contentUrl\":\"https:\/\/talkpal.ai\/wp-content\/uploads\/2023\/05\/denmark.png\",\"width\":512,\"height\":512},{\"@type\":\"BreadcrumbList\",\"@id\":\"https:\/\/talkpal.ai\/sl\/danska-slovnica\/#breadcrumb\",\"itemListElement\":[{\"@type\":\"ListItem\",\"position\":1,\"name\":\"Homepage\",\"item\":\"https:\/\/talkpal.ai\/sl\/\"},{\"@type\":\"ListItem\",\"position\":2,\"name\":\"Danska slovnica\"}]},{\"@type\":\"WebSite\",\"@id\":\"https:\/\/talkpal.ai\/sl\/#website\",\"url\":\"https:\/\/talkpal.ai\/sl\/\",\"name\":\"Talkpal\",\"description\":\"AI Language Learning\",\"publisher\":{\"@id\":\"https:\/\/talkpal.ai\/sl\/#organization\"},\"alternateName\":\"Talkpal AI\",\"potentialAction\":[{\"@type\":\"SearchAction\",\"target\":{\"@type\":\"EntryPoint\",\"urlTemplate\":\"https:\/\/talkpal.ai\/sl\/?s={search_term_string}\"},\"query-input\":{\"@type\":\"PropertyValueSpecification\",\"valueRequired\":true,\"valueName\":\"search_term_string\"}}],\"inLanguage\":\"sl-SI\"},{\"@type\":\"Organization\",\"@id\":\"https:\/\/talkpal.ai\/sl\/#organization\",\"name\":\"Talkpal, Inc.\",\"alternateName\":\"Talkpal AI\",\"url\":\"https:\/\/talkpal.ai\/sl\/\",\"logo\":{\"@type\":\"ImageObject\",\"inLanguage\":\"sl-SI\",\"@id\":\"https:\/\/talkpal.ai\/sl\/#\/schema\/logo\/image\/\",\"url\":\"https:\/\/talkpal.ai\/wp-content\/uploads\/2024\/03\/Talkpal-Logo-Icon.png\",\"contentUrl\":\"https:\/\/talkpal.ai\/wp-content\/uploads\/2024\/03\/Talkpal-Logo-Icon.png\",\"width\":2880,\"height\":2880,\"caption\":\"Talkpal, Inc.\"},\"image\":{\"@id\":\"https:\/\/talkpal.ai\/sl\/#\/schema\/logo\/image\/\"},\"sameAs\":[\"https:\/\/www.facebook.com\/profile.php?id=100090733639311\",\"https:\/\/x.com\/talkpalai\",\"https:\/\/www.linkedin.com\/company\/talkpal\/\",\"https:\/\/www.youtube.com\/@TalkPal\/\",\"https:\/\/www.tiktok.com\/@talkpal\",\"https:\/\/www.instagram.com\/talkpal_ai\/\",\"https:\/\/www.crunchbase.com\/organization\/talkpal-9cde\",\"https:\/\/www.g2.com\/products\/talkpal-for-business\/\",\"https:\/\/www.trustpilot.com\/review\/talkpal.ai\",\"https:\/\/www.capterra.com\/p\/10006800\/TalkPal\/\"],\"description\":\"Talkpal is a language learning web and mobile education app, powered by the latest AI technologies, that provides engaging experiences to its customers in many different languages to help them improve their language skills. Users can chat about unlimited amount of topics with the app and use other modes to practice their language learning.\",\"email\":\"support@talkpal.ai\",\"legalName\":\"Talkpal, Inc.\",\"foundingDate\":\"2023-04-03\",\"duns\":\"118989042\",\"numberOfEmployees\":{\"@type\":\"QuantitativeValue\",\"minValue\":\"11\",\"maxValue\":\"50\"},\"publishingPrinciples\":\"https:\/\/talkpal.ai\/publishing-principles\/\",\"actionableFeedbackPolicy\":\"https:\/\/talkpal.ai\/actionable-feedback-policy\/\",\"correctionsPolicy\":\"https:\/\/talkpal.ai\/corrections-policy\/\",\"ethicsPolicy\":\"https:\/\/talkpal.ai\/ethics-policy\/\",\"diversityPolicy\":\"https:\/\/talkpal.ai\/diversity-policy\/\",\"diversityStaffingReport\":\"https:\/\/talkpal.ai\/diversity-policy\/\"}]}<\/script>\n<!-- \/ Yoast SEO Premium plugin. -->","yoast_head_json":{"title":"Danska slovnica - Talkpal","description":"Razi\u0161\u010dite zapletenost danske slovnice ter odkrijte njena edinstvena pravila in zna\u010dilnosti. Nau\u010dite se brez te\u017eav krmariti po jeziku.","robots":{"index":"index","follow":"follow","max-snippet":"max-snippet:-1","max-image-preview":"max-image-preview:large","max-video-preview":"max-video-preview:-1"},"canonical":"https:\/\/talkpal.ai\/sl\/danska-slovnica\/","og_locale":"sl_SI","og_type":"article","og_title":"Danska slovnica","og_description":"Poglobitev danske slovnice: razkrivanje njenih posebnosti in \u0161arma Se spomnite \u010dasa, ko se je u\u010denje angle\u0161ke slovnice zdelo kot te\u017eka bitka s \u0161tevilnimi","og_url":"https:\/\/talkpal.ai\/sl\/danska-slovnica\/","og_site_name":"Talkpal","article_publisher":"https:\/\/www.facebook.com\/profile.php?id=100090733639311","article_modified_time":"2025-12-13T15:25:22+00:00","og_image":[{"width":512,"height":512,"url":"https:\/\/talkpal.ai\/wp-content\/uploads\/2023\/05\/denmark.png","type":"image\/png"}],"twitter_card":"summary_large_image","twitter_site":"@talkpalai","twitter_misc":{"Est. reading time":"2 minuti"},"schema":{"@context":"https:\/\/schema.org","@graph":[{"@type":"WebPage","@id":"https:\/\/talkpal.ai\/sl\/danska-slovnica\/","url":"https:\/\/talkpal.ai\/sl\/danska-slovnica\/","name":"Danska slovnica - Talkpal","isPartOf":{"@id":"https:\/\/talkpal.ai\/sl\/#website"},"primaryImageOfPage":{"@id":"https:\/\/talkpal.ai\/sl\/danska-slovnica\/#primaryimage"},"image":{"@id":"https:\/\/talkpal.ai\/sl\/danska-slovnica\/#primaryimage"},"thumbnailUrl":"https:\/\/talkpal.ai\/wp-content\/uploads\/2023\/05\/denmark.png","datePublished":"2023-05-14T14:03:23+00:00","dateModified":"2025-12-13T15:25:22+00:00","description":"Razi\u0161\u010dite zapletenost danske slovnice ter odkrijte njena edinstvena pravila in zna\u010dilnosti. Nau\u010dite se brez te\u017eav krmariti po jeziku.","breadcrumb":{"@id":"https:\/\/talkpal.ai\/sl\/danska-slovnica\/#breadcrumb"},"inLanguage":"sl-SI","potentialAction":[{"@type":"ReadAction","target":["https:\/\/talkpal.ai\/sl\/danska-slovnica\/"]}]},{"@type":"ImageObject","inLanguage":"sl-SI","@id":"https:\/\/talkpal.ai\/sl\/danska-slovnica\/#primaryimage","url":"https:\/\/talkpal.ai\/wp-content\/uploads\/2023\/05\/denmark.png","contentUrl":"https:\/\/talkpal.ai\/wp-content\/uploads\/2023\/05\/denmark.png","width":512,"height":512},{"@type":"BreadcrumbList","@id":"https:\/\/talkpal.ai\/sl\/danska-slovnica\/#breadcrumb","itemListElement":[{"@type":"ListItem","position":1,"name":"Homepage","item":"https:\/\/talkpal.ai\/sl\/"},{"@type":"ListItem","position":2,"name":"Danska slovnica"}]},{"@type":"WebSite","@id":"https:\/\/talkpal.ai\/sl\/#website","url":"https:\/\/talkpal.ai\/sl\/","name":"Talkpal","description":"AI Language Learning","publisher":{"@id":"https:\/\/talkpal.ai\/sl\/#organization"},"alternateName":"Talkpal AI","potentialAction":[{"@type":"SearchAction","target":{"@type":"EntryPoint","urlTemplate":"https:\/\/talkpal.ai\/sl\/?s={search_term_string}"},"query-input":{"@type":"PropertyValueSpecification","valueRequired":true,"valueName":"search_term_string"}}],"inLanguage":"sl-SI"},{"@type":"Organization","@id":"https:\/\/talkpal.ai\/sl\/#organization","name":"Talkpal, Inc.","alternateName":"Talkpal AI","url":"https:\/\/talkpal.ai\/sl\/","logo":{"@type":"ImageObject","inLanguage":"sl-SI","@id":"https:\/\/talkpal.ai\/sl\/#\/schema\/logo\/image\/","url":"https:\/\/talkpal.ai\/wp-content\/uploads\/2024\/03\/Talkpal-Logo-Icon.png","contentUrl":"https:\/\/talkpal.ai\/wp-content\/uploads\/2024\/03\/Talkpal-Logo-Icon.png","width":2880,"height":2880,"caption":"Talkpal, Inc."},"image":{"@id":"https:\/\/talkpal.ai\/sl\/#\/schema\/logo\/image\/"},"sameAs":["https:\/\/www.facebook.com\/profile.php?id=100090733639311","https:\/\/x.com\/talkpalai","https:\/\/www.linkedin.com\/company\/talkpal\/","https:\/\/www.youtube.com\/@TalkPal\/","https:\/\/www.tiktok.com\/@talkpal","https:\/\/www.instagram.com\/talkpal_ai\/","https:\/\/www.crunchbase.com\/organization\/talkpal-9cde","https:\/\/www.g2.com\/products\/talkpal-for-business\/","https:\/\/www.trustpilot.com\/review\/talkpal.ai","https:\/\/www.capterra.com\/p\/10006800\/TalkPal\/"],"description":"Talkpal is a language learning web and mobile education app, powered by the latest AI technologies, that provides engaging experiences to its customers in many different languages to help them improve their language skills. Users can chat about unlimited amount of topics with the app and use other modes to practice their language learning.","email":"support@talkpal.ai","legalName":"Talkpal, Inc.","foundingDate":"2023-04-03","duns":"118989042","numberOfEmployees":{"@type":"QuantitativeValue","minValue":"11","maxValue":"50"},"publishingPrinciples":"https:\/\/talkpal.ai\/publishing-principles\/","actionableFeedbackPolicy":"https:\/\/talkpal.ai\/actionable-feedback-policy\/","correctionsPolicy":"https:\/\/talkpal.ai\/corrections-policy\/","ethicsPolicy":"https:\/\/talkpal.ai\/ethics-policy\/","diversityPolicy":"https:\/\/talkpal.ai\/diversity-policy\/","diversityStaffingReport":"https:\/\/talkpal.ai\/diversity-policy\/"}]}},"_links":{"self":[{"href":"https:\/\/talkpal.ai\/sl\/wp-json\/wp\/v2\/pages\/143576","targetHints":{"allow":["GET"]}}],"collection":[{"href":"https:\/\/talkpal.ai\/sl\/wp-json\/wp\/v2\/pages"}],"about":[{"href":"https:\/\/talkpal.ai\/sl\/wp-json\/wp\/v2\/types\/page"}],"author":[{"embeddable":true,"href":"https:\/\/talkpal.ai\/sl\/wp-json\/wp\/v2\/users\/1"}],"replies":[{"embeddable":true,"href":"https:\/\/talkpal.ai\/sl\/wp-json\/wp\/v2\/comments?post=143576"}],"version-history":[{"count":0,"href":"https:\/\/talkpal.ai\/sl\/wp-json\/wp\/v2\/pages\/143576\/revisions"}],"wp:featuredmedia":[{"embeddable":true,"href":"https:\/\/talkpal.ai\/sl\/wp-json\/wp\/v2\/media\/110913"}],"wp:attachment":[{"href":"https:\/\/talkpal.ai\/sl\/wp-json\/wp\/v2\/media?parent=143576"}],"curies":[{"name":"wp","href":"https:\/\/api.w.org\/{rel}","templated":true}]}}