{"id":143246,"date":"2023-05-14T14:03:07","date_gmt":"2023-05-14T14:03:07","guid":{"rendered":"http:\/\/talkpal.ai\/ceska-slovnica\/"},"modified":"2025-12-13T15:21:34","modified_gmt":"2025-12-13T15:21:34","slug":"ceska-slovnica","status":"publish","type":"page","link":"https:\/\/talkpal.ai\/sl\/ceska-slovnica\/","title":{"rendered":"\u010ce\u0161ka slovnica"},"content":{"rendered":"\r\n\r\n\r\n<section class=\"languageChallengeSection\">\r\n    <div class=\"languageInfoWrapper\">\r\n        \r\n        <h1>\u010ce\u0161ka slovnica<\/h1>\r\n        <p>Spoznajte zapletenost \u010de\u0161ke slovnice in si odprite vrata k razumevanju tega srednjeevropskega jezika. \u010ce boste obvladali bistvena pravila in vzorce, boste u\u010dinkoviteje komunicirali in bolje spoznali \u010de\u0161ko kulturo. Za\u010dnite se u\u010diti \u010de\u0161ko slovnico \u0161e danes in naredite prvi korak k teko\u010demu sporazumevanju!<\/p>\r\n\r\n                            <a class=\"getStartedHidden\" href=\"https:\/\/app.talkpal.ai\/sl\/signup?lng=\">Za\u010dni<\/a>\r\n        \r\n    <\/div>\r\n\r\n    <figure>\r\n    <img decoding=\"async\" width=\"768\" height=\"768\" src=\"https:\/\/talkpal.ai\/wp-content\/uploads\/2023\/06\/Czech-768x768.png\" class=\"languageImage no-lazy\" alt=\"Language learning for intellectual development\" fetchpriority=\"high\" sizes=\"(max-width: 768px) 150px, 768px\" srcset=\"https:\/\/talkpal.ai\/wp-content\/uploads\/2023\/06\/Czech-768x768.png 768w, https:\/\/talkpal.ai\/wp-content\/uploads\/2023\/06\/Czech-300x300.png 300w\" \/>\r\n    \r\n\r\n    <\/figure>\r\n\r\n            <a class=\"getStartedVisible\" href=\"https:\/\/app.talkpal.ai\/sl\/signup?lng=\">Za\u010dni<\/a>\r\n    \r\n<\/section>\r\n<section class=\"promotionalBanner\">\r\n    <p class=\"promotionalText\">Naju\u010dinkovitej\u0161i na\u010din u\u010denja jezika<\/p>\r\n    <a class=\"promotionalLink\" href=\"https:\/\/app.talkpal.ai\/sl\/signup?lng=\">Preizkusite Talkpal brezpla\u010dno<\/a>\r\n<\/section>\n<div class=\"wp-block-group pageContainerStyle\"><div class=\"wp-block-group__inner-container is-layout-constrained wp-block-group-is-layout-constrained\">\n<h2 class=\"wp-block-heading\" id=\"h-czech-grammar-making-sense-of-the-czech-language-s-unique-structure\">\u010ce\u0161ka slovnica: razumevanje edinstvene strukture \u010de\u0161kega jezika<\/h2>\n\n\n\n<p>\u010ce ste se kdaj posku\u0161ali nau\u010diti \u010de\u0161\u010dine &#8211; ali pa ste celo prelistali kak \u010dlanek ali knjigo o \u010de\u0161\u010dini &#8211; ste verjetno opazili, da je <a href=\"https:\/\/talkpal.ai\/czech-grammar\/\">slovnica \u010de\u0161\u010dine<\/a> lahko precej zahtevna. <a href=\"https:\/\/talkpal.ai\/czech-grammar\/\">\u010ce\u0161ka slovnica<\/a>, ki velja za enega najbolj zapletenih jezikovnih sistemov, je zmedla \u0161tevilne tuje \u0161tudente. A <a href=\"https:\/\/talkpal.ai\/talkpal-new-years-discount\/\">naj<\/a> vas to ne prestra\u0161i! Posebnosti \u010de\u0161ke slovnice so tisto, zaradi \u010desar je fascinantna in edinstvena. V tem \u010dlanku bomo na pogovorni na\u010din razlo\u017eili nekaj klju\u010dnih elementov \u010de\u0161ke slovnice in vam pomagali globlje razumeti ta \u010dudoviti jezik.<\/p>\n\n\n\n<h3 class=\"wp-block-heading\" id=\"h-1-nouns-declensions-and-cases-galore\">1. Samostalniki &#8211; sklanjatve in primeri galore!<\/h3>\n\n\n\n<p><a href=\"https:\/\/talkpal.ai\/locations\/language-courses-in-ena\/\">Ena<\/a> prvih stvari, ki jih boste opazili pri <a href=\"https:\/\/talkpal.ai\/learn-czech\/\">\u010de\u0161ki<\/a> slovnici, so sklanjatve samostalnikov. Deklinacija je skupina samostalnikov s podobnimi slovni\u010dnimi zna\u010dilnostmi, \u010de\u0161\u010dina pa ima do 14 razli\u010dnih deklinacij. Kaj pravite na to raznolikost? Vsaka deklinacija ima specifi\u010den vzorec za predstavitev edninske in mno\u017einske samostalni\u0161ke oblike.<\/p>\n\n\n\n<p>\u010ce\u0161ki samostalniki imajo tudi sedem razli\u010dnih primerov: nominativni, genitivni, dativni, akuzativni, vokativni, lokativni in instrumentalni. \u010ceprav se zdi tak\u0161na \u0161tevilka zastra\u0161ujo\u010da, je treba te primere poznati, saj so klju\u010dnega pomena za izra\u017eanje pomena. Na primer, v \u010de\u0161\u010dini besedni red ni tako pomemben kot v angle\u0161\u010dini, temve\u010d so pomembnej\u0161i primeri, ki ozna\u010dujejo razmerja med besedami.<\/p>\n\n\n\n<h3 class=\"wp-block-heading\" id=\"h-2-adjectives-agreeing-with-nouns\">2. Pridevniki \u2013 strinjanje s samostalniki<\/h3>\n\n\n\n<p>\u010ce\u0161ki pridevniki imajo posebno dol\u017enost: strinjati se morajo s samostalniki, ki jih spreminjajo glede na spol, \u0161tevilo in primer. Pomislite na to kot na dinami\u010den duo, slovni\u010dni tango, kjer se <a href=\"https:\/\/talkpal.ai\/locations\/language-courses-in-ena\/\">ena<\/a> polovica elegantno prilagodi, da dopolnjuje drugo. Ta sporazum pomaga ustvarjati harmonijo v stavkih in pove\u010duje jasnost.<\/p>\n\n\n\n<p>V \u010de\u0161\u010dini na primer beseda &#8220;lep&#8221; pomeni &#8220;kr\u00e1sn\u00fd&#8221;. \u010ce opisujete lepo hi\u0161o (d\u016fm), ki je mo\u0161kega spola, boste uporabili &#8220;lep\u00fd d\u016fm&#8221;. Za lepo dekle (d\u00edvka), ki je \u017eenskega spola, je to &#8220;lepn\u00e1 d\u00edvka&#8221;. Za lep dan (den), ki je srednjega spola, pa boste rekli &#8220;lep dan&#8221;. Poglejte, kako pridevnik ple\u0161e skupaj s samostalnikom?<\/p>\n\n\n\n<h3 class=\"wp-block-heading\" id=\"h-3-verbs-the-art-of-conjugation\">3. Glagoli &#8211; umetnost konjugacije<\/h3>\n\n\n\n<p>V \u010de\u0161\u010dini umetnost konjugacije \u2013 torej spreminjanje glagolskih oblik, ki temeljijo na napetosti, razpolo\u017eenju in \u010dloveku \u2013 za\u017eivi svoje. \u010ce\u0161ki glagoli spadajo v dve kategoriji: popolni in nepopolni. Popolni glagoli ka\u017eejo, da je bilo dejanje kon\u010dano, medtem ko nepopolni glagoli ka\u017eejo na teko\u010da ali obi\u010dajna dejanja.  <\/p>\n\n\n\n<p><a href=\"https:\/\/talkpal.ai\/learn-czech\/\">\u010ce\u0161ka<\/a> <a href=\"https:\/\/talkpal.ai\/grammar\/\">slovnica<\/a> ima nekaj vznemirljivih \u010dude\u017eev, ko gre za glagole. Na primer, prihodnji \u010das se redno oblikuje le za nepopolne glagole. Za popolne glagole se zlije s sedanjim \u010dasom! Namesto da bi imel poseben pasivni glas, \u010de\u0161\u010dina vklju\u010duje pasivne konstrukcije z uporabo pomo\u017enih glagolov. Ne smemo pozabiti na \u010de\u0161ke povratne glagole, pri katerih se dejanja odra\u017eajo nazaj k subjektu, kar temu zanimivemu jeziku doda \u0161e eno raven nians.<\/p>\n\n\n\n<h3 class=\"wp-block-heading\" id=\"h-4-pronouns-the-mirror-of-linguistic-diversity\">4. Zaimki: ogledalo jezikovne raznolikosti<\/h3>\n\n\n\n<p>Zaimki v \u010de\u0161ki slovnici &#8211; govorimo o osebnih, posestnih, kazalnih, vpra\u0161alnih in relativnih zaimkih &#8211; so enako raznoliki kot drugi deli govora. Tudi oni se morajo strinjati glede spola, \u0161tevila in primera s samostalniki, ki jih nadome\u0161\u010dajo ali se sklicujejo.<\/p>\n\n\n\n<p>\u010ce na primer govorite o knjigi, ki vam je v\u0161e\u010d, bi rekli &#8220;M\u00e1m rad tu knjigo&#8221; (ta knjiga mi je v\u0161e\u010d). Tu je &#8220;tu&#8221; \u017eenska oblika kazalnega zaimka &#8220;to&#8221;, ki se ujema z &#8220;knjigo&#8221; (knjiga), ki je prav tako \u017eenskega spola.<\/p>\n\n\n\n<h3 class=\"wp-block-heading\" id=\"h-5-embracing-the-challenge\">5. Sprejemanje izziva<\/h3>\n\n\n\n<p>\u010ce\u0161ka slovnica je lahko zapletena in zastra\u0161ujo\u010da, vendar je prav to tisto, kar ta fascinantni jezik naredi poseben. Ne izogibajte se izzivom! Ne pozabite, da ne gre za to, da bi obvladali vse naenkrat, temve\u010d za postopen napredek. \u010ce si boste vzeli \u010das za razumevanje edinstvenega sistema \u010de\u0161ke slovnice, boste na dobri <a href=\"https:\/\/talkpal.ai\/locations\/learn-english-in-poti\/\">poti<\/a> k obvladovanju tega \u010dudovitega in zapletenega jezika. Ko boste spoznali \u010dudovite odtenke, ki jih ponuja \u010de\u0161ka slovnica, boste nedvomno na novo spoznali njeno zapletenost. Sre\u010dno u\u010denje!<\/p>\n<\/div><\/div>\n\r\n<section class=\"learnNavigationSection\">\r\n            \r\n        <a href=\"https:\/\/talkpal.ai\/sl\/naucite-se-cescine\/\">\r\n            <div class=\"learnNavigationWrapper\">\r\n                <div class=\"learnNavigationContent\">\r\n                    <img decoding=\"async\" src=\"https:\/\/talkpal.ai\/wp-content\/uploads\/2024\/08\/Czech.jpg\" alt=\"Czech Flag\">\r\n                    <div>\r\n                        <h4>O u\u010denju \u010de\u0161\u010dine<\/h4>\r\n                        <p>Izvedite vse o \u010de\u0161ki slovnici.<\/p>\r\n                    <\/div>\r\n                <\/div>\r\n            <\/div>\r\n        <\/a>\r\n\r\n        \r\n        <a href=\"https:\/\/talkpal.ai\/sl\/ceske-slovnicne-vaje\/\">\r\n            <div class=\"learnNavigationWrapper\">\r\n                <div class=\"learnNavigationContent\">\r\n                    <img decoding=\"async\" src=\"https:\/\/talkpal.ai\/wp-content\/uploads\/2024\/08\/Czech.jpg\" alt=\"Czech Flag\">\r\n                    <div>\r\n                        <h4>Vaja iz \u010de\u0161ke slovnice<\/h4>\r\n                        <p>Vadite \u010de\u0161ko slovnico.<\/p>\r\n                    <\/div>\r\n                <\/div>\r\n            <\/div>\r\n        <\/a>\r\n\r\n        \r\n        <a href=\"https:\/\/talkpal.ai\/vocabulary_language\/czech\/\">\r\n            <div class=\"learnNavigationWrapper\">\r\n                <div class=\"learnNavigationContent\">\r\n                    <img decoding=\"async\" src=\"https:\/\/talkpal.ai\/wp-content\/uploads\/2024\/08\/Czech.jpg\" alt=\"Czech Flag\">\r\n                    <div>\r\n                        <h4>\u010ce\u0161ki besednjak<\/h4>\r\n                        <p>Raz\u0161irite svoj \u010de\u0161ki besedni zaklad.<\/p>\r\n                    <\/div>\r\n                <\/div>\r\n            <\/div>\r\n        <\/a>\r\n\r\n            <\/section>","protected":false},"excerpt":{"rendered":"<p>\u010ce\u0161ka slovnica: razumevanje edinstvene strukture \u010de\u0161kega jezika \u010ce ste se kdaj posku\u0161ali nau\u010diti \u010de\u0161\u010dine &#8211; ali pa ste celo prelistali kak \u010dlanek ali knjigo o \u010de\u0161\u010dini &#8211; ste verjetno opazili, da je slovnica \u010de\u0161\u010dine lahko precej zahtevna. \u010ce\u0161ka slovnica, ki velja za enega najbolj zapletenih jezikovnih sistemov, je zmedla \u0161tevilne tuje \u0161tudente. A naj vas [&hellip;]<\/p>\n","protected":false},"author":1,"featured_media":111742,"parent":0,"menu_order":0,"comment_status":"closed","ping_status":"closed","template":"LearningContentPage.php","meta":{"_acf_changed":false,"footnotes":""},"class_list":["post-143246","page","type-page","status-publish","has-post-thumbnail","hentry"],"acf":[],"yoast_head":"<!-- This site is optimized with the Yoast SEO Premium plugin v27.2 (Yoast SEO v27.2) - https:\/\/yoast.com\/product\/yoast-seo-premium-wordpress\/ -->\n<title>\u010ce\u0161ka slovnica - Talkpal<\/title>\n<meta name=\"description\" content=\"Odkrijte skrivnosti \u010de\u0161ke slovnice. Spoznajte njegovo edinstveno zapletenost in se nau\u010dite, kako u\u010dinkovito obvladati samostalni\u0161ke sklanjatve.\" \/>\n<meta name=\"robots\" content=\"index, follow, max-snippet:-1, max-image-preview:large, max-video-preview:-1\" \/>\n<link rel=\"canonical\" href=\"https:\/\/talkpal.ai\/sl\/ceska-slovnica\/\" \/>\n<meta property=\"og:locale\" content=\"sl_SI\" \/>\n<meta property=\"og:type\" content=\"article\" \/>\n<meta property=\"og:title\" content=\"\u010ce\u0161ka slovnica\" \/>\n<meta property=\"og:description\" content=\"\u010ce\u0161ka slovnica: razumevanje edinstvene strukture \u010de\u0161kega jezika \u010ce ste se kdaj posku\u0161ali nau\u010diti \u010de\u0161\u010dine - ali pa ste celo prelistali kak \u010dlanek ali\" \/>\n<meta property=\"og:url\" content=\"https:\/\/talkpal.ai\/sl\/ceska-slovnica\/\" \/>\n<meta property=\"og:site_name\" content=\"Talkpal\" \/>\n<meta property=\"article:publisher\" content=\"https:\/\/www.facebook.com\/profile.php?id=100090733639311\" \/>\n<meta property=\"article:modified_time\" content=\"2025-12-13T15:21:34+00:00\" \/>\n<meta property=\"og:image\" content=\"https:\/\/talkpal.ai\/wp-content\/uploads\/2023\/05\/czech-republic.png\" \/>\n\t<meta property=\"og:image:width\" content=\"512\" \/>\n\t<meta property=\"og:image:height\" content=\"512\" \/>\n\t<meta property=\"og:image:type\" content=\"image\/png\" \/>\n<meta name=\"twitter:card\" content=\"summary_large_image\" \/>\n<meta name=\"twitter:site\" content=\"@talkpalai\" \/>\n<meta name=\"twitter:label1\" content=\"Est. reading time\" \/>\n\t<meta name=\"twitter:data1\" content=\"3 minute\" \/>\n<script type=\"application\/ld+json\" class=\"yoast-schema-graph\">{\"@context\":\"https:\/\/schema.org\",\"@graph\":[{\"@type\":\"WebPage\",\"@id\":\"https:\/\/talkpal.ai\/sl\/ceska-slovnica\/\",\"url\":\"https:\/\/talkpal.ai\/sl\/ceska-slovnica\/\",\"name\":\"\u010ce\u0161ka slovnica - Talkpal\",\"isPartOf\":{\"@id\":\"https:\/\/talkpal.ai\/sl\/#website\"},\"primaryImageOfPage\":{\"@id\":\"https:\/\/talkpal.ai\/sl\/ceska-slovnica\/#primaryimage\"},\"image\":{\"@id\":\"https:\/\/talkpal.ai\/sl\/ceska-slovnica\/#primaryimage\"},\"thumbnailUrl\":\"https:\/\/talkpal.ai\/wp-content\/uploads\/2023\/05\/czech-republic.png\",\"datePublished\":\"2023-05-14T14:03:07+00:00\",\"dateModified\":\"2025-12-13T15:21:34+00:00\",\"description\":\"Odkrijte skrivnosti \u010de\u0161ke slovnice. Spoznajte njegovo edinstveno zapletenost in se nau\u010dite, kako u\u010dinkovito obvladati samostalni\u0161ke sklanjatve.\",\"breadcrumb\":{\"@id\":\"https:\/\/talkpal.ai\/sl\/ceska-slovnica\/#breadcrumb\"},\"inLanguage\":\"sl-SI\",\"potentialAction\":[{\"@type\":\"ReadAction\",\"target\":[\"https:\/\/talkpal.ai\/sl\/ceska-slovnica\/\"]}]},{\"@type\":\"ImageObject\",\"inLanguage\":\"sl-SI\",\"@id\":\"https:\/\/talkpal.ai\/sl\/ceska-slovnica\/#primaryimage\",\"url\":\"https:\/\/talkpal.ai\/wp-content\/uploads\/2023\/05\/czech-republic.png\",\"contentUrl\":\"https:\/\/talkpal.ai\/wp-content\/uploads\/2023\/05\/czech-republic.png\",\"width\":512,\"height\":512},{\"@type\":\"BreadcrumbList\",\"@id\":\"https:\/\/talkpal.ai\/sl\/ceska-slovnica\/#breadcrumb\",\"itemListElement\":[{\"@type\":\"ListItem\",\"position\":1,\"name\":\"Homepage\",\"item\":\"https:\/\/talkpal.ai\/sl\/\"},{\"@type\":\"ListItem\",\"position\":2,\"name\":\"\u010ce\u0161ka slovnica\"}]},{\"@type\":\"WebSite\",\"@id\":\"https:\/\/talkpal.ai\/sl\/#website\",\"url\":\"https:\/\/talkpal.ai\/sl\/\",\"name\":\"Talkpal\",\"description\":\"AI Language Learning\",\"publisher\":{\"@id\":\"https:\/\/talkpal.ai\/sl\/#organization\"},\"alternateName\":\"Talkpal AI\",\"potentialAction\":[{\"@type\":\"SearchAction\",\"target\":{\"@type\":\"EntryPoint\",\"urlTemplate\":\"https:\/\/talkpal.ai\/sl\/?s={search_term_string}\"},\"query-input\":{\"@type\":\"PropertyValueSpecification\",\"valueRequired\":true,\"valueName\":\"search_term_string\"}}],\"inLanguage\":\"sl-SI\"},{\"@type\":\"Organization\",\"@id\":\"https:\/\/talkpal.ai\/sl\/#organization\",\"name\":\"Talkpal, Inc.\",\"alternateName\":\"Talkpal AI\",\"url\":\"https:\/\/talkpal.ai\/sl\/\",\"logo\":{\"@type\":\"ImageObject\",\"inLanguage\":\"sl-SI\",\"@id\":\"https:\/\/talkpal.ai\/sl\/#\/schema\/logo\/image\/\",\"url\":\"https:\/\/talkpal.ai\/wp-content\/uploads\/2024\/03\/Talkpal-Logo-Icon.png\",\"contentUrl\":\"https:\/\/talkpal.ai\/wp-content\/uploads\/2024\/03\/Talkpal-Logo-Icon.png\",\"width\":2880,\"height\":2880,\"caption\":\"Talkpal, Inc.\"},\"image\":{\"@id\":\"https:\/\/talkpal.ai\/sl\/#\/schema\/logo\/image\/\"},\"sameAs\":[\"https:\/\/www.facebook.com\/profile.php?id=100090733639311\",\"https:\/\/x.com\/talkpalai\",\"https:\/\/www.linkedin.com\/company\/talkpal\/\",\"https:\/\/www.youtube.com\/@TalkPal\/\",\"https:\/\/www.tiktok.com\/@talkpal\",\"https:\/\/www.instagram.com\/talkpal_ai\/\",\"https:\/\/www.crunchbase.com\/organization\/talkpal-9cde\",\"https:\/\/www.g2.com\/products\/talkpal-for-business\/\",\"https:\/\/www.trustpilot.com\/review\/talkpal.ai\",\"https:\/\/www.capterra.com\/p\/10006800\/TalkPal\/\"],\"description\":\"Talkpal is a language learning web and mobile education app, powered by the latest AI technologies, that provides engaging experiences to its customers in many different languages to help them improve their language skills. Users can chat about unlimited amount of topics with the app and use other modes to practice their language learning.\",\"email\":\"support@talkpal.ai\",\"legalName\":\"Talkpal, Inc.\",\"foundingDate\":\"2023-04-03\",\"duns\":\"118989042\",\"numberOfEmployees\":{\"@type\":\"QuantitativeValue\",\"minValue\":\"11\",\"maxValue\":\"50\"},\"publishingPrinciples\":\"https:\/\/talkpal.ai\/publishing-principles\/\",\"actionableFeedbackPolicy\":\"https:\/\/talkpal.ai\/actionable-feedback-policy\/\",\"correctionsPolicy\":\"https:\/\/talkpal.ai\/corrections-policy\/\",\"ethicsPolicy\":\"https:\/\/talkpal.ai\/ethics-policy\/\",\"diversityPolicy\":\"https:\/\/talkpal.ai\/diversity-policy\/\",\"diversityStaffingReport\":\"https:\/\/talkpal.ai\/diversity-policy\/\"}]}<\/script>\n<!-- \/ Yoast SEO Premium plugin. -->","yoast_head_json":{"title":"\u010ce\u0161ka slovnica - Talkpal","description":"Odkrijte skrivnosti \u010de\u0161ke slovnice. Spoznajte njegovo edinstveno zapletenost in se nau\u010dite, kako u\u010dinkovito obvladati samostalni\u0161ke sklanjatve.","robots":{"index":"index","follow":"follow","max-snippet":"max-snippet:-1","max-image-preview":"max-image-preview:large","max-video-preview":"max-video-preview:-1"},"canonical":"https:\/\/talkpal.ai\/sl\/ceska-slovnica\/","og_locale":"sl_SI","og_type":"article","og_title":"\u010ce\u0161ka slovnica","og_description":"\u010ce\u0161ka slovnica: razumevanje edinstvene strukture \u010de\u0161kega jezika \u010ce ste se kdaj posku\u0161ali nau\u010diti \u010de\u0161\u010dine - ali pa ste celo prelistali kak \u010dlanek ali","og_url":"https:\/\/talkpal.ai\/sl\/ceska-slovnica\/","og_site_name":"Talkpal","article_publisher":"https:\/\/www.facebook.com\/profile.php?id=100090733639311","article_modified_time":"2025-12-13T15:21:34+00:00","og_image":[{"width":512,"height":512,"url":"https:\/\/talkpal.ai\/wp-content\/uploads\/2023\/05\/czech-republic.png","type":"image\/png"}],"twitter_card":"summary_large_image","twitter_site":"@talkpalai","twitter_misc":{"Est. reading time":"3 minute"},"schema":{"@context":"https:\/\/schema.org","@graph":[{"@type":"WebPage","@id":"https:\/\/talkpal.ai\/sl\/ceska-slovnica\/","url":"https:\/\/talkpal.ai\/sl\/ceska-slovnica\/","name":"\u010ce\u0161ka slovnica - Talkpal","isPartOf":{"@id":"https:\/\/talkpal.ai\/sl\/#website"},"primaryImageOfPage":{"@id":"https:\/\/talkpal.ai\/sl\/ceska-slovnica\/#primaryimage"},"image":{"@id":"https:\/\/talkpal.ai\/sl\/ceska-slovnica\/#primaryimage"},"thumbnailUrl":"https:\/\/talkpal.ai\/wp-content\/uploads\/2023\/05\/czech-republic.png","datePublished":"2023-05-14T14:03:07+00:00","dateModified":"2025-12-13T15:21:34+00:00","description":"Odkrijte skrivnosti \u010de\u0161ke slovnice. Spoznajte njegovo edinstveno zapletenost in se nau\u010dite, kako u\u010dinkovito obvladati samostalni\u0161ke sklanjatve.","breadcrumb":{"@id":"https:\/\/talkpal.ai\/sl\/ceska-slovnica\/#breadcrumb"},"inLanguage":"sl-SI","potentialAction":[{"@type":"ReadAction","target":["https:\/\/talkpal.ai\/sl\/ceska-slovnica\/"]}]},{"@type":"ImageObject","inLanguage":"sl-SI","@id":"https:\/\/talkpal.ai\/sl\/ceska-slovnica\/#primaryimage","url":"https:\/\/talkpal.ai\/wp-content\/uploads\/2023\/05\/czech-republic.png","contentUrl":"https:\/\/talkpal.ai\/wp-content\/uploads\/2023\/05\/czech-republic.png","width":512,"height":512},{"@type":"BreadcrumbList","@id":"https:\/\/talkpal.ai\/sl\/ceska-slovnica\/#breadcrumb","itemListElement":[{"@type":"ListItem","position":1,"name":"Homepage","item":"https:\/\/talkpal.ai\/sl\/"},{"@type":"ListItem","position":2,"name":"\u010ce\u0161ka slovnica"}]},{"@type":"WebSite","@id":"https:\/\/talkpal.ai\/sl\/#website","url":"https:\/\/talkpal.ai\/sl\/","name":"Talkpal","description":"AI Language Learning","publisher":{"@id":"https:\/\/talkpal.ai\/sl\/#organization"},"alternateName":"Talkpal AI","potentialAction":[{"@type":"SearchAction","target":{"@type":"EntryPoint","urlTemplate":"https:\/\/talkpal.ai\/sl\/?s={search_term_string}"},"query-input":{"@type":"PropertyValueSpecification","valueRequired":true,"valueName":"search_term_string"}}],"inLanguage":"sl-SI"},{"@type":"Organization","@id":"https:\/\/talkpal.ai\/sl\/#organization","name":"Talkpal, Inc.","alternateName":"Talkpal AI","url":"https:\/\/talkpal.ai\/sl\/","logo":{"@type":"ImageObject","inLanguage":"sl-SI","@id":"https:\/\/talkpal.ai\/sl\/#\/schema\/logo\/image\/","url":"https:\/\/talkpal.ai\/wp-content\/uploads\/2024\/03\/Talkpal-Logo-Icon.png","contentUrl":"https:\/\/talkpal.ai\/wp-content\/uploads\/2024\/03\/Talkpal-Logo-Icon.png","width":2880,"height":2880,"caption":"Talkpal, Inc."},"image":{"@id":"https:\/\/talkpal.ai\/sl\/#\/schema\/logo\/image\/"},"sameAs":["https:\/\/www.facebook.com\/profile.php?id=100090733639311","https:\/\/x.com\/talkpalai","https:\/\/www.linkedin.com\/company\/talkpal\/","https:\/\/www.youtube.com\/@TalkPal\/","https:\/\/www.tiktok.com\/@talkpal","https:\/\/www.instagram.com\/talkpal_ai\/","https:\/\/www.crunchbase.com\/organization\/talkpal-9cde","https:\/\/www.g2.com\/products\/talkpal-for-business\/","https:\/\/www.trustpilot.com\/review\/talkpal.ai","https:\/\/www.capterra.com\/p\/10006800\/TalkPal\/"],"description":"Talkpal is a language learning web and mobile education app, powered by the latest AI technologies, that provides engaging experiences to its customers in many different languages to help them improve their language skills. Users can chat about unlimited amount of topics with the app and use other modes to practice their language learning.","email":"support@talkpal.ai","legalName":"Talkpal, Inc.","foundingDate":"2023-04-03","duns":"118989042","numberOfEmployees":{"@type":"QuantitativeValue","minValue":"11","maxValue":"50"},"publishingPrinciples":"https:\/\/talkpal.ai\/publishing-principles\/","actionableFeedbackPolicy":"https:\/\/talkpal.ai\/actionable-feedback-policy\/","correctionsPolicy":"https:\/\/talkpal.ai\/corrections-policy\/","ethicsPolicy":"https:\/\/talkpal.ai\/ethics-policy\/","diversityPolicy":"https:\/\/talkpal.ai\/diversity-policy\/","diversityStaffingReport":"https:\/\/talkpal.ai\/diversity-policy\/"}]}},"_links":{"self":[{"href":"https:\/\/talkpal.ai\/sl\/wp-json\/wp\/v2\/pages\/143246","targetHints":{"allow":["GET"]}}],"collection":[{"href":"https:\/\/talkpal.ai\/sl\/wp-json\/wp\/v2\/pages"}],"about":[{"href":"https:\/\/talkpal.ai\/sl\/wp-json\/wp\/v2\/types\/page"}],"author":[{"embeddable":true,"href":"https:\/\/talkpal.ai\/sl\/wp-json\/wp\/v2\/users\/1"}],"replies":[{"embeddable":true,"href":"https:\/\/talkpal.ai\/sl\/wp-json\/wp\/v2\/comments?post=143246"}],"version-history":[{"count":0,"href":"https:\/\/talkpal.ai\/sl\/wp-json\/wp\/v2\/pages\/143246\/revisions"}],"wp:featuredmedia":[{"embeddable":true,"href":"https:\/\/talkpal.ai\/sl\/wp-json\/wp\/v2\/media\/111742"}],"wp:attachment":[{"href":"https:\/\/talkpal.ai\/sl\/wp-json\/wp\/v2\/media?parent=143246"}],"curies":[{"name":"wp","href":"https:\/\/api.w.org\/{rel}","templated":true}]}}