{"id":142958,"date":"2023-05-14T14:02:30","date_gmt":"2023-05-14T14:02:30","guid":{"rendered":"http:\/\/talkpal.ai\/grska-slovnica\/"},"modified":"2025-12-13T15:33:55","modified_gmt":"2025-12-13T15:33:55","slug":"grska-slovnica","status":"publish","type":"page","link":"https:\/\/talkpal.ai\/sl\/grska-slovnica\/","title":{"rendered":"Gr\u0161ka slovnica"},"content":{"rendered":"\r\n\r\n\r\n<section class=\"languageChallengeSection\">\r\n    <div class=\"languageInfoWrapper\">\r\n        \r\n        <h1>Gr\u0161ka slovnica<\/h1>\r\n        <p>Nau\u010dite se gr\u0161ke slovnice in vstopite v svet enega najstarej\u0161ih in najvplivnej\u0161ih jezikov \u010dlove\u0161tva. <a href=\"https:\/\/talkpal.ai\/learn-greek\/\">Gr\u0161\u010dina<\/a> vas seznani s svojo edinstveno abecedo, izrazitimi glagolskimi vezavami in sistemom samostalni\u0161kih primerov, ki oblikujejo pomen. Med raziskovanjem boste odkrili korenine \u0161tevilnih angle\u0161kih besed in se povezali z bogato kulturno dedi\u0161\u010dino. Potopite se in u\u017eivajte v nagrajujo\u010dem izzivu u\u010denja gr\u0161ke slovnice!<\/p>\r\n\r\n                            <a class=\"getStartedHidden\" href=\"https:\/\/app.talkpal.ai\/sl\/signup?lng=\">Za\u010dni<\/a>\r\n        \r\n    <\/div>\r\n\r\n    <figure>\r\n    <img decoding=\"async\" width=\"768\" height=\"768\" src=\"https:\/\/talkpal.ai\/wp-content\/uploads\/2023\/06\/greek-768x768.png\" class=\"languageImage no-lazy\" alt=\"Language learning to boost personal capability\" fetchpriority=\"high\" sizes=\"(max-width: 768px) 150px, 768px\" srcset=\"https:\/\/talkpal.ai\/wp-content\/uploads\/2023\/06\/greek-768x768.png 768w, https:\/\/talkpal.ai\/wp-content\/uploads\/2023\/06\/greek-300x300.png 300w\" \/>\r\n    \r\n\r\n    <\/figure>\r\n\r\n            <a class=\"getStartedVisible\" href=\"https:\/\/app.talkpal.ai\/sl\/signup?lng=\">Za\u010dni<\/a>\r\n    \r\n<\/section>\r\n<section class=\"promotionalBanner\">\r\n    <p class=\"promotionalText\">Naju\u010dinkovitej\u0161i na\u010din u\u010denja jezika<\/p>\r\n    <a class=\"promotionalLink\" href=\"https:\/\/app.talkpal.ai\/sl\/signup?lng=\">Preizkusite Talkpal brezpla\u010dno<\/a>\r\n<\/section>\n<div class=\"wp-block-group pageContainerStyle\"><div class=\"wp-block-group__inner-container is-layout-constrained wp-block-group-is-layout-constrained\">\n<h2 class=\"wp-block-heading\" id=\"h-demystifying-greek-grammar-a-comprehensive-guide\">Demistifikacija gr\u0161ke slovnice: iz\u010drpen vodnik<\/h2>\n\n\n\n<p>Gr\u0161\u010dina, eleganten in starodaven jezik, ima posebno mesto v jezikovni zgodovini in ostaja vplivna \u0161e danes. Z mo\u010dnimi temelji v gr\u0161ki slovnici boste dobili dostop do bogastva kulturnih in zgodovinskih virov, hkrati pa odklenili \u0161e eno plast pomena v angle\u0161kem besednjaku. V nasprotju s splo\u0161nim prepri\u010danjem <a href=\"https:\/\/talkpal.ai\/greek-grammar\/\">gr\u0161ka slovnica<\/a> ni tako zastra\u0161ujo\u010da, kot se zdi na za\u010detku. V tem \u010dlanku vam bomo pomagali pri spoznavanju bistvenih sestavin gr\u0161ke slovnice, da se boste lahko samozavestno in z navdu\u0161enjem lotili tega jezika.<\/p>\n\n\n\n<h3 class=\"wp-block-heading\" id=\"h-1-understanding-greek-nouns-cases-and-articles\">1. Razumevanje gr\u0161kih samostalnikov, primerov in \u010dlankov<\/h3>\n\n\n\n<p>Gr\u0161ki samostalniki so razvr\u0161\u010deni v tri spole: mo\u0161ki, \u017eenski in srednjeve\u0161ki. Vsak samostalnik spada v eno od treh sklanjatev, ki dolo\u010dajo kon\u010dnice samostalnika glede na spol, \u0161tevilo (ednina ali mno\u017eina) in velikost. V gr\u0161kem jeziku je pet primerov: nominativni, genitivni, dativni, akuzativni in vokativni.<\/p>\n\n\n\n<p>Bistveni vidik gr\u0161ke slovnice se vrti okoli \u010dlanka. Podobno kot angle\u0161ki &#8220;the&#8221; je tudi gr\u0161ki dolo\u010dni \u010dlen klju\u010dnega pomena za razumevanje gr\u0161kih besedil. Gr\u0161ki \u010dlen se <a href=\"https:\/\/talkpal.ai\/locations\/language-courses-in-mora\/\">mora<\/a> strinjati s samostalnikom po spolu, \u0161tevilu in primeru. Gr\u0161\u010dina ima tudi nedolo\u010dni \u010dlenek, ki deluje podobno kot &#8220;a&#8221; ali &#8220;an&#8221; v angle\u0161\u010dini.<\/p>\n\n\n\n<h3 class=\"wp-block-heading\" id=\"h-2-tackling-greek-verbs-conjugation-and-moods\">2. Spopadanje z gr\u0161kimi glagoli: konjugacija in razpolo\u017eenje<\/h3>\n\n\n\n<p>Za gr\u0161ke glagole je zna\u010dilen \u010das, glas, razpolo\u017eenje, oseba in \u0161tevilo. Glagoli v gr\u0161kem jeziku so konjugirani glede na njihov \u010das, kar ka\u017ee, kdaj pride do dejanja. Obstaja sedem glavnih delov gr\u0161kega glagola, od katerih vsak ustreza \u010dasu:<\/p>\n\n\n\n<p><strong>&#8211; Prisotnost<\/strong><\/p>\n\n\n\n<p><strong>&#8211; Prihodnost<\/strong><\/p>\n\n\n\n<p><strong>&#8211; Aorist (enostavni preteklik)<\/strong><\/p>\n\n\n\n<p><strong>&#8211; Odli\u010dno<\/strong><\/p>\n\n\n\n<p><strong>&#8211; Prihodnji dovr\u0161ni stavek<\/strong><\/p>\n\n\n\n<p><strong>&#8211; Ploverfekt<\/strong><\/p>\n\n\n\n<p><strong>&#8211; Aorist pasivni<\/strong><\/p>\n\n\n\n<p>Poleg tega imajo gr\u0161ki glagoli razli\u010dna razpolo\u017eenja, ki izra\u017eajo govor\u010dev odnos do dejanja. Ta razpolo\u017eenja so nujna, indikativna in konjunktivna.<\/p>\n\n\n\n<h3 class=\"wp-block-heading\" id=\"h-3-crafting-expressive-sentences-with-greek-adjectives-and-adverbs\">3. Oblikovanje izraznih stavkov z gr\u0161kimi pridevniki in prislovi<\/h3>\n\n\n\n<p>Gr\u0161ki pridevniki dodajo barvo in opis va\u0161im stavkom. Podobno kot samostalniki se morajo pridevniki v gr\u0161\u010dini ujemati po spolu, \u0161tevilu in primeru s samostalnikom, ki ga opisujejo. Poleg tega pridevniki spadajo v eno od treh deklinacij, ki dolo\u010da njihov konec.<\/p>\n\n\n\n<p>Gr\u0161ki prislovi spreminjajo glagole, pridevnike ali druge prislove. Izra\u017eajo, kako, kdaj, kje in v kolik\u0161ni meri se dejanje izvaja. Za razliko od pridevnikov se prislovom ni treba ujemati s samostalniki v spolu, \u0161tevilu ali primeru. V mnogih primerih se prislovi oblikujejo z dodajanjem specifi\u010dnih kon\u010dnic pridevni\u0161kim koreninam.<\/p>\n\n\n\n<h3 class=\"wp-block-heading\" id=\"h-4-exploring-greek-pronouns-and-greek-sentence-structure\">4. Raziskovanje gr\u0161kih zaimkov in gr\u0161ke stav\u010dne strukture<\/h3>\n\n\n\n<p>Zaimki igrajo pomembno vlogo v gr\u0161ki slovnici, saj nadome\u0161\u010dajo samostalnike in se morajo ujemati s samostalnikom, ki ga predstavljajo po spolu, \u0161tevilu in primeru. V gr\u0161\u010dini obstajajo osebni, refleksivni, demonstrativni, relativni, zasli\u0161evalni in nedolo\u010deni zaimki.<\/p>\n\n\n\n<p>Gr\u0161ka stav\u010dna struktura sledi predvsem vrstnemu redu subjekt-glagol-objekt (SVO). Vendar pa gr\u0161\u010dina zaradi svoje zelo pregibne narave ponuja ve\u010djo prilagodljivost pri vrstnem redu besed, kar omogo\u010da poudarek in poeti\u010dno izra\u017eanje. Ta prilagodljivost se sprva zdi zahtevna, vendar postane bolj dostopna, ko spoznate nianse jezika.<\/p>\n\n\n\n<h3 class=\"wp-block-heading\" id=\"h-conclusion\">Zaklju\u010dek<\/h3>\n\n\n\n<p>Ko se odpravljate na pot obvladovanja gr\u0161ke slovnice, ne pozabite, da sta praksa in vztrajnost klju\u010dnega pomena za uspeh. Vzemite si \u010das za razkrivanje zapletenosti gr\u0161kih samostalnikov, glagolov, pridevnikov, prislovov in stav\u010dne strukture. Ko se poglobite v ta fascinanten jezik, boste ugotovili, da gr\u0161ka slovnica postaja bolj znana in manj zastra\u0161ujo\u010da. Vso sre\u010do in \u03ba\u03b1\u03bb\u03ae \u03b5\u03c0\u03b9\u03c4\u03c5\u03c7\u03af\u03b1!<\/p>\n<\/div><\/div>\n\r\n<section class=\"learnNavigationSection\">\r\n            \r\n        <a href=\"https:\/\/talkpal.ai\/sl\/naucite-se-grscine\/\">\r\n            <div class=\"learnNavigationWrapper\">\r\n                <div class=\"learnNavigationContent\">\r\n                    <img decoding=\"async\" src=\"https:\/\/talkpal.ai\/wp-content\/uploads\/2024\/08\/Greek.jpg\" alt=\"Greek Flag\">\r\n                    <div>\r\n                        <h4>O gr\u0161kem u\u010denju<\/h4>\r\n                        <p>Izvedite vse o gr\u0161ki gramatiki.<\/p>\r\n                    <\/div>\r\n                <\/div>\r\n            <\/div>\r\n        <\/a>\r\n\r\n        \r\n        <a href=\"https:\/\/talkpal.ai\/sl\/grske-slovnicne-vaje\/\">\r\n            <div class=\"learnNavigationWrapper\">\r\n                <div class=\"learnNavigationContent\">\r\n                    <img decoding=\"async\" src=\"https:\/\/talkpal.ai\/wp-content\/uploads\/2024\/08\/Greek.jpg\" alt=\"Greek Flag\">\r\n                    <div>\r\n                        <h4>Vaja iz gr\u0161ke slovnice<\/h4>\r\n                        <p>Vadite gr\u0161ko slovnico.<\/p>\r\n                    <\/div>\r\n                <\/div>\r\n            <\/div>\r\n        <\/a>\r\n\r\n        \r\n        <a href=\"https:\/\/talkpal.ai\/vocabulary_language\/greek\/\">\r\n            <div class=\"learnNavigationWrapper\">\r\n                <div class=\"learnNavigationContent\">\r\n                    <img decoding=\"async\" src=\"https:\/\/talkpal.ai\/wp-content\/uploads\/2024\/08\/Greek.jpg\" alt=\"Greek Flag\">\r\n                    <div>\r\n                        <h4>Gr\u0161ki besednjak<\/h4>\r\n                        <p>Raz\u0161irite svoj gr\u0161ki besedni zaklad.<\/p>\r\n                    <\/div>\r\n                <\/div>\r\n            <\/div>\r\n        <\/a>\r\n\r\n            <\/section>","protected":false},"excerpt":{"rendered":"<p>Demistifikacija gr\u0161ke slovnice: iz\u010drpen vodnik Gr\u0161\u010dina, eleganten in starodaven jezik, ima posebno mesto v jezikovni zgodovini in ostaja vplivna \u0161e danes. Z mo\u010dnimi temelji v gr\u0161ki slovnici boste dobili dostop do bogastva kulturnih in zgodovinskih virov, hkrati pa odklenili \u0161e eno plast pomena v angle\u0161kem besednjaku. V nasprotju s splo\u0161nim prepri\u010danjem gr\u0161ka slovnica ni tako [&hellip;]<\/p>\n","protected":false},"author":1,"featured_media":112663,"parent":0,"menu_order":0,"comment_status":"closed","ping_status":"closed","template":"LearningContentPage.php","meta":{"_acf_changed":false,"footnotes":""},"class_list":["post-142958","page","type-page","status-publish","has-post-thumbnail","hentry"],"acf":[],"yoast_head":"<!-- This site is optimized with the Yoast SEO Premium plugin v27.2 (Yoast SEO v27.2) - https:\/\/yoast.com\/product\/yoast-seo-premium-wordpress\/ -->\n<title>Gr\u0161ka slovnica - Talkpal<\/title>\n<meta name=\"description\" content=\"Samozavestno obvladajte gr\u0161ko slovnico - nau\u010dite se pomembnih pravil, vadite tvorjenje stavkov in hitro okrepite svoje znanje z Talkpal AI.\" \/>\n<meta name=\"robots\" content=\"index, follow, max-snippet:-1, max-image-preview:large, max-video-preview:-1\" \/>\n<link rel=\"canonical\" href=\"https:\/\/talkpal.ai\/sl\/grska-slovnica\/\" \/>\n<meta property=\"og:locale\" content=\"sl_SI\" \/>\n<meta property=\"og:type\" content=\"article\" \/>\n<meta property=\"og:title\" content=\"Gr\u0161ka slovnica\" \/>\n<meta property=\"og:description\" content=\"Demistifikacija gr\u0161ke slovnice: iz\u010drpen vodnik Gr\u0161\u010dina, eleganten in starodaven jezik, ima posebno mesto v jezikovni zgodovini in ostaja vplivna \u0161e danes.\" \/>\n<meta property=\"og:url\" content=\"https:\/\/talkpal.ai\/sl\/grska-slovnica\/\" \/>\n<meta property=\"og:site_name\" content=\"Talkpal\" \/>\n<meta property=\"article:publisher\" content=\"https:\/\/www.facebook.com\/profile.php?id=100090733639311\" \/>\n<meta property=\"article:modified_time\" content=\"2025-12-13T15:33:55+00:00\" \/>\n<meta property=\"og:image\" content=\"https:\/\/talkpal.ai\/wp-content\/uploads\/2023\/05\/greece.png\" \/>\n\t<meta property=\"og:image:width\" content=\"512\" \/>\n\t<meta property=\"og:image:height\" content=\"512\" \/>\n\t<meta property=\"og:image:type\" content=\"image\/png\" \/>\n<meta name=\"twitter:card\" content=\"summary_large_image\" \/>\n<meta name=\"twitter:site\" content=\"@talkpalai\" \/>\n<meta name=\"twitter:label1\" content=\"Est. reading time\" \/>\n\t<meta name=\"twitter:data1\" content=\"3 minute\" \/>\n<script type=\"application\/ld+json\" class=\"yoast-schema-graph\">{\"@context\":\"https:\/\/schema.org\",\"@graph\":[{\"@type\":\"WebPage\",\"@id\":\"https:\/\/talkpal.ai\/sl\/grska-slovnica\/\",\"url\":\"https:\/\/talkpal.ai\/sl\/grska-slovnica\/\",\"name\":\"Gr\u0161ka slovnica - Talkpal\",\"isPartOf\":{\"@id\":\"https:\/\/talkpal.ai\/sl\/#website\"},\"primaryImageOfPage\":{\"@id\":\"https:\/\/talkpal.ai\/sl\/grska-slovnica\/#primaryimage\"},\"image\":{\"@id\":\"https:\/\/talkpal.ai\/sl\/grska-slovnica\/#primaryimage\"},\"thumbnailUrl\":\"https:\/\/talkpal.ai\/wp-content\/uploads\/2023\/05\/greece.png\",\"datePublished\":\"2023-05-14T14:02:30+00:00\",\"dateModified\":\"2025-12-13T15:33:55+00:00\",\"description\":\"Samozavestno obvladajte gr\u0161ko slovnico - nau\u010dite se pomembnih pravil, vadite tvorjenje stavkov in hitro okrepite svoje znanje z Talkpal AI.\",\"breadcrumb\":{\"@id\":\"https:\/\/talkpal.ai\/sl\/grska-slovnica\/#breadcrumb\"},\"inLanguage\":\"sl-SI\",\"potentialAction\":[{\"@type\":\"ReadAction\",\"target\":[\"https:\/\/talkpal.ai\/sl\/grska-slovnica\/\"]}]},{\"@type\":\"ImageObject\",\"inLanguage\":\"sl-SI\",\"@id\":\"https:\/\/talkpal.ai\/sl\/grska-slovnica\/#primaryimage\",\"url\":\"https:\/\/talkpal.ai\/wp-content\/uploads\/2023\/05\/greece.png\",\"contentUrl\":\"https:\/\/talkpal.ai\/wp-content\/uploads\/2023\/05\/greece.png\",\"width\":512,\"height\":512},{\"@type\":\"BreadcrumbList\",\"@id\":\"https:\/\/talkpal.ai\/sl\/grska-slovnica\/#breadcrumb\",\"itemListElement\":[{\"@type\":\"ListItem\",\"position\":1,\"name\":\"Homepage\",\"item\":\"https:\/\/talkpal.ai\/sl\/\"},{\"@type\":\"ListItem\",\"position\":2,\"name\":\"Gr\u0161ka slovnica\"}]},{\"@type\":\"WebSite\",\"@id\":\"https:\/\/talkpal.ai\/sl\/#website\",\"url\":\"https:\/\/talkpal.ai\/sl\/\",\"name\":\"Talkpal\",\"description\":\"AI Language Learning\",\"publisher\":{\"@id\":\"https:\/\/talkpal.ai\/sl\/#organization\"},\"alternateName\":\"Talkpal AI\",\"potentialAction\":[{\"@type\":\"SearchAction\",\"target\":{\"@type\":\"EntryPoint\",\"urlTemplate\":\"https:\/\/talkpal.ai\/sl\/?s={search_term_string}\"},\"query-input\":{\"@type\":\"PropertyValueSpecification\",\"valueRequired\":true,\"valueName\":\"search_term_string\"}}],\"inLanguage\":\"sl-SI\"},{\"@type\":\"Organization\",\"@id\":\"https:\/\/talkpal.ai\/sl\/#organization\",\"name\":\"Talkpal, Inc.\",\"alternateName\":\"Talkpal AI\",\"url\":\"https:\/\/talkpal.ai\/sl\/\",\"logo\":{\"@type\":\"ImageObject\",\"inLanguage\":\"sl-SI\",\"@id\":\"https:\/\/talkpal.ai\/sl\/#\/schema\/logo\/image\/\",\"url\":\"https:\/\/talkpal.ai\/wp-content\/uploads\/2024\/03\/Talkpal-Logo-Icon.png\",\"contentUrl\":\"https:\/\/talkpal.ai\/wp-content\/uploads\/2024\/03\/Talkpal-Logo-Icon.png\",\"width\":2880,\"height\":2880,\"caption\":\"Talkpal, Inc.\"},\"image\":{\"@id\":\"https:\/\/talkpal.ai\/sl\/#\/schema\/logo\/image\/\"},\"sameAs\":[\"https:\/\/www.facebook.com\/profile.php?id=100090733639311\",\"https:\/\/x.com\/talkpalai\",\"https:\/\/www.linkedin.com\/company\/talkpal\/\",\"https:\/\/www.youtube.com\/@TalkPal\/\",\"https:\/\/www.tiktok.com\/@talkpal\",\"https:\/\/www.instagram.com\/talkpal_ai\/\",\"https:\/\/www.crunchbase.com\/organization\/talkpal-9cde\",\"https:\/\/www.g2.com\/products\/talkpal-for-business\/\",\"https:\/\/www.trustpilot.com\/review\/talkpal.ai\",\"https:\/\/www.capterra.com\/p\/10006800\/TalkPal\/\"],\"description\":\"Talkpal is a language learning web and mobile education app, powered by the latest AI technologies, that provides engaging experiences to its customers in many different languages to help them improve their language skills. Users can chat about unlimited amount of topics with the app and use other modes to practice their language learning.\",\"email\":\"support@talkpal.ai\",\"legalName\":\"Talkpal, Inc.\",\"foundingDate\":\"2023-04-03\",\"duns\":\"118989042\",\"numberOfEmployees\":{\"@type\":\"QuantitativeValue\",\"minValue\":\"11\",\"maxValue\":\"50\"},\"publishingPrinciples\":\"https:\/\/talkpal.ai\/publishing-principles\/\",\"actionableFeedbackPolicy\":\"https:\/\/talkpal.ai\/actionable-feedback-policy\/\",\"correctionsPolicy\":\"https:\/\/talkpal.ai\/corrections-policy\/\",\"ethicsPolicy\":\"https:\/\/talkpal.ai\/ethics-policy\/\",\"diversityPolicy\":\"https:\/\/talkpal.ai\/diversity-policy\/\",\"diversityStaffingReport\":\"https:\/\/talkpal.ai\/diversity-policy\/\"}]}<\/script>\n<!-- \/ Yoast SEO Premium plugin. -->","yoast_head_json":{"title":"Gr\u0161ka slovnica - Talkpal","description":"Samozavestno obvladajte gr\u0161ko slovnico - nau\u010dite se pomembnih pravil, vadite tvorjenje stavkov in hitro okrepite svoje znanje z Talkpal AI.","robots":{"index":"index","follow":"follow","max-snippet":"max-snippet:-1","max-image-preview":"max-image-preview:large","max-video-preview":"max-video-preview:-1"},"canonical":"https:\/\/talkpal.ai\/sl\/grska-slovnica\/","og_locale":"sl_SI","og_type":"article","og_title":"Gr\u0161ka slovnica","og_description":"Demistifikacija gr\u0161ke slovnice: iz\u010drpen vodnik Gr\u0161\u010dina, eleganten in starodaven jezik, ima posebno mesto v jezikovni zgodovini in ostaja vplivna \u0161e danes.","og_url":"https:\/\/talkpal.ai\/sl\/grska-slovnica\/","og_site_name":"Talkpal","article_publisher":"https:\/\/www.facebook.com\/profile.php?id=100090733639311","article_modified_time":"2025-12-13T15:33:55+00:00","og_image":[{"width":512,"height":512,"url":"https:\/\/talkpal.ai\/wp-content\/uploads\/2023\/05\/greece.png","type":"image\/png"}],"twitter_card":"summary_large_image","twitter_site":"@talkpalai","twitter_misc":{"Est. reading time":"3 minute"},"schema":{"@context":"https:\/\/schema.org","@graph":[{"@type":"WebPage","@id":"https:\/\/talkpal.ai\/sl\/grska-slovnica\/","url":"https:\/\/talkpal.ai\/sl\/grska-slovnica\/","name":"Gr\u0161ka slovnica - Talkpal","isPartOf":{"@id":"https:\/\/talkpal.ai\/sl\/#website"},"primaryImageOfPage":{"@id":"https:\/\/talkpal.ai\/sl\/grska-slovnica\/#primaryimage"},"image":{"@id":"https:\/\/talkpal.ai\/sl\/grska-slovnica\/#primaryimage"},"thumbnailUrl":"https:\/\/talkpal.ai\/wp-content\/uploads\/2023\/05\/greece.png","datePublished":"2023-05-14T14:02:30+00:00","dateModified":"2025-12-13T15:33:55+00:00","description":"Samozavestno obvladajte gr\u0161ko slovnico - nau\u010dite se pomembnih pravil, vadite tvorjenje stavkov in hitro okrepite svoje znanje z Talkpal AI.","breadcrumb":{"@id":"https:\/\/talkpal.ai\/sl\/grska-slovnica\/#breadcrumb"},"inLanguage":"sl-SI","potentialAction":[{"@type":"ReadAction","target":["https:\/\/talkpal.ai\/sl\/grska-slovnica\/"]}]},{"@type":"ImageObject","inLanguage":"sl-SI","@id":"https:\/\/talkpal.ai\/sl\/grska-slovnica\/#primaryimage","url":"https:\/\/talkpal.ai\/wp-content\/uploads\/2023\/05\/greece.png","contentUrl":"https:\/\/talkpal.ai\/wp-content\/uploads\/2023\/05\/greece.png","width":512,"height":512},{"@type":"BreadcrumbList","@id":"https:\/\/talkpal.ai\/sl\/grska-slovnica\/#breadcrumb","itemListElement":[{"@type":"ListItem","position":1,"name":"Homepage","item":"https:\/\/talkpal.ai\/sl\/"},{"@type":"ListItem","position":2,"name":"Gr\u0161ka slovnica"}]},{"@type":"WebSite","@id":"https:\/\/talkpal.ai\/sl\/#website","url":"https:\/\/talkpal.ai\/sl\/","name":"Talkpal","description":"AI Language Learning","publisher":{"@id":"https:\/\/talkpal.ai\/sl\/#organization"},"alternateName":"Talkpal AI","potentialAction":[{"@type":"SearchAction","target":{"@type":"EntryPoint","urlTemplate":"https:\/\/talkpal.ai\/sl\/?s={search_term_string}"},"query-input":{"@type":"PropertyValueSpecification","valueRequired":true,"valueName":"search_term_string"}}],"inLanguage":"sl-SI"},{"@type":"Organization","@id":"https:\/\/talkpal.ai\/sl\/#organization","name":"Talkpal, Inc.","alternateName":"Talkpal AI","url":"https:\/\/talkpal.ai\/sl\/","logo":{"@type":"ImageObject","inLanguage":"sl-SI","@id":"https:\/\/talkpal.ai\/sl\/#\/schema\/logo\/image\/","url":"https:\/\/talkpal.ai\/wp-content\/uploads\/2024\/03\/Talkpal-Logo-Icon.png","contentUrl":"https:\/\/talkpal.ai\/wp-content\/uploads\/2024\/03\/Talkpal-Logo-Icon.png","width":2880,"height":2880,"caption":"Talkpal, Inc."},"image":{"@id":"https:\/\/talkpal.ai\/sl\/#\/schema\/logo\/image\/"},"sameAs":["https:\/\/www.facebook.com\/profile.php?id=100090733639311","https:\/\/x.com\/talkpalai","https:\/\/www.linkedin.com\/company\/talkpal\/","https:\/\/www.youtube.com\/@TalkPal\/","https:\/\/www.tiktok.com\/@talkpal","https:\/\/www.instagram.com\/talkpal_ai\/","https:\/\/www.crunchbase.com\/organization\/talkpal-9cde","https:\/\/www.g2.com\/products\/talkpal-for-business\/","https:\/\/www.trustpilot.com\/review\/talkpal.ai","https:\/\/www.capterra.com\/p\/10006800\/TalkPal\/"],"description":"Talkpal is a language learning web and mobile education app, powered by the latest AI technologies, that provides engaging experiences to its customers in many different languages to help them improve their language skills. Users can chat about unlimited amount of topics with the app and use other modes to practice their language learning.","email":"support@talkpal.ai","legalName":"Talkpal, Inc.","foundingDate":"2023-04-03","duns":"118989042","numberOfEmployees":{"@type":"QuantitativeValue","minValue":"11","maxValue":"50"},"publishingPrinciples":"https:\/\/talkpal.ai\/publishing-principles\/","actionableFeedbackPolicy":"https:\/\/talkpal.ai\/actionable-feedback-policy\/","correctionsPolicy":"https:\/\/talkpal.ai\/corrections-policy\/","ethicsPolicy":"https:\/\/talkpal.ai\/ethics-policy\/","diversityPolicy":"https:\/\/talkpal.ai\/diversity-policy\/","diversityStaffingReport":"https:\/\/talkpal.ai\/diversity-policy\/"}]}},"_links":{"self":[{"href":"https:\/\/talkpal.ai\/sl\/wp-json\/wp\/v2\/pages\/142958","targetHints":{"allow":["GET"]}}],"collection":[{"href":"https:\/\/talkpal.ai\/sl\/wp-json\/wp\/v2\/pages"}],"about":[{"href":"https:\/\/talkpal.ai\/sl\/wp-json\/wp\/v2\/types\/page"}],"author":[{"embeddable":true,"href":"https:\/\/talkpal.ai\/sl\/wp-json\/wp\/v2\/users\/1"}],"replies":[{"embeddable":true,"href":"https:\/\/talkpal.ai\/sl\/wp-json\/wp\/v2\/comments?post=142958"}],"version-history":[{"count":0,"href":"https:\/\/talkpal.ai\/sl\/wp-json\/wp\/v2\/pages\/142958\/revisions"}],"wp:featuredmedia":[{"embeddable":true,"href":"https:\/\/talkpal.ai\/sl\/wp-json\/wp\/v2\/media\/112663"}],"wp:attachment":[{"href":"https:\/\/talkpal.ai\/sl\/wp-json\/wp\/v2\/media?parent=142958"}],"curies":[{"name":"wp","href":"https:\/\/api.w.org\/{rel}","templated":true}]}}