{"id":142620,"date":"2023-05-14T14:01:53","date_gmt":"2023-05-14T14:01:53","guid":{"rendered":"http:\/\/talkpal.ai\/estonska-slovnica\/"},"modified":"2025-12-13T15:19:26","modified_gmt":"2025-12-13T15:19:26","slug":"estonska-slovnica","status":"publish","type":"page","link":"https:\/\/talkpal.ai\/sl\/estonska-slovnica\/","title":{"rendered":"Estonska slovnica"},"content":{"rendered":"\r\n\r\n\r\n<section class=\"languageChallengeSection\">\r\n    <div class=\"languageInfoWrapper\">\r\n        \r\n        <h1>Estonska slovnica<\/h1>\r\n        <p>Razmi\u0161ljate o u\u010denju eston\u0161\u010dine? Vstopite v svet estonske slovnice, kjer aglutinacija, harmonija samoglasnikov in \u0161iroka paleta samostalni\u0161kih primerov ustvarjajo resni\u010dno posebno jezikovno izku\u0161njo. Za\u010dnite raziskovati \u0161e danes &#8211; obvladovanje estonske slovnice ne bo samo izbolj\u0161alo va\u0161e teko\u010de znanje, temve\u010d vas bo povezalo tudi z bogato kulturo in zgodovino Estonije!<\/p>\r\n\r\n                            <a class=\"getStartedHidden\" href=\"https:\/\/app.talkpal.ai\/sl\/signup?lng=\">Za\u010dni<\/a>\r\n        \r\n    <\/div>\r\n\r\n    <figure>\r\n    <img decoding=\"async\" width=\"768\" height=\"768\" src=\"https:\/\/talkpal.ai\/wp-content\/uploads\/2023\/06\/Estonian-768x768.png\" class=\"languageImage no-lazy\" alt=\"Secret tricks of language learning\" fetchpriority=\"high\" sizes=\"(max-width: 768px) 150px, 768px\" srcset=\"https:\/\/talkpal.ai\/wp-content\/uploads\/2023\/06\/Estonian-768x768.png 768w, https:\/\/talkpal.ai\/wp-content\/uploads\/2023\/06\/Estonian-300x300.png 300w\" \/>\r\n    \r\n\r\n    <\/figure>\r\n\r\n            <a class=\"getStartedVisible\" href=\"https:\/\/app.talkpal.ai\/sl\/signup?lng=\">Za\u010dni<\/a>\r\n    \r\n<\/section>\r\n<section class=\"promotionalBanner\">\r\n    <p class=\"promotionalText\">Naju\u010dinkovitej\u0161i na\u010din u\u010denja jezika<\/p>\r\n    <a class=\"promotionalLink\" href=\"https:\/\/app.talkpal.ai\/sl\/signup?lng=\">Preizkusite Talkpal brezpla\u010dno<\/a>\r\n<\/section>\n<div class=\"wp-block-group pageContainerStyle\"><div class=\"wp-block-group__inner-container is-layout-constrained wp-block-group-is-layout-constrained\">\n<h2 class=\"wp-block-heading\" id=\"h-estonian-grammar-the-gateway-to-a-unique-language-journey\">Estonska slovnica: vrata do edinstvenega jezikovnega potovanja<\/h2>\n\n\n\n<p>Dobrodo\u0161li v fascinantnem svetu eston\u0161\u010dine! Z ve\u010d kot milijonom naravnih govorcev vam <a href=\"https:\/\/talkpal.ai\/learn-estonian\/\">eston\u0161\u010dina<\/a> ponuja edinstveno prilo\u017enost, da raz\u0161irite svoja jezikovna obzorja in odkrijete \u017eivahno kulturo. \u010ceprav se zapletenost estonske slovnice na prvi pogled morda zdi zastra\u0161ujo\u010da, je ta prijazen vodnik za za\u010detnike tu, da na preprost in zanimiv na\u010din razlo\u017ei temelje estonske slovnice.<\/p>\n\n\n\n<h3 class=\"wp-block-heading\" id=\"h-1-embracing-the-estonian-alphabet\">1. Sprejemanje estonske abecede<\/h3>\n\n\n\n<p>Pot do obvladovanja eston\u0161\u010dine se za\u010dne z njeno abecedo. <a href=\"https:\/\/talkpal.ai\/learn-estonian\/\">Eston\u0161\u010dina<\/a> uporablja latinico, dopolnjeno z devetimi posebnimi znaki: \u00c4, \u00d6, \u00dc, \u00d5, \u0160, \u017d in njihovimi malimi \u010drkami. Spoznavanje teh likov bo ustvarilo mo\u010dne temelje za va\u0161o estonsko u\u010dno izku\u0161njo.<\/p>\n\n\n\n<h3 class=\"wp-block-heading\" id=\"h-2-getting-a-grip-on-estonian-nouns\">2. Oprijem estonskih samostalnikov<\/h3>\n\n\n\n<p>Za razliko od mnogih evropskih jezikov eston\u0161\u010dina ne razlikuje med mo\u0161kim in \u017eenskim spolom. Samostalniki so razvr\u0161\u010deni kot ednina ali mno\u017eina, vsak samostalnik pa ima 14 primerov. \u010ceprav se zdi, da je to zelo te\u017eko, je treba razumeti, da je morfolo\u0161ka struktura samostalnikov precej pravilna, kar olaj\u0161a u\u010denje. Za za\u010detek se osredoto\u010dite na obvladovanje najpogostej\u0161ih primerov: nominativni, genitivni in partitivni.<\/p>\n\n\n\n<h3 class=\"wp-block-heading\" id=\"h-3-conquering-estonian-verb-conjugation\">3. Osvajanje estonskega glagola Konjugacija<\/h3>\n\n\n\n<p>Estonski glagoli so konjugirani glede na \u010das, osebo in \u0161tevilo. Obstajajo samo trije \u010dasi: sedanjost, preteklost (kodirana s preteklim participlom) in prihodnost (izra\u017eena s sedanjo napeto obliko glagola, v kombinaciji s prihodnjim pomo\u017enim).<\/p>\n\n\n\n<p>Na primer, tukaj so sklanjatve za glagol &#8220;lugema&#8221; (brati):<\/p>\n\n\n\n<p><strong>&#8211; Prisotni: Ma loen (berem)<\/strong><\/p>\n\n\n\n<p><strong>&#8211; Pretekli: Ma lugesin (berem\/bral sem)<\/strong><\/p>\n\n\n\n<p><strong>&#8211; Prihodnost: Ma loen raamatuid (Bral bom knjige)<\/strong><\/p>\n\n\n\n<h3 class=\"wp-block-heading\" id=\"h-4-unraveling-the-mystery-of-estonian-pronouns\">4. Razkrivanje skrivnosti estonskih zaimkov<\/h3>\n\n\n\n<p>Zaimki v eston\u0161\u010dini nadome\u0161\u010dajo samostalnike in naredijo govor bolj gladek in bolj dinami\u010den. Osredoto\u010dite se na u\u010denje osebnih in posesivnih zaimkov:<\/p>\n\n\n\n<p><strong>&#8211; Osebni zaimki: mina (jaz), sina (ti, neformalno), tema (on\/ona), meie (mi), teie (vi, mno\u017eina\/formalno), nemad (oni)<\/strong><\/p>\n\n\n\n<p><strong>&#8211; Lastnostni zaimki: minu (moj), sinu (tvoj, neformalno), tema (njegov\/njena), meie (na\u0161), teie (va\u0161, mno\u017eina\/formalno), nende (njihov)<\/strong><\/p>\n\n\n\n<h3 class=\"wp-block-heading\" id=\"h-5-no-articles-no-problem\">5. Brez \u010dlankov, ni problema!<\/h3>\n\n\n\n<p>Eston\u0161\u010dina ne uporablja dolo\u010denih ali nedolo\u010denih \u010dlankov, kar vam omogo\u010da, da si oddahnete. Na primer:<\/p>\n\n\n\n<p><strong>&#8211; Koer &#8211; &#8220;pes&#8221; ali &#8220;pes&#8221;<\/strong><\/p>\n\n\n\n<p><strong>&#8211; Maja &#8211; &#8220;hi\u0161a&#8221; ali &#8220;hi\u0161a&#8221;<\/strong><\/p>\n\n\n\n<p>Obvladovanje estonske slovnice je vznemirljiv in obogaten proces, ki odpira vrata bogati kulturni izku\u0161nji. Ne pozabite, da je praksa klju\u010dnega pomena, zato se potopite v estonsko slovnico, sodelujte z doma\u010dimi govorci in zgradite trdne temelje za svoje jezikovno potovanje. Edu! (Sre\u010dno!)<\/p>\n<\/div><\/div>\n\r\n<section class=\"learnNavigationSection\">\r\n            \r\n        <a href=\"https:\/\/talkpal.ai\/sl\/naucite-se-estonscine\/\">\r\n            <div class=\"learnNavigationWrapper\">\r\n                <div class=\"learnNavigationContent\">\r\n                    <img decoding=\"async\" src=\"https:\/\/talkpal.ai\/wp-content\/uploads\/2024\/08\/Estonian.jpg\" alt=\"Estonian Flag\">\r\n                    <div>\r\n                        <h4>O u\u010denju eston\u0161\u010dine<\/h4>\r\n                        <p>Izvedite vse o estonski slovnici.<\/p>\r\n                    <\/div>\r\n                <\/div>\r\n            <\/div>\r\n        <\/a>\r\n\r\n        \r\n        <a href=\"https:\/\/talkpal.ai\/sl\/estonske-slovnicne-vaje\/\">\r\n            <div class=\"learnNavigationWrapper\">\r\n                <div class=\"learnNavigationContent\">\r\n                    <img decoding=\"async\" src=\"https:\/\/talkpal.ai\/wp-content\/uploads\/2024\/08\/Estonian.jpg\" alt=\"Estonian Flag\">\r\n                    <div>\r\n                        <h4>Vaja iz estonske slovnice<\/h4>\r\n                        <p>Vadite estonsko slovnico.<\/p>\r\n                    <\/div>\r\n                <\/div>\r\n            <\/div>\r\n        <\/a>\r\n\r\n        \r\n        <a href=\"https:\/\/talkpal.ai\/vocabulary_language\/estonian\/\">\r\n            <div class=\"learnNavigationWrapper\">\r\n                <div class=\"learnNavigationContent\">\r\n                    <img decoding=\"async\" src=\"https:\/\/talkpal.ai\/wp-content\/uploads\/2024\/08\/Estonian.jpg\" alt=\"Estonian Flag\">\r\n                    <div>\r\n                        <h4>Estonski besednjak<\/h4>\r\n                        <p>Raz\u0161irite svoj estonski besedni zaklad.<\/p>\r\n                    <\/div>\r\n                <\/div>\r\n            <\/div>\r\n        <\/a>\r\n\r\n            <\/section>","protected":false},"excerpt":{"rendered":"<p>Estonska slovnica: vrata do edinstvenega jezikovnega potovanja Dobrodo\u0161li v fascinantnem svetu eston\u0161\u010dine! Z ve\u010d kot milijonom naravnih govorcev vam eston\u0161\u010dina ponuja edinstveno prilo\u017enost, da raz\u0161irite svoja jezikovna obzorja in odkrijete \u017eivahno kulturo. \u010ceprav se zapletenost estonske slovnice na prvi pogled morda zdi zastra\u0161ujo\u010da, je ta prijazen vodnik za za\u010detnike tu, da na preprost in zanimiv [&hellip;]<\/p>\n","protected":false},"author":1,"featured_media":112429,"parent":0,"menu_order":0,"comment_status":"closed","ping_status":"closed","template":"LearningContentPage.php","meta":{"_acf_changed":false,"footnotes":""},"class_list":["post-142620","page","type-page","status-publish","has-post-thumbnail","hentry"],"acf":[],"yoast_head":"<!-- This site is optimized with the Yoast SEO Premium plugin v27.2 (Yoast SEO v27.2) - https:\/\/yoast.com\/product\/yoast-seo-premium-wordpress\/ -->\n<title>Estonska slovnica - Talkpal<\/title>\n<meta name=\"description\" content=\"Razi\u0161\u010dite bistvene koncepte estonske slovnice, vklju\u010dno s primeri, glagoli, zgradbo stavka, izgovarjavo in nasveti.\" \/>\n<meta name=\"robots\" content=\"index, follow, max-snippet:-1, max-image-preview:large, max-video-preview:-1\" \/>\n<link rel=\"canonical\" href=\"https:\/\/talkpal.ai\/sl\/estonska-slovnica\/\" \/>\n<meta property=\"og:locale\" content=\"sl_SI\" \/>\n<meta property=\"og:type\" content=\"article\" \/>\n<meta property=\"og:title\" content=\"Estonska slovnica\" \/>\n<meta property=\"og:description\" content=\"Estonska slovnica: vrata do edinstvenega jezikovnega potovanja Dobrodo\u0161li v fascinantnem svetu eston\u0161\u010dine! Z ve\u010d kot milijonom naravnih govorcev vam\" \/>\n<meta property=\"og:url\" content=\"https:\/\/talkpal.ai\/sl\/estonska-slovnica\/\" \/>\n<meta property=\"og:site_name\" content=\"Talkpal\" \/>\n<meta property=\"article:publisher\" content=\"https:\/\/www.facebook.com\/profile.php?id=100090733639311\" \/>\n<meta property=\"article:modified_time\" content=\"2025-12-13T15:19:26+00:00\" \/>\n<meta property=\"og:image\" content=\"https:\/\/talkpal.ai\/wp-content\/uploads\/2023\/05\/estonia.png\" \/>\n\t<meta property=\"og:image:width\" content=\"512\" \/>\n\t<meta property=\"og:image:height\" content=\"512\" \/>\n\t<meta property=\"og:image:type\" content=\"image\/png\" \/>\n<meta name=\"twitter:card\" content=\"summary_large_image\" \/>\n<meta name=\"twitter:site\" content=\"@talkpalai\" \/>\n<meta name=\"twitter:label1\" content=\"Est. reading time\" \/>\n\t<meta name=\"twitter:data1\" content=\"2 minuti\" \/>\n<script type=\"application\/ld+json\" class=\"yoast-schema-graph\">{\"@context\":\"https:\/\/schema.org\",\"@graph\":[{\"@type\":\"WebPage\",\"@id\":\"https:\/\/talkpal.ai\/sl\/estonska-slovnica\/\",\"url\":\"https:\/\/talkpal.ai\/sl\/estonska-slovnica\/\",\"name\":\"Estonska slovnica - Talkpal\",\"isPartOf\":{\"@id\":\"https:\/\/talkpal.ai\/sl\/#website\"},\"primaryImageOfPage\":{\"@id\":\"https:\/\/talkpal.ai\/sl\/estonska-slovnica\/#primaryimage\"},\"image\":{\"@id\":\"https:\/\/talkpal.ai\/sl\/estonska-slovnica\/#primaryimage\"},\"thumbnailUrl\":\"https:\/\/talkpal.ai\/wp-content\/uploads\/2023\/05\/estonia.png\",\"datePublished\":\"2023-05-14T14:01:53+00:00\",\"dateModified\":\"2025-12-13T15:19:26+00:00\",\"description\":\"Razi\u0161\u010dite bistvene koncepte estonske slovnice, vklju\u010dno s primeri, glagoli, zgradbo stavka, izgovarjavo in nasveti.\",\"breadcrumb\":{\"@id\":\"https:\/\/talkpal.ai\/sl\/estonska-slovnica\/#breadcrumb\"},\"inLanguage\":\"sl-SI\",\"potentialAction\":[{\"@type\":\"ReadAction\",\"target\":[\"https:\/\/talkpal.ai\/sl\/estonska-slovnica\/\"]}]},{\"@type\":\"ImageObject\",\"inLanguage\":\"sl-SI\",\"@id\":\"https:\/\/talkpal.ai\/sl\/estonska-slovnica\/#primaryimage\",\"url\":\"https:\/\/talkpal.ai\/wp-content\/uploads\/2023\/05\/estonia.png\",\"contentUrl\":\"https:\/\/talkpal.ai\/wp-content\/uploads\/2023\/05\/estonia.png\",\"width\":512,\"height\":512},{\"@type\":\"BreadcrumbList\",\"@id\":\"https:\/\/talkpal.ai\/sl\/estonska-slovnica\/#breadcrumb\",\"itemListElement\":[{\"@type\":\"ListItem\",\"position\":1,\"name\":\"Homepage\",\"item\":\"https:\/\/talkpal.ai\/sl\/\"},{\"@type\":\"ListItem\",\"position\":2,\"name\":\"Estonska slovnica\"}]},{\"@type\":\"WebSite\",\"@id\":\"https:\/\/talkpal.ai\/sl\/#website\",\"url\":\"https:\/\/talkpal.ai\/sl\/\",\"name\":\"Talkpal\",\"description\":\"AI Language Learning\",\"publisher\":{\"@id\":\"https:\/\/talkpal.ai\/sl\/#organization\"},\"alternateName\":\"Talkpal AI\",\"potentialAction\":[{\"@type\":\"SearchAction\",\"target\":{\"@type\":\"EntryPoint\",\"urlTemplate\":\"https:\/\/talkpal.ai\/sl\/?s={search_term_string}\"},\"query-input\":{\"@type\":\"PropertyValueSpecification\",\"valueRequired\":true,\"valueName\":\"search_term_string\"}}],\"inLanguage\":\"sl-SI\"},{\"@type\":\"Organization\",\"@id\":\"https:\/\/talkpal.ai\/sl\/#organization\",\"name\":\"Talkpal, Inc.\",\"alternateName\":\"Talkpal AI\",\"url\":\"https:\/\/talkpal.ai\/sl\/\",\"logo\":{\"@type\":\"ImageObject\",\"inLanguage\":\"sl-SI\",\"@id\":\"https:\/\/talkpal.ai\/sl\/#\/schema\/logo\/image\/\",\"url\":\"https:\/\/talkpal.ai\/wp-content\/uploads\/2024\/03\/Talkpal-Logo-Icon.png\",\"contentUrl\":\"https:\/\/talkpal.ai\/wp-content\/uploads\/2024\/03\/Talkpal-Logo-Icon.png\",\"width\":2880,\"height\":2880,\"caption\":\"Talkpal, Inc.\"},\"image\":{\"@id\":\"https:\/\/talkpal.ai\/sl\/#\/schema\/logo\/image\/\"},\"sameAs\":[\"https:\/\/www.facebook.com\/profile.php?id=100090733639311\",\"https:\/\/x.com\/talkpalai\",\"https:\/\/www.linkedin.com\/company\/talkpal\/\",\"https:\/\/www.youtube.com\/@TalkPal\/\",\"https:\/\/www.tiktok.com\/@talkpal\",\"https:\/\/www.instagram.com\/talkpal_ai\/\",\"https:\/\/www.crunchbase.com\/organization\/talkpal-9cde\",\"https:\/\/www.g2.com\/products\/talkpal-for-business\/\",\"https:\/\/www.trustpilot.com\/review\/talkpal.ai\",\"https:\/\/www.capterra.com\/p\/10006800\/TalkPal\/\"],\"description\":\"Talkpal is a language learning web and mobile education app, powered by the latest AI technologies, that provides engaging experiences to its customers in many different languages to help them improve their language skills. Users can chat about unlimited amount of topics with the app and use other modes to practice their language learning.\",\"email\":\"support@talkpal.ai\",\"legalName\":\"Talkpal, Inc.\",\"foundingDate\":\"2023-04-03\",\"duns\":\"118989042\",\"numberOfEmployees\":{\"@type\":\"QuantitativeValue\",\"minValue\":\"11\",\"maxValue\":\"50\"},\"publishingPrinciples\":\"https:\/\/talkpal.ai\/publishing-principles\/\",\"actionableFeedbackPolicy\":\"https:\/\/talkpal.ai\/actionable-feedback-policy\/\",\"correctionsPolicy\":\"https:\/\/talkpal.ai\/corrections-policy\/\",\"ethicsPolicy\":\"https:\/\/talkpal.ai\/ethics-policy\/\",\"diversityPolicy\":\"https:\/\/talkpal.ai\/diversity-policy\/\",\"diversityStaffingReport\":\"https:\/\/talkpal.ai\/diversity-policy\/\"}]}<\/script>\n<!-- \/ Yoast SEO Premium plugin. -->","yoast_head_json":{"title":"Estonska slovnica - Talkpal","description":"Razi\u0161\u010dite bistvene koncepte estonske slovnice, vklju\u010dno s primeri, glagoli, zgradbo stavka, izgovarjavo in nasveti.","robots":{"index":"index","follow":"follow","max-snippet":"max-snippet:-1","max-image-preview":"max-image-preview:large","max-video-preview":"max-video-preview:-1"},"canonical":"https:\/\/talkpal.ai\/sl\/estonska-slovnica\/","og_locale":"sl_SI","og_type":"article","og_title":"Estonska slovnica","og_description":"Estonska slovnica: vrata do edinstvenega jezikovnega potovanja Dobrodo\u0161li v fascinantnem svetu eston\u0161\u010dine! Z ve\u010d kot milijonom naravnih govorcev vam","og_url":"https:\/\/talkpal.ai\/sl\/estonska-slovnica\/","og_site_name":"Talkpal","article_publisher":"https:\/\/www.facebook.com\/profile.php?id=100090733639311","article_modified_time":"2025-12-13T15:19:26+00:00","og_image":[{"width":512,"height":512,"url":"https:\/\/talkpal.ai\/wp-content\/uploads\/2023\/05\/estonia.png","type":"image\/png"}],"twitter_card":"summary_large_image","twitter_site":"@talkpalai","twitter_misc":{"Est. reading time":"2 minuti"},"schema":{"@context":"https:\/\/schema.org","@graph":[{"@type":"WebPage","@id":"https:\/\/talkpal.ai\/sl\/estonska-slovnica\/","url":"https:\/\/talkpal.ai\/sl\/estonska-slovnica\/","name":"Estonska slovnica - Talkpal","isPartOf":{"@id":"https:\/\/talkpal.ai\/sl\/#website"},"primaryImageOfPage":{"@id":"https:\/\/talkpal.ai\/sl\/estonska-slovnica\/#primaryimage"},"image":{"@id":"https:\/\/talkpal.ai\/sl\/estonska-slovnica\/#primaryimage"},"thumbnailUrl":"https:\/\/talkpal.ai\/wp-content\/uploads\/2023\/05\/estonia.png","datePublished":"2023-05-14T14:01:53+00:00","dateModified":"2025-12-13T15:19:26+00:00","description":"Razi\u0161\u010dite bistvene koncepte estonske slovnice, vklju\u010dno s primeri, glagoli, zgradbo stavka, izgovarjavo in nasveti.","breadcrumb":{"@id":"https:\/\/talkpal.ai\/sl\/estonska-slovnica\/#breadcrumb"},"inLanguage":"sl-SI","potentialAction":[{"@type":"ReadAction","target":["https:\/\/talkpal.ai\/sl\/estonska-slovnica\/"]}]},{"@type":"ImageObject","inLanguage":"sl-SI","@id":"https:\/\/talkpal.ai\/sl\/estonska-slovnica\/#primaryimage","url":"https:\/\/talkpal.ai\/wp-content\/uploads\/2023\/05\/estonia.png","contentUrl":"https:\/\/talkpal.ai\/wp-content\/uploads\/2023\/05\/estonia.png","width":512,"height":512},{"@type":"BreadcrumbList","@id":"https:\/\/talkpal.ai\/sl\/estonska-slovnica\/#breadcrumb","itemListElement":[{"@type":"ListItem","position":1,"name":"Homepage","item":"https:\/\/talkpal.ai\/sl\/"},{"@type":"ListItem","position":2,"name":"Estonska slovnica"}]},{"@type":"WebSite","@id":"https:\/\/talkpal.ai\/sl\/#website","url":"https:\/\/talkpal.ai\/sl\/","name":"Talkpal","description":"AI Language Learning","publisher":{"@id":"https:\/\/talkpal.ai\/sl\/#organization"},"alternateName":"Talkpal AI","potentialAction":[{"@type":"SearchAction","target":{"@type":"EntryPoint","urlTemplate":"https:\/\/talkpal.ai\/sl\/?s={search_term_string}"},"query-input":{"@type":"PropertyValueSpecification","valueRequired":true,"valueName":"search_term_string"}}],"inLanguage":"sl-SI"},{"@type":"Organization","@id":"https:\/\/talkpal.ai\/sl\/#organization","name":"Talkpal, Inc.","alternateName":"Talkpal AI","url":"https:\/\/talkpal.ai\/sl\/","logo":{"@type":"ImageObject","inLanguage":"sl-SI","@id":"https:\/\/talkpal.ai\/sl\/#\/schema\/logo\/image\/","url":"https:\/\/talkpal.ai\/wp-content\/uploads\/2024\/03\/Talkpal-Logo-Icon.png","contentUrl":"https:\/\/talkpal.ai\/wp-content\/uploads\/2024\/03\/Talkpal-Logo-Icon.png","width":2880,"height":2880,"caption":"Talkpal, Inc."},"image":{"@id":"https:\/\/talkpal.ai\/sl\/#\/schema\/logo\/image\/"},"sameAs":["https:\/\/www.facebook.com\/profile.php?id=100090733639311","https:\/\/x.com\/talkpalai","https:\/\/www.linkedin.com\/company\/talkpal\/","https:\/\/www.youtube.com\/@TalkPal\/","https:\/\/www.tiktok.com\/@talkpal","https:\/\/www.instagram.com\/talkpal_ai\/","https:\/\/www.crunchbase.com\/organization\/talkpal-9cde","https:\/\/www.g2.com\/products\/talkpal-for-business\/","https:\/\/www.trustpilot.com\/review\/talkpal.ai","https:\/\/www.capterra.com\/p\/10006800\/TalkPal\/"],"description":"Talkpal is a language learning web and mobile education app, powered by the latest AI technologies, that provides engaging experiences to its customers in many different languages to help them improve their language skills. Users can chat about unlimited amount of topics with the app and use other modes to practice their language learning.","email":"support@talkpal.ai","legalName":"Talkpal, Inc.","foundingDate":"2023-04-03","duns":"118989042","numberOfEmployees":{"@type":"QuantitativeValue","minValue":"11","maxValue":"50"},"publishingPrinciples":"https:\/\/talkpal.ai\/publishing-principles\/","actionableFeedbackPolicy":"https:\/\/talkpal.ai\/actionable-feedback-policy\/","correctionsPolicy":"https:\/\/talkpal.ai\/corrections-policy\/","ethicsPolicy":"https:\/\/talkpal.ai\/ethics-policy\/","diversityPolicy":"https:\/\/talkpal.ai\/diversity-policy\/","diversityStaffingReport":"https:\/\/talkpal.ai\/diversity-policy\/"}]}},"_links":{"self":[{"href":"https:\/\/talkpal.ai\/sl\/wp-json\/wp\/v2\/pages\/142620","targetHints":{"allow":["GET"]}}],"collection":[{"href":"https:\/\/talkpal.ai\/sl\/wp-json\/wp\/v2\/pages"}],"about":[{"href":"https:\/\/talkpal.ai\/sl\/wp-json\/wp\/v2\/types\/page"}],"author":[{"embeddable":true,"href":"https:\/\/talkpal.ai\/sl\/wp-json\/wp\/v2\/users\/1"}],"replies":[{"embeddable":true,"href":"https:\/\/talkpal.ai\/sl\/wp-json\/wp\/v2\/comments?post=142620"}],"version-history":[{"count":0,"href":"https:\/\/talkpal.ai\/sl\/wp-json\/wp\/v2\/pages\/142620\/revisions"}],"wp:featuredmedia":[{"embeddable":true,"href":"https:\/\/talkpal.ai\/sl\/wp-json\/wp\/v2\/media\/112429"}],"wp:attachment":[{"href":"https:\/\/talkpal.ai\/sl\/wp-json\/wp\/v2\/media?parent=142620"}],"curies":[{"name":"wp","href":"https:\/\/api.w.org\/{rel}","templated":true}]}}