{"id":142318,"date":"2023-05-14T14:01:16","date_gmt":"2023-05-14T14:01:16","guid":{"rendered":"http:\/\/talkpal.ai\/hrvaska-slovnica\/"},"modified":"2025-12-11T16:39:20","modified_gmt":"2025-12-11T16:39:20","slug":"hrvaska-slovnica","status":"publish","type":"page","link":"https:\/\/talkpal.ai\/sl\/hrvaska-slovnica\/","title":{"rendered":"Hrva\u0161ka slovnica"},"content":{"rendered":"\r\n\r\n\r\n<section class=\"languageChallengeSection\">\r\n    <div class=\"languageInfoWrapper\">\r\n        \r\n        <h1>Hrva\u0161ka slovnica<\/h1>\r\n        <p>Spoznajte fascinantno strukturo hrva\u0161\u010dine z u\u010denjem njenih osnovnih slovni\u010dnih pravil. Osvojitev hrva\u0161ke slovnice vam bo odprla nove mo\u017enosti za sporazumevanje ter vam pomagala bolje spoznati kulturo in dedi\u0161\u010dino te dr\u017eave. Za\u010dnite se u\u010diti hrva\u0161ke slovnice \u0161e danes in naredite prvi korak k teko\u010demu znanju!<\/p>\r\n\r\n                            <a class=\"getStartedHidden\" href=\"https:\/\/app.talkpal.ai\/sl\/signup?lng=\">Za\u010dni<\/a>\r\n        \r\n    <\/div>\r\n\r\n    <figure>\r\n    <img decoding=\"async\" width=\"768\" height=\"768\" src=\"https:\/\/talkpal.ai\/wp-content\/uploads\/2023\/06\/croatian-768x768.png\" class=\"languageImage no-lazy\" alt=\"Language learning for successful interaction\" fetchpriority=\"high\" sizes=\"(max-width: 768px) 150px, 768px\" srcset=\"https:\/\/talkpal.ai\/wp-content\/uploads\/2023\/06\/croatian-768x768.png 768w, https:\/\/talkpal.ai\/wp-content\/uploads\/2023\/06\/croatian-300x300.png 300w\" \/>\r\n    \r\n\r\n    <\/figure>\r\n\r\n            <a class=\"getStartedVisible\" href=\"https:\/\/app.talkpal.ai\/sl\/signup?lng=\">Za\u010dni<\/a>\r\n    \r\n<\/section>\r\n<section class=\"promotionalBanner\">\r\n    <p class=\"promotionalText\">Naju\u010dinkovitej\u0161i na\u010din u\u010denja jezika<\/p>\r\n    <a class=\"promotionalLink\" href=\"https:\/\/app.talkpal.ai\/sl\/signup?lng=\">Preizkusite Talkpal brezpla\u010dno<\/a>\r\n<\/section>\n<div class=\"wp-block-group pageContainerStyle\"><div class=\"wp-block-group__inner-container is-layout-constrained wp-block-group-is-layout-constrained\">\n<h2 class=\"wp-block-heading\" id=\"h-a-journey-through-croatian-grammar-unraveling-the-complexities-made-easy\">Potovanje po hrva\u0161ki slovnici: enostavno razkrivanje zapletenosti<\/h2>\n\n\n\n<p><a href=\"https:\/\/talkpal.ai\/croatian-grammar\/\">Hrva\u0161ka slovnica<\/a>: privla\u010dna in zastra\u0161ujo\u010da, preprosta in zapletena, skrivnostna in fascinantna. Ko se odpravljate na pot u\u010denja hrva\u0161kega jezika, se boste morda po\u010dutili preobremenjeni z mislijo na razumevanje njegovih slovni\u010dnih zapletenosti. Vendar se ne bojte, neustra\u0161ni jezikoslovec, saj smo tu, da vas vodimo na vsakem koraku!<\/p>\n\n\n\n<p>V tem \u010dlanku bomo podali osnovno razumevanje konceptov hrva\u0161ke slovnice in podali nasvete in trike za obvladovanje tega \u010dudovitega slovanskega jezika. Samo sedite, sprostite se in poenostavimo to na videz zapleteno zadevo!<\/p>\n\n\n\n<h3 class=\"wp-block-heading\" id=\"h-1-heavenly-nouns-declining-in-style\">1. Nebe\u0161ki samostalniki: upadanje v slogu<\/h3>\n\n\n\n<p>\u010ce poznate jezike, kot sta latin\u0161\u010dina ali nem\u0161\u010dina, vam pojem samostalni\u0161ke sklanjatve ne bo nov. Hrva\u0161ka <a href=\"https:\/\/talkpal.ai\/grammar\/\">slovnica<\/a> je zgrajena na temeljih deklinacije, s skupno sedmimi primeri. Da, prav ste sli\u0161ali! Vsak samostalnik v hrva\u0161\u010dini ima lahko do sedem razli\u010dnih oblik, odvisno od njegove vloge v stavku. <a href=\"https:\/\/talkpal.ai\/locations\/language-courses-in-toda\/\">Toda<\/a> zakaj se razburjate, vpra\u0161ate? No, zmanj\u0161uje potrebo po predlogih, zaradi \u010desar je jezik natan\u010dnej\u0161i.  <\/p>\n\n\n\n<p>Tu je kratek pregled primerov:<\/p>\n\n\n\n<p><strong>&#8211; Nominativ:<\/strong> Predmet stavka<\/p>\n\n\n\n<p><strong>&#8211; Rodilnik:<\/strong> Ozna\u010duje lastni\u0161tvo ali izvor<\/p>\n\n\n\n<p><strong>&#8211; Dativ:<\/strong> Posredni predmet ali cilj<\/p>\n\n\n\n<p><strong>&#8211; Akuzativ:<\/strong> Neposredni predmet ali cilj<\/p>\n\n\n\n<p><strong>&#8211; Vokativ:<\/strong> Uporablja se za naslavljanje ali klicanje nekoga<\/p>\n\n\n\n<p><strong>&#8211; Lokativ:<\/strong> Ozna\u010duje lokacijo<\/p>\n\n\n\n<p><strong>&#8211; Instrumentalno:<\/strong> Opisuje sredstvo, na\u010din ali spremljavo<\/p>\n\n\n\n<p>Zdaj, preden za\u010dnete paniko, ne pozabite, da je praksa popolna. Redna izpostavljenost in uporaba jezika vam bosta pomagala postopoma obvladati te sklanjatve in postati hrva\u0161ki slovni\u010dni \u010darovnik!<\/p>\n\n\n\n<h3 class=\"wp-block-heading\" id=\"h-2-adorable-adjectives-agreements-galore\">2. \u010cudoviti pridevniki: sporazumi Galore<\/h3>\n\n\n\n<p>V svetu hrva\u0161ke slovnice so pridevniki radi prijetni. Spreminjajo se glede na spol, \u0161tevilo in primer samostalnika, ki ga spreminjajo. To pomeni, da morate obliko pridevnika prilagoditi glede na to, ali je samostalnik mo\u0161kega, \u017eenskega ali srednjega spola ter ali je v ednini ali mno\u017eini.<\/p>\n\n\n\n<p>Se borite s sporazumom? Majhen nasvet: osredoto\u010dite se na u\u010denje korena pridevnika in vse ostalo bo \u0161lo samo po sebi. Korenski pridevnik za &#8220;lep&#8221; <a href=\"https:\/\/talkpal.ai\/culture\/what-is-the-difference-between-je-and-na-for-i\/\">je na<\/a> primer &#8220;lijep-&#8220;, z razli\u010dnimi kon\u010dnicami pa lahko tvorite oblike, kot sta &#8220;lijepa&#8221; (\u017eenski spol, imenovalnik) ali &#8220;lijepim&#8221; (mo\u0161ki\/tuji spol, instrumental).<\/p>\n\n\n\n<h3 class=\"wp-block-heading\" id=\"h-3-vibrant-verbs-conjugating-to-perfection\">3. \u017divahni glagoli: konjugacija do popolnosti<\/h3>\n\n\n\n<p>Ali za\u010denjate videti vzorec tukaj? Tako kot samostalniki in pridevniki so tudi hrva\u0161ki glagoli polni variacij. V tem jeziku glagoli do\u017eivljajo konjugacijo na podlagi napetosti, razpolo\u017eenja, vidika, osebe in \u0161tevila.<\/p>\n\n\n\n<p>V hrva\u0161\u010dini obstajajo trije glavni \u010dasi: preteklost, sedanjost in prihodnost. \u010ceprav se sedanji \u010das morda zdi razmeroma lahko razumljiv, sta lahko pretekli in prihodnji \u010das zapletena. Ampak ne skrbite! Praksa in izpostavljenost jeziku vam bosta pomagala premagati te ovire v kratkem \u010dasu.<\/p>\n\n\n\n<h3 class=\"wp-block-heading\" id=\"h-4-prepositions-cases-dynamic-duo\">4. Predlogi + primeri = dinami\u010dni duo!<\/h3>\n\n\n\n<p>Hrva\u0161ki predlogi so lahko malce zapleteni, saj so tesno povezani s samostalni\u0161kimi primeri. Na primer, predlo\u017eek &#8220;u&#8221; (v, v) se uporablja v akuzativu, \u010de ozna\u010duje gibanje ali smer, \u010de pa ozna\u010duje lokacijo, se uporablja v lokativu.<\/p>\n\n\n\n<p>Da bi se izognili zmedi, pove\u017eite predlog s primerom, ki ga zahteva. Spomnite se na primer &#8220;u + lokativ = v&#8221; in &#8220;u + akuzativ = v&#8221;.<\/p>\n\n\n\n<h3 class=\"wp-block-heading\" id=\"h-5-tame-the-complexities-practice-makes-perfect\">5. Ukrotite zapletenosti: praksa je popolna<\/h3>\n\n\n\n<p>Na prvi pogled se hrva\u0161ka slovnica morda zdi kot labirint, vendar ne pozabite, da je praksa skrivna sestavina uspeha. Potopite se v jezik z branjem, pisanjem, poslu\u0161anjem in pogovorom. Spremenite izzive v zmagoslavje tako, da omogo\u010dite mo\u017eganom, da absorbirajo in se prilagodijo novemu jezikovnemu okolju.<\/p>\n\n\n\n<p>Zdaj, ko ste se potopili v o\u010darljive vode hrva\u0161ke slovnice, ste se pripravljeni potopiti globlje? Sprejmite kompleksnost, u\u017eivajte v odtenkih in ne pozabite, da lahko z vztrajnostjo in strastjo odklenete pravo lepoto hrva\u0161kega jezika. Sretno! (Sre\u010dno!)<\/p>\n<\/div><\/div>\n\r\n<section class=\"learnNavigationSection\">\r\n            \r\n        <a href=\"https:\/\/talkpal.ai\/sl\/naucite-se-hrvascine\/\">\r\n            <div class=\"learnNavigationWrapper\">\r\n                <div class=\"learnNavigationContent\">\r\n                    <img decoding=\"async\" src=\"https:\/\/talkpal.ai\/wp-content\/uploads\/2024\/08\/Croatian.jpg\" alt=\"Croatian Flag\">\r\n                    <div>\r\n                        <h4>O u\u010denju hrva\u0161\u010dine<\/h4>\r\n                        <p>Izvedite vse o hrva\u0161ki slovnici.<\/p>\r\n                    <\/div>\r\n                <\/div>\r\n            <\/div>\r\n        <\/a>\r\n\r\n        \r\n        <a href=\"https:\/\/talkpal.ai\/sl\/hrvaske-slovnicne-vaje\/\">\r\n            <div class=\"learnNavigationWrapper\">\r\n                <div class=\"learnNavigationContent\">\r\n                    <img decoding=\"async\" src=\"https:\/\/talkpal.ai\/wp-content\/uploads\/2024\/08\/Croatian.jpg\" alt=\"Croatian Flag\">\r\n                    <div>\r\n                        <h4>Vaja iz hrva\u0161ke slovnice<\/h4>\r\n                        <p>Vadite hrva\u0161ko slovnico.<\/p>\r\n                    <\/div>\r\n                <\/div>\r\n            <\/div>\r\n        <\/a>\r\n\r\n        \r\n        <a href=\"https:\/\/talkpal.ai\/vocabulary_language\/croatian\/\">\r\n            <div class=\"learnNavigationWrapper\">\r\n                <div class=\"learnNavigationContent\">\r\n                    <img decoding=\"async\" src=\"https:\/\/talkpal.ai\/wp-content\/uploads\/2024\/08\/Croatian.jpg\" alt=\"Croatian Flag\">\r\n                    <div>\r\n                        <h4>Hrva\u0161ko besedi\u0161\u010de<\/h4>\r\n                        <p>Raz\u0161irite svoj hrva\u0161ki besedni zaklad.<\/p>\r\n                    <\/div>\r\n                <\/div>\r\n            <\/div>\r\n        <\/a>\r\n\r\n            <\/section>","protected":false},"excerpt":{"rendered":"<p>Potovanje po hrva\u0161ki slovnici: enostavno razkrivanje zapletenosti Hrva\u0161ka slovnica: privla\u010dna in zastra\u0161ujo\u010da, preprosta in zapletena, skrivnostna in fascinantna. Ko se odpravljate na pot u\u010denja hrva\u0161kega jezika, se boste morda po\u010dutili preobremenjeni z mislijo na razumevanje njegovih slovni\u010dnih zapletenosti. Vendar se ne bojte, neustra\u0161ni jezikoslovec, saj smo tu, da vas vodimo na vsakem koraku! V tem [&hellip;]<\/p>\n","protected":false},"author":1,"featured_media":110175,"parent":0,"menu_order":0,"comment_status":"closed","ping_status":"closed","template":"LearningContentPage.php","meta":{"_acf_changed":false,"footnotes":""},"class_list":["post-142318","page","type-page","status-publish","has-post-thumbnail","hentry"],"acf":[],"yoast_head":"<!-- This site is optimized with the Yoast SEO Premium plugin v27.2 (Yoast SEO v27.2) - https:\/\/yoast.com\/product\/yoast-seo-premium-wordpress\/ -->\n<title>Hrva\u0161ka slovnica - Talkpal<\/title>\n<meta name=\"description\" content=\"Spoznajte hrva\u0161ko slovnico in izbolj\u0161ajte svoje razumevanje jezika z bistvenimi nasveti in viri.\" \/>\n<meta name=\"robots\" content=\"index, follow, max-snippet:-1, max-image-preview:large, max-video-preview:-1\" \/>\n<link rel=\"canonical\" href=\"https:\/\/talkpal.ai\/sl\/hrvaska-slovnica\/\" \/>\n<meta property=\"og:locale\" content=\"sl_SI\" \/>\n<meta property=\"og:type\" content=\"article\" \/>\n<meta property=\"og:title\" content=\"Hrva\u0161ka slovnica\" \/>\n<meta property=\"og:description\" content=\"Potovanje po hrva\u0161ki slovnici: enostavno razkrivanje zapletenosti Hrva\u0161ka slovnica: privla\u010dna in zastra\u0161ujo\u010da, preprosta in zapletena, skrivnostna in\" \/>\n<meta property=\"og:url\" content=\"https:\/\/talkpal.ai\/sl\/hrvaska-slovnica\/\" \/>\n<meta property=\"og:site_name\" content=\"Talkpal\" \/>\n<meta property=\"article:publisher\" content=\"https:\/\/www.facebook.com\/profile.php?id=100090733639311\" \/>\n<meta property=\"article:modified_time\" content=\"2025-12-11T16:39:20+00:00\" \/>\n<meta property=\"og:image\" content=\"https:\/\/talkpal.ai\/wp-content\/uploads\/2023\/05\/croatia.png\" \/>\n\t<meta property=\"og:image:width\" content=\"512\" \/>\n\t<meta property=\"og:image:height\" content=\"512\" \/>\n\t<meta property=\"og:image:type\" content=\"image\/png\" \/>\n<meta name=\"twitter:card\" content=\"summary_large_image\" \/>\n<meta name=\"twitter:site\" content=\"@talkpalai\" \/>\n<meta name=\"twitter:label1\" content=\"Est. reading time\" \/>\n\t<meta name=\"twitter:data1\" content=\"3 minute\" \/>\n<script type=\"application\/ld+json\" class=\"yoast-schema-graph\">{\"@context\":\"https:\/\/schema.org\",\"@graph\":[{\"@type\":\"WebPage\",\"@id\":\"https:\/\/talkpal.ai\/sl\/hrvaska-slovnica\/\",\"url\":\"https:\/\/talkpal.ai\/sl\/hrvaska-slovnica\/\",\"name\":\"Hrva\u0161ka slovnica - Talkpal\",\"isPartOf\":{\"@id\":\"https:\/\/talkpal.ai\/sl\/#website\"},\"primaryImageOfPage\":{\"@id\":\"https:\/\/talkpal.ai\/sl\/hrvaska-slovnica\/#primaryimage\"},\"image\":{\"@id\":\"https:\/\/talkpal.ai\/sl\/hrvaska-slovnica\/#primaryimage\"},\"thumbnailUrl\":\"https:\/\/talkpal.ai\/wp-content\/uploads\/2023\/05\/croatia.png\",\"datePublished\":\"2023-05-14T14:01:16+00:00\",\"dateModified\":\"2025-12-11T16:39:20+00:00\",\"description\":\"Spoznajte hrva\u0161ko slovnico in izbolj\u0161ajte svoje razumevanje jezika z bistvenimi nasveti in viri.\",\"breadcrumb\":{\"@id\":\"https:\/\/talkpal.ai\/sl\/hrvaska-slovnica\/#breadcrumb\"},\"inLanguage\":\"sl-SI\",\"potentialAction\":[{\"@type\":\"ReadAction\",\"target\":[\"https:\/\/talkpal.ai\/sl\/hrvaska-slovnica\/\"]}]},{\"@type\":\"ImageObject\",\"inLanguage\":\"sl-SI\",\"@id\":\"https:\/\/talkpal.ai\/sl\/hrvaska-slovnica\/#primaryimage\",\"url\":\"https:\/\/talkpal.ai\/wp-content\/uploads\/2023\/05\/croatia.png\",\"contentUrl\":\"https:\/\/talkpal.ai\/wp-content\/uploads\/2023\/05\/croatia.png\",\"width\":512,\"height\":512},{\"@type\":\"BreadcrumbList\",\"@id\":\"https:\/\/talkpal.ai\/sl\/hrvaska-slovnica\/#breadcrumb\",\"itemListElement\":[{\"@type\":\"ListItem\",\"position\":1,\"name\":\"Homepage\",\"item\":\"https:\/\/talkpal.ai\/sl\/\"},{\"@type\":\"ListItem\",\"position\":2,\"name\":\"Hrva\u0161ka slovnica\"}]},{\"@type\":\"WebSite\",\"@id\":\"https:\/\/talkpal.ai\/sl\/#website\",\"url\":\"https:\/\/talkpal.ai\/sl\/\",\"name\":\"Talkpal\",\"description\":\"AI Language Learning\",\"publisher\":{\"@id\":\"https:\/\/talkpal.ai\/sl\/#organization\"},\"alternateName\":\"Talkpal AI\",\"potentialAction\":[{\"@type\":\"SearchAction\",\"target\":{\"@type\":\"EntryPoint\",\"urlTemplate\":\"https:\/\/talkpal.ai\/sl\/?s={search_term_string}\"},\"query-input\":{\"@type\":\"PropertyValueSpecification\",\"valueRequired\":true,\"valueName\":\"search_term_string\"}}],\"inLanguage\":\"sl-SI\"},{\"@type\":\"Organization\",\"@id\":\"https:\/\/talkpal.ai\/sl\/#organization\",\"name\":\"Talkpal, Inc.\",\"alternateName\":\"Talkpal AI\",\"url\":\"https:\/\/talkpal.ai\/sl\/\",\"logo\":{\"@type\":\"ImageObject\",\"inLanguage\":\"sl-SI\",\"@id\":\"https:\/\/talkpal.ai\/sl\/#\/schema\/logo\/image\/\",\"url\":\"https:\/\/talkpal.ai\/wp-content\/uploads\/2024\/03\/Talkpal-Logo-Icon.png\",\"contentUrl\":\"https:\/\/talkpal.ai\/wp-content\/uploads\/2024\/03\/Talkpal-Logo-Icon.png\",\"width\":2880,\"height\":2880,\"caption\":\"Talkpal, Inc.\"},\"image\":{\"@id\":\"https:\/\/talkpal.ai\/sl\/#\/schema\/logo\/image\/\"},\"sameAs\":[\"https:\/\/www.facebook.com\/profile.php?id=100090733639311\",\"https:\/\/x.com\/talkpalai\",\"https:\/\/www.linkedin.com\/company\/talkpal\/\",\"https:\/\/www.youtube.com\/@TalkPal\/\",\"https:\/\/www.tiktok.com\/@talkpal\",\"https:\/\/www.instagram.com\/talkpal_ai\/\",\"https:\/\/www.crunchbase.com\/organization\/talkpal-9cde\",\"https:\/\/www.g2.com\/products\/talkpal-for-business\/\",\"https:\/\/www.trustpilot.com\/review\/talkpal.ai\",\"https:\/\/www.capterra.com\/p\/10006800\/TalkPal\/\"],\"description\":\"Talkpal is a language learning web and mobile education app, powered by the latest AI technologies, that provides engaging experiences to its customers in many different languages to help them improve their language skills. Users can chat about unlimited amount of topics with the app and use other modes to practice their language learning.\",\"email\":\"support@talkpal.ai\",\"legalName\":\"Talkpal, Inc.\",\"foundingDate\":\"2023-04-03\",\"duns\":\"118989042\",\"numberOfEmployees\":{\"@type\":\"QuantitativeValue\",\"minValue\":\"11\",\"maxValue\":\"50\"},\"publishingPrinciples\":\"https:\/\/talkpal.ai\/publishing-principles\/\",\"actionableFeedbackPolicy\":\"https:\/\/talkpal.ai\/actionable-feedback-policy\/\",\"correctionsPolicy\":\"https:\/\/talkpal.ai\/corrections-policy\/\",\"ethicsPolicy\":\"https:\/\/talkpal.ai\/ethics-policy\/\",\"diversityPolicy\":\"https:\/\/talkpal.ai\/diversity-policy\/\",\"diversityStaffingReport\":\"https:\/\/talkpal.ai\/diversity-policy\/\"}]}<\/script>\n<!-- \/ Yoast SEO Premium plugin. -->","yoast_head_json":{"title":"Hrva\u0161ka slovnica - Talkpal","description":"Spoznajte hrva\u0161ko slovnico in izbolj\u0161ajte svoje razumevanje jezika z bistvenimi nasveti in viri.","robots":{"index":"index","follow":"follow","max-snippet":"max-snippet:-1","max-image-preview":"max-image-preview:large","max-video-preview":"max-video-preview:-1"},"canonical":"https:\/\/talkpal.ai\/sl\/hrvaska-slovnica\/","og_locale":"sl_SI","og_type":"article","og_title":"Hrva\u0161ka slovnica","og_description":"Potovanje po hrva\u0161ki slovnici: enostavno razkrivanje zapletenosti Hrva\u0161ka slovnica: privla\u010dna in zastra\u0161ujo\u010da, preprosta in zapletena, skrivnostna in","og_url":"https:\/\/talkpal.ai\/sl\/hrvaska-slovnica\/","og_site_name":"Talkpal","article_publisher":"https:\/\/www.facebook.com\/profile.php?id=100090733639311","article_modified_time":"2025-12-11T16:39:20+00:00","og_image":[{"width":512,"height":512,"url":"https:\/\/talkpal.ai\/wp-content\/uploads\/2023\/05\/croatia.png","type":"image\/png"}],"twitter_card":"summary_large_image","twitter_site":"@talkpalai","twitter_misc":{"Est. reading time":"3 minute"},"schema":{"@context":"https:\/\/schema.org","@graph":[{"@type":"WebPage","@id":"https:\/\/talkpal.ai\/sl\/hrvaska-slovnica\/","url":"https:\/\/talkpal.ai\/sl\/hrvaska-slovnica\/","name":"Hrva\u0161ka slovnica - Talkpal","isPartOf":{"@id":"https:\/\/talkpal.ai\/sl\/#website"},"primaryImageOfPage":{"@id":"https:\/\/talkpal.ai\/sl\/hrvaska-slovnica\/#primaryimage"},"image":{"@id":"https:\/\/talkpal.ai\/sl\/hrvaska-slovnica\/#primaryimage"},"thumbnailUrl":"https:\/\/talkpal.ai\/wp-content\/uploads\/2023\/05\/croatia.png","datePublished":"2023-05-14T14:01:16+00:00","dateModified":"2025-12-11T16:39:20+00:00","description":"Spoznajte hrva\u0161ko slovnico in izbolj\u0161ajte svoje razumevanje jezika z bistvenimi nasveti in viri.","breadcrumb":{"@id":"https:\/\/talkpal.ai\/sl\/hrvaska-slovnica\/#breadcrumb"},"inLanguage":"sl-SI","potentialAction":[{"@type":"ReadAction","target":["https:\/\/talkpal.ai\/sl\/hrvaska-slovnica\/"]}]},{"@type":"ImageObject","inLanguage":"sl-SI","@id":"https:\/\/talkpal.ai\/sl\/hrvaska-slovnica\/#primaryimage","url":"https:\/\/talkpal.ai\/wp-content\/uploads\/2023\/05\/croatia.png","contentUrl":"https:\/\/talkpal.ai\/wp-content\/uploads\/2023\/05\/croatia.png","width":512,"height":512},{"@type":"BreadcrumbList","@id":"https:\/\/talkpal.ai\/sl\/hrvaska-slovnica\/#breadcrumb","itemListElement":[{"@type":"ListItem","position":1,"name":"Homepage","item":"https:\/\/talkpal.ai\/sl\/"},{"@type":"ListItem","position":2,"name":"Hrva\u0161ka slovnica"}]},{"@type":"WebSite","@id":"https:\/\/talkpal.ai\/sl\/#website","url":"https:\/\/talkpal.ai\/sl\/","name":"Talkpal","description":"AI Language Learning","publisher":{"@id":"https:\/\/talkpal.ai\/sl\/#organization"},"alternateName":"Talkpal AI","potentialAction":[{"@type":"SearchAction","target":{"@type":"EntryPoint","urlTemplate":"https:\/\/talkpal.ai\/sl\/?s={search_term_string}"},"query-input":{"@type":"PropertyValueSpecification","valueRequired":true,"valueName":"search_term_string"}}],"inLanguage":"sl-SI"},{"@type":"Organization","@id":"https:\/\/talkpal.ai\/sl\/#organization","name":"Talkpal, Inc.","alternateName":"Talkpal AI","url":"https:\/\/talkpal.ai\/sl\/","logo":{"@type":"ImageObject","inLanguage":"sl-SI","@id":"https:\/\/talkpal.ai\/sl\/#\/schema\/logo\/image\/","url":"https:\/\/talkpal.ai\/wp-content\/uploads\/2024\/03\/Talkpal-Logo-Icon.png","contentUrl":"https:\/\/talkpal.ai\/wp-content\/uploads\/2024\/03\/Talkpal-Logo-Icon.png","width":2880,"height":2880,"caption":"Talkpal, Inc."},"image":{"@id":"https:\/\/talkpal.ai\/sl\/#\/schema\/logo\/image\/"},"sameAs":["https:\/\/www.facebook.com\/profile.php?id=100090733639311","https:\/\/x.com\/talkpalai","https:\/\/www.linkedin.com\/company\/talkpal\/","https:\/\/www.youtube.com\/@TalkPal\/","https:\/\/www.tiktok.com\/@talkpal","https:\/\/www.instagram.com\/talkpal_ai\/","https:\/\/www.crunchbase.com\/organization\/talkpal-9cde","https:\/\/www.g2.com\/products\/talkpal-for-business\/","https:\/\/www.trustpilot.com\/review\/talkpal.ai","https:\/\/www.capterra.com\/p\/10006800\/TalkPal\/"],"description":"Talkpal is a language learning web and mobile education app, powered by the latest AI technologies, that provides engaging experiences to its customers in many different languages to help them improve their language skills. Users can chat about unlimited amount of topics with the app and use other modes to practice their language learning.","email":"support@talkpal.ai","legalName":"Talkpal, Inc.","foundingDate":"2023-04-03","duns":"118989042","numberOfEmployees":{"@type":"QuantitativeValue","minValue":"11","maxValue":"50"},"publishingPrinciples":"https:\/\/talkpal.ai\/publishing-principles\/","actionableFeedbackPolicy":"https:\/\/talkpal.ai\/actionable-feedback-policy\/","correctionsPolicy":"https:\/\/talkpal.ai\/corrections-policy\/","ethicsPolicy":"https:\/\/talkpal.ai\/ethics-policy\/","diversityPolicy":"https:\/\/talkpal.ai\/diversity-policy\/","diversityStaffingReport":"https:\/\/talkpal.ai\/diversity-policy\/"}]}},"_links":{"self":[{"href":"https:\/\/talkpal.ai\/sl\/wp-json\/wp\/v2\/pages\/142318","targetHints":{"allow":["GET"]}}],"collection":[{"href":"https:\/\/talkpal.ai\/sl\/wp-json\/wp\/v2\/pages"}],"about":[{"href":"https:\/\/talkpal.ai\/sl\/wp-json\/wp\/v2\/types\/page"}],"author":[{"embeddable":true,"href":"https:\/\/talkpal.ai\/sl\/wp-json\/wp\/v2\/users\/1"}],"replies":[{"embeddable":true,"href":"https:\/\/talkpal.ai\/sl\/wp-json\/wp\/v2\/comments?post=142318"}],"version-history":[{"count":0,"href":"https:\/\/talkpal.ai\/sl\/wp-json\/wp\/v2\/pages\/142318\/revisions"}],"wp:featuredmedia":[{"embeddable":true,"href":"https:\/\/talkpal.ai\/sl\/wp-json\/wp\/v2\/media\/110175"}],"wp:attachment":[{"href":"https:\/\/talkpal.ai\/sl\/wp-json\/wp\/v2\/media?parent=142318"}],"curies":[{"name":"wp","href":"https:\/\/api.w.org\/{rel}","templated":true}]}}