{"id":142035,"date":"2023-05-14T14:00:56","date_gmt":"2023-05-14T14:00:56","guid":{"rendered":"http:\/\/talkpal.ai\/katalonska-slovnica\/"},"modified":"2025-05-22T18:35:09","modified_gmt":"2025-05-22T18:35:09","slug":"katalonska-slovnica","status":"publish","type":"page","link":"https:\/\/talkpal.ai\/sl\/katalonska-slovnica\/","title":{"rendered":"Katalonska slovnica"},"content":{"rendered":"\r\n\r\n\r\n<section class=\"languageChallengeSection\">\r\n    <div class=\"languageInfoWrapper\">\r\n        \r\n        <h1>Katalonska slovnica<\/h1>\r\n        <p>Potopite se v svet katalonske slovnice in odkrijte edinstveno strukturo tega \u017eivahnega romanskega jezika. Osvojitev osnov vam bo pomagala pri u\u010dinkovitej\u0161em sporazumevanju in globljem stiku s katalonsko kulturo. Za\u010dnite se u\u010diti katalonske slovnice \u0161e danes in naredite prvi korak k teko\u010demu govoru!\n\n<\/p>\r\n\r\n                            <a class=\"getStartedHidden\" href=\"https:\/\/app.talkpal.ai\/sl\/signup?lng=\">Za\u010dni<\/a>\r\n        \r\n    <\/div>\r\n\r\n    <figure>\r\n    <img decoding=\"async\" width=\"768\" height=\"768\" src=\"https:\/\/talkpal.ai\/wp-content\/uploads\/2023\/06\/catalan-768x768.png\" class=\"languageImage no-lazy\" alt=\"Language learning techniques for fast learning\" fetchpriority=\"high\" sizes=\"(max-width: 768px) 150px, 768px\" srcset=\"https:\/\/talkpal.ai\/wp-content\/uploads\/2023\/06\/catalan-768x768.png 768w, https:\/\/talkpal.ai\/wp-content\/uploads\/2023\/06\/catalan-300x300.png 300w\" \/>\r\n    \r\n\r\n    <\/figure>\r\n\r\n            <a class=\"getStartedVisible\" href=\"https:\/\/app.talkpal.ai\/sl\/signup?lng=\">Za\u010dni<\/a>\r\n    \r\n<\/section>\r\n<section class=\"promotionalBanner\">\r\n    <p class=\"promotionalText\">Naju\u010dinkovitej\u0161i na\u010din u\u010denja jezika<\/p>\r\n    <a class=\"promotionalLink\" href=\"https:\/\/app.talkpal.ai\/sl\/signup?lng=\">Preizkusite Talkpal brezpla\u010dno<\/a>\r\n<\/section>\n<div class=\"wp-block-group pageContainerStyle\"><div class=\"wp-block-group__inner-container is-layout-constrained wp-block-group-is-layout-constrained\">\n<h2 class=\"wp-block-heading\" id=\"h-catalan-grammar-a-quick-guide-for-language-enthusiasts\">Katalonska slovnica: hiter vodnik za ljubitelje jezikov<\/h2>\n\n\n\n<p>Se nameravate nau\u010diti katalon\u0161\u010dine ali vas zanima ta \u010dudovit romanski jezik? Ne i\u0161\u010dite ve\u010d! Tukaj smo, da vas popeljemo na hiter ogled katalonske slovnice in vas opremimo z osnovami. Potopimo se v ta o\u010darljivi jezik in razi\u0161\u010dimo, kako deluje na slovni\u010dni ravni.<\/p>\n\n\n\n<p>Katalon\u0161\u010dina, ki jo govori pribli\u017eno 10 milijonov ljudi, prete\u017eno v Kataloniji, Valenciji in na Balearskih otokih, ima edinstveno me\u0161anico vplivov latin\u0161\u010dine, \u0161pan\u0161\u010dine in franco\u0161\u010dine. Tako kot vi in jaz, se <a href=\"https:\/\/talkpal.ai\/what-language-is-spoken-on-the-international-space-station\/\">jeziki<\/a> \u0161e dodatno obogatijo z izposojanjem razli\u010dnih odtenkov drug od drugega skozi \u010das. Kako razburljivo!<\/p>\n\n\n\n<p><strong>Nau\u010dimo se nekaj osnovnih vidikov katalonske slovnice:<\/strong><\/p>\n\n\n\n<h3 class=\"wp-block-heading\" id=\"h-1-nouns-and-gender\">1. Samostalniki in spol:<\/h3>\n\n\n\n<p>Pojte z mano: &#8220;Vsak samostalnik ima mo\u010d! Tako kot v drugih romanskih jezikih so tudi v katalon\u0161\u010dini samostalniki mo\u0161kega ali \u017eenskega spola, kar vpliva na njihovo uporabo s \u010dlenki in pridevniki. Vendar ne skrbite! Ve\u010dinoma so samostalniki, ki se kon\u010dajo na -a, \u017eenskega spola, tisti, ki se kon\u010dajo na -o (ali druge soglasnike), pa so mo\u0161kega spola. Vendar bodite pozorni na izjeme &#8211; radi se vam prikradejo!<\/p>\n\n\n\n<h3 class=\"wp-block-heading\" id=\"h-2-articles\">2. \u010clanki:<\/h3>\n\n\n\n<p>Brez \u010dlankov bi bilo \u017eivljenje dolgo\u010dasno, kajne? V katalon\u0161\u010dini imamo dolo\u010dne \u010dlene za ozna\u010devanje dolo\u010denih stvari ali oseb (na primer \u201epes\u201c ali \u201eknjiga\u201c) in nedolo\u010dne \u010dlene za splo\u0161ne reference (na primer \u201epes\u201c ali \u201eknjiga\u201c).  <\/p>\n\n\n\n<p>Dolo\u010dni \u010dleni v katalon\u0161\u010dini so &#8220;el&#8221; za samostalnike mo\u0161kega spola, &#8220;la&#8221; za samostalnike \u017eenskega spola, &#8220;els&#8221; za samostalnike mo\u0161kega spola v mno\u017eini in &#8220;les&#8221; za samostalnike \u017eenskega spola v mno\u017eini. Nedolo\u010dni \u010dlenki pa so &#8220;un&#8221; za samostalnike mo\u0161kega spola in &#8220;una&#8221; za samostalnike \u017eenskega spola. V mno\u017einski obliki ni posebnih nedolo\u010denih \u010dlenov. Enostavno-enostavno, kajne?<\/p>\n\n\n\n<h3 class=\"wp-block-heading\" id=\"h-3-adjectives\">3. Pridevniki:<\/h3>\n\n\n\n<p>Pridevniki dodajo okus va\u0161im stavkom z opisom samostalnikov, v katalon\u0161\u010dini pa se po spolu in \u0161tevilu ujemajo s samostalniki, ki jih spreminjajo. Pridevniki, ki se kon\u010dajo na -o, so v ve\u010dini primerov mo\u0161kega spola, tisti, ki se kon\u010dajo na -a, pa so \u017eenskega spola. Za tvorbo mno\u017eine spremenite &#8220;-o&#8221; v &#8220;-os&#8221; (mo\u0161ki spol) in &#8220;-a&#8221; v &#8220;-es&#8221; (\u017eenski spol). Ne pozabite, da imajo nekateri pridevniki edinstveno obliko za oba spola in da se spremeni le mno\u017einski marker. Sli\u0161i se zabavno, kajne?<\/p>\n\n\n\n<h3 class=\"wp-block-heading\" id=\"h-4-verbs-and-conjugation\">4. Glagoli in konjugacija:<\/h3>\n\n\n\n<p>Srce vsakega jezika! Glagoli v katalon\u0161\u010dini so glede na nedolo\u010dni\u0161ko kon\u010dnico razvr\u0161\u010deni v tri skupine: &#8220;-ar&#8221;, &#8220;-er&#8221; in &#8220;-ir&#8221;. Vsaka skupina ima svoj poseben vzorec konjugacije za razli\u010dne \u010dase, razpolo\u017eenja in zaimke &#8211; tako kot ples v razli\u010dnih ritmih. Katalon\u0161\u010dina ima tudi pomo\u017ene glagole (kot sta &#8220;imeti&#8221; in &#8220;biti&#8221;), ki se kombinirajo z drugimi glagoli in tvorijo sestavljene \u010dase in pasivni glas. Zato si obujte plesne \u010devlje in za\u010dnite raziskovati \u017eivahen svet katalonskih glagolov.<\/p>\n\n\n\n<h3 class=\"wp-block-heading\" id=\"h-5-word-order\">5. Vrstni red besed:<\/h3>\n\n\n\n<p>Postavimo te besede v pravo zaporedje! Katalon\u0161\u010dina obi\u010dajno sledi vrstnemu redu besed predmet-glagol-objekt (SVO), tako kot <a href=\"https:\/\/talkpal.ai\/learn-english-with-ai\/\">angle\u0161\u010dina<\/a>. Vendar pa je fleksibilnost v vrstnem redu besed dovoljena za poudarke ali slogovne namene. Pridevniki obi\u010dajno pridejo za samostalnikom, ki ga opisujejo, vendar jih lahko vidite pred samostalnikom, da poudarite njihov pomen. Ne pozabite, da je praksa popolna, ko gre za obvladovanje vrstnega <a href=\"https:\/\/talkpal.ai\/locations\/learn-english-in-reda\/\">reda<\/a> besed v katalon\u0161\u010dini.<\/p>\n\n\n\n<h3 class=\"wp-block-heading\" id=\"h-6-pronouns-and-prepositions\">6. Zaimki in predlogi:<\/h3>\n\n\n\n<p>Nenazadnje! Katalon\u0161\u010dina ima zaimke predmetov (jaz, ti, on, ona itd.) in zaimke predmetov (jaz, ti, on, ona itd.), Ki se lahko razli\u010dno spreminjajo glede na njihovo funkcijo v stavku. Poleg tega <a href=\"https:\/\/talkpal.ai\/learn-catalan\/\">katalonski<\/a> predlo\u017eki (kot so &#8220;a&#8221;, &#8220;de&#8221;, &#8220;en&#8221;, &#8220;amb&#8221;) pomagajo povezovati besede in besedne zveze ter prikazovati odnose med njimi.<\/p>\n\n\n\n<p>Uh! Sedaj imate osnove katalonske slovnice. Nadaljujte z raziskovanjem, postavljanjem vpra\u0161anj in prakticiranjem tega \u010dudovitega jezika. Ne pozabite, da je u\u010denje novega jezika kot potovanje na vznemirljivo potovanje. Imeli boste vzpone in padce, vendar je nagrada vredna truda. Bon viatge!<\/p>\n<\/div><\/div>\n\r\n<section class=\"learnNavigationSection\">\r\n            \r\n        <a href=\"https:\/\/talkpal.ai\/sl\/naucite-se-katalonscine\/\">\r\n            <div class=\"learnNavigationWrapper\">\r\n                <div class=\"learnNavigationContent\">\r\n                    <img decoding=\"async\" src=\"https:\/\/talkpal.ai\/wp-content\/uploads\/2024\/08\/Catalan.jpg\" alt=\"Catalan Flag\">\r\n                    <div>\r\n                        <h4>O katalonskem u\u010denju<\/h4>\r\n                        <p>Izvedite vse o katalonski slovnici.<\/p>\r\n                    <\/div>\r\n                <\/div>\r\n            <\/div>\r\n        <\/a>\r\n\r\n        \r\n        <a href=\"https:\/\/talkpal.ai\/sl\/katalonske-slovnicne-vaje\/\">\r\n            <div class=\"learnNavigationWrapper\">\r\n                <div class=\"learnNavigationContent\">\r\n                    <img decoding=\"async\" src=\"https:\/\/talkpal.ai\/wp-content\/uploads\/2024\/08\/Catalan.jpg\" alt=\"Catalan Flag\">\r\n                    <div>\r\n                        <h4>Vaja iz katalonske gramatike<\/h4>\r\n                        <p>Vadite katalonsko slovnico.<\/p>\r\n                    <\/div>\r\n                <\/div>\r\n            <\/div>\r\n        <\/a>\r\n\r\n        \r\n        <a href=\"https:\/\/talkpal.ai\/vocabulary_language\/catalan\/\">\r\n            <div class=\"learnNavigationWrapper\">\r\n                <div class=\"learnNavigationContent\">\r\n                    <img decoding=\"async\" src=\"https:\/\/talkpal.ai\/wp-content\/uploads\/2024\/08\/Catalan.jpg\" alt=\"Catalan Flag\">\r\n                    <div>\r\n                        <h4>Katalonski besednjak<\/h4>\r\n                        <p>Raz\u0161irite svoje katalonsko besedi\u0161\u010de.<\/p>\r\n                    <\/div>\r\n                <\/div>\r\n            <\/div>\r\n        <\/a>\r\n\r\n            <\/section>","protected":false},"excerpt":{"rendered":"<p>Katalonska slovnica: hiter vodnik za ljubitelje jezikov Se nameravate nau\u010diti katalon\u0161\u010dine ali vas zanima ta \u010dudovit romanski jezik? Ne i\u0161\u010dite ve\u010d! Tukaj smo, da vas popeljemo na hiter ogled katalonske slovnice in vas opremimo z osnovami. Potopimo se v ta o\u010darljivi jezik in razi\u0161\u010dimo, kako deluje na slovni\u010dni ravni. Katalon\u0161\u010dina, ki jo govori pribli\u017eno 10 [&hellip;]<\/p>\n","protected":false},"author":1,"featured_media":142042,"parent":0,"menu_order":0,"comment_status":"closed","ping_status":"closed","template":"LearningContentPage.php","meta":{"_acf_changed":false,"footnotes":""},"class_list":["post-142035","page","type-page","status-publish","has-post-thumbnail","hentry"],"acf":[],"yoast_head":"<!-- This site is optimized with the Yoast SEO Premium plugin v27.2 (Yoast SEO v27.2) - https:\/\/yoast.com\/product\/yoast-seo-premium-wordpress\/ -->\n<title>Katalonska slovnica - Talkpal<\/title>\n<meta name=\"description\" content=\"Odkrijte osnove katalonske slovnice in za\u010dnite svoje potovanje v ta \u010dudoviti romanski jezik \u0161e danes!\" \/>\n<meta name=\"robots\" content=\"index, follow, max-snippet:-1, max-image-preview:large, max-video-preview:-1\" \/>\n<link rel=\"canonical\" href=\"https:\/\/talkpal.ai\/sl\/katalonska-slovnica\/\" \/>\n<meta property=\"og:locale\" content=\"sl_SI\" \/>\n<meta property=\"og:type\" content=\"article\" \/>\n<meta property=\"og:title\" content=\"Katalonska slovnica\" \/>\n<meta property=\"og:description\" content=\"Katalonska slovnica: hiter vodnik za ljubitelje jezikov Se nameravate nau\u010diti katalon\u0161\u010dine ali vas zanima ta \u010dudovit romanski jezik? Ne i\u0161\u010dite ve\u010d! Tukaj\" \/>\n<meta property=\"og:url\" content=\"https:\/\/talkpal.ai\/sl\/katalonska-slovnica\/\" \/>\n<meta property=\"og:site_name\" content=\"Talkpal\" \/>\n<meta property=\"article:publisher\" content=\"https:\/\/www.facebook.com\/profile.php?id=100090733639311\" \/>\n<meta property=\"article:modified_time\" content=\"2025-05-22T18:35:09+00:00\" \/>\n<meta property=\"og:image\" content=\"https:\/\/talkpal.ai\/wp-content\/uploads\/2023\/08\/Catalan.png\" \/>\n\t<meta property=\"og:image:width\" content=\"479\" \/>\n\t<meta property=\"og:image:height\" content=\"479\" \/>\n\t<meta property=\"og:image:type\" content=\"image\/png\" \/>\n<meta name=\"twitter:card\" content=\"summary_large_image\" \/>\n<meta name=\"twitter:site\" content=\"@talkpalai\" \/>\n<meta name=\"twitter:label1\" content=\"Est. reading time\" \/>\n\t<meta name=\"twitter:data1\" content=\"3 minute\" \/>\n<script type=\"application\/ld+json\" class=\"yoast-schema-graph\">{\"@context\":\"https:\/\/schema.org\",\"@graph\":[{\"@type\":\"WebPage\",\"@id\":\"https:\/\/talkpal.ai\/sl\/katalonska-slovnica\/\",\"url\":\"https:\/\/talkpal.ai\/sl\/katalonska-slovnica\/\",\"name\":\"Katalonska slovnica - Talkpal\",\"isPartOf\":{\"@id\":\"https:\/\/talkpal.ai\/sl\/#website\"},\"primaryImageOfPage\":{\"@id\":\"https:\/\/talkpal.ai\/sl\/katalonska-slovnica\/#primaryimage\"},\"image\":{\"@id\":\"https:\/\/talkpal.ai\/sl\/katalonska-slovnica\/#primaryimage\"},\"thumbnailUrl\":\"https:\/\/talkpal.ai\/wp-content\/uploads\/2023\/08\/Catalan.png\",\"datePublished\":\"2023-05-14T14:00:56+00:00\",\"dateModified\":\"2025-05-22T18:35:09+00:00\",\"description\":\"Odkrijte osnove katalonske slovnice in za\u010dnite svoje potovanje v ta \u010dudoviti romanski jezik \u0161e danes!\",\"breadcrumb\":{\"@id\":\"https:\/\/talkpal.ai\/sl\/katalonska-slovnica\/#breadcrumb\"},\"inLanguage\":\"sl-SI\",\"potentialAction\":[{\"@type\":\"ReadAction\",\"target\":[\"https:\/\/talkpal.ai\/sl\/katalonska-slovnica\/\"]}]},{\"@type\":\"ImageObject\",\"inLanguage\":\"sl-SI\",\"@id\":\"https:\/\/talkpal.ai\/sl\/katalonska-slovnica\/#primaryimage\",\"url\":\"https:\/\/talkpal.ai\/wp-content\/uploads\/2023\/08\/Catalan.png\",\"contentUrl\":\"https:\/\/talkpal.ai\/wp-content\/uploads\/2023\/08\/Catalan.png\",\"width\":479,\"height\":479},{\"@type\":\"BreadcrumbList\",\"@id\":\"https:\/\/talkpal.ai\/sl\/katalonska-slovnica\/#breadcrumb\",\"itemListElement\":[{\"@type\":\"ListItem\",\"position\":1,\"name\":\"Homepage\",\"item\":\"https:\/\/talkpal.ai\/sl\/\"},{\"@type\":\"ListItem\",\"position\":2,\"name\":\"Katalonska slovnica\"}]},{\"@type\":\"WebSite\",\"@id\":\"https:\/\/talkpal.ai\/sl\/#website\",\"url\":\"https:\/\/talkpal.ai\/sl\/\",\"name\":\"Talkpal\",\"description\":\"AI Language Learning\",\"publisher\":{\"@id\":\"https:\/\/talkpal.ai\/sl\/#organization\"},\"alternateName\":\"Talkpal AI\",\"potentialAction\":[{\"@type\":\"SearchAction\",\"target\":{\"@type\":\"EntryPoint\",\"urlTemplate\":\"https:\/\/talkpal.ai\/sl\/?s={search_term_string}\"},\"query-input\":{\"@type\":\"PropertyValueSpecification\",\"valueRequired\":true,\"valueName\":\"search_term_string\"}}],\"inLanguage\":\"sl-SI\"},{\"@type\":\"Organization\",\"@id\":\"https:\/\/talkpal.ai\/sl\/#organization\",\"name\":\"Talkpal, Inc.\",\"alternateName\":\"Talkpal AI\",\"url\":\"https:\/\/talkpal.ai\/sl\/\",\"logo\":{\"@type\":\"ImageObject\",\"inLanguage\":\"sl-SI\",\"@id\":\"https:\/\/talkpal.ai\/sl\/#\/schema\/logo\/image\/\",\"url\":\"https:\/\/talkpal.ai\/wp-content\/uploads\/2024\/03\/Talkpal-Logo-Icon.png\",\"contentUrl\":\"https:\/\/talkpal.ai\/wp-content\/uploads\/2024\/03\/Talkpal-Logo-Icon.png\",\"width\":2880,\"height\":2880,\"caption\":\"Talkpal, Inc.\"},\"image\":{\"@id\":\"https:\/\/talkpal.ai\/sl\/#\/schema\/logo\/image\/\"},\"sameAs\":[\"https:\/\/www.facebook.com\/profile.php?id=100090733639311\",\"https:\/\/x.com\/talkpalai\",\"https:\/\/www.linkedin.com\/company\/talkpal\/\",\"https:\/\/www.youtube.com\/@TalkPal\/\",\"https:\/\/www.tiktok.com\/@talkpal\",\"https:\/\/www.instagram.com\/talkpal_ai\/\",\"https:\/\/www.crunchbase.com\/organization\/talkpal-9cde\",\"https:\/\/www.g2.com\/products\/talkpal-for-business\/\",\"https:\/\/www.trustpilot.com\/review\/talkpal.ai\",\"https:\/\/www.capterra.com\/p\/10006800\/TalkPal\/\"],\"description\":\"Talkpal is a language learning web and mobile education app, powered by the latest AI technologies, that provides engaging experiences to its customers in many different languages to help them improve their language skills. Users can chat about unlimited amount of topics with the app and use other modes to practice their language learning.\",\"email\":\"support@talkpal.ai\",\"legalName\":\"Talkpal, Inc.\",\"foundingDate\":\"2023-04-03\",\"duns\":\"118989042\",\"numberOfEmployees\":{\"@type\":\"QuantitativeValue\",\"minValue\":\"11\",\"maxValue\":\"50\"},\"publishingPrinciples\":\"https:\/\/talkpal.ai\/publishing-principles\/\",\"actionableFeedbackPolicy\":\"https:\/\/talkpal.ai\/actionable-feedback-policy\/\",\"correctionsPolicy\":\"https:\/\/talkpal.ai\/corrections-policy\/\",\"ethicsPolicy\":\"https:\/\/talkpal.ai\/ethics-policy\/\",\"diversityPolicy\":\"https:\/\/talkpal.ai\/diversity-policy\/\",\"diversityStaffingReport\":\"https:\/\/talkpal.ai\/diversity-policy\/\"}]}<\/script>\n<!-- \/ Yoast SEO Premium plugin. -->","yoast_head_json":{"title":"Katalonska slovnica - Talkpal","description":"Odkrijte osnove katalonske slovnice in za\u010dnite svoje potovanje v ta \u010dudoviti romanski jezik \u0161e danes!","robots":{"index":"index","follow":"follow","max-snippet":"max-snippet:-1","max-image-preview":"max-image-preview:large","max-video-preview":"max-video-preview:-1"},"canonical":"https:\/\/talkpal.ai\/sl\/katalonska-slovnica\/","og_locale":"sl_SI","og_type":"article","og_title":"Katalonska slovnica","og_description":"Katalonska slovnica: hiter vodnik za ljubitelje jezikov Se nameravate nau\u010diti katalon\u0161\u010dine ali vas zanima ta \u010dudovit romanski jezik? Ne i\u0161\u010dite ve\u010d! Tukaj","og_url":"https:\/\/talkpal.ai\/sl\/katalonska-slovnica\/","og_site_name":"Talkpal","article_publisher":"https:\/\/www.facebook.com\/profile.php?id=100090733639311","article_modified_time":"2025-05-22T18:35:09+00:00","og_image":[{"width":479,"height":479,"url":"https:\/\/talkpal.ai\/wp-content\/uploads\/2023\/08\/Catalan.png","type":"image\/png"}],"twitter_card":"summary_large_image","twitter_site":"@talkpalai","twitter_misc":{"Est. reading time":"3 minute"},"schema":{"@context":"https:\/\/schema.org","@graph":[{"@type":"WebPage","@id":"https:\/\/talkpal.ai\/sl\/katalonska-slovnica\/","url":"https:\/\/talkpal.ai\/sl\/katalonska-slovnica\/","name":"Katalonska slovnica - Talkpal","isPartOf":{"@id":"https:\/\/talkpal.ai\/sl\/#website"},"primaryImageOfPage":{"@id":"https:\/\/talkpal.ai\/sl\/katalonska-slovnica\/#primaryimage"},"image":{"@id":"https:\/\/talkpal.ai\/sl\/katalonska-slovnica\/#primaryimage"},"thumbnailUrl":"https:\/\/talkpal.ai\/wp-content\/uploads\/2023\/08\/Catalan.png","datePublished":"2023-05-14T14:00:56+00:00","dateModified":"2025-05-22T18:35:09+00:00","description":"Odkrijte osnove katalonske slovnice in za\u010dnite svoje potovanje v ta \u010dudoviti romanski jezik \u0161e danes!","breadcrumb":{"@id":"https:\/\/talkpal.ai\/sl\/katalonska-slovnica\/#breadcrumb"},"inLanguage":"sl-SI","potentialAction":[{"@type":"ReadAction","target":["https:\/\/talkpal.ai\/sl\/katalonska-slovnica\/"]}]},{"@type":"ImageObject","inLanguage":"sl-SI","@id":"https:\/\/talkpal.ai\/sl\/katalonska-slovnica\/#primaryimage","url":"https:\/\/talkpal.ai\/wp-content\/uploads\/2023\/08\/Catalan.png","contentUrl":"https:\/\/talkpal.ai\/wp-content\/uploads\/2023\/08\/Catalan.png","width":479,"height":479},{"@type":"BreadcrumbList","@id":"https:\/\/talkpal.ai\/sl\/katalonska-slovnica\/#breadcrumb","itemListElement":[{"@type":"ListItem","position":1,"name":"Homepage","item":"https:\/\/talkpal.ai\/sl\/"},{"@type":"ListItem","position":2,"name":"Katalonska slovnica"}]},{"@type":"WebSite","@id":"https:\/\/talkpal.ai\/sl\/#website","url":"https:\/\/talkpal.ai\/sl\/","name":"Talkpal","description":"AI Language Learning","publisher":{"@id":"https:\/\/talkpal.ai\/sl\/#organization"},"alternateName":"Talkpal AI","potentialAction":[{"@type":"SearchAction","target":{"@type":"EntryPoint","urlTemplate":"https:\/\/talkpal.ai\/sl\/?s={search_term_string}"},"query-input":{"@type":"PropertyValueSpecification","valueRequired":true,"valueName":"search_term_string"}}],"inLanguage":"sl-SI"},{"@type":"Organization","@id":"https:\/\/talkpal.ai\/sl\/#organization","name":"Talkpal, Inc.","alternateName":"Talkpal AI","url":"https:\/\/talkpal.ai\/sl\/","logo":{"@type":"ImageObject","inLanguage":"sl-SI","@id":"https:\/\/talkpal.ai\/sl\/#\/schema\/logo\/image\/","url":"https:\/\/talkpal.ai\/wp-content\/uploads\/2024\/03\/Talkpal-Logo-Icon.png","contentUrl":"https:\/\/talkpal.ai\/wp-content\/uploads\/2024\/03\/Talkpal-Logo-Icon.png","width":2880,"height":2880,"caption":"Talkpal, Inc."},"image":{"@id":"https:\/\/talkpal.ai\/sl\/#\/schema\/logo\/image\/"},"sameAs":["https:\/\/www.facebook.com\/profile.php?id=100090733639311","https:\/\/x.com\/talkpalai","https:\/\/www.linkedin.com\/company\/talkpal\/","https:\/\/www.youtube.com\/@TalkPal\/","https:\/\/www.tiktok.com\/@talkpal","https:\/\/www.instagram.com\/talkpal_ai\/","https:\/\/www.crunchbase.com\/organization\/talkpal-9cde","https:\/\/www.g2.com\/products\/talkpal-for-business\/","https:\/\/www.trustpilot.com\/review\/talkpal.ai","https:\/\/www.capterra.com\/p\/10006800\/TalkPal\/"],"description":"Talkpal is a language learning web and mobile education app, powered by the latest AI technologies, that provides engaging experiences to its customers in many different languages to help them improve their language skills. Users can chat about unlimited amount of topics with the app and use other modes to practice their language learning.","email":"support@talkpal.ai","legalName":"Talkpal, Inc.","foundingDate":"2023-04-03","duns":"118989042","numberOfEmployees":{"@type":"QuantitativeValue","minValue":"11","maxValue":"50"},"publishingPrinciples":"https:\/\/talkpal.ai\/publishing-principles\/","actionableFeedbackPolicy":"https:\/\/talkpal.ai\/actionable-feedback-policy\/","correctionsPolicy":"https:\/\/talkpal.ai\/corrections-policy\/","ethicsPolicy":"https:\/\/talkpal.ai\/ethics-policy\/","diversityPolicy":"https:\/\/talkpal.ai\/diversity-policy\/","diversityStaffingReport":"https:\/\/talkpal.ai\/diversity-policy\/"}]}},"_links":{"self":[{"href":"https:\/\/talkpal.ai\/sl\/wp-json\/wp\/v2\/pages\/142035","targetHints":{"allow":["GET"]}}],"collection":[{"href":"https:\/\/talkpal.ai\/sl\/wp-json\/wp\/v2\/pages"}],"about":[{"href":"https:\/\/talkpal.ai\/sl\/wp-json\/wp\/v2\/types\/page"}],"author":[{"embeddable":true,"href":"https:\/\/talkpal.ai\/sl\/wp-json\/wp\/v2\/users\/1"}],"replies":[{"embeddable":true,"href":"https:\/\/talkpal.ai\/sl\/wp-json\/wp\/v2\/comments?post=142035"}],"version-history":[{"count":0,"href":"https:\/\/talkpal.ai\/sl\/wp-json\/wp\/v2\/pages\/142035\/revisions"}],"wp:featuredmedia":[{"embeddable":true,"href":"https:\/\/talkpal.ai\/sl\/wp-json\/wp\/v2\/media\/142042"}],"wp:attachment":[{"href":"https:\/\/talkpal.ai\/sl\/wp-json\/wp\/v2\/media?parent=142035"}],"curies":[{"name":"wp","href":"https:\/\/api.w.org\/{rel}","templated":true}]}}