{"id":141632,"date":"2023-05-14T14:00:39","date_gmt":"2023-05-14T14:00:39","guid":{"rendered":"http:\/\/talkpal.ai\/bolgarska-slovnica\/"},"modified":"2025-05-22T14:37:37","modified_gmt":"2025-05-22T14:37:37","slug":"bolgarska-slovnica","status":"publish","type":"page","link":"https:\/\/talkpal.ai\/sl\/bolgarska-slovnica\/","title":{"rendered":"Bolgarska slovnica"},"content":{"rendered":"\r\n\r\n\r\n<section class=\"languageChallengeSection\">\r\n    <div class=\"languageInfoWrapper\">\r\n        \r\n        <h1>Bolgarska slovnica<\/h1>\r\n        <p>Spoznajte edinstvene zna\u010dilnosti bolgarske slovnice in pridobite orodja za samozavestno sporazumevanje v tem \u017eivahnem slovanskem jeziku. Z razumevanjem njegovih osnovnih pravil boste izbolj\u0161ali svojo sposobnost navezovanja stikov z rojenimi govorci in se poglobili v bogato dedi\u0161\u010dino Bolgarije. Za\u010dnite svoje potovanje z bolgarsko slovnico danes in naredite prvi korak k obvladovanju jezika!<\/p>\r\n\r\n                            <a class=\"getStartedHidden\" href=\"https:\/\/app.talkpal.ai\/sl\/signup?lng=\">Za\u010dni<\/a>\r\n        \r\n    <\/div>\r\n\r\n    <figure>\r\n    <img decoding=\"async\" width=\"768\" height=\"768\" src=\"https:\/\/talkpal.ai\/wp-content\/uploads\/2023\/06\/bulgarian-768x768.png\" class=\"languageImage no-lazy\" alt=\"Language learning for deeper cultural understanding\" fetchpriority=\"high\" sizes=\"(max-width: 768px) 150px, 768px\" srcset=\"https:\/\/talkpal.ai\/wp-content\/uploads\/2023\/06\/bulgarian-768x768.png 768w, https:\/\/talkpal.ai\/wp-content\/uploads\/2023\/06\/bulgarian-300x300.png 300w\" \/>\r\n    \r\n\r\n    <\/figure>\r\n\r\n            <a class=\"getStartedVisible\" href=\"https:\/\/app.talkpal.ai\/sl\/signup?lng=\">Za\u010dni<\/a>\r\n    \r\n<\/section>\r\n<section class=\"promotionalBanner\">\r\n    <p class=\"promotionalText\">Naju\u010dinkovitej\u0161i na\u010din u\u010denja jezika<\/p>\r\n    <a class=\"promotionalLink\" href=\"https:\/\/app.talkpal.ai\/sl\/signup?lng=\">Preizkusite Talkpal brezpla\u010dno<\/a>\r\n<\/section>\n<div class=\"wp-block-group pageContainerStyle\"><div class=\"wp-block-group__inner-container is-layout-constrained wp-block-group-is-layout-constrained\">\n<h2 class=\"wp-block-heading\" id=\"h-the-ultimate-guide-to-bulgarian-grammar-navigating-the-intricacies-of-a-rich-language\">Kon\u010dni vodnik po bolgarski slovnici: krmarjenje po zapletenosti bogatega jezika<\/h2>\n\n\n\n<p><a href=\"https:\/\/talkpal.ai\/bulgarian-grammar\/\">Bolgarska slovnica<\/a>, tako kot jezik sam, je fascinantna me\u0161anica preprostosti, kompleksnosti in bogate kulturne zgodovine. Kot eden najstarej\u0161ih slovanskih jezikov <a href=\"https:\/\/talkpal.ai\/learn-bulgarian\/\">bolgar\u0161\u010dina<\/a> u\u010dencem ponuja jezikovno vznemirjenje in izziva tudi najstro\u017eje govorce. V tem vodniku bomo raziskali klju\u010dna na\u010dela bolgarske slovnice, razjasnili njene zaplete in vam pomagali na <a href=\"https:\/\/talkpal.ai\/locations\/learn-english-in-poti\/\">poti<\/a> do obvladovanja tega \u010dudovitega jezika. Potopimo se!<\/p>\n\n\n\n<h2 class=\"wp-block-heading\" id=\"h-the-nuts-and-bolts-bulgarian-sentence-structure\">Matice in vijaki: bolgarska stav\u010dna struktura<\/h2>\n\n\n\n<p>V svojem bistvu je <a href=\"https:\/\/talkpal.ai\/bulgarian-grammar\/\">bolgarska slovnica<\/a> precej enostavna. Jezik sledi strukturi stavkov Subject-Verb-Object (SVO), podobno kot <a href=\"https:\/\/talkpal.ai\/learn-english-with-ai\/\">angle\u0161\u010dina<\/a> in \u0161tevilni drugi <a href=\"https:\/\/talkpal.ai\/what-language-is-spoken-on-the-international-space-station\/\">jeziki<\/a>. Na primer stavek &#8220;Jem jabolko&#8221; se prevede v &#8220;\u0410\u0437 \u044f\u043c \u044f\u0431\u044a\u043b\u043a\u0430&#8221; (Az yam yabalka). Preprosto, kajne? Vendar ko se bomo poglobili, boste odkrili, da je bolgarska <a href=\"https:\/\/talkpal.ai\/grammar\/\">slovnica<\/a> polna presene\u010denj in edinstvenih zna\u010dilnosti.<\/p>\n\n\n\n<h3 class=\"wp-block-heading\" id=\"h-meet-the-family-bulgarian-nouns-and-their-genders\">Spoznajte dru\u017eino: bolgarski samostalniki in njihov spol<\/h3>\n\n\n\n<p>Eden najbolj zmedenih vidikov bolgarske slovnice za angle\u0161ko govore\u010de je pojem slovni\u010dnega spola. V bolgar\u0161\u010dini je vsak samostalnik uvr\u0161\u010den v enega od treh spolov &#8211; mo\u0161ki, \u017eenski in srednji. Bistveno je, da prepoznamo spol samostalnika, saj ta vpliva na obliko pridevnikov in zaimkov ter na sklanjanje glagolov, ki sledijo.<\/p>\n\n\n\n<p>Torej, kako dolo\u010dite spol samostalnika? Na splo\u0161no je vse odvisno od konca:<\/p>\n\n\n\n<p><strong>&#8211; Samostalniki mo\u0161kega spola se obi\u010dajno kon\u010dajo na soglasnik.<\/strong><\/p>\n\n\n\n<p><strong>&#8211; Samostalniki \u017eenskega spola se obi\u010dajno kon\u010dajo na -\u0430 (-a) ali -\u044f (-ya).<\/strong><\/p>\n\n\n\n<p><strong>&#8211; Samostalniki srednjega spola se pogosto kon\u010dajo na -\u043e (-o) ali -\u0435 (-\u0435).<\/strong><\/p>\n\n\n\n<p>Na primer, &#8220;\u043c\u044a\u0436&#8221; (mazh) pomeni &#8220;mo\u0161ki&#8221; in je mo\u0161kega spola, &#8220;\u0436\u0435\u043d\u0430&#8221; (zhena) pomeni &#8220;\u017eenska&#8221; in je \u017eenskega spola, &#8220;\u0434\u0435\u0442\u0435&#8221; (dete) pa pomeni &#8220;otrok&#8221; in je srednjega spola.<\/p>\n\n\n\n<p>Seveda obstajajo tudi izjeme, zato je nujno, da se nau\u010dite samostalnike uporabljati skupaj z njihovim spolom.<\/p>\n\n\n\n<h3 class=\"wp-block-heading\" id=\"h-playing-with-numbers-bulgarian-plurals\">Igranje s \u0161tevilkami: bolgarska mno\u017eina<\/h3>\n\n\n\n<p>Ko ste osvojili spol bolgarskih samostalnikov, je \u010das, da se lotite njihove mno\u017eine. Na splo\u0161no tvorite mno\u017eine tako, da dodate posebne kon\u010dnice, ki ustrezajo spolu samostalnika:<\/p>\n\n\n\n<p><strong>&#8211; Pri samostalnikih mo\u0161kega spola se zadnji soglasnik spremeni v -\u0438 (-i) ali doda -\u043e\u0432\u0435 (-ove).<\/strong><\/p>\n\n\n\n<p><strong>&#8211; Pri samostalnikih \u017eenskega spola se -\u0430 ali -\u044f nadomesti z -\u0438 ali -\u0435.<\/strong><\/p>\n\n\n\n<p><strong>&#8211; Pri samostalnikih srednjega spola se -\u043e ali -\u0435 nadomesti z -\u0430.<\/strong><\/p>\n\n\n\n<p>Na primer, &#8220;\u0443\u0447\u0435\u043d\u0438\u043a&#8221; (uchenik, mo\u0161ki spol) postane &#8220;\u0443\u0447\u0435\u043d\u0438\u0446\u0438&#8221; (uchenici, <a href=\"https:\/\/talkpal.ai\/talkpal-discount-for-students\/\">\u0161tudenti<\/a>), &#8220;\u043a\u043d\u0438\u0433\u0430&#8221; (kniga, \u017eenski spol) pa &#8220;\u043a\u043d\u0438\u0433\u0438&#8221; (knigi, knjige).<\/p>\n\n\n\n<p>To pravilo ima izjeme, zato bodite pozorni na nepravilno mno\u017eino in ustrezno raz\u0161irite svoj besednjak.<\/p>\n\n\n\n<h3 class=\"wp-block-heading\" id=\"h-the-art-of-conjugation-bulgarian-verbs\">Umetnost konjugacije: bolgarski glagoli<\/h3>\n\n\n\n<p>Bolgarski glagoli so lahko zastra\u0161ujo\u010di zaradi velikega \u0161tevila \u010dasov, razpolo\u017eenj in spregatev. Vendar pa je klju\u010d do njihovega razpokanja prepoznavanje vzorcev in redno vadbo.<\/p>\n\n\n\n<p>V bolgar\u0161\u010dini so glagoli razdeljeni v tri skupine glede na njihov infinitivni konec, -\u0430 (-a), -\u0435 (-\u0435) ali -\u0438 (-i). Vsaka skupina ima svoja posebna pravila konjugacije. Vzemimo na primer glagol &#8220;\u043f\u0438\u0448\u0430&#8221; (pisha, &#8220;pisati&#8221;):<\/p>\n\n\n\n<p><strong>Sedanji \u010das: \u0410\u0437 \u043f\u0438\u0448\u0430 (Az pisha, &#8220;pi\u0161em&#8221;)<\/strong><\/p>\n\n\n\n<p><strong>Pretekli \u010das: \u0410\u0437 \u043f\u0438\u0441\u0430\u0445 (Az pisah, &#8220;Pisal sem&#8221;)<\/strong><\/p>\n\n\n\n<p><strong>Prihodnji \u010das: \u0410\u0437 \u0449\u0435 \u043f\u0438\u0448\u0430 (Az shte pisha, &#8220;Pisal bom&#8221;)<\/strong><\/p>\n\n\n\n<p>Kot lahko vidite, se kon\u010dnice spreminjajo glede na \u010das. S tem pa \u0161e nismo niti malo spoznali bolgarske glagolske sklanjatve! Vendar pa ne dovolite, da bi vas preplavila. Z vajo in potrpe\u017eljivostjo boste za\u010deli prepoznavati vzorce in premagali ta izziv.<\/p>\n\n\n\n<h3 class=\"wp-block-heading\" id=\"h-the-finishing-touches-bulgarian-adjectives-adverbs-and-more\">Zaklju\u010dni dotiki: bolgarski pridevniki, prislovi in \u0161e ve\u010d<\/h3>\n\n\n\n<p>Ko gre za bolgarske pridevnike in prislove, igrajo klju\u010dno vlogo pri dodajanju globine in kompleksnosti va\u0161emu govoru. Pridevniki se morajo glede spola ujemati s samostalniki, ki jih spreminjajo, in obi\u010dajno so na voljo tri oblike &#8211; mo\u0161ki, \u017eenski in srednji spol.<\/p>\n\n\n\n<p>Na primer &#8220;\u0434\u043e\u0431\u044a\u0440&#8221; (dobur) pomeni &#8220;dober&#8221; in se pojavlja kot &#8220;\u0434\u043e\u0431\u044a\u0440 \u043c\u044a\u0436&#8221; (dobur mazh, &#8220;dober \u010dlovek&#8221;), &#8220;\u0434\u043e\u0431\u0440\u0430 \u0436\u0435\u043d\u0430&#8221; (dobra zhena, &#8220;dobra \u017eenska&#8221;) in &#8220;\u0434\u043e\u0431\u0440\u043e \u0434\u0435\u0442\u0435&#8221; (dobro dete, &#8220;dober otrok&#8221;). Prislovi sledijo podobnim vzorcem, ki pogosto izhajajo iz pridevnikov.<\/p>\n\n\n\n<p>Zaklju\u010dimo lahko, da so zapletenosti in domislice bolgarske slovnice sicer zapletene, vendar dajejo jeziku o\u010darljivo lepoto in zna\u010daj. S kombinacijo vztrajnosti, radovednosti in prakti\u010dne uporabe boste kmalu z lahkoto in samozavestjo obvladali bolgarsko slovnico. Sre\u010dno u\u010denje!<\/p>\n<\/div><\/div>\n\r\n<section class=\"learnNavigationSection\">\r\n            \r\n        <a href=\"https:\/\/talkpal.ai\/sl\/naucite-se-bolgarscine\/\">\r\n            <div class=\"learnNavigationWrapper\">\r\n                <div class=\"learnNavigationContent\">\r\n                    <img decoding=\"async\" src=\"https:\/\/talkpal.ai\/wp-content\/uploads\/2024\/08\/Bulgarian.jpg\" alt=\"Bulgarian Flag\">\r\n                    <div>\r\n                        <h4>O u\u010denju bolgar\u0161\u010dine<\/h4>\r\n                        <p>Izvedite vse o bolgarski slovnici.<\/p>\r\n                    <\/div>\r\n                <\/div>\r\n            <\/div>\r\n        <\/a>\r\n\r\n        \r\n        <a href=\"https:\/\/talkpal.ai\/sl\/bolgarske-slovnicne-vaje\/\">\r\n            <div class=\"learnNavigationWrapper\">\r\n                <div class=\"learnNavigationContent\">\r\n                    <img decoding=\"async\" src=\"https:\/\/talkpal.ai\/wp-content\/uploads\/2024\/08\/Bulgarian.jpg\" alt=\"Bulgarian Flag\">\r\n                    <div>\r\n                        <h4>Bolgarska vaja iz slovnice<\/h4>\r\n                        <p>Vadite bolgarsko slovnico.<\/p>\r\n                    <\/div>\r\n                <\/div>\r\n            <\/div>\r\n        <\/a>\r\n\r\n        \r\n        <a href=\"https:\/\/talkpal.ai\/vocabulary_language\/bulgarian\/\">\r\n            <div class=\"learnNavigationWrapper\">\r\n                <div class=\"learnNavigationContent\">\r\n                    <img decoding=\"async\" src=\"https:\/\/talkpal.ai\/wp-content\/uploads\/2024\/08\/Bulgarian.jpg\" alt=\"Bulgarian Flag\">\r\n                    <div>\r\n                        <h4>Bolgarski besednjak<\/h4>\r\n                        <p>Raz\u0161irite svoj bolgarski besedni zaklad.<\/p>\r\n                    <\/div>\r\n                <\/div>\r\n            <\/div>\r\n        <\/a>\r\n\r\n            <\/section>","protected":false},"excerpt":{"rendered":"<p>Kon\u010dni vodnik po bolgarski slovnici: krmarjenje po zapletenosti bogatega jezika Bolgarska slovnica, tako kot jezik sam, je fascinantna me\u0161anica preprostosti, kompleksnosti in bogate kulturne zgodovine. Kot eden najstarej\u0161ih slovanskih jezikov bolgar\u0161\u010dina u\u010dencem ponuja jezikovno vznemirjenje in izziva tudi najstro\u017eje govorce. V tem vodniku bomo raziskali klju\u010dna na\u010dela bolgarske slovnice, razjasnili njene zaplete in vam pomagali [&hellip;]<\/p>\n","protected":false},"author":1,"featured_media":111190,"parent":0,"menu_order":0,"comment_status":"closed","ping_status":"closed","template":"LearningContentPage.php","meta":{"_acf_changed":false,"footnotes":""},"class_list":["post-141632","page","type-page","status-publish","has-post-thumbnail","hentry"],"acf":[],"yoast_head":"<!-- This site is optimized with the Yoast SEO Premium plugin v27.2 (Yoast SEO v27.2) - https:\/\/yoast.com\/product\/yoast-seo-premium-wordpress\/ -->\n<title>Bolgarska slovnica - Talkpal<\/title>\n<meta name=\"description\" content=\"Spoznajte osnove bolgarske slovnice za bolj\u0161e razumevanje jezika in komunikacijske spretnosti.\" \/>\n<meta name=\"robots\" content=\"index, follow, max-snippet:-1, max-image-preview:large, max-video-preview:-1\" \/>\n<link rel=\"canonical\" href=\"https:\/\/talkpal.ai\/sl\/bolgarska-slovnica\/\" \/>\n<meta property=\"og:locale\" content=\"sl_SI\" \/>\n<meta property=\"og:type\" content=\"article\" \/>\n<meta property=\"og:title\" content=\"Bolgarska slovnica\" \/>\n<meta property=\"og:description\" content=\"Kon\u010dni vodnik po bolgarski slovnici: krmarjenje po zapletenosti bogatega jezika Bolgarska slovnica, tako kot jezik sam, je fascinantna me\u0161anica\" \/>\n<meta property=\"og:url\" content=\"https:\/\/talkpal.ai\/sl\/bolgarska-slovnica\/\" \/>\n<meta property=\"og:site_name\" content=\"Talkpal\" \/>\n<meta property=\"article:publisher\" content=\"https:\/\/www.facebook.com\/profile.php?id=100090733639311\" \/>\n<meta property=\"article:modified_time\" content=\"2025-05-22T14:37:37+00:00\" \/>\n<meta property=\"og:image\" content=\"https:\/\/talkpal.ai\/wp-content\/uploads\/2023\/05\/bulgaria.png\" \/>\n\t<meta property=\"og:image:width\" content=\"512\" \/>\n\t<meta property=\"og:image:height\" content=\"512\" \/>\n\t<meta property=\"og:image:type\" content=\"image\/png\" \/>\n<meta name=\"twitter:card\" content=\"summary_large_image\" \/>\n<meta name=\"twitter:site\" content=\"@talkpalai\" \/>\n<meta name=\"twitter:label1\" content=\"Est. reading time\" \/>\n\t<meta name=\"twitter:data1\" content=\"3 minute\" \/>\n<script type=\"application\/ld+json\" class=\"yoast-schema-graph\">{\"@context\":\"https:\/\/schema.org\",\"@graph\":[{\"@type\":\"WebPage\",\"@id\":\"https:\/\/talkpal.ai\/sl\/bolgarska-slovnica\/\",\"url\":\"https:\/\/talkpal.ai\/sl\/bolgarska-slovnica\/\",\"name\":\"Bolgarska slovnica - Talkpal\",\"isPartOf\":{\"@id\":\"https:\/\/talkpal.ai\/sl\/#website\"},\"primaryImageOfPage\":{\"@id\":\"https:\/\/talkpal.ai\/sl\/bolgarska-slovnica\/#primaryimage\"},\"image\":{\"@id\":\"https:\/\/talkpal.ai\/sl\/bolgarska-slovnica\/#primaryimage\"},\"thumbnailUrl\":\"https:\/\/talkpal.ai\/wp-content\/uploads\/2023\/05\/bulgaria.png\",\"datePublished\":\"2023-05-14T14:00:39+00:00\",\"dateModified\":\"2025-05-22T14:37:37+00:00\",\"description\":\"Spoznajte osnove bolgarske slovnice za bolj\u0161e razumevanje jezika in komunikacijske spretnosti.\",\"breadcrumb\":{\"@id\":\"https:\/\/talkpal.ai\/sl\/bolgarska-slovnica\/#breadcrumb\"},\"inLanguage\":\"sl-SI\",\"potentialAction\":[{\"@type\":\"ReadAction\",\"target\":[\"https:\/\/talkpal.ai\/sl\/bolgarska-slovnica\/\"]}]},{\"@type\":\"ImageObject\",\"inLanguage\":\"sl-SI\",\"@id\":\"https:\/\/talkpal.ai\/sl\/bolgarska-slovnica\/#primaryimage\",\"url\":\"https:\/\/talkpal.ai\/wp-content\/uploads\/2023\/05\/bulgaria.png\",\"contentUrl\":\"https:\/\/talkpal.ai\/wp-content\/uploads\/2023\/05\/bulgaria.png\",\"width\":512,\"height\":512},{\"@type\":\"BreadcrumbList\",\"@id\":\"https:\/\/talkpal.ai\/sl\/bolgarska-slovnica\/#breadcrumb\",\"itemListElement\":[{\"@type\":\"ListItem\",\"position\":1,\"name\":\"Homepage\",\"item\":\"https:\/\/talkpal.ai\/sl\/\"},{\"@type\":\"ListItem\",\"position\":2,\"name\":\"Bolgarska slovnica\"}]},{\"@type\":\"WebSite\",\"@id\":\"https:\/\/talkpal.ai\/sl\/#website\",\"url\":\"https:\/\/talkpal.ai\/sl\/\",\"name\":\"Talkpal\",\"description\":\"AI Language Learning\",\"publisher\":{\"@id\":\"https:\/\/talkpal.ai\/sl\/#organization\"},\"alternateName\":\"Talkpal AI\",\"potentialAction\":[{\"@type\":\"SearchAction\",\"target\":{\"@type\":\"EntryPoint\",\"urlTemplate\":\"https:\/\/talkpal.ai\/sl\/?s={search_term_string}\"},\"query-input\":{\"@type\":\"PropertyValueSpecification\",\"valueRequired\":true,\"valueName\":\"search_term_string\"}}],\"inLanguage\":\"sl-SI\"},{\"@type\":\"Organization\",\"@id\":\"https:\/\/talkpal.ai\/sl\/#organization\",\"name\":\"Talkpal, Inc.\",\"alternateName\":\"Talkpal AI\",\"url\":\"https:\/\/talkpal.ai\/sl\/\",\"logo\":{\"@type\":\"ImageObject\",\"inLanguage\":\"sl-SI\",\"@id\":\"https:\/\/talkpal.ai\/sl\/#\/schema\/logo\/image\/\",\"url\":\"https:\/\/talkpal.ai\/wp-content\/uploads\/2024\/03\/Talkpal-Logo-Icon.png\",\"contentUrl\":\"https:\/\/talkpal.ai\/wp-content\/uploads\/2024\/03\/Talkpal-Logo-Icon.png\",\"width\":2880,\"height\":2880,\"caption\":\"Talkpal, Inc.\"},\"image\":{\"@id\":\"https:\/\/talkpal.ai\/sl\/#\/schema\/logo\/image\/\"},\"sameAs\":[\"https:\/\/www.facebook.com\/profile.php?id=100090733639311\",\"https:\/\/x.com\/talkpalai\",\"https:\/\/www.linkedin.com\/company\/talkpal\/\",\"https:\/\/www.youtube.com\/@TalkPal\/\",\"https:\/\/www.tiktok.com\/@talkpal\",\"https:\/\/www.instagram.com\/talkpal_ai\/\",\"https:\/\/www.crunchbase.com\/organization\/talkpal-9cde\",\"https:\/\/www.g2.com\/products\/talkpal-for-business\/\",\"https:\/\/www.trustpilot.com\/review\/talkpal.ai\",\"https:\/\/www.capterra.com\/p\/10006800\/TalkPal\/\"],\"description\":\"Talkpal is a language learning web and mobile education app, powered by the latest AI technologies, that provides engaging experiences to its customers in many different languages to help them improve their language skills. Users can chat about unlimited amount of topics with the app and use other modes to practice their language learning.\",\"email\":\"support@talkpal.ai\",\"legalName\":\"Talkpal, Inc.\",\"foundingDate\":\"2023-04-03\",\"duns\":\"118989042\",\"numberOfEmployees\":{\"@type\":\"QuantitativeValue\",\"minValue\":\"11\",\"maxValue\":\"50\"},\"publishingPrinciples\":\"https:\/\/talkpal.ai\/publishing-principles\/\",\"actionableFeedbackPolicy\":\"https:\/\/talkpal.ai\/actionable-feedback-policy\/\",\"correctionsPolicy\":\"https:\/\/talkpal.ai\/corrections-policy\/\",\"ethicsPolicy\":\"https:\/\/talkpal.ai\/ethics-policy\/\",\"diversityPolicy\":\"https:\/\/talkpal.ai\/diversity-policy\/\",\"diversityStaffingReport\":\"https:\/\/talkpal.ai\/diversity-policy\/\"}]}<\/script>\n<!-- \/ Yoast SEO Premium plugin. -->","yoast_head_json":{"title":"Bolgarska slovnica - Talkpal","description":"Spoznajte osnove bolgarske slovnice za bolj\u0161e razumevanje jezika in komunikacijske spretnosti.","robots":{"index":"index","follow":"follow","max-snippet":"max-snippet:-1","max-image-preview":"max-image-preview:large","max-video-preview":"max-video-preview:-1"},"canonical":"https:\/\/talkpal.ai\/sl\/bolgarska-slovnica\/","og_locale":"sl_SI","og_type":"article","og_title":"Bolgarska slovnica","og_description":"Kon\u010dni vodnik po bolgarski slovnici: krmarjenje po zapletenosti bogatega jezika Bolgarska slovnica, tako kot jezik sam, je fascinantna me\u0161anica","og_url":"https:\/\/talkpal.ai\/sl\/bolgarska-slovnica\/","og_site_name":"Talkpal","article_publisher":"https:\/\/www.facebook.com\/profile.php?id=100090733639311","article_modified_time":"2025-05-22T14:37:37+00:00","og_image":[{"width":512,"height":512,"url":"https:\/\/talkpal.ai\/wp-content\/uploads\/2023\/05\/bulgaria.png","type":"image\/png"}],"twitter_card":"summary_large_image","twitter_site":"@talkpalai","twitter_misc":{"Est. reading time":"3 minute"},"schema":{"@context":"https:\/\/schema.org","@graph":[{"@type":"WebPage","@id":"https:\/\/talkpal.ai\/sl\/bolgarska-slovnica\/","url":"https:\/\/talkpal.ai\/sl\/bolgarska-slovnica\/","name":"Bolgarska slovnica - Talkpal","isPartOf":{"@id":"https:\/\/talkpal.ai\/sl\/#website"},"primaryImageOfPage":{"@id":"https:\/\/talkpal.ai\/sl\/bolgarska-slovnica\/#primaryimage"},"image":{"@id":"https:\/\/talkpal.ai\/sl\/bolgarska-slovnica\/#primaryimage"},"thumbnailUrl":"https:\/\/talkpal.ai\/wp-content\/uploads\/2023\/05\/bulgaria.png","datePublished":"2023-05-14T14:00:39+00:00","dateModified":"2025-05-22T14:37:37+00:00","description":"Spoznajte osnove bolgarske slovnice za bolj\u0161e razumevanje jezika in komunikacijske spretnosti.","breadcrumb":{"@id":"https:\/\/talkpal.ai\/sl\/bolgarska-slovnica\/#breadcrumb"},"inLanguage":"sl-SI","potentialAction":[{"@type":"ReadAction","target":["https:\/\/talkpal.ai\/sl\/bolgarska-slovnica\/"]}]},{"@type":"ImageObject","inLanguage":"sl-SI","@id":"https:\/\/talkpal.ai\/sl\/bolgarska-slovnica\/#primaryimage","url":"https:\/\/talkpal.ai\/wp-content\/uploads\/2023\/05\/bulgaria.png","contentUrl":"https:\/\/talkpal.ai\/wp-content\/uploads\/2023\/05\/bulgaria.png","width":512,"height":512},{"@type":"BreadcrumbList","@id":"https:\/\/talkpal.ai\/sl\/bolgarska-slovnica\/#breadcrumb","itemListElement":[{"@type":"ListItem","position":1,"name":"Homepage","item":"https:\/\/talkpal.ai\/sl\/"},{"@type":"ListItem","position":2,"name":"Bolgarska slovnica"}]},{"@type":"WebSite","@id":"https:\/\/talkpal.ai\/sl\/#website","url":"https:\/\/talkpal.ai\/sl\/","name":"Talkpal","description":"AI Language Learning","publisher":{"@id":"https:\/\/talkpal.ai\/sl\/#organization"},"alternateName":"Talkpal AI","potentialAction":[{"@type":"SearchAction","target":{"@type":"EntryPoint","urlTemplate":"https:\/\/talkpal.ai\/sl\/?s={search_term_string}"},"query-input":{"@type":"PropertyValueSpecification","valueRequired":true,"valueName":"search_term_string"}}],"inLanguage":"sl-SI"},{"@type":"Organization","@id":"https:\/\/talkpal.ai\/sl\/#organization","name":"Talkpal, Inc.","alternateName":"Talkpal AI","url":"https:\/\/talkpal.ai\/sl\/","logo":{"@type":"ImageObject","inLanguage":"sl-SI","@id":"https:\/\/talkpal.ai\/sl\/#\/schema\/logo\/image\/","url":"https:\/\/talkpal.ai\/wp-content\/uploads\/2024\/03\/Talkpal-Logo-Icon.png","contentUrl":"https:\/\/talkpal.ai\/wp-content\/uploads\/2024\/03\/Talkpal-Logo-Icon.png","width":2880,"height":2880,"caption":"Talkpal, Inc."},"image":{"@id":"https:\/\/talkpal.ai\/sl\/#\/schema\/logo\/image\/"},"sameAs":["https:\/\/www.facebook.com\/profile.php?id=100090733639311","https:\/\/x.com\/talkpalai","https:\/\/www.linkedin.com\/company\/talkpal\/","https:\/\/www.youtube.com\/@TalkPal\/","https:\/\/www.tiktok.com\/@talkpal","https:\/\/www.instagram.com\/talkpal_ai\/","https:\/\/www.crunchbase.com\/organization\/talkpal-9cde","https:\/\/www.g2.com\/products\/talkpal-for-business\/","https:\/\/www.trustpilot.com\/review\/talkpal.ai","https:\/\/www.capterra.com\/p\/10006800\/TalkPal\/"],"description":"Talkpal is a language learning web and mobile education app, powered by the latest AI technologies, that provides engaging experiences to its customers in many different languages to help them improve their language skills. Users can chat about unlimited amount of topics with the app and use other modes to practice their language learning.","email":"support@talkpal.ai","legalName":"Talkpal, Inc.","foundingDate":"2023-04-03","duns":"118989042","numberOfEmployees":{"@type":"QuantitativeValue","minValue":"11","maxValue":"50"},"publishingPrinciples":"https:\/\/talkpal.ai\/publishing-principles\/","actionableFeedbackPolicy":"https:\/\/talkpal.ai\/actionable-feedback-policy\/","correctionsPolicy":"https:\/\/talkpal.ai\/corrections-policy\/","ethicsPolicy":"https:\/\/talkpal.ai\/ethics-policy\/","diversityPolicy":"https:\/\/talkpal.ai\/diversity-policy\/","diversityStaffingReport":"https:\/\/talkpal.ai\/diversity-policy\/"}]}},"_links":{"self":[{"href":"https:\/\/talkpal.ai\/sl\/wp-json\/wp\/v2\/pages\/141632","targetHints":{"allow":["GET"]}}],"collection":[{"href":"https:\/\/talkpal.ai\/sl\/wp-json\/wp\/v2\/pages"}],"about":[{"href":"https:\/\/talkpal.ai\/sl\/wp-json\/wp\/v2\/types\/page"}],"author":[{"embeddable":true,"href":"https:\/\/talkpal.ai\/sl\/wp-json\/wp\/v2\/users\/1"}],"replies":[{"embeddable":true,"href":"https:\/\/talkpal.ai\/sl\/wp-json\/wp\/v2\/comments?post=141632"}],"version-history":[{"count":0,"href":"https:\/\/talkpal.ai\/sl\/wp-json\/wp\/v2\/pages\/141632\/revisions"}],"wp:featuredmedia":[{"embeddable":true,"href":"https:\/\/talkpal.ai\/sl\/wp-json\/wp\/v2\/media\/111190"}],"wp:attachment":[{"href":"https:\/\/talkpal.ai\/sl\/wp-json\/wp\/v2\/media?parent=141632"}],"curies":[{"name":"wp","href":"https:\/\/api.w.org\/{rel}","templated":true}]}}