{"id":141307,"date":"2023-05-14T14:00:03","date_gmt":"2023-05-14T14:00:03","guid":{"rendered":"http:\/\/talkpal.ai\/bosanska-slovnica\/"},"modified":"2025-05-22T14:40:22","modified_gmt":"2025-05-22T14:40:22","slug":"bosanska-slovnica","status":"publish","type":"page","link":"https:\/\/talkpal.ai\/sl\/bosanska-slovnica\/","title":{"rendered":"Bosanska slovnica"},"content":{"rendered":"\r\n\r\n\r\n<section class=\"languageChallengeSection\">\r\n    <div class=\"languageInfoWrapper\">\r\n        \r\n        <h1>Bosanska slovnica<\/h1>\r\n        <p>Spoznajte bogati in izrazni svet bosanskega jezika, tako da obvladate njegove slovni\u010dne osnove. Dobro poznavanje bosanske slovnice vam bo pomagalo pri samozavestnem sporazumevanju in globljem razumevanju kulture. Za\u010dnite se u\u010diti bosansko slovnico danes in naredite prvi korak k teko\u010demu govoru!<\/p>\r\n\r\n                            <a class=\"getStartedHidden\" href=\"https:\/\/app.talkpal.ai\/sl\/signup?lng=\">Za\u010dni<\/a>\r\n        \r\n    <\/div>\r\n\r\n    <figure>\r\n    <img decoding=\"async\" width=\"768\" height=\"768\" src=\"https:\/\/talkpal.ai\/wp-content\/uploads\/2023\/06\/bosinian-768x768.png\" class=\"languageImage no-lazy\" alt=\"Language learning for increasing employability\" fetchpriority=\"high\" sizes=\"(max-width: 768px) 150px, 768px\" srcset=\"https:\/\/talkpal.ai\/wp-content\/uploads\/2023\/06\/bosinian-768x768.png 768w, https:\/\/talkpal.ai\/wp-content\/uploads\/2023\/06\/bosinian-300x300.png 300w\" \/>\r\n    \r\n\r\n    <\/figure>\r\n\r\n            <a class=\"getStartedVisible\" href=\"https:\/\/app.talkpal.ai\/sl\/signup?lng=\">Za\u010dni<\/a>\r\n    \r\n<\/section>\r\n<section class=\"promotionalBanner\">\r\n    <p class=\"promotionalText\">Naju\u010dinkovitej\u0161i na\u010din u\u010denja jezika<\/p>\r\n    <a class=\"promotionalLink\" href=\"https:\/\/app.talkpal.ai\/sl\/signup?lng=\">Preizkusite Talkpal brezpla\u010dno<\/a>\r\n<\/section>\n<div class=\"wp-block-group pageContainerStyle\"><div class=\"wp-block-group__inner-container is-layout-constrained wp-block-group-is-layout-constrained\">\n<h2 class=\"wp-block-heading\" id=\"h-bosnian-grammar-a-guide-to-understanding-its-unique-features\">Bosanska slovnica: vodnik za razumevanje njenih edinstvenih zna\u010dilnosti<\/h2>\n\n\n\n<p>Se u\u010dite bosan\u0161\u010dino in se spra\u0161ujete o slovnici tega jezika? Ne bojte se! V tem \u010dlanku se bomo poglobili v skrivnosti bosanske slovnice in vam pomagali razumeti njene edinstvene zna\u010dilnosti, pri tem pa ohranili preprostost in zanimivost. Ste pripravljeni na to vznemirljivo jezikovno potovanje? Za\u010dnimo!<\/p>\n\n\n\n<h3 class=\"wp-block-heading\" id=\"h-the-fundamentals-nouns-and-pronouns\">Osnove: samostalniki in zaimki<\/h3>\n\n\n\n<p>Najprej je treba vedeti, da ima <a href=\"https:\/\/talkpal.ai\/hr\/ucenje-bosanskog-jezika\/\">bosanski jezik<\/a>, tako kot drugi slovanski <a href=\"https:\/\/talkpal.ai\/what-language-is-spoken-on-the-international-space-station\/\">jeziki<\/a>, tri slovni\u010dne spole: mo\u0161ki, \u017eenski in srednji spol. Kako lahko ugotovite, kateremu spolu pripada samostalnik? To je enostavno! Vse je odvisno od konca. Tukaj je kratek vodnik:<\/p>\n\n\n\n<p><strong>&#8211; Samostalniki mo\u0161kega spola se obi\u010dajno kon\u010dajo na soglasnik,<\/strong><\/p>\n\n\n\n<p><strong>&#8211; Samostalniki \u017eenskega spola se obi\u010dajno kon\u010dajo na -a,<\/strong><\/p>\n\n\n\n<p><strong>&#8211; Samostalniki srednjega spola se najpogosteje kon\u010dajo na -o ali -e.<\/strong><\/p>\n\n\n\n<p>Upo\u0161tevajte, da so to splo\u0161na pravila in da lahko obstajajo izjeme. Pogovorimo se o zaimkih. Osebni zaimki v bosan\u0161\u010dini se spreminjajo glede na spol samostalnika, \u0161tevilo (ednina ali mno\u017eina) in rodilnik (ve\u010d o rodilnikih v nadaljevanju). V bosan\u0161\u010dini je sedem osebnih zaimkov: ja (I), ti (ti, ednina\/neformalno), na (on), ona (ona), <a href=\"https:\/\/talkpal.ai\/locations\/language-courses-in-ono\/\">ono<\/a> (it), mi (mi) in vi (ti, mno\u017eina\/formalno). Ne pozabite, da ima bosan\u0161\u010dina tako neformalen kot formalen na\u010din nagovarjanja ljudi &#8211; zato poskrbite, da boste pri pogovoru z nekom uporabili pravi zaimek!<\/p>\n\n\n\n<h3 class=\"wp-block-heading\" id=\"h-next-up-verb-conjugation\">Naprej: Konjugacija glagolov<\/h3>\n\n\n\n<p>Glagoli so hrbtenica katerega koli jezika in bosan\u0161\u010dina ni ni\u010d druga\u010dna. <a href=\"https:\/\/talkpal.ai\/learn-bosnian\/\">Bosanski<\/a> glagoli imajo dva glavna vzorca konjugacije: enega za glagole, ki se kon\u010dajo z -ti (prva konjugacija), in drugega za tiste, ki se kon\u010dajo z -\u0107i (druga konjugacija). V obeh primerih se glagolske kon\u010dnice spreminjajo glede na spol, \u0161tevilo in \u010das predmeta.<\/p>\n\n\n\n<p>Ko govorimo o \u010dasu, ima bosan\u0161\u010dina tri preproste \u010dase: sedanjost, preteklost in prihodnost. Sedanji \u010das se oblikuje z dodajanjem specifi\u010dnih koncev glagolskemu steblu. Pretekli \u010das pa se tvori s pomo\u017enim glagolom &#8220;biti&#8221; v nedolo\u010dniku &#8220;bio&#8221; in preteklim dele\u017enikom. Nazadnje se prihodnji \u010das tvori s kombinacijo pomo\u017enega glagola &#8220;htjeti&#8221; (bo) in nedolo\u010dnika glavnega glagola.<\/p>\n\n\n\n<h3 class=\"wp-block-heading\" id=\"h-the-magic-of-cases\">\u010carobnost primerov<\/h3>\n\n\n\n<p><a href=\"https:\/\/talkpal.ai\/bosnian-grammar\/\">Bosanska slovnica<\/a> uporablja sistem primerov, kar pomeni, da samostalniki, zaimki, pridevniki in v\u010dasih celo glagoli spreminjajo svoje oblike glede na funkcijo v stavku. V bosan\u0161\u010dini je sedem primerov: nominativni, genitivni, dativni, akuzativni, vokativni, instrumentalni in lokativni.<\/p>\n\n\n\n<p><a href=\"https:\/\/talkpal.ai\/talkpal-new-years-discount\/\">Naj<\/a> vas ti izrazi ne prestra\u0161ijo! To je le vpra\u0161anje prakse. Vsak primer slu\u017ei dolo\u010denemu namenu in odgovarja na specifi\u010dna vpra\u0161anja:<\/p>\n\n\n\n<p><strong>1. Poimenski:<\/strong> predmet stavka. Kdo ali kaj po\u010dne dejanje?<\/p>\n\n\n\n<p><strong>2. Genitiv:<\/strong> ozna\u010duje posedovanje, izvor ali del ne\u010desa. \u010cigavo ali kaj?<\/p>\n\n\n\n<p><strong>3. Dativ:<\/strong> Posredni predmet \u2013 komu ali komu je nekaj dano ali storjeno?<\/p>\n\n\n\n<p><strong>4. Obto\u017eevalno:<\/strong> neposredni predmet \u2013 kdo ali kaj prejme to\u017ebo?<\/p>\n\n\n\n<p><strong>5. Vokativno:<\/strong> Uporablja se za neposredno naslavljanje nekoga ali ne\u010desa &#8211; Hej, ti!<\/p>\n\n\n\n<p><strong>6. Instrumentalno:<\/strong> predstavlja sredstvo ali metodo dejanja \u2013 s \u010dim ali kdo?<\/p>\n\n\n\n<p><strong>7. Locativno:<\/strong> prikazuje lokacijo ali polo\u017eaj ne\u010desa \u2013 kje in kje?<\/p>\n\n\n\n<h3 class=\"wp-block-heading\" id=\"h-loving-the-adjectives\">Ljubiti pridevnike<\/h3>\n\n\n\n<p>Pridevniki v bosan\u0161\u010dini se strinjajo s samostalnikom, ki ga spreminjajo glede na spol, \u0161tevilo in primer. To pomeni, da imajo pridevniki, tako kot samostalniki in zaimki, razli\u010dne oblike, odvisno od samostalnika, ki ga opisujejo.<\/p>\n\n\n\n<p>Na primer, \u010de \u017eelite v bosan\u0161\u010dini (ki je samostalnik \u017eenskega spola) re\u010di &#8220;velika hi\u0161a&#8221;, bi rekli &#8220;velika ku\u0107a&#8221;. \u010ce pa govorite o &#8220;velikem avtomobilu&#8221; (samostalnik mo\u0161kega spola), bi rekli &#8220;veliki avto&#8221;.<\/p>\n\n\n\n<h3 class=\"wp-block-heading\" id=\"h-final-thoughts\">Kon\u010dne misli<\/h3>\n\n\n\n<p>Bosanska <a href=\"https:\/\/talkpal.ai\/grammar\/\">slovnica<\/a> s svojim spolom, primeri in glagolsko konjugacijo se na za\u010detku morda zdi zapletena, vendar ne pozabite: praksa je popolna! Pomembno je razumeti sistem in ga uporabljati v resni\u010dnih situacijah. Bodite potrpe\u017eljivi, vadite in kmalu boste obvladali \u010dudoviti jezik Bosne. Sretno! (Sre\u010dno!)<\/p>\n<\/div><\/div>\n\r\n<section class=\"learnNavigationSection\">\r\n            \r\n        <a href=\"https:\/\/talkpal.ai\/sl\/naucite-se-bosanscine\/\">\r\n            <div class=\"learnNavigationWrapper\">\r\n                <div class=\"learnNavigationContent\">\r\n                    <img decoding=\"async\" src=\"https:\/\/talkpal.ai\/wp-content\/uploads\/2024\/08\/Bosnian.jpg\" alt=\"Bosnian Flag\">\r\n                    <div>\r\n                        <h4>O bosanskem u\u010denju<\/h4>\r\n                        <p>Izvedite vse o bosanski slovnici.<\/p>\r\n                    <\/div>\r\n                <\/div>\r\n            <\/div>\r\n        <\/a>\r\n\r\n        \r\n        <a href=\"https:\/\/talkpal.ai\/sl\/bosanske-slovnicne-vaje\/\">\r\n            <div class=\"learnNavigationWrapper\">\r\n                <div class=\"learnNavigationContent\">\r\n                    <img decoding=\"async\" src=\"https:\/\/talkpal.ai\/wp-content\/uploads\/2024\/08\/Bosnian.jpg\" alt=\"Bosnian Flag\">\r\n                    <div>\r\n                        <h4>Vaja iz bosanske slovnice<\/h4>\r\n                        <p>Vadite bosansko slovnico.<\/p>\r\n                    <\/div>\r\n                <\/div>\r\n            <\/div>\r\n        <\/a>\r\n\r\n        \r\n        <a href=\"https:\/\/talkpal.ai\/vocabulary_language\/bosnian\/\">\r\n            <div class=\"learnNavigationWrapper\">\r\n                <div class=\"learnNavigationContent\">\r\n                    <img decoding=\"async\" src=\"https:\/\/talkpal.ai\/wp-content\/uploads\/2024\/08\/Bosnian.jpg\" alt=\"Bosnian Flag\">\r\n                    <div>\r\n                        <h4>Bosanski besednjak<\/h4>\r\n                        <p>Raz\u0161irite svoj bosanski besedni zaklad.<\/p>\r\n                    <\/div>\r\n                <\/div>\r\n            <\/div>\r\n        <\/a>\r\n\r\n            <\/section>","protected":false},"excerpt":{"rendered":"<p>Bosanska slovnica: vodnik za razumevanje njenih edinstvenih zna\u010dilnosti Se u\u010dite bosan\u0161\u010dino in se spra\u0161ujete o slovnici tega jezika? Ne bojte se! V tem \u010dlanku se bomo poglobili v skrivnosti bosanske slovnice in vam pomagali razumeti njene edinstvene zna\u010dilnosti, pri tem pa ohranili preprostost in zanimivost. Ste pripravljeni na to vznemirljivo jezikovno potovanje? Za\u010dnimo! Osnove: samostalniki [&hellip;]<\/p>\n","protected":false},"author":1,"featured_media":111403,"parent":0,"menu_order":0,"comment_status":"closed","ping_status":"closed","template":"LearningContentPage.php","meta":{"_acf_changed":false,"footnotes":""},"class_list":["post-141307","page","type-page","status-publish","has-post-thumbnail","hentry"],"acf":[],"yoast_head":"<!-- This site is optimized with the Yoast SEO Premium plugin v27.2 (Yoast SEO v27.2) - https:\/\/yoast.com\/product\/yoast-seo-premium-wordpress\/ -->\n<title>Bosanska slovnica - Talkpal<\/title>\n<meta name=\"description\" content=\"Obvladajte bosansko slovnico brez te\u017eav z Talkpal, ki ga poganja umetna inteligenca. Odkrijte preproste razlage, prakti\u010dne nasvete in interaktivne vaje!\" \/>\n<meta name=\"robots\" content=\"index, follow, max-snippet:-1, max-image-preview:large, max-video-preview:-1\" \/>\n<link rel=\"canonical\" href=\"https:\/\/talkpal.ai\/sl\/bosanska-slovnica\/\" \/>\n<meta property=\"og:locale\" content=\"sl_SI\" \/>\n<meta property=\"og:type\" content=\"article\" \/>\n<meta property=\"og:title\" content=\"Bosanska slovnica\" \/>\n<meta property=\"og:description\" content=\"Bosanska slovnica: vodnik za razumevanje njenih edinstvenih zna\u010dilnosti Se u\u010dite bosan\u0161\u010dino in se spra\u0161ujete o slovnici tega jezika? Ne bojte se! V tem\" \/>\n<meta property=\"og:url\" content=\"https:\/\/talkpal.ai\/sl\/bosanska-slovnica\/\" \/>\n<meta property=\"og:site_name\" content=\"Talkpal\" \/>\n<meta property=\"article:publisher\" content=\"https:\/\/www.facebook.com\/profile.php?id=100090733639311\" \/>\n<meta property=\"article:modified_time\" content=\"2025-05-22T14:40:22+00:00\" \/>\n<meta property=\"og:image\" content=\"https:\/\/talkpal.ai\/wp-content\/uploads\/2023\/05\/bosnia-and-herzegovina.png\" \/>\n\t<meta property=\"og:image:width\" content=\"512\" \/>\n\t<meta property=\"og:image:height\" content=\"512\" \/>\n\t<meta property=\"og:image:type\" content=\"image\/png\" \/>\n<meta name=\"twitter:card\" content=\"summary_large_image\" \/>\n<meta name=\"twitter:site\" content=\"@talkpalai\" \/>\n<meta name=\"twitter:label1\" content=\"Est. reading time\" \/>\n\t<meta name=\"twitter:data1\" content=\"3 minute\" \/>\n<script type=\"application\/ld+json\" class=\"yoast-schema-graph\">{\"@context\":\"https:\/\/schema.org\",\"@graph\":[{\"@type\":\"WebPage\",\"@id\":\"https:\/\/talkpal.ai\/sl\/bosanska-slovnica\/\",\"url\":\"https:\/\/talkpal.ai\/sl\/bosanska-slovnica\/\",\"name\":\"Bosanska slovnica - Talkpal\",\"isPartOf\":{\"@id\":\"https:\/\/talkpal.ai\/sl\/#website\"},\"primaryImageOfPage\":{\"@id\":\"https:\/\/talkpal.ai\/sl\/bosanska-slovnica\/#primaryimage\"},\"image\":{\"@id\":\"https:\/\/talkpal.ai\/sl\/bosanska-slovnica\/#primaryimage\"},\"thumbnailUrl\":\"https:\/\/talkpal.ai\/wp-content\/uploads\/2023\/05\/bosnia-and-herzegovina.png\",\"datePublished\":\"2023-05-14T14:00:03+00:00\",\"dateModified\":\"2025-05-22T14:40:22+00:00\",\"description\":\"Obvladajte bosansko slovnico brez te\u017eav z Talkpal, ki ga poganja umetna inteligenca. Odkrijte preproste razlage, prakti\u010dne nasvete in interaktivne vaje!\",\"breadcrumb\":{\"@id\":\"https:\/\/talkpal.ai\/sl\/bosanska-slovnica\/#breadcrumb\"},\"inLanguage\":\"sl-SI\",\"potentialAction\":[{\"@type\":\"ReadAction\",\"target\":[\"https:\/\/talkpal.ai\/sl\/bosanska-slovnica\/\"]}]},{\"@type\":\"ImageObject\",\"inLanguage\":\"sl-SI\",\"@id\":\"https:\/\/talkpal.ai\/sl\/bosanska-slovnica\/#primaryimage\",\"url\":\"https:\/\/talkpal.ai\/wp-content\/uploads\/2023\/05\/bosnia-and-herzegovina.png\",\"contentUrl\":\"https:\/\/talkpal.ai\/wp-content\/uploads\/2023\/05\/bosnia-and-herzegovina.png\",\"width\":512,\"height\":512},{\"@type\":\"BreadcrumbList\",\"@id\":\"https:\/\/talkpal.ai\/sl\/bosanska-slovnica\/#breadcrumb\",\"itemListElement\":[{\"@type\":\"ListItem\",\"position\":1,\"name\":\"Homepage\",\"item\":\"https:\/\/talkpal.ai\/sl\/\"},{\"@type\":\"ListItem\",\"position\":2,\"name\":\"Bosanska slovnica\"}]},{\"@type\":\"WebSite\",\"@id\":\"https:\/\/talkpal.ai\/sl\/#website\",\"url\":\"https:\/\/talkpal.ai\/sl\/\",\"name\":\"Talkpal\",\"description\":\"AI Language Learning\",\"publisher\":{\"@id\":\"https:\/\/talkpal.ai\/sl\/#organization\"},\"alternateName\":\"Talkpal AI\",\"potentialAction\":[{\"@type\":\"SearchAction\",\"target\":{\"@type\":\"EntryPoint\",\"urlTemplate\":\"https:\/\/talkpal.ai\/sl\/?s={search_term_string}\"},\"query-input\":{\"@type\":\"PropertyValueSpecification\",\"valueRequired\":true,\"valueName\":\"search_term_string\"}}],\"inLanguage\":\"sl-SI\"},{\"@type\":\"Organization\",\"@id\":\"https:\/\/talkpal.ai\/sl\/#organization\",\"name\":\"Talkpal, Inc.\",\"alternateName\":\"Talkpal AI\",\"url\":\"https:\/\/talkpal.ai\/sl\/\",\"logo\":{\"@type\":\"ImageObject\",\"inLanguage\":\"sl-SI\",\"@id\":\"https:\/\/talkpal.ai\/sl\/#\/schema\/logo\/image\/\",\"url\":\"https:\/\/talkpal.ai\/wp-content\/uploads\/2024\/03\/Talkpal-Logo-Icon.png\",\"contentUrl\":\"https:\/\/talkpal.ai\/wp-content\/uploads\/2024\/03\/Talkpal-Logo-Icon.png\",\"width\":2880,\"height\":2880,\"caption\":\"Talkpal, Inc.\"},\"image\":{\"@id\":\"https:\/\/talkpal.ai\/sl\/#\/schema\/logo\/image\/\"},\"sameAs\":[\"https:\/\/www.facebook.com\/profile.php?id=100090733639311\",\"https:\/\/x.com\/talkpalai\",\"https:\/\/www.linkedin.com\/company\/talkpal\/\",\"https:\/\/www.youtube.com\/@TalkPal\/\",\"https:\/\/www.tiktok.com\/@talkpal\",\"https:\/\/www.instagram.com\/talkpal_ai\/\",\"https:\/\/www.crunchbase.com\/organization\/talkpal-9cde\",\"https:\/\/www.g2.com\/products\/talkpal-for-business\/\",\"https:\/\/www.trustpilot.com\/review\/talkpal.ai\",\"https:\/\/www.capterra.com\/p\/10006800\/TalkPal\/\"],\"description\":\"Talkpal is a language learning web and mobile education app, powered by the latest AI technologies, that provides engaging experiences to its customers in many different languages to help them improve their language skills. Users can chat about unlimited amount of topics with the app and use other modes to practice their language learning.\",\"email\":\"support@talkpal.ai\",\"legalName\":\"Talkpal, Inc.\",\"foundingDate\":\"2023-04-03\",\"duns\":\"118989042\",\"numberOfEmployees\":{\"@type\":\"QuantitativeValue\",\"minValue\":\"11\",\"maxValue\":\"50\"},\"publishingPrinciples\":\"https:\/\/talkpal.ai\/publishing-principles\/\",\"actionableFeedbackPolicy\":\"https:\/\/talkpal.ai\/actionable-feedback-policy\/\",\"correctionsPolicy\":\"https:\/\/talkpal.ai\/corrections-policy\/\",\"ethicsPolicy\":\"https:\/\/talkpal.ai\/ethics-policy\/\",\"diversityPolicy\":\"https:\/\/talkpal.ai\/diversity-policy\/\",\"diversityStaffingReport\":\"https:\/\/talkpal.ai\/diversity-policy\/\"}]}<\/script>\n<!-- \/ Yoast SEO Premium plugin. -->","yoast_head_json":{"title":"Bosanska slovnica - Talkpal","description":"Obvladajte bosansko slovnico brez te\u017eav z Talkpal, ki ga poganja umetna inteligenca. Odkrijte preproste razlage, prakti\u010dne nasvete in interaktivne vaje!","robots":{"index":"index","follow":"follow","max-snippet":"max-snippet:-1","max-image-preview":"max-image-preview:large","max-video-preview":"max-video-preview:-1"},"canonical":"https:\/\/talkpal.ai\/sl\/bosanska-slovnica\/","og_locale":"sl_SI","og_type":"article","og_title":"Bosanska slovnica","og_description":"Bosanska slovnica: vodnik za razumevanje njenih edinstvenih zna\u010dilnosti Se u\u010dite bosan\u0161\u010dino in se spra\u0161ujete o slovnici tega jezika? Ne bojte se! V tem","og_url":"https:\/\/talkpal.ai\/sl\/bosanska-slovnica\/","og_site_name":"Talkpal","article_publisher":"https:\/\/www.facebook.com\/profile.php?id=100090733639311","article_modified_time":"2025-05-22T14:40:22+00:00","og_image":[{"width":512,"height":512,"url":"https:\/\/talkpal.ai\/wp-content\/uploads\/2023\/05\/bosnia-and-herzegovina.png","type":"image\/png"}],"twitter_card":"summary_large_image","twitter_site":"@talkpalai","twitter_misc":{"Est. reading time":"3 minute"},"schema":{"@context":"https:\/\/schema.org","@graph":[{"@type":"WebPage","@id":"https:\/\/talkpal.ai\/sl\/bosanska-slovnica\/","url":"https:\/\/talkpal.ai\/sl\/bosanska-slovnica\/","name":"Bosanska slovnica - Talkpal","isPartOf":{"@id":"https:\/\/talkpal.ai\/sl\/#website"},"primaryImageOfPage":{"@id":"https:\/\/talkpal.ai\/sl\/bosanska-slovnica\/#primaryimage"},"image":{"@id":"https:\/\/talkpal.ai\/sl\/bosanska-slovnica\/#primaryimage"},"thumbnailUrl":"https:\/\/talkpal.ai\/wp-content\/uploads\/2023\/05\/bosnia-and-herzegovina.png","datePublished":"2023-05-14T14:00:03+00:00","dateModified":"2025-05-22T14:40:22+00:00","description":"Obvladajte bosansko slovnico brez te\u017eav z Talkpal, ki ga poganja umetna inteligenca. Odkrijte preproste razlage, prakti\u010dne nasvete in interaktivne vaje!","breadcrumb":{"@id":"https:\/\/talkpal.ai\/sl\/bosanska-slovnica\/#breadcrumb"},"inLanguage":"sl-SI","potentialAction":[{"@type":"ReadAction","target":["https:\/\/talkpal.ai\/sl\/bosanska-slovnica\/"]}]},{"@type":"ImageObject","inLanguage":"sl-SI","@id":"https:\/\/talkpal.ai\/sl\/bosanska-slovnica\/#primaryimage","url":"https:\/\/talkpal.ai\/wp-content\/uploads\/2023\/05\/bosnia-and-herzegovina.png","contentUrl":"https:\/\/talkpal.ai\/wp-content\/uploads\/2023\/05\/bosnia-and-herzegovina.png","width":512,"height":512},{"@type":"BreadcrumbList","@id":"https:\/\/talkpal.ai\/sl\/bosanska-slovnica\/#breadcrumb","itemListElement":[{"@type":"ListItem","position":1,"name":"Homepage","item":"https:\/\/talkpal.ai\/sl\/"},{"@type":"ListItem","position":2,"name":"Bosanska slovnica"}]},{"@type":"WebSite","@id":"https:\/\/talkpal.ai\/sl\/#website","url":"https:\/\/talkpal.ai\/sl\/","name":"Talkpal","description":"AI Language Learning","publisher":{"@id":"https:\/\/talkpal.ai\/sl\/#organization"},"alternateName":"Talkpal AI","potentialAction":[{"@type":"SearchAction","target":{"@type":"EntryPoint","urlTemplate":"https:\/\/talkpal.ai\/sl\/?s={search_term_string}"},"query-input":{"@type":"PropertyValueSpecification","valueRequired":true,"valueName":"search_term_string"}}],"inLanguage":"sl-SI"},{"@type":"Organization","@id":"https:\/\/talkpal.ai\/sl\/#organization","name":"Talkpal, Inc.","alternateName":"Talkpal AI","url":"https:\/\/talkpal.ai\/sl\/","logo":{"@type":"ImageObject","inLanguage":"sl-SI","@id":"https:\/\/talkpal.ai\/sl\/#\/schema\/logo\/image\/","url":"https:\/\/talkpal.ai\/wp-content\/uploads\/2024\/03\/Talkpal-Logo-Icon.png","contentUrl":"https:\/\/talkpal.ai\/wp-content\/uploads\/2024\/03\/Talkpal-Logo-Icon.png","width":2880,"height":2880,"caption":"Talkpal, Inc."},"image":{"@id":"https:\/\/talkpal.ai\/sl\/#\/schema\/logo\/image\/"},"sameAs":["https:\/\/www.facebook.com\/profile.php?id=100090733639311","https:\/\/x.com\/talkpalai","https:\/\/www.linkedin.com\/company\/talkpal\/","https:\/\/www.youtube.com\/@TalkPal\/","https:\/\/www.tiktok.com\/@talkpal","https:\/\/www.instagram.com\/talkpal_ai\/","https:\/\/www.crunchbase.com\/organization\/talkpal-9cde","https:\/\/www.g2.com\/products\/talkpal-for-business\/","https:\/\/www.trustpilot.com\/review\/talkpal.ai","https:\/\/www.capterra.com\/p\/10006800\/TalkPal\/"],"description":"Talkpal is a language learning web and mobile education app, powered by the latest AI technologies, that provides engaging experiences to its customers in many different languages to help them improve their language skills. Users can chat about unlimited amount of topics with the app and use other modes to practice their language learning.","email":"support@talkpal.ai","legalName":"Talkpal, Inc.","foundingDate":"2023-04-03","duns":"118989042","numberOfEmployees":{"@type":"QuantitativeValue","minValue":"11","maxValue":"50"},"publishingPrinciples":"https:\/\/talkpal.ai\/publishing-principles\/","actionableFeedbackPolicy":"https:\/\/talkpal.ai\/actionable-feedback-policy\/","correctionsPolicy":"https:\/\/talkpal.ai\/corrections-policy\/","ethicsPolicy":"https:\/\/talkpal.ai\/ethics-policy\/","diversityPolicy":"https:\/\/talkpal.ai\/diversity-policy\/","diversityStaffingReport":"https:\/\/talkpal.ai\/diversity-policy\/"}]}},"_links":{"self":[{"href":"https:\/\/talkpal.ai\/sl\/wp-json\/wp\/v2\/pages\/141307","targetHints":{"allow":["GET"]}}],"collection":[{"href":"https:\/\/talkpal.ai\/sl\/wp-json\/wp\/v2\/pages"}],"about":[{"href":"https:\/\/talkpal.ai\/sl\/wp-json\/wp\/v2\/types\/page"}],"author":[{"embeddable":true,"href":"https:\/\/talkpal.ai\/sl\/wp-json\/wp\/v2\/users\/1"}],"replies":[{"embeddable":true,"href":"https:\/\/talkpal.ai\/sl\/wp-json\/wp\/v2\/comments?post=141307"}],"version-history":[{"count":0,"href":"https:\/\/talkpal.ai\/sl\/wp-json\/wp\/v2\/pages\/141307\/revisions"}],"wp:featuredmedia":[{"embeddable":true,"href":"https:\/\/talkpal.ai\/sl\/wp-json\/wp\/v2\/media\/111403"}],"wp:attachment":[{"href":"https:\/\/talkpal.ai\/sl\/wp-json\/wp\/v2\/media?parent=141307"}],"curies":[{"name":"wp","href":"https:\/\/api.w.org\/{rel}","templated":true}]}}