{"id":141041,"date":"2023-05-14T13:59:42","date_gmt":"2023-05-14T13:59:42","guid":{"rendered":"http:\/\/talkpal.ai\/beloruska-slovnica\/"},"modified":"2025-05-22T13:48:42","modified_gmt":"2025-05-22T13:48:42","slug":"beloruska-slovnica","status":"publish","type":"page","link":"https:\/\/talkpal.ai\/sl\/beloruska-slovnica\/","title":{"rendered":"Beloruska slovnica"},"content":{"rendered":"\r\n\r\n\r\n<section class=\"languageChallengeSection\">\r\n    <div class=\"languageInfoWrapper\">\r\n        \r\n        <h1>Beloruska slovnica<\/h1>\r\n        <p>Spoznajte lepoto in bogastvo beloru\u0161\u010dine z u\u010denjem njenih temeljnih slovni\u010dnih pravil. Dobro poznavanje beloruske slovnice vam bo pomagalo pri samozavestnem sporazumevanju in povezovanju z belorusko kulturo. Potopite se in za\u010dnite svojo pot do obvladovanja beloru\u0161\u010dine \u0161e danes!<\/p>\r\n\r\n                            <a class=\"getStartedHidden\" href=\"https:\/\/app.talkpal.ai\/sl\/signup?lng=\">Za\u010dni<\/a>\r\n        \r\n    <\/div>\r\n\r\n    <figure>\r\n    <img decoding=\"async\" width=\"768\" height=\"768\" src=\"https:\/\/talkpal.ai\/wp-content\/uploads\/2023\/06\/belarusian-768x768.png\" class=\"languageImage no-lazy\" alt=\"Language learning for academic excellence\" fetchpriority=\"high\" sizes=\"(max-width: 768px) 150px, 768px\" srcset=\"https:\/\/talkpal.ai\/wp-content\/uploads\/2023\/06\/belarusian-768x768.png 768w, https:\/\/talkpal.ai\/wp-content\/uploads\/2023\/06\/belarusian-300x300.png 300w\" \/>\r\n    \r\n\r\n    <\/figure>\r\n\r\n            <a class=\"getStartedVisible\" href=\"https:\/\/app.talkpal.ai\/sl\/signup?lng=\">Za\u010dni<\/a>\r\n    \r\n<\/section>\r\n<section class=\"promotionalBanner\">\r\n    <p class=\"promotionalText\">Naju\u010dinkovitej\u0161i na\u010din u\u010denja jezika<\/p>\r\n    <a class=\"promotionalLink\" href=\"https:\/\/app.talkpal.ai\/sl\/signup?lng=\">Preizkusite Talkpal brezpla\u010dno<\/a>\r\n<\/section>\n<div class=\"wp-block-group pageContainerStyle\"><div class=\"wp-block-group__inner-container is-layout-constrained wp-block-group-is-layout-constrained\">\n<h2 class=\"wp-block-heading\" id=\"h-belarusian-grammar-a-closer-look-at-the-slavic-language-s-intricacies\">Beloruska slovnica: podrobnej\u0161i pregled zapletenosti slovanskega jezika<\/h2>\n\n\n\n<p>Ste ambiciozen poliglot z navdu\u0161enjem nad slovanskimi <a href=\"https:\/\/talkpal.ai\/what-language-is-spoken-on-the-international-space-station\/\">jeziki<\/a>? Ali pa vas morda le zanima slovni\u010dna zapletenost jezikov iz te zanimive regije? \u010ce je tako, se pripnite! V tem \u010dlanku bomo raziskali \u010dudoviti svet beloruske slovnice, manj znanega, a zanimivega \u010dlana dru\u017eine slovanskih jezikov.<\/p>\n\n\n\n<p>Poglejmo, kajne?<\/p>\n\n\n\n<h3 class=\"wp-block-heading\" id=\"h-first-things-first-what-is-belarusian\">Najprej najprej: Kaj je beloruski?<\/h3>\n\n\n\n<p><a href=\"https:\/\/talkpal.ai\/sl\/naucite-se-beloruscine\/\">Beloruski jezik<\/a> je uradni jezik Belorusije, celinske dr\u017eave, ki se nahaja v vzhodni Evropi med Rusijo, Ukrajino, Poljsko, Litvo in Latvijo. S pribli\u017eno 7,9 milijona govorcev ima beloruski prikupen \u010dar tako za jezikoslovce kot za jezikovne navdu\u0161ence. Kot slovanski jezik ima <a href=\"https:\/\/talkpal.ai\/sl\/naucite-se-beloruscine\/\">beloruski jezik<\/a> veliko podobnosti z ruskim, ukrajinskim in poljskim; Vendar pa sprejema tudi svoje edinstvene zna\u010dilnosti, ki ga lo\u010dujejo od bratov in sester.<\/p>\n\n\n\n<h3 class=\"wp-block-heading\" id=\"h-the-building-blocks-nouns-pronouns-and-cases\">Gradniki: samostalniki, zaimki in primeri<\/h3>\n\n\n\n<p>Tako kot drugi slovanski jeziki se tudi <a href=\"https:\/\/talkpal.ai\/belarusian-grammar\/\">beloruska slovnica<\/a> vrti okoli pregiba besed. To pomeni, da se kon\u010dnice besed spreminjajo glede na njihovo slovni\u010dno funkcijo v stavku. To je najbolj o\u010ditno pri samostalnikih, zaimkih in pridevnikih, ki se uporabljajo v razli\u010dnih primerih. Beloruski ima \u0161est primerov, ki so naslednji:<\/p>\n\n\n\n<p><strong>1. Nominativ &#8211; ozna\u010duje predmet stavka<\/strong><\/p>\n\n\n\n<p><strong>2. Rodilnik &#8211; ka\u017ee na lastni\u0161tvo ali predmet zanikanja<\/strong><\/p>\n\n\n\n<p><strong>3. Dativ &#8211; ozna\u010duje posredni predmet stavka<\/strong><\/p>\n\n\n\n<p><strong>4. Akuzativ &#8211; ozna\u010duje neposredni predmet stavka<\/strong><\/p>\n\n\n\n<p><strong>5. Instrumentalni &#8211; izra\u017ea sredstvo ali metodo, s katero se izvaja neko dejanje<\/strong><\/p>\n\n\n\n<p><strong>6. Predponski ali lokacijski &#8211; dolo\u010da lokacijo ali predmet predpon<\/strong><\/p>\n\n\n\n<p>Poleg primerov imajo beloruski samostalniki tudi tri spole (mo\u0161ki, \u017eenski in srednje\u0161olski) in dve \u0161tevilki (ednina in mno\u017eina). Vsaka kombinacija spola in \u0161tevila ima v vsakem primeru specifi\u010dne zaklju\u010dke, zato je klju\u010dnega pomena, da si jih zapomnimo, da bi sestavili slovni\u010dno pravilne stavke.<\/p>\n\n\n\n<h3 class=\"wp-block-heading\" id=\"h-let-s-talk-verbs-tenses-aspects-and-moods\">Pogovorimo se o glagolih: \u010casi, vidiki in razpolo\u017eenja<\/h3>\n\n\n\n<p>Beloruski glagoli so \u010dudovito zapleteni, polni odtenkov in zapletenosti. Imajo tri \u010dase (preteklost, sedanjost in prihodnost), dva vidika (popolna in nepopolna) ter tri razpolo\u017eenja (indikativna, nujna in pogojna). Beloruski glagoli se od drugih slovanskih jezikov razlikujejo po njihovi obse\u017eni uporabi vidika.<\/p>\n\n\n\n<p>Vidik se nana\u0161a na to, ali se dejanje \u0161teje za dokon\u010dano (popolno) ali teko\u010de (nepopolno). \u0160tevilni glagoli so v parih, ki ozna\u010dujejo razli\u010dne vidike, pogosto z uporabo edinstvene predpone ali pripone. Obvladovanje vidika je bistveno za razumevanje razlik v beloruskem jeziku.<\/p>\n\n\n\n<h3 class=\"wp-block-heading\" id=\"h-adjectives-adverbs-and-other-delights\">Pridevniki, prislovi in drugi u\u017eitki<\/h3>\n\n\n\n<p>Beloruski pridevniki se strinjajo s samostalniki, ki jih spreminjajo glede na spol, \u0161tevilo in primer. Imajo tudi primerjalne in prese\u017ene oblike za izra\u017eanje razli\u010dnih stopenj lastnosti. Poleg tega so \u0161tevilni prislovi izpeljani iz pridevnikov tako, da se jim preprosto doda kon\u010dnica &#8216;-\u0430&#8217; za mo\u0161ke in &#8216;-\u044b&#8217; za \u017eenske.<\/p>\n\n\n\n<p>Beloruski jezik ima tudi fascinantno paleto veznikov, predlogov, \u0161tevilk in delcev, ki vam pomagajo ustvariti dovr\u0161ene in izrazne stavke. Z dovolj vaje boste kmalu znali prepletati besede kot pravi beloruski slovaropisec.<\/p>\n\n\n\n<h3 class=\"wp-block-heading\" id=\"h-in-closing-the-magic-of-belarusian-grammar\">Za zaklju\u010dek: Magija beloruske slovnice<\/h3>\n\n\n\n<p>Na prvi pogled se <a href=\"https:\/\/talkpal.ai\/belarusian-grammar\/\">beloruska slovnica<\/a> zdi zastra\u0161ujo\u010da. Ko se boste poglobili v njegovo bogato tapiserijo primerov, vidikov in drugih jezikovnih posebnosti, boste odkrili jezik, poln globine, nians in izraznosti. Sprejemanje izziva beloruske slovnice vam ne bo samo omogo\u010dilo bolj\u0161ega razumevanja slovanske dru\u017eine na splo\u0161no, temve\u010d vam bo omogo\u010dilo tudi dostop do \u010dudovite in \u017eivahne kulture, ki \u010daka na va\u0161e raziskovanje.<\/p>\n\n\n\n<p>Zdaj, oboro\u017eeni z <a href=\"https:\/\/talkpal.ai\/talkpal-new-years-discount\/\">novo<\/a> odkritim razumevanjem beloruske slovnice, zakaj se ne bi potopili globlje v ta fascinanten jezik? Kdo ve &#8211; morda se boste nekega dne sprehajali po ulicah Minska in se brez te\u017eav pogovarjali z doma\u010dini v njihovem maternem jeziku. Sre\u010dno u\u010denje!<\/p>\n<\/div><\/div>\n\r\n<section class=\"learnNavigationSection\">\r\n            \r\n        <a href=\"https:\/\/talkpal.ai\/sl\/naucite-se-beloruscine\/\">\r\n            <div class=\"learnNavigationWrapper\">\r\n                <div class=\"learnNavigationContent\">\r\n                    <img decoding=\"async\" src=\"https:\/\/talkpal.ai\/wp-content\/uploads\/2024\/08\/Belarusian.jpg\" alt=\"Belarusian Flag\">\r\n                    <div>\r\n                        <h4>O u\u010denju beloruskega jezika<\/h4>\r\n                        <p>Izvedite vse o beloruski slovnici.<\/p>\r\n                    <\/div>\r\n                <\/div>\r\n            <\/div>\r\n        <\/a>\r\n\r\n        \r\n        <a href=\"https:\/\/talkpal.ai\/sl\/beloruske-slovnicne-vaje\/\">\r\n            <div class=\"learnNavigationWrapper\">\r\n                <div class=\"learnNavigationContent\">\r\n                    <img decoding=\"async\" src=\"https:\/\/talkpal.ai\/wp-content\/uploads\/2024\/08\/Belarusian.jpg\" alt=\"Belarusian Flag\">\r\n                    <div>\r\n                        <h4>Vaja iz beloruske slovnice<\/h4>\r\n                        <p>Vadite belorusko slovnico.<\/p>\r\n                    <\/div>\r\n                <\/div>\r\n            <\/div>\r\n        <\/a>\r\n\r\n        \r\n        <a href=\"https:\/\/talkpal.ai\/vocabulary_language\/belarusian\/\">\r\n            <div class=\"learnNavigationWrapper\">\r\n                <div class=\"learnNavigationContent\">\r\n                    <img decoding=\"async\" src=\"https:\/\/talkpal.ai\/wp-content\/uploads\/2024\/08\/Belarusian.jpg\" alt=\"Belarusian Flag\">\r\n                    <div>\r\n                        <h4>Beloruski besednjak<\/h4>\r\n                        <p>Raz\u0161irite svoj beloruski besedni zaklad.<\/p>\r\n                    <\/div>\r\n                <\/div>\r\n            <\/div>\r\n        <\/a>\r\n\r\n            <\/section>","protected":false},"excerpt":{"rendered":"<p>Beloruska slovnica: podrobnej\u0161i pregled zapletenosti slovanskega jezika Ste ambiciozen poliglot z navdu\u0161enjem nad slovanskimi jeziki? Ali pa vas morda le zanima slovni\u010dna zapletenost jezikov iz te zanimive regije? \u010ce je tako, se pripnite! V tem \u010dlanku bomo raziskali \u010dudoviti svet beloruske slovnice, manj znanega, a zanimivega \u010dlana dru\u017eine slovanskih jezikov. Poglejmo, kajne? Najprej najprej: Kaj [&hellip;]<\/p>\n","protected":false},"author":1,"featured_media":110632,"parent":0,"menu_order":0,"comment_status":"closed","ping_status":"closed","template":"LearningContentPage.php","meta":{"_acf_changed":false,"footnotes":""},"class_list":["post-141041","page","type-page","status-publish","has-post-thumbnail","hentry"],"acf":[],"yoast_head":"<!-- This site is optimized with the Yoast SEO Premium plugin v27.2 (Yoast SEO v27.2) - https:\/\/yoast.com\/product\/yoast-seo-premium-wordpress\/ -->\n<title>Beloruska slovnica - Talkpal<\/title>\n<meta name=\"description\" content=\"Obvladajte belorusko slovnico brez te\u017eav z Talkpal, ki ga poganja umetna inteligenca. Pridobite jasne razlage, koristne nasvete in interaktivne vaje!\" \/>\n<meta name=\"robots\" content=\"index, follow, max-snippet:-1, max-image-preview:large, max-video-preview:-1\" \/>\n<link rel=\"canonical\" href=\"https:\/\/talkpal.ai\/sl\/beloruska-slovnica\/\" \/>\n<meta property=\"og:locale\" content=\"sl_SI\" \/>\n<meta property=\"og:type\" content=\"article\" \/>\n<meta property=\"og:title\" content=\"Beloruska slovnica\" \/>\n<meta property=\"og:description\" content=\"Beloruska slovnica: podrobnej\u0161i pregled zapletenosti slovanskega jezika Ste ambiciozen poliglot z navdu\u0161enjem nad slovanskimi jeziki? Ali pa vas morda le\" \/>\n<meta property=\"og:url\" content=\"https:\/\/talkpal.ai\/sl\/beloruska-slovnica\/\" \/>\n<meta property=\"og:site_name\" content=\"Talkpal\" \/>\n<meta property=\"article:publisher\" content=\"https:\/\/www.facebook.com\/profile.php?id=100090733639311\" \/>\n<meta property=\"article:modified_time\" content=\"2025-05-22T13:48:42+00:00\" \/>\n<meta property=\"og:image\" content=\"https:\/\/talkpal.ai\/wp-content\/uploads\/2023\/05\/belarus.png\" \/>\n\t<meta property=\"og:image:width\" content=\"512\" \/>\n\t<meta property=\"og:image:height\" content=\"512\" \/>\n\t<meta property=\"og:image:type\" content=\"image\/png\" \/>\n<meta name=\"twitter:card\" content=\"summary_large_image\" \/>\n<meta name=\"twitter:site\" content=\"@talkpalai\" \/>\n<meta name=\"twitter:label1\" content=\"Est. reading time\" \/>\n\t<meta name=\"twitter:data1\" content=\"3 minute\" \/>\n<script type=\"application\/ld+json\" class=\"yoast-schema-graph\">{\"@context\":\"https:\/\/schema.org\",\"@graph\":[{\"@type\":\"WebPage\",\"@id\":\"https:\/\/talkpal.ai\/sl\/beloruska-slovnica\/\",\"url\":\"https:\/\/talkpal.ai\/sl\/beloruska-slovnica\/\",\"name\":\"Beloruska slovnica - Talkpal\",\"isPartOf\":{\"@id\":\"https:\/\/talkpal.ai\/sl\/#website\"},\"primaryImageOfPage\":{\"@id\":\"https:\/\/talkpal.ai\/sl\/beloruska-slovnica\/#primaryimage\"},\"image\":{\"@id\":\"https:\/\/talkpal.ai\/sl\/beloruska-slovnica\/#primaryimage\"},\"thumbnailUrl\":\"https:\/\/talkpal.ai\/wp-content\/uploads\/2023\/05\/belarus.png\",\"datePublished\":\"2023-05-14T13:59:42+00:00\",\"dateModified\":\"2025-05-22T13:48:42+00:00\",\"description\":\"Obvladajte belorusko slovnico brez te\u017eav z Talkpal, ki ga poganja umetna inteligenca. Pridobite jasne razlage, koristne nasvete in interaktivne vaje!\",\"breadcrumb\":{\"@id\":\"https:\/\/talkpal.ai\/sl\/beloruska-slovnica\/#breadcrumb\"},\"inLanguage\":\"sl-SI\",\"potentialAction\":[{\"@type\":\"ReadAction\",\"target\":[\"https:\/\/talkpal.ai\/sl\/beloruska-slovnica\/\"]}]},{\"@type\":\"ImageObject\",\"inLanguage\":\"sl-SI\",\"@id\":\"https:\/\/talkpal.ai\/sl\/beloruska-slovnica\/#primaryimage\",\"url\":\"https:\/\/talkpal.ai\/wp-content\/uploads\/2023\/05\/belarus.png\",\"contentUrl\":\"https:\/\/talkpal.ai\/wp-content\/uploads\/2023\/05\/belarus.png\",\"width\":512,\"height\":512},{\"@type\":\"BreadcrumbList\",\"@id\":\"https:\/\/talkpal.ai\/sl\/beloruska-slovnica\/#breadcrumb\",\"itemListElement\":[{\"@type\":\"ListItem\",\"position\":1,\"name\":\"Homepage\",\"item\":\"https:\/\/talkpal.ai\/sl\/\"},{\"@type\":\"ListItem\",\"position\":2,\"name\":\"Beloruska slovnica\"}]},{\"@type\":\"WebSite\",\"@id\":\"https:\/\/talkpal.ai\/sl\/#website\",\"url\":\"https:\/\/talkpal.ai\/sl\/\",\"name\":\"Talkpal\",\"description\":\"AI Language Learning\",\"publisher\":{\"@id\":\"https:\/\/talkpal.ai\/sl\/#organization\"},\"alternateName\":\"Talkpal AI\",\"potentialAction\":[{\"@type\":\"SearchAction\",\"target\":{\"@type\":\"EntryPoint\",\"urlTemplate\":\"https:\/\/talkpal.ai\/sl\/?s={search_term_string}\"},\"query-input\":{\"@type\":\"PropertyValueSpecification\",\"valueRequired\":true,\"valueName\":\"search_term_string\"}}],\"inLanguage\":\"sl-SI\"},{\"@type\":\"Organization\",\"@id\":\"https:\/\/talkpal.ai\/sl\/#organization\",\"name\":\"Talkpal, Inc.\",\"alternateName\":\"Talkpal AI\",\"url\":\"https:\/\/talkpal.ai\/sl\/\",\"logo\":{\"@type\":\"ImageObject\",\"inLanguage\":\"sl-SI\",\"@id\":\"https:\/\/talkpal.ai\/sl\/#\/schema\/logo\/image\/\",\"url\":\"https:\/\/talkpal.ai\/wp-content\/uploads\/2024\/03\/Talkpal-Logo-Icon.png\",\"contentUrl\":\"https:\/\/talkpal.ai\/wp-content\/uploads\/2024\/03\/Talkpal-Logo-Icon.png\",\"width\":2880,\"height\":2880,\"caption\":\"Talkpal, Inc.\"},\"image\":{\"@id\":\"https:\/\/talkpal.ai\/sl\/#\/schema\/logo\/image\/\"},\"sameAs\":[\"https:\/\/www.facebook.com\/profile.php?id=100090733639311\",\"https:\/\/x.com\/talkpalai\",\"https:\/\/www.linkedin.com\/company\/talkpal\/\",\"https:\/\/www.youtube.com\/@TalkPal\/\",\"https:\/\/www.tiktok.com\/@talkpal\",\"https:\/\/www.instagram.com\/talkpal_ai\/\",\"https:\/\/www.crunchbase.com\/organization\/talkpal-9cde\",\"https:\/\/www.g2.com\/products\/talkpal-for-business\/\",\"https:\/\/www.trustpilot.com\/review\/talkpal.ai\",\"https:\/\/www.capterra.com\/p\/10006800\/TalkPal\/\"],\"description\":\"Talkpal is a language learning web and mobile education app, powered by the latest AI technologies, that provides engaging experiences to its customers in many different languages to help them improve their language skills. Users can chat about unlimited amount of topics with the app and use other modes to practice their language learning.\",\"email\":\"support@talkpal.ai\",\"legalName\":\"Talkpal, Inc.\",\"foundingDate\":\"2023-04-03\",\"duns\":\"118989042\",\"numberOfEmployees\":{\"@type\":\"QuantitativeValue\",\"minValue\":\"11\",\"maxValue\":\"50\"},\"publishingPrinciples\":\"https:\/\/talkpal.ai\/publishing-principles\/\",\"actionableFeedbackPolicy\":\"https:\/\/talkpal.ai\/actionable-feedback-policy\/\",\"correctionsPolicy\":\"https:\/\/talkpal.ai\/corrections-policy\/\",\"ethicsPolicy\":\"https:\/\/talkpal.ai\/ethics-policy\/\",\"diversityPolicy\":\"https:\/\/talkpal.ai\/diversity-policy\/\",\"diversityStaffingReport\":\"https:\/\/talkpal.ai\/diversity-policy\/\"}]}<\/script>\n<!-- \/ Yoast SEO Premium plugin. -->","yoast_head_json":{"title":"Beloruska slovnica - Talkpal","description":"Obvladajte belorusko slovnico brez te\u017eav z Talkpal, ki ga poganja umetna inteligenca. Pridobite jasne razlage, koristne nasvete in interaktivne vaje!","robots":{"index":"index","follow":"follow","max-snippet":"max-snippet:-1","max-image-preview":"max-image-preview:large","max-video-preview":"max-video-preview:-1"},"canonical":"https:\/\/talkpal.ai\/sl\/beloruska-slovnica\/","og_locale":"sl_SI","og_type":"article","og_title":"Beloruska slovnica","og_description":"Beloruska slovnica: podrobnej\u0161i pregled zapletenosti slovanskega jezika Ste ambiciozen poliglot z navdu\u0161enjem nad slovanskimi jeziki? Ali pa vas morda le","og_url":"https:\/\/talkpal.ai\/sl\/beloruska-slovnica\/","og_site_name":"Talkpal","article_publisher":"https:\/\/www.facebook.com\/profile.php?id=100090733639311","article_modified_time":"2025-05-22T13:48:42+00:00","og_image":[{"width":512,"height":512,"url":"https:\/\/talkpal.ai\/wp-content\/uploads\/2023\/05\/belarus.png","type":"image\/png"}],"twitter_card":"summary_large_image","twitter_site":"@talkpalai","twitter_misc":{"Est. reading time":"3 minute"},"schema":{"@context":"https:\/\/schema.org","@graph":[{"@type":"WebPage","@id":"https:\/\/talkpal.ai\/sl\/beloruska-slovnica\/","url":"https:\/\/talkpal.ai\/sl\/beloruska-slovnica\/","name":"Beloruska slovnica - Talkpal","isPartOf":{"@id":"https:\/\/talkpal.ai\/sl\/#website"},"primaryImageOfPage":{"@id":"https:\/\/talkpal.ai\/sl\/beloruska-slovnica\/#primaryimage"},"image":{"@id":"https:\/\/talkpal.ai\/sl\/beloruska-slovnica\/#primaryimage"},"thumbnailUrl":"https:\/\/talkpal.ai\/wp-content\/uploads\/2023\/05\/belarus.png","datePublished":"2023-05-14T13:59:42+00:00","dateModified":"2025-05-22T13:48:42+00:00","description":"Obvladajte belorusko slovnico brez te\u017eav z Talkpal, ki ga poganja umetna inteligenca. Pridobite jasne razlage, koristne nasvete in interaktivne vaje!","breadcrumb":{"@id":"https:\/\/talkpal.ai\/sl\/beloruska-slovnica\/#breadcrumb"},"inLanguage":"sl-SI","potentialAction":[{"@type":"ReadAction","target":["https:\/\/talkpal.ai\/sl\/beloruska-slovnica\/"]}]},{"@type":"ImageObject","inLanguage":"sl-SI","@id":"https:\/\/talkpal.ai\/sl\/beloruska-slovnica\/#primaryimage","url":"https:\/\/talkpal.ai\/wp-content\/uploads\/2023\/05\/belarus.png","contentUrl":"https:\/\/talkpal.ai\/wp-content\/uploads\/2023\/05\/belarus.png","width":512,"height":512},{"@type":"BreadcrumbList","@id":"https:\/\/talkpal.ai\/sl\/beloruska-slovnica\/#breadcrumb","itemListElement":[{"@type":"ListItem","position":1,"name":"Homepage","item":"https:\/\/talkpal.ai\/sl\/"},{"@type":"ListItem","position":2,"name":"Beloruska slovnica"}]},{"@type":"WebSite","@id":"https:\/\/talkpal.ai\/sl\/#website","url":"https:\/\/talkpal.ai\/sl\/","name":"Talkpal","description":"AI Language Learning","publisher":{"@id":"https:\/\/talkpal.ai\/sl\/#organization"},"alternateName":"Talkpal AI","potentialAction":[{"@type":"SearchAction","target":{"@type":"EntryPoint","urlTemplate":"https:\/\/talkpal.ai\/sl\/?s={search_term_string}"},"query-input":{"@type":"PropertyValueSpecification","valueRequired":true,"valueName":"search_term_string"}}],"inLanguage":"sl-SI"},{"@type":"Organization","@id":"https:\/\/talkpal.ai\/sl\/#organization","name":"Talkpal, Inc.","alternateName":"Talkpal AI","url":"https:\/\/talkpal.ai\/sl\/","logo":{"@type":"ImageObject","inLanguage":"sl-SI","@id":"https:\/\/talkpal.ai\/sl\/#\/schema\/logo\/image\/","url":"https:\/\/talkpal.ai\/wp-content\/uploads\/2024\/03\/Talkpal-Logo-Icon.png","contentUrl":"https:\/\/talkpal.ai\/wp-content\/uploads\/2024\/03\/Talkpal-Logo-Icon.png","width":2880,"height":2880,"caption":"Talkpal, Inc."},"image":{"@id":"https:\/\/talkpal.ai\/sl\/#\/schema\/logo\/image\/"},"sameAs":["https:\/\/www.facebook.com\/profile.php?id=100090733639311","https:\/\/x.com\/talkpalai","https:\/\/www.linkedin.com\/company\/talkpal\/","https:\/\/www.youtube.com\/@TalkPal\/","https:\/\/www.tiktok.com\/@talkpal","https:\/\/www.instagram.com\/talkpal_ai\/","https:\/\/www.crunchbase.com\/organization\/talkpal-9cde","https:\/\/www.g2.com\/products\/talkpal-for-business\/","https:\/\/www.trustpilot.com\/review\/talkpal.ai","https:\/\/www.capterra.com\/p\/10006800\/TalkPal\/"],"description":"Talkpal is a language learning web and mobile education app, powered by the latest AI technologies, that provides engaging experiences to its customers in many different languages to help them improve their language skills. Users can chat about unlimited amount of topics with the app and use other modes to practice their language learning.","email":"support@talkpal.ai","legalName":"Talkpal, Inc.","foundingDate":"2023-04-03","duns":"118989042","numberOfEmployees":{"@type":"QuantitativeValue","minValue":"11","maxValue":"50"},"publishingPrinciples":"https:\/\/talkpal.ai\/publishing-principles\/","actionableFeedbackPolicy":"https:\/\/talkpal.ai\/actionable-feedback-policy\/","correctionsPolicy":"https:\/\/talkpal.ai\/corrections-policy\/","ethicsPolicy":"https:\/\/talkpal.ai\/ethics-policy\/","diversityPolicy":"https:\/\/talkpal.ai\/diversity-policy\/","diversityStaffingReport":"https:\/\/talkpal.ai\/diversity-policy\/"}]}},"_links":{"self":[{"href":"https:\/\/talkpal.ai\/sl\/wp-json\/wp\/v2\/pages\/141041","targetHints":{"allow":["GET"]}}],"collection":[{"href":"https:\/\/talkpal.ai\/sl\/wp-json\/wp\/v2\/pages"}],"about":[{"href":"https:\/\/talkpal.ai\/sl\/wp-json\/wp\/v2\/types\/page"}],"author":[{"embeddable":true,"href":"https:\/\/talkpal.ai\/sl\/wp-json\/wp\/v2\/users\/1"}],"replies":[{"embeddable":true,"href":"https:\/\/talkpal.ai\/sl\/wp-json\/wp\/v2\/comments?post=141041"}],"version-history":[{"count":0,"href":"https:\/\/talkpal.ai\/sl\/wp-json\/wp\/v2\/pages\/141041\/revisions"}],"wp:featuredmedia":[{"embeddable":true,"href":"https:\/\/talkpal.ai\/sl\/wp-json\/wp\/v2\/media\/110632"}],"wp:attachment":[{"href":"https:\/\/talkpal.ai\/sl\/wp-json\/wp\/v2\/media?parent=141041"}],"curies":[{"name":"wp","href":"https:\/\/api.w.org\/{rel}","templated":true}]}}