{"id":140728,"date":"2023-05-14T13:59:24","date_gmt":"2023-05-14T13:59:24","guid":{"rendered":"http:\/\/talkpal.ai\/afrikanska-slovnica\/"},"modified":"2025-05-22T19:03:51","modified_gmt":"2025-05-22T19:03:51","slug":"afrikanska-slovnica","status":"publish","type":"page","link":"https:\/\/talkpal.ai\/sl\/afrikanska-slovnica\/","title":{"rendered":"Afrikanska slovnica"},"content":{"rendered":"\r\n\r\n\r\n<section class=\"languageChallengeSection\">\r\n    <div class=\"languageInfoWrapper\">\r\n        \r\n        <h1>Afrikanska slovnica<\/h1>\r\n        <p>Odkrijte preprosto lepoto afrikan\u0161\u010dine z u\u010denjem njenih osnovnih slovni\u010dnih pravil. Osvojitev afrikanske slovnice vam bo omogo\u010dila u\u010dinkovito sporazumevanje in u\u017eivanje v bogati kulturi njenih govorcev. Za\u010dnite svoje potovanje po afrikanski slovnici \u0161e danes in naredite prvi korak k teko\u010demu znanju!<\/p>\r\n\r\n                            <a class=\"getStartedHidden\" href=\"https:\/\/app.talkpal.ai\/sl\/signup?lng=\">Za\u010dni<\/a>\r\n        \r\n    <\/div>\r\n\r\n    <figure>\r\n    <img decoding=\"async\" width=\"768\" height=\"768\" src=\"https:\/\/talkpal.ai\/wp-content\/uploads\/2023\/06\/TalkPal-Afrikaans-768x768.png\" class=\"languageImage no-lazy\" alt=\"Language learning for global awareness\" fetchpriority=\"high\" sizes=\"(max-width: 768px) 150px, 768px\" srcset=\"https:\/\/talkpal.ai\/wp-content\/uploads\/2023\/06\/TalkPal-Afrikaans-768x768.png 768w, https:\/\/talkpal.ai\/wp-content\/uploads\/2023\/06\/TalkPal-Afrikaans-300x300.png 300w\" \/>\r\n    \r\n\r\n    <\/figure>\r\n\r\n            <a class=\"getStartedVisible\" href=\"https:\/\/app.talkpal.ai\/sl\/signup?lng=\">Za\u010dni<\/a>\r\n    \r\n<\/section>\r\n<section class=\"promotionalBanner\">\r\n    <p class=\"promotionalText\">Naju\u010dinkovitej\u0161i na\u010din u\u010denja jezika<\/p>\r\n    <a class=\"promotionalLink\" href=\"https:\/\/app.talkpal.ai\/sl\/signup?lng=\">Preizkusite Talkpal brezpla\u010dno<\/a>\r\n<\/section>\n<div class=\"wp-block-group pageContainerStyle\"><div class=\"wp-block-group__inner-container is-layout-constrained wp-block-group-is-layout-constrained\">\n<h2 class=\"wp-block-heading\" id=\"h-mastering-afrikaans-grammar-your-ultimate-guide\">Obvladovanje afrikanske slovnice: va\u0161 kon\u010dni vodnik<\/h2>\n\n\n\n<p><strong>Goeie dag<\/strong>, <a href=\"https:\/\/talkpal.ai\/talkpal-discount-for-language-enthusiasts\/\">jezikovni navdu\u0161enci<\/a>! Ste se pripravljeni podati na potovanje v svet afri\u0161ke slovnice? Pri\u0161li ste na pravo mesto. Ta \u010dlanek, poln lahko razumljivih informacij in pogovornega tona, vas bo vodil skozi fascinantno podro\u010dje afri\u0161ke slovnice. Kmalu boste znali tvoriti stavke in se smiselno pogovarjati z rojenimi govorci. Za\u010dnimo!<\/p>\n\n\n\n<p><strong>Najprej pa, zakaj afrikanska slovnica?<\/strong><\/p>\n\n\n\n<p>\u010ce se u\u010dite afrikan\u0161\u010dino, je trdna <a href=\"https:\/\/talkpal.ai\/grammar\/\">slovnica<\/a> klju\u010dnega pomena za teko\u010de govorjenje, branje in pisanje. \u010ceprav se slovnica afrikan\u0161\u010dine na prvi pogled zdi zapletena, je razmeroma preprosta, ko jo raz\u010dlenite na manj\u0161e, la\u017eje obvladljive dele. Za\u010dnimo torej pot k obvladovanju afrikanske slovnice!<\/p>\n\n\n\n<h3 class=\"wp-block-heading\" id=\"h-1-nouns-gender-and-articles\">1. Samostalniki, spol in \u010dlanki<\/h3>\n\n\n\n<p>Za razliko od mnogih drugih jezikov afrikanski samostalniki nimajo spola, zaradi \u010desar jih je la\u017eje u\u010diti. Dolo\u010dni \u010dlen &#8220;die&#8221; (the) se uporablja za vse samostalnike, nedolo\u010dna \u010dlena &#8220;&#8216;n&#8221; ali &#8220;een&#8221; (a\/an) pa sta prav tako spolno nevtralna.  <\/p>\n\n\n\n<p>Na primer:<\/p>\n\n\n\n<p>&#8211; die hond (pes)<\/p>\n\n\n\n<p>&#8211; &#8216;n hond (pes)<\/p>\n\n\n\n<h3 class=\"wp-block-heading\" id=\"h-2-adjectives\">2. Pridevniki<\/h3>\n\n\n\n<p>V afrikan\u0161\u010dini so pridevniki obi\u010dajno pred samostalnikom, ki ga spreminjajo, in se ujemajo s samostalnikom v \u0161tevilu. Pridevniki nimajo sporazuma o enakosti spolov. Na primer:<\/p>\n\n\n\n<p>&#8211; &#8216;n groot huis (velika hi\u0161a)<\/p>\n\n\n\n<p>&#8211; twee groot huise (dve veliki hi\u0161i)<\/p>\n\n\n\n<p>Pri nekaterih pridevnikih je pri opisu mno\u017einskega samostalnika potreben dodaten &#8220;-e&#8221;:<\/p>\n\n\n\n<p>&#8211; &#8216;n ou man (star \u010dlovek)<\/p>\n\n\n\n<p>&#8211; twee ou manne (dva starca)<\/p>\n\n\n\n<h3 class=\"wp-block-heading\" id=\"h-3-verbs-and-tense\">3. Glagoli in \u010das<\/h3>\n\n\n\n<p>Afrikanske glagole se je relativno enostavno nau\u010diti, saj niso sprevr\u017eeni glede na predmet stavka. Tudi afrikan\u0161\u010dina ima manj \u010dasa kot mnogi drugi <a href=\"https:\/\/talkpal.ai\/what-language-is-spoken-on-the-international-space-station\/\">jeziki<\/a>. Da bi se seznanili z glagoli v afrikan\u0161\u010dini, se pogovorimo o pravilnih glagolih v sedanjiku:<\/p>\n\n\n\n<p>&#8211; Ek <a href=\"https:\/\/talkpal.ai\/locations\/language-courses-in-leer\/\">leer<\/a> (U\u010dim se)<\/p>\n\n\n\n<p>&#8211; Jy\/u leer (u\u010dite se, neformalno\/obvezno)<\/p>\n\n\n\n<p>&#8211; Hy\/sy\/dit leer (u\u010di se)<\/p>\n\n\n\n<p>&#8211; Ons\/julle leer (vsi se u\u010dimo)<\/p>\n\n\n\n<p>&#8211; Hulle leer (u\u010dijo se)<\/p>\n\n\n\n<p>Ne pozabite, da je to le vrh ledene gore! Ko napredujete v \u0161tudiju, boste naleteli na razli\u010dne druge \u010dase in nekaj nepravilnih glagolov.<\/p>\n\n\n\n<h3 class=\"wp-block-heading\" id=\"h-4-pronouns-prepositions-and-more\">4. Zaimki, predlogi in \u0161e ve\u010d!<\/h3>\n\n\n\n<p>Afrikanska slovnica zajema druge komponente, kot so zaimki (ek, jy, hy, sy, itd.), Predlogi (v, op, met itd.) in idiomatski izrazi. Pri u\u010denju jezika morate obvladati vse te elemente, da bi dosegli celostno znanje jezika.<\/p>\n\n\n\n<p>Skratka, obvladovanje afri\u0161ke slovnice zahteva vztrajnost, prakso in potrpe\u017eljivost. Ko boste osvojili zapletenost jezika, boste na dobri <a href=\"https:\/\/talkpal.ai\/locations\/learn-english-in-poti\/\">poti<\/a>, da se pogovarjate z rojenimi govorci, spoznavate bogato kulturo in zgodovino afrikansko govore\u010dega sveta ter poglobite svojo ljubezen do jezika. Sterkte (veliko sre\u010de)!<\/p>\n<\/div><\/div>\n\r\n<section class=\"learnNavigationSection\">\r\n            \r\n        <a href=\"https:\/\/talkpal.ai\/sl\/naucite-se-afrikanscine\/\">\r\n            <div class=\"learnNavigationWrapper\">\r\n                <div class=\"learnNavigationContent\">\r\n                    <img decoding=\"async\" src=\"https:\/\/talkpal.ai\/wp-content\/uploads\/2024\/08\/Afrikaans.jpg\" alt=\"South Africa Flag\">\r\n                    <div>\r\n                        <h4>O u\u010denju afrikan\u0161\u010dine<\/h4>\r\n                        <p>Izvedite vse o afrikanski slovnici.<\/p>\r\n                    <\/div>\r\n                <\/div>\r\n            <\/div>\r\n        <\/a>\r\n\r\n        \r\n        <a href=\"https:\/\/talkpal.ai\/sl\/afrikanske-slovnicne-vaje\/\">\r\n            <div class=\"learnNavigationWrapper\">\r\n                <div class=\"learnNavigationContent\">\r\n                    <img decoding=\"async\" src=\"https:\/\/talkpal.ai\/wp-content\/uploads\/2024\/08\/Afrikaans.jpg\" alt=\"South Africa Flag\">\r\n                    <div>\r\n                        <h4>Vaja iz afrikan\u0161\u010dine<\/h4>\r\n                        <p>Vadite afrikansko slovnico.<\/p>\r\n                    <\/div>\r\n                <\/div>\r\n            <\/div>\r\n        <\/a>\r\n\r\n        \r\n        <a href=\"https:\/\/talkpal.ai\/vocabulary_language\/afrikaans\/\">\r\n            <div class=\"learnNavigationWrapper\">\r\n                <div class=\"learnNavigationContent\">\r\n                    <img decoding=\"async\" src=\"https:\/\/talkpal.ai\/wp-content\/uploads\/2024\/08\/Afrikaans.jpg\" alt=\"South Africa Flag\">\r\n                    <div>\r\n                        <h4>Afrikanski besednjak<\/h4>\r\n                        <p>Raz\u0161irite besedi\u0161\u010de afrikan\u0161\u010dine.<\/p>\r\n                    <\/div>\r\n                <\/div>\r\n            <\/div>\r\n        <\/a>\r\n\r\n            <\/section>","protected":false},"excerpt":{"rendered":"<p>Obvladovanje afrikanske slovnice: va\u0161 kon\u010dni vodnik Goeie dag, jezikovni navdu\u0161enci! Ste se pripravljeni podati na potovanje v svet afri\u0161ke slovnice? Pri\u0161li ste na pravo mesto. Ta \u010dlanek, poln lahko razumljivih informacij in pogovornega tona, vas bo vodil skozi fascinantno podro\u010dje afri\u0161ke slovnice. Kmalu boste znali tvoriti stavke in se smiselno pogovarjati z rojenimi govorci. Za\u010dnimo! [&hellip;]<\/p>\n","protected":false},"author":1,"featured_media":108904,"parent":0,"menu_order":0,"comment_status":"closed","ping_status":"closed","template":"LearningContentPage.php","meta":{"_acf_changed":false,"footnotes":""},"class_list":["post-140728","page","type-page","status-publish","has-post-thumbnail","hentry"],"acf":[],"yoast_head":"<!-- This site is optimized with the Yoast SEO Premium plugin v27.2 (Yoast SEO v27.2) - https:\/\/yoast.com\/product\/yoast-seo-premium-wordpress\/ -->\n<title>Afrikanska slovnica - Talkpal<\/title>\n<meta name=\"description\" content=\"Spoznajte afrikansko slovnico z na\u0161im vodnikom za za\u010detnike. Osvojite zgradbo stavka in izbolj\u0161ajte svoje pogovorne spretnosti.\" \/>\n<meta name=\"robots\" content=\"index, follow, max-snippet:-1, max-image-preview:large, max-video-preview:-1\" \/>\n<link rel=\"canonical\" href=\"https:\/\/talkpal.ai\/sl\/afrikanska-slovnica\/\" \/>\n<meta property=\"og:locale\" content=\"sl_SI\" \/>\n<meta property=\"og:type\" content=\"article\" \/>\n<meta property=\"og:title\" content=\"Afrikanska slovnica\" \/>\n<meta property=\"og:description\" content=\"Obvladovanje afrikanske slovnice: va\u0161 kon\u010dni vodnik Goeie dag, jezikovni navdu\u0161enci! Ste se pripravljeni podati na potovanje v svet afri\u0161ke slovnice?\" \/>\n<meta property=\"og:url\" content=\"https:\/\/talkpal.ai\/sl\/afrikanska-slovnica\/\" \/>\n<meta property=\"og:site_name\" content=\"Talkpal\" \/>\n<meta property=\"article:publisher\" content=\"https:\/\/www.facebook.com\/profile.php?id=100090733639311\" \/>\n<meta property=\"article:modified_time\" content=\"2025-05-22T19:03:51+00:00\" \/>\n<meta property=\"og:image\" content=\"https:\/\/talkpal.ai\/wp-content\/uploads\/2023\/05\/south-africa.png\" \/>\n\t<meta property=\"og:image:width\" content=\"512\" \/>\n\t<meta property=\"og:image:height\" content=\"512\" \/>\n\t<meta property=\"og:image:type\" content=\"image\/png\" \/>\n<meta name=\"twitter:card\" content=\"summary_large_image\" \/>\n<meta name=\"twitter:site\" content=\"@talkpalai\" \/>\n<meta name=\"twitter:label1\" content=\"Est. reading time\" \/>\n\t<meta name=\"twitter:data1\" content=\"2 minuti\" \/>\n<script type=\"application\/ld+json\" class=\"yoast-schema-graph\">{\"@context\":\"https:\/\/schema.org\",\"@graph\":[{\"@type\":\"WebPage\",\"@id\":\"https:\/\/talkpal.ai\/sl\/afrikanska-slovnica\/\",\"url\":\"https:\/\/talkpal.ai\/sl\/afrikanska-slovnica\/\",\"name\":\"Afrikanska slovnica - Talkpal\",\"isPartOf\":{\"@id\":\"https:\/\/talkpal.ai\/sl\/#website\"},\"primaryImageOfPage\":{\"@id\":\"https:\/\/talkpal.ai\/sl\/afrikanska-slovnica\/#primaryimage\"},\"image\":{\"@id\":\"https:\/\/talkpal.ai\/sl\/afrikanska-slovnica\/#primaryimage\"},\"thumbnailUrl\":\"https:\/\/talkpal.ai\/wp-content\/uploads\/2023\/05\/south-africa.png\",\"datePublished\":\"2023-05-14T13:59:24+00:00\",\"dateModified\":\"2025-05-22T19:03:51+00:00\",\"description\":\"Spoznajte afrikansko slovnico z na\u0161im vodnikom za za\u010detnike. Osvojite zgradbo stavka in izbolj\u0161ajte svoje pogovorne spretnosti.\",\"breadcrumb\":{\"@id\":\"https:\/\/talkpal.ai\/sl\/afrikanska-slovnica\/#breadcrumb\"},\"inLanguage\":\"sl-SI\",\"potentialAction\":[{\"@type\":\"ReadAction\",\"target\":[\"https:\/\/talkpal.ai\/sl\/afrikanska-slovnica\/\"]}]},{\"@type\":\"ImageObject\",\"inLanguage\":\"sl-SI\",\"@id\":\"https:\/\/talkpal.ai\/sl\/afrikanska-slovnica\/#primaryimage\",\"url\":\"https:\/\/talkpal.ai\/wp-content\/uploads\/2023\/05\/south-africa.png\",\"contentUrl\":\"https:\/\/talkpal.ai\/wp-content\/uploads\/2023\/05\/south-africa.png\",\"width\":512,\"height\":512},{\"@type\":\"BreadcrumbList\",\"@id\":\"https:\/\/talkpal.ai\/sl\/afrikanska-slovnica\/#breadcrumb\",\"itemListElement\":[{\"@type\":\"ListItem\",\"position\":1,\"name\":\"Homepage\",\"item\":\"https:\/\/talkpal.ai\/sl\/\"},{\"@type\":\"ListItem\",\"position\":2,\"name\":\"Afrikanska slovnica\"}]},{\"@type\":\"WebSite\",\"@id\":\"https:\/\/talkpal.ai\/sl\/#website\",\"url\":\"https:\/\/talkpal.ai\/sl\/\",\"name\":\"Talkpal\",\"description\":\"AI Language Learning\",\"publisher\":{\"@id\":\"https:\/\/talkpal.ai\/sl\/#organization\"},\"alternateName\":\"Talkpal AI\",\"potentialAction\":[{\"@type\":\"SearchAction\",\"target\":{\"@type\":\"EntryPoint\",\"urlTemplate\":\"https:\/\/talkpal.ai\/sl\/?s={search_term_string}\"},\"query-input\":{\"@type\":\"PropertyValueSpecification\",\"valueRequired\":true,\"valueName\":\"search_term_string\"}}],\"inLanguage\":\"sl-SI\"},{\"@type\":\"Organization\",\"@id\":\"https:\/\/talkpal.ai\/sl\/#organization\",\"name\":\"Talkpal, Inc.\",\"alternateName\":\"Talkpal AI\",\"url\":\"https:\/\/talkpal.ai\/sl\/\",\"logo\":{\"@type\":\"ImageObject\",\"inLanguage\":\"sl-SI\",\"@id\":\"https:\/\/talkpal.ai\/sl\/#\/schema\/logo\/image\/\",\"url\":\"https:\/\/talkpal.ai\/wp-content\/uploads\/2024\/03\/Talkpal-Logo-Icon.png\",\"contentUrl\":\"https:\/\/talkpal.ai\/wp-content\/uploads\/2024\/03\/Talkpal-Logo-Icon.png\",\"width\":2880,\"height\":2880,\"caption\":\"Talkpal, Inc.\"},\"image\":{\"@id\":\"https:\/\/talkpal.ai\/sl\/#\/schema\/logo\/image\/\"},\"sameAs\":[\"https:\/\/www.facebook.com\/profile.php?id=100090733639311\",\"https:\/\/x.com\/talkpalai\",\"https:\/\/www.linkedin.com\/company\/talkpal\/\",\"https:\/\/www.youtube.com\/@TalkPal\/\",\"https:\/\/www.tiktok.com\/@talkpal\",\"https:\/\/www.instagram.com\/talkpal_ai\/\",\"https:\/\/www.crunchbase.com\/organization\/talkpal-9cde\",\"https:\/\/www.g2.com\/products\/talkpal-for-business\/\",\"https:\/\/www.trustpilot.com\/review\/talkpal.ai\",\"https:\/\/www.capterra.com\/p\/10006800\/TalkPal\/\"],\"description\":\"Talkpal is a language learning web and mobile education app, powered by the latest AI technologies, that provides engaging experiences to its customers in many different languages to help them improve their language skills. Users can chat about unlimited amount of topics with the app and use other modes to practice their language learning.\",\"email\":\"support@talkpal.ai\",\"legalName\":\"Talkpal, Inc.\",\"foundingDate\":\"2023-04-03\",\"duns\":\"118989042\",\"numberOfEmployees\":{\"@type\":\"QuantitativeValue\",\"minValue\":\"11\",\"maxValue\":\"50\"},\"publishingPrinciples\":\"https:\/\/talkpal.ai\/publishing-principles\/\",\"actionableFeedbackPolicy\":\"https:\/\/talkpal.ai\/actionable-feedback-policy\/\",\"correctionsPolicy\":\"https:\/\/talkpal.ai\/corrections-policy\/\",\"ethicsPolicy\":\"https:\/\/talkpal.ai\/ethics-policy\/\",\"diversityPolicy\":\"https:\/\/talkpal.ai\/diversity-policy\/\",\"diversityStaffingReport\":\"https:\/\/talkpal.ai\/diversity-policy\/\"}]}<\/script>\n<!-- \/ Yoast SEO Premium plugin. -->","yoast_head_json":{"title":"Afrikanska slovnica - Talkpal","description":"Spoznajte afrikansko slovnico z na\u0161im vodnikom za za\u010detnike. Osvojite zgradbo stavka in izbolj\u0161ajte svoje pogovorne spretnosti.","robots":{"index":"index","follow":"follow","max-snippet":"max-snippet:-1","max-image-preview":"max-image-preview:large","max-video-preview":"max-video-preview:-1"},"canonical":"https:\/\/talkpal.ai\/sl\/afrikanska-slovnica\/","og_locale":"sl_SI","og_type":"article","og_title":"Afrikanska slovnica","og_description":"Obvladovanje afrikanske slovnice: va\u0161 kon\u010dni vodnik Goeie dag, jezikovni navdu\u0161enci! Ste se pripravljeni podati na potovanje v svet afri\u0161ke slovnice?","og_url":"https:\/\/talkpal.ai\/sl\/afrikanska-slovnica\/","og_site_name":"Talkpal","article_publisher":"https:\/\/www.facebook.com\/profile.php?id=100090733639311","article_modified_time":"2025-05-22T19:03:51+00:00","og_image":[{"width":512,"height":512,"url":"https:\/\/talkpal.ai\/wp-content\/uploads\/2023\/05\/south-africa.png","type":"image\/png"}],"twitter_card":"summary_large_image","twitter_site":"@talkpalai","twitter_misc":{"Est. reading time":"2 minuti"},"schema":{"@context":"https:\/\/schema.org","@graph":[{"@type":"WebPage","@id":"https:\/\/talkpal.ai\/sl\/afrikanska-slovnica\/","url":"https:\/\/talkpal.ai\/sl\/afrikanska-slovnica\/","name":"Afrikanska slovnica - Talkpal","isPartOf":{"@id":"https:\/\/talkpal.ai\/sl\/#website"},"primaryImageOfPage":{"@id":"https:\/\/talkpal.ai\/sl\/afrikanska-slovnica\/#primaryimage"},"image":{"@id":"https:\/\/talkpal.ai\/sl\/afrikanska-slovnica\/#primaryimage"},"thumbnailUrl":"https:\/\/talkpal.ai\/wp-content\/uploads\/2023\/05\/south-africa.png","datePublished":"2023-05-14T13:59:24+00:00","dateModified":"2025-05-22T19:03:51+00:00","description":"Spoznajte afrikansko slovnico z na\u0161im vodnikom za za\u010detnike. Osvojite zgradbo stavka in izbolj\u0161ajte svoje pogovorne spretnosti.","breadcrumb":{"@id":"https:\/\/talkpal.ai\/sl\/afrikanska-slovnica\/#breadcrumb"},"inLanguage":"sl-SI","potentialAction":[{"@type":"ReadAction","target":["https:\/\/talkpal.ai\/sl\/afrikanska-slovnica\/"]}]},{"@type":"ImageObject","inLanguage":"sl-SI","@id":"https:\/\/talkpal.ai\/sl\/afrikanska-slovnica\/#primaryimage","url":"https:\/\/talkpal.ai\/wp-content\/uploads\/2023\/05\/south-africa.png","contentUrl":"https:\/\/talkpal.ai\/wp-content\/uploads\/2023\/05\/south-africa.png","width":512,"height":512},{"@type":"BreadcrumbList","@id":"https:\/\/talkpal.ai\/sl\/afrikanska-slovnica\/#breadcrumb","itemListElement":[{"@type":"ListItem","position":1,"name":"Homepage","item":"https:\/\/talkpal.ai\/sl\/"},{"@type":"ListItem","position":2,"name":"Afrikanska slovnica"}]},{"@type":"WebSite","@id":"https:\/\/talkpal.ai\/sl\/#website","url":"https:\/\/talkpal.ai\/sl\/","name":"Talkpal","description":"AI Language Learning","publisher":{"@id":"https:\/\/talkpal.ai\/sl\/#organization"},"alternateName":"Talkpal AI","potentialAction":[{"@type":"SearchAction","target":{"@type":"EntryPoint","urlTemplate":"https:\/\/talkpal.ai\/sl\/?s={search_term_string}"},"query-input":{"@type":"PropertyValueSpecification","valueRequired":true,"valueName":"search_term_string"}}],"inLanguage":"sl-SI"},{"@type":"Organization","@id":"https:\/\/talkpal.ai\/sl\/#organization","name":"Talkpal, Inc.","alternateName":"Talkpal AI","url":"https:\/\/talkpal.ai\/sl\/","logo":{"@type":"ImageObject","inLanguage":"sl-SI","@id":"https:\/\/talkpal.ai\/sl\/#\/schema\/logo\/image\/","url":"https:\/\/talkpal.ai\/wp-content\/uploads\/2024\/03\/Talkpal-Logo-Icon.png","contentUrl":"https:\/\/talkpal.ai\/wp-content\/uploads\/2024\/03\/Talkpal-Logo-Icon.png","width":2880,"height":2880,"caption":"Talkpal, Inc."},"image":{"@id":"https:\/\/talkpal.ai\/sl\/#\/schema\/logo\/image\/"},"sameAs":["https:\/\/www.facebook.com\/profile.php?id=100090733639311","https:\/\/x.com\/talkpalai","https:\/\/www.linkedin.com\/company\/talkpal\/","https:\/\/www.youtube.com\/@TalkPal\/","https:\/\/www.tiktok.com\/@talkpal","https:\/\/www.instagram.com\/talkpal_ai\/","https:\/\/www.crunchbase.com\/organization\/talkpal-9cde","https:\/\/www.g2.com\/products\/talkpal-for-business\/","https:\/\/www.trustpilot.com\/review\/talkpal.ai","https:\/\/www.capterra.com\/p\/10006800\/TalkPal\/"],"description":"Talkpal is a language learning web and mobile education app, powered by the latest AI technologies, that provides engaging experiences to its customers in many different languages to help them improve their language skills. Users can chat about unlimited amount of topics with the app and use other modes to practice their language learning.","email":"support@talkpal.ai","legalName":"Talkpal, Inc.","foundingDate":"2023-04-03","duns":"118989042","numberOfEmployees":{"@type":"QuantitativeValue","minValue":"11","maxValue":"50"},"publishingPrinciples":"https:\/\/talkpal.ai\/publishing-principles\/","actionableFeedbackPolicy":"https:\/\/talkpal.ai\/actionable-feedback-policy\/","correctionsPolicy":"https:\/\/talkpal.ai\/corrections-policy\/","ethicsPolicy":"https:\/\/talkpal.ai\/ethics-policy\/","diversityPolicy":"https:\/\/talkpal.ai\/diversity-policy\/","diversityStaffingReport":"https:\/\/talkpal.ai\/diversity-policy\/"}]}},"_links":{"self":[{"href":"https:\/\/talkpal.ai\/sl\/wp-json\/wp\/v2\/pages\/140728","targetHints":{"allow":["GET"]}}],"collection":[{"href":"https:\/\/talkpal.ai\/sl\/wp-json\/wp\/v2\/pages"}],"about":[{"href":"https:\/\/talkpal.ai\/sl\/wp-json\/wp\/v2\/types\/page"}],"author":[{"embeddable":true,"href":"https:\/\/talkpal.ai\/sl\/wp-json\/wp\/v2\/users\/1"}],"replies":[{"embeddable":true,"href":"https:\/\/talkpal.ai\/sl\/wp-json\/wp\/v2\/comments?post=140728"}],"version-history":[{"count":0,"href":"https:\/\/talkpal.ai\/sl\/wp-json\/wp\/v2\/pages\/140728\/revisions"}],"wp:featuredmedia":[{"embeddable":true,"href":"https:\/\/talkpal.ai\/sl\/wp-json\/wp\/v2\/media\/108904"}],"wp:attachment":[{"href":"https:\/\/talkpal.ai\/sl\/wp-json\/wp\/v2\/media?parent=140728"}],"curies":[{"name":"wp","href":"https:\/\/api.w.org\/{rel}","templated":true}]}}