{"id":140087,"date":"2023-05-14T13:53:48","date_gmt":"2023-05-14T13:53:48","guid":{"rendered":"http:\/\/talkpal.ai\/azerbajdzanska-slovnica\/"},"modified":"2025-05-22T08:23:35","modified_gmt":"2025-05-22T08:23:35","slug":"azerbajdzanska-slovnica","status":"publish","type":"page","link":"https:\/\/talkpal.ai\/sl\/azerbajdzanska-slovnica\/","title":{"rendered":"Azerbajd\u017eanska slovnica"},"content":{"rendered":"\r\n\r\n\r\n<section class=\"languageChallengeSection\">\r\n    <div class=\"languageInfoWrapper\">\r\n        \r\n        <h1>Azerbajd\u017eanska slovnica<\/h1>\r\n        <p>Ste pripravljeni odkriti lepoto azerbajd\u017eanskega jezika? Spoznajte azerbajd\u017eansko slovnico in odkrijte njeno edinstveno strukturo, od harmonije samoglasnikov do ekspresivnih glagolskih oblik. Za\u010dnite se u\u010diti \u0161e danes in izkusite, kako vam obvladovanje slovnice resni\u010dno odpre pot do teko\u010de konverzacije in globljega razumevanja azerbajd\u017eanske kulture!<\/p>\r\n\r\n                            <a class=\"getStartedHidden\" href=\"https:\/\/app.talkpal.ai\/sl\/signup?lng=\">Za\u010dni<\/a>\r\n        \r\n    <\/div>\r\n\r\n    <figure>\r\n    <img decoding=\"async\" width=\"768\" height=\"768\" src=\"https:\/\/talkpal.ai\/wp-content\/uploads\/2023\/06\/azerbaijani-768x768.png\" class=\"languageImage no-lazy\" alt=\"Language learning for enhanced cognitive skills\" fetchpriority=\"high\" sizes=\"(max-width: 768px) 150px, 768px\" srcset=\"https:\/\/talkpal.ai\/wp-content\/uploads\/2023\/06\/azerbaijani-768x768.png 768w, https:\/\/talkpal.ai\/wp-content\/uploads\/2023\/06\/azerbaijani-300x300.png 300w\" \/>\r\n    \r\n\r\n    <\/figure>\r\n\r\n            <a class=\"getStartedVisible\" href=\"https:\/\/app.talkpal.ai\/sl\/signup?lng=\">Za\u010dni<\/a>\r\n    \r\n<\/section>\r\n<section class=\"promotionalBanner\">\r\n    <p class=\"promotionalText\">Naju\u010dinkovitej\u0161i na\u010din u\u010denja jezika<\/p>\r\n    <a class=\"promotionalLink\" href=\"https:\/\/app.talkpal.ai\/sl\/signup?lng=\">Preizkusite Talkpal brezpla\u010dno<\/a>\r\n<\/section>\n<div class=\"wp-block-group pageContainerStyle\"><div class=\"wp-block-group__inner-container is-layout-constrained wp-block-group-is-layout-constrained\">\n<h2 class=\"wp-block-heading\" id=\"h-a-comprehensive-guide-to-azerbaijani-grammar\">Iz\u010drpen vodnik po azerbajd\u017eanski slovnici<\/h2>\n\n\n\n<p>Ste kdaj pomislili na u\u010denje azerbajd\u017ean\u0161\u010dine? Kot uradni jezik Azerbajd\u017eana, ki ga govorijo milijoni ljudi na obmo\u010dju Kavkaza, je <a href=\"https:\/\/talkpal.ai\/learn-azerbaijani\/\">azerbajd\u017eanski<\/a> jezik edinstven in fascinanten jezik. Z bogato zgodovino, raznoliko kulturo in me\u0161anico vplivov tur\u0161kega, ruskega in perzijskega jezika azerbajd\u017eanski jezik ponuja edinstveno jezikovno izku\u0161njo. Ampak ne bojte se, prijatelj! V tem \u010dlanku bomo odkrili \u010dude\u017ee azerbajd\u017eanske slovnice, da bo dostopna in upam si re\u010di, prijetna za ljubitelje jezikov, kot ste vi.<\/p>\n\n\n\n<p><strong>Za\u010dnimo, kajne?<\/strong><\/p>\n\n\n\n<h3 class=\"wp-block-heading\" id=\"h-1-the-azerbaijani-alphabet-a-fusion-of-beauty-and-simplicity\">1. Azerbajd\u017eanska abeceda: fuzija lepote in preprostosti<\/h3>\n\n\n\n<p>Azerbajd\u017eanska abeceda temelji na latinici, sestavljeni iz 32 \u010drk. Brez skrbi, ne bo vam treba de\u0161ifrirati skrivnostnih znakov, saj so zelo podobni angle\u0161ki abecedi. Nekatere \u010drke pa imajo edinstvene poudarke in diakriti\u010dne znake, ki predstavljajo specifi\u010dne azerbajd\u017eanske zvoke. Kaj je klju\u010dna ugotovitev? Obvladovanje abecede je prvi majhen, a bistven korak pri u\u010denju jezika.<\/p>\n\n\n\n<h3 class=\"wp-block-heading\" id=\"h-2-word-order-simple-as-s-o-v\">2. Vrstni red besed: preprost kot S-O-V!<\/h3>\n\n\n\n<p>Za razliko od angle\u0161\u010dine, ki sledi vrstnemu redu besed predmet-glagol-objekt (SVO), je azerbajd\u017eanski jezik OV. To pomeni, da boste obi\u010dajno na\u0161li predmet na za\u010detku stavka, ki mu sledi predmet in kon\u010da z glagolom. Morda se vam bo to sprva zdelo nekoliko nenavadno, vendar verjemite, da se boste tega hitro nau\u010dili! V angle\u0161\u010dini na primer re\u010demo &#8220;I love Azerbaijan&#8221;. V azerbajd\u017ean\u0161\u010dini bi se stavek glasil &#8220;M\u0259n Az\u0259rbaycan\u0131 sevir\u0259m&#8221; (dobesedno &#8220;Azerbajd\u017ean ljubim&#8221;). <a href=\"https:\/\/talkpal.ai\/locations\/language-courses-in-kos\/\">Kos<\/a> torte, kajne?<\/p>\n\n\n\n<h3 class=\"wp-block-heading\" id=\"h-3-noun-cases-a-colorful-display-of-linguistic-variety\">3. Samostalni\u0161ki primeri: barvit prikaz jezikovne raznolikosti<\/h3>\n\n\n\n<p><a href=\"https:\/\/talkpal.ai\/locations\/language-courses-in-ena\/\">Ena<\/a> najbolj presenetljivih zna\u010dilnosti azerbajd\u017eanske slovnice so samostalni\u0161ki primeri. Jezik se pona\u0161a s \u0161estimi razli\u010dnimi primeri, od katerih ima vsak dolo\u010deno funkcijo. To so: nominativni, genitivni, dativni, akuzativni, locativni in ablativni. To se morda sli\u0161i zastra\u0161ujo\u010de, vendar se ne bojte! Tako kot slikanje slike z razli\u010dnimi barvami, tudi ti primeri stavkom dodajo globino in pomen. Na primer, &#8220;kitab&#8221; (knjiga) se lahko spremeni v &#8220;kitab\u0131n&#8221; (knjige), da se izrazi lastni\u0161tvo. Ko se boste postopoma seznanili s temi primeri, boste za\u010deli ceniti njihov pomen v jeziku.<\/p>\n\n\n\n<h3 class=\"wp-block-heading\" id=\"h-4-verb-conjugation-express-yourself-with-ease\">4. Konjugacija glagolov: izrazite se z lahkoto<\/h3>\n\n\n\n<p>Azerbajd\u017eanski glagoli so bogati in izraziti, kar vam omogo\u010da, da prenesete \u0161iroko paleto dejanj, \u010dustev, namenov in \u0161e ve\u010d. Klju\u010d do obvladovanja azerbajd\u017eanske konjugacije glagolov je v razumevanju infinitivne oblike (osnovne, nekonjugirane oblike glagola) in razli\u010dnih pripon, ki ka\u017eejo na \u010das, osebo in \u0161tevilo. Na primer nedolo\u010dnik &#8220;g\u00f6rm\u0259k&#8221; (videti) lahko s pomo\u010djo \u010darobne spregatve postane &#8220;g\u00f6r\u00fcr\u0259m&#8221; (vidim) ali &#8220;g\u00f6rd\u00fcm&#8221; (videl sem). Vaja dela mojstra, zato vztrajajte in v kratkem boste postali ve\u0161\u010di vezave glagolov!<\/p>\n\n\n\n<h3 class=\"wp-block-heading\" id=\"h-5-it-s-all-about-the-context-dig-deep-into-the-azerbaijani-mindset\">5. Vse je odvisno od konteksta: Vstopite v azerbajd\u017eansko miselnost!<\/h3>\n\n\n\n<p>Ko za\u010dnete sestavljati stavke in se potopiti v azerbajd\u017eanski jezik, vedno imejte v mislih, da je kontekst klju\u010dnega pomena. Azerbajd\u017eanska kultura, zgodovina in svetovni nazor igrajo pomembno vlogo pri oblikovanju jezika. Zato, kot pravijo, &#8220;ko si v Rimu, delaj, kot delajo Rimljani&#8221;. Potopite se v azerbajd\u017eansko miselnost, da dobite pravi ob\u010dutek jezika. Sodelujte z doma\u010dimi govorci, razi\u0161\u010dite lokalno literaturo in sprejmite posebnosti jezika. Verjemite mi, da ne boste le izbolj\u0161ali znanja jezika, temve\u010d si boste pridobili tudi nepozabne izku\u0161nje in spomine.<\/p>\n\n\n\n<p>Skratka, <a href=\"https:\/\/talkpal.ai\/azerbaijani-grammar\/\">azerbajd\u017eanska slovnica<\/a> se morda sprva zdi zahtevna, vendar boste s predanostjo, prakso in velikim zanimanjem za kulturo v kratkem postali profesionalec! Zakaj torej \u010dakati? Potopite se in se podajte na to vznemirljivo jezikovno pustolov\u0161\u010dino, ki vas bo navdu\u0161ila nad lepoto in globino azerbajd\u017eanskega jezika.<\/p>\n<\/div><\/div>\n\r\n<section class=\"learnNavigationSection\">\r\n            \r\n        <a href=\"https:\/\/talkpal.ai\/sl\/naucite-se-azerbajdzanscine\/\">\r\n            <div class=\"learnNavigationWrapper\">\r\n                <div class=\"learnNavigationContent\">\r\n                    <img decoding=\"async\" src=\"https:\/\/talkpal.ai\/wp-content\/uploads\/2024\/08\/Azerbaijani.jpg\" alt=\"Azerbaijani Flag\">\r\n                    <div>\r\n                        <h4>O azerbajd\u017eanskem u\u010denju<\/h4>\r\n                        <p>Izvedite vse o azerbajd\u017eanski slovnici.<\/p>\r\n                    <\/div>\r\n                <\/div>\r\n            <\/div>\r\n        <\/a>\r\n\r\n        \r\n        <a href=\"https:\/\/talkpal.ai\/sl\/azerbajdzanske-slovnicne-vaje\/\">\r\n            <div class=\"learnNavigationWrapper\">\r\n                <div class=\"learnNavigationContent\">\r\n                    <img decoding=\"async\" src=\"https:\/\/talkpal.ai\/wp-content\/uploads\/2024\/08\/Azerbaijani.jpg\" alt=\"Azerbaijani Flag\">\r\n                    <div>\r\n                        <h4>Vaja iz azerbajd\u017eanske slovnice<\/h4>\r\n                        <p>Vadite azerbajd\u017eansko slovnico.<\/p>\r\n                    <\/div>\r\n                <\/div>\r\n            <\/div>\r\n        <\/a>\r\n\r\n        \r\n        <a href=\"https:\/\/talkpal.ai\/vocabulary_language\/azerbaijani\/\">\r\n            <div class=\"learnNavigationWrapper\">\r\n                <div class=\"learnNavigationContent\">\r\n                    <img decoding=\"async\" src=\"https:\/\/talkpal.ai\/wp-content\/uploads\/2024\/08\/Azerbaijani.jpg\" alt=\"Azerbaijani Flag\">\r\n                    <div>\r\n                        <h4>Azerbajd\u017eanski besednjak<\/h4>\r\n                        <p>Raz\u0161irite svoj azerbajd\u017eanski besedni zaklad.<\/p>\r\n                    <\/div>\r\n                <\/div>\r\n            <\/div>\r\n        <\/a>\r\n\r\n            <\/section>","protected":false},"excerpt":{"rendered":"<p>Iz\u010drpen vodnik po azerbajd\u017eanski slovnici Ste kdaj pomislili na u\u010denje azerbajd\u017ean\u0161\u010dine? Kot uradni jezik Azerbajd\u017eana, ki ga govorijo milijoni ljudi na obmo\u010dju Kavkaza, je azerbajd\u017eanski jezik edinstven in fascinanten jezik. Z bogato zgodovino, raznoliko kulturo in me\u0161anico vplivov tur\u0161kega, ruskega in perzijskega jezika azerbajd\u017eanski jezik ponuja edinstveno jezikovno izku\u0161njo. Ampak ne bojte se, prijatelj! V [&hellip;]<\/p>\n","protected":false},"author":1,"featured_media":109385,"parent":0,"menu_order":0,"comment_status":"closed","ping_status":"closed","template":"LearningContentPage.php","meta":{"_acf_changed":false,"footnotes":""},"class_list":["post-140087","page","type-page","status-publish","has-post-thumbnail","hentry"],"acf":[],"yoast_head":"<!-- This site is optimized with the Yoast SEO Premium plugin v27.2 (Yoast SEO v27.2) - https:\/\/yoast.com\/product\/yoast-seo-premium-wordpress\/ -->\n<title>Azerbajd\u017eanska slovnica - Talkpal<\/title>\n<meta name=\"description\" content=\"Obvladajte azerbajd\u017eansko slovnico brez te\u017eav z Talkpal, svojim u\u010diteljem, ki ga poganja umetna inteligenca. Odkrijte preproste razlage, interaktivne vaje in prakti\u010dne nasvete\" \/>\n<meta name=\"robots\" content=\"index, follow, max-snippet:-1, max-image-preview:large, max-video-preview:-1\" \/>\n<link rel=\"canonical\" href=\"https:\/\/talkpal.ai\/sl\/azerbajdzanska-slovnica\/\" \/>\n<meta property=\"og:locale\" content=\"sl_SI\" \/>\n<meta property=\"og:type\" content=\"article\" \/>\n<meta property=\"og:title\" content=\"Azerbajd\u017eanska slovnica\" \/>\n<meta property=\"og:description\" content=\"Iz\u010drpen vodnik po azerbajd\u017eanski slovnici Ste kdaj pomislili na u\u010denje azerbajd\u017ean\u0161\u010dine? Kot uradni jezik Azerbajd\u017eana, ki ga govorijo milijoni ljudi na\" \/>\n<meta property=\"og:url\" content=\"https:\/\/talkpal.ai\/sl\/azerbajdzanska-slovnica\/\" \/>\n<meta property=\"og:site_name\" content=\"Talkpal\" \/>\n<meta property=\"article:publisher\" content=\"https:\/\/www.facebook.com\/profile.php?id=100090733639311\" \/>\n<meta property=\"article:modified_time\" content=\"2025-05-22T08:23:35+00:00\" \/>\n<meta property=\"og:image\" content=\"https:\/\/talkpal.ai\/wp-content\/uploads\/2023\/05\/azerbaijan.png\" \/>\n\t<meta property=\"og:image:width\" content=\"512\" \/>\n\t<meta property=\"og:image:height\" content=\"512\" \/>\n\t<meta property=\"og:image:type\" content=\"image\/png\" \/>\n<meta name=\"twitter:card\" content=\"summary_large_image\" \/>\n<meta name=\"twitter:site\" content=\"@talkpalai\" \/>\n<meta name=\"twitter:label1\" content=\"Est. reading time\" \/>\n\t<meta name=\"twitter:data1\" content=\"3 minute\" \/>\n<script type=\"application\/ld+json\" class=\"yoast-schema-graph\">{\"@context\":\"https:\/\/schema.org\",\"@graph\":[{\"@type\":\"WebPage\",\"@id\":\"https:\/\/talkpal.ai\/sl\/azerbajdzanska-slovnica\/\",\"url\":\"https:\/\/talkpal.ai\/sl\/azerbajdzanska-slovnica\/\",\"name\":\"Azerbajd\u017eanska slovnica - Talkpal\",\"isPartOf\":{\"@id\":\"https:\/\/talkpal.ai\/sl\/#website\"},\"primaryImageOfPage\":{\"@id\":\"https:\/\/talkpal.ai\/sl\/azerbajdzanska-slovnica\/#primaryimage\"},\"image\":{\"@id\":\"https:\/\/talkpal.ai\/sl\/azerbajdzanska-slovnica\/#primaryimage\"},\"thumbnailUrl\":\"https:\/\/talkpal.ai\/wp-content\/uploads\/2023\/05\/azerbaijan.png\",\"datePublished\":\"2023-05-14T13:53:48+00:00\",\"dateModified\":\"2025-05-22T08:23:35+00:00\",\"description\":\"Obvladajte azerbajd\u017eansko slovnico brez te\u017eav z Talkpal, svojim u\u010diteljem, ki ga poganja umetna inteligenca. Odkrijte preproste razlage, interaktivne vaje in prakti\u010dne nasvete\",\"breadcrumb\":{\"@id\":\"https:\/\/talkpal.ai\/sl\/azerbajdzanska-slovnica\/#breadcrumb\"},\"inLanguage\":\"sl-SI\",\"potentialAction\":[{\"@type\":\"ReadAction\",\"target\":[\"https:\/\/talkpal.ai\/sl\/azerbajdzanska-slovnica\/\"]}]},{\"@type\":\"ImageObject\",\"inLanguage\":\"sl-SI\",\"@id\":\"https:\/\/talkpal.ai\/sl\/azerbajdzanska-slovnica\/#primaryimage\",\"url\":\"https:\/\/talkpal.ai\/wp-content\/uploads\/2023\/05\/azerbaijan.png\",\"contentUrl\":\"https:\/\/talkpal.ai\/wp-content\/uploads\/2023\/05\/azerbaijan.png\",\"width\":512,\"height\":512},{\"@type\":\"BreadcrumbList\",\"@id\":\"https:\/\/talkpal.ai\/sl\/azerbajdzanska-slovnica\/#breadcrumb\",\"itemListElement\":[{\"@type\":\"ListItem\",\"position\":1,\"name\":\"Homepage\",\"item\":\"https:\/\/talkpal.ai\/sl\/\"},{\"@type\":\"ListItem\",\"position\":2,\"name\":\"Azerbajd\u017eanska slovnica\"}]},{\"@type\":\"WebSite\",\"@id\":\"https:\/\/talkpal.ai\/sl\/#website\",\"url\":\"https:\/\/talkpal.ai\/sl\/\",\"name\":\"Talkpal\",\"description\":\"AI Language Learning\",\"publisher\":{\"@id\":\"https:\/\/talkpal.ai\/sl\/#organization\"},\"alternateName\":\"Talkpal AI\",\"potentialAction\":[{\"@type\":\"SearchAction\",\"target\":{\"@type\":\"EntryPoint\",\"urlTemplate\":\"https:\/\/talkpal.ai\/sl\/?s={search_term_string}\"},\"query-input\":{\"@type\":\"PropertyValueSpecification\",\"valueRequired\":true,\"valueName\":\"search_term_string\"}}],\"inLanguage\":\"sl-SI\"},{\"@type\":\"Organization\",\"@id\":\"https:\/\/talkpal.ai\/sl\/#organization\",\"name\":\"Talkpal, Inc.\",\"alternateName\":\"Talkpal AI\",\"url\":\"https:\/\/talkpal.ai\/sl\/\",\"logo\":{\"@type\":\"ImageObject\",\"inLanguage\":\"sl-SI\",\"@id\":\"https:\/\/talkpal.ai\/sl\/#\/schema\/logo\/image\/\",\"url\":\"https:\/\/talkpal.ai\/wp-content\/uploads\/2024\/03\/Talkpal-Logo-Icon.png\",\"contentUrl\":\"https:\/\/talkpal.ai\/wp-content\/uploads\/2024\/03\/Talkpal-Logo-Icon.png\",\"width\":2880,\"height\":2880,\"caption\":\"Talkpal, Inc.\"},\"image\":{\"@id\":\"https:\/\/talkpal.ai\/sl\/#\/schema\/logo\/image\/\"},\"sameAs\":[\"https:\/\/www.facebook.com\/profile.php?id=100090733639311\",\"https:\/\/x.com\/talkpalai\",\"https:\/\/www.linkedin.com\/company\/talkpal\/\",\"https:\/\/www.youtube.com\/@TalkPal\/\",\"https:\/\/www.tiktok.com\/@talkpal\",\"https:\/\/www.instagram.com\/talkpal_ai\/\",\"https:\/\/www.crunchbase.com\/organization\/talkpal-9cde\",\"https:\/\/www.g2.com\/products\/talkpal-for-business\/\",\"https:\/\/www.trustpilot.com\/review\/talkpal.ai\",\"https:\/\/www.capterra.com\/p\/10006800\/TalkPal\/\"],\"description\":\"Talkpal is a language learning web and mobile education app, powered by the latest AI technologies, that provides engaging experiences to its customers in many different languages to help them improve their language skills. Users can chat about unlimited amount of topics with the app and use other modes to practice their language learning.\",\"email\":\"support@talkpal.ai\",\"legalName\":\"Talkpal, Inc.\",\"foundingDate\":\"2023-04-03\",\"duns\":\"118989042\",\"numberOfEmployees\":{\"@type\":\"QuantitativeValue\",\"minValue\":\"11\",\"maxValue\":\"50\"},\"publishingPrinciples\":\"https:\/\/talkpal.ai\/publishing-principles\/\",\"actionableFeedbackPolicy\":\"https:\/\/talkpal.ai\/actionable-feedback-policy\/\",\"correctionsPolicy\":\"https:\/\/talkpal.ai\/corrections-policy\/\",\"ethicsPolicy\":\"https:\/\/talkpal.ai\/ethics-policy\/\",\"diversityPolicy\":\"https:\/\/talkpal.ai\/diversity-policy\/\",\"diversityStaffingReport\":\"https:\/\/talkpal.ai\/diversity-policy\/\"}]}<\/script>\n<!-- \/ Yoast SEO Premium plugin. -->","yoast_head_json":{"title":"Azerbajd\u017eanska slovnica - Talkpal","description":"Obvladajte azerbajd\u017eansko slovnico brez te\u017eav z Talkpal, svojim u\u010diteljem, ki ga poganja umetna inteligenca. Odkrijte preproste razlage, interaktivne vaje in prakti\u010dne nasvete","robots":{"index":"index","follow":"follow","max-snippet":"max-snippet:-1","max-image-preview":"max-image-preview:large","max-video-preview":"max-video-preview:-1"},"canonical":"https:\/\/talkpal.ai\/sl\/azerbajdzanska-slovnica\/","og_locale":"sl_SI","og_type":"article","og_title":"Azerbajd\u017eanska slovnica","og_description":"Iz\u010drpen vodnik po azerbajd\u017eanski slovnici Ste kdaj pomislili na u\u010denje azerbajd\u017ean\u0161\u010dine? Kot uradni jezik Azerbajd\u017eana, ki ga govorijo milijoni ljudi na","og_url":"https:\/\/talkpal.ai\/sl\/azerbajdzanska-slovnica\/","og_site_name":"Talkpal","article_publisher":"https:\/\/www.facebook.com\/profile.php?id=100090733639311","article_modified_time":"2025-05-22T08:23:35+00:00","og_image":[{"width":512,"height":512,"url":"https:\/\/talkpal.ai\/wp-content\/uploads\/2023\/05\/azerbaijan.png","type":"image\/png"}],"twitter_card":"summary_large_image","twitter_site":"@talkpalai","twitter_misc":{"Est. reading time":"3 minute"},"schema":{"@context":"https:\/\/schema.org","@graph":[{"@type":"WebPage","@id":"https:\/\/talkpal.ai\/sl\/azerbajdzanska-slovnica\/","url":"https:\/\/talkpal.ai\/sl\/azerbajdzanska-slovnica\/","name":"Azerbajd\u017eanska slovnica - Talkpal","isPartOf":{"@id":"https:\/\/talkpal.ai\/sl\/#website"},"primaryImageOfPage":{"@id":"https:\/\/talkpal.ai\/sl\/azerbajdzanska-slovnica\/#primaryimage"},"image":{"@id":"https:\/\/talkpal.ai\/sl\/azerbajdzanska-slovnica\/#primaryimage"},"thumbnailUrl":"https:\/\/talkpal.ai\/wp-content\/uploads\/2023\/05\/azerbaijan.png","datePublished":"2023-05-14T13:53:48+00:00","dateModified":"2025-05-22T08:23:35+00:00","description":"Obvladajte azerbajd\u017eansko slovnico brez te\u017eav z Talkpal, svojim u\u010diteljem, ki ga poganja umetna inteligenca. Odkrijte preproste razlage, interaktivne vaje in prakti\u010dne nasvete","breadcrumb":{"@id":"https:\/\/talkpal.ai\/sl\/azerbajdzanska-slovnica\/#breadcrumb"},"inLanguage":"sl-SI","potentialAction":[{"@type":"ReadAction","target":["https:\/\/talkpal.ai\/sl\/azerbajdzanska-slovnica\/"]}]},{"@type":"ImageObject","inLanguage":"sl-SI","@id":"https:\/\/talkpal.ai\/sl\/azerbajdzanska-slovnica\/#primaryimage","url":"https:\/\/talkpal.ai\/wp-content\/uploads\/2023\/05\/azerbaijan.png","contentUrl":"https:\/\/talkpal.ai\/wp-content\/uploads\/2023\/05\/azerbaijan.png","width":512,"height":512},{"@type":"BreadcrumbList","@id":"https:\/\/talkpal.ai\/sl\/azerbajdzanska-slovnica\/#breadcrumb","itemListElement":[{"@type":"ListItem","position":1,"name":"Homepage","item":"https:\/\/talkpal.ai\/sl\/"},{"@type":"ListItem","position":2,"name":"Azerbajd\u017eanska slovnica"}]},{"@type":"WebSite","@id":"https:\/\/talkpal.ai\/sl\/#website","url":"https:\/\/talkpal.ai\/sl\/","name":"Talkpal","description":"AI Language Learning","publisher":{"@id":"https:\/\/talkpal.ai\/sl\/#organization"},"alternateName":"Talkpal AI","potentialAction":[{"@type":"SearchAction","target":{"@type":"EntryPoint","urlTemplate":"https:\/\/talkpal.ai\/sl\/?s={search_term_string}"},"query-input":{"@type":"PropertyValueSpecification","valueRequired":true,"valueName":"search_term_string"}}],"inLanguage":"sl-SI"},{"@type":"Organization","@id":"https:\/\/talkpal.ai\/sl\/#organization","name":"Talkpal, Inc.","alternateName":"Talkpal AI","url":"https:\/\/talkpal.ai\/sl\/","logo":{"@type":"ImageObject","inLanguage":"sl-SI","@id":"https:\/\/talkpal.ai\/sl\/#\/schema\/logo\/image\/","url":"https:\/\/talkpal.ai\/wp-content\/uploads\/2024\/03\/Talkpal-Logo-Icon.png","contentUrl":"https:\/\/talkpal.ai\/wp-content\/uploads\/2024\/03\/Talkpal-Logo-Icon.png","width":2880,"height":2880,"caption":"Talkpal, Inc."},"image":{"@id":"https:\/\/talkpal.ai\/sl\/#\/schema\/logo\/image\/"},"sameAs":["https:\/\/www.facebook.com\/profile.php?id=100090733639311","https:\/\/x.com\/talkpalai","https:\/\/www.linkedin.com\/company\/talkpal\/","https:\/\/www.youtube.com\/@TalkPal\/","https:\/\/www.tiktok.com\/@talkpal","https:\/\/www.instagram.com\/talkpal_ai\/","https:\/\/www.crunchbase.com\/organization\/talkpal-9cde","https:\/\/www.g2.com\/products\/talkpal-for-business\/","https:\/\/www.trustpilot.com\/review\/talkpal.ai","https:\/\/www.capterra.com\/p\/10006800\/TalkPal\/"],"description":"Talkpal is a language learning web and mobile education app, powered by the latest AI technologies, that provides engaging experiences to its customers in many different languages to help them improve their language skills. Users can chat about unlimited amount of topics with the app and use other modes to practice their language learning.","email":"support@talkpal.ai","legalName":"Talkpal, Inc.","foundingDate":"2023-04-03","duns":"118989042","numberOfEmployees":{"@type":"QuantitativeValue","minValue":"11","maxValue":"50"},"publishingPrinciples":"https:\/\/talkpal.ai\/publishing-principles\/","actionableFeedbackPolicy":"https:\/\/talkpal.ai\/actionable-feedback-policy\/","correctionsPolicy":"https:\/\/talkpal.ai\/corrections-policy\/","ethicsPolicy":"https:\/\/talkpal.ai\/ethics-policy\/","diversityPolicy":"https:\/\/talkpal.ai\/diversity-policy\/","diversityStaffingReport":"https:\/\/talkpal.ai\/diversity-policy\/"}]}},"_links":{"self":[{"href":"https:\/\/talkpal.ai\/sl\/wp-json\/wp\/v2\/pages\/140087","targetHints":{"allow":["GET"]}}],"collection":[{"href":"https:\/\/talkpal.ai\/sl\/wp-json\/wp\/v2\/pages"}],"about":[{"href":"https:\/\/talkpal.ai\/sl\/wp-json\/wp\/v2\/types\/page"}],"author":[{"embeddable":true,"href":"https:\/\/talkpal.ai\/sl\/wp-json\/wp\/v2\/users\/1"}],"replies":[{"embeddable":true,"href":"https:\/\/talkpal.ai\/sl\/wp-json\/wp\/v2\/comments?post=140087"}],"version-history":[{"count":0,"href":"https:\/\/talkpal.ai\/sl\/wp-json\/wp\/v2\/pages\/140087\/revisions"}],"wp:featuredmedia":[{"embeddable":true,"href":"https:\/\/talkpal.ai\/sl\/wp-json\/wp\/v2\/media\/109385"}],"wp:attachment":[{"href":"https:\/\/talkpal.ai\/sl\/wp-json\/wp\/v2\/media?parent=140087"}],"curies":[{"name":"wp","href":"https:\/\/api.w.org\/{rel}","templated":true}]}}