{"id":140024,"date":"2023-05-14T13:52:49","date_gmt":"2023-05-14T13:52:49","guid":{"rendered":"http:\/\/talkpal.ai\/ruska-slovnica\/"},"modified":"2025-12-13T15:15:22","modified_gmt":"2025-12-13T15:15:22","slug":"ruska-slovnica","status":"publish","type":"page","link":"https:\/\/talkpal.ai\/sl\/ruska-slovnica\/","title":{"rendered":"Ruska slovnica"},"content":{"rendered":"\r\n\r\n\r\n<section class=\"languageChallengeSection\">\r\n    <div class=\"languageInfoWrapper\">\r\n        \r\n        <h1>Ruska slovnica<\/h1>\r\n        <p>Za\u010dnite svojo pustolov\u0161\u010dino v ruskem jeziku in si odprite vrata v bogato kulturo in zgodovino. Osvojitev ruske slovnice in besedi\u0161\u010da bo izbolj\u0161ala va\u0161e mo\u017enosti potovanja, kariere in komunikacije. Za\u010dnite se u\u010diti ru\u0161\u010dino \u0161e danes in naredite prvi korak k teko\u010demu znanju!\n\n<\/p>\r\n\r\n                            <a class=\"getStartedHidden\" href=\"https:\/\/app.talkpal.ai\/sl\/signup?lng=\">Za\u010dni<\/a>\r\n        \r\n    <\/div>\r\n\r\n    <figure>\r\n    <img decoding=\"async\" width=\"768\" height=\"768\" src=\"https:\/\/talkpal.ai\/wp-content\/uploads\/2023\/06\/russian-768x768.png\" class=\"languageImage no-lazy\" alt=\"Language learning for multicultural understanding\" fetchpriority=\"high\" sizes=\"(max-width: 768px) 150px, 768px\" srcset=\"https:\/\/talkpal.ai\/wp-content\/uploads\/2023\/06\/russian-768x768.png 768w, https:\/\/talkpal.ai\/wp-content\/uploads\/2023\/06\/russian-300x300.png 300w\" \/>\r\n    \r\n\r\n    <\/figure>\r\n\r\n            <a class=\"getStartedVisible\" href=\"https:\/\/app.talkpal.ai\/sl\/signup?lng=\">Za\u010dni<\/a>\r\n    \r\n<\/section>\r\n<section class=\"promotionalBanner\">\r\n    <p class=\"promotionalText\">Naju\u010dinkovitej\u0161i na\u010din u\u010denja jezika<\/p>\r\n    <a class=\"promotionalLink\" href=\"https:\/\/app.talkpal.ai\/sl\/signup?lng=\">Preizkusite Talkpal brezpla\u010dno<\/a>\r\n<\/section>\n<div class=\"wp-block-group pageContainerStyle\"><div class=\"wp-block-group__inner-container is-layout-constrained wp-block-group-is-layout-constrained\">\n<h1 class=\"wp-block-heading\" id=\"h-russian-grammar-unlock-the-secrets-to-mastering-russian\">Ruska slovnica: odklenite skrivnosti obvladovanja ru\u0161\u010dine<\/h1>\n\n\n\n<p>\u010cestitamo, ker ste naredili drzen korak k u\u010denju ru\u0161\u010dine! <a href=\"https:\/\/talkpal.ai\/learn-russian\/\">Ru\u0161\u010dina<\/a> je z ve\u010d kot 258 milijoni govorcev po vsem svetu fascinanten in koristen jezik, ki ponuja vpogled v bogato kulturo in zgodovino. Ko gre za rusko slovnico, se lahko zdi zastra\u0161ujo\u010de, vendar se ne bojte! Ta prijazen vodnik za za\u010detnike na preprost in zanimiv na\u010din razlo\u017ei osnove ruske slovnice.<\/p>\n\n\n\n<h3 class=\"wp-block-heading\" id=\"h-1-the-russian-alphabet-your-starting-point\">1. Ruska abeceda: va\u0161e izhodi\u0161\u010de<\/h3>\n\n\n\n<p>Klju\u010d do krmarjenja po <a href=\"https:\/\/talkpal.ai\/learn-russian\/\">ruski<\/a> slovnici je obvladovanje cirilice. S 33 \u010drkami, 10 samoglasniki in 21 soglasniki predstavlja temelj za branje, pisanje in razumevanje jezika. Spoznavanje abecede bo ustvarilo trdno podlago za izgradnjo va\u0161ih ruskih slovni\u010dnih ve\u0161\u010din.<\/p>\n\n\n\n<h3 class=\"wp-block-heading\" id=\"h-2-nouns-and-cases-the-core-of-russian-grammar\">2. Samostalniki in primeri: jedro ruske slovnice<\/h3>\n\n\n\n<p><a href=\"https:\/\/talkpal.ai\/russian-grammar\/\">Ruska slovnica<\/a> poudarja uporabo primerov za posredovanje pomena in konteksta. S \u0161estimi primeri \u2013 nominativnimi, genitivnimi, dativnimi, akuzativnimi, instrumentalnimi in predlo\u017enimi \u2013 ruski samostalniki spremenijo svoje kon\u010dnice, da poka\u017eejo svojo funkcijo v stavku. Zato besedni red postane manj kriti\u010den kot v angle\u0161\u010dini. Na primer:<\/p>\n\n\n\n<p><a href=\"https:\/\/talkpal.ai\/learn-english-with-ai\/\">Angle\u0161\u010dina<\/a>: Knjigo dajem prijatelju.<\/p>\n\n\n\n<p>Ru\u0161\u010dina: \u042f \u0434\u0430\u044e \u0434\u0440\u0443\u0433\u0443 \u043a\u043d\u0438\u0433\u0443 (Ya dayu drugu no\u017e)<\/p>\n\n\n\n<p>Tu sta &#8220;\u0434\u0440\u0443\u0433\u0443&#8221; (prijatelju) in &#8220;\u043a\u043d\u0438\u0433\u0443&#8221; (knjiga) v dajalniku oziroma prilastku.<\/p>\n\n\n\n<h3 class=\"wp-block-heading\" id=\"h-3-mastering-gender-and-plurals\">3. Obvladovanje spola in mno\u017eine<\/h3>\n\n\n\n<p>V ruski slovnici je samostalnikom dodeljen eden od treh spolov: mo\u0161ki, \u017eenski ali srednjeve\u0161ki. Konec samostalnika obi\u010dajno ozna\u010duje njegov spol:<\/p>\n\n\n\n<p>&#8211; Mo\u0161ki spol: kon\u010da se na soglasnik ali &#8220;-\u0439&#8221;<\/p>\n\n\n\n<p>&#8211; \u017denska oblika: kon\u010da se na &#8220;-\u0430&#8221; ali &#8220;-\u044f&#8221;<\/p>\n\n\n\n<p>&#8211; srednji spol: kon\u010da se na &#8220;-\u043e&#8221; ali &#8220;-\u0435&#8221;<\/p>\n\n\n\n<p>Za oblikovanje mno\u017eine se konci samostalnikov spreminjajo glede na njihov spol in primer, v katerem so.<\/p>\n\n\n\n<h3 class=\"wp-block-heading\" id=\"h-4-conquer-verb-conjugation\">4. Osvojite konjugacijo glagolov<\/h3>\n\n\n\n<p>Kot mnogi drugi <a href=\"https:\/\/talkpal.ai\/what-language-is-spoken-on-the-international-space-station\/\">jeziki<\/a> tudi ruski glagoli spreminjajo obliko (konjugacijo) glede na \u010das, osebo in \u0161tevilo. Ruski glagoli prihajajo tudi v dveh vidikih: popolni in nepopolni. Popoln vidik signalizira zaklju\u010deno dejanje, medtem ko se nepopolni vidik nana\u0161a na teko\u010da ali obi\u010dajna dejanja.<\/p>\n\n\n\n<p>Za za\u010detek se osredoto\u010dite na razumevanje sedanje napete konjugacije za nepopolne glagole in pretekli \u010das za oba vidika. Na primer:<\/p>\n\n\n\n<p>Sedanji \u010das (Imperfektiv): \u042f \u0447\u0438\u0442\u0430\u044e (Ya chitayu) &#8211; &#8220;berem&#8221; ali &#8220;berem&#8221;.<\/p>\n\n\n\n<p>Pretekli \u010das (Imperfektiv): \u042f \u0447\u0438\u0442\u0430\u043b (Ya chital) &#8211; &#8220;bral sem&#8221;.<\/p>\n\n\n\n<p>Pretekli \u010das (dovr\u0161ni): &#8220;Prebral sem&#8221; ali &#8220;Prebral sem (in kon\u010dal)&#8221;.<\/p>\n\n\n\n<h3 class=\"wp-block-heading\" id=\"h-5-embrace-russian-pronouns\">5. Sprejmite ruske zaimke<\/h3>\n\n\n\n<p>Zaimki v ruski slovnici nadome\u0161\u010dajo samostalnike in so klju\u010dnega pomena za teko\u010di govor. Potopite se v u\u010denje osebnih in posesivnih zaimkov, kot so:<\/p>\n\n\n\n<p>Osebni zaimki: \u044f (I), \u0442\u044b (ti, neformalno), \u043e\u043d \/ \u043e\u043d\u0430 \/ \u043e\u043d\u043e (on\/ona\/it), \u0432\u044b (ti, formalni ali mno\u017einski), \u043c\u044b (mi), \u043e\u043d\u0438 (oni)<\/p>\n\n\n\n<p>Posesivni zaimki: \u043c\u043e\u0439\/\u043c\u043e\u044f\/\u043c\u043e\u0451 (my), \u0442\u0432\u043e\u0439\/\u0442\u0432\u043e\u044f\/\u0442\u0432\u043e\u0451 (ur, neformalno), \u0435\u0433\u043e\/\u0435\u0451\/\u0438\u0445 (njegova\/njena\/njihova), \u0432\u0430\u0448\/\u0432\u0430\u0448\u0430\/\u0432\u0430\u0448\u0435 (va\u0161a, formalna ali mno\u017eina), \u043d\u0430\u0448\/\u043d\u0430\u0448\u0430\/\u043d\u0430\u0448\u0435 (na\u0161a)<\/p>\n\n\n\n<p>Ne pozabite, da se morajo ruski zaimki ujemati s spolom in velikostjo samostalnika, ki ga nadome\u0161\u010dajo.<\/p>\n\n\n\n<p>\u010cestitam! Naredili ste prve korake k obvladovanju zapletenosti ruske slovnice. Ne pozabite, da je praksa klju\u010dnega pomena, zato se poglobite v jezik, sodelujte z doma\u010dimi govorci in okrepite svoje u\u010dne temelje. \u0423\u0434\u0430\u0447\u0438! (Sre\u010dno!)<\/p>\n<\/div><\/div>\n\r\n<section class=\"learnNavigationSection\">\r\n            \r\n        <a href=\"https:\/\/talkpal.ai\/sl\/naucite-se-ruskega-jezika\/\">\r\n            <div class=\"learnNavigationWrapper\">\r\n                <div class=\"learnNavigationContent\">\r\n                    <img decoding=\"async\" src=\"https:\/\/talkpal.ai\/wp-content\/uploads\/2024\/08\/Russian.jpg\" alt=\"Russian Flag\">\r\n                    <div>\r\n                        <h4>O u\u010denju ru\u0161\u010dine<\/h4>\r\n                        <p>Izvedite vse o ruski slovnici.<\/p>\r\n                    <\/div>\r\n                <\/div>\r\n            <\/div>\r\n        <\/a>\r\n\r\n        \r\n        <a href=\"https:\/\/talkpal.ai\/sl\/ruske-slovnicne-vaje\/\">\r\n            <div class=\"learnNavigationWrapper\">\r\n                <div class=\"learnNavigationContent\">\r\n                    <img decoding=\"async\" src=\"https:\/\/talkpal.ai\/wp-content\/uploads\/2024\/08\/Russian.jpg\" alt=\"Russian Flag\">\r\n                    <div>\r\n                        <h4>Vaja iz ruske slovnice<\/h4>\r\n                        <p>Vadite rusko slovnico.<\/p>\r\n                    <\/div>\r\n                <\/div>\r\n            <\/div>\r\n        <\/a>\r\n\r\n        \r\n        <a href=\"https:\/\/talkpal.ai\/vocabulary_language\/russian\/\">\r\n            <div class=\"learnNavigationWrapper\">\r\n                <div class=\"learnNavigationContent\">\r\n                    <img decoding=\"async\" src=\"https:\/\/talkpal.ai\/wp-content\/uploads\/2024\/08\/Russian.jpg\" alt=\"Russian Flag\">\r\n                    <div>\r\n                        <h4>Ruski besednjak<\/h4>\r\n                        <p>Raz\u0161irite svoj ruski besedni zaklad.<\/p>\r\n                    <\/div>\r\n                <\/div>\r\n            <\/div>\r\n        <\/a>\r\n\r\n            <\/section>","protected":false},"excerpt":{"rendered":"<p>Ruska slovnica: odklenite skrivnosti obvladovanja ru\u0161\u010dine \u010cestitamo, ker ste naredili drzen korak k u\u010denju ru\u0161\u010dine! Ru\u0161\u010dina je z ve\u010d kot 258 milijoni govorcev po vsem svetu fascinanten in koristen jezik, ki ponuja vpogled v bogato kulturo in zgodovino. Ko gre za rusko slovnico, se lahko zdi zastra\u0161ujo\u010de, vendar se ne bojte! Ta prijazen vodnik za [&hellip;]<\/p>\n","protected":false},"author":1,"featured_media":108033,"parent":0,"menu_order":0,"comment_status":"closed","ping_status":"closed","template":"LearningContentPage.php","meta":{"_acf_changed":false,"footnotes":""},"class_list":["post-140024","page","type-page","status-publish","has-post-thumbnail","hentry"],"acf":[],"yoast_head":"<!-- This site is optimized with the Yoast SEO Premium plugin v27.2 (Yoast SEO v27.2) - https:\/\/yoast.com\/product\/yoast-seo-premium-wordpress\/ -->\n<title>Ruska slovnica - Talkpal<\/title>\n<meta name=\"description\" content=\"Spoznajte svet ruske slovnice z na\u0161im priro\u010dnikom za za\u010detnike. Osvojite cirilico in izbolj\u0161ajte svoje jezikovno znanje.\" \/>\n<meta name=\"robots\" content=\"index, follow, max-snippet:-1, max-image-preview:large, max-video-preview:-1\" \/>\n<link rel=\"canonical\" href=\"https:\/\/talkpal.ai\/sl\/ruska-slovnica\/\" \/>\n<meta property=\"og:locale\" content=\"sl_SI\" \/>\n<meta property=\"og:type\" content=\"article\" \/>\n<meta property=\"og:title\" content=\"Ruska slovnica\" \/>\n<meta property=\"og:description\" content=\"Ruska slovnica: odklenite skrivnosti obvladovanja ru\u0161\u010dine \u010cestitamo, ker ste naredili drzen korak k u\u010denju ru\u0161\u010dine! Ru\u0161\u010dina je z ve\u010d kot 258 milijoni\" \/>\n<meta property=\"og:url\" content=\"https:\/\/talkpal.ai\/sl\/ruska-slovnica\/\" \/>\n<meta property=\"og:site_name\" content=\"Talkpal\" \/>\n<meta property=\"article:publisher\" content=\"https:\/\/www.facebook.com\/profile.php?id=100090733639311\" \/>\n<meta property=\"article:modified_time\" content=\"2025-12-13T15:15:22+00:00\" \/>\n<meta property=\"og:image\" content=\"https:\/\/talkpal.ai\/wp-content\/uploads\/2023\/04\/rusia.png\" \/>\n\t<meta property=\"og:image:width\" content=\"512\" \/>\n\t<meta property=\"og:image:height\" content=\"512\" \/>\n\t<meta property=\"og:image:type\" content=\"image\/png\" \/>\n<meta name=\"twitter:card\" content=\"summary_large_image\" \/>\n<meta name=\"twitter:site\" content=\"@talkpalai\" \/>\n<meta name=\"twitter:label1\" content=\"Est. reading time\" \/>\n\t<meta name=\"twitter:data1\" content=\"2 minuti\" \/>\n<script type=\"application\/ld+json\" class=\"yoast-schema-graph\">{\"@context\":\"https:\/\/schema.org\",\"@graph\":[{\"@type\":\"WebPage\",\"@id\":\"https:\/\/talkpal.ai\/sl\/ruska-slovnica\/\",\"url\":\"https:\/\/talkpal.ai\/sl\/ruska-slovnica\/\",\"name\":\"Ruska slovnica - Talkpal\",\"isPartOf\":{\"@id\":\"https:\/\/talkpal.ai\/sl\/#website\"},\"primaryImageOfPage\":{\"@id\":\"https:\/\/talkpal.ai\/sl\/ruska-slovnica\/#primaryimage\"},\"image\":{\"@id\":\"https:\/\/talkpal.ai\/sl\/ruska-slovnica\/#primaryimage\"},\"thumbnailUrl\":\"https:\/\/talkpal.ai\/wp-content\/uploads\/2023\/04\/rusia.png\",\"datePublished\":\"2023-05-14T13:52:49+00:00\",\"dateModified\":\"2025-12-13T15:15:22+00:00\",\"description\":\"Spoznajte svet ruske slovnice z na\u0161im priro\u010dnikom za za\u010detnike. Osvojite cirilico in izbolj\u0161ajte svoje jezikovno znanje.\",\"breadcrumb\":{\"@id\":\"https:\/\/talkpal.ai\/sl\/ruska-slovnica\/#breadcrumb\"},\"inLanguage\":\"sl-SI\",\"potentialAction\":[{\"@type\":\"ReadAction\",\"target\":[\"https:\/\/talkpal.ai\/sl\/ruska-slovnica\/\"]}]},{\"@type\":\"ImageObject\",\"inLanguage\":\"sl-SI\",\"@id\":\"https:\/\/talkpal.ai\/sl\/ruska-slovnica\/#primaryimage\",\"url\":\"https:\/\/talkpal.ai\/wp-content\/uploads\/2023\/04\/rusia.png\",\"contentUrl\":\"https:\/\/talkpal.ai\/wp-content\/uploads\/2023\/04\/rusia.png\",\"width\":512,\"height\":512},{\"@type\":\"BreadcrumbList\",\"@id\":\"https:\/\/talkpal.ai\/sl\/ruska-slovnica\/#breadcrumb\",\"itemListElement\":[{\"@type\":\"ListItem\",\"position\":1,\"name\":\"Homepage\",\"item\":\"https:\/\/talkpal.ai\/sl\/\"},{\"@type\":\"ListItem\",\"position\":2,\"name\":\"Ruska slovnica\"}]},{\"@type\":\"WebSite\",\"@id\":\"https:\/\/talkpal.ai\/sl\/#website\",\"url\":\"https:\/\/talkpal.ai\/sl\/\",\"name\":\"Talkpal\",\"description\":\"AI Language Learning\",\"publisher\":{\"@id\":\"https:\/\/talkpal.ai\/sl\/#organization\"},\"alternateName\":\"Talkpal AI\",\"potentialAction\":[{\"@type\":\"SearchAction\",\"target\":{\"@type\":\"EntryPoint\",\"urlTemplate\":\"https:\/\/talkpal.ai\/sl\/?s={search_term_string}\"},\"query-input\":{\"@type\":\"PropertyValueSpecification\",\"valueRequired\":true,\"valueName\":\"search_term_string\"}}],\"inLanguage\":\"sl-SI\"},{\"@type\":\"Organization\",\"@id\":\"https:\/\/talkpal.ai\/sl\/#organization\",\"name\":\"Talkpal, Inc.\",\"alternateName\":\"Talkpal AI\",\"url\":\"https:\/\/talkpal.ai\/sl\/\",\"logo\":{\"@type\":\"ImageObject\",\"inLanguage\":\"sl-SI\",\"@id\":\"https:\/\/talkpal.ai\/sl\/#\/schema\/logo\/image\/\",\"url\":\"https:\/\/talkpal.ai\/wp-content\/uploads\/2024\/03\/Talkpal-Logo-Icon.png\",\"contentUrl\":\"https:\/\/talkpal.ai\/wp-content\/uploads\/2024\/03\/Talkpal-Logo-Icon.png\",\"width\":2880,\"height\":2880,\"caption\":\"Talkpal, Inc.\"},\"image\":{\"@id\":\"https:\/\/talkpal.ai\/sl\/#\/schema\/logo\/image\/\"},\"sameAs\":[\"https:\/\/www.facebook.com\/profile.php?id=100090733639311\",\"https:\/\/x.com\/talkpalai\",\"https:\/\/www.linkedin.com\/company\/talkpal\/\",\"https:\/\/www.youtube.com\/@TalkPal\/\",\"https:\/\/www.tiktok.com\/@talkpal\",\"https:\/\/www.instagram.com\/talkpal_ai\/\",\"https:\/\/www.crunchbase.com\/organization\/talkpal-9cde\",\"https:\/\/www.g2.com\/products\/talkpal-for-business\/\",\"https:\/\/www.trustpilot.com\/review\/talkpal.ai\",\"https:\/\/www.capterra.com\/p\/10006800\/TalkPal\/\"],\"description\":\"Talkpal is a language learning web and mobile education app, powered by the latest AI technologies, that provides engaging experiences to its customers in many different languages to help them improve their language skills. Users can chat about unlimited amount of topics with the app and use other modes to practice their language learning.\",\"email\":\"support@talkpal.ai\",\"legalName\":\"Talkpal, Inc.\",\"foundingDate\":\"2023-04-03\",\"duns\":\"118989042\",\"numberOfEmployees\":{\"@type\":\"QuantitativeValue\",\"minValue\":\"11\",\"maxValue\":\"50\"},\"publishingPrinciples\":\"https:\/\/talkpal.ai\/publishing-principles\/\",\"actionableFeedbackPolicy\":\"https:\/\/talkpal.ai\/actionable-feedback-policy\/\",\"correctionsPolicy\":\"https:\/\/talkpal.ai\/corrections-policy\/\",\"ethicsPolicy\":\"https:\/\/talkpal.ai\/ethics-policy\/\",\"diversityPolicy\":\"https:\/\/talkpal.ai\/diversity-policy\/\",\"diversityStaffingReport\":\"https:\/\/talkpal.ai\/diversity-policy\/\"}]}<\/script>\n<!-- \/ Yoast SEO Premium plugin. -->","yoast_head_json":{"title":"Ruska slovnica - Talkpal","description":"Spoznajte svet ruske slovnice z na\u0161im priro\u010dnikom za za\u010detnike. Osvojite cirilico in izbolj\u0161ajte svoje jezikovno znanje.","robots":{"index":"index","follow":"follow","max-snippet":"max-snippet:-1","max-image-preview":"max-image-preview:large","max-video-preview":"max-video-preview:-1"},"canonical":"https:\/\/talkpal.ai\/sl\/ruska-slovnica\/","og_locale":"sl_SI","og_type":"article","og_title":"Ruska slovnica","og_description":"Ruska slovnica: odklenite skrivnosti obvladovanja ru\u0161\u010dine \u010cestitamo, ker ste naredili drzen korak k u\u010denju ru\u0161\u010dine! Ru\u0161\u010dina je z ve\u010d kot 258 milijoni","og_url":"https:\/\/talkpal.ai\/sl\/ruska-slovnica\/","og_site_name":"Talkpal","article_publisher":"https:\/\/www.facebook.com\/profile.php?id=100090733639311","article_modified_time":"2025-12-13T15:15:22+00:00","og_image":[{"width":512,"height":512,"url":"https:\/\/talkpal.ai\/wp-content\/uploads\/2023\/04\/rusia.png","type":"image\/png"}],"twitter_card":"summary_large_image","twitter_site":"@talkpalai","twitter_misc":{"Est. reading time":"2 minuti"},"schema":{"@context":"https:\/\/schema.org","@graph":[{"@type":"WebPage","@id":"https:\/\/talkpal.ai\/sl\/ruska-slovnica\/","url":"https:\/\/talkpal.ai\/sl\/ruska-slovnica\/","name":"Ruska slovnica - Talkpal","isPartOf":{"@id":"https:\/\/talkpal.ai\/sl\/#website"},"primaryImageOfPage":{"@id":"https:\/\/talkpal.ai\/sl\/ruska-slovnica\/#primaryimage"},"image":{"@id":"https:\/\/talkpal.ai\/sl\/ruska-slovnica\/#primaryimage"},"thumbnailUrl":"https:\/\/talkpal.ai\/wp-content\/uploads\/2023\/04\/rusia.png","datePublished":"2023-05-14T13:52:49+00:00","dateModified":"2025-12-13T15:15:22+00:00","description":"Spoznajte svet ruske slovnice z na\u0161im priro\u010dnikom za za\u010detnike. Osvojite cirilico in izbolj\u0161ajte svoje jezikovno znanje.","breadcrumb":{"@id":"https:\/\/talkpal.ai\/sl\/ruska-slovnica\/#breadcrumb"},"inLanguage":"sl-SI","potentialAction":[{"@type":"ReadAction","target":["https:\/\/talkpal.ai\/sl\/ruska-slovnica\/"]}]},{"@type":"ImageObject","inLanguage":"sl-SI","@id":"https:\/\/talkpal.ai\/sl\/ruska-slovnica\/#primaryimage","url":"https:\/\/talkpal.ai\/wp-content\/uploads\/2023\/04\/rusia.png","contentUrl":"https:\/\/talkpal.ai\/wp-content\/uploads\/2023\/04\/rusia.png","width":512,"height":512},{"@type":"BreadcrumbList","@id":"https:\/\/talkpal.ai\/sl\/ruska-slovnica\/#breadcrumb","itemListElement":[{"@type":"ListItem","position":1,"name":"Homepage","item":"https:\/\/talkpal.ai\/sl\/"},{"@type":"ListItem","position":2,"name":"Ruska slovnica"}]},{"@type":"WebSite","@id":"https:\/\/talkpal.ai\/sl\/#website","url":"https:\/\/talkpal.ai\/sl\/","name":"Talkpal","description":"AI Language Learning","publisher":{"@id":"https:\/\/talkpal.ai\/sl\/#organization"},"alternateName":"Talkpal AI","potentialAction":[{"@type":"SearchAction","target":{"@type":"EntryPoint","urlTemplate":"https:\/\/talkpal.ai\/sl\/?s={search_term_string}"},"query-input":{"@type":"PropertyValueSpecification","valueRequired":true,"valueName":"search_term_string"}}],"inLanguage":"sl-SI"},{"@type":"Organization","@id":"https:\/\/talkpal.ai\/sl\/#organization","name":"Talkpal, Inc.","alternateName":"Talkpal AI","url":"https:\/\/talkpal.ai\/sl\/","logo":{"@type":"ImageObject","inLanguage":"sl-SI","@id":"https:\/\/talkpal.ai\/sl\/#\/schema\/logo\/image\/","url":"https:\/\/talkpal.ai\/wp-content\/uploads\/2024\/03\/Talkpal-Logo-Icon.png","contentUrl":"https:\/\/talkpal.ai\/wp-content\/uploads\/2024\/03\/Talkpal-Logo-Icon.png","width":2880,"height":2880,"caption":"Talkpal, Inc."},"image":{"@id":"https:\/\/talkpal.ai\/sl\/#\/schema\/logo\/image\/"},"sameAs":["https:\/\/www.facebook.com\/profile.php?id=100090733639311","https:\/\/x.com\/talkpalai","https:\/\/www.linkedin.com\/company\/talkpal\/","https:\/\/www.youtube.com\/@TalkPal\/","https:\/\/www.tiktok.com\/@talkpal","https:\/\/www.instagram.com\/talkpal_ai\/","https:\/\/www.crunchbase.com\/organization\/talkpal-9cde","https:\/\/www.g2.com\/products\/talkpal-for-business\/","https:\/\/www.trustpilot.com\/review\/talkpal.ai","https:\/\/www.capterra.com\/p\/10006800\/TalkPal\/"],"description":"Talkpal is a language learning web and mobile education app, powered by the latest AI technologies, that provides engaging experiences to its customers in many different languages to help them improve their language skills. Users can chat about unlimited amount of topics with the app and use other modes to practice their language learning.","email":"support@talkpal.ai","legalName":"Talkpal, Inc.","foundingDate":"2023-04-03","duns":"118989042","numberOfEmployees":{"@type":"QuantitativeValue","minValue":"11","maxValue":"50"},"publishingPrinciples":"https:\/\/talkpal.ai\/publishing-principles\/","actionableFeedbackPolicy":"https:\/\/talkpal.ai\/actionable-feedback-policy\/","correctionsPolicy":"https:\/\/talkpal.ai\/corrections-policy\/","ethicsPolicy":"https:\/\/talkpal.ai\/ethics-policy\/","diversityPolicy":"https:\/\/talkpal.ai\/diversity-policy\/","diversityStaffingReport":"https:\/\/talkpal.ai\/diversity-policy\/"}]}},"_links":{"self":[{"href":"https:\/\/talkpal.ai\/sl\/wp-json\/wp\/v2\/pages\/140024","targetHints":{"allow":["GET"]}}],"collection":[{"href":"https:\/\/talkpal.ai\/sl\/wp-json\/wp\/v2\/pages"}],"about":[{"href":"https:\/\/talkpal.ai\/sl\/wp-json\/wp\/v2\/types\/page"}],"author":[{"embeddable":true,"href":"https:\/\/talkpal.ai\/sl\/wp-json\/wp\/v2\/users\/1"}],"replies":[{"embeddable":true,"href":"https:\/\/talkpal.ai\/sl\/wp-json\/wp\/v2\/comments?post=140024"}],"version-history":[{"count":0,"href":"https:\/\/talkpal.ai\/sl\/wp-json\/wp\/v2\/pages\/140024\/revisions"}],"wp:featuredmedia":[{"embeddable":true,"href":"https:\/\/talkpal.ai\/sl\/wp-json\/wp\/v2\/media\/108033"}],"wp:attachment":[{"href":"https:\/\/talkpal.ai\/sl\/wp-json\/wp\/v2\/media?parent=140024"}],"curies":[{"name":"wp","href":"https:\/\/api.w.org\/{rel}","templated":true}]}}