{"id":135809,"date":"2023-06-16T10:51:16","date_gmt":"2023-06-16T10:51:16","guid":{"rendered":"http:\/\/talkpal.ai\/ukrajinske-slovnicne-vaje\/"},"modified":"2025-12-17T16:20:56","modified_gmt":"2025-12-17T16:20:56","slug":"ukrajinske-slovnicne-vaje","status":"publish","type":"page","link":"https:\/\/talkpal.ai\/sl\/ukrajinske-slovnicne-vaje\/","title":{"rendered":"Ukrajinske slovni\u010dne vaje"},"content":{"rendered":"\r\n\r\n\r\n<section class=\"languageChallengeSection\">\r\n    <div class=\"languageInfoWrapper\">\r\n        \r\n        <h1>Ukrajinske slovni\u010dne vaje<\/h1>\r\n        <p>\u017delite svoje znanje ukrajin\u0161\u010dine dvigniti na vi\u0161jo raven? Vadba slovni\u010dnih vaj je klju\u010dni na\u010din za obvladovanje stav\u010dne strukture, glagolskih oblik in edinstvenih vzorcev ukrajinskega jezika. Za\u010dnite delati na <a href=\"https:\/\/talkpal.ai\/learn-ukrainian\/\">ukrajinski<\/a> slovnici \u0161e danes in opazujte, kako z vsako vajo rasteta va\u0161e zaupanje in teko\u010dnost!<\/p>\r\n\r\n                            <a class=\"getStartedHidden\" href=\"https:\/\/app.talkpal.ai\/sl\/signup?lng=\">Za\u010dni<\/a>\r\n        \r\n    <\/div>\r\n\r\n    <figure>\r\n    <img decoding=\"async\" width=\"768\" height=\"768\" src=\"https:\/\/talkpal.ai\/wp-content\/uploads\/2023\/06\/Ukrainian-768x768.png\" class=\"languageImage no-lazy\" alt=\"Language learning - Your doorway to the world\" fetchpriority=\"high\" sizes=\"(max-width: 768px) 150px, 768px\" srcset=\"https:\/\/talkpal.ai\/wp-content\/uploads\/2023\/06\/Ukrainian-768x768.png 768w, https:\/\/talkpal.ai\/wp-content\/uploads\/2023\/06\/Ukrainian-300x300.png 300w\" \/>\r\n    \r\n\r\n    <\/figure>\r\n\r\n            <a class=\"getStartedVisible\" href=\"https:\/\/app.talkpal.ai\/sl\/signup?lng=\">Za\u010dni<\/a>\r\n    \r\n<\/section>\r\n\r\n\r\n<!-- <section class=\"grammarSection\">\r\n    <div class=\"grammarLinks\">\r\n            <\/div>\r\n<\/section> -->\r\n\r\n\r\n\r\n\r\n<section class=\"promotionalBanner\">\r\n    <p class=\"promotionalText\">Naju\u010dinkovitej\u0161i na\u010din u\u010denja jezika<\/p>\r\n    <a class=\"promotionalLink\" href=\"https:\/\/app.talkpal.ai\/sl\/signup?lng=\">Preizkusite Talkpal brezpla\u010dno<\/a>\r\n<\/section>\n<div class=\"wp-block-group pageContainerStyle\"><div class=\"wp-block-group__inner-container is-layout-constrained wp-block-group-is-layout-constrained\">\n<h2 class=\"wp-block-heading\" id=\"h-ukrainian-grammar-topics\">Teme ukrajinske slovnice<\/h2>\n\n\n\n<p>U\u010denje novega jezika je lahko vznemirljivo, a zahtevno prizadevanje, <a href=\"https:\/\/talkpal.ai\/hr\/ucenje-ukrajinskog-jezika\/\">ukrajinski jezik<\/a> pa ni izjema. Ukrajinski, vzhodnoslovanski jezik, je uradni jezik Ukrajine in se pona\u0161a z bogato zgodovino in raznoliko slovni\u010dno strukturo. Ko se podate na pot, da postanete usposobljeni za ukrajin\u0161\u010dino, boste morali obvladati ve\u010d klju\u010dnih slovni\u010dnih tem, vklju\u010dno s \u010dasi, glagoli, samostalniki, \u010dlanki, zaimki, pridevniki, prislovi, predlogi in strukturo stavkov. Razumevanje in pravilna uporaba teh slovni\u010dnih pravil bo znatno izbolj\u0161ala va\u0161e teko\u010de znanje jezika. Zato se poglobimo v vsako temo in preu\u010dimo, v kak\u0161nem zaporedju se jih morate nau\u010diti.<\/p>\n\n\n\n<h3 class=\"wp-block-heading\" id=\"h-1-nouns\">1. Samostalniki:<\/h3>\n\n\n\n<p>Za\u010dnite z u\u010denjem ukrajinskih samostalnikov, saj so temelj jezika. Seznanite se z njihovim spolom (mo\u0161kim, \u017eenskim in srednjem) in njihovimi mno\u017einskimi oblikami. Razumevanje samostalni\u0161kih sklanjav (primerov) je klju\u010dnega pomena za pravilno oblikovanje stavkov.<\/p>\n\n\n\n<h3 class=\"wp-block-heading\" id=\"h-2-pronouns\">2. Zaimki:<\/h3>\n\n\n\n<p>Nato se nau\u010dite zaimkov &#8211; besed, ki nadome\u0161\u010dajo samostalnike v stavku. Poleg tega se razlikujejo po spolu in velikosti, zato se je treba nau\u010diti, katere oblike je treba uporabljati glede na samostalnik, ki ga nadome\u0161\u010dajo.<\/p>\n\n\n\n<h3 class=\"wp-block-heading\" id=\"h-3-verbs\">3. Glagoli:<\/h3>\n\n\n\n<p>Glagoli so akcijske besede v stavku. V ukrajin\u0161\u010dini imajo glagoli razli\u010dne oblike, ki temeljijo na napetosti, razpolo\u017eenju in vidiku. Za\u010dnite z u\u010denjem sedanjih napetih indikativnih oblik glagolov, ki vam bodo pomagali razumeti osnovno strukturo stavkov.<\/p>\n\n\n\n<h3 class=\"wp-block-heading\" id=\"h-4-tenses-indicative\">4. Okvirni \u010dasi:<\/h3>\n\n\n\n<p>Ko boste dobro obvladali glagole v sedanjem \u010dasu, se nau\u010dite \u0161e pretekli in prihodnji \u010das v indikativu. To vam bo omogo\u010dilo komunikacijo o dogodkih, ki so se \u017ee zgodili ali se bodo zgodili v prihodnosti.<\/p>\n\n\n\n<h3 class=\"wp-block-heading\" id=\"h-5-tenses-subjunctive\">5. \u010casi konjunktivni:<\/h3>\n\n\n\n<p>Po obvladovanju indikativnega razpolo\u017eenja razi\u0161\u010dite konjunktivno razpolo\u017eenje, ki izra\u017ea hipoteti\u010dne situacije, \u017eelje ali predloge. Konjunktivno razpolo\u017eenje se ve\u010dinoma pojavlja v preteklih in prihodnjih \u010dasih v ukrajin\u0161\u010dini.<\/p>\n\n\n\n<h3 class=\"wp-block-heading\" id=\"h-6-tense-comparison\">6. Napeta primerjava:<\/h3>\n\n\n\n<p>Nau\u010dite se primerjati \u010dase v ukrajin\u0161\u010dini, da izrazite razli\u010dne stopnje gotovosti ali mo\u017enosti. To vam bo pomagalo razumeti in ustvariti bolj zapletene stavke.<\/p>\n\n\n\n<h3 class=\"wp-block-heading\" id=\"h-7-adjectives\">7. Pridevniki:<\/h3>\n\n\n\n<p>Pridevniki opisujejo lastnosti samostalnikov. Strinjajo se glede na spol, \u0161tevilo in primer s samostalnikom, ki ga spremenijo. U\u010denje pridevnikov vam bo pomagalo dodati ve\u010d podrobnosti v svoje stavke.<\/p>\n\n\n\n<h3 class=\"wp-block-heading\" id=\"h-8-adverbs\">8. Prislovi:<\/h3>\n\n\n\n<p>Prislovi opisujejo na\u010din, kraj ali \u010das dejanja. Niso videti kot pridevniki, vendar imajo klju\u010dno vlogo pri tem, da so va\u0161i stavki bolj informativni in privla\u010dni.<\/p>\n\n\n\n<h3 class=\"wp-block-heading\" id=\"h-9-prepositions\">9. Predlogi:<\/h3>\n\n\n\n<p>Predlogi prikazujejo razmerje med besedami v stavku (npr. lokacija, smer ali \u010das). Nau\u010dite se pravilno uporabljati predloge, da se izognete zmedi in prenesete \u017eeleni pomen.<\/p>\n\n\n\n<h3 class=\"wp-block-heading\" id=\"h-10-sentence-structure\">10. Struktura stavkov:<\/h3>\n\n\n\n<p>Na koncu se seznanite z ukrajinsko strukturo stavkov. To vklju\u010duje razumevanje vrstnega <a href=\"https:\/\/talkpal.ai\/locations\/learn-english-in-reda\/\">reda<\/a> besed predmet-glagol-objekt (SVO) in kako uporabiti primere in druge slovni\u010dne elemente za oblikovanje jasnih in skladnih stavkov.<\/p>\n\n\n\n<h3 class=\"wp-block-heading\" id=\"h-11-articles\">11. \u010clanki:<\/h3>\n\n\n\n<p>V ukrajin\u0161\u010dini ni \u010dlenkov, kot sta v angle\u0161\u010dini &#8220;the&#8221; ali &#8220;a&#8221;, vendar je treba razumeti, kako se v jeziku izra\u017eata dolo\u010dnost in nedolo\u010dnost, obi\u010dajno z uporabo kazalnih zaimkov ali konteksta.<\/p>\n\n\n\n<p>Z u\u010denjem teh slovni\u010dnih tem v predlaganem zaporedju boste postopoma zgradili mo\u010dne temelje v ukrajin\u0161\u010dini in napredovali v smeri teko\u010dega jezika.<\/p>\n<\/div><\/div>\n\r\n<section class=\"learnNavigationSection\">\r\n            \r\n        <a href=\"https:\/\/talkpal.ai\/sl\/naucite-se-ukrajinscine\/\">\r\n            <div class=\"learnNavigationWrapper\">\r\n                <div class=\"learnNavigationContent\">\r\n                    <img decoding=\"async\" src=\"https:\/\/talkpal.ai\/wp-content\/uploads\/2024\/08\/Ukrainian.jpg\" alt=\"Ukrainian Flag\">\r\n                    <div>\r\n                        <h4>O ukrajinskem u\u010denju<\/h4>\r\n                        <p>Izvedite vse o ukrajinski slovnici.<\/p>\r\n                    <\/div>\r\n                <\/div>\r\n            <\/div>\r\n        <\/a>\r\n\r\n        \r\n        <a href=\"https:\/\/talkpal.ai\/sl\/ukrajinska-slovnica\/\">\r\n            <div class=\"learnNavigationWrapper\">\r\n                <div class=\"learnNavigationContent\">\r\n                    <img decoding=\"async\" src=\"https:\/\/talkpal.ai\/wp-content\/uploads\/2024\/08\/Ukrainian.jpg\" alt=\"Ukrainian Flag\">\r\n                    <div>\r\n                        <h4>Lekcije ukrajinske slovnice<\/h4>\r\n                        <p>Vadite ukrajinsko slovnico.<\/p>\r\n                    <\/div>\r\n                <\/div>\r\n            <\/div>\r\n        <\/a>\r\n\r\n        \r\n        <a href=\"https:\/\/talkpal.ai\/vocabulary_language\/ukrainian\/\">\r\n            <div class=\"learnNavigationWrapper\">\r\n                <div class=\"learnNavigationContent\">\r\n                    <img decoding=\"async\" src=\"https:\/\/talkpal.ai\/wp-content\/uploads\/2024\/08\/Ukrainian.jpg\" alt=\"Ukrainian Flag\">\r\n                    <div>\r\n                        <h4>Ukrajinski besednjak<\/h4>\r\n                        <p>Raz\u0161irite svoj ukrajinski besedni zaklad.<\/p>\r\n                    <\/div>\r\n                <\/div>\r\n            <\/div>\r\n        <\/a>\r\n\r\n            <\/section>","protected":false},"excerpt":{"rendered":"<p>Teme ukrajinske slovnice U\u010denje novega jezika je lahko vznemirljivo, a zahtevno prizadevanje, ukrajinski jezik pa ni izjema. Ukrajinski, vzhodnoslovanski jezik, je uradni jezik Ukrajine in se pona\u0161a z bogato zgodovino in raznoliko slovni\u010dno strukturo. Ko se podate na pot, da postanete usposobljeni za ukrajin\u0161\u010dino, boste morali obvladati ve\u010d klju\u010dnih slovni\u010dnih tem, vklju\u010dno s \u010dasi, glagoli, [&hellip;]<\/p>\n","protected":false},"author":6,"featured_media":108581,"parent":0,"menu_order":0,"comment_status":"closed","ping_status":"closed","template":"LearningContentPage.php","meta":{"_acf_changed":false,"footnotes":""},"class_list":["post-135809","page","type-page","status-publish","has-post-thumbnail","hentry"],"acf":[],"yoast_head":"<!-- This site is optimized with the Yoast SEO Premium plugin v27.2 (Yoast SEO v27.2) - https:\/\/yoast.com\/product\/yoast-seo-premium-wordpress\/ -->\n<title>Ukrajinske slovni\u010dne vaje - Talkpal<\/title>\n<meta name=\"description\" content=\"Izbolj\u0161ajte svoje znanje ukrajin\u0161\u010dine z zanimivimi ukrajinskimi slovni\u010dnimi vajami, ki zajemajo bistvene slovni\u010dne teme za teko\u010dnost.\" \/>\n<meta name=\"robots\" content=\"index, follow, max-snippet:-1, max-image-preview:large, max-video-preview:-1\" \/>\n<link rel=\"canonical\" href=\"https:\/\/talkpal.ai\/sl\/ukrajinske-slovnicne-vaje\/\" \/>\n<meta property=\"og:locale\" content=\"sl_SI\" \/>\n<meta property=\"og:type\" content=\"article\" \/>\n<meta property=\"og:title\" content=\"Ukrajinske slovni\u010dne vaje\" \/>\n<meta property=\"og:description\" content=\"Teme ukrajinske slovnice U\u010denje novega jezika je lahko vznemirljivo, a zahtevno prizadevanje, ukrajinski jezik pa ni izjema. Ukrajinski, vzhodnoslovanski\" \/>\n<meta property=\"og:url\" content=\"https:\/\/talkpal.ai\/sl\/ukrajinske-slovnicne-vaje\/\" \/>\n<meta property=\"og:site_name\" content=\"Talkpal\" \/>\n<meta property=\"article:publisher\" content=\"https:\/\/www.facebook.com\/profile.php?id=100090733639311\" \/>\n<meta property=\"article:modified_time\" content=\"2025-12-17T16:20:56+00:00\" \/>\n<meta property=\"og:image\" content=\"https:\/\/talkpal.ai\/wp-content\/uploads\/2023\/04\/ukraine.png\" \/>\n\t<meta property=\"og:image:width\" content=\"512\" \/>\n\t<meta property=\"og:image:height\" content=\"512\" \/>\n\t<meta property=\"og:image:type\" content=\"image\/png\" \/>\n<meta name=\"twitter:card\" content=\"summary_large_image\" \/>\n<meta name=\"twitter:site\" content=\"@talkpalai\" \/>\n<meta name=\"twitter:label1\" content=\"Est. reading time\" \/>\n\t<meta name=\"twitter:data1\" content=\"3 minute\" \/>\n<script type=\"application\/ld+json\" class=\"yoast-schema-graph\">{\"@context\":\"https:\/\/schema.org\",\"@graph\":[{\"@type\":\"WebPage\",\"@id\":\"https:\/\/talkpal.ai\/sl\/ukrajinske-slovnicne-vaje\/\",\"url\":\"https:\/\/talkpal.ai\/sl\/ukrajinske-slovnicne-vaje\/\",\"name\":\"Ukrajinske slovni\u010dne vaje - Talkpal\",\"isPartOf\":{\"@id\":\"https:\/\/talkpal.ai\/sl\/#website\"},\"primaryImageOfPage\":{\"@id\":\"https:\/\/talkpal.ai\/sl\/ukrajinske-slovnicne-vaje\/#primaryimage\"},\"image\":{\"@id\":\"https:\/\/talkpal.ai\/sl\/ukrajinske-slovnicne-vaje\/#primaryimage\"},\"thumbnailUrl\":\"https:\/\/talkpal.ai\/wp-content\/uploads\/2023\/04\/ukraine.png\",\"datePublished\":\"2023-06-16T10:51:16+00:00\",\"dateModified\":\"2025-12-17T16:20:56+00:00\",\"description\":\"Izbolj\u0161ajte svoje znanje ukrajin\u0161\u010dine z zanimivimi ukrajinskimi slovni\u010dnimi vajami, ki zajemajo bistvene slovni\u010dne teme za teko\u010dnost.\",\"breadcrumb\":{\"@id\":\"https:\/\/talkpal.ai\/sl\/ukrajinske-slovnicne-vaje\/#breadcrumb\"},\"inLanguage\":\"sl-SI\",\"potentialAction\":[{\"@type\":\"ReadAction\",\"target\":[\"https:\/\/talkpal.ai\/sl\/ukrajinske-slovnicne-vaje\/\"]}]},{\"@type\":\"ImageObject\",\"inLanguage\":\"sl-SI\",\"@id\":\"https:\/\/talkpal.ai\/sl\/ukrajinske-slovnicne-vaje\/#primaryimage\",\"url\":\"https:\/\/talkpal.ai\/wp-content\/uploads\/2023\/04\/ukraine.png\",\"contentUrl\":\"https:\/\/talkpal.ai\/wp-content\/uploads\/2023\/04\/ukraine.png\",\"width\":512,\"height\":512,\"caption\":\"TalkPal Ukrainian Flag\"},{\"@type\":\"BreadcrumbList\",\"@id\":\"https:\/\/talkpal.ai\/sl\/ukrajinske-slovnicne-vaje\/#breadcrumb\",\"itemListElement\":[{\"@type\":\"ListItem\",\"position\":1,\"name\":\"Homepage\",\"item\":\"https:\/\/talkpal.ai\/sl\/\"},{\"@type\":\"ListItem\",\"position\":2,\"name\":\"Ukrajinske slovni\u010dne vaje\"}]},{\"@type\":\"WebSite\",\"@id\":\"https:\/\/talkpal.ai\/sl\/#website\",\"url\":\"https:\/\/talkpal.ai\/sl\/\",\"name\":\"Talkpal\",\"description\":\"AI Language Learning\",\"publisher\":{\"@id\":\"https:\/\/talkpal.ai\/sl\/#organization\"},\"alternateName\":\"Talkpal AI\",\"potentialAction\":[{\"@type\":\"SearchAction\",\"target\":{\"@type\":\"EntryPoint\",\"urlTemplate\":\"https:\/\/talkpal.ai\/sl\/?s={search_term_string}\"},\"query-input\":{\"@type\":\"PropertyValueSpecification\",\"valueRequired\":true,\"valueName\":\"search_term_string\"}}],\"inLanguage\":\"sl-SI\"},{\"@type\":\"Organization\",\"@id\":\"https:\/\/talkpal.ai\/sl\/#organization\",\"name\":\"Talkpal, Inc.\",\"alternateName\":\"Talkpal AI\",\"url\":\"https:\/\/talkpal.ai\/sl\/\",\"logo\":{\"@type\":\"ImageObject\",\"inLanguage\":\"sl-SI\",\"@id\":\"https:\/\/talkpal.ai\/sl\/#\/schema\/logo\/image\/\",\"url\":\"https:\/\/talkpal.ai\/wp-content\/uploads\/2024\/03\/Talkpal-Logo-Icon.png\",\"contentUrl\":\"https:\/\/talkpal.ai\/wp-content\/uploads\/2024\/03\/Talkpal-Logo-Icon.png\",\"width\":2880,\"height\":2880,\"caption\":\"Talkpal, Inc.\"},\"image\":{\"@id\":\"https:\/\/talkpal.ai\/sl\/#\/schema\/logo\/image\/\"},\"sameAs\":[\"https:\/\/www.facebook.com\/profile.php?id=100090733639311\",\"https:\/\/x.com\/talkpalai\",\"https:\/\/www.linkedin.com\/company\/talkpal\/\",\"https:\/\/www.youtube.com\/@TalkPal\/\",\"https:\/\/www.tiktok.com\/@talkpal\",\"https:\/\/www.instagram.com\/talkpal_ai\/\",\"https:\/\/www.crunchbase.com\/organization\/talkpal-9cde\",\"https:\/\/www.g2.com\/products\/talkpal-for-business\/\",\"https:\/\/www.trustpilot.com\/review\/talkpal.ai\",\"https:\/\/www.capterra.com\/p\/10006800\/TalkPal\/\"],\"description\":\"Talkpal is a language learning web and mobile education app, powered by the latest AI technologies, that provides engaging experiences to its customers in many different languages to help them improve their language skills. Users can chat about unlimited amount of topics with the app and use other modes to practice their language learning.\",\"email\":\"support@talkpal.ai\",\"legalName\":\"Talkpal, Inc.\",\"foundingDate\":\"2023-04-03\",\"duns\":\"118989042\",\"numberOfEmployees\":{\"@type\":\"QuantitativeValue\",\"minValue\":\"11\",\"maxValue\":\"50\"},\"publishingPrinciples\":\"https:\/\/talkpal.ai\/publishing-principles\/\",\"actionableFeedbackPolicy\":\"https:\/\/talkpal.ai\/actionable-feedback-policy\/\",\"correctionsPolicy\":\"https:\/\/talkpal.ai\/corrections-policy\/\",\"ethicsPolicy\":\"https:\/\/talkpal.ai\/ethics-policy\/\",\"diversityPolicy\":\"https:\/\/talkpal.ai\/diversity-policy\/\",\"diversityStaffingReport\":\"https:\/\/talkpal.ai\/diversity-policy\/\"}]}<\/script>\n<!-- \/ Yoast SEO Premium plugin. -->","yoast_head_json":{"title":"Ukrajinske slovni\u010dne vaje - Talkpal","description":"Izbolj\u0161ajte svoje znanje ukrajin\u0161\u010dine z zanimivimi ukrajinskimi slovni\u010dnimi vajami, ki zajemajo bistvene slovni\u010dne teme za teko\u010dnost.","robots":{"index":"index","follow":"follow","max-snippet":"max-snippet:-1","max-image-preview":"max-image-preview:large","max-video-preview":"max-video-preview:-1"},"canonical":"https:\/\/talkpal.ai\/sl\/ukrajinske-slovnicne-vaje\/","og_locale":"sl_SI","og_type":"article","og_title":"Ukrajinske slovni\u010dne vaje","og_description":"Teme ukrajinske slovnice U\u010denje novega jezika je lahko vznemirljivo, a zahtevno prizadevanje, ukrajinski jezik pa ni izjema. Ukrajinski, vzhodnoslovanski","og_url":"https:\/\/talkpal.ai\/sl\/ukrajinske-slovnicne-vaje\/","og_site_name":"Talkpal","article_publisher":"https:\/\/www.facebook.com\/profile.php?id=100090733639311","article_modified_time":"2025-12-17T16:20:56+00:00","og_image":[{"width":512,"height":512,"url":"https:\/\/talkpal.ai\/wp-content\/uploads\/2023\/04\/ukraine.png","type":"image\/png"}],"twitter_card":"summary_large_image","twitter_site":"@talkpalai","twitter_misc":{"Est. reading time":"3 minute"},"schema":{"@context":"https:\/\/schema.org","@graph":[{"@type":"WebPage","@id":"https:\/\/talkpal.ai\/sl\/ukrajinske-slovnicne-vaje\/","url":"https:\/\/talkpal.ai\/sl\/ukrajinske-slovnicne-vaje\/","name":"Ukrajinske slovni\u010dne vaje - Talkpal","isPartOf":{"@id":"https:\/\/talkpal.ai\/sl\/#website"},"primaryImageOfPage":{"@id":"https:\/\/talkpal.ai\/sl\/ukrajinske-slovnicne-vaje\/#primaryimage"},"image":{"@id":"https:\/\/talkpal.ai\/sl\/ukrajinske-slovnicne-vaje\/#primaryimage"},"thumbnailUrl":"https:\/\/talkpal.ai\/wp-content\/uploads\/2023\/04\/ukraine.png","datePublished":"2023-06-16T10:51:16+00:00","dateModified":"2025-12-17T16:20:56+00:00","description":"Izbolj\u0161ajte svoje znanje ukrajin\u0161\u010dine z zanimivimi ukrajinskimi slovni\u010dnimi vajami, ki zajemajo bistvene slovni\u010dne teme za teko\u010dnost.","breadcrumb":{"@id":"https:\/\/talkpal.ai\/sl\/ukrajinske-slovnicne-vaje\/#breadcrumb"},"inLanguage":"sl-SI","potentialAction":[{"@type":"ReadAction","target":["https:\/\/talkpal.ai\/sl\/ukrajinske-slovnicne-vaje\/"]}]},{"@type":"ImageObject","inLanguage":"sl-SI","@id":"https:\/\/talkpal.ai\/sl\/ukrajinske-slovnicne-vaje\/#primaryimage","url":"https:\/\/talkpal.ai\/wp-content\/uploads\/2023\/04\/ukraine.png","contentUrl":"https:\/\/talkpal.ai\/wp-content\/uploads\/2023\/04\/ukraine.png","width":512,"height":512,"caption":"TalkPal Ukrainian Flag"},{"@type":"BreadcrumbList","@id":"https:\/\/talkpal.ai\/sl\/ukrajinske-slovnicne-vaje\/#breadcrumb","itemListElement":[{"@type":"ListItem","position":1,"name":"Homepage","item":"https:\/\/talkpal.ai\/sl\/"},{"@type":"ListItem","position":2,"name":"Ukrajinske slovni\u010dne vaje"}]},{"@type":"WebSite","@id":"https:\/\/talkpal.ai\/sl\/#website","url":"https:\/\/talkpal.ai\/sl\/","name":"Talkpal","description":"AI Language Learning","publisher":{"@id":"https:\/\/talkpal.ai\/sl\/#organization"},"alternateName":"Talkpal AI","potentialAction":[{"@type":"SearchAction","target":{"@type":"EntryPoint","urlTemplate":"https:\/\/talkpal.ai\/sl\/?s={search_term_string}"},"query-input":{"@type":"PropertyValueSpecification","valueRequired":true,"valueName":"search_term_string"}}],"inLanguage":"sl-SI"},{"@type":"Organization","@id":"https:\/\/talkpal.ai\/sl\/#organization","name":"Talkpal, Inc.","alternateName":"Talkpal AI","url":"https:\/\/talkpal.ai\/sl\/","logo":{"@type":"ImageObject","inLanguage":"sl-SI","@id":"https:\/\/talkpal.ai\/sl\/#\/schema\/logo\/image\/","url":"https:\/\/talkpal.ai\/wp-content\/uploads\/2024\/03\/Talkpal-Logo-Icon.png","contentUrl":"https:\/\/talkpal.ai\/wp-content\/uploads\/2024\/03\/Talkpal-Logo-Icon.png","width":2880,"height":2880,"caption":"Talkpal, Inc."},"image":{"@id":"https:\/\/talkpal.ai\/sl\/#\/schema\/logo\/image\/"},"sameAs":["https:\/\/www.facebook.com\/profile.php?id=100090733639311","https:\/\/x.com\/talkpalai","https:\/\/www.linkedin.com\/company\/talkpal\/","https:\/\/www.youtube.com\/@TalkPal\/","https:\/\/www.tiktok.com\/@talkpal","https:\/\/www.instagram.com\/talkpal_ai\/","https:\/\/www.crunchbase.com\/organization\/talkpal-9cde","https:\/\/www.g2.com\/products\/talkpal-for-business\/","https:\/\/www.trustpilot.com\/review\/talkpal.ai","https:\/\/www.capterra.com\/p\/10006800\/TalkPal\/"],"description":"Talkpal is a language learning web and mobile education app, powered by the latest AI technologies, that provides engaging experiences to its customers in many different languages to help them improve their language skills. Users can chat about unlimited amount of topics with the app and use other modes to practice their language learning.","email":"support@talkpal.ai","legalName":"Talkpal, Inc.","foundingDate":"2023-04-03","duns":"118989042","numberOfEmployees":{"@type":"QuantitativeValue","minValue":"11","maxValue":"50"},"publishingPrinciples":"https:\/\/talkpal.ai\/publishing-principles\/","actionableFeedbackPolicy":"https:\/\/talkpal.ai\/actionable-feedback-policy\/","correctionsPolicy":"https:\/\/talkpal.ai\/corrections-policy\/","ethicsPolicy":"https:\/\/talkpal.ai\/ethics-policy\/","diversityPolicy":"https:\/\/talkpal.ai\/diversity-policy\/","diversityStaffingReport":"https:\/\/talkpal.ai\/diversity-policy\/"}]}},"_links":{"self":[{"href":"https:\/\/talkpal.ai\/sl\/wp-json\/wp\/v2\/pages\/135809","targetHints":{"allow":["GET"]}}],"collection":[{"href":"https:\/\/talkpal.ai\/sl\/wp-json\/wp\/v2\/pages"}],"about":[{"href":"https:\/\/talkpal.ai\/sl\/wp-json\/wp\/v2\/types\/page"}],"author":[{"embeddable":true,"href":"https:\/\/talkpal.ai\/sl\/wp-json\/wp\/v2\/users\/6"}],"replies":[{"embeddable":true,"href":"https:\/\/talkpal.ai\/sl\/wp-json\/wp\/v2\/comments?post=135809"}],"version-history":[{"count":0,"href":"https:\/\/talkpal.ai\/sl\/wp-json\/wp\/v2\/pages\/135809\/revisions"}],"wp:featuredmedia":[{"embeddable":true,"href":"https:\/\/talkpal.ai\/sl\/wp-json\/wp\/v2\/media\/108581"}],"wp:attachment":[{"href":"https:\/\/talkpal.ai\/sl\/wp-json\/wp\/v2\/media?parent=135809"}],"curies":[{"name":"wp","href":"https:\/\/api.w.org\/{rel}","templated":true}]}}