{"id":135378,"date":"2023-06-16T10:42:00","date_gmt":"2023-06-16T10:42:00","guid":{"rendered":"http:\/\/talkpal.ai\/portugalske-slovnicne-vaje\/"},"modified":"2025-12-17T16:16:27","modified_gmt":"2025-12-17T16:16:27","slug":"portugalske-slovnicne-vaje","status":"publish","type":"page","link":"https:\/\/talkpal.ai\/sl\/portugalske-slovnicne-vaje\/","title":{"rendered":"Portugalske slovni\u010dne vaje"},"content":{"rendered":"\r\n\r\n\r\n<section class=\"languageChallengeSection\">\r\n    <div class=\"languageInfoWrapper\">\r\n        \r\n        <h1>Portugalske slovni\u010dne vaje<\/h1>\r\n        <p>\u017delite izbolj\u0161ati svoje znanje portugal\u0161\u010dine? Spoznajte slovnico in osvojite zgradbo stavka, glagolske sklanjatve in edinstvene vzorce portugalskega jezika. Za\u010dnite vaditi portugalsko slovnico zdaj in opazujte, kako z vsako vajo rasteta va\u0161e zaupanje in teko\u010dnost!<\/p>\r\n\r\n                            <a class=\"getStartedHidden\" href=\"https:\/\/app.talkpal.ai\/sl\/signup?lng=\">Za\u010dni<\/a>\r\n        \r\n    <\/div>\r\n\r\n    <figure>\r\n    <img decoding=\"async\" width=\"768\" height=\"768\" src=\"https:\/\/talkpal.ai\/wp-content\/uploads\/2023\/06\/portuguese-768x768.png\" class=\"languageImage no-lazy\" alt=\"Language learning for broader world view\" fetchpriority=\"high\" sizes=\"(max-width: 768px) 150px, 768px\" srcset=\"https:\/\/talkpal.ai\/wp-content\/uploads\/2023\/06\/portuguese-768x768.png 768w, https:\/\/talkpal.ai\/wp-content\/uploads\/2023\/06\/portuguese-300x300.png 300w\" \/>\r\n    \r\n\r\n    <\/figure>\r\n\r\n            <a class=\"getStartedVisible\" href=\"https:\/\/app.talkpal.ai\/sl\/signup?lng=\">Za\u010dni<\/a>\r\n    \r\n<\/section>\r\n\r\n\r\n<!-- <section class=\"grammarSection\">\r\n    <div class=\"grammarLinks\">\r\n            <\/div>\r\n<\/section> -->\r\n\r\n\r\n\r\n\r\n<section class=\"promotionalBanner\">\r\n    <p class=\"promotionalText\">Naju\u010dinkovitej\u0161i na\u010din u\u010denja jezika<\/p>\r\n    <a class=\"promotionalLink\" href=\"https:\/\/app.talkpal.ai\/sl\/signup?lng=\">Preizkusite Talkpal brezpla\u010dno<\/a>\r\n<\/section>\n<div class=\"wp-block-group pageContainerStyle\"><div class=\"wp-block-group__inner-container is-layout-constrained wp-block-group-is-layout-constrained\">\n<h2 class=\"wp-block-heading\" id=\"h-portuguese-grammar-topics\">Portugalske slovni\u010dne teme<\/h2>\n\n\n\n<p>U\u010denje novega jezika je lahko vznemirljiva in koristna izku\u0161nja, <a href=\"https:\/\/talkpal.ai\/learn-portuguese\/\">portugal\u0161\u010dina<\/a> pa ni izjema. Kot \u0161esti najbolj govorjeni jezik na svetu ponuja \u0161tevilne prilo\u017enosti za osebno in poklicno rast. Razumevanje in obvladovanje jezikovnih zapletenosti in slovnice lahko odpre vrata bogatim kulturnim izku\u0161njam v dr\u017eavah, kot so Portugalska, Brazilija in razli\u010dne afri\u0161ke dr\u017eave. Da bi vam olaj\u0161ali potovanje v svet portugal\u0161\u010dine, ta vodnik opisuje zaporedje slovni\u010dnih tem, ki jih morate upo\u0161tevati, in zagotavlja, da zgradite mo\u010dne temelje in napredujete z udobnim tempom.<\/p>\n\n\n\n<h3 class=\"wp-block-heading\" id=\"h-1-articles\">1. \u010clanki:<\/h3>\n\n\n\n<p>Za\u010dnite z u\u010denjem dolo\u010denih in nedolo\u010denih \u010dlankov, ki so bistveni gradniki jezika. Ti zagotavljajo okvir za razumevanje spola in \u0161tevila samostalnikov v stavkih.<\/p>\n\n\n\n<h3 class=\"wp-block-heading\" id=\"h-2-nouns\">2. Samostalniki:<\/h3>\n\n\n\n<p>Seznanite se s portugalskimi samostalniki, vklju\u010dno z njihovim spolom (mo\u0161ki ali \u017eenski) in \u0161tevilom (ednina ali mno\u017eina). To znanje bo klju\u010dnega pomena za oblikovanje skladnih stavkov in dogovorov z drugimi elementi, kot so pridevniki.<\/p>\n\n\n\n<h3 class=\"wp-block-heading\" id=\"h-3-adjectives\">3. Pridevniki:<\/h3>\n\n\n\n<p>Nau\u010dite se opisati samostalnike s pridevniki, ki se morajo ujemati s samostalnikom v spolu in \u0161tevilu. To bo izbolj\u0161alo va\u0161o sposobnost izra\u017eanja idej in opisovanja predmetov ali ljudi v portugal\u0161\u010dini.<\/p>\n\n\n\n<h3 class=\"wp-block-heading\" id=\"h-4-pronouns\">4. Zaimki:<\/h3>\n\n\n\n<p>Potopite se v svet zaimkov, vklju\u010dno z osebnimi, posesivnimi, demonstrativnimi in relativnimi zaimki. Ti nadome\u0161\u010dajo samostalnike v stavkih in pomagajo prepre\u010devati nepotrebno ponavljanje.<\/p>\n\n\n\n<h3 class=\"wp-block-heading\" id=\"h-5-verbs\">5. Glagoli:<\/h3>\n\n\n\n<p>Razumeti razli\u010dne glagolske konjugacije v portugal\u0161\u010dini, ki so bistvene za izra\u017eanje dejanj, dogodkov in dr\u017eav. Za\u010dnite z obi\u010dajnimi glagoli, nato pa nadaljujte z nepravilnimi glagoli in njihovimi razli\u010dnimi konjugacijami.<\/p>\n\n\n\n<h3 class=\"wp-block-heading\" id=\"h-6-tenses-indicative\">6. Okvirni \u010dasi:<\/h3>\n\n\n\n<p>Nau\u010dite se indikativnega razpolo\u017eenja, ki se uporablja za izra\u017eanje dejstev ali gotovosti. To vklju\u010duje razumevanje razli\u010dnih \u010dasov, kot so sedanjost, preteklost in prihodnost, pa tudi njihove konjugacije za razli\u010dne vrste glagolov.<\/p>\n\n\n\n<h3 class=\"wp-block-heading\" id=\"h-7-tenses-subjunctive\">7. \u010casi konjunktivni:<\/h3>\n\n\n\n<p>Poglobite se v konjunktivno razpolo\u017eenje, ki izra\u017ea dvom, mo\u017enost ali negotovost. To vklju\u010duje u\u010denje sedanjega, preteklega in prihodnjega konjunktivnega \u010dasa ter njihovih konjugacij.<\/p>\n\n\n\n<h3 class=\"wp-block-heading\" id=\"h-8-tense-comparison\">8. Napeta primerjava:<\/h3>\n\n\n\n<p>Preu\u010dite, kako primerjati in kontrastirati razli\u010dne \u010dase v indikativnem in konjunktivnem razpolo\u017eenju. To vam bo pomagalo izbrati ustrezen \u010das za razli\u010dne kontekste in situacije.<\/p>\n\n\n\n<h3 class=\"wp-block-heading\" id=\"h-9-adverbs\">9. Prislovi:<\/h3>\n\n\n\n<p>Preberite ve\u010d o prislovih, ki spreminjajo glagole, pridevnike ali druge prislove, pri \u010demer navedite dodatne informacije o na\u010dinu, kraju ali \u010dasu dejanja.<\/p>\n\n\n\n<h3 class=\"wp-block-heading\" id=\"h-10-prepositions\">10. Predlogi:<\/h3>\n\n\n\n<p>Seznanite se z uporabo predlogov, ki vzpostavljajo odnose med besedami v stavku, kot so lokacija, smer, \u010das ali namen.<\/p>\n\n\n\n<h3 class=\"wp-block-heading\" id=\"h-11-sentence-structure\">11. Struktura stavkov:<\/h3>\n\n\n\n<p>Na koncu razumite osnovno strukturo stavkov v portugal\u0161\u010dini, vklju\u010dno z vrstnim redom besed, negacijo in oblikovanjem vpra\u0161anj. To vam bo omogo\u010dilo konstruiranje smiselnih in slovni\u010dno pravilnih stavkov, kar bo omogo\u010dilo u\u010dinkovito komunikacijo v portugalskem jeziku.<\/p>\n<\/div><\/div>\n\r\n<section class=\"learnNavigationSection\">\r\n            \r\n        <a href=\"https:\/\/talkpal.ai\/sl\/naucite-se-portugalscine\/\">\r\n            <div class=\"learnNavigationWrapper\">\r\n                <div class=\"learnNavigationContent\">\r\n                    <img decoding=\"async\" src=\"https:\/\/talkpal.ai\/wp-content\/uploads\/2024\/08\/Portuguese.jpg\" alt=\"Portuguese Flag\">\r\n                    <div>\r\n                        <h4>O u\u010denju na Portugalskem<\/h4>\r\n                        <p>Preberite vse o portugalski slovnici.<\/p>\r\n                    <\/div>\r\n                <\/div>\r\n            <\/div>\r\n        <\/a>\r\n\r\n        \r\n        <a href=\"https:\/\/talkpal.ai\/sl\/portugalska-slovnica\/\">\r\n            <div class=\"learnNavigationWrapper\">\r\n                <div class=\"learnNavigationContent\">\r\n                    <img decoding=\"async\" src=\"https:\/\/talkpal.ai\/wp-content\/uploads\/2024\/08\/Portuguese.jpg\" alt=\"Portuguese Flag\">\r\n                    <div>\r\n                        <h4>Lekcije portugalske slovnice<\/h4>\r\n                        <p>Vadite portugalsko slovnico.<\/p>\r\n                    <\/div>\r\n                <\/div>\r\n            <\/div>\r\n        <\/a>\r\n\r\n        \r\n        <a href=\"https:\/\/talkpal.ai\/vocabulary_language\/portuguese\/\">\r\n            <div class=\"learnNavigationWrapper\">\r\n                <div class=\"learnNavigationContent\">\r\n                    <img decoding=\"async\" src=\"https:\/\/talkpal.ai\/wp-content\/uploads\/2024\/08\/Portuguese.jpg\" alt=\"Portuguese Flag\">\r\n                    <div>\r\n                        <h4>Portugalski besednjak<\/h4>\r\n                        <p>Raz\u0161irite svoj portugalski besedni zaklad.<\/p>\r\n                    <\/div>\r\n                <\/div>\r\n            <\/div>\r\n        <\/a>\r\n\r\n            <\/section>","protected":false},"excerpt":{"rendered":"<p>Portugalske slovni\u010dne teme U\u010denje novega jezika je lahko vznemirljiva in koristna izku\u0161nja, portugal\u0161\u010dina pa ni izjema. Kot \u0161esti najbolj govorjeni jezik na svetu ponuja \u0161tevilne prilo\u017enosti za osebno in poklicno rast. Razumevanje in obvladovanje jezikovnih zapletenosti in slovnice lahko odpre vrata bogatim kulturnim izku\u0161njam v dr\u017eavah, kot so Portugalska, Brazilija in razli\u010dne afri\u0161ke dr\u017eave. Da [&hellip;]<\/p>\n","protected":false},"author":6,"featured_media":107768,"parent":0,"menu_order":0,"comment_status":"closed","ping_status":"closed","template":"LearningContentPage.php","meta":{"_acf_changed":false,"footnotes":""},"class_list":["post-135378","page","type-page","status-publish","has-post-thumbnail","hentry"],"acf":[],"yoast_head":"<!-- This site is optimized with the Yoast SEO Premium plugin v27.2 (Yoast SEO v27.2) - https:\/\/yoast.com\/product\/yoast-seo-premium-wordpress\/ -->\n<title>Portugalske slovni\u010dne vaje - Talkpal<\/title>\n<meta name=\"description\" content=\"Okrepite znanje portugalske slovnice z interaktivnimi vajami, namenjenimi vsem ravnem.\" \/>\n<meta name=\"robots\" content=\"index, follow, max-snippet:-1, max-image-preview:large, max-video-preview:-1\" \/>\n<link rel=\"canonical\" href=\"https:\/\/talkpal.ai\/sl\/portugalske-slovnicne-vaje\/\" \/>\n<meta property=\"og:locale\" content=\"sl_SI\" \/>\n<meta property=\"og:type\" content=\"article\" \/>\n<meta property=\"og:title\" content=\"Portugalske slovni\u010dne vaje\" \/>\n<meta property=\"og:description\" content=\"Portugalske slovni\u010dne teme U\u010denje novega jezika je lahko vznemirljiva in koristna izku\u0161nja, portugal\u0161\u010dina pa ni izjema. Kot \u0161esti najbolj govorjeni jezik\" \/>\n<meta property=\"og:url\" content=\"https:\/\/talkpal.ai\/sl\/portugalske-slovnicne-vaje\/\" \/>\n<meta property=\"og:site_name\" content=\"Talkpal\" \/>\n<meta property=\"article:publisher\" content=\"https:\/\/www.facebook.com\/profile.php?id=100090733639311\" \/>\n<meta property=\"article:modified_time\" content=\"2025-12-17T16:16:27+00:00\" \/>\n<meta property=\"og:image\" content=\"https:\/\/talkpal.ai\/wp-content\/uploads\/2023\/04\/portugal.png\" \/>\n\t<meta property=\"og:image:width\" content=\"512\" \/>\n\t<meta property=\"og:image:height\" content=\"512\" \/>\n\t<meta property=\"og:image:type\" content=\"image\/png\" \/>\n<meta name=\"twitter:card\" content=\"summary_large_image\" \/>\n<meta name=\"twitter:site\" content=\"@talkpalai\" \/>\n<meta name=\"twitter:label1\" content=\"Est. reading time\" \/>\n\t<meta name=\"twitter:data1\" content=\"2 minuti\" \/>\n<script type=\"application\/ld+json\" class=\"yoast-schema-graph\">{\"@context\":\"https:\/\/schema.org\",\"@graph\":[{\"@type\":\"WebPage\",\"@id\":\"https:\/\/talkpal.ai\/sl\/portugalske-slovnicne-vaje\/\",\"url\":\"https:\/\/talkpal.ai\/sl\/portugalske-slovnicne-vaje\/\",\"name\":\"Portugalske slovni\u010dne vaje - Talkpal\",\"isPartOf\":{\"@id\":\"https:\/\/talkpal.ai\/sl\/#website\"},\"primaryImageOfPage\":{\"@id\":\"https:\/\/talkpal.ai\/sl\/portugalske-slovnicne-vaje\/#primaryimage\"},\"image\":{\"@id\":\"https:\/\/talkpal.ai\/sl\/portugalske-slovnicne-vaje\/#primaryimage\"},\"thumbnailUrl\":\"https:\/\/talkpal.ai\/wp-content\/uploads\/2023\/04\/portugal.png\",\"datePublished\":\"2023-06-16T10:42:00+00:00\",\"dateModified\":\"2025-12-17T16:16:27+00:00\",\"description\":\"Okrepite znanje portugalske slovnice z interaktivnimi vajami, namenjenimi vsem ravnem.\",\"breadcrumb\":{\"@id\":\"https:\/\/talkpal.ai\/sl\/portugalske-slovnicne-vaje\/#breadcrumb\"},\"inLanguage\":\"sl-SI\",\"potentialAction\":[{\"@type\":\"ReadAction\",\"target\":[\"https:\/\/talkpal.ai\/sl\/portugalske-slovnicne-vaje\/\"]}]},{\"@type\":\"ImageObject\",\"inLanguage\":\"sl-SI\",\"@id\":\"https:\/\/talkpal.ai\/sl\/portugalske-slovnicne-vaje\/#primaryimage\",\"url\":\"https:\/\/talkpal.ai\/wp-content\/uploads\/2023\/04\/portugal.png\",\"contentUrl\":\"https:\/\/talkpal.ai\/wp-content\/uploads\/2023\/04\/portugal.png\",\"width\":512,\"height\":512},{\"@type\":\"BreadcrumbList\",\"@id\":\"https:\/\/talkpal.ai\/sl\/portugalske-slovnicne-vaje\/#breadcrumb\",\"itemListElement\":[{\"@type\":\"ListItem\",\"position\":1,\"name\":\"Homepage\",\"item\":\"https:\/\/talkpal.ai\/sl\/\"},{\"@type\":\"ListItem\",\"position\":2,\"name\":\"Portugalske slovni\u010dne vaje\"}]},{\"@type\":\"WebSite\",\"@id\":\"https:\/\/talkpal.ai\/sl\/#website\",\"url\":\"https:\/\/talkpal.ai\/sl\/\",\"name\":\"Talkpal\",\"description\":\"AI Language Learning\",\"publisher\":{\"@id\":\"https:\/\/talkpal.ai\/sl\/#organization\"},\"alternateName\":\"Talkpal AI\",\"potentialAction\":[{\"@type\":\"SearchAction\",\"target\":{\"@type\":\"EntryPoint\",\"urlTemplate\":\"https:\/\/talkpal.ai\/sl\/?s={search_term_string}\"},\"query-input\":{\"@type\":\"PropertyValueSpecification\",\"valueRequired\":true,\"valueName\":\"search_term_string\"}}],\"inLanguage\":\"sl-SI\"},{\"@type\":\"Organization\",\"@id\":\"https:\/\/talkpal.ai\/sl\/#organization\",\"name\":\"Talkpal, Inc.\",\"alternateName\":\"Talkpal AI\",\"url\":\"https:\/\/talkpal.ai\/sl\/\",\"logo\":{\"@type\":\"ImageObject\",\"inLanguage\":\"sl-SI\",\"@id\":\"https:\/\/talkpal.ai\/sl\/#\/schema\/logo\/image\/\",\"url\":\"https:\/\/talkpal.ai\/wp-content\/uploads\/2024\/03\/Talkpal-Logo-Icon.png\",\"contentUrl\":\"https:\/\/talkpal.ai\/wp-content\/uploads\/2024\/03\/Talkpal-Logo-Icon.png\",\"width\":2880,\"height\":2880,\"caption\":\"Talkpal, Inc.\"},\"image\":{\"@id\":\"https:\/\/talkpal.ai\/sl\/#\/schema\/logo\/image\/\"},\"sameAs\":[\"https:\/\/www.facebook.com\/profile.php?id=100090733639311\",\"https:\/\/x.com\/talkpalai\",\"https:\/\/www.linkedin.com\/company\/talkpal\/\",\"https:\/\/www.youtube.com\/@TalkPal\/\",\"https:\/\/www.tiktok.com\/@talkpal\",\"https:\/\/www.instagram.com\/talkpal_ai\/\",\"https:\/\/www.crunchbase.com\/organization\/talkpal-9cde\",\"https:\/\/www.g2.com\/products\/talkpal-for-business\/\",\"https:\/\/www.trustpilot.com\/review\/talkpal.ai\",\"https:\/\/www.capterra.com\/p\/10006800\/TalkPal\/\"],\"description\":\"Talkpal is a language learning web and mobile education app, powered by the latest AI technologies, that provides engaging experiences to its customers in many different languages to help them improve their language skills. Users can chat about unlimited amount of topics with the app and use other modes to practice their language learning.\",\"email\":\"support@talkpal.ai\",\"legalName\":\"Talkpal, Inc.\",\"foundingDate\":\"2023-04-03\",\"duns\":\"118989042\",\"numberOfEmployees\":{\"@type\":\"QuantitativeValue\",\"minValue\":\"11\",\"maxValue\":\"50\"},\"publishingPrinciples\":\"https:\/\/talkpal.ai\/publishing-principles\/\",\"actionableFeedbackPolicy\":\"https:\/\/talkpal.ai\/actionable-feedback-policy\/\",\"correctionsPolicy\":\"https:\/\/talkpal.ai\/corrections-policy\/\",\"ethicsPolicy\":\"https:\/\/talkpal.ai\/ethics-policy\/\",\"diversityPolicy\":\"https:\/\/talkpal.ai\/diversity-policy\/\",\"diversityStaffingReport\":\"https:\/\/talkpal.ai\/diversity-policy\/\"}]}<\/script>\n<!-- \/ Yoast SEO Premium plugin. -->","yoast_head_json":{"title":"Portugalske slovni\u010dne vaje - Talkpal","description":"Okrepite znanje portugalske slovnice z interaktivnimi vajami, namenjenimi vsem ravnem.","robots":{"index":"index","follow":"follow","max-snippet":"max-snippet:-1","max-image-preview":"max-image-preview:large","max-video-preview":"max-video-preview:-1"},"canonical":"https:\/\/talkpal.ai\/sl\/portugalske-slovnicne-vaje\/","og_locale":"sl_SI","og_type":"article","og_title":"Portugalske slovni\u010dne vaje","og_description":"Portugalske slovni\u010dne teme U\u010denje novega jezika je lahko vznemirljiva in koristna izku\u0161nja, portugal\u0161\u010dina pa ni izjema. Kot \u0161esti najbolj govorjeni jezik","og_url":"https:\/\/talkpal.ai\/sl\/portugalske-slovnicne-vaje\/","og_site_name":"Talkpal","article_publisher":"https:\/\/www.facebook.com\/profile.php?id=100090733639311","article_modified_time":"2025-12-17T16:16:27+00:00","og_image":[{"width":512,"height":512,"url":"https:\/\/talkpal.ai\/wp-content\/uploads\/2023\/04\/portugal.png","type":"image\/png"}],"twitter_card":"summary_large_image","twitter_site":"@talkpalai","twitter_misc":{"Est. reading time":"2 minuti"},"schema":{"@context":"https:\/\/schema.org","@graph":[{"@type":"WebPage","@id":"https:\/\/talkpal.ai\/sl\/portugalske-slovnicne-vaje\/","url":"https:\/\/talkpal.ai\/sl\/portugalske-slovnicne-vaje\/","name":"Portugalske slovni\u010dne vaje - Talkpal","isPartOf":{"@id":"https:\/\/talkpal.ai\/sl\/#website"},"primaryImageOfPage":{"@id":"https:\/\/talkpal.ai\/sl\/portugalske-slovnicne-vaje\/#primaryimage"},"image":{"@id":"https:\/\/talkpal.ai\/sl\/portugalske-slovnicne-vaje\/#primaryimage"},"thumbnailUrl":"https:\/\/talkpal.ai\/wp-content\/uploads\/2023\/04\/portugal.png","datePublished":"2023-06-16T10:42:00+00:00","dateModified":"2025-12-17T16:16:27+00:00","description":"Okrepite znanje portugalske slovnice z interaktivnimi vajami, namenjenimi vsem ravnem.","breadcrumb":{"@id":"https:\/\/talkpal.ai\/sl\/portugalske-slovnicne-vaje\/#breadcrumb"},"inLanguage":"sl-SI","potentialAction":[{"@type":"ReadAction","target":["https:\/\/talkpal.ai\/sl\/portugalske-slovnicne-vaje\/"]}]},{"@type":"ImageObject","inLanguage":"sl-SI","@id":"https:\/\/talkpal.ai\/sl\/portugalske-slovnicne-vaje\/#primaryimage","url":"https:\/\/talkpal.ai\/wp-content\/uploads\/2023\/04\/portugal.png","contentUrl":"https:\/\/talkpal.ai\/wp-content\/uploads\/2023\/04\/portugal.png","width":512,"height":512},{"@type":"BreadcrumbList","@id":"https:\/\/talkpal.ai\/sl\/portugalske-slovnicne-vaje\/#breadcrumb","itemListElement":[{"@type":"ListItem","position":1,"name":"Homepage","item":"https:\/\/talkpal.ai\/sl\/"},{"@type":"ListItem","position":2,"name":"Portugalske slovni\u010dne vaje"}]},{"@type":"WebSite","@id":"https:\/\/talkpal.ai\/sl\/#website","url":"https:\/\/talkpal.ai\/sl\/","name":"Talkpal","description":"AI Language Learning","publisher":{"@id":"https:\/\/talkpal.ai\/sl\/#organization"},"alternateName":"Talkpal AI","potentialAction":[{"@type":"SearchAction","target":{"@type":"EntryPoint","urlTemplate":"https:\/\/talkpal.ai\/sl\/?s={search_term_string}"},"query-input":{"@type":"PropertyValueSpecification","valueRequired":true,"valueName":"search_term_string"}}],"inLanguage":"sl-SI"},{"@type":"Organization","@id":"https:\/\/talkpal.ai\/sl\/#organization","name":"Talkpal, Inc.","alternateName":"Talkpal AI","url":"https:\/\/talkpal.ai\/sl\/","logo":{"@type":"ImageObject","inLanguage":"sl-SI","@id":"https:\/\/talkpal.ai\/sl\/#\/schema\/logo\/image\/","url":"https:\/\/talkpal.ai\/wp-content\/uploads\/2024\/03\/Talkpal-Logo-Icon.png","contentUrl":"https:\/\/talkpal.ai\/wp-content\/uploads\/2024\/03\/Talkpal-Logo-Icon.png","width":2880,"height":2880,"caption":"Talkpal, Inc."},"image":{"@id":"https:\/\/talkpal.ai\/sl\/#\/schema\/logo\/image\/"},"sameAs":["https:\/\/www.facebook.com\/profile.php?id=100090733639311","https:\/\/x.com\/talkpalai","https:\/\/www.linkedin.com\/company\/talkpal\/","https:\/\/www.youtube.com\/@TalkPal\/","https:\/\/www.tiktok.com\/@talkpal","https:\/\/www.instagram.com\/talkpal_ai\/","https:\/\/www.crunchbase.com\/organization\/talkpal-9cde","https:\/\/www.g2.com\/products\/talkpal-for-business\/","https:\/\/www.trustpilot.com\/review\/talkpal.ai","https:\/\/www.capterra.com\/p\/10006800\/TalkPal\/"],"description":"Talkpal is a language learning web and mobile education app, powered by the latest AI technologies, that provides engaging experiences to its customers in many different languages to help them improve their language skills. Users can chat about unlimited amount of topics with the app and use other modes to practice their language learning.","email":"support@talkpal.ai","legalName":"Talkpal, Inc.","foundingDate":"2023-04-03","duns":"118989042","numberOfEmployees":{"@type":"QuantitativeValue","minValue":"11","maxValue":"50"},"publishingPrinciples":"https:\/\/talkpal.ai\/publishing-principles\/","actionableFeedbackPolicy":"https:\/\/talkpal.ai\/actionable-feedback-policy\/","correctionsPolicy":"https:\/\/talkpal.ai\/corrections-policy\/","ethicsPolicy":"https:\/\/talkpal.ai\/ethics-policy\/","diversityPolicy":"https:\/\/talkpal.ai\/diversity-policy\/","diversityStaffingReport":"https:\/\/talkpal.ai\/diversity-policy\/"}]}},"_links":{"self":[{"href":"https:\/\/talkpal.ai\/sl\/wp-json\/wp\/v2\/pages\/135378","targetHints":{"allow":["GET"]}}],"collection":[{"href":"https:\/\/talkpal.ai\/sl\/wp-json\/wp\/v2\/pages"}],"about":[{"href":"https:\/\/talkpal.ai\/sl\/wp-json\/wp\/v2\/types\/page"}],"author":[{"embeddable":true,"href":"https:\/\/talkpal.ai\/sl\/wp-json\/wp\/v2\/users\/6"}],"replies":[{"embeddable":true,"href":"https:\/\/talkpal.ai\/sl\/wp-json\/wp\/v2\/comments?post=135378"}],"version-history":[{"count":0,"href":"https:\/\/talkpal.ai\/sl\/wp-json\/wp\/v2\/pages\/135378\/revisions"}],"wp:featuredmedia":[{"embeddable":true,"href":"https:\/\/talkpal.ai\/sl\/wp-json\/wp\/v2\/media\/107768"}],"wp:attachment":[{"href":"https:\/\/talkpal.ai\/sl\/wp-json\/wp\/v2\/media?parent=135378"}],"curies":[{"name":"wp","href":"https:\/\/api.w.org\/{rel}","templated":true}]}}