{"id":135049,"date":"2023-06-16T10:27:33","date_gmt":"2023-06-16T10:27:33","guid":{"rendered":"http:\/\/talkpal.ai\/korejske-slovnicne-vaje\/"},"modified":"2025-12-17T16:48:55","modified_gmt":"2025-12-17T16:48:55","slug":"korejske-slovnicne-vaje","status":"publish","type":"page","link":"https:\/\/talkpal.ai\/sl\/korejske-slovnicne-vaje\/","title":{"rendered":"Korejske slovni\u010dne vaje"},"content":{"rendered":"\r\n\r\n\r\n<section class=\"languageChallengeSection\">\r\n    <div class=\"languageInfoWrapper\">\r\n        \r\n        <h1>Korejske slovni\u010dne vaje<\/h1>\r\n        <p>\u017delite izbolj\u0161ati znanje korejskega jezika? Osredoto\u010danje na slovni\u010dne vaje je odli\u010den na\u010din za obvladovanje stav\u010dne strukture, glagolskih kon\u010dnic in vsakdanjih fraz. Potopite se in redno vadite korejsko slovnico &#8211; vsaka vaja vas pribli\u017ea naravnemu in samozavestnemu sporazumevanju. Za\u010dnite \u0161e danes in opazujte, kako se va\u0161e znanje korej\u0161\u010dine korak za korakom izbolj\u0161uje!<\/p>\r\n\r\n                            <a class=\"getStartedHidden\" href=\"https:\/\/app.talkpal.ai\/sl\/signup?lng=\">Za\u010dni<\/a>\r\n        \r\n    <\/div>\r\n\r\n    <figure>\r\n    <img decoding=\"async\" width=\"768\" height=\"768\" src=\"https:\/\/talkpal.ai\/wp-content\/uploads\/2023\/06\/korean-768x768.png\" class=\"languageImage no-lazy\" alt=\"Line-by-line learning for language acquisition\" fetchpriority=\"high\" sizes=\"(max-width: 768px) 150px, 768px\" srcset=\"https:\/\/talkpal.ai\/wp-content\/uploads\/2023\/06\/korean-768x768.png 768w, https:\/\/talkpal.ai\/wp-content\/uploads\/2023\/06\/korean-300x300.png 300w\" \/>\r\n    \r\n\r\n    <\/figure>\r\n\r\n            <a class=\"getStartedVisible\" href=\"https:\/\/app.talkpal.ai\/sl\/signup?lng=\">Za\u010dni<\/a>\r\n    \r\n<\/section>\r\n\r\n\r\n<!-- <section class=\"grammarSection\">\r\n    <div class=\"grammarLinks\">\r\n            <\/div>\r\n<\/section> -->\r\n\r\n\r\n\r\n\r\n<section class=\"promotionalBanner\">\r\n    <p class=\"promotionalText\">Naju\u010dinkovitej\u0161i na\u010din u\u010denja jezika<\/p>\r\n    <a class=\"promotionalLink\" href=\"https:\/\/app.talkpal.ai\/sl\/signup?lng=\">Preizkusite Talkpal brezpla\u010dno<\/a>\r\n<\/section>\n<div class=\"wp-block-group pageContainerStyle\"><div class=\"wp-block-group__inner-container is-layout-constrained wp-block-group-is-layout-constrained\">\n<h2 class=\"wp-block-heading\" id=\"h-korean-grammar-topics\">Teme korejske slovnice<\/h2>\n\n\n\n<p>U\u010denje korej\u0161\u010dine je lahko vznemirljiva in koristna izku\u0161nja, saj odpira nove kulturne in poklicne prilo\u017enosti. <a href=\"https:\/\/talkpal.ai\/hr\/ucenje-korejskog-jezika\/\">Korejski jezik<\/a> ima bogato zgodovino in ga govorijo milijoni ljudi po vsem svetu. Eden klju\u010dnih vidikov u\u010denja katerega koli jezika je razumevanje njegove slovnice. V primeru korej\u0161\u010dine je <a href=\"https:\/\/talkpal.ai\/grammar\/\">slovnica<\/a> precej druga\u010dna od mnogih zahodnih jezikov, vendar jo je s pravim pristopom mogo\u010de sistemati\u010dno razumeti. V tem \u010dlanku bomo raziskali razli\u010dne teme korejske slovnice, vklju\u010dno s \u010dasi, glagoli, samostalniki, \u010dlanki, zaimki, pridevniki, prislovi, predlogi in strukturo stavkov. Z razumevanjem in obvladovanjem teh konceptov boste na dobri <a href=\"https:\/\/talkpal.ai\/locations\/learn-english-in-poti\/\">poti<\/a>, da postanete usposobljeni za korej\u0161\u010dino.<\/p>\n\n\n\n<h3 class=\"wp-block-heading\" id=\"h-1-nouns\">1. Samostalniki:<\/h3>\n\n\n\n<p>V korej\u0161\u010dini so samostalniki bistveni gradniki stavkov. Predstavljajo ljudi, kraje, stvari ali ideje. <a href=\"https:\/\/talkpal.ai\/learn-korean\/\">Korejski<\/a> samostalniki nimajo razlik med spoloma ali \u0161tevilom, zaradi \u010desar so relativno enostavni za u\u010denje. Spoznavanje skupnih korejskih samostalnikov vam bo pomagalo zgraditi mo\u010dno besedi\u0161\u010de.<\/p>\n\n\n\n<h3 class=\"wp-block-heading\" id=\"h-2-verbs\">2. Glagoli:<\/h3>\n\n\n\n<p>Korejski glagoli so klju\u010dnega pomena za posredovanje dejanj in stanj bivanja. Obi\u010dajno pridejo na koncu stavka in imajo razli\u010dne oblike, odvisno od napetosti in vljudnosti. Razumevanje pravil konjugacije za razli\u010dne oblike glagolov je bistveno za u\u010dinkovito komunikacijo v korej\u0161\u010dini.<\/p>\n\n\n\n<h3 class=\"wp-block-heading\" id=\"h-3-adjectives\">3. Pridevniki:<\/h3>\n\n\n\n<p>V korej\u0161\u010dini se pridevniki uporabljajo za opis samostalnikov in imajo podobna pravila konjugacije kot glagoli. Uporabljajo se lahko pred ali za samostalnikom, njihova oblika pa se lahko spremeni glede na napeto in vljudnost. U\u010denje skupnih pridevnikov in njihova uporaba bo izbolj\u0161alo va\u0161e opisne sposobnosti v korej\u0161\u010dini.<\/p>\n\n\n\n<h3 class=\"wp-block-heading\" id=\"h-4-adverbs\">4. Prislovi:<\/h3>\n\n\n\n<p>Prislovi v korej\u0161\u010dini zagotavljajo dodatne informacije o glagolih, pridevnikih ali drugih prislovih. Obi\u010dajno pridejo pred besedo, ki jo spreminjajo, in nimajo posebnih pravil o konjugaciji. Vklju\u010devanje prislovov v korejske stavke lahko doda globino in odtenek va\u0161emu izrazu.<\/p>\n\n\n\n<h3 class=\"wp-block-heading\" id=\"h-5-pronouns\">5. Zaimki:<\/h3>\n\n\n\n<p>Korejski zaimki pomagajo prepre\u010diti odpu\u0161\u010danje in naredijo stavke bolj jedrnate. Nadome\u0161\u010dajo samostalnike, ki so \u017ee bili omenjeni ali razumljeni v kontekstu. Korejski zaimki imajo razli\u010dne oblike glede na dru\u017ebeni polo\u017eaj in spol osebe, zato je njihovo obvladovanje pomemben vidik jezika.<\/p>\n\n\n\n<h3 class=\"wp-block-heading\" id=\"h-6-prepositions\">6. Predlogi:<\/h3>\n\n\n\n<p>V korej\u0161\u010dini se predlogi uporabljajo za izra\u017eanje odnosov med samostalniki v stavku, kot so lokacija, smer ali posest. Za razliko od angle\u0161\u010dine korejski predlogi obi\u010dajno pridejo po samostalniku, ki ga spreminjajo in tvorijo eno enoto, imenovano postpozicijska fraza. Razumevanje pravilne uporabe teh delcev je klju\u010dnega pomena za konstruiranje skladnih korejskih stavkov.<\/p>\n\n\n\n<h3 class=\"wp-block-heading\" id=\"h-7-sentence-structure\">7. Struktura stavkov:<\/h3>\n\n\n\n<p>Osnovna struktura korejskega stavka je subjekt-objekt-glagol (SOV). To pomeni, da glagol obi\u010dajno pride zadnji v stavku, kar je lahko pomembna sprememba za angle\u0161ko govore\u010de. U\u010denje pravilnega vrstnega <a href=\"https:\/\/talkpal.ai\/locations\/learn-english-in-reda\/\">reda<\/a> besed in strukture stavkov vam bo omogo\u010dilo u\u010dinkovitej\u0161o komunikacijo v korej\u0161\u010dini.<\/p>\n\n\n\n<h3 class=\"wp-block-heading\" id=\"h-8-tenses-indicative-and-subjunctive\">8. Okvirni in konjunktivni \u010dasi:<\/h3>\n\n\n\n<p>Korej\u0161\u010dina ima razli\u010dne glagolske oblike za izra\u017eanje preteklih, sedanjih in prihodnjih dejanj ali dr\u017eav. Indikativno razpolo\u017eenje se uporablja za izjave o dejstvih, konjunktivno razpolo\u017eenje pa izra\u017ea negotovost, mo\u017enost ali hipoteti\u010dne situacije. Prepoznavanje in pravilna uporaba teh glagolskih oblik je bistvena za jasno komunikacijo v korej\u0161\u010dini.<\/p>\n\n\n\n<h3 class=\"wp-block-heading\" id=\"h-9-tense-comparison\">9. Napeta primerjava:<\/h3>\n\n\n\n<p>Primerjava dogodkov v razli\u010dnih \u010dasovnih okvirih zahteva razumevanje odtenkov korejske konjugacije glagolov. Z u\u010denjem, kako primerjati pretekle, sedanje in prihodnje dogodke z uporabo ustreznih glagolskih oblik, lahko prenesete kompleksne ideje in odnose v korej\u0161\u010dini.<\/p>\n\n\n\n<h3 class=\"wp-block-heading\" id=\"h-10-articles\">10. \u010clanki:<\/h3>\n\n\n\n<p>Za razliko od angle\u0161\u010dine korejski nima dolo\u010denih ali nedolo\u010denih \u010dlankov. Namesto tega se jezik opira na kontekst in uporabo dolo\u010denih delcev za izra\u017eanje dolo\u010dnosti ali nedolo\u010dnosti samostalnika. Obvladovanje teh delcev vam bo omogo\u010dilo, da se natan\u010dneje izrazite v korej\u0161\u010dini.<\/p>\n<\/div><\/div>\n\r\n<section class=\"learnNavigationSection\">\r\n            \r\n        <a href=\"https:\/\/talkpal.ai\/sl\/naucite-se-korejscine\/\">\r\n            <div class=\"learnNavigationWrapper\">\r\n                <div class=\"learnNavigationContent\">\r\n                    <img decoding=\"async\" src=\"https:\/\/talkpal.ai\/wp-content\/uploads\/2024\/08\/Korean.jpg\" alt=\"Korean Flag\">\r\n                    <div>\r\n                        <h4>O u\u010denju korej\u0161\u010dine<\/h4>\r\n                        <p>Izvedite vse o korejski slovnici.<\/p>\r\n                    <\/div>\r\n                <\/div>\r\n            <\/div>\r\n        <\/a>\r\n\r\n        \r\n        <a href=\"https:\/\/talkpal.ai\/sl\/korejska-slovnica\/\">\r\n            <div class=\"learnNavigationWrapper\">\r\n                <div class=\"learnNavigationContent\">\r\n                    <img decoding=\"async\" src=\"https:\/\/talkpal.ai\/wp-content\/uploads\/2024\/08\/Korean.jpg\" alt=\"Korean Flag\">\r\n                    <div>\r\n                        <h4>Lekcije korejske slovnice<\/h4>\r\n                        <p>Vadite korejsko slovnico.<\/p>\r\n                    <\/div>\r\n                <\/div>\r\n            <\/div>\r\n        <\/a>\r\n\r\n        \r\n        <a href=\"https:\/\/talkpal.ai\/vocabulary_language\/korean\/\">\r\n            <div class=\"learnNavigationWrapper\">\r\n                <div class=\"learnNavigationContent\">\r\n                    <img decoding=\"async\" src=\"https:\/\/talkpal.ai\/wp-content\/uploads\/2024\/08\/Korean.jpg\" alt=\"Korean Flag\">\r\n                    <div>\r\n                        <h4>Korejski besednjak<\/h4>\r\n                        <p>Raz\u0161irite svoj korejski besedni zaklad.<\/p>\r\n                    <\/div>\r\n                <\/div>\r\n            <\/div>\r\n        <\/a>\r\n\r\n            <\/section>","protected":false},"excerpt":{"rendered":"<p>Teme korejske slovnice U\u010denje korej\u0161\u010dine je lahko vznemirljiva in koristna izku\u0161nja, saj odpira nove kulturne in poklicne prilo\u017enosti. Korejski jezik ima bogato zgodovino in ga govorijo milijoni ljudi po vsem svetu. Eden klju\u010dnih vidikov u\u010denja katerega koli jezika je razumevanje njegove slovnice. V primeru korej\u0161\u010dine je slovnica precej druga\u010dna od mnogih zahodnih jezikov, vendar jo [&hellip;]<\/p>\n","protected":false},"author":6,"featured_media":107573,"parent":0,"menu_order":0,"comment_status":"closed","ping_status":"closed","template":"LearningContentPage.php","meta":{"_acf_changed":false,"footnotes":""},"class_list":["post-135049","page","type-page","status-publish","has-post-thumbnail","hentry"],"acf":[],"yoast_head":"<!-- This site is optimized with the Yoast SEO Premium plugin v27.2 (Yoast SEO v27.2) - https:\/\/yoast.com\/product\/yoast-seo-premium-wordpress\/ -->\n<title>Korejske slovni\u010dne vaje - Talkpal<\/title>\n<meta name=\"description\" content=\"Enostavno izbolj\u0161ajte svojo korejsko slovnico - vadite z interaktivnimi vajami, obvladajte jezikovne vzorce in zgradite samozavest\" \/>\n<meta name=\"robots\" content=\"index, follow, max-snippet:-1, max-image-preview:large, max-video-preview:-1\" \/>\n<link rel=\"canonical\" href=\"https:\/\/talkpal.ai\/sl\/korejske-slovnicne-vaje\/\" \/>\n<meta property=\"og:locale\" content=\"sl_SI\" \/>\n<meta property=\"og:type\" content=\"article\" \/>\n<meta property=\"og:title\" content=\"Korejske slovni\u010dne vaje\" \/>\n<meta property=\"og:description\" content=\"Teme korejske slovnice U\u010denje korej\u0161\u010dine je lahko vznemirljiva in koristna izku\u0161nja, saj odpira nove kulturne in poklicne prilo\u017enosti. Korejski jezik ima\" \/>\n<meta property=\"og:url\" content=\"https:\/\/talkpal.ai\/sl\/korejske-slovnicne-vaje\/\" \/>\n<meta property=\"og:site_name\" content=\"Talkpal\" \/>\n<meta property=\"article:publisher\" content=\"https:\/\/www.facebook.com\/profile.php?id=100090733639311\" \/>\n<meta property=\"article:modified_time\" content=\"2025-12-17T16:48:55+00:00\" \/>\n<meta property=\"og:image\" content=\"https:\/\/talkpal.ai\/wp-content\/uploads\/2023\/04\/south-korea.png\" \/>\n\t<meta property=\"og:image:width\" content=\"512\" \/>\n\t<meta property=\"og:image:height\" content=\"512\" \/>\n\t<meta property=\"og:image:type\" content=\"image\/png\" \/>\n<meta name=\"twitter:card\" content=\"summary_large_image\" \/>\n<meta name=\"twitter:site\" content=\"@talkpalai\" \/>\n<meta name=\"twitter:label1\" content=\"Est. reading time\" \/>\n\t<meta name=\"twitter:data1\" content=\"3 minute\" \/>\n<script type=\"application\/ld+json\" class=\"yoast-schema-graph\">{\"@context\":\"https:\/\/schema.org\",\"@graph\":[{\"@type\":\"WebPage\",\"@id\":\"https:\/\/talkpal.ai\/sl\/korejske-slovnicne-vaje\/\",\"url\":\"https:\/\/talkpal.ai\/sl\/korejske-slovnicne-vaje\/\",\"name\":\"Korejske slovni\u010dne vaje - Talkpal\",\"isPartOf\":{\"@id\":\"https:\/\/talkpal.ai\/sl\/#website\"},\"primaryImageOfPage\":{\"@id\":\"https:\/\/talkpal.ai\/sl\/korejske-slovnicne-vaje\/#primaryimage\"},\"image\":{\"@id\":\"https:\/\/talkpal.ai\/sl\/korejske-slovnicne-vaje\/#primaryimage\"},\"thumbnailUrl\":\"https:\/\/talkpal.ai\/wp-content\/uploads\/2023\/04\/south-korea.png\",\"datePublished\":\"2023-06-16T10:27:33+00:00\",\"dateModified\":\"2025-12-17T16:48:55+00:00\",\"description\":\"Enostavno izbolj\u0161ajte svojo korejsko slovnico - vadite z interaktivnimi vajami, obvladajte jezikovne vzorce in zgradite samozavest\",\"breadcrumb\":{\"@id\":\"https:\/\/talkpal.ai\/sl\/korejske-slovnicne-vaje\/#breadcrumb\"},\"inLanguage\":\"sl-SI\",\"potentialAction\":[{\"@type\":\"ReadAction\",\"target\":[\"https:\/\/talkpal.ai\/sl\/korejske-slovnicne-vaje\/\"]}]},{\"@type\":\"ImageObject\",\"inLanguage\":\"sl-SI\",\"@id\":\"https:\/\/talkpal.ai\/sl\/korejske-slovnicne-vaje\/#primaryimage\",\"url\":\"https:\/\/talkpal.ai\/wp-content\/uploads\/2023\/04\/south-korea.png\",\"contentUrl\":\"https:\/\/talkpal.ai\/wp-content\/uploads\/2023\/04\/south-korea.png\",\"width\":512,\"height\":512},{\"@type\":\"BreadcrumbList\",\"@id\":\"https:\/\/talkpal.ai\/sl\/korejske-slovnicne-vaje\/#breadcrumb\",\"itemListElement\":[{\"@type\":\"ListItem\",\"position\":1,\"name\":\"Homepage\",\"item\":\"https:\/\/talkpal.ai\/sl\/\"},{\"@type\":\"ListItem\",\"position\":2,\"name\":\"Korejske slovni\u010dne vaje\"}]},{\"@type\":\"WebSite\",\"@id\":\"https:\/\/talkpal.ai\/sl\/#website\",\"url\":\"https:\/\/talkpal.ai\/sl\/\",\"name\":\"Talkpal\",\"description\":\"AI Language Learning\",\"publisher\":{\"@id\":\"https:\/\/talkpal.ai\/sl\/#organization\"},\"alternateName\":\"Talkpal AI\",\"potentialAction\":[{\"@type\":\"SearchAction\",\"target\":{\"@type\":\"EntryPoint\",\"urlTemplate\":\"https:\/\/talkpal.ai\/sl\/?s={search_term_string}\"},\"query-input\":{\"@type\":\"PropertyValueSpecification\",\"valueRequired\":true,\"valueName\":\"search_term_string\"}}],\"inLanguage\":\"sl-SI\"},{\"@type\":\"Organization\",\"@id\":\"https:\/\/talkpal.ai\/sl\/#organization\",\"name\":\"Talkpal, Inc.\",\"alternateName\":\"Talkpal AI\",\"url\":\"https:\/\/talkpal.ai\/sl\/\",\"logo\":{\"@type\":\"ImageObject\",\"inLanguage\":\"sl-SI\",\"@id\":\"https:\/\/talkpal.ai\/sl\/#\/schema\/logo\/image\/\",\"url\":\"https:\/\/talkpal.ai\/wp-content\/uploads\/2024\/03\/Talkpal-Logo-Icon.png\",\"contentUrl\":\"https:\/\/talkpal.ai\/wp-content\/uploads\/2024\/03\/Talkpal-Logo-Icon.png\",\"width\":2880,\"height\":2880,\"caption\":\"Talkpal, Inc.\"},\"image\":{\"@id\":\"https:\/\/talkpal.ai\/sl\/#\/schema\/logo\/image\/\"},\"sameAs\":[\"https:\/\/www.facebook.com\/profile.php?id=100090733639311\",\"https:\/\/x.com\/talkpalai\",\"https:\/\/www.linkedin.com\/company\/talkpal\/\",\"https:\/\/www.youtube.com\/@TalkPal\/\",\"https:\/\/www.tiktok.com\/@talkpal\",\"https:\/\/www.instagram.com\/talkpal_ai\/\",\"https:\/\/www.crunchbase.com\/organization\/talkpal-9cde\",\"https:\/\/www.g2.com\/products\/talkpal-for-business\/\",\"https:\/\/www.trustpilot.com\/review\/talkpal.ai\",\"https:\/\/www.capterra.com\/p\/10006800\/TalkPal\/\"],\"description\":\"Talkpal is a language learning web and mobile education app, powered by the latest AI technologies, that provides engaging experiences to its customers in many different languages to help them improve their language skills. Users can chat about unlimited amount of topics with the app and use other modes to practice their language learning.\",\"email\":\"support@talkpal.ai\",\"legalName\":\"Talkpal, Inc.\",\"foundingDate\":\"2023-04-03\",\"duns\":\"118989042\",\"numberOfEmployees\":{\"@type\":\"QuantitativeValue\",\"minValue\":\"11\",\"maxValue\":\"50\"},\"publishingPrinciples\":\"https:\/\/talkpal.ai\/publishing-principles\/\",\"actionableFeedbackPolicy\":\"https:\/\/talkpal.ai\/actionable-feedback-policy\/\",\"correctionsPolicy\":\"https:\/\/talkpal.ai\/corrections-policy\/\",\"ethicsPolicy\":\"https:\/\/talkpal.ai\/ethics-policy\/\",\"diversityPolicy\":\"https:\/\/talkpal.ai\/diversity-policy\/\",\"diversityStaffingReport\":\"https:\/\/talkpal.ai\/diversity-policy\/\"}]}<\/script>\n<!-- \/ Yoast SEO Premium plugin. -->","yoast_head_json":{"title":"Korejske slovni\u010dne vaje - Talkpal","description":"Enostavno izbolj\u0161ajte svojo korejsko slovnico - vadite z interaktivnimi vajami, obvladajte jezikovne vzorce in zgradite samozavest","robots":{"index":"index","follow":"follow","max-snippet":"max-snippet:-1","max-image-preview":"max-image-preview:large","max-video-preview":"max-video-preview:-1"},"canonical":"https:\/\/talkpal.ai\/sl\/korejske-slovnicne-vaje\/","og_locale":"sl_SI","og_type":"article","og_title":"Korejske slovni\u010dne vaje","og_description":"Teme korejske slovnice U\u010denje korej\u0161\u010dine je lahko vznemirljiva in koristna izku\u0161nja, saj odpira nove kulturne in poklicne prilo\u017enosti. Korejski jezik ima","og_url":"https:\/\/talkpal.ai\/sl\/korejske-slovnicne-vaje\/","og_site_name":"Talkpal","article_publisher":"https:\/\/www.facebook.com\/profile.php?id=100090733639311","article_modified_time":"2025-12-17T16:48:55+00:00","og_image":[{"width":512,"height":512,"url":"https:\/\/talkpal.ai\/wp-content\/uploads\/2023\/04\/south-korea.png","type":"image\/png"}],"twitter_card":"summary_large_image","twitter_site":"@talkpalai","twitter_misc":{"Est. reading time":"3 minute"},"schema":{"@context":"https:\/\/schema.org","@graph":[{"@type":"WebPage","@id":"https:\/\/talkpal.ai\/sl\/korejske-slovnicne-vaje\/","url":"https:\/\/talkpal.ai\/sl\/korejske-slovnicne-vaje\/","name":"Korejske slovni\u010dne vaje - Talkpal","isPartOf":{"@id":"https:\/\/talkpal.ai\/sl\/#website"},"primaryImageOfPage":{"@id":"https:\/\/talkpal.ai\/sl\/korejske-slovnicne-vaje\/#primaryimage"},"image":{"@id":"https:\/\/talkpal.ai\/sl\/korejske-slovnicne-vaje\/#primaryimage"},"thumbnailUrl":"https:\/\/talkpal.ai\/wp-content\/uploads\/2023\/04\/south-korea.png","datePublished":"2023-06-16T10:27:33+00:00","dateModified":"2025-12-17T16:48:55+00:00","description":"Enostavno izbolj\u0161ajte svojo korejsko slovnico - vadite z interaktivnimi vajami, obvladajte jezikovne vzorce in zgradite samozavest","breadcrumb":{"@id":"https:\/\/talkpal.ai\/sl\/korejske-slovnicne-vaje\/#breadcrumb"},"inLanguage":"sl-SI","potentialAction":[{"@type":"ReadAction","target":["https:\/\/talkpal.ai\/sl\/korejske-slovnicne-vaje\/"]}]},{"@type":"ImageObject","inLanguage":"sl-SI","@id":"https:\/\/talkpal.ai\/sl\/korejske-slovnicne-vaje\/#primaryimage","url":"https:\/\/talkpal.ai\/wp-content\/uploads\/2023\/04\/south-korea.png","contentUrl":"https:\/\/talkpal.ai\/wp-content\/uploads\/2023\/04\/south-korea.png","width":512,"height":512},{"@type":"BreadcrumbList","@id":"https:\/\/talkpal.ai\/sl\/korejske-slovnicne-vaje\/#breadcrumb","itemListElement":[{"@type":"ListItem","position":1,"name":"Homepage","item":"https:\/\/talkpal.ai\/sl\/"},{"@type":"ListItem","position":2,"name":"Korejske slovni\u010dne vaje"}]},{"@type":"WebSite","@id":"https:\/\/talkpal.ai\/sl\/#website","url":"https:\/\/talkpal.ai\/sl\/","name":"Talkpal","description":"AI Language Learning","publisher":{"@id":"https:\/\/talkpal.ai\/sl\/#organization"},"alternateName":"Talkpal AI","potentialAction":[{"@type":"SearchAction","target":{"@type":"EntryPoint","urlTemplate":"https:\/\/talkpal.ai\/sl\/?s={search_term_string}"},"query-input":{"@type":"PropertyValueSpecification","valueRequired":true,"valueName":"search_term_string"}}],"inLanguage":"sl-SI"},{"@type":"Organization","@id":"https:\/\/talkpal.ai\/sl\/#organization","name":"Talkpal, Inc.","alternateName":"Talkpal AI","url":"https:\/\/talkpal.ai\/sl\/","logo":{"@type":"ImageObject","inLanguage":"sl-SI","@id":"https:\/\/talkpal.ai\/sl\/#\/schema\/logo\/image\/","url":"https:\/\/talkpal.ai\/wp-content\/uploads\/2024\/03\/Talkpal-Logo-Icon.png","contentUrl":"https:\/\/talkpal.ai\/wp-content\/uploads\/2024\/03\/Talkpal-Logo-Icon.png","width":2880,"height":2880,"caption":"Talkpal, Inc."},"image":{"@id":"https:\/\/talkpal.ai\/sl\/#\/schema\/logo\/image\/"},"sameAs":["https:\/\/www.facebook.com\/profile.php?id=100090733639311","https:\/\/x.com\/talkpalai","https:\/\/www.linkedin.com\/company\/talkpal\/","https:\/\/www.youtube.com\/@TalkPal\/","https:\/\/www.tiktok.com\/@talkpal","https:\/\/www.instagram.com\/talkpal_ai\/","https:\/\/www.crunchbase.com\/organization\/talkpal-9cde","https:\/\/www.g2.com\/products\/talkpal-for-business\/","https:\/\/www.trustpilot.com\/review\/talkpal.ai","https:\/\/www.capterra.com\/p\/10006800\/TalkPal\/"],"description":"Talkpal is a language learning web and mobile education app, powered by the latest AI technologies, that provides engaging experiences to its customers in many different languages to help them improve their language skills. Users can chat about unlimited amount of topics with the app and use other modes to practice their language learning.","email":"support@talkpal.ai","legalName":"Talkpal, Inc.","foundingDate":"2023-04-03","duns":"118989042","numberOfEmployees":{"@type":"QuantitativeValue","minValue":"11","maxValue":"50"},"publishingPrinciples":"https:\/\/talkpal.ai\/publishing-principles\/","actionableFeedbackPolicy":"https:\/\/talkpal.ai\/actionable-feedback-policy\/","correctionsPolicy":"https:\/\/talkpal.ai\/corrections-policy\/","ethicsPolicy":"https:\/\/talkpal.ai\/ethics-policy\/","diversityPolicy":"https:\/\/talkpal.ai\/diversity-policy\/","diversityStaffingReport":"https:\/\/talkpal.ai\/diversity-policy\/"}]}},"_links":{"self":[{"href":"https:\/\/talkpal.ai\/sl\/wp-json\/wp\/v2\/pages\/135049","targetHints":{"allow":["GET"]}}],"collection":[{"href":"https:\/\/talkpal.ai\/sl\/wp-json\/wp\/v2\/pages"}],"about":[{"href":"https:\/\/talkpal.ai\/sl\/wp-json\/wp\/v2\/types\/page"}],"author":[{"embeddable":true,"href":"https:\/\/talkpal.ai\/sl\/wp-json\/wp\/v2\/users\/6"}],"replies":[{"embeddable":true,"href":"https:\/\/talkpal.ai\/sl\/wp-json\/wp\/v2\/comments?post=135049"}],"version-history":[{"count":0,"href":"https:\/\/talkpal.ai\/sl\/wp-json\/wp\/v2\/pages\/135049\/revisions"}],"wp:featuredmedia":[{"embeddable":true,"href":"https:\/\/talkpal.ai\/sl\/wp-json\/wp\/v2\/media\/107573"}],"wp:attachment":[{"href":"https:\/\/talkpal.ai\/sl\/wp-json\/wp\/v2\/media?parent=135049"}],"curies":[{"name":"wp","href":"https:\/\/api.w.org\/{rel}","templated":true}]}}