{"id":133150,"date":"2023-06-16T09:41:10","date_gmt":"2023-06-16T09:41:10","guid":{"rendered":"http:\/\/talkpal.ai\/nizozemske-slovnicne-vaje\/"},"modified":"2025-12-17T15:27:35","modified_gmt":"2025-12-17T15:27:35","slug":"nizozemske-slovnicne-vaje","status":"publish","type":"page","link":"https:\/\/talkpal.ai\/sl\/nizozemske-slovnicne-vaje\/","title":{"rendered":"Nizozemske slovni\u010dne vaje"},"content":{"rendered":"\r\n\r\n\r\n<section class=\"languageChallengeSection\">\r\n    <div class=\"languageInfoWrapper\">\r\n        \r\n        <h1>Nizozemske slovni\u010dne vaje<\/h1>\r\n        <p>\u017delite bolj samozavestno govoriti nizozemsko? Vaje iz slovnice so odli\u010den na\u010din za osvajanje stav\u010dne strukture, glagolskih zvez in edinstvenih vzorcev nizozemskega jezika. Za\u010dnite delati na <a href=\"https:\/\/talkpal.ai\/learn-dutch\/\">nizozemski<\/a> slovnici \u0161e danes in opazujte, kako z vsako vajo raste va\u0161e znanje in teko\u010dnost!\n\n<\/p>\r\n\r\n                            <a class=\"getStartedHidden\" href=\"https:\/\/app.talkpal.ai\/sl\/signup?lng=\">Za\u010dni<\/a>\r\n        \r\n    <\/div>\r\n\r\n    <figure>\r\n    <img decoding=\"async\" width=\"768\" height=\"768\" src=\"https:\/\/talkpal.ai\/wp-content\/uploads\/2023\/06\/Dutch-768x768.png\" class=\"languageImage no-lazy\" alt=\"Developing skills through language learning\" fetchpriority=\"high\" sizes=\"(max-width: 768px) 150px, 768px\" srcset=\"https:\/\/talkpal.ai\/wp-content\/uploads\/2023\/06\/Dutch-768x768.png 768w, https:\/\/talkpal.ai\/wp-content\/uploads\/2023\/06\/Dutch-300x300.png 300w\" \/>\r\n    \r\n\r\n    <\/figure>\r\n\r\n            <a class=\"getStartedVisible\" href=\"https:\/\/app.talkpal.ai\/sl\/signup?lng=\">Za\u010dni<\/a>\r\n    \r\n<\/section>\r\n\r\n\r\n<!-- <section class=\"grammarSection\">\r\n    <div class=\"grammarLinks\">\r\n            <\/div>\r\n<\/section> -->\r\n\r\n\r\n\r\n\r\n<section class=\"promotionalBanner\">\r\n    <p class=\"promotionalText\">Naju\u010dinkovitej\u0161i na\u010din u\u010denja jezika<\/p>\r\n    <a class=\"promotionalLink\" href=\"https:\/\/app.talkpal.ai\/sl\/signup?lng=\">Preizkusite Talkpal brezpla\u010dno<\/a>\r\n<\/section>\n<div class=\"wp-block-group pageContainerStyle\"><div class=\"wp-block-group__inner-container is-layout-constrained wp-block-group-is-layout-constrained\">\n<h2 class=\"wp-block-heading\" id=\"h-dutch-grammar-topics\">Teme nizozemske slovnice<\/h2>\n\n\n\n<p>U\u010denje nizozem\u0161\u010dine je lahko vznemirljiva in koristna izku\u0161nja, saj odpira vrata bogati kulturi, zgodovini in prilo\u017enostim za osebno in poklicno rast. <a href=\"https:\/\/talkpal.ai\/learn-dutch\/\">Nizozemski<\/a> jezik, \u010deprav je tesno povezan z angle\u0161\u010dino in nem\u0161\u010dino, ima svoja edinstvena slovni\u010dna pravila in strukturo, kar se sprva morda zdi zahtevno. Vendar pa lahko s predanostjo in pravim pristopom obvladate nizozemski jezik in teko\u010de komunicirate z doma\u010dimi govorci. V tem priro\u010dniku bomo raziskali nekaj bistvenih nizozemskih slovni\u010dnih tem, zdru\u017eenih v zaporedje, ki vam bo pomagalo pri u\u010denju jezika na sistemati\u010den in u\u010dinkovit na\u010din.<\/p>\n\n\n\n<h3 class=\"wp-block-heading\" id=\"h-1-nouns-and-articles\">1. Samostalniki in izdelki:<\/h3>\n\n\n\n<p>Za\u010dnite s spoznavanjem nizozemskih samostalnikov in njihove razvrstitve po spolu (skupne in srednje). Nau\u010dite se dolo\u010denih in nedolo\u010denih \u010dlankov, ki jih spremljajo, pa tudi mno\u017einskih oblik in pomanj\u0161evalnic.<\/p>\n\n\n\n<h3 class=\"wp-block-heading\" id=\"h-2-adjectives\">2. Pridevniki:<\/h3>\n\n\n\n<p>Nato preu\u010dite pravila za pridevni\u0161ko ujemanje s samostalniki glede na spol, \u0161tevilo in prisotnost dolo\u010denih \u010dlenov. Nau\u010dite se, kako se pridevniki pregibajo na podlagi teh dejavnikov in kako uporabljati primerjalne in prese\u017ene oblike.<\/p>\n\n\n\n<h3 class=\"wp-block-heading\" id=\"h-3-pronouns\">3. Zaimki:<\/h3>\n\n\n\n<p>Potopite se v svet nizozemskih zaimkov, vklju\u010dno z osebnimi, posesivnimi, demonstrativnimi, refleksivnimi in relativnimi zaimki. Razumeti, kako nadome\u0161\u010dajo samostalnike in kako se z njimi strinjajo glede spola in \u0161tevila.<\/p>\n\n\n\n<h3 class=\"wp-block-heading\" id=\"h-4-verbs\">4. Glagoli:<\/h3>\n\n\n\n<p>Zdaj se osredoto\u010dite na nizozemske glagole in njihove vzorce konjugacije v sedanjem, preteklem in prihodnjem \u010dasu. Nau\u010dite se razlike med mo\u010dnimi, \u0161ibkimi in nepravilnimi glagoli ter se seznanite s pravili za oblikovanje popolnih in pluperfect \u010dasov.<\/p>\n\n\n\n<h3 class=\"wp-block-heading\" id=\"h-5-tenses-indicative\">5. Okvirni \u010dasi:<\/h3>\n\n\n\n<p>Preu\u010dite indikativno razpolo\u017eenje v nizozem\u0161\u010dini, ki se uporablja za izra\u017eanje izjav o dejstvih in verjetnosti. Nau\u010dite se, kako spregati glagole v sedanjem, preteklem in prihodnjem \u010dasu v tem razpolo\u017eenju, pa tudi pogojne in nujne oblike.<\/p>\n\n\n\n<h3 class=\"wp-block-heading\" id=\"h-6-tenses-subjunctive\">6. \u010casi konjunktivni:<\/h3>\n\n\n\n<p>\u010ceprav je v sodobni nizozem\u0161\u010dini manj pogosto, je konjunktivno razpolo\u017eenje bistveno za razumevanje starej\u0161ih besedil in formalnega jezika. Nau\u010dite se, kako oblikovati konjunktivno razpolo\u017eenje v nizozem\u0161\u010dini in kdaj ga uporabljati.<\/p>\n\n\n\n<h3 class=\"wp-block-heading\" id=\"h-7-tense-comparison\">7. Primerjava \u010dasov:<\/h3>\n\n\n\n<p>Po obvladovanju razli\u010dnih \u010dasov se osredoto\u010dite na razumevanje razlik in podobnosti med njimi. Nau\u010dite se, kako pravilno uporabljati vsak \u010das v kontekstu in kako medsebojno vplivajo.<\/p>\n\n\n\n<h3 class=\"wp-block-heading\" id=\"h-8-adverbs\">8. Prislovi:<\/h3>\n\n\n\n<p>Preu\u010dite nizozemske prislove in njihove razli\u010dne funkcije v stavkih. Nau\u010dite se oblikovati prislove iz pridevnikov in kako jih uporabiti za spreminjanje glagolov, pridevnikov in drugih prislovov.<\/p>\n\n\n\n<h3 class=\"wp-block-heading\" id=\"h-9-prepositions\">9. Predlogi:<\/h3>\n\n\n\n<p>Razviti dobro razumevanje nizozemskih predlogov in njihove uporabe s samostalniki, zaimki in glagoli. Preberite, kako izra\u017eajo odnose v \u010dasu, prostoru in drugih kontekstih.<\/p>\n\n\n\n<h3 class=\"wp-block-heading\" id=\"h-10-sentence-structure\">10. Struktura stavkov:<\/h3>\n\n\n\n<p>Kon\u010dno zdru\u017eite vse skupaj s preu\u010devanjem nizozemske stav\u010dne strukture in vrstnega <a href=\"https:\/\/talkpal.ai\/locations\/learn-english-in-reda\/\">reda<\/a> besed. Spoznajte pravila za sestavljanje preprostih in zapletenih stavkov, vklju\u010dno z deklarativnimi, zasli\u0161evalnimi, obveznimi in vzklikajo\u010dimi stavki.<\/p>\n\n\n\n<p>\u010ce sledite temu zaporedju slovni\u010dnih tem in posvetite \u010das vadbi in pregledu, boste na dobri <a href=\"https:\/\/talkpal.ai\/locations\/learn-english-in-poti\/\">poti<\/a>, da obvladate nizozemski jezik. Ne pozabite, da sta doslednost in potrpe\u017eljivost klju\u010dnega pomena pri u\u010denju katerega koli novega jezika. Vso sre\u010do in u\u017eivajte v potovanju!<\/p>\n<\/div><\/div>\n\r\n<section class=\"learnNavigationSection\">\r\n            \r\n        <a href=\"https:\/\/talkpal.ai\/sl\/naucite-se-nizozemscine\/\">\r\n            <div class=\"learnNavigationWrapper\">\r\n                <div class=\"learnNavigationContent\">\r\n                    <img decoding=\"async\" src=\"https:\/\/talkpal.ai\/wp-content\/uploads\/2024\/08\/Dutch.jpg\" alt=\"Netherlands Flag\">\r\n                    <div>\r\n                        <h4>O nizozemskem u\u010denju<\/h4>\r\n                        <p>Izvedite vse o nizozemski slovnici.<\/p>\r\n                    <\/div>\r\n                <\/div>\r\n            <\/div>\r\n        <\/a>\r\n\r\n        \r\n        <a href=\"https:\/\/talkpal.ai\/sl\/nizozemska-slovnica\/\">\r\n            <div class=\"learnNavigationWrapper\">\r\n                <div class=\"learnNavigationContent\">\r\n                    <img decoding=\"async\" src=\"https:\/\/talkpal.ai\/wp-content\/uploads\/2024\/08\/Dutch.jpg\" alt=\"Netherlands Flag\">\r\n                    <div>\r\n                        <h4>Lekcije nizozemske slovnice<\/h4>\r\n                        <p>Vadite nizozemsko slovnico.<\/p>\r\n                    <\/div>\r\n                <\/div>\r\n            <\/div>\r\n        <\/a>\r\n\r\n        \r\n        <a href=\"https:\/\/talkpal.ai\/vocabulary_language\/dutch\/\">\r\n            <div class=\"learnNavigationWrapper\">\r\n                <div class=\"learnNavigationContent\">\r\n                    <img decoding=\"async\" src=\"https:\/\/talkpal.ai\/wp-content\/uploads\/2024\/08\/Dutch.jpg\" alt=\"Netherlands Flag\">\r\n                    <div>\r\n                        <h4>Nizozemski besednjak<\/h4>\r\n                        <p>Raz\u0161irite svoj nizozemski besedni zaklad.<\/p>\r\n                    <\/div>\r\n                <\/div>\r\n            <\/div>\r\n        <\/a>\r\n\r\n            <\/section>","protected":false},"excerpt":{"rendered":"<p>Teme nizozemske slovnice U\u010denje nizozem\u0161\u010dine je lahko vznemirljiva in koristna izku\u0161nja, saj odpira vrata bogati kulturi, zgodovini in prilo\u017enostim za osebno in poklicno rast. Nizozemski jezik, \u010deprav je tesno povezan z angle\u0161\u010dino in nem\u0161\u010dino, ima svoja edinstvena slovni\u010dna pravila in strukturo, kar se sprva morda zdi zahtevno. Vendar pa lahko s predanostjo in pravim pristopom [&hellip;]<\/p>\n","protected":false},"author":6,"featured_media":106345,"parent":0,"menu_order":0,"comment_status":"closed","ping_status":"closed","template":"LearningContentPage.php","meta":{"_acf_changed":false,"footnotes":""},"class_list":["post-133150","page","type-page","status-publish","has-post-thumbnail","hentry"],"acf":[],"yoast_head":"<!-- This site is optimized with the Yoast SEO Premium plugin v27.2 (Yoast SEO v27.2) - https:\/\/yoast.com\/product\/yoast-seo-premium-wordpress\/ -->\n<title>Nizozemske slovni\u010dne vaje - Talkpal<\/title>\n<meta name=\"description\" content=\"Izbolj\u0161ajte svoje jezikovne spretnosti z interaktivnimi nizozemskimi slovni\u010dnimi vajami iz Talkpal, va\u0161ega jezikovnega tutorja, ki ga poganja umetna inteligenca.\" \/>\n<meta name=\"robots\" content=\"index, follow, max-snippet:-1, max-image-preview:large, max-video-preview:-1\" \/>\n<link rel=\"canonical\" href=\"https:\/\/talkpal.ai\/sl\/nizozemske-slovnicne-vaje\/\" \/>\n<meta property=\"og:locale\" content=\"sl_SI\" \/>\n<meta property=\"og:type\" content=\"article\" \/>\n<meta property=\"og:title\" content=\"Nizozemske slovni\u010dne vaje\" \/>\n<meta property=\"og:description\" content=\"Teme nizozemske slovnice U\u010denje nizozem\u0161\u010dine je lahko vznemirljiva in koristna izku\u0161nja, saj odpira vrata bogati kulturi, zgodovini in prilo\u017enostim za\" \/>\n<meta property=\"og:url\" content=\"https:\/\/talkpal.ai\/sl\/nizozemske-slovnicne-vaje\/\" \/>\n<meta property=\"og:site_name\" content=\"Talkpal\" \/>\n<meta property=\"article:publisher\" content=\"https:\/\/www.facebook.com\/profile.php?id=100090733639311\" \/>\n<meta property=\"article:modified_time\" content=\"2025-12-17T15:27:35+00:00\" \/>\n<meta property=\"og:image\" content=\"https:\/\/talkpal.ai\/wp-content\/uploads\/2023\/04\/netherlands-dutch.png\" \/>\n\t<meta property=\"og:image:width\" content=\"512\" \/>\n\t<meta property=\"og:image:height\" content=\"512\" \/>\n\t<meta property=\"og:image:type\" content=\"image\/png\" \/>\n<meta name=\"twitter:card\" content=\"summary_large_image\" \/>\n<meta name=\"twitter:site\" content=\"@talkpalai\" \/>\n<meta name=\"twitter:label1\" content=\"Est. reading time\" \/>\n\t<meta name=\"twitter:data1\" content=\"3 minute\" \/>\n<script type=\"application\/ld+json\" class=\"yoast-schema-graph\">{\"@context\":\"https:\/\/schema.org\",\"@graph\":[{\"@type\":\"WebPage\",\"@id\":\"https:\/\/talkpal.ai\/sl\/nizozemske-slovnicne-vaje\/\",\"url\":\"https:\/\/talkpal.ai\/sl\/nizozemske-slovnicne-vaje\/\",\"name\":\"Nizozemske slovni\u010dne vaje - Talkpal\",\"isPartOf\":{\"@id\":\"https:\/\/talkpal.ai\/sl\/#website\"},\"primaryImageOfPage\":{\"@id\":\"https:\/\/talkpal.ai\/sl\/nizozemske-slovnicne-vaje\/#primaryimage\"},\"image\":{\"@id\":\"https:\/\/talkpal.ai\/sl\/nizozemske-slovnicne-vaje\/#primaryimage\"},\"thumbnailUrl\":\"https:\/\/talkpal.ai\/wp-content\/uploads\/2023\/04\/netherlands-dutch.png\",\"datePublished\":\"2023-06-16T09:41:10+00:00\",\"dateModified\":\"2025-12-17T15:27:35+00:00\",\"description\":\"Izbolj\u0161ajte svoje jezikovne spretnosti z interaktivnimi nizozemskimi slovni\u010dnimi vajami iz Talkpal, va\u0161ega jezikovnega tutorja, ki ga poganja umetna inteligenca.\",\"breadcrumb\":{\"@id\":\"https:\/\/talkpal.ai\/sl\/nizozemske-slovnicne-vaje\/#breadcrumb\"},\"inLanguage\":\"sl-SI\",\"potentialAction\":[{\"@type\":\"ReadAction\",\"target\":[\"https:\/\/talkpal.ai\/sl\/nizozemske-slovnicne-vaje\/\"]}]},{\"@type\":\"ImageObject\",\"inLanguage\":\"sl-SI\",\"@id\":\"https:\/\/talkpal.ai\/sl\/nizozemske-slovnicne-vaje\/#primaryimage\",\"url\":\"https:\/\/talkpal.ai\/wp-content\/uploads\/2023\/04\/netherlands-dutch.png\",\"contentUrl\":\"https:\/\/talkpal.ai\/wp-content\/uploads\/2023\/04\/netherlands-dutch.png\",\"width\":512,\"height\":512},{\"@type\":\"BreadcrumbList\",\"@id\":\"https:\/\/talkpal.ai\/sl\/nizozemske-slovnicne-vaje\/#breadcrumb\",\"itemListElement\":[{\"@type\":\"ListItem\",\"position\":1,\"name\":\"Homepage\",\"item\":\"https:\/\/talkpal.ai\/sl\/\"},{\"@type\":\"ListItem\",\"position\":2,\"name\":\"Nizozemske slovni\u010dne vaje\"}]},{\"@type\":\"WebSite\",\"@id\":\"https:\/\/talkpal.ai\/sl\/#website\",\"url\":\"https:\/\/talkpal.ai\/sl\/\",\"name\":\"Talkpal\",\"description\":\"AI Language Learning\",\"publisher\":{\"@id\":\"https:\/\/talkpal.ai\/sl\/#organization\"},\"alternateName\":\"Talkpal AI\",\"potentialAction\":[{\"@type\":\"SearchAction\",\"target\":{\"@type\":\"EntryPoint\",\"urlTemplate\":\"https:\/\/talkpal.ai\/sl\/?s={search_term_string}\"},\"query-input\":{\"@type\":\"PropertyValueSpecification\",\"valueRequired\":true,\"valueName\":\"search_term_string\"}}],\"inLanguage\":\"sl-SI\"},{\"@type\":\"Organization\",\"@id\":\"https:\/\/talkpal.ai\/sl\/#organization\",\"name\":\"Talkpal, Inc.\",\"alternateName\":\"Talkpal AI\",\"url\":\"https:\/\/talkpal.ai\/sl\/\",\"logo\":{\"@type\":\"ImageObject\",\"inLanguage\":\"sl-SI\",\"@id\":\"https:\/\/talkpal.ai\/sl\/#\/schema\/logo\/image\/\",\"url\":\"https:\/\/talkpal.ai\/wp-content\/uploads\/2024\/03\/Talkpal-Logo-Icon.png\",\"contentUrl\":\"https:\/\/talkpal.ai\/wp-content\/uploads\/2024\/03\/Talkpal-Logo-Icon.png\",\"width\":2880,\"height\":2880,\"caption\":\"Talkpal, Inc.\"},\"image\":{\"@id\":\"https:\/\/talkpal.ai\/sl\/#\/schema\/logo\/image\/\"},\"sameAs\":[\"https:\/\/www.facebook.com\/profile.php?id=100090733639311\",\"https:\/\/x.com\/talkpalai\",\"https:\/\/www.linkedin.com\/company\/talkpal\/\",\"https:\/\/www.youtube.com\/@TalkPal\/\",\"https:\/\/www.tiktok.com\/@talkpal\",\"https:\/\/www.instagram.com\/talkpal_ai\/\",\"https:\/\/www.crunchbase.com\/organization\/talkpal-9cde\",\"https:\/\/www.g2.com\/products\/talkpal-for-business\/\",\"https:\/\/www.trustpilot.com\/review\/talkpal.ai\",\"https:\/\/www.capterra.com\/p\/10006800\/TalkPal\/\"],\"description\":\"Talkpal is a language learning web and mobile education app, powered by the latest AI technologies, that provides engaging experiences to its customers in many different languages to help them improve their language skills. Users can chat about unlimited amount of topics with the app and use other modes to practice their language learning.\",\"email\":\"support@talkpal.ai\",\"legalName\":\"Talkpal, Inc.\",\"foundingDate\":\"2023-04-03\",\"duns\":\"118989042\",\"numberOfEmployees\":{\"@type\":\"QuantitativeValue\",\"minValue\":\"11\",\"maxValue\":\"50\"},\"publishingPrinciples\":\"https:\/\/talkpal.ai\/publishing-principles\/\",\"actionableFeedbackPolicy\":\"https:\/\/talkpal.ai\/actionable-feedback-policy\/\",\"correctionsPolicy\":\"https:\/\/talkpal.ai\/corrections-policy\/\",\"ethicsPolicy\":\"https:\/\/talkpal.ai\/ethics-policy\/\",\"diversityPolicy\":\"https:\/\/talkpal.ai\/diversity-policy\/\",\"diversityStaffingReport\":\"https:\/\/talkpal.ai\/diversity-policy\/\"}]}<\/script>\n<!-- \/ Yoast SEO Premium plugin. -->","yoast_head_json":{"title":"Nizozemske slovni\u010dne vaje - Talkpal","description":"Izbolj\u0161ajte svoje jezikovne spretnosti z interaktivnimi nizozemskimi slovni\u010dnimi vajami iz Talkpal, va\u0161ega jezikovnega tutorja, ki ga poganja umetna inteligenca.","robots":{"index":"index","follow":"follow","max-snippet":"max-snippet:-1","max-image-preview":"max-image-preview:large","max-video-preview":"max-video-preview:-1"},"canonical":"https:\/\/talkpal.ai\/sl\/nizozemske-slovnicne-vaje\/","og_locale":"sl_SI","og_type":"article","og_title":"Nizozemske slovni\u010dne vaje","og_description":"Teme nizozemske slovnice U\u010denje nizozem\u0161\u010dine je lahko vznemirljiva in koristna izku\u0161nja, saj odpira vrata bogati kulturi, zgodovini in prilo\u017enostim za","og_url":"https:\/\/talkpal.ai\/sl\/nizozemske-slovnicne-vaje\/","og_site_name":"Talkpal","article_publisher":"https:\/\/www.facebook.com\/profile.php?id=100090733639311","article_modified_time":"2025-12-17T15:27:35+00:00","og_image":[{"width":512,"height":512,"url":"https:\/\/talkpal.ai\/wp-content\/uploads\/2023\/04\/netherlands-dutch.png","type":"image\/png"}],"twitter_card":"summary_large_image","twitter_site":"@talkpalai","twitter_misc":{"Est. reading time":"3 minute"},"schema":{"@context":"https:\/\/schema.org","@graph":[{"@type":"WebPage","@id":"https:\/\/talkpal.ai\/sl\/nizozemske-slovnicne-vaje\/","url":"https:\/\/talkpal.ai\/sl\/nizozemske-slovnicne-vaje\/","name":"Nizozemske slovni\u010dne vaje - Talkpal","isPartOf":{"@id":"https:\/\/talkpal.ai\/sl\/#website"},"primaryImageOfPage":{"@id":"https:\/\/talkpal.ai\/sl\/nizozemske-slovnicne-vaje\/#primaryimage"},"image":{"@id":"https:\/\/talkpal.ai\/sl\/nizozemske-slovnicne-vaje\/#primaryimage"},"thumbnailUrl":"https:\/\/talkpal.ai\/wp-content\/uploads\/2023\/04\/netherlands-dutch.png","datePublished":"2023-06-16T09:41:10+00:00","dateModified":"2025-12-17T15:27:35+00:00","description":"Izbolj\u0161ajte svoje jezikovne spretnosti z interaktivnimi nizozemskimi slovni\u010dnimi vajami iz Talkpal, va\u0161ega jezikovnega tutorja, ki ga poganja umetna inteligenca.","breadcrumb":{"@id":"https:\/\/talkpal.ai\/sl\/nizozemske-slovnicne-vaje\/#breadcrumb"},"inLanguage":"sl-SI","potentialAction":[{"@type":"ReadAction","target":["https:\/\/talkpal.ai\/sl\/nizozemske-slovnicne-vaje\/"]}]},{"@type":"ImageObject","inLanguage":"sl-SI","@id":"https:\/\/talkpal.ai\/sl\/nizozemske-slovnicne-vaje\/#primaryimage","url":"https:\/\/talkpal.ai\/wp-content\/uploads\/2023\/04\/netherlands-dutch.png","contentUrl":"https:\/\/talkpal.ai\/wp-content\/uploads\/2023\/04\/netherlands-dutch.png","width":512,"height":512},{"@type":"BreadcrumbList","@id":"https:\/\/talkpal.ai\/sl\/nizozemske-slovnicne-vaje\/#breadcrumb","itemListElement":[{"@type":"ListItem","position":1,"name":"Homepage","item":"https:\/\/talkpal.ai\/sl\/"},{"@type":"ListItem","position":2,"name":"Nizozemske slovni\u010dne vaje"}]},{"@type":"WebSite","@id":"https:\/\/talkpal.ai\/sl\/#website","url":"https:\/\/talkpal.ai\/sl\/","name":"Talkpal","description":"AI Language Learning","publisher":{"@id":"https:\/\/talkpal.ai\/sl\/#organization"},"alternateName":"Talkpal AI","potentialAction":[{"@type":"SearchAction","target":{"@type":"EntryPoint","urlTemplate":"https:\/\/talkpal.ai\/sl\/?s={search_term_string}"},"query-input":{"@type":"PropertyValueSpecification","valueRequired":true,"valueName":"search_term_string"}}],"inLanguage":"sl-SI"},{"@type":"Organization","@id":"https:\/\/talkpal.ai\/sl\/#organization","name":"Talkpal, Inc.","alternateName":"Talkpal AI","url":"https:\/\/talkpal.ai\/sl\/","logo":{"@type":"ImageObject","inLanguage":"sl-SI","@id":"https:\/\/talkpal.ai\/sl\/#\/schema\/logo\/image\/","url":"https:\/\/talkpal.ai\/wp-content\/uploads\/2024\/03\/Talkpal-Logo-Icon.png","contentUrl":"https:\/\/talkpal.ai\/wp-content\/uploads\/2024\/03\/Talkpal-Logo-Icon.png","width":2880,"height":2880,"caption":"Talkpal, Inc."},"image":{"@id":"https:\/\/talkpal.ai\/sl\/#\/schema\/logo\/image\/"},"sameAs":["https:\/\/www.facebook.com\/profile.php?id=100090733639311","https:\/\/x.com\/talkpalai","https:\/\/www.linkedin.com\/company\/talkpal\/","https:\/\/www.youtube.com\/@TalkPal\/","https:\/\/www.tiktok.com\/@talkpal","https:\/\/www.instagram.com\/talkpal_ai\/","https:\/\/www.crunchbase.com\/organization\/talkpal-9cde","https:\/\/www.g2.com\/products\/talkpal-for-business\/","https:\/\/www.trustpilot.com\/review\/talkpal.ai","https:\/\/www.capterra.com\/p\/10006800\/TalkPal\/"],"description":"Talkpal is a language learning web and mobile education app, powered by the latest AI technologies, that provides engaging experiences to its customers in many different languages to help them improve their language skills. Users can chat about unlimited amount of topics with the app and use other modes to practice their language learning.","email":"support@talkpal.ai","legalName":"Talkpal, Inc.","foundingDate":"2023-04-03","duns":"118989042","numberOfEmployees":{"@type":"QuantitativeValue","minValue":"11","maxValue":"50"},"publishingPrinciples":"https:\/\/talkpal.ai\/publishing-principles\/","actionableFeedbackPolicy":"https:\/\/talkpal.ai\/actionable-feedback-policy\/","correctionsPolicy":"https:\/\/talkpal.ai\/corrections-policy\/","ethicsPolicy":"https:\/\/talkpal.ai\/ethics-policy\/","diversityPolicy":"https:\/\/talkpal.ai\/diversity-policy\/","diversityStaffingReport":"https:\/\/talkpal.ai\/diversity-policy\/"}]}},"_links":{"self":[{"href":"https:\/\/talkpal.ai\/sl\/wp-json\/wp\/v2\/pages\/133150","targetHints":{"allow":["GET"]}}],"collection":[{"href":"https:\/\/talkpal.ai\/sl\/wp-json\/wp\/v2\/pages"}],"about":[{"href":"https:\/\/talkpal.ai\/sl\/wp-json\/wp\/v2\/types\/page"}],"author":[{"embeddable":true,"href":"https:\/\/talkpal.ai\/sl\/wp-json\/wp\/v2\/users\/6"}],"replies":[{"embeddable":true,"href":"https:\/\/talkpal.ai\/sl\/wp-json\/wp\/v2\/comments?post=133150"}],"version-history":[{"count":0,"href":"https:\/\/talkpal.ai\/sl\/wp-json\/wp\/v2\/pages\/133150\/revisions"}],"wp:featuredmedia":[{"embeddable":true,"href":"https:\/\/talkpal.ai\/sl\/wp-json\/wp\/v2\/media\/106345"}],"wp:attachment":[{"href":"https:\/\/talkpal.ai\/sl\/wp-json\/wp\/v2\/media?parent=133150"}],"curies":[{"name":"wp","href":"https:\/\/api.w.org\/{rel}","templated":true}]}}