{"id":132858,"date":"2023-06-16T09:39:29","date_gmt":"2023-06-16T09:39:29","guid":{"rendered":"http:\/\/talkpal.ai\/kitajske-slovnicne-vaje\/"},"modified":"2025-05-22T21:24:29","modified_gmt":"2025-05-22T21:24:29","slug":"kitajske-slovnicne-vaje","status":"publish","type":"page","link":"https:\/\/talkpal.ai\/sl\/kitajske-slovnicne-vaje\/","title":{"rendered":"Kitajske slovni\u010dne vaje"},"content":{"rendered":"\r\n\r\n\r\n<section class=\"languageChallengeSection\">\r\n    <div class=\"languageInfoWrapper\">\r\n        \r\n        <h1>Kitajske slovni\u010dne vaje<\/h1>\r\n        <p>\u017delite izbolj\u0161ati svoje znanje kitajskega jezika? S slovni\u010dnimi vajami boste la\u017eje razumeli zgradbo stavka, osvojili bistvene vzorce in pridobili samozavest v vsakdanjih pogovorih. Za\u010dnite vaditi kitajsko slovnico danes in z vsako vajo naredite stabilne korake k teko\u010demu znanju!<\/p>\r\n\r\n                            <a class=\"getStartedHidden\" href=\"https:\/\/app.talkpal.ai\/sl\/signup?lng=\">Za\u010dni<\/a>\r\n        \r\n    <\/div>\r\n\r\n    <figure>\r\n    <img decoding=\"async\" width=\"768\" height=\"768\" src=\"https:\/\/talkpal.ai\/wp-content\/uploads\/2023\/06\/chinese-768x768.png\" class=\"languageImage no-lazy\" alt=\"Language learning for flexible communication\" fetchpriority=\"high\" sizes=\"(max-width: 768px) 150px, 768px\" srcset=\"https:\/\/talkpal.ai\/wp-content\/uploads\/2023\/06\/chinese-768x768.png 768w, https:\/\/talkpal.ai\/wp-content\/uploads\/2023\/06\/chinese-300x300.png 300w\" \/>\r\n    \r\n\r\n    <\/figure>\r\n\r\n            <a class=\"getStartedVisible\" href=\"https:\/\/app.talkpal.ai\/sl\/signup?lng=\">Za\u010dni<\/a>\r\n    \r\n<\/section>\r\n\r\n\r\n<!-- <section class=\"grammarSection\">\r\n    <div class=\"grammarLinks\">\r\n            <\/div>\r\n<\/section> -->\r\n\r\n\r\n\r\n\r\n<section class=\"promotionalBanner\">\r\n    <p class=\"promotionalText\">Naju\u010dinkovitej\u0161i na\u010din u\u010denja jezika<\/p>\r\n    <a class=\"promotionalLink\" href=\"https:\/\/app.talkpal.ai\/sl\/signup?lng=\">Preizkusite Talkpal brezpla\u010dno<\/a>\r\n<\/section>\n<div class=\"wp-block-group pageContainerStyle\"><div class=\"wp-block-group__inner-container is-layout-constrained wp-block-group-is-layout-constrained\">\n<h2 class=\"wp-block-heading\" id=\"h-chinese-grammar-topics\">Teme kitajske slovnice<\/h2>\n\n\n\n<p><a href=\"https:\/\/talkpal.ai\/chinese-grammar\/\">Kitajska slovnica<\/a> se sprva morda zdi zastra\u0161ujo\u010da, vendar je bistvena za obvladovanje jezika. S svojim edinstvenim sistemom znakov in tonsko naravo <a href=\"https:\/\/talkpal.ai\/chinese-grammar\/\">kitajska slovnica<\/a> sledi druga\u010dnemu naboru pravil kot <a href=\"https:\/\/talkpal.ai\/what-language-is-spoken-on-the-international-space-station\/\">jeziki<\/a>, kot je <a href=\"https:\/\/talkpal.ai\/learn-english-with-ai\/\">angle\u0161\u010dina<\/a>. U\u010denje teh pravil v pravilnem zaporedju vam bo pomagalo u\u010dinkoviteje napredovati pri \u0161tudiju jezika. V priporo\u010denem vrstnem redu bodo obravnavane naslednje teme: \u010dasi, glagoli, samostalniki, \u010dlanki, zaimki, pridevniki, prislovi, predlogi in struktura stavkov. Ta priro\u010dnik bo vseboval kratke razlage vsake teme, ki vam bodo pomagale bolje razumeti njihove funkcije v kitajskem jeziku.<\/p>\n\n\n\n<h3 class=\"wp-block-heading\" id=\"h-1-tenses\">1. \u010casi:<\/h3>\n\n\n\n<p>Za razliko od angle\u0161\u010dine <a href=\"https:\/\/talkpal.ai\/learn-chinese\/\">kitaj\u0161\u010dina<\/a> nima zapletenih glagolskih konjugacij, ki bi kazale na \u010das. Namesto tega uporablja \u010dasovne besede ali delce, da prika\u017ee, kdaj se dejanje zgodi. Za izra\u017eanje preteklih, sedanjih ali prihodnjih dejanj se morate najprej seznaniti z obi\u010dajnimi \u010dasovnimi besedami, kot so &#8220;v\u010deraj&#8221;, &#8220;danes&#8221; in &#8220;jutri&#8221;.<\/p>\n\n\n\n<h3 class=\"wp-block-heading\" id=\"h-2-verbs\">2. Glagoli:<\/h3>\n\n\n\n<p>Ko razumete \u010das, je nujno, da se nau\u010dite osnovnih glagolov v kitaj\u0161\u010dini. Glagoli so klju\u010dnega pomena, saj izra\u017eajo dejanja in stanja in pogosto ostanejo nespremenjeni v razli\u010dnih \u010dasih. Osredoto\u010dite se na u\u010denje najpogostej\u0161ih glagolov in njihovo ustrezno uporabo.<\/p>\n\n\n\n<h3 class=\"wp-block-heading\" id=\"h-3-nouns\">3. Samostalniki:<\/h3>\n\n\n\n<p>Samostalniki so gradniki jezika, ki predstavljajo ljudi, kraje, stvari ali ideje. V kitaj\u0161\u010dini so samostalniki na splo\u0161no preprosti in lahko za\u010dnete z u\u010denjem najpogostej\u0161ih in najuporabnej\u0161ih za raz\u0161iritev besedi\u0161\u010da.<\/p>\n\n\n\n<h3 class=\"wp-block-heading\" id=\"h-4-articles\">4. \u010clanki:<\/h3>\n\n\n\n<p><a href=\"https:\/\/talkpal.ai\/learn-chinese\/\">Kitaj\u0161\u010dina<\/a> nima \u010dlenov, kot sta v angle\u0161\u010dini &#8220;a&#8221; ali &#8220;the&#8221;. Vendar pa obstajajo merske besede, ki spremljajo samostalnike za ozna\u010devanje koli\u010dine. Te merske besede so bistvene pri razpravi o zneskih ali \u0161tevilkah dolo\u010denih postavk.<\/p>\n\n\n\n<h3 class=\"wp-block-heading\" id=\"h-5-pronouns\">5. Zaimki:<\/h3>\n\n\n\n<p>Zaimki se uporabljajo za zamenjavo samostalnikov v stavku in so klju\u010dnega pomena za prepre\u010devanje ponavljanja. V kitaj\u0161\u010dini se zaimki spreminjajo glede na njihovo funkcijo v stavku, kot je subjekt, predmet ali posesivno. Nau\u010dite se razli\u010dnih zaimkov in njihove pravilne uporabe, da izbolj\u0161ate konstrukcijo stavkov.<\/p>\n\n\n\n<h3 class=\"wp-block-heading\" id=\"h-6-adjectives\">6. Pridevniki:<\/h3>\n\n\n\n<p>Pridevniki se uporabljajo za opis ali spreminjanje samostalnikov in igrajo pomembno vlogo pri tem, da so va\u0161i stavki bolj izraziti in privla\u010dni. Nau\u010dite se najpogostej\u0161ih pridevnikov in njihove umestitve glede na samostalnik v stavku.<\/p>\n\n\n\n<h3 class=\"wp-block-heading\" id=\"h-7-adverbs\">7. Prislovi:<\/h3>\n\n\n\n<p>Prislovi so bistveni za zagotavljanje dodatnih informacij o glagolih, pridevnikih ali drugih prislovih. Lahko opi\u0161ejo, kako, kdaj ali kje se zgodi dejanje. Seznanite se s skupnimi prislovi in njihovo uporabo, da izbolj\u0161ate svoje opisne sposobnosti.<\/p>\n\n\n\n<h3 class=\"wp-block-heading\" id=\"h-8-prepositions\">8. Predlogi:<\/h3>\n\n\n\n<p>Predlogi se uporabljajo za ozna\u010devanje razmerja med samostalniki ali zaimki v stavku. Pogosto izra\u017eajo prostorske ali \u010dasovne odnose, kot so &#8220;in&#8221;, &#8220;on&#8221; ali &#8220;at&#8221;. U\u010denje najpogostej\u0161ih predlogov in njihova pravilna uporaba bo mo\u010dno izbolj\u0161alo strukturo stavkov.<\/p>\n\n\n\n<h3 class=\"wp-block-heading\" id=\"h-9-sentence-structure\">9. Struktura stavkov:<\/h3>\n\n\n\n<p>Nazadnje, razumevanje kitajske stav\u010dne strukture je klju\u010d do oblikovanja skladnih in slovni\u010dno pravilnih stavkov. Kitaj\u0161\u010dina sledi strukturi subjekt-glagol-objekt (SVO), podobno kot angle\u0161\u010dina. Vendar pa obstajajo razlike v vrstnem redu besed in postavitvi razli\u010dnih slovni\u010dnih elementov. Nau\u010dite se osnovnih vzorcev stavkov in vadite konstruiranje stavkov z elementi, ki ste se jih nau\u010dili, kot so \u010dasi, glagoli, samostalniki, zaimki, pridevniki, prislovi in predlogi.<\/p>\n\n\n\n<p>\u010ce sledite temu zaporedju in se osredoto\u010dite na vsako temo, boste razvili mo\u010dne temelje v kitajski slovnici in bili na dobri <a href=\"https:\/\/talkpal.ai\/locations\/learn-english-in-poti\/\">poti<\/a>, da teko\u010de govorite jezik.<\/p>\n<\/div><\/div>\n\r\n<section class=\"learnNavigationSection\">\r\n            \r\n        <a href=\"https:\/\/talkpal.ai\/sl\/naucite-se-kitajscine\/\">\r\n            <div class=\"learnNavigationWrapper\">\r\n                <div class=\"learnNavigationContent\">\r\n                    <img decoding=\"async\" src=\"https:\/\/talkpal.ai\/wp-content\/uploads\/2024\/08\/Chinese.jpg\" alt=\"Chinese Flag\u00a0\">\r\n                    <div>\r\n                        <h4>O u\u010denju kitaj\u0161\u010dine<\/h4>\r\n                        <p>Izvedite vse o kitajski slovnici.<\/p>\r\n                    <\/div>\r\n                <\/div>\r\n            <\/div>\r\n        <\/a>\r\n\r\n        \r\n        <a href=\"https:\/\/talkpal.ai\/sl\/kitajska-slovnica\/\">\r\n            <div class=\"learnNavigationWrapper\">\r\n                <div class=\"learnNavigationContent\">\r\n                    <img decoding=\"async\" src=\"https:\/\/talkpal.ai\/wp-content\/uploads\/2024\/08\/Chinese.jpg\" alt=\"Chinese Flag\u00a0\">\r\n                    <div>\r\n                        <h4>Lekcije kitajske slovnice<\/h4>\r\n                        <p>Vadite kitajsko slovnico.<\/p>\r\n                    <\/div>\r\n                <\/div>\r\n            <\/div>\r\n        <\/a>\r\n\r\n        \r\n        <a href=\"https:\/\/talkpal.ai\/vocabulary_language\/chinese\/\">\r\n            <div class=\"learnNavigationWrapper\">\r\n                <div class=\"learnNavigationContent\">\r\n                    <img decoding=\"async\" src=\"https:\/\/talkpal.ai\/wp-content\/uploads\/2024\/08\/Chinese.jpg\" alt=\"Chinese Flag\u00a0\">\r\n                    <div>\r\n                        <h4>Kitajski besednjak<\/h4>\r\n                        <p>Raz\u0161irite svoj kitajski besedni zaklad.<\/p>\r\n                    <\/div>\r\n                <\/div>\r\n            <\/div>\r\n        <\/a>\r\n\r\n            <\/section>","protected":false},"excerpt":{"rendered":"<p>Teme kitajske slovnice Kitajska slovnica se sprva morda zdi zastra\u0161ujo\u010da, vendar je bistvena za obvladovanje jezika. S svojim edinstvenim sistemom znakov in tonsko naravo kitajska slovnica sledi druga\u010dnemu naboru pravil kot jeziki, kot je angle\u0161\u010dina. U\u010denje teh pravil v pravilnem zaporedju vam bo pomagalo u\u010dinkoviteje napredovati pri \u0161tudiju jezika. V priporo\u010denem vrstnem redu bodo obravnavane [&hellip;]<\/p>\n","protected":false},"author":6,"featured_media":106062,"parent":0,"menu_order":0,"comment_status":"closed","ping_status":"closed","template":"LearningContentPage.php","meta":{"_acf_changed":false,"footnotes":""},"class_list":["post-132858","page","type-page","status-publish","has-post-thumbnail","hentry"],"acf":[],"yoast_head":"<!-- This site is optimized with the Yoast SEO Premium plugin v27.2 (Yoast SEO v27.2) - https:\/\/yoast.com\/product\/yoast-seo-premium-wordpress\/ -->\n<title>Kitajske slovni\u010dne vaje - Talkpal<\/title>\n<meta name=\"description\" content=\"Osvojite kitajsko slovnico z na\u0161im iz\u010drpnim vodnikom, ki zajema \u010dase, glagole in drugo, da izbolj\u0161ate svoje jezikovno znanje.\" \/>\n<meta name=\"robots\" content=\"index, follow, max-snippet:-1, max-image-preview:large, max-video-preview:-1\" \/>\n<link rel=\"canonical\" href=\"https:\/\/talkpal.ai\/sl\/kitajske-slovnicne-vaje\/\" \/>\n<meta property=\"og:locale\" content=\"sl_SI\" \/>\n<meta property=\"og:type\" content=\"article\" \/>\n<meta property=\"og:title\" content=\"Kitajske slovni\u010dne vaje\" \/>\n<meta property=\"og:description\" content=\"Teme kitajske slovnice Kitajska slovnica se sprva morda zdi zastra\u0161ujo\u010da, vendar je bistvena za obvladovanje jezika. S svojim edinstvenim sistemom znakov\" \/>\n<meta property=\"og:url\" content=\"https:\/\/talkpal.ai\/sl\/kitajske-slovnicne-vaje\/\" \/>\n<meta property=\"og:site_name\" content=\"Talkpal\" \/>\n<meta property=\"article:publisher\" content=\"https:\/\/www.facebook.com\/profile.php?id=100090733639311\" \/>\n<meta property=\"article:modified_time\" content=\"2025-05-22T21:24:29+00:00\" \/>\n<meta property=\"og:image\" content=\"https:\/\/talkpal.ai\/wp-content\/uploads\/2023\/04\/china.png\" \/>\n\t<meta property=\"og:image:width\" content=\"512\" \/>\n\t<meta property=\"og:image:height\" content=\"512\" \/>\n\t<meta property=\"og:image:type\" content=\"image\/png\" \/>\n<meta name=\"twitter:card\" content=\"summary_large_image\" \/>\n<meta name=\"twitter:site\" content=\"@talkpalai\" \/>\n<meta name=\"twitter:label1\" content=\"Est. reading time\" \/>\n\t<meta name=\"twitter:data1\" content=\"3 minute\" \/>\n<script type=\"application\/ld+json\" class=\"yoast-schema-graph\">{\"@context\":\"https:\/\/schema.org\",\"@graph\":[{\"@type\":\"WebPage\",\"@id\":\"https:\/\/talkpal.ai\/sl\/kitajske-slovnicne-vaje\/\",\"url\":\"https:\/\/talkpal.ai\/sl\/kitajske-slovnicne-vaje\/\",\"name\":\"Kitajske slovni\u010dne vaje - Talkpal\",\"isPartOf\":{\"@id\":\"https:\/\/talkpal.ai\/sl\/#website\"},\"primaryImageOfPage\":{\"@id\":\"https:\/\/talkpal.ai\/sl\/kitajske-slovnicne-vaje\/#primaryimage\"},\"image\":{\"@id\":\"https:\/\/talkpal.ai\/sl\/kitajske-slovnicne-vaje\/#primaryimage\"},\"thumbnailUrl\":\"https:\/\/talkpal.ai\/wp-content\/uploads\/2023\/04\/china.png\",\"datePublished\":\"2023-06-16T09:39:29+00:00\",\"dateModified\":\"2025-05-22T21:24:29+00:00\",\"description\":\"Osvojite kitajsko slovnico z na\u0161im iz\u010drpnim vodnikom, ki zajema \u010dase, glagole in drugo, da izbolj\u0161ate svoje jezikovno znanje.\",\"breadcrumb\":{\"@id\":\"https:\/\/talkpal.ai\/sl\/kitajske-slovnicne-vaje\/#breadcrumb\"},\"inLanguage\":\"sl-SI\",\"potentialAction\":[{\"@type\":\"ReadAction\",\"target\":[\"https:\/\/talkpal.ai\/sl\/kitajske-slovnicne-vaje\/\"]}]},{\"@type\":\"ImageObject\",\"inLanguage\":\"sl-SI\",\"@id\":\"https:\/\/talkpal.ai\/sl\/kitajske-slovnicne-vaje\/#primaryimage\",\"url\":\"https:\/\/talkpal.ai\/wp-content\/uploads\/2023\/04\/china.png\",\"contentUrl\":\"https:\/\/talkpal.ai\/wp-content\/uploads\/2023\/04\/china.png\",\"width\":512,\"height\":512},{\"@type\":\"BreadcrumbList\",\"@id\":\"https:\/\/talkpal.ai\/sl\/kitajske-slovnicne-vaje\/#breadcrumb\",\"itemListElement\":[{\"@type\":\"ListItem\",\"position\":1,\"name\":\"Homepage\",\"item\":\"https:\/\/talkpal.ai\/sl\/\"},{\"@type\":\"ListItem\",\"position\":2,\"name\":\"Kitajske slovni\u010dne vaje\"}]},{\"@type\":\"WebSite\",\"@id\":\"https:\/\/talkpal.ai\/sl\/#website\",\"url\":\"https:\/\/talkpal.ai\/sl\/\",\"name\":\"Talkpal\",\"description\":\"AI Language Learning\",\"publisher\":{\"@id\":\"https:\/\/talkpal.ai\/sl\/#organization\"},\"alternateName\":\"Talkpal AI\",\"potentialAction\":[{\"@type\":\"SearchAction\",\"target\":{\"@type\":\"EntryPoint\",\"urlTemplate\":\"https:\/\/talkpal.ai\/sl\/?s={search_term_string}\"},\"query-input\":{\"@type\":\"PropertyValueSpecification\",\"valueRequired\":true,\"valueName\":\"search_term_string\"}}],\"inLanguage\":\"sl-SI\"},{\"@type\":\"Organization\",\"@id\":\"https:\/\/talkpal.ai\/sl\/#organization\",\"name\":\"Talkpal, Inc.\",\"alternateName\":\"Talkpal AI\",\"url\":\"https:\/\/talkpal.ai\/sl\/\",\"logo\":{\"@type\":\"ImageObject\",\"inLanguage\":\"sl-SI\",\"@id\":\"https:\/\/talkpal.ai\/sl\/#\/schema\/logo\/image\/\",\"url\":\"https:\/\/talkpal.ai\/wp-content\/uploads\/2024\/03\/Talkpal-Logo-Icon.png\",\"contentUrl\":\"https:\/\/talkpal.ai\/wp-content\/uploads\/2024\/03\/Talkpal-Logo-Icon.png\",\"width\":2880,\"height\":2880,\"caption\":\"Talkpal, Inc.\"},\"image\":{\"@id\":\"https:\/\/talkpal.ai\/sl\/#\/schema\/logo\/image\/\"},\"sameAs\":[\"https:\/\/www.facebook.com\/profile.php?id=100090733639311\",\"https:\/\/x.com\/talkpalai\",\"https:\/\/www.linkedin.com\/company\/talkpal\/\",\"https:\/\/www.youtube.com\/@TalkPal\/\",\"https:\/\/www.tiktok.com\/@talkpal\",\"https:\/\/www.instagram.com\/talkpal_ai\/\",\"https:\/\/www.crunchbase.com\/organization\/talkpal-9cde\",\"https:\/\/www.g2.com\/products\/talkpal-for-business\/\",\"https:\/\/www.trustpilot.com\/review\/talkpal.ai\",\"https:\/\/www.capterra.com\/p\/10006800\/TalkPal\/\"],\"description\":\"Talkpal is a language learning web and mobile education app, powered by the latest AI technologies, that provides engaging experiences to its customers in many different languages to help them improve their language skills. Users can chat about unlimited amount of topics with the app and use other modes to practice their language learning.\",\"email\":\"support@talkpal.ai\",\"legalName\":\"Talkpal, Inc.\",\"foundingDate\":\"2023-04-03\",\"duns\":\"118989042\",\"numberOfEmployees\":{\"@type\":\"QuantitativeValue\",\"minValue\":\"11\",\"maxValue\":\"50\"},\"publishingPrinciples\":\"https:\/\/talkpal.ai\/publishing-principles\/\",\"actionableFeedbackPolicy\":\"https:\/\/talkpal.ai\/actionable-feedback-policy\/\",\"correctionsPolicy\":\"https:\/\/talkpal.ai\/corrections-policy\/\",\"ethicsPolicy\":\"https:\/\/talkpal.ai\/ethics-policy\/\",\"diversityPolicy\":\"https:\/\/talkpal.ai\/diversity-policy\/\",\"diversityStaffingReport\":\"https:\/\/talkpal.ai\/diversity-policy\/\"}]}<\/script>\n<!-- \/ Yoast SEO Premium plugin. -->","yoast_head_json":{"title":"Kitajske slovni\u010dne vaje - Talkpal","description":"Osvojite kitajsko slovnico z na\u0161im iz\u010drpnim vodnikom, ki zajema \u010dase, glagole in drugo, da izbolj\u0161ate svoje jezikovno znanje.","robots":{"index":"index","follow":"follow","max-snippet":"max-snippet:-1","max-image-preview":"max-image-preview:large","max-video-preview":"max-video-preview:-1"},"canonical":"https:\/\/talkpal.ai\/sl\/kitajske-slovnicne-vaje\/","og_locale":"sl_SI","og_type":"article","og_title":"Kitajske slovni\u010dne vaje","og_description":"Teme kitajske slovnice Kitajska slovnica se sprva morda zdi zastra\u0161ujo\u010da, vendar je bistvena za obvladovanje jezika. S svojim edinstvenim sistemom znakov","og_url":"https:\/\/talkpal.ai\/sl\/kitajske-slovnicne-vaje\/","og_site_name":"Talkpal","article_publisher":"https:\/\/www.facebook.com\/profile.php?id=100090733639311","article_modified_time":"2025-05-22T21:24:29+00:00","og_image":[{"width":512,"height":512,"url":"https:\/\/talkpal.ai\/wp-content\/uploads\/2023\/04\/china.png","type":"image\/png"}],"twitter_card":"summary_large_image","twitter_site":"@talkpalai","twitter_misc":{"Est. reading time":"3 minute"},"schema":{"@context":"https:\/\/schema.org","@graph":[{"@type":"WebPage","@id":"https:\/\/talkpal.ai\/sl\/kitajske-slovnicne-vaje\/","url":"https:\/\/talkpal.ai\/sl\/kitajske-slovnicne-vaje\/","name":"Kitajske slovni\u010dne vaje - Talkpal","isPartOf":{"@id":"https:\/\/talkpal.ai\/sl\/#website"},"primaryImageOfPage":{"@id":"https:\/\/talkpal.ai\/sl\/kitajske-slovnicne-vaje\/#primaryimage"},"image":{"@id":"https:\/\/talkpal.ai\/sl\/kitajske-slovnicne-vaje\/#primaryimage"},"thumbnailUrl":"https:\/\/talkpal.ai\/wp-content\/uploads\/2023\/04\/china.png","datePublished":"2023-06-16T09:39:29+00:00","dateModified":"2025-05-22T21:24:29+00:00","description":"Osvojite kitajsko slovnico z na\u0161im iz\u010drpnim vodnikom, ki zajema \u010dase, glagole in drugo, da izbolj\u0161ate svoje jezikovno znanje.","breadcrumb":{"@id":"https:\/\/talkpal.ai\/sl\/kitajske-slovnicne-vaje\/#breadcrumb"},"inLanguage":"sl-SI","potentialAction":[{"@type":"ReadAction","target":["https:\/\/talkpal.ai\/sl\/kitajske-slovnicne-vaje\/"]}]},{"@type":"ImageObject","inLanguage":"sl-SI","@id":"https:\/\/talkpal.ai\/sl\/kitajske-slovnicne-vaje\/#primaryimage","url":"https:\/\/talkpal.ai\/wp-content\/uploads\/2023\/04\/china.png","contentUrl":"https:\/\/talkpal.ai\/wp-content\/uploads\/2023\/04\/china.png","width":512,"height":512},{"@type":"BreadcrumbList","@id":"https:\/\/talkpal.ai\/sl\/kitajske-slovnicne-vaje\/#breadcrumb","itemListElement":[{"@type":"ListItem","position":1,"name":"Homepage","item":"https:\/\/talkpal.ai\/sl\/"},{"@type":"ListItem","position":2,"name":"Kitajske slovni\u010dne vaje"}]},{"@type":"WebSite","@id":"https:\/\/talkpal.ai\/sl\/#website","url":"https:\/\/talkpal.ai\/sl\/","name":"Talkpal","description":"AI Language Learning","publisher":{"@id":"https:\/\/talkpal.ai\/sl\/#organization"},"alternateName":"Talkpal AI","potentialAction":[{"@type":"SearchAction","target":{"@type":"EntryPoint","urlTemplate":"https:\/\/talkpal.ai\/sl\/?s={search_term_string}"},"query-input":{"@type":"PropertyValueSpecification","valueRequired":true,"valueName":"search_term_string"}}],"inLanguage":"sl-SI"},{"@type":"Organization","@id":"https:\/\/talkpal.ai\/sl\/#organization","name":"Talkpal, Inc.","alternateName":"Talkpal AI","url":"https:\/\/talkpal.ai\/sl\/","logo":{"@type":"ImageObject","inLanguage":"sl-SI","@id":"https:\/\/talkpal.ai\/sl\/#\/schema\/logo\/image\/","url":"https:\/\/talkpal.ai\/wp-content\/uploads\/2024\/03\/Talkpal-Logo-Icon.png","contentUrl":"https:\/\/talkpal.ai\/wp-content\/uploads\/2024\/03\/Talkpal-Logo-Icon.png","width":2880,"height":2880,"caption":"Talkpal, Inc."},"image":{"@id":"https:\/\/talkpal.ai\/sl\/#\/schema\/logo\/image\/"},"sameAs":["https:\/\/www.facebook.com\/profile.php?id=100090733639311","https:\/\/x.com\/talkpalai","https:\/\/www.linkedin.com\/company\/talkpal\/","https:\/\/www.youtube.com\/@TalkPal\/","https:\/\/www.tiktok.com\/@talkpal","https:\/\/www.instagram.com\/talkpal_ai\/","https:\/\/www.crunchbase.com\/organization\/talkpal-9cde","https:\/\/www.g2.com\/products\/talkpal-for-business\/","https:\/\/www.trustpilot.com\/review\/talkpal.ai","https:\/\/www.capterra.com\/p\/10006800\/TalkPal\/"],"description":"Talkpal is a language learning web and mobile education app, powered by the latest AI technologies, that provides engaging experiences to its customers in many different languages to help them improve their language skills. Users can chat about unlimited amount of topics with the app and use other modes to practice their language learning.","email":"support@talkpal.ai","legalName":"Talkpal, Inc.","foundingDate":"2023-04-03","duns":"118989042","numberOfEmployees":{"@type":"QuantitativeValue","minValue":"11","maxValue":"50"},"publishingPrinciples":"https:\/\/talkpal.ai\/publishing-principles\/","actionableFeedbackPolicy":"https:\/\/talkpal.ai\/actionable-feedback-policy\/","correctionsPolicy":"https:\/\/talkpal.ai\/corrections-policy\/","ethicsPolicy":"https:\/\/talkpal.ai\/ethics-policy\/","diversityPolicy":"https:\/\/talkpal.ai\/diversity-policy\/","diversityStaffingReport":"https:\/\/talkpal.ai\/diversity-policy\/"}]}},"_links":{"self":[{"href":"https:\/\/talkpal.ai\/sl\/wp-json\/wp\/v2\/pages\/132858","targetHints":{"allow":["GET"]}}],"collection":[{"href":"https:\/\/talkpal.ai\/sl\/wp-json\/wp\/v2\/pages"}],"about":[{"href":"https:\/\/talkpal.ai\/sl\/wp-json\/wp\/v2\/types\/page"}],"author":[{"embeddable":true,"href":"https:\/\/talkpal.ai\/sl\/wp-json\/wp\/v2\/users\/6"}],"replies":[{"embeddable":true,"href":"https:\/\/talkpal.ai\/sl\/wp-json\/wp\/v2\/comments?post=132858"}],"version-history":[{"count":0,"href":"https:\/\/talkpal.ai\/sl\/wp-json\/wp\/v2\/pages\/132858\/revisions"}],"wp:featuredmedia":[{"embeddable":true,"href":"https:\/\/talkpal.ai\/sl\/wp-json\/wp\/v2\/media\/106062"}],"wp:attachment":[{"href":"https:\/\/talkpal.ai\/sl\/wp-json\/wp\/v2\/media?parent=132858"}],"curies":[{"name":"wp","href":"https:\/\/api.w.org\/{rel}","templated":true}]}}