{"id":132513,"date":"2023-06-16T09:31:38","date_gmt":"2023-06-16T09:31:38","guid":{"rendered":"http:\/\/talkpal.ai\/arabske-slovnicne-vaje\/"},"modified":"2025-05-22T20:15:23","modified_gmt":"2025-05-22T20:15:23","slug":"arabske-slovnicne-vaje","status":"publish","type":"page","link":"https:\/\/talkpal.ai\/sl\/arabske-slovnicne-vaje\/","title":{"rendered":"Arabske slovni\u010dne vaje"},"content":{"rendered":"\r\n\r\n\r\n<section class=\"languageChallengeSection\">\r\n    <div class=\"languageInfoWrapper\">\r\n        \r\n        <h1>Arabske slovni\u010dne vaje<\/h1>\r\n        <p>Ste pripravljeni izbolj\u0161ati svoje znanje arab\u0161\u010dine? Izvajanje slovni\u010dnih vaj je bistvenega pomena za obvladovanje stav\u010dne strukture, glagolskih oblik in edinstvenih vzorcev arabskega jezika. S temi vajami si boste pove\u010dali samozavest, raz\u0161irili besedni zaklad in se la\u017eje izra\u017eali v arab\u0161\u010dini. Za\u010dnite vaditi \u0161e danes in opazujte, kako se va\u0161e jezikovno znanje izbolj\u0161uje!<\/p>\r\n\r\n                            <a class=\"getStartedHidden\" href=\"https:\/\/app.talkpal.ai\/sl\/signup?lng=\">Za\u010dni<\/a>\r\n        \r\n    <\/div>\r\n\r\n    <figure>\r\n    <img decoding=\"async\" width=\"768\" height=\"768\" src=\"https:\/\/talkpal.ai\/wp-content\/uploads\/2023\/06\/arabic-768x768.png\" class=\"languageImage no-lazy\" alt=\"Language learning for linguistic diversity\" fetchpriority=\"high\" sizes=\"(max-width: 768px) 150px, 768px\" srcset=\"https:\/\/talkpal.ai\/wp-content\/uploads\/2023\/06\/arabic-768x768.png 768w, https:\/\/talkpal.ai\/wp-content\/uploads\/2023\/06\/arabic-300x300.png 300w\" \/>\r\n    \r\n\r\n    <\/figure>\r\n\r\n            <a class=\"getStartedVisible\" href=\"https:\/\/app.talkpal.ai\/sl\/signup?lng=\">Za\u010dni<\/a>\r\n    \r\n<\/section>\r\n\r\n\r\n<!-- <section class=\"grammarSection\">\r\n    <div class=\"grammarLinks\">\r\n            <\/div>\r\n<\/section> -->\r\n\r\n\r\n\r\n\r\n<section class=\"promotionalBanner\">\r\n    <p class=\"promotionalText\">Naju\u010dinkovitej\u0161i na\u010din u\u010denja jezika<\/p>\r\n    <a class=\"promotionalLink\" href=\"https:\/\/app.talkpal.ai\/sl\/signup?lng=\">Preizkusite Talkpal brezpla\u010dno<\/a>\r\n<\/section>\n<div class=\"wp-block-group pageContainerStyle\"><div class=\"wp-block-group__inner-container is-layout-constrained wp-block-group-is-layout-constrained\">\n<h2 class=\"wp-block-heading\" id=\"h-arabic-grammar-topics\">Teme arabske slovnice<\/h2>\n\n\n\n<p>Arabski jezik je s svojo bogato zgodovino in kulturnim pomenom fascinantno in koristno prizadevanje za u\u010dence jezikov. Kot eden od \u0161estih uradnih jezikov Zdru\u017eenih narodov, ki ga govori ve\u010d kot 420 milijonov ljudi po vsem svetu, u\u010denje arab\u0161\u010dine odpira prilo\u017enosti za globalno komunikacijo in razumevanje. Vendar pa obvladovanje jezika zahteva temeljito razumevanje njegovih edinstvenih slovni\u010dnih pravil in struktur. V tem \u010dlanku bomo raziskali bistvene teme arabske slovnice, ki vam bodo pomagale zgraditi mo\u010dne temelje v jeziku, od osnovnih \u010dasov in glagolskih konjugacij do bolj zapletenih nominalnih in besednih stav\u010dnih struktur.<\/p>\n\n\n\n<h3 class=\"wp-block-heading\" id=\"h-1-tenses-indicative\">1. Okvirni \u010dasi:<\/h3>\n\n\n\n<p>Indikativni \u010das se uporablja za izra\u017eanje dejanj ali stanj v sedanjosti, preteklosti ali prihodnosti. V arab\u0161\u010dini se glagolska konjugacija spreminja glede na \u010das. Za\u010dnite z u\u010denjem osnovnih konjugacij za pravilne glagole in se seznanite z razli\u010dnimi vzorci sedanjega, preteklega in prihodnjega \u010dasa.<\/p>\n\n\n\n<h3 class=\"wp-block-heading\" id=\"h-2-tenses-subjunctive\">2. Veznik napetosti:<\/h3>\n\n\n\n<p>Konjunktivni \u010das se uporablja za izra\u017eanje negotovosti, dvoma ali \u017eelje. Klju\u010dnega pomena je, da se nau\u010dite posameznih glagolskih sklonov in kako se razlikujejo od indikativnega \u010dasa. To vam bo pomagalo prenesti bolj niansirane misli in ob\u010dutke v va\u0161i komunikaciji.<\/p>\n\n\n\n<h3 class=\"wp-block-heading\" id=\"h-3-tense-comparison\">3. Napeta primerjava:<\/h3>\n\n\n\n<p>Razumevanje razlik med indikativnim in konjunktivnim \u010dasom je klju\u010dnega pomena. Osredoto\u010dite se na to, kako se spreminjajo glagolske konjugacije in kontekst, v katerem se uporablja vsak \u010das.<\/p>\n\n\n\n<h3 class=\"wp-block-heading\" id=\"h-4-verbs\">4. Glagoli:<\/h3>\n\n\n\n<p>Arabski glagoli so razvr\u0161\u010deni v razli\u010dne oblike glede na njihove korenske \u010drke in vzorce. Nau\u010dite se desetih osnovnih oblik glagolov in njihovih pravil konjugacije, ki vam bodo pomagala pravilno prepoznati in uporabljati glagole v razli\u010dnih situacijah.<\/p>\n\n\n\n<h3 class=\"wp-block-heading\" id=\"h-5-nouns\">5. Samostalniki:<\/h3>\n\n\n\n<p>Arabski samostalniki so bodisi mo\u0161ki bodisi \u017eenski, njihovi konci pa se spreminjajo glede na njihovo slovni\u010dno vlogo v stavku. Spoznajte razli\u010dne samostalni\u0161ke vzorce in kako nanje vplivajo oznake primerov in drugi slovni\u010dni elementi.<\/p>\n\n\n\n<h3 class=\"wp-block-heading\" id=\"h-6-articles\">6. \u010clanki:<\/h3>\n\n\n\n<p>Arab\u0161\u010dina ima dolo\u010dene in nedolo\u010dene \u010dlene, ki igrajo klju\u010dno vlogo pri prepoznavanju samostalnikov. Spoznajte pravila in uporabo dolo\u010dnega \u010dlena &#8220;al-&#8221; ter odsotnost nedolo\u010dnega \u010dlena v arab\u0161\u010dini.<\/p>\n\n\n\n<h3 class=\"wp-block-heading\" id=\"h-7-definite-and-indefinite-articles\">7. Dolo\u010dni in nedolo\u010deni \u010dleni:<\/h3>\n\n\n\n<p>Kot smo \u017ee omenili, je razumevanje uporabe dolo\u010denih in nedolo\u010denih \u010dlenov v arab\u0161\u010dini bistvenega pomena. Vadite jih v stavkih z razli\u010dnimi samostalniki, da okrepite svoje razumevanje koncepta.<\/p>\n\n\n\n<h3 class=\"wp-block-heading\" id=\"h-8-pronouns\">8. Zaimki:<\/h3>\n\n\n\n<p>Arabski zaimki so razdeljeni na osebne, predstavitvene in relativne zaimke. Nau\u010dite se njihovih oblik in uporabe ter pravil za njihovo pritrditev glagolom, samostalnikom in predlogom.<\/p>\n\n\n\n<h3 class=\"wp-block-heading\" id=\"h-9-adjectives\">9. Pridevniki:<\/h3>\n\n\n\n<p>Pridevniki v arab\u0161\u010dini se ujemajo s samostalniki, ki jih spreminjajo po spolu in \u0161tevilu. Spoznajte pravila za pridevni\u0161ko ujemanje in osnovne vzorce pridevnikov.<\/p>\n\n\n\n<h3 class=\"wp-block-heading\" id=\"h-10-adverbs\">10. Prislovi:<\/h3>\n\n\n\n<p>Seznanite se s skupnimi arabskimi prislovi in njihovo umestitvijo v stavke. Razumevanje funkcije prislovov vam bo pomagalo posredovati podrobnej\u0161e informacije v va\u0161i komunikaciji.<\/p>\n\n\n\n<h3 class=\"wp-block-heading\" id=\"h-11-prepositions\">11. Predlogi:<\/h3>\n\n\n\n<p>Arabski predlogi so bistveni za povezovanje besed in besednih zvez ter izra\u017eanje odnosov med njimi. Nau\u010dite se razli\u010dnih predlogov in njihove uporabe v stavkih.<\/p>\n\n\n\n<h3 class=\"wp-block-heading\" id=\"h-12-idaafa-genitive-construction\">12. Idaafa (genitivna konstrukcija):<\/h3>\n\n\n\n<p>Zgradba Idaafa se uporablja za izra\u017eanje posesti ali odnosov med samostalniki. Spoznajte pravila in vzorce za oblikovanje konstrukcij Idaafa, ki so sestavni del arabske slovnice.<\/p>\n\n\n\n<h3 class=\"wp-block-heading\" id=\"h-13-sentence-structure\">13. Struktura stavkov:<\/h3>\n\n\n\n<p>Arabski stavki so lahko nominalni ali verbalni. Nau\u010dite se osnovne strukture obeh vrst stavkov in vadite oblikovanje stavkov z razli\u010dnimi komponentami.<\/p>\n\n\n\n<h3 class=\"wp-block-heading\" id=\"h-14-nominal-and-verbal-sentences\">14. Nominalni in besedni stavki:<\/h3>\n\n\n\n<p>Poglobite se v razlike med nominalnimi in verbalnimi stavki ter se nau\u010dite, kako jih u\u010dinkovito uporabljati v razli\u010dnih kontekstih.<\/p>\n\n\n\n<h3 class=\"wp-block-heading\" id=\"h-15-subject-and-predicate-in-arabic\">15. Predmet in predikat v arab\u0161\u010dini:<\/h3>\n\n\n\n<p>Razumevanje vlog subjekta in predikata v arabskih stavkih je bistveno za u\u010dinkovito komunikacijo. Spoznajte pravila za prepoznavanje in uporabo predmetov in predikatov v razli\u010dnih vrstah stavkov.<\/p>\n<\/div><\/div>\n\r\n<section class=\"learnNavigationSection\">\r\n            \r\n        <a href=\"https:\/\/talkpal.ai\/sl\/naucite-se-arabscine\/\">\r\n            <div class=\"learnNavigationWrapper\">\r\n                <div class=\"learnNavigationContent\">\r\n                    <img decoding=\"async\" src=\"https:\/\/talkpal.ai\/wp-content\/uploads\/2024\/08\/Arabic.jpg\" alt=\"Arabic Flag\">\r\n                    <div>\r\n                        <h4>O u\u010denju arab\u0161\u010dine<\/h4>\r\n                        <p>Izvedite vse o arabski slovnici.<\/p>\r\n                    <\/div>\r\n                <\/div>\r\n            <\/div>\r\n        <\/a>\r\n\r\n        \r\n        <a href=\"https:\/\/talkpal.ai\/sl\/arabska-slovnica\/\">\r\n            <div class=\"learnNavigationWrapper\">\r\n                <div class=\"learnNavigationContent\">\r\n                    <img decoding=\"async\" src=\"https:\/\/talkpal.ai\/wp-content\/uploads\/2024\/08\/Arabic.jpg\" alt=\"Arabic Flag\">\r\n                    <div>\r\n                        <h4>Lekcije arabske slovnice<\/h4>\r\n                        <p>Vadite arabsko slovnico.<\/p>\r\n                    <\/div>\r\n                <\/div>\r\n            <\/div>\r\n        <\/a>\r\n\r\n        \r\n        <a href=\"https:\/\/talkpal.ai\/vocabulary_language\/arabic\/\">\r\n            <div class=\"learnNavigationWrapper\">\r\n                <div class=\"learnNavigationContent\">\r\n                    <img decoding=\"async\" src=\"https:\/\/talkpal.ai\/wp-content\/uploads\/2024\/08\/Arabic.jpg\" alt=\"Arabic Flag\">\r\n                    <div>\r\n                        <h4>Arabski besednjak<\/h4>\r\n                        <p>Raz\u0161irite svoj arabski besedni zaklad.<\/p>\r\n                    <\/div>\r\n                <\/div>\r\n            <\/div>\r\n        <\/a>\r\n\r\n            <\/section>","protected":false},"excerpt":{"rendered":"<p>Teme arabske slovnice Arabski jezik je s svojo bogato zgodovino in kulturnim pomenom fascinantno in koristno prizadevanje za u\u010dence jezikov. Kot eden od \u0161estih uradnih jezikov Zdru\u017eenih narodov, ki ga govori ve\u010d kot 420 milijonov ljudi po vsem svetu, u\u010denje arab\u0161\u010dine odpira prilo\u017enosti za globalno komunikacijo in razumevanje. Vendar pa obvladovanje jezika zahteva temeljito razumevanje [&hellip;]<\/p>\n","protected":false},"author":6,"featured_media":105859,"parent":0,"menu_order":0,"comment_status":"closed","ping_status":"closed","template":"LearningContentPage.php","meta":{"_acf_changed":false,"footnotes":""},"class_list":["post-132513","page","type-page","status-publish","has-post-thumbnail","hentry"],"acf":[],"yoast_head":"<!-- This site is optimized with the Yoast SEO Premium plugin v27.2 (Yoast SEO v27.2) - https:\/\/yoast.com\/product\/yoast-seo-premium-wordpress\/ -->\n<title>Arabske slovni\u010dne vaje - Talkpal<\/title>\n<meta name=\"description\" content=\"Izbolj\u0161ajte razumevanje z vajami iz arabske slovnice, ki zajemajo bistvena pravila in strukture za obvladovanje jezika.\" \/>\n<meta name=\"robots\" content=\"index, follow, max-snippet:-1, max-image-preview:large, max-video-preview:-1\" \/>\n<link rel=\"canonical\" href=\"https:\/\/talkpal.ai\/sl\/arabske-slovnicne-vaje\/\" \/>\n<meta property=\"og:locale\" content=\"sl_SI\" \/>\n<meta property=\"og:type\" content=\"article\" \/>\n<meta property=\"og:title\" content=\"Arabske slovni\u010dne vaje\" \/>\n<meta property=\"og:description\" content=\"Teme arabske slovnice Arabski jezik je s svojo bogato zgodovino in kulturnim pomenom fascinantno in koristno prizadevanje za u\u010dence jezikov. Kot eden od\" \/>\n<meta property=\"og:url\" content=\"https:\/\/talkpal.ai\/sl\/arabske-slovnicne-vaje\/\" \/>\n<meta property=\"og:site_name\" content=\"Talkpal\" \/>\n<meta property=\"article:publisher\" content=\"https:\/\/www.facebook.com\/profile.php?id=100090733639311\" \/>\n<meta property=\"article:modified_time\" content=\"2025-05-22T20:15:23+00:00\" \/>\n<meta property=\"og:image\" content=\"https:\/\/talkpal.ai\/wp-content\/uploads\/2023\/04\/arabic-united-arab-emirates.png\" \/>\n\t<meta property=\"og:image:width\" content=\"512\" \/>\n\t<meta property=\"og:image:height\" content=\"512\" \/>\n\t<meta property=\"og:image:type\" content=\"image\/png\" \/>\n<meta name=\"twitter:card\" content=\"summary_large_image\" \/>\n<meta name=\"twitter:site\" content=\"@talkpalai\" \/>\n<meta name=\"twitter:label1\" content=\"Est. reading time\" \/>\n\t<meta name=\"twitter:data1\" content=\"3 minute\" \/>\n<script type=\"application\/ld+json\" class=\"yoast-schema-graph\">{\"@context\":\"https:\/\/schema.org\",\"@graph\":[{\"@type\":\"WebPage\",\"@id\":\"https:\/\/talkpal.ai\/sl\/arabske-slovnicne-vaje\/\",\"url\":\"https:\/\/talkpal.ai\/sl\/arabske-slovnicne-vaje\/\",\"name\":\"Arabske slovni\u010dne vaje - Talkpal\",\"isPartOf\":{\"@id\":\"https:\/\/talkpal.ai\/sl\/#website\"},\"primaryImageOfPage\":{\"@id\":\"https:\/\/talkpal.ai\/sl\/arabske-slovnicne-vaje\/#primaryimage\"},\"image\":{\"@id\":\"https:\/\/talkpal.ai\/sl\/arabske-slovnicne-vaje\/#primaryimage\"},\"thumbnailUrl\":\"https:\/\/talkpal.ai\/wp-content\/uploads\/2023\/04\/arabic-united-arab-emirates.png\",\"datePublished\":\"2023-06-16T09:31:38+00:00\",\"dateModified\":\"2025-05-22T20:15:23+00:00\",\"description\":\"Izbolj\u0161ajte razumevanje z vajami iz arabske slovnice, ki zajemajo bistvena pravila in strukture za obvladovanje jezika.\",\"breadcrumb\":{\"@id\":\"https:\/\/talkpal.ai\/sl\/arabske-slovnicne-vaje\/#breadcrumb\"},\"inLanguage\":\"sl-SI\",\"potentialAction\":[{\"@type\":\"ReadAction\",\"target\":[\"https:\/\/talkpal.ai\/sl\/arabske-slovnicne-vaje\/\"]}]},{\"@type\":\"ImageObject\",\"inLanguage\":\"sl-SI\",\"@id\":\"https:\/\/talkpal.ai\/sl\/arabske-slovnicne-vaje\/#primaryimage\",\"url\":\"https:\/\/talkpal.ai\/wp-content\/uploads\/2023\/04\/arabic-united-arab-emirates.png\",\"contentUrl\":\"https:\/\/talkpal.ai\/wp-content\/uploads\/2023\/04\/arabic-united-arab-emirates.png\",\"width\":512,\"height\":512},{\"@type\":\"BreadcrumbList\",\"@id\":\"https:\/\/talkpal.ai\/sl\/arabske-slovnicne-vaje\/#breadcrumb\",\"itemListElement\":[{\"@type\":\"ListItem\",\"position\":1,\"name\":\"Homepage\",\"item\":\"https:\/\/talkpal.ai\/sl\/\"},{\"@type\":\"ListItem\",\"position\":2,\"name\":\"Arabske slovni\u010dne vaje\"}]},{\"@type\":\"WebSite\",\"@id\":\"https:\/\/talkpal.ai\/sl\/#website\",\"url\":\"https:\/\/talkpal.ai\/sl\/\",\"name\":\"Talkpal\",\"description\":\"AI Language Learning\",\"publisher\":{\"@id\":\"https:\/\/talkpal.ai\/sl\/#organization\"},\"alternateName\":\"Talkpal AI\",\"potentialAction\":[{\"@type\":\"SearchAction\",\"target\":{\"@type\":\"EntryPoint\",\"urlTemplate\":\"https:\/\/talkpal.ai\/sl\/?s={search_term_string}\"},\"query-input\":{\"@type\":\"PropertyValueSpecification\",\"valueRequired\":true,\"valueName\":\"search_term_string\"}}],\"inLanguage\":\"sl-SI\"},{\"@type\":\"Organization\",\"@id\":\"https:\/\/talkpal.ai\/sl\/#organization\",\"name\":\"Talkpal, Inc.\",\"alternateName\":\"Talkpal AI\",\"url\":\"https:\/\/talkpal.ai\/sl\/\",\"logo\":{\"@type\":\"ImageObject\",\"inLanguage\":\"sl-SI\",\"@id\":\"https:\/\/talkpal.ai\/sl\/#\/schema\/logo\/image\/\",\"url\":\"https:\/\/talkpal.ai\/wp-content\/uploads\/2024\/03\/Talkpal-Logo-Icon.png\",\"contentUrl\":\"https:\/\/talkpal.ai\/wp-content\/uploads\/2024\/03\/Talkpal-Logo-Icon.png\",\"width\":2880,\"height\":2880,\"caption\":\"Talkpal, Inc.\"},\"image\":{\"@id\":\"https:\/\/talkpal.ai\/sl\/#\/schema\/logo\/image\/\"},\"sameAs\":[\"https:\/\/www.facebook.com\/profile.php?id=100090733639311\",\"https:\/\/x.com\/talkpalai\",\"https:\/\/www.linkedin.com\/company\/talkpal\/\",\"https:\/\/www.youtube.com\/@TalkPal\/\",\"https:\/\/www.tiktok.com\/@talkpal\",\"https:\/\/www.instagram.com\/talkpal_ai\/\",\"https:\/\/www.crunchbase.com\/organization\/talkpal-9cde\",\"https:\/\/www.g2.com\/products\/talkpal-for-business\/\",\"https:\/\/www.trustpilot.com\/review\/talkpal.ai\",\"https:\/\/www.capterra.com\/p\/10006800\/TalkPal\/\"],\"description\":\"Talkpal is a language learning web and mobile education app, powered by the latest AI technologies, that provides engaging experiences to its customers in many different languages to help them improve their language skills. Users can chat about unlimited amount of topics with the app and use other modes to practice their language learning.\",\"email\":\"support@talkpal.ai\",\"legalName\":\"Talkpal, Inc.\",\"foundingDate\":\"2023-04-03\",\"duns\":\"118989042\",\"numberOfEmployees\":{\"@type\":\"QuantitativeValue\",\"minValue\":\"11\",\"maxValue\":\"50\"},\"publishingPrinciples\":\"https:\/\/talkpal.ai\/publishing-principles\/\",\"actionableFeedbackPolicy\":\"https:\/\/talkpal.ai\/actionable-feedback-policy\/\",\"correctionsPolicy\":\"https:\/\/talkpal.ai\/corrections-policy\/\",\"ethicsPolicy\":\"https:\/\/talkpal.ai\/ethics-policy\/\",\"diversityPolicy\":\"https:\/\/talkpal.ai\/diversity-policy\/\",\"diversityStaffingReport\":\"https:\/\/talkpal.ai\/diversity-policy\/\"}]}<\/script>\n<!-- \/ Yoast SEO Premium plugin. -->","yoast_head_json":{"title":"Arabske slovni\u010dne vaje - Talkpal","description":"Izbolj\u0161ajte razumevanje z vajami iz arabske slovnice, ki zajemajo bistvena pravila in strukture za obvladovanje jezika.","robots":{"index":"index","follow":"follow","max-snippet":"max-snippet:-1","max-image-preview":"max-image-preview:large","max-video-preview":"max-video-preview:-1"},"canonical":"https:\/\/talkpal.ai\/sl\/arabske-slovnicne-vaje\/","og_locale":"sl_SI","og_type":"article","og_title":"Arabske slovni\u010dne vaje","og_description":"Teme arabske slovnice Arabski jezik je s svojo bogato zgodovino in kulturnim pomenom fascinantno in koristno prizadevanje za u\u010dence jezikov. Kot eden od","og_url":"https:\/\/talkpal.ai\/sl\/arabske-slovnicne-vaje\/","og_site_name":"Talkpal","article_publisher":"https:\/\/www.facebook.com\/profile.php?id=100090733639311","article_modified_time":"2025-05-22T20:15:23+00:00","og_image":[{"width":512,"height":512,"url":"https:\/\/talkpal.ai\/wp-content\/uploads\/2023\/04\/arabic-united-arab-emirates.png","type":"image\/png"}],"twitter_card":"summary_large_image","twitter_site":"@talkpalai","twitter_misc":{"Est. reading time":"3 minute"},"schema":{"@context":"https:\/\/schema.org","@graph":[{"@type":"WebPage","@id":"https:\/\/talkpal.ai\/sl\/arabske-slovnicne-vaje\/","url":"https:\/\/talkpal.ai\/sl\/arabske-slovnicne-vaje\/","name":"Arabske slovni\u010dne vaje - Talkpal","isPartOf":{"@id":"https:\/\/talkpal.ai\/sl\/#website"},"primaryImageOfPage":{"@id":"https:\/\/talkpal.ai\/sl\/arabske-slovnicne-vaje\/#primaryimage"},"image":{"@id":"https:\/\/talkpal.ai\/sl\/arabske-slovnicne-vaje\/#primaryimage"},"thumbnailUrl":"https:\/\/talkpal.ai\/wp-content\/uploads\/2023\/04\/arabic-united-arab-emirates.png","datePublished":"2023-06-16T09:31:38+00:00","dateModified":"2025-05-22T20:15:23+00:00","description":"Izbolj\u0161ajte razumevanje z vajami iz arabske slovnice, ki zajemajo bistvena pravila in strukture za obvladovanje jezika.","breadcrumb":{"@id":"https:\/\/talkpal.ai\/sl\/arabske-slovnicne-vaje\/#breadcrumb"},"inLanguage":"sl-SI","potentialAction":[{"@type":"ReadAction","target":["https:\/\/talkpal.ai\/sl\/arabske-slovnicne-vaje\/"]}]},{"@type":"ImageObject","inLanguage":"sl-SI","@id":"https:\/\/talkpal.ai\/sl\/arabske-slovnicne-vaje\/#primaryimage","url":"https:\/\/talkpal.ai\/wp-content\/uploads\/2023\/04\/arabic-united-arab-emirates.png","contentUrl":"https:\/\/talkpal.ai\/wp-content\/uploads\/2023\/04\/arabic-united-arab-emirates.png","width":512,"height":512},{"@type":"BreadcrumbList","@id":"https:\/\/talkpal.ai\/sl\/arabske-slovnicne-vaje\/#breadcrumb","itemListElement":[{"@type":"ListItem","position":1,"name":"Homepage","item":"https:\/\/talkpal.ai\/sl\/"},{"@type":"ListItem","position":2,"name":"Arabske slovni\u010dne vaje"}]},{"@type":"WebSite","@id":"https:\/\/talkpal.ai\/sl\/#website","url":"https:\/\/talkpal.ai\/sl\/","name":"Talkpal","description":"AI Language Learning","publisher":{"@id":"https:\/\/talkpal.ai\/sl\/#organization"},"alternateName":"Talkpal AI","potentialAction":[{"@type":"SearchAction","target":{"@type":"EntryPoint","urlTemplate":"https:\/\/talkpal.ai\/sl\/?s={search_term_string}"},"query-input":{"@type":"PropertyValueSpecification","valueRequired":true,"valueName":"search_term_string"}}],"inLanguage":"sl-SI"},{"@type":"Organization","@id":"https:\/\/talkpal.ai\/sl\/#organization","name":"Talkpal, Inc.","alternateName":"Talkpal AI","url":"https:\/\/talkpal.ai\/sl\/","logo":{"@type":"ImageObject","inLanguage":"sl-SI","@id":"https:\/\/talkpal.ai\/sl\/#\/schema\/logo\/image\/","url":"https:\/\/talkpal.ai\/wp-content\/uploads\/2024\/03\/Talkpal-Logo-Icon.png","contentUrl":"https:\/\/talkpal.ai\/wp-content\/uploads\/2024\/03\/Talkpal-Logo-Icon.png","width":2880,"height":2880,"caption":"Talkpal, Inc."},"image":{"@id":"https:\/\/talkpal.ai\/sl\/#\/schema\/logo\/image\/"},"sameAs":["https:\/\/www.facebook.com\/profile.php?id=100090733639311","https:\/\/x.com\/talkpalai","https:\/\/www.linkedin.com\/company\/talkpal\/","https:\/\/www.youtube.com\/@TalkPal\/","https:\/\/www.tiktok.com\/@talkpal","https:\/\/www.instagram.com\/talkpal_ai\/","https:\/\/www.crunchbase.com\/organization\/talkpal-9cde","https:\/\/www.g2.com\/products\/talkpal-for-business\/","https:\/\/www.trustpilot.com\/review\/talkpal.ai","https:\/\/www.capterra.com\/p\/10006800\/TalkPal\/"],"description":"Talkpal is a language learning web and mobile education app, powered by the latest AI technologies, that provides engaging experiences to its customers in many different languages to help them improve their language skills. Users can chat about unlimited amount of topics with the app and use other modes to practice their language learning.","email":"support@talkpal.ai","legalName":"Talkpal, Inc.","foundingDate":"2023-04-03","duns":"118989042","numberOfEmployees":{"@type":"QuantitativeValue","minValue":"11","maxValue":"50"},"publishingPrinciples":"https:\/\/talkpal.ai\/publishing-principles\/","actionableFeedbackPolicy":"https:\/\/talkpal.ai\/actionable-feedback-policy\/","correctionsPolicy":"https:\/\/talkpal.ai\/corrections-policy\/","ethicsPolicy":"https:\/\/talkpal.ai\/ethics-policy\/","diversityPolicy":"https:\/\/talkpal.ai\/diversity-policy\/","diversityStaffingReport":"https:\/\/talkpal.ai\/diversity-policy\/"}]}},"_links":{"self":[{"href":"https:\/\/talkpal.ai\/sl\/wp-json\/wp\/v2\/pages\/132513","targetHints":{"allow":["GET"]}}],"collection":[{"href":"https:\/\/talkpal.ai\/sl\/wp-json\/wp\/v2\/pages"}],"about":[{"href":"https:\/\/talkpal.ai\/sl\/wp-json\/wp\/v2\/types\/page"}],"author":[{"embeddable":true,"href":"https:\/\/talkpal.ai\/sl\/wp-json\/wp\/v2\/users\/6"}],"replies":[{"embeddable":true,"href":"https:\/\/talkpal.ai\/sl\/wp-json\/wp\/v2\/comments?post=132513"}],"version-history":[{"count":0,"href":"https:\/\/talkpal.ai\/sl\/wp-json\/wp\/v2\/pages\/132513\/revisions"}],"wp:featuredmedia":[{"embeddable":true,"href":"https:\/\/talkpal.ai\/sl\/wp-json\/wp\/v2\/media\/105859"}],"wp:attachment":[{"href":"https:\/\/talkpal.ai\/sl\/wp-json\/wp\/v2\/media?parent=132513"}],"curies":[{"name":"wp","href":"https:\/\/api.w.org\/{rel}","templated":true}]}}