{"id":132286,"date":"2023-06-16T09:22:36","date_gmt":"2023-06-16T09:22:36","guid":{"rendered":"http:\/\/talkpal.ai\/italijanske-slovnicne-vaje\/"},"modified":"2025-12-17T16:13:36","modified_gmt":"2025-12-17T16:13:36","slug":"italijanske-slovnicne-vaje","status":"publish","type":"page","link":"https:\/\/talkpal.ai\/sl\/italijanske-slovnicne-vaje\/","title":{"rendered":"Italijanske slovni\u010dne vaje"},"content":{"rendered":"\r\n\r\n\r\n<section class=\"languageChallengeSection\">\r\n    <div class=\"languageInfoWrapper\">\r\n        \r\n        <h1>Italijanske slovni\u010dne vaje<\/h1>\r\n        <p>Ste pripravljeni okrepiti svoje zaupanje v italijanski jezik? Vadba slovnice je najbolj\u0161i na\u010din za obvladovanje zgradbe stavkov, glagolskih sklonov in edinstvenih zna\u010dilnosti italijanskega jezika. \u0160e danes se lotite u\u010denja italijanske slovnice in z vsakim korakom izbolj\u0161ajte svoje znanje in teko\u010dnost!\n\n<\/p>\r\n\r\n                            <a class=\"getStartedHidden\" href=\"https:\/\/app.talkpal.ai\/sl\/signup?lng=\">Za\u010dni<\/a>\r\n        \r\n    <\/div>\r\n\r\n    <figure>\r\n    <img decoding=\"async\" width=\"768\" height=\"768\" src=\"https:\/\/talkpal.ai\/wp-content\/uploads\/2023\/06\/italian-768x768.png\" class=\"languageImage no-lazy\" alt=\"Language learning for increased memory capacity\" fetchpriority=\"high\" sizes=\"(max-width: 768px) 150px, 768px\" srcset=\"https:\/\/talkpal.ai\/wp-content\/uploads\/2023\/06\/italian-768x768.png 768w, https:\/\/talkpal.ai\/wp-content\/uploads\/2023\/06\/italian-300x300.png 300w\" \/>\r\n    \r\n\r\n    <\/figure>\r\n\r\n            <a class=\"getStartedVisible\" href=\"https:\/\/app.talkpal.ai\/sl\/signup?lng=\">Za\u010dni<\/a>\r\n    \r\n<\/section>\r\n\r\n\r\n<!-- <section class=\"grammarSection\">\r\n    <div class=\"grammarLinks\">\r\n        <a href=\"https:\/\/talkpal.ai\/sl\/exercise_language\/casi-konjunktiv-italijanska-slovnica\/\">\u010casi konjunktiv <\/a><a href=\"https:\/\/talkpal.ai\/sl\/exercise_language\/clanki-italijanska-slovnica\/\">\u010clanki <\/a><a href=\"https:\/\/talkpal.ai\/sl\/exercise_language\/glagoli-italijanska-slovnica\/\">Glagoli <\/a><a href=\"https:\/\/talkpal.ai\/sl\/exercise_language\/indikativni-casi-italijanska-slovnica\/\">Indikativni \u010dasi <\/a><a href=\"https:\/\/talkpal.ai\/sl\/exercise_language\/predlogi-italijanska-slovnica\/\">Predlogi <\/a><a href=\"https:\/\/talkpal.ai\/sl\/exercise_language\/pridevniki-italijanska-slovnica\/\">Pridevniki <\/a><a href=\"https:\/\/talkpal.ai\/sl\/exercise_language\/primerjava-casa-italijanska-slovnica\/\">Primerjava \u010dasa <\/a><a href=\"https:\/\/talkpal.ai\/sl\/exercise_language\/prislovi-italijanska-slovnica\/\">Prislovi <\/a><a href=\"https:\/\/talkpal.ai\/sl\/exercise_language\/samostalniki-italijanska-slovnica\/\">samostalniki <\/a><a href=\"https:\/\/talkpal.ai\/sl\/exercise_language\/stavcna-struktura-italijanska-slovnica\/\">Stav\u010dna struktura <\/a><a href=\"https:\/\/talkpal.ai\/sl\/exercise_language\/zaimki-italijanska-slovnica\/\">Zaimki <\/a>    <\/div>\r\n<\/section> -->\r\n\r\n\r\n\r\n\r\n        <section class=\"grammarSection\">\r\n            <div class=\"grammarLinks\">\r\n                <a href=\"https:\/\/talkpal.ai\/sl\/exercise_language\/casi-konjunktiv-italijanska-slovnica\/\">\u010casi konjunktiv <\/a><a href=\"https:\/\/talkpal.ai\/sl\/exercise_language\/clanki-italijanska-slovnica\/\">\u010clanki <\/a><a href=\"https:\/\/talkpal.ai\/sl\/exercise_language\/glagoli-italijanska-slovnica\/\">Glagoli <\/a><a href=\"https:\/\/talkpal.ai\/sl\/exercise_language\/indikativni-casi-italijanska-slovnica\/\">Indikativni \u010dasi <\/a><a href=\"https:\/\/talkpal.ai\/sl\/exercise_language\/predlogi-italijanska-slovnica\/\">Predlogi <\/a><a href=\"https:\/\/talkpal.ai\/sl\/exercise_language\/pridevniki-italijanska-slovnica\/\">Pridevniki <\/a><a href=\"https:\/\/talkpal.ai\/sl\/exercise_language\/primerjava-casa-italijanska-slovnica\/\">Primerjava \u010dasa <\/a><a href=\"https:\/\/talkpal.ai\/sl\/exercise_language\/prislovi-italijanska-slovnica\/\">Prislovi <\/a><a href=\"https:\/\/talkpal.ai\/sl\/exercise_language\/samostalniki-italijanska-slovnica\/\">samostalniki <\/a><a href=\"https:\/\/talkpal.ai\/sl\/exercise_language\/stavcna-struktura-italijanska-slovnica\/\">Stav\u010dna struktura <\/a><a href=\"https:\/\/talkpal.ai\/sl\/exercise_language\/zaimki-italijanska-slovnica\/\">Zaimki <\/a>            <\/div>\r\n        <\/section>\r\n<section class=\"promotionalBanner\">\r\n    <p class=\"promotionalText\">Naju\u010dinkovitej\u0161i na\u010din u\u010denja jezika<\/p>\r\n    <a class=\"promotionalLink\" href=\"https:\/\/app.talkpal.ai\/sl\/signup?lng=\">Preizkusite Talkpal brezpla\u010dno<\/a>\r\n<\/section>\n<div class=\"wp-block-group pageContainerStyle\"><div class=\"wp-block-group__inner-container is-layout-constrained wp-block-group-is-layout-constrained\">\n<h2 class=\"wp-block-heading\" id=\"h-italian-grammar-topics\">Teme italijanske slovnice<\/h2>\n\n\n\n<p>U\u010denje novega jezika je vznemirljivo potovanje, ki odpira nove prilo\u017enosti in kulturne izku\u0161nje. Eden najlep\u0161ih in najbolj raz\u0161irjenih jezikov je <a href=\"https:\/\/talkpal.ai\/learn-italian\/\">italijan\u0161\u010dina<\/a>, znana po svoji muzikalnosti, izraznosti in bogati zgodovini. Za u\u010dinkovito u\u010denje italijan\u0161\u010dine je klju\u010dnega pomena jasno razumevanje njene slovnice, ki slu\u017ei kot osnova za izgradnjo jezikovnega znanja. To vklju\u010duje obvladovanje razli\u010dnih vidikov, kot so \u010dasi, glagoli, samostalniki, \u010dlanki in drugo. V tem priro\u010dniku bomo raziskali zaporedje slovni\u010dnih tem, ki vam bodo pomagale pri organiziranem in u\u010dinkovitem u\u010denju italijan\u0161\u010dine.<\/p>\n\n\n\n<h3 class=\"wp-block-heading\" id=\"h-1-nouns-and-articles\">1. Samostalniki in izdelki:<\/h3>\n\n\n\n<p>Za\u010dnite svojo u\u010dno pot italijan\u0161\u010dine s samostalniki in \u010dlanki, saj so osnovni gradniki vsakega stavka. Samostalniki so besede, ki predstavljajo ljudi, kraje, stvari ali ideje. V italijan\u0161\u010dini imajo samostalniki spol (mo\u0161ki in \u017eenski) in \u0161tevilke (ednina in mno\u017eina). \u010clanki so besede, ki spremljajo samostalnike, imajo pa tudi spol in \u0161tevilko. Seznanite se z dolo\u010denimi (il, la itd.) in nedolo\u010denimi \u010dleni (un, una itd.) in oblikujte preproste fraze.<\/p>\n\n\n\n<h3 class=\"wp-block-heading\" id=\"h-2-adjectives\">2. Pridevniki:<\/h3>\n\n\n\n<p>Pridevniki zagotavljajo informacije o samostalnikih, kot so barva, velikost ali kakovost. V italijan\u0161\u010dini se pridevniki po spolu in \u0161tevilu ujemajo s samostalnikom, ki ga opisujejo. Spoznajte pravila za pridevni\u0161ko umestitev in soglasje, da izbolj\u0161ate svoje opisno jezikovno znanje.<\/p>\n\n\n\n<h3 class=\"wp-block-heading\" id=\"h-3-pronouns\">3. Zaimki:<\/h3>\n\n\n\n<p>Zaimki nadome\u0161\u010dajo samostalnike v stavkih, da se prepre\u010di ponavljanje. Preu\u010dite zaimke predmetov (io, tu, lui itd.), Zaimke neposrednih in posrednih predmetov (lo, la, gli itd.) in posesivne zaimke (mio, tuo, suo itd.), Da svojemu govoru dodate ve\u010d raznolikosti.<\/p>\n\n\n\n<h3 class=\"wp-block-heading\" id=\"h-4-verbs-and-tenses-indicative\">4. Okvirni glagoli in \u010dasi:<\/h3>\n\n\n\n<p>Glagoli izra\u017eajo dejanja, stanja ali pojave. Italijanski glagoli imajo razli\u010dne konjugacije glede na predmet, \u010das in razpolo\u017eenje. Za\u010dnite z obi\u010dajnimi glagoli v sedanjem \u010dasu indikativno, kot je parlare (govoriti), in se postopoma u\u010dite drugih \u010dasov, kot sta preteklost (<a href=\"https:\/\/talkpal.ai\/ar\/grammar_exercises\/passato-prossimo-%d8%aa%d9%85%d8%a7%d8%b1%d9%8a%d9%86-%d9%84%d9%84%d9%82%d9%88%d8%a7%d8%b9%d8%af-%d8%a7%d9%84%d8%a5%d9%8a%d8%b7%d8%a7%d9%84%d9%8a%d8%a9\/\">passato prossimo<\/a>) in prihodnost (<a href=\"https:\/\/talkpal.ai\/ar\/grammar_exercises\/futuro-semplice-%d8%aa%d9%85%d8%a7%d8%b1%d9%8a%d9%86-%d9%84%d9%84%d9%82%d9%88%d8%a7%d8%b9%d8%af-%d8%a7%d9%84%d8%a5%d9%8a%d8%b7%d8%a7%d9%84%d9%8a%d8%a9\/\">futuro semplice<\/a>).<\/p>\n\n\n\n<h3 class=\"wp-block-heading\" id=\"h-5-tenses-subjunctive\">5. \u010casi konjunktivni:<\/h3>\n\n\n\n<p>Konjunktivno razpolo\u017eenje izra\u017ea dvom, negotovost ali osebna mnenja. Nau\u010dite se \u0161tirih konjunktivnih \u010dasov (sedanjih, preteklih, nepopolnih in preteklih popolnih) in njihove uporabe pri izra\u017eanju \u017eelja, \u017eelja in hipoteti\u010dnih situacij.<\/p>\n\n\n\n<h3 class=\"wp-block-heading\" id=\"h-6-tense-comparison\">6. Napeta primerjava:<\/h3>\n\n\n\n<p>Razvijte svojo sposobnost primerjave dejanj v razli\u010dnih \u010dasovnih okvirih tako, da se nau\u010dite uporabljati primerjalne in prese\u017ene oblike pridevnikov in prislovov. Tako boste lahko primerjali ljudi, predmete ali situacije.<\/p>\n\n\n\n<h3 class=\"wp-block-heading\" id=\"h-7-adverbs\">7. Prislovi:<\/h3>\n\n\n\n<p>Prislovi spreminjajo glagole, pridevnike ali druge prislove z zagotavljanjem dodatnih informacij o \u010dasu, na\u010dinu ali stopnji. Nau\u010dite se pogostih italijanskih prislovov in njihove umestitve v stavke, da izbolj\u0161ate svojo teko\u010dost.<\/p>\n\n\n\n<h3 class=\"wp-block-heading\" id=\"h-8-prepositions\">8. Predlogi:<\/h3>\n\n\n\n<p>Predlogi so bistveni za povezovanje besed in besednih zvez, ki ozna\u010dujejo odnose, kot so lokacija, \u010das ali vzrok. Obvladajte skupne italijanske predloge (di, a, da itd.) in njihovo uporabo v razli\u010dnih kontekstih.<\/p>\n\n\n\n<h3 class=\"wp-block-heading\" id=\"h-9-sentence-structure\">9. Struktura stavkov:<\/h3>\n\n\n\n<p>Na koncu zdru\u017eite vse slovni\u010dne komponente s preu\u010devanjem italijanske stav\u010dne strukture. Preberite ve\u010d o vrstnem redu predmeta-glagol-predmeta, negaciji in oblikovanju vpra\u0161anj, da ustvarite natan\u010dne in smiselne stavke.<\/p>\n\n\n\n<p>\u010ce boste sledili temu zaporedju slovni\u010dnih tem in posvetili \u010das vadbi in recenziji, boste na dobri <a href=\"https:\/\/talkpal.ai\/locations\/learn-english-in-poti\/\">poti<\/a>, da obvladate italijan\u0161\u010dino in u\u017eivate v bogatih jezikovnih in kulturnih izku\u0161njah, ki jih ponuja.<\/p>\n<\/div><\/div>\n\r\n<section class=\"learnNavigationSection\">\r\n            \r\n        <a href=\"https:\/\/talkpal.ai\/sl\/naucite-se-italijanskega-jezika\/\">\r\n            <div class=\"learnNavigationWrapper\">\r\n                <div class=\"learnNavigationContent\">\r\n                    <img decoding=\"async\" src=\"https:\/\/talkpal.ai\/wp-content\/uploads\/2024\/08\/Italian.jpg\" alt=\"Italian Flag\">\r\n                    <div>\r\n                        <h4>O u\u010denju italijan\u0161\u010dine<\/h4>\r\n                        <p>Izvedite vse o italijanski slovnici.<\/p>\r\n                    <\/div>\r\n                <\/div>\r\n            <\/div>\r\n        <\/a>\r\n\r\n        \r\n        <a href=\"https:\/\/talkpal.ai\/sl\/italijanska-gramatika\/\">\r\n            <div class=\"learnNavigationWrapper\">\r\n                <div class=\"learnNavigationContent\">\r\n                    <img decoding=\"async\" src=\"https:\/\/talkpal.ai\/wp-content\/uploads\/2024\/08\/Italian.jpg\" alt=\"Italian Flag\">\r\n                    <div>\r\n                        <h4>Pouk italijanske slovnice<\/h4>\r\n                        <p>Vadite italijansko slovnico.<\/p>\r\n                    <\/div>\r\n                <\/div>\r\n            <\/div>\r\n        <\/a>\r\n\r\n        \r\n        <a href=\"https:\/\/talkpal.ai\/vocabulary_language\/italian\/\">\r\n            <div class=\"learnNavigationWrapper\">\r\n                <div class=\"learnNavigationContent\">\r\n                    <img decoding=\"async\" src=\"https:\/\/talkpal.ai\/wp-content\/uploads\/2024\/08\/Italian.jpg\" alt=\"Italian Flag\">\r\n                    <div>\r\n                        <h4>Italijanski besednjak<\/h4>\r\n                        <p>Raz\u0161irite svoj italijanski besedni zaklad.<\/p>\r\n                    <\/div>\r\n                <\/div>\r\n            <\/div>\r\n        <\/a>\r\n\r\n            <\/section>","protected":false},"excerpt":{"rendered":"<p>Teme italijanske slovnice U\u010denje novega jezika je vznemirljivo potovanje, ki odpira nove prilo\u017enosti in kulturne izku\u0161nje. Eden najlep\u0161ih in najbolj raz\u0161irjenih jezikov je italijan\u0161\u010dina, znana po svoji muzikalnosti, izraznosti in bogati zgodovini. Za u\u010dinkovito u\u010denje italijan\u0161\u010dine je klju\u010dnega pomena jasno razumevanje njene slovnice, ki slu\u017ei kot osnova za izgradnjo jezikovnega znanja. To vklju\u010duje obvladovanje razli\u010dnih [&hellip;]<\/p>\n","protected":false},"author":6,"featured_media":76182,"parent":0,"menu_order":0,"comment_status":"closed","ping_status":"closed","template":"LearningContentPage.php","meta":{"_acf_changed":false,"footnotes":""},"class_list":["post-132286","page","type-page","status-publish","has-post-thumbnail","hentry"],"acf":[],"yoast_head":"<!-- This site is optimized with the Yoast SEO Premium plugin v27.2 (Yoast SEO v27.2) - https:\/\/yoast.com\/product\/yoast-seo-premium-wordpress\/ -->\n<title>Italijanske slovni\u010dne vaje - Talkpal<\/title>\n<meta name=\"description\" content=\"U\u010dinkovito okrepite italijansko slovnico - izbolj\u0161ajte svoje znanje s prakti\u010dnimi vajami, interaktivno prakso in takoj\u0161njimi povratnimi informacijami\" \/>\n<meta name=\"robots\" content=\"index, follow, max-snippet:-1, max-image-preview:large, max-video-preview:-1\" \/>\n<link rel=\"canonical\" href=\"https:\/\/talkpal.ai\/sl\/italijanske-slovnicne-vaje\/\" \/>\n<meta property=\"og:locale\" content=\"sl_SI\" \/>\n<meta property=\"og:type\" content=\"article\" \/>\n<meta property=\"og:title\" content=\"Italijanske slovni\u010dne vaje\" \/>\n<meta property=\"og:description\" content=\"Teme italijanske slovnice U\u010denje novega jezika je vznemirljivo potovanje, ki odpira nove prilo\u017enosti in kulturne izku\u0161nje. Eden najlep\u0161ih in najbolj\" \/>\n<meta property=\"og:url\" content=\"https:\/\/talkpal.ai\/sl\/italijanske-slovnicne-vaje\/\" \/>\n<meta property=\"og:site_name\" content=\"Talkpal\" \/>\n<meta property=\"article:publisher\" content=\"https:\/\/www.facebook.com\/profile.php?id=100090733639311\" \/>\n<meta property=\"article:modified_time\" content=\"2025-12-17T16:13:36+00:00\" \/>\n<meta property=\"og:image\" content=\"https:\/\/talkpal.ai\/wp-content\/uploads\/2023\/03\/italy.png\" \/>\n\t<meta property=\"og:image:width\" content=\"512\" \/>\n\t<meta property=\"og:image:height\" content=\"512\" \/>\n\t<meta property=\"og:image:type\" content=\"image\/png\" \/>\n<meta name=\"twitter:card\" content=\"summary_large_image\" \/>\n<meta name=\"twitter:site\" content=\"@talkpalai\" \/>\n<meta name=\"twitter:label1\" content=\"Est. reading time\" \/>\n\t<meta name=\"twitter:data1\" content=\"3 minute\" \/>\n<script type=\"application\/ld+json\" class=\"yoast-schema-graph\">{\"@context\":\"https:\/\/schema.org\",\"@graph\":[{\"@type\":\"WebPage\",\"@id\":\"https:\/\/talkpal.ai\/sl\/italijanske-slovnicne-vaje\/\",\"url\":\"https:\/\/talkpal.ai\/sl\/italijanske-slovnicne-vaje\/\",\"name\":\"Italijanske slovni\u010dne vaje - Talkpal\",\"isPartOf\":{\"@id\":\"https:\/\/talkpal.ai\/sl\/#website\"},\"primaryImageOfPage\":{\"@id\":\"https:\/\/talkpal.ai\/sl\/italijanske-slovnicne-vaje\/#primaryimage\"},\"image\":{\"@id\":\"https:\/\/talkpal.ai\/sl\/italijanske-slovnicne-vaje\/#primaryimage\"},\"thumbnailUrl\":\"https:\/\/talkpal.ai\/wp-content\/uploads\/2023\/03\/italy.png\",\"datePublished\":\"2023-06-16T09:22:36+00:00\",\"dateModified\":\"2025-12-17T16:13:36+00:00\",\"description\":\"U\u010dinkovito okrepite italijansko slovnico - izbolj\u0161ajte svoje znanje s prakti\u010dnimi vajami, interaktivno prakso in takoj\u0161njimi povratnimi informacijami\",\"breadcrumb\":{\"@id\":\"https:\/\/talkpal.ai\/sl\/italijanske-slovnicne-vaje\/#breadcrumb\"},\"inLanguage\":\"sl-SI\",\"potentialAction\":[{\"@type\":\"ReadAction\",\"target\":[\"https:\/\/talkpal.ai\/sl\/italijanske-slovnicne-vaje\/\"]}]},{\"@type\":\"ImageObject\",\"inLanguage\":\"sl-SI\",\"@id\":\"https:\/\/talkpal.ai\/sl\/italijanske-slovnicne-vaje\/#primaryimage\",\"url\":\"https:\/\/talkpal.ai\/wp-content\/uploads\/2023\/03\/italy.png\",\"contentUrl\":\"https:\/\/talkpal.ai\/wp-content\/uploads\/2023\/03\/italy.png\",\"width\":512,\"height\":512,\"caption\":\"TalkPal AI learn Italian\"},{\"@type\":\"BreadcrumbList\",\"@id\":\"https:\/\/talkpal.ai\/sl\/italijanske-slovnicne-vaje\/#breadcrumb\",\"itemListElement\":[{\"@type\":\"ListItem\",\"position\":1,\"name\":\"Homepage\",\"item\":\"https:\/\/talkpal.ai\/sl\/\"},{\"@type\":\"ListItem\",\"position\":2,\"name\":\"Italijanske slovni\u010dne vaje\"}]},{\"@type\":\"WebSite\",\"@id\":\"https:\/\/talkpal.ai\/sl\/#website\",\"url\":\"https:\/\/talkpal.ai\/sl\/\",\"name\":\"Talkpal\",\"description\":\"AI Language Learning\",\"publisher\":{\"@id\":\"https:\/\/talkpal.ai\/sl\/#organization\"},\"alternateName\":\"Talkpal AI\",\"potentialAction\":[{\"@type\":\"SearchAction\",\"target\":{\"@type\":\"EntryPoint\",\"urlTemplate\":\"https:\/\/talkpal.ai\/sl\/?s={search_term_string}\"},\"query-input\":{\"@type\":\"PropertyValueSpecification\",\"valueRequired\":true,\"valueName\":\"search_term_string\"}}],\"inLanguage\":\"sl-SI\"},{\"@type\":\"Organization\",\"@id\":\"https:\/\/talkpal.ai\/sl\/#organization\",\"name\":\"Talkpal, Inc.\",\"alternateName\":\"Talkpal AI\",\"url\":\"https:\/\/talkpal.ai\/sl\/\",\"logo\":{\"@type\":\"ImageObject\",\"inLanguage\":\"sl-SI\",\"@id\":\"https:\/\/talkpal.ai\/sl\/#\/schema\/logo\/image\/\",\"url\":\"https:\/\/talkpal.ai\/wp-content\/uploads\/2024\/03\/Talkpal-Logo-Icon.png\",\"contentUrl\":\"https:\/\/talkpal.ai\/wp-content\/uploads\/2024\/03\/Talkpal-Logo-Icon.png\",\"width\":2880,\"height\":2880,\"caption\":\"Talkpal, Inc.\"},\"image\":{\"@id\":\"https:\/\/talkpal.ai\/sl\/#\/schema\/logo\/image\/\"},\"sameAs\":[\"https:\/\/www.facebook.com\/profile.php?id=100090733639311\",\"https:\/\/x.com\/talkpalai\",\"https:\/\/www.linkedin.com\/company\/talkpal\/\",\"https:\/\/www.youtube.com\/@TalkPal\/\",\"https:\/\/www.tiktok.com\/@talkpal\",\"https:\/\/www.instagram.com\/talkpal_ai\/\",\"https:\/\/www.crunchbase.com\/organization\/talkpal-9cde\",\"https:\/\/www.g2.com\/products\/talkpal-for-business\/\",\"https:\/\/www.trustpilot.com\/review\/talkpal.ai\",\"https:\/\/www.capterra.com\/p\/10006800\/TalkPal\/\"],\"description\":\"Talkpal is a language learning web and mobile education app, powered by the latest AI technologies, that provides engaging experiences to its customers in many different languages to help them improve their language skills. Users can chat about unlimited amount of topics with the app and use other modes to practice their language learning.\",\"email\":\"support@talkpal.ai\",\"legalName\":\"Talkpal, Inc.\",\"foundingDate\":\"2023-04-03\",\"duns\":\"118989042\",\"numberOfEmployees\":{\"@type\":\"QuantitativeValue\",\"minValue\":\"11\",\"maxValue\":\"50\"},\"publishingPrinciples\":\"https:\/\/talkpal.ai\/publishing-principles\/\",\"actionableFeedbackPolicy\":\"https:\/\/talkpal.ai\/actionable-feedback-policy\/\",\"correctionsPolicy\":\"https:\/\/talkpal.ai\/corrections-policy\/\",\"ethicsPolicy\":\"https:\/\/talkpal.ai\/ethics-policy\/\",\"diversityPolicy\":\"https:\/\/talkpal.ai\/diversity-policy\/\",\"diversityStaffingReport\":\"https:\/\/talkpal.ai\/diversity-policy\/\"}]}<\/script>\n<!-- \/ Yoast SEO Premium plugin. -->","yoast_head_json":{"title":"Italijanske slovni\u010dne vaje - Talkpal","description":"U\u010dinkovito okrepite italijansko slovnico - izbolj\u0161ajte svoje znanje s prakti\u010dnimi vajami, interaktivno prakso in takoj\u0161njimi povratnimi informacijami","robots":{"index":"index","follow":"follow","max-snippet":"max-snippet:-1","max-image-preview":"max-image-preview:large","max-video-preview":"max-video-preview:-1"},"canonical":"https:\/\/talkpal.ai\/sl\/italijanske-slovnicne-vaje\/","og_locale":"sl_SI","og_type":"article","og_title":"Italijanske slovni\u010dne vaje","og_description":"Teme italijanske slovnice U\u010denje novega jezika je vznemirljivo potovanje, ki odpira nove prilo\u017enosti in kulturne izku\u0161nje. Eden najlep\u0161ih in najbolj","og_url":"https:\/\/talkpal.ai\/sl\/italijanske-slovnicne-vaje\/","og_site_name":"Talkpal","article_publisher":"https:\/\/www.facebook.com\/profile.php?id=100090733639311","article_modified_time":"2025-12-17T16:13:36+00:00","og_image":[{"width":512,"height":512,"url":"https:\/\/talkpal.ai\/wp-content\/uploads\/2023\/03\/italy.png","type":"image\/png"}],"twitter_card":"summary_large_image","twitter_site":"@talkpalai","twitter_misc":{"Est. reading time":"3 minute"},"schema":{"@context":"https:\/\/schema.org","@graph":[{"@type":"WebPage","@id":"https:\/\/talkpal.ai\/sl\/italijanske-slovnicne-vaje\/","url":"https:\/\/talkpal.ai\/sl\/italijanske-slovnicne-vaje\/","name":"Italijanske slovni\u010dne vaje - Talkpal","isPartOf":{"@id":"https:\/\/talkpal.ai\/sl\/#website"},"primaryImageOfPage":{"@id":"https:\/\/talkpal.ai\/sl\/italijanske-slovnicne-vaje\/#primaryimage"},"image":{"@id":"https:\/\/talkpal.ai\/sl\/italijanske-slovnicne-vaje\/#primaryimage"},"thumbnailUrl":"https:\/\/talkpal.ai\/wp-content\/uploads\/2023\/03\/italy.png","datePublished":"2023-06-16T09:22:36+00:00","dateModified":"2025-12-17T16:13:36+00:00","description":"U\u010dinkovito okrepite italijansko slovnico - izbolj\u0161ajte svoje znanje s prakti\u010dnimi vajami, interaktivno prakso in takoj\u0161njimi povratnimi informacijami","breadcrumb":{"@id":"https:\/\/talkpal.ai\/sl\/italijanske-slovnicne-vaje\/#breadcrumb"},"inLanguage":"sl-SI","potentialAction":[{"@type":"ReadAction","target":["https:\/\/talkpal.ai\/sl\/italijanske-slovnicne-vaje\/"]}]},{"@type":"ImageObject","inLanguage":"sl-SI","@id":"https:\/\/talkpal.ai\/sl\/italijanske-slovnicne-vaje\/#primaryimage","url":"https:\/\/talkpal.ai\/wp-content\/uploads\/2023\/03\/italy.png","contentUrl":"https:\/\/talkpal.ai\/wp-content\/uploads\/2023\/03\/italy.png","width":512,"height":512,"caption":"TalkPal AI learn Italian"},{"@type":"BreadcrumbList","@id":"https:\/\/talkpal.ai\/sl\/italijanske-slovnicne-vaje\/#breadcrumb","itemListElement":[{"@type":"ListItem","position":1,"name":"Homepage","item":"https:\/\/talkpal.ai\/sl\/"},{"@type":"ListItem","position":2,"name":"Italijanske slovni\u010dne vaje"}]},{"@type":"WebSite","@id":"https:\/\/talkpal.ai\/sl\/#website","url":"https:\/\/talkpal.ai\/sl\/","name":"Talkpal","description":"AI Language Learning","publisher":{"@id":"https:\/\/talkpal.ai\/sl\/#organization"},"alternateName":"Talkpal AI","potentialAction":[{"@type":"SearchAction","target":{"@type":"EntryPoint","urlTemplate":"https:\/\/talkpal.ai\/sl\/?s={search_term_string}"},"query-input":{"@type":"PropertyValueSpecification","valueRequired":true,"valueName":"search_term_string"}}],"inLanguage":"sl-SI"},{"@type":"Organization","@id":"https:\/\/talkpal.ai\/sl\/#organization","name":"Talkpal, Inc.","alternateName":"Talkpal AI","url":"https:\/\/talkpal.ai\/sl\/","logo":{"@type":"ImageObject","inLanguage":"sl-SI","@id":"https:\/\/talkpal.ai\/sl\/#\/schema\/logo\/image\/","url":"https:\/\/talkpal.ai\/wp-content\/uploads\/2024\/03\/Talkpal-Logo-Icon.png","contentUrl":"https:\/\/talkpal.ai\/wp-content\/uploads\/2024\/03\/Talkpal-Logo-Icon.png","width":2880,"height":2880,"caption":"Talkpal, Inc."},"image":{"@id":"https:\/\/talkpal.ai\/sl\/#\/schema\/logo\/image\/"},"sameAs":["https:\/\/www.facebook.com\/profile.php?id=100090733639311","https:\/\/x.com\/talkpalai","https:\/\/www.linkedin.com\/company\/talkpal\/","https:\/\/www.youtube.com\/@TalkPal\/","https:\/\/www.tiktok.com\/@talkpal","https:\/\/www.instagram.com\/talkpal_ai\/","https:\/\/www.crunchbase.com\/organization\/talkpal-9cde","https:\/\/www.g2.com\/products\/talkpal-for-business\/","https:\/\/www.trustpilot.com\/review\/talkpal.ai","https:\/\/www.capterra.com\/p\/10006800\/TalkPal\/"],"description":"Talkpal is a language learning web and mobile education app, powered by the latest AI technologies, that provides engaging experiences to its customers in many different languages to help them improve their language skills. Users can chat about unlimited amount of topics with the app and use other modes to practice their language learning.","email":"support@talkpal.ai","legalName":"Talkpal, Inc.","foundingDate":"2023-04-03","duns":"118989042","numberOfEmployees":{"@type":"QuantitativeValue","minValue":"11","maxValue":"50"},"publishingPrinciples":"https:\/\/talkpal.ai\/publishing-principles\/","actionableFeedbackPolicy":"https:\/\/talkpal.ai\/actionable-feedback-policy\/","correctionsPolicy":"https:\/\/talkpal.ai\/corrections-policy\/","ethicsPolicy":"https:\/\/talkpal.ai\/ethics-policy\/","diversityPolicy":"https:\/\/talkpal.ai\/diversity-policy\/","diversityStaffingReport":"https:\/\/talkpal.ai\/diversity-policy\/"}]}},"_links":{"self":[{"href":"https:\/\/talkpal.ai\/sl\/wp-json\/wp\/v2\/pages\/132286","targetHints":{"allow":["GET"]}}],"collection":[{"href":"https:\/\/talkpal.ai\/sl\/wp-json\/wp\/v2\/pages"}],"about":[{"href":"https:\/\/talkpal.ai\/sl\/wp-json\/wp\/v2\/types\/page"}],"author":[{"embeddable":true,"href":"https:\/\/talkpal.ai\/sl\/wp-json\/wp\/v2\/users\/6"}],"replies":[{"embeddable":true,"href":"https:\/\/talkpal.ai\/sl\/wp-json\/wp\/v2\/comments?post=132286"}],"version-history":[{"count":0,"href":"https:\/\/talkpal.ai\/sl\/wp-json\/wp\/v2\/pages\/132286\/revisions"}],"wp:featuredmedia":[{"embeddable":true,"href":"https:\/\/talkpal.ai\/sl\/wp-json\/wp\/v2\/media\/76182"}],"wp:attachment":[{"href":"https:\/\/talkpal.ai\/sl\/wp-json\/wp\/v2\/media?parent=132286"}],"curies":[{"name":"wp","href":"https:\/\/api.w.org\/{rel}","templated":true}]}}