{"id":132099,"date":"2023-06-16T09:14:18","date_gmt":"2023-06-16T09:14:18","guid":{"rendered":"http:\/\/talkpal.ai\/nemske-slovnicne-vaje\/"},"modified":"2025-12-17T16:11:11","modified_gmt":"2025-12-17T16:11:11","slug":"nemske-slovnicne-vaje","status":"publish","type":"page","link":"https:\/\/talkpal.ai\/sl\/nemske-slovnicne-vaje\/","title":{"rendered":"Nem\u0161ke slovni\u010dne vaje"},"content":{"rendered":"\r\n\r\n\r\n<section class=\"languageChallengeSection\">\r\n    <div class=\"languageInfoWrapper\">\r\n        \r\n        <h1>Nem\u0161ke slovni\u010dne vaje<\/h1>\r\n        <p>Ste pripravljeni okrepiti svojo nem\u0161ko slovnico? Vadba slovni\u010dnih vaj je odli\u010den na\u010din za obvladovanje <a href=\"https:\/\/talkpal.ai\/sl\/govorjenje-nemskega-jezika\/\">nem\u0161kega jezika<\/a>. Za\u010dnite se ukvarjati z njim \u0161e danes in opazujte, kako z vsako vajo rasteta va\u0161a samozavest in teko\u010dnost!\n\n<\/p>\r\n\r\n                            <a class=\"getStartedHidden\" href=\"https:\/\/app.talkpal.ai\/sl\/signup?lng=\">Za\u010dni<\/a>\r\n        \r\n    <\/div>\r\n\r\n    <figure>\r\n    <img decoding=\"async\" width=\"768\" height=\"768\" src=\"https:\/\/talkpal.ai\/wp-content\/uploads\/2023\/06\/german-768x768.png\" class=\"languageImage no-lazy\" alt=\"Language learning for global networking\" fetchpriority=\"high\" sizes=\"(max-width: 768px) 150px, 768px\" srcset=\"https:\/\/talkpal.ai\/wp-content\/uploads\/2023\/06\/german-768x768.png 768w, https:\/\/talkpal.ai\/wp-content\/uploads\/2023\/06\/german-300x300.png 300w\" \/>\r\n    \r\n\r\n    <\/figure>\r\n\r\n            <a class=\"getStartedVisible\" href=\"https:\/\/app.talkpal.ai\/sl\/signup?lng=\">Za\u010dni<\/a>\r\n    \r\n<\/section>\r\n\r\n\r\n<!-- <section class=\"grammarSection\">\r\n    <div class=\"grammarLinks\">\r\n        <a href=\"https:\/\/talkpal.ai\/sl\/exercise_language\/casi-nemska-slovnica\/\">\u010casi <\/a><a href=\"https:\/\/talkpal.ai\/sl\/exercise_language\/deklinacija-nemska-slovnica\/\">Deklinacija <\/a><a href=\"https:\/\/talkpal.ai\/sl\/exercise_language\/glagoli-nemska-slovnica\/\">Glagoli <\/a><a href=\"https:\/\/talkpal.ai\/sl\/exercise_language\/predlogi-nemska-slovnica\/\">Predlogi <\/a><a href=\"https:\/\/talkpal.ai\/sl\/exercise_language\/pridevniki-nemska-slovnica\/\">Pridevniki <\/a><a href=\"https:\/\/talkpal.ai\/sl\/exercise_language\/prislovi-nemska-slovnica\/\">Prislovi <\/a><a href=\"https:\/\/talkpal.ai\/sl\/exercise_language\/samostalniki-in-cleni-nemska-slovnica\/\">Samostalniki in \u010dleni <\/a><a href=\"https:\/\/talkpal.ai\/sl\/exercise_language\/stavcna-struktura-nemska-slovnica\/\">Stav\u010dna struktura <\/a><a href=\"https:\/\/talkpal.ai\/sl\/exercise_language\/zaimki-nemska-slovnica\/\">Zaimki <\/a>    <\/div>\r\n<\/section> -->\r\n\r\n\r\n\r\n\r\n        <section class=\"grammarSection\">\r\n            <div class=\"grammarLinks\">\r\n                <a href=\"https:\/\/talkpal.ai\/sl\/exercise_language\/casi-nemska-slovnica\/\">\u010casi <\/a><a href=\"https:\/\/talkpal.ai\/sl\/exercise_language\/deklinacija-nemska-slovnica\/\">Deklinacija <\/a><a href=\"https:\/\/talkpal.ai\/sl\/exercise_language\/glagoli-nemska-slovnica\/\">Glagoli <\/a><a href=\"https:\/\/talkpal.ai\/sl\/exercise_language\/predlogi-nemska-slovnica\/\">Predlogi <\/a><a href=\"https:\/\/talkpal.ai\/sl\/exercise_language\/pridevniki-nemska-slovnica\/\">Pridevniki <\/a><a href=\"https:\/\/talkpal.ai\/sl\/exercise_language\/prislovi-nemska-slovnica\/\">Prislovi <\/a><a href=\"https:\/\/talkpal.ai\/sl\/exercise_language\/samostalniki-in-cleni-nemska-slovnica\/\">Samostalniki in \u010dleni <\/a><a href=\"https:\/\/talkpal.ai\/sl\/exercise_language\/stavcna-struktura-nemska-slovnica\/\">Stav\u010dna struktura <\/a><a href=\"https:\/\/talkpal.ai\/sl\/exercise_language\/zaimki-nemska-slovnica\/\">Zaimki <\/a>            <\/div>\r\n        <\/section>\r\n<section class=\"promotionalBanner\">\r\n    <p class=\"promotionalText\">Naju\u010dinkovitej\u0161i na\u010din u\u010denja jezika<\/p>\r\n    <a class=\"promotionalLink\" href=\"https:\/\/app.talkpal.ai\/sl\/signup?lng=\">Preizkusite Talkpal brezpla\u010dno<\/a>\r\n<\/section>\n<div class=\"wp-block-group pageContainerStyle\"><div class=\"wp-block-group__inner-container is-layout-constrained wp-block-group-is-layout-constrained\">\n<h2 class=\"wp-block-heading\" id=\"h-german-grammar-topics\">Teme nem\u0161ke slovnice<\/h2>\n\n\n\n<p>U\u010denje novega jezika je lahko zastra\u0161ujo\u010da naloga, <a href=\"https:\/\/talkpal.ai\/locations\/language-courses-in-toda\/\">toda<\/a> s pravim pristopom je lahko vznemirljiva in koristna izku\u0161nja. Nem\u0161\u010dina je zelo strukturiran in logi\u010den jezik, kar olaj\u0161a u\u010denje, \u010de jasno razumete slovni\u010dna pravila. Ta priro\u010dnik vam bo pomagal razumeti klju\u010dne vidike nem\u0161ke slovnice, kot so \u010dasi, glagoli, samostalniki in \u010dlanki, zaimki, pridevniki, deklinacija, prislovi, predlogi in struktura stavkov. Z upo\u0161tevanjem tega zaporedja boste lahko uspe\u0161no in u\u010dinkovito napredovali na svoji <a href=\"https:\/\/talkpal.ai\/locations\/learn-english-in-poti\/\">poti<\/a> u\u010denja nem\u0161kega jezika.<\/p>\n\n\n\n<h3 class=\"wp-block-heading\" id=\"h-1-nouns-and-articles\">1. Samostalniki in izdelki:<\/h3>\n\n\n\n<p>Za\u010dnite z u\u010denjem osnov nem\u0161kih samostalnikov in njihovih spremljevalnih \u010dlankov. Nem\u0161\u010dina ima tri spole (mo\u0161ki, \u017eenski in srednje\u0161olski) in \u0161tiri primere (nominativni, akuzativni, dativni in genitivni). Razumevanje teh pravil vam bo pomagalo dolo\u010diti pravilen \u010dlanek za vsak samostalnik in postaviti temelje za va\u0161e znanje nem\u0161ke slovnice.<\/p>\n\n\n\n<h3 class=\"wp-block-heading\" id=\"h-2-pronouns\">2. Zaimki:<\/h3>\n\n\n\n<p>Zaimki nadome\u0161\u010dajo samostalnike v stavku in imajo razli\u010dne oblike, odvisno od spola, \u0161tevila in primera. Seznanite se z nem\u0161kimi zaimki, kot so osebni, posesivni, refleksivni in relativni zaimki, da ustvarite bolj zapletene stavke in natan\u010dneje izrazite svoje misli.<\/p>\n\n\n\n<h3 class=\"wp-block-heading\" id=\"h-3-verbs\">3. Glagoli:<\/h3>\n\n\n\n<p>Glagoli so klju\u010dni pri oblikovanju stavkov, saj izra\u017eajo dejanja in stanja. Nau\u010dite se razli\u010dnih vrst nem\u0161kih glagolov, kot so pravilni, nepravilni, modalni in refleksivni glagoli, skupaj z njihovimi konjugacijami v sedanjem, preteklem in prihodnjem \u010dasu. To vam bo omogo\u010dilo u\u010dinkovito komunikacijo v razli\u010dnih situacijah.<\/p>\n\n\n\n<h3 class=\"wp-block-heading\" id=\"h-4-tenses\">4. \u010casi:<\/h3>\n\n\n\n<p>\u010casi ozna\u010dujejo \u010das, ko pride do dejanja. V nem\u0161\u010dini je \u0161est \u010dasov: sedanjost, preprosta preteklost, sedanja popolna, pretekla popolna, prihodnost in prihodnji popolni \u010dasi. Razumevanje pravil in uporabe teh \u010dasov vam bo pomagalo, da se jasno in natan\u010dno izrazite.<\/p>\n\n\n\n<h3 class=\"wp-block-heading\" id=\"h-5-adjectives\">5. Pridevniki:<\/h3>\n\n\n\n<p>Pridevniki opisujejo lastnosti samostalnikov in zaimkov ter se ujemajo glede na spol, \u0161tevilo in primer s samostalnikom, ki ga spreminjajo. Nau\u010dite se pravil za pridevni\u0161ko deklinacijo ter primerjalne in prese\u017ene oblike, da izbolj\u0161ate svoje opise in naredite svoj govor bolj barvit.<\/p>\n\n\n\n<h3 class=\"wp-block-heading\" id=\"h-6-declension\">6. Deklinacija:<\/h3>\n\n\n\n<p>Deklinacija je proces spreminjanja samostalnikov, zaimkov in pridevnikov, da se v stavku navede njihova slovni\u010dna funkcija. Seznanite se s \u0161tirimi nem\u0161kimi primeri in kako vplivajo na zaklju\u010dke besed, kar vam bo omogo\u010dilo konstruiranje slovni\u010dno pravilnih stavkov.<\/p>\n\n\n\n<h3 class=\"wp-block-heading\" id=\"h-7-adverbs\">7. Prislovi:<\/h3>\n\n\n\n<p>Prislovi zagotavljajo dodatne informacije o glagolih, pridevnikih ali drugih prislovih. Spoznajte razli\u010dne vrste nem\u0161kih prislovov, na primer tiste, ki ozna\u010dujejo \u010das, na\u010din in kraj, ter kako jih u\u010dinkovito uporabiti za dodajanje odtenkov in natan\u010dnosti govoru.<\/p>\n\n\n\n<h3 class=\"wp-block-heading\" id=\"h-8-prepositions\">8. Predlogi:<\/h3>\n\n\n\n<p>Predlogi se uporabljajo za ozna\u010devanje razmerja med samostalniki ali zaimki in drugimi elementi v stavku. Preu\u010dite razli\u010dne nem\u0161ke predloge in njihovo uporabo v razli\u010dnih primerih, da bi bolje razumeli, kako so stavki sestavljeni.<\/p>\n\n\n\n<h3 class=\"wp-block-heading\" id=\"h-9-sentence-structure\">9. Struktura stavkov:<\/h3>\n\n\n\n<p>Na koncu se seznanite z nem\u0161ko stav\u010dno strukturo, vklju\u010dno z vrstnim redom besed, podrejenimi klavzulami in vezniki. Razumevanje teh pravil vam bo pomagalo ustvariti skladne in dobro strukturirane stavke, ki vam bodo omogo\u010dili, da svoje misli jasno in u\u010dinkovito izrazite v nem\u0161\u010dini.<\/p>\n<\/div><\/div>\n\r\n<section class=\"learnNavigationSection\">\r\n            \r\n        <a href=\"https:\/\/talkpal.ai\/sl\/naucite-se-nemskega-jezika\/\">\r\n            <div class=\"learnNavigationWrapper\">\r\n                <div class=\"learnNavigationContent\">\r\n                    <img decoding=\"async\" src=\"https:\/\/talkpal.ai\/wp-content\/uploads\/2024\/08\/German.jpg\" alt=\"German Flag\">\r\n                    <div>\r\n                        <h4>O u\u010denju nem\u0161\u010dine<\/h4>\r\n                        <p>Izvedite vse o nem\u0161ki slovnici.<\/p>\r\n                    <\/div>\r\n                <\/div>\r\n            <\/div>\r\n        <\/a>\r\n\r\n        \r\n        <a href=\"https:\/\/talkpal.ai\/sl\/nemska-slovnica\/\">\r\n            <div class=\"learnNavigationWrapper\">\r\n                <div class=\"learnNavigationContent\">\r\n                    <img decoding=\"async\" src=\"https:\/\/talkpal.ai\/wp-content\/uploads\/2024\/08\/German.jpg\" alt=\"German Flag\">\r\n                    <div>\r\n                        <h4>Pouk nem\u0161ke slovnice<\/h4>\r\n                        <p>Vadite nem\u0161ko slovnico.<\/p>\r\n                    <\/div>\r\n                <\/div>\r\n            <\/div>\r\n        <\/a>\r\n\r\n        \r\n        <a href=\"https:\/\/talkpal.ai\/vocabulary_language\/german\/\">\r\n            <div class=\"learnNavigationWrapper\">\r\n                <div class=\"learnNavigationContent\">\r\n                    <img decoding=\"async\" src=\"https:\/\/talkpal.ai\/wp-content\/uploads\/2024\/08\/German.jpg\" alt=\"German Flag\">\r\n                    <div>\r\n                        <h4>Nem\u0161ki besednjak<\/h4>\r\n                        <p>Raz\u0161irite svoj nem\u0161ki besedni zaklad.<\/p>\r\n                    <\/div>\r\n                <\/div>\r\n            <\/div>\r\n        <\/a>\r\n\r\n            <\/section>","protected":false},"excerpt":{"rendered":"<p>Teme nem\u0161ke slovnice U\u010denje novega jezika je lahko zastra\u0161ujo\u010da naloga, toda s pravim pristopom je lahko vznemirljiva in koristna izku\u0161nja. Nem\u0161\u010dina je zelo strukturiran in logi\u010den jezik, kar olaj\u0161a u\u010denje, \u010de jasno razumete slovni\u010dna pravila. Ta priro\u010dnik vam bo pomagal razumeti klju\u010dne vidike nem\u0161ke slovnice, kot so \u010dasi, glagoli, samostalniki in \u010dlanki, zaimki, pridevniki, deklinacija, [&hellip;]<\/p>\n","protected":false},"author":6,"featured_media":124124,"parent":0,"menu_order":0,"comment_status":"closed","ping_status":"closed","template":"LearningContentPage.php","meta":{"_acf_changed":false,"footnotes":""},"class_list":["post-132099","page","type-page","status-publish","has-post-thumbnail","hentry"],"acf":[],"yoast_head":"<!-- This site is optimized with the Yoast SEO Premium plugin v27.2 (Yoast SEO v27.2) - https:\/\/yoast.com\/product\/yoast-seo-premium-wordpress\/ -->\n<title>Nem\u0161ke slovni\u010dne vaje - Talkpal<\/title>\n<meta name=\"description\" content=\"Izbolj\u0161ajte nem\u0161ko slovnico s prakti\u010dnimi vajami - hitro se izbolj\u0161ajte, vadite interaktivno in pridobite jezikovno samozavest z uporabo Talkpal UI.\" \/>\n<meta name=\"robots\" content=\"index, follow, max-snippet:-1, max-image-preview:large, max-video-preview:-1\" \/>\n<link rel=\"canonical\" href=\"https:\/\/talkpal.ai\/sl\/nemske-slovnicne-vaje\/\" \/>\n<meta property=\"og:locale\" content=\"sl_SI\" \/>\n<meta property=\"og:type\" content=\"article\" \/>\n<meta property=\"og:title\" content=\"Nem\u0161ke slovni\u010dne vaje\" \/>\n<meta property=\"og:description\" content=\"Teme nem\u0161ke slovnice U\u010denje novega jezika je lahko zastra\u0161ujo\u010da naloga, toda s pravim pristopom je lahko vznemirljiva in koristna izku\u0161nja. Nem\u0161\u010dina je\" \/>\n<meta property=\"og:url\" content=\"https:\/\/talkpal.ai\/sl\/nemske-slovnicne-vaje\/\" \/>\n<meta property=\"og:site_name\" content=\"Talkpal\" \/>\n<meta property=\"article:publisher\" content=\"https:\/\/www.facebook.com\/profile.php?id=100090733639311\" \/>\n<meta property=\"article:modified_time\" content=\"2025-12-17T16:11:11+00:00\" \/>\n<meta property=\"og:image\" content=\"https:\/\/talkpal.ai\/wp-content\/uploads\/2023\/03\/germany.png\" \/>\n\t<meta property=\"og:image:width\" content=\"512\" \/>\n\t<meta property=\"og:image:height\" content=\"512\" \/>\n\t<meta property=\"og:image:type\" content=\"image\/png\" \/>\n<meta name=\"twitter:card\" content=\"summary_large_image\" \/>\n<meta name=\"twitter:site\" content=\"@talkpalai\" \/>\n<meta name=\"twitter:label1\" content=\"Est. reading time\" \/>\n\t<meta name=\"twitter:data1\" content=\"3 minute\" \/>\n<script type=\"application\/ld+json\" class=\"yoast-schema-graph\">{\"@context\":\"https:\/\/schema.org\",\"@graph\":[{\"@type\":\"WebPage\",\"@id\":\"https:\/\/talkpal.ai\/sl\/nemske-slovnicne-vaje\/\",\"url\":\"https:\/\/talkpal.ai\/sl\/nemske-slovnicne-vaje\/\",\"name\":\"Nem\u0161ke slovni\u010dne vaje - Talkpal\",\"isPartOf\":{\"@id\":\"https:\/\/talkpal.ai\/sl\/#website\"},\"primaryImageOfPage\":{\"@id\":\"https:\/\/talkpal.ai\/sl\/nemske-slovnicne-vaje\/#primaryimage\"},\"image\":{\"@id\":\"https:\/\/talkpal.ai\/sl\/nemske-slovnicne-vaje\/#primaryimage\"},\"thumbnailUrl\":\"https:\/\/talkpal.ai\/wp-content\/uploads\/2023\/03\/germany.png\",\"datePublished\":\"2023-06-16T09:14:18+00:00\",\"dateModified\":\"2025-12-17T16:11:11+00:00\",\"description\":\"Izbolj\u0161ajte nem\u0161ko slovnico s prakti\u010dnimi vajami - hitro se izbolj\u0161ajte, vadite interaktivno in pridobite jezikovno samozavest z uporabo Talkpal UI.\",\"breadcrumb\":{\"@id\":\"https:\/\/talkpal.ai\/sl\/nemske-slovnicne-vaje\/#breadcrumb\"},\"inLanguage\":\"sl-SI\",\"potentialAction\":[{\"@type\":\"ReadAction\",\"target\":[\"https:\/\/talkpal.ai\/sl\/nemske-slovnicne-vaje\/\"]}]},{\"@type\":\"ImageObject\",\"inLanguage\":\"sl-SI\",\"@id\":\"https:\/\/talkpal.ai\/sl\/nemske-slovnicne-vaje\/#primaryimage\",\"url\":\"https:\/\/talkpal.ai\/wp-content\/uploads\/2023\/03\/germany.png\",\"contentUrl\":\"https:\/\/talkpal.ai\/wp-content\/uploads\/2023\/03\/germany.png\",\"width\":512,\"height\":512,\"caption\":\"TalkPal AI learn German\"},{\"@type\":\"BreadcrumbList\",\"@id\":\"https:\/\/talkpal.ai\/sl\/nemske-slovnicne-vaje\/#breadcrumb\",\"itemListElement\":[{\"@type\":\"ListItem\",\"position\":1,\"name\":\"Homepage\",\"item\":\"https:\/\/talkpal.ai\/sl\/\"},{\"@type\":\"ListItem\",\"position\":2,\"name\":\"Nem\u0161ke slovni\u010dne vaje\"}]},{\"@type\":\"WebSite\",\"@id\":\"https:\/\/talkpal.ai\/sl\/#website\",\"url\":\"https:\/\/talkpal.ai\/sl\/\",\"name\":\"Talkpal\",\"description\":\"AI Language Learning\",\"publisher\":{\"@id\":\"https:\/\/talkpal.ai\/sl\/#organization\"},\"alternateName\":\"Talkpal AI\",\"potentialAction\":[{\"@type\":\"SearchAction\",\"target\":{\"@type\":\"EntryPoint\",\"urlTemplate\":\"https:\/\/talkpal.ai\/sl\/?s={search_term_string}\"},\"query-input\":{\"@type\":\"PropertyValueSpecification\",\"valueRequired\":true,\"valueName\":\"search_term_string\"}}],\"inLanguage\":\"sl-SI\"},{\"@type\":\"Organization\",\"@id\":\"https:\/\/talkpal.ai\/sl\/#organization\",\"name\":\"Talkpal, Inc.\",\"alternateName\":\"Talkpal AI\",\"url\":\"https:\/\/talkpal.ai\/sl\/\",\"logo\":{\"@type\":\"ImageObject\",\"inLanguage\":\"sl-SI\",\"@id\":\"https:\/\/talkpal.ai\/sl\/#\/schema\/logo\/image\/\",\"url\":\"https:\/\/talkpal.ai\/wp-content\/uploads\/2024\/03\/Talkpal-Logo-Icon.png\",\"contentUrl\":\"https:\/\/talkpal.ai\/wp-content\/uploads\/2024\/03\/Talkpal-Logo-Icon.png\",\"width\":2880,\"height\":2880,\"caption\":\"Talkpal, Inc.\"},\"image\":{\"@id\":\"https:\/\/talkpal.ai\/sl\/#\/schema\/logo\/image\/\"},\"sameAs\":[\"https:\/\/www.facebook.com\/profile.php?id=100090733639311\",\"https:\/\/x.com\/talkpalai\",\"https:\/\/www.linkedin.com\/company\/talkpal\/\",\"https:\/\/www.youtube.com\/@TalkPal\/\",\"https:\/\/www.tiktok.com\/@talkpal\",\"https:\/\/www.instagram.com\/talkpal_ai\/\",\"https:\/\/www.crunchbase.com\/organization\/talkpal-9cde\",\"https:\/\/www.g2.com\/products\/talkpal-for-business\/\",\"https:\/\/www.trustpilot.com\/review\/talkpal.ai\",\"https:\/\/www.capterra.com\/p\/10006800\/TalkPal\/\"],\"description\":\"Talkpal is a language learning web and mobile education app, powered by the latest AI technologies, that provides engaging experiences to its customers in many different languages to help them improve their language skills. Users can chat about unlimited amount of topics with the app and use other modes to practice their language learning.\",\"email\":\"support@talkpal.ai\",\"legalName\":\"Talkpal, Inc.\",\"foundingDate\":\"2023-04-03\",\"duns\":\"118989042\",\"numberOfEmployees\":{\"@type\":\"QuantitativeValue\",\"minValue\":\"11\",\"maxValue\":\"50\"},\"publishingPrinciples\":\"https:\/\/talkpal.ai\/publishing-principles\/\",\"actionableFeedbackPolicy\":\"https:\/\/talkpal.ai\/actionable-feedback-policy\/\",\"correctionsPolicy\":\"https:\/\/talkpal.ai\/corrections-policy\/\",\"ethicsPolicy\":\"https:\/\/talkpal.ai\/ethics-policy\/\",\"diversityPolicy\":\"https:\/\/talkpal.ai\/diversity-policy\/\",\"diversityStaffingReport\":\"https:\/\/talkpal.ai\/diversity-policy\/\"}]}<\/script>\n<!-- \/ Yoast SEO Premium plugin. -->","yoast_head_json":{"title":"Nem\u0161ke slovni\u010dne vaje - Talkpal","description":"Izbolj\u0161ajte nem\u0161ko slovnico s prakti\u010dnimi vajami - hitro se izbolj\u0161ajte, vadite interaktivno in pridobite jezikovno samozavest z uporabo Talkpal UI.","robots":{"index":"index","follow":"follow","max-snippet":"max-snippet:-1","max-image-preview":"max-image-preview:large","max-video-preview":"max-video-preview:-1"},"canonical":"https:\/\/talkpal.ai\/sl\/nemske-slovnicne-vaje\/","og_locale":"sl_SI","og_type":"article","og_title":"Nem\u0161ke slovni\u010dne vaje","og_description":"Teme nem\u0161ke slovnice U\u010denje novega jezika je lahko zastra\u0161ujo\u010da naloga, toda s pravim pristopom je lahko vznemirljiva in koristna izku\u0161nja. Nem\u0161\u010dina je","og_url":"https:\/\/talkpal.ai\/sl\/nemske-slovnicne-vaje\/","og_site_name":"Talkpal","article_publisher":"https:\/\/www.facebook.com\/profile.php?id=100090733639311","article_modified_time":"2025-12-17T16:11:11+00:00","og_image":[{"width":512,"height":512,"url":"https:\/\/talkpal.ai\/wp-content\/uploads\/2023\/03\/germany.png","type":"image\/png"}],"twitter_card":"summary_large_image","twitter_site":"@talkpalai","twitter_misc":{"Est. reading time":"3 minute"},"schema":{"@context":"https:\/\/schema.org","@graph":[{"@type":"WebPage","@id":"https:\/\/talkpal.ai\/sl\/nemske-slovnicne-vaje\/","url":"https:\/\/talkpal.ai\/sl\/nemske-slovnicne-vaje\/","name":"Nem\u0161ke slovni\u010dne vaje - Talkpal","isPartOf":{"@id":"https:\/\/talkpal.ai\/sl\/#website"},"primaryImageOfPage":{"@id":"https:\/\/talkpal.ai\/sl\/nemske-slovnicne-vaje\/#primaryimage"},"image":{"@id":"https:\/\/talkpal.ai\/sl\/nemske-slovnicne-vaje\/#primaryimage"},"thumbnailUrl":"https:\/\/talkpal.ai\/wp-content\/uploads\/2023\/03\/germany.png","datePublished":"2023-06-16T09:14:18+00:00","dateModified":"2025-12-17T16:11:11+00:00","description":"Izbolj\u0161ajte nem\u0161ko slovnico s prakti\u010dnimi vajami - hitro se izbolj\u0161ajte, vadite interaktivno in pridobite jezikovno samozavest z uporabo Talkpal UI.","breadcrumb":{"@id":"https:\/\/talkpal.ai\/sl\/nemske-slovnicne-vaje\/#breadcrumb"},"inLanguage":"sl-SI","potentialAction":[{"@type":"ReadAction","target":["https:\/\/talkpal.ai\/sl\/nemske-slovnicne-vaje\/"]}]},{"@type":"ImageObject","inLanguage":"sl-SI","@id":"https:\/\/talkpal.ai\/sl\/nemske-slovnicne-vaje\/#primaryimage","url":"https:\/\/talkpal.ai\/wp-content\/uploads\/2023\/03\/germany.png","contentUrl":"https:\/\/talkpal.ai\/wp-content\/uploads\/2023\/03\/germany.png","width":512,"height":512,"caption":"TalkPal AI learn German"},{"@type":"BreadcrumbList","@id":"https:\/\/talkpal.ai\/sl\/nemske-slovnicne-vaje\/#breadcrumb","itemListElement":[{"@type":"ListItem","position":1,"name":"Homepage","item":"https:\/\/talkpal.ai\/sl\/"},{"@type":"ListItem","position":2,"name":"Nem\u0161ke slovni\u010dne vaje"}]},{"@type":"WebSite","@id":"https:\/\/talkpal.ai\/sl\/#website","url":"https:\/\/talkpal.ai\/sl\/","name":"Talkpal","description":"AI Language Learning","publisher":{"@id":"https:\/\/talkpal.ai\/sl\/#organization"},"alternateName":"Talkpal AI","potentialAction":[{"@type":"SearchAction","target":{"@type":"EntryPoint","urlTemplate":"https:\/\/talkpal.ai\/sl\/?s={search_term_string}"},"query-input":{"@type":"PropertyValueSpecification","valueRequired":true,"valueName":"search_term_string"}}],"inLanguage":"sl-SI"},{"@type":"Organization","@id":"https:\/\/talkpal.ai\/sl\/#organization","name":"Talkpal, Inc.","alternateName":"Talkpal AI","url":"https:\/\/talkpal.ai\/sl\/","logo":{"@type":"ImageObject","inLanguage":"sl-SI","@id":"https:\/\/talkpal.ai\/sl\/#\/schema\/logo\/image\/","url":"https:\/\/talkpal.ai\/wp-content\/uploads\/2024\/03\/Talkpal-Logo-Icon.png","contentUrl":"https:\/\/talkpal.ai\/wp-content\/uploads\/2024\/03\/Talkpal-Logo-Icon.png","width":2880,"height":2880,"caption":"Talkpal, Inc."},"image":{"@id":"https:\/\/talkpal.ai\/sl\/#\/schema\/logo\/image\/"},"sameAs":["https:\/\/www.facebook.com\/profile.php?id=100090733639311","https:\/\/x.com\/talkpalai","https:\/\/www.linkedin.com\/company\/talkpal\/","https:\/\/www.youtube.com\/@TalkPal\/","https:\/\/www.tiktok.com\/@talkpal","https:\/\/www.instagram.com\/talkpal_ai\/","https:\/\/www.crunchbase.com\/organization\/talkpal-9cde","https:\/\/www.g2.com\/products\/talkpal-for-business\/","https:\/\/www.trustpilot.com\/review\/talkpal.ai","https:\/\/www.capterra.com\/p\/10006800\/TalkPal\/"],"description":"Talkpal is a language learning web and mobile education app, powered by the latest AI technologies, that provides engaging experiences to its customers in many different languages to help them improve their language skills. Users can chat about unlimited amount of topics with the app and use other modes to practice their language learning.","email":"support@talkpal.ai","legalName":"Talkpal, Inc.","foundingDate":"2023-04-03","duns":"118989042","numberOfEmployees":{"@type":"QuantitativeValue","minValue":"11","maxValue":"50"},"publishingPrinciples":"https:\/\/talkpal.ai\/publishing-principles\/","actionableFeedbackPolicy":"https:\/\/talkpal.ai\/actionable-feedback-policy\/","correctionsPolicy":"https:\/\/talkpal.ai\/corrections-policy\/","ethicsPolicy":"https:\/\/talkpal.ai\/ethics-policy\/","diversityPolicy":"https:\/\/talkpal.ai\/diversity-policy\/","diversityStaffingReport":"https:\/\/talkpal.ai\/diversity-policy\/"}]}},"_links":{"self":[{"href":"https:\/\/talkpal.ai\/sl\/wp-json\/wp\/v2\/pages\/132099","targetHints":{"allow":["GET"]}}],"collection":[{"href":"https:\/\/talkpal.ai\/sl\/wp-json\/wp\/v2\/pages"}],"about":[{"href":"https:\/\/talkpal.ai\/sl\/wp-json\/wp\/v2\/types\/page"}],"author":[{"embeddable":true,"href":"https:\/\/talkpal.ai\/sl\/wp-json\/wp\/v2\/users\/6"}],"replies":[{"embeddable":true,"href":"https:\/\/talkpal.ai\/sl\/wp-json\/wp\/v2\/comments?post=132099"}],"version-history":[{"count":0,"href":"https:\/\/talkpal.ai\/sl\/wp-json\/wp\/v2\/pages\/132099\/revisions"}],"wp:featuredmedia":[{"embeddable":true,"href":"https:\/\/talkpal.ai\/sl\/wp-json\/wp\/v2\/media\/124124"}],"wp:attachment":[{"href":"https:\/\/talkpal.ai\/sl\/wp-json\/wp\/v2\/media?parent=132099"}],"curies":[{"name":"wp","href":"https:\/\/api.w.org\/{rel}","templated":true}]}}