{"id":131806,"date":"2023-06-16T08:35:52","date_gmt":"2023-06-16T08:35:52","guid":{"rendered":"http:\/\/talkpal.ai\/francoske-slovnicne-vaje\/"},"modified":"2025-12-17T16:46:47","modified_gmt":"2025-12-17T16:46:47","slug":"francoske-slovnicne-vaje","status":"publish","type":"page","link":"https:\/\/talkpal.ai\/sl\/francoske-slovnicne-vaje\/","title":{"rendered":"Francoske slovni\u010dne vaje"},"content":{"rendered":"\r\n\r\n\r\n<section class=\"languageChallengeSection\">\r\n    <div class=\"languageInfoWrapper\">\r\n        \r\n        <h1>Francoske slovni\u010dne vaje<\/h1>\r\n        <p>\u017delite obvladati franco\u0161\u010dino? Vadba slovni\u010dnih vaj je odli\u010den na\u010din za razumevanje stav\u010dne strukture, glagolskih zvez in edinstvenih vzorcev francoskega jezika. \u0160e danes se lotite u\u010denja francoske slovnice in opazujte, kako z vsako vajo rasteta va\u0161e zaupanje in teko\u010dnost!\n\n<\/p>\r\n\r\n                            <a class=\"getStartedHidden\" href=\"https:\/\/app.talkpal.ai\/sl\/signup?lng=\">Za\u010dni<\/a>\r\n        \r\n    <\/div>\r\n\r\n    <figure>\r\n    <img decoding=\"async\" width=\"768\" height=\"768\" src=\"https:\/\/talkpal.ai\/wp-content\/uploads\/2023\/06\/french-768x768.png\" class=\"languageImage no-lazy\" alt=\"Language learning strategies for professionals\" fetchpriority=\"high\" sizes=\"(max-width: 768px) 150px, 768px\" srcset=\"https:\/\/talkpal.ai\/wp-content\/uploads\/2023\/06\/french-768x768.png 768w, https:\/\/talkpal.ai\/wp-content\/uploads\/2023\/06\/french-300x300.png 300w\" \/>\r\n    \r\n\r\n    <\/figure>\r\n\r\n            <a class=\"getStartedVisible\" href=\"https:\/\/app.talkpal.ai\/sl\/signup?lng=\">Za\u010dni<\/a>\r\n    \r\n<\/section>\r\n\r\n\r\n<!-- <section class=\"grammarSection\">\r\n    <div class=\"grammarLinks\">\r\n        <a href=\"https:\/\/talkpal.ai\/sl\/exercise_language\/casi-indikativna-francoska-slovnica\/\">\u010casi <\/a><a href=\"https:\/\/talkpal.ai\/sl\/exercise_language\/clanki-francoska-slovnica\/\">\u010clanki <\/a><a href=\"https:\/\/talkpal.ai\/sl\/exercise_language\/glagoli-francoska-slovnica\/\">Glagoli <\/a><a href=\"https:\/\/talkpal.ai\/sl\/exercise_language\/predpredlogi-francoska-slovnica\/\">Predpredlogi <\/a><a href=\"https:\/\/talkpal.ai\/sl\/exercise_language\/pridevniki-francoska-slovnica\/\">Pridevniki <\/a><a href=\"https:\/\/talkpal.ai\/sl\/exercise_language\/prislovi-francoska-slovnica\/\">Prislovi <\/a><a href=\"https:\/\/talkpal.ai\/sl\/exercise_language\/samostalniki-francoska-slovnica\/\">samostalniki <\/a><a href=\"https:\/\/talkpal.ai\/sl\/exercise_language\/stavcna-struktura-francoska-slovnica\/\">Stav\u010dna struktura <\/a><a href=\"https:\/\/talkpal.ai\/sl\/exercise_language\/zaimki-in-dolocniki-francoska-slovnica\/\">Zaimki in dolo\u010dniki <\/a>    <\/div>\r\n<\/section> -->\r\n\r\n\r\n\r\n\r\n        <section class=\"grammarSection\">\r\n            <div class=\"grammarLinks\">\r\n                <a href=\"https:\/\/talkpal.ai\/sl\/exercise_language\/casi-indikativna-francoska-slovnica\/\">\u010casi <\/a><a href=\"https:\/\/talkpal.ai\/sl\/exercise_language\/clanki-francoska-slovnica\/\">\u010clanki <\/a><a href=\"https:\/\/talkpal.ai\/sl\/exercise_language\/glagoli-francoska-slovnica\/\">Glagoli <\/a><a href=\"https:\/\/talkpal.ai\/sl\/exercise_language\/predpredlogi-francoska-slovnica\/\">Predpredlogi <\/a><a href=\"https:\/\/talkpal.ai\/sl\/exercise_language\/pridevniki-francoska-slovnica\/\">Pridevniki <\/a><a href=\"https:\/\/talkpal.ai\/sl\/exercise_language\/prislovi-francoska-slovnica\/\">Prislovi <\/a><a href=\"https:\/\/talkpal.ai\/sl\/exercise_language\/samostalniki-francoska-slovnica\/\">samostalniki <\/a><a href=\"https:\/\/talkpal.ai\/sl\/exercise_language\/stavcna-struktura-francoska-slovnica\/\">Stav\u010dna struktura <\/a><a href=\"https:\/\/talkpal.ai\/sl\/exercise_language\/zaimki-in-dolocniki-francoska-slovnica\/\">Zaimki in dolo\u010dniki <\/a>            <\/div>\r\n        <\/section>\r\n<section class=\"promotionalBanner\">\r\n    <p class=\"promotionalText\">Naju\u010dinkovitej\u0161i na\u010din u\u010denja jezika<\/p>\r\n    <a class=\"promotionalLink\" href=\"https:\/\/app.talkpal.ai\/sl\/signup?lng=\">Preizkusite Talkpal brezpla\u010dno<\/a>\r\n<\/section>\n<div class=\"wp-block-group pageContainerStyle\"><div class=\"wp-block-group__inner-container is-layout-constrained wp-block-group-is-layout-constrained\">\n<h2 class=\"wp-block-heading\" id=\"h-french-grammar-topics\">Teme francoske slovnice<\/h2>\n\n\n\n<p>U\u010denje franco\u0161\u010dine je lahko vznemirljiva in koristna izku\u0161nja. Kot jezik, bogat z zgodovino in kulturo, franco\u0161\u010dina ponuja edinstven pogled na svet in je bistveno komunikacijsko orodje na razli\u010dnih podro\u010djih. Za u\u010dinkovito u\u010denje franco\u0161\u010dine je klju\u010dnega pomena dobro razumevanje njene slovnice, ki je temelj vsakega jezika. Naslednje zaporedje francoskih slovni\u010dnih tem, vklju\u010dno s pridevniki, prislovi, \u010dlanki, samostalniki, predlogi, zaimki in determinatorji, strukturo stavkov, \u010dasi \u2013 indikativnimi in glagoli, vam bo pomagalo voditi na <a href=\"https:\/\/talkpal.ai\/locations\/learn-english-in-poti\/\">poti<\/a> do obvladovanja jezika.<\/p>\n\n\n\n<h3 class=\"wp-block-heading\" id=\"h-1-nouns\">1. Samostalniki:<\/h3>\n\n\n\n<p>Samostalniki so glavni gradniki katerega koli jezika, saj predstavljajo ljudi, kraje, stvari ali ideje. V franco\u0161\u010dini imajo samostalniki spol (mo\u0161ki ali \u017eenski) in so lahko ednina ali mno\u017eina. Razumevanje spola in \u0161tevila samostalnikov je klju\u010dnega pomena, saj vpliva na oblike drugih besed v stavku, kot so pridevniki, \u010dlanki in zaimki.<\/p>\n\n\n\n<h3 class=\"wp-block-heading\" id=\"h-2-articles\">2. \u010clanki:<\/h3>\n\n\n\n<p>\u010clanki so bistveni v francoski slovnici, saj zagotavljajo informacije o spolu in \u0161tevilki samostalnika. Obstajajo tri vrste \u010dlankov v franco\u0161\u010dini: definite (le, la, les), nedolo\u010den (un, une, des) in partitive (du, de la, des). Uporaba ustreznega \u010dlanka pomaga prenesti predvideni pomen stavka.<\/p>\n\n\n\n<h3 class=\"wp-block-heading\" id=\"h-3-adjectives\">3. Pridevniki:<\/h3>\n\n\n\n<p>Pridevniki se uporabljajo za opisovanje ali spreminjanje samostalnikov. V franco\u0161\u010dini se morajo pridevniki ujemati s samostalnikom, ki ga spreminjajo po spolu in \u0161tevilu. Poleg tega se lahko polo\u017eaj pridevnikov v stavku razlikuje, \u010deprav ve\u010dina pridevnikov sledi samostalniku, ki ga opisujejo.<\/p>\n\n\n\n<h3 class=\"wp-block-heading\" id=\"h-4-pronouns-and-determiners\">4. Zaimki in dolo\u010devalci:<\/h3>\n\n\n\n<p>Zaimki nadome\u0161\u010dajo samostalnike, da bi se izognili ponavljanju, medtem ko determinatorji dolo\u010dajo ali kvantificirajo samostalnike. Zaimki in determinatorji se morajo strinjati s samostalnikom, ki ga nadome\u0161\u010dajo ali spremljajo po spolu in \u0161tevilu. Francoski zaimki vklju\u010dujejo zaimke predmetov (je, tu, il itd.), Zaimke predmetov (me, te, lui itd.) in refleksivne zaimke (me, te, se itd.). Dolo\u010devalci vklju\u010dujejo posesivne pridevnike (pon, ma, mes itd.) in demonstrativne pridevnike (ce, cette, ces, itd.).<\/p>\n\n\n\n<h3 class=\"wp-block-heading\" id=\"h-5-verbs\">5. Glagoli:<\/h3>\n\n\n\n<p>Glagoli izra\u017eajo dejanja, stanja ali pojave. V franco\u0161\u010dini so glagoli konjugirani, da se osebno in \u0161tevil\u010dno ujemajo s temo ter izra\u017eajo razli\u010dne \u010dase in razpolo\u017eenja. Pravilni glagoli sledijo predvidljivemu vzorcu, medtem ko <a href=\"https:\/\/talkpal.ai\/sl\/grammar\/nepravilni-glagoli-v-angleski-slovnici\/\">nepravilni glagoli<\/a> zahtevajo pomnjenje.<\/p>\n\n\n\n<h3 class=\"wp-block-heading\" id=\"h-6-tenses-indicative\">6. \u010casi &#8211; indikativ:<\/h3>\n\n\n\n<p>Indikativno razpolo\u017eenje se uporablja za izra\u017eanje dejstev in objektivnih izjav. V francoskem indikativu je osem \u010dasov: sedanjost, prihodnost, nepopolna, preprosta preteklost, pluperfect, prihodnost popolna, pretekla pogojna in preteklost popolna. Razumevanje in obvladovanje teh \u010dasov je klju\u010dnega pomena za izra\u017eanje \u010dasa in zaporedja v franco\u0161\u010dini.<\/p>\n\n\n\n<h3 class=\"wp-block-heading\" id=\"h-7-adverbs\">7. Prislovi:<\/h3>\n\n\n\n<p>Prislovi spreminjajo glagole, pridevnike ali druge prislove in zagotavljajo dodatne informacije o dejanju, stanju ali kakovosti. V franco\u0161\u010dini se ve\u010dina prislovov oblikuje z dodajanjem -menta \u017eenski obliki pridevnika. Prislovi obi\u010dajno sledijo glagolu, ki ga spreminjajo.<\/p>\n\n\n\n<h3 class=\"wp-block-heading\" id=\"h-8-prepositions\">8. Predlogi:<\/h3>\n\n\n\n<p>Predlogi povezujejo besede ali skupine besed in ozna\u010dujejo odnose, kot so lokacija, smer, \u010das ali vzrok. Obi\u010dajni francoski predlogi vklju\u010dujejo \u00e0 (at, to), de (od, od), en (in, on) in pour (for). U\u010dni predlogi in njihova uporaba so bistveni za konstruiranje skladnih stavkov.<\/p>\n\n\n\n<h3 class=\"wp-block-heading\" id=\"h-9-sentence-structure\">9. Struktura stavkov:<\/h3>\n\n\n\n<p>Francoski stavki sledijo strukturi subjekt-glagol-objekt (SVO), podobno kot <a href=\"https:\/\/talkpal.ai\/learn-english-with-ai\/\">angle\u0161\u010dina<\/a>. Vendar pa se vrstni red besed lahko razlikuje glede na uporabo zaimkov, negacije in poudarka. Razumevanje stav\u010dne strukture je klju\u010dnega pomena za oblikovanje jasnih in to\u010dnih izjav in vpra\u0161anj v franco\u0161\u010dini.<\/p>\n<\/div><\/div>\n\r\n<section class=\"learnNavigationSection\">\r\n            \r\n        <a href=\"https:\/\/talkpal.ai\/sl\/ucenje-francoscine\/\">\r\n            <div class=\"learnNavigationWrapper\">\r\n                <div class=\"learnNavigationContent\">\r\n                    <img decoding=\"async\" src=\"https:\/\/talkpal.ai\/wp-content\/uploads\/2024\/08\/French.jpg\" alt=\"French Flag\">\r\n                    <div>\r\n                        <h4>O u\u010denju franco\u0161\u010dine<\/h4>\r\n                        <p>Izvedite vse o francoski slovnici.<\/p>\r\n                    <\/div>\r\n                <\/div>\r\n            <\/div>\r\n        <\/a>\r\n\r\n        \r\n        <a href=\"https:\/\/talkpal.ai\/sl\/francoska-gramatika\/\">\r\n            <div class=\"learnNavigationWrapper\">\r\n                <div class=\"learnNavigationContent\">\r\n                    <img decoding=\"async\" src=\"https:\/\/talkpal.ai\/wp-content\/uploads\/2024\/08\/French.jpg\" alt=\"French Flag\">\r\n                    <div>\r\n                        <h4>Pouk francoske slovnice<\/h4>\r\n                        <p>Vadite francosko slovnico.<\/p>\r\n                    <\/div>\r\n                <\/div>\r\n            <\/div>\r\n        <\/a>\r\n\r\n        \r\n        <a href=\"https:\/\/talkpal.ai\/vocabulary_language\/french\/\">\r\n            <div class=\"learnNavigationWrapper\">\r\n                <div class=\"learnNavigationContent\">\r\n                    <img decoding=\"async\" src=\"https:\/\/talkpal.ai\/wp-content\/uploads\/2024\/08\/French.jpg\" alt=\"French Flag\">\r\n                    <div>\r\n                        <h4>Francoski besednjak<\/h4>\r\n                        <p>Raz\u0161irite svoj francoski besedni zaklad.<\/p>\r\n                    <\/div>\r\n                <\/div>\r\n            <\/div>\r\n        <\/a>\r\n\r\n            <\/section>","protected":false},"excerpt":{"rendered":"<p>Teme francoske slovnice U\u010denje franco\u0161\u010dine je lahko vznemirljiva in koristna izku\u0161nja. Kot jezik, bogat z zgodovino in kulturo, franco\u0161\u010dina ponuja edinstven pogled na svet in je bistveno komunikacijsko orodje na razli\u010dnih podro\u010djih. Za u\u010dinkovito u\u010denje franco\u0161\u010dine je klju\u010dnega pomena dobro razumevanje njene slovnice, ki je temelj vsakega jezika. Naslednje zaporedje francoskih slovni\u010dnih tem, vklju\u010dno s [&hellip;]<\/p>\n","protected":false},"author":6,"featured_media":75883,"parent":0,"menu_order":0,"comment_status":"closed","ping_status":"closed","template":"LearningContentPage.php","meta":{"_acf_changed":false,"footnotes":""},"class_list":["post-131806","page","type-page","status-publish","has-post-thumbnail","hentry"],"acf":[],"yoast_head":"<!-- This site is optimized with the Yoast SEO Premium plugin v27.2 (Yoast SEO v27.2) - https:\/\/yoast.com\/product\/yoast-seo-premium-wordpress\/ -->\n<title>Francoske slovni\u010dne vaje - Talkpal<\/title>\n<meta name=\"description\" content=\"Vadite in izbolj\u0161ajte svoje znanje francoske slovnice z interaktivnimi vajami, namenjenimi vsem ravnem. Izbolj\u0161ajte svoje znanje jezika!\" \/>\n<meta name=\"robots\" content=\"index, follow, max-snippet:-1, max-image-preview:large, max-video-preview:-1\" \/>\n<link rel=\"canonical\" href=\"https:\/\/talkpal.ai\/sl\/francoske-slovnicne-vaje\/\" \/>\n<meta property=\"og:locale\" content=\"sl_SI\" \/>\n<meta property=\"og:type\" content=\"article\" \/>\n<meta property=\"og:title\" content=\"Francoske slovni\u010dne vaje\" \/>\n<meta property=\"og:description\" content=\"Teme francoske slovnice U\u010denje franco\u0161\u010dine je lahko vznemirljiva in koristna izku\u0161nja. Kot jezik, bogat z zgodovino in kulturo, franco\u0161\u010dina ponuja\" \/>\n<meta property=\"og:url\" content=\"https:\/\/talkpal.ai\/sl\/francoske-slovnicne-vaje\/\" \/>\n<meta property=\"og:site_name\" content=\"Talkpal\" \/>\n<meta property=\"article:publisher\" content=\"https:\/\/www.facebook.com\/profile.php?id=100090733639311\" \/>\n<meta property=\"article:modified_time\" content=\"2025-12-17T16:46:47+00:00\" \/>\n<meta property=\"og:image\" content=\"https:\/\/talkpal.ai\/wp-content\/uploads\/2023\/03\/france.png\" \/>\n\t<meta property=\"og:image:width\" content=\"512\" \/>\n\t<meta property=\"og:image:height\" content=\"512\" \/>\n\t<meta property=\"og:image:type\" content=\"image\/png\" \/>\n<meta name=\"twitter:card\" content=\"summary_large_image\" \/>\n<meta name=\"twitter:site\" content=\"@talkpalai\" \/>\n<meta name=\"twitter:label1\" content=\"Est. reading time\" \/>\n\t<meta name=\"twitter:data1\" content=\"3 minute\" \/>\n<script type=\"application\/ld+json\" class=\"yoast-schema-graph\">{\"@context\":\"https:\/\/schema.org\",\"@graph\":[{\"@type\":\"WebPage\",\"@id\":\"https:\/\/talkpal.ai\/sl\/francoske-slovnicne-vaje\/\",\"url\":\"https:\/\/talkpal.ai\/sl\/francoske-slovnicne-vaje\/\",\"name\":\"Francoske slovni\u010dne vaje - Talkpal\",\"isPartOf\":{\"@id\":\"https:\/\/talkpal.ai\/sl\/#website\"},\"primaryImageOfPage\":{\"@id\":\"https:\/\/talkpal.ai\/sl\/francoske-slovnicne-vaje\/#primaryimage\"},\"image\":{\"@id\":\"https:\/\/talkpal.ai\/sl\/francoske-slovnicne-vaje\/#primaryimage\"},\"thumbnailUrl\":\"https:\/\/talkpal.ai\/wp-content\/uploads\/2023\/03\/france.png\",\"datePublished\":\"2023-06-16T08:35:52+00:00\",\"dateModified\":\"2025-12-17T16:46:47+00:00\",\"description\":\"Vadite in izbolj\u0161ajte svoje znanje francoske slovnice z interaktivnimi vajami, namenjenimi vsem ravnem. Izbolj\u0161ajte svoje znanje jezika!\",\"breadcrumb\":{\"@id\":\"https:\/\/talkpal.ai\/sl\/francoske-slovnicne-vaje\/#breadcrumb\"},\"inLanguage\":\"sl-SI\",\"potentialAction\":[{\"@type\":\"ReadAction\",\"target\":[\"https:\/\/talkpal.ai\/sl\/francoske-slovnicne-vaje\/\"]}]},{\"@type\":\"ImageObject\",\"inLanguage\":\"sl-SI\",\"@id\":\"https:\/\/talkpal.ai\/sl\/francoske-slovnicne-vaje\/#primaryimage\",\"url\":\"https:\/\/talkpal.ai\/wp-content\/uploads\/2023\/03\/france.png\",\"contentUrl\":\"https:\/\/talkpal.ai\/wp-content\/uploads\/2023\/03\/france.png\",\"width\":512,\"height\":512,\"caption\":\"TalkPal AI learn French\"},{\"@type\":\"BreadcrumbList\",\"@id\":\"https:\/\/talkpal.ai\/sl\/francoske-slovnicne-vaje\/#breadcrumb\",\"itemListElement\":[{\"@type\":\"ListItem\",\"position\":1,\"name\":\"Homepage\",\"item\":\"https:\/\/talkpal.ai\/sl\/\"},{\"@type\":\"ListItem\",\"position\":2,\"name\":\"Francoske slovni\u010dne vaje\"}]},{\"@type\":\"WebSite\",\"@id\":\"https:\/\/talkpal.ai\/sl\/#website\",\"url\":\"https:\/\/talkpal.ai\/sl\/\",\"name\":\"Talkpal\",\"description\":\"AI Language Learning\",\"publisher\":{\"@id\":\"https:\/\/talkpal.ai\/sl\/#organization\"},\"alternateName\":\"Talkpal AI\",\"potentialAction\":[{\"@type\":\"SearchAction\",\"target\":{\"@type\":\"EntryPoint\",\"urlTemplate\":\"https:\/\/talkpal.ai\/sl\/?s={search_term_string}\"},\"query-input\":{\"@type\":\"PropertyValueSpecification\",\"valueRequired\":true,\"valueName\":\"search_term_string\"}}],\"inLanguage\":\"sl-SI\"},{\"@type\":\"Organization\",\"@id\":\"https:\/\/talkpal.ai\/sl\/#organization\",\"name\":\"Talkpal, Inc.\",\"alternateName\":\"Talkpal AI\",\"url\":\"https:\/\/talkpal.ai\/sl\/\",\"logo\":{\"@type\":\"ImageObject\",\"inLanguage\":\"sl-SI\",\"@id\":\"https:\/\/talkpal.ai\/sl\/#\/schema\/logo\/image\/\",\"url\":\"https:\/\/talkpal.ai\/wp-content\/uploads\/2024\/03\/Talkpal-Logo-Icon.png\",\"contentUrl\":\"https:\/\/talkpal.ai\/wp-content\/uploads\/2024\/03\/Talkpal-Logo-Icon.png\",\"width\":2880,\"height\":2880,\"caption\":\"Talkpal, Inc.\"},\"image\":{\"@id\":\"https:\/\/talkpal.ai\/sl\/#\/schema\/logo\/image\/\"},\"sameAs\":[\"https:\/\/www.facebook.com\/profile.php?id=100090733639311\",\"https:\/\/x.com\/talkpalai\",\"https:\/\/www.linkedin.com\/company\/talkpal\/\",\"https:\/\/www.youtube.com\/@TalkPal\/\",\"https:\/\/www.tiktok.com\/@talkpal\",\"https:\/\/www.instagram.com\/talkpal_ai\/\",\"https:\/\/www.crunchbase.com\/organization\/talkpal-9cde\",\"https:\/\/www.g2.com\/products\/talkpal-for-business\/\",\"https:\/\/www.trustpilot.com\/review\/talkpal.ai\",\"https:\/\/www.capterra.com\/p\/10006800\/TalkPal\/\"],\"description\":\"Talkpal is a language learning web and mobile education app, powered by the latest AI technologies, that provides engaging experiences to its customers in many different languages to help them improve their language skills. Users can chat about unlimited amount of topics with the app and use other modes to practice their language learning.\",\"email\":\"support@talkpal.ai\",\"legalName\":\"Talkpal, Inc.\",\"foundingDate\":\"2023-04-03\",\"duns\":\"118989042\",\"numberOfEmployees\":{\"@type\":\"QuantitativeValue\",\"minValue\":\"11\",\"maxValue\":\"50\"},\"publishingPrinciples\":\"https:\/\/talkpal.ai\/publishing-principles\/\",\"actionableFeedbackPolicy\":\"https:\/\/talkpal.ai\/actionable-feedback-policy\/\",\"correctionsPolicy\":\"https:\/\/talkpal.ai\/corrections-policy\/\",\"ethicsPolicy\":\"https:\/\/talkpal.ai\/ethics-policy\/\",\"diversityPolicy\":\"https:\/\/talkpal.ai\/diversity-policy\/\",\"diversityStaffingReport\":\"https:\/\/talkpal.ai\/diversity-policy\/\"}]}<\/script>\n<!-- \/ Yoast SEO Premium plugin. -->","yoast_head_json":{"title":"Francoske slovni\u010dne vaje - Talkpal","description":"Vadite in izbolj\u0161ajte svoje znanje francoske slovnice z interaktivnimi vajami, namenjenimi vsem ravnem. Izbolj\u0161ajte svoje znanje jezika!","robots":{"index":"index","follow":"follow","max-snippet":"max-snippet:-1","max-image-preview":"max-image-preview:large","max-video-preview":"max-video-preview:-1"},"canonical":"https:\/\/talkpal.ai\/sl\/francoske-slovnicne-vaje\/","og_locale":"sl_SI","og_type":"article","og_title":"Francoske slovni\u010dne vaje","og_description":"Teme francoske slovnice U\u010denje franco\u0161\u010dine je lahko vznemirljiva in koristna izku\u0161nja. Kot jezik, bogat z zgodovino in kulturo, franco\u0161\u010dina ponuja","og_url":"https:\/\/talkpal.ai\/sl\/francoske-slovnicne-vaje\/","og_site_name":"Talkpal","article_publisher":"https:\/\/www.facebook.com\/profile.php?id=100090733639311","article_modified_time":"2025-12-17T16:46:47+00:00","og_image":[{"width":512,"height":512,"url":"https:\/\/talkpal.ai\/wp-content\/uploads\/2023\/03\/france.png","type":"image\/png"}],"twitter_card":"summary_large_image","twitter_site":"@talkpalai","twitter_misc":{"Est. reading time":"3 minute"},"schema":{"@context":"https:\/\/schema.org","@graph":[{"@type":"WebPage","@id":"https:\/\/talkpal.ai\/sl\/francoske-slovnicne-vaje\/","url":"https:\/\/talkpal.ai\/sl\/francoske-slovnicne-vaje\/","name":"Francoske slovni\u010dne vaje - Talkpal","isPartOf":{"@id":"https:\/\/talkpal.ai\/sl\/#website"},"primaryImageOfPage":{"@id":"https:\/\/talkpal.ai\/sl\/francoske-slovnicne-vaje\/#primaryimage"},"image":{"@id":"https:\/\/talkpal.ai\/sl\/francoske-slovnicne-vaje\/#primaryimage"},"thumbnailUrl":"https:\/\/talkpal.ai\/wp-content\/uploads\/2023\/03\/france.png","datePublished":"2023-06-16T08:35:52+00:00","dateModified":"2025-12-17T16:46:47+00:00","description":"Vadite in izbolj\u0161ajte svoje znanje francoske slovnice z interaktivnimi vajami, namenjenimi vsem ravnem. Izbolj\u0161ajte svoje znanje jezika!","breadcrumb":{"@id":"https:\/\/talkpal.ai\/sl\/francoske-slovnicne-vaje\/#breadcrumb"},"inLanguage":"sl-SI","potentialAction":[{"@type":"ReadAction","target":["https:\/\/talkpal.ai\/sl\/francoske-slovnicne-vaje\/"]}]},{"@type":"ImageObject","inLanguage":"sl-SI","@id":"https:\/\/talkpal.ai\/sl\/francoske-slovnicne-vaje\/#primaryimage","url":"https:\/\/talkpal.ai\/wp-content\/uploads\/2023\/03\/france.png","contentUrl":"https:\/\/talkpal.ai\/wp-content\/uploads\/2023\/03\/france.png","width":512,"height":512,"caption":"TalkPal AI learn French"},{"@type":"BreadcrumbList","@id":"https:\/\/talkpal.ai\/sl\/francoske-slovnicne-vaje\/#breadcrumb","itemListElement":[{"@type":"ListItem","position":1,"name":"Homepage","item":"https:\/\/talkpal.ai\/sl\/"},{"@type":"ListItem","position":2,"name":"Francoske slovni\u010dne vaje"}]},{"@type":"WebSite","@id":"https:\/\/talkpal.ai\/sl\/#website","url":"https:\/\/talkpal.ai\/sl\/","name":"Talkpal","description":"AI Language Learning","publisher":{"@id":"https:\/\/talkpal.ai\/sl\/#organization"},"alternateName":"Talkpal AI","potentialAction":[{"@type":"SearchAction","target":{"@type":"EntryPoint","urlTemplate":"https:\/\/talkpal.ai\/sl\/?s={search_term_string}"},"query-input":{"@type":"PropertyValueSpecification","valueRequired":true,"valueName":"search_term_string"}}],"inLanguage":"sl-SI"},{"@type":"Organization","@id":"https:\/\/talkpal.ai\/sl\/#organization","name":"Talkpal, Inc.","alternateName":"Talkpal AI","url":"https:\/\/talkpal.ai\/sl\/","logo":{"@type":"ImageObject","inLanguage":"sl-SI","@id":"https:\/\/talkpal.ai\/sl\/#\/schema\/logo\/image\/","url":"https:\/\/talkpal.ai\/wp-content\/uploads\/2024\/03\/Talkpal-Logo-Icon.png","contentUrl":"https:\/\/talkpal.ai\/wp-content\/uploads\/2024\/03\/Talkpal-Logo-Icon.png","width":2880,"height":2880,"caption":"Talkpal, Inc."},"image":{"@id":"https:\/\/talkpal.ai\/sl\/#\/schema\/logo\/image\/"},"sameAs":["https:\/\/www.facebook.com\/profile.php?id=100090733639311","https:\/\/x.com\/talkpalai","https:\/\/www.linkedin.com\/company\/talkpal\/","https:\/\/www.youtube.com\/@TalkPal\/","https:\/\/www.tiktok.com\/@talkpal","https:\/\/www.instagram.com\/talkpal_ai\/","https:\/\/www.crunchbase.com\/organization\/talkpal-9cde","https:\/\/www.g2.com\/products\/talkpal-for-business\/","https:\/\/www.trustpilot.com\/review\/talkpal.ai","https:\/\/www.capterra.com\/p\/10006800\/TalkPal\/"],"description":"Talkpal is a language learning web and mobile education app, powered by the latest AI technologies, that provides engaging experiences to its customers in many different languages to help them improve their language skills. Users can chat about unlimited amount of topics with the app and use other modes to practice their language learning.","email":"support@talkpal.ai","legalName":"Talkpal, Inc.","foundingDate":"2023-04-03","duns":"118989042","numberOfEmployees":{"@type":"QuantitativeValue","minValue":"11","maxValue":"50"},"publishingPrinciples":"https:\/\/talkpal.ai\/publishing-principles\/","actionableFeedbackPolicy":"https:\/\/talkpal.ai\/actionable-feedback-policy\/","correctionsPolicy":"https:\/\/talkpal.ai\/corrections-policy\/","ethicsPolicy":"https:\/\/talkpal.ai\/ethics-policy\/","diversityPolicy":"https:\/\/talkpal.ai\/diversity-policy\/","diversityStaffingReport":"https:\/\/talkpal.ai\/diversity-policy\/"}]}},"_links":{"self":[{"href":"https:\/\/talkpal.ai\/sl\/wp-json\/wp\/v2\/pages\/131806","targetHints":{"allow":["GET"]}}],"collection":[{"href":"https:\/\/talkpal.ai\/sl\/wp-json\/wp\/v2\/pages"}],"about":[{"href":"https:\/\/talkpal.ai\/sl\/wp-json\/wp\/v2\/types\/page"}],"author":[{"embeddable":true,"href":"https:\/\/talkpal.ai\/sl\/wp-json\/wp\/v2\/users\/6"}],"replies":[{"embeddable":true,"href":"https:\/\/talkpal.ai\/sl\/wp-json\/wp\/v2\/comments?post=131806"}],"version-history":[{"count":0,"href":"https:\/\/talkpal.ai\/sl\/wp-json\/wp\/v2\/pages\/131806\/revisions"}],"wp:featuredmedia":[{"embeddable":true,"href":"https:\/\/talkpal.ai\/sl\/wp-json\/wp\/v2\/media\/75883"}],"wp:attachment":[{"href":"https:\/\/talkpal.ai\/sl\/wp-json\/wp\/v2\/media?parent=131806"}],"curies":[{"name":"wp","href":"https:\/\/api.w.org\/{rel}","templated":true}]}}