{"id":131524,"date":"2023-06-15T07:00:21","date_gmt":"2023-06-15T07:00:21","guid":{"rendered":"http:\/\/talkpal.ai\/spanske-slovnicne-vaje\/"},"modified":"2025-12-17T16:37:02","modified_gmt":"2025-12-17T16:37:02","slug":"spanske-slovnicne-vaje","status":"publish","type":"page","link":"https:\/\/talkpal.ai\/sl\/spanske-slovnicne-vaje\/","title":{"rendered":"\u0160panske slovni\u010dne vaje"},"content":{"rendered":"\r\n\r\n\r\n<section class=\"languageChallengeSection\">\r\n    <div class=\"languageInfoWrapper\">\r\n        \r\n        <h1>\u0160panske slovni\u010dne vaje<\/h1>\r\n        <p>Ste pripravljeni izbolj\u0161ati znanje \u0161pan\u0161\u010dine? Vaje iz slovnice so odli\u010den na\u010din za obvladovanje stav\u010dne strukture, glagolskih zvez in edinstvenih vzorcev \u0161panskega jezika. Za\u010dnite delati na \u0161panski slovnici \u0161e danes in opazujte, kako z vsako vajo raste va\u0161a samozavest in teko\u010dnost!\n\n<\/p>\r\n\r\n                            <a class=\"getStartedHidden\" href=\"https:\/\/app.talkpal.ai\/sl\/signup?lng=\">Za\u010dni<\/a>\r\n        \r\n    <\/div>\r\n\r\n    <figure>\r\n    <img decoding=\"async\" width=\"768\" height=\"768\" src=\"https:\/\/talkpal.ai\/wp-content\/uploads\/2023\/06\/Spanish-768x768.png\" class=\"languageImage no-lazy\" alt=\"Practical application of language learning\" fetchpriority=\"high\" sizes=\"(max-width: 768px) 150px, 768px\" srcset=\"https:\/\/talkpal.ai\/wp-content\/uploads\/2023\/06\/Spanish-768x768.png 768w, https:\/\/talkpal.ai\/wp-content\/uploads\/2023\/06\/Spanish-300x300.png 300w\" \/>\r\n    \r\n\r\n    <\/figure>\r\n\r\n            <a class=\"getStartedVisible\" href=\"https:\/\/app.talkpal.ai\/sl\/signup?lng=\">Za\u010dni<\/a>\r\n    \r\n<\/section>\r\n\r\n\r\n<!-- <section class=\"grammarSection\">\r\n    <div class=\"grammarLinks\">\r\n        <a href=\"https:\/\/talkpal.ai\/sl\/exercise_language\/casi-konjunktiv-spanska-slovnica\/\">\u010casi konjunktiv <\/a><a href=\"https:\/\/talkpal.ai\/sl\/exercise_language\/clanki-spanska-slovnica\/\">\u010clanki <\/a><a href=\"https:\/\/talkpal.ai\/sl\/exercise_language\/glagoli-spanska-slovnica\/\">Glagoli <\/a><a href=\"https:\/\/talkpal.ai\/sl\/exercise_language\/indikativni-casi-spanska-slovnica\/\">Indikativni \u010dasi <\/a><a href=\"https:\/\/talkpal.ai\/sl\/exercise_language\/predlogi-spanska-slovnica\/\">Predlogi <\/a><a href=\"https:\/\/talkpal.ai\/sl\/exercise_language\/pridevniki-spanska-slovnica\/\">Pridevniki <\/a><a href=\"https:\/\/talkpal.ai\/sl\/exercise_language\/primerjava-casa-spanska-slovnica\/\">Primerjava \u010dasa <\/a><a href=\"https:\/\/talkpal.ai\/sl\/exercise_language\/prislovi-spanska-slovnica\/\">Prislovi <\/a><a href=\"https:\/\/talkpal.ai\/sl\/exercise_language\/samostalniki-spanska-slovnica\/\">samostalniki <\/a><a href=\"https:\/\/talkpal.ai\/sl\/exercise_language\/stavcna-struktura-spanska-slovnica\/\">Stav\u010dna struktura <\/a><a href=\"https:\/\/talkpal.ai\/sl\/exercise_language\/zaimki-spanska-slovnica\/\">Zaimki <\/a>    <\/div>\r\n<\/section> -->\r\n\r\n\r\n\r\n\r\n        <section class=\"grammarSection\">\r\n            <div class=\"grammarLinks\">\r\n                <a href=\"https:\/\/talkpal.ai\/sl\/exercise_language\/casi-konjunktiv-spanska-slovnica\/\">\u010casi konjunktiv <\/a><a href=\"https:\/\/talkpal.ai\/sl\/exercise_language\/clanki-spanska-slovnica\/\">\u010clanki <\/a><a href=\"https:\/\/talkpal.ai\/sl\/exercise_language\/glagoli-spanska-slovnica\/\">Glagoli <\/a><a href=\"https:\/\/talkpal.ai\/sl\/exercise_language\/indikativni-casi-spanska-slovnica\/\">Indikativni \u010dasi <\/a><a href=\"https:\/\/talkpal.ai\/sl\/exercise_language\/predlogi-spanska-slovnica\/\">Predlogi <\/a><a href=\"https:\/\/talkpal.ai\/sl\/exercise_language\/pridevniki-spanska-slovnica\/\">Pridevniki <\/a><a href=\"https:\/\/talkpal.ai\/sl\/exercise_language\/primerjava-casa-spanska-slovnica\/\">Primerjava \u010dasa <\/a><a href=\"https:\/\/talkpal.ai\/sl\/exercise_language\/prislovi-spanska-slovnica\/\">Prislovi <\/a><a href=\"https:\/\/talkpal.ai\/sl\/exercise_language\/samostalniki-spanska-slovnica\/\">samostalniki <\/a><a href=\"https:\/\/talkpal.ai\/sl\/exercise_language\/stavcna-struktura-spanska-slovnica\/\">Stav\u010dna struktura <\/a><a href=\"https:\/\/talkpal.ai\/sl\/exercise_language\/zaimki-spanska-slovnica\/\">Zaimki <\/a>            <\/div>\r\n        <\/section>\r\n<section class=\"promotionalBanner\">\r\n    <p class=\"promotionalText\">Naju\u010dinkovitej\u0161i na\u010din u\u010denja jezika<\/p>\r\n    <a class=\"promotionalLink\" href=\"https:\/\/app.talkpal.ai\/sl\/signup?lng=\">Preizkusite Talkpal brezpla\u010dno<\/a>\r\n<\/section>\n<div class=\"wp-block-group pageContainerStyle\"><div class=\"wp-block-group__inner-container is-layout-constrained wp-block-group-is-layout-constrained\">\n<h2 class=\"wp-block-heading\" id=\"h-spanish-grammar-topics\">Teme \u0161panske slovnice<\/h2>\n\n\n\n<p>U\u010denje novega jezika je lahko vznemirljivo in koristno prizadevanje, \u0161pan\u0161\u010dina pa ni izjema. Kot drugi najbolj govorjeni jezik na svetu lahko odpre nove prilo\u017enosti za potovanja, delo in kulturno izmenjavo. Ne glede na to, ali ste popoln za\u010detnik ali \u017eelite izbolj\u0161ati svoje obstoje\u010de znanje, je razumevanje in obvladovanje \u0161panske slovnice bistvenega pomena. Od \u010dasov in glagolov do stav\u010dne strukture in predlogov ima vsak vidik jezika klju\u010dno vlogo pri va\u0161i sposobnosti u\u010dinkovitega sporazumevanja. V tem priro\u010dniku bomo raziskali pomembne teme \u0161panske slovnice in jih predstavili v logi\u010dnem zaporedju, da se boste la\u017eje nau\u010dili jezika.<\/p>\n\n\n\n<h3 class=\"wp-block-heading\" id=\"h-1-nouns-and-articles\">1. Samostalniki in izdelki:<\/h3>\n\n\n\n<p>Za\u010dnite s seznanjanjem s \u0161panskimi samostalniki in njihovim spolom ter dolo\u010denimi in nedolo\u010denimi \u010dleni. Ti osnovni gradniki vam bodo pomagali razumeti in oblikovati preproste fraze in stavke.<\/p>\n\n\n\n<h3 class=\"wp-block-heading\" id=\"h-2-adjectives\">2. Pridevniki:<\/h3>\n\n\n\n<p>Pridevniki so bistveni za opis samostalnikov, v \u0161pan\u0161\u010dini pa se morajo po spolu in \u0161tevilu strinjati s samostalnikom, ki ga spreminjajo. U\u010denje pravil za pridevni\u0161ko umestitev in dogovor bo mo\u010dno izbolj\u0161alo va\u0161o sposobnost, da se izrazite v \u0161pan\u0161\u010dini.<\/p>\n\n\n\n<h3 class=\"wp-block-heading\" id=\"h-3-pronouns\">3. Zaimki:<\/h3>\n\n\n\n<p>Zaimki nadome\u0161\u010dajo samostalnike in so klju\u010dnega pomena za bolj teko\u010d in naraven pogovor. Osredoto\u010dite se na zaimke predmetov, zaimke neposrednih in posrednih predmetov ter refleksivne zaimke, s \u010dimer boste zagotovili, da boste razumeli njihovo uporabo in umestitev v stavke.<\/p>\n\n\n\n<h3 class=\"wp-block-heading\" id=\"h-4-verbs\">4. Glagoli:<\/h3>\n\n\n\n<p>Glagoli so hrbtenica katerega koli jezika in \u0161pan\u0161\u010dina ni ni\u010d druga\u010dna. Za\u010dnite z u\u010denjem najpogostej\u0161ih rednih in nepravilnih glagolov, pa tudi njihovih konjugacij v sedanjem napetem indikativnem razpolo\u017eenju.<\/p>\n\n\n\n<h3 class=\"wp-block-heading\" id=\"h-5-tenses-indicative\">5. Okvirni \u010dasi:<\/h3>\n\n\n\n<p>Ko enkrat dojamete osnovno glagolsko konjugacijo, raz\u0161irite svoje znanje in vklju\u010dite druge indikativne \u010dase, kot so preterit, nepopolnost, prihodnost in pogojni \u010dasi. Tako boste lahko izrazili dejanja in dogodke v razli\u010dnih \u010dasovnih okvirih.<\/p>\n\n\n\n<h3 class=\"wp-block-heading\" id=\"h-6-adverbs\">6. Prislovi:<\/h3>\n\n\n\n<p>Prislovi zagotavljajo dodatne informacije o glagolih, pridevnikih ali drugih prislovih. Nau\u010dite se razli\u010dnih vrst prislovov in njihove umestitve v stavke, da svojemu govoru dodate ve\u010d podrobnosti in odtenkov.<\/p>\n\n\n\n<h3 class=\"wp-block-heading\" id=\"h-7-prepositions\">7. Predlogi:<\/h3>\n\n\n\n<p>Predlogi so bistveni za izra\u017eanje odnosov med besedami, kot so lokacija, smer ali \u010das. Seznanite se z najpogostej\u0161imi \u0161panskimi predlogi in njihovo uporabo v razli\u010dnih kontekstih.<\/p>\n\n\n\n<h3 class=\"wp-block-heading\" id=\"h-8-tenses-subjunctive\">8. \u010casi konjunktivni:<\/h3>\n\n\n\n<p>Konjunktivno razpolo\u017eenje se uporablja za izra\u017eanje dvoma, negotovosti ali hipoteti\u010dnih situacij. Preu\u010dite pravila konjugacije za pravilne in nepravilne glagole v sedanjem, preteklem in prihodnjem konjunktivnem \u010dasu, da raz\u0161irite svoje izrazne sposobnosti.<\/p>\n\n\n\n<h3 class=\"wp-block-heading\" id=\"h-9-tense-comparison\">9. Napeta primerjava:<\/h3>\n\n\n\n<p>Razumevanje odtenkov med razli\u010dnimi \u010dasi in razpolo\u017eenjem vam bo pomagalo izbrati ustrezno obliko, ki bo posredovala va\u0161 predvideni pomen. Vadite primerjavo in kontrastiranje indikativnih in konjunktivnih \u010dasov, pa tudi razli\u010dnih preteklih \u010dasov, da pridobite bolj\u0161e znanje jezika.<\/p>\n\n\n\n<h3 class=\"wp-block-heading\" id=\"h-10-sentence-structure\">10. Struktura stavkov:<\/h3>\n\n\n\n<p>Na koncu razi\u0161\u010dite razli\u010dne stav\u010dne strukture, vklju\u010dno s preprostimi, sestavljenimi in zapletenimi stavki. Nau\u010dite se uporabljati usklajevalne in podrejene veznike, da ustvarite bolj zapletene ideje in razvijete svojo sposobnost u\u010dinkovitega komuniciranja v \u0161pan\u0161\u010dini.<\/p>\n<\/div><\/div>\n\r\n<section class=\"learnNavigationSection\">\r\n            \r\n        <a href=\"https:\/\/talkpal.ai\/sl\/naucite-se-spanscine\/\">\r\n            <div class=\"learnNavigationWrapper\">\r\n                <div class=\"learnNavigationContent\">\r\n                    <img decoding=\"async\" src=\"https:\/\/talkpal.ai\/wp-content\/uploads\/2024\/08\/Spanish.jpg\" alt=\"Spanish Flag\">\r\n                    <div>\r\n                        <h4>O u\u010denju \u0161pan\u0161\u010dine<\/h4>\r\n                        <p>Izvedite vse o \u0161panski slovnici.<\/p>\r\n                    <\/div>\r\n                <\/div>\r\n            <\/div>\r\n        <\/a>\r\n\r\n        \r\n        <a href=\"https:\/\/talkpal.ai\/sl\/spanska-gramatika\/\">\r\n            <div class=\"learnNavigationWrapper\">\r\n                <div class=\"learnNavigationContent\">\r\n                    <img decoding=\"async\" src=\"https:\/\/talkpal.ai\/wp-content\/uploads\/2024\/08\/Spanish.jpg\" alt=\"Spanish Flag\">\r\n                    <div>\r\n                        <h4>Pouk \u0161panske slovnice<\/h4>\r\n                        <p>Vadite \u0161pansko slovnico.<\/p>\r\n                    <\/div>\r\n                <\/div>\r\n            <\/div>\r\n        <\/a>\r\n\r\n        \r\n        <a href=\"https:\/\/talkpal.ai\/vocabulary_language\/spanish\/\">\r\n            <div class=\"learnNavigationWrapper\">\r\n                <div class=\"learnNavigationContent\">\r\n                    <img decoding=\"async\" src=\"https:\/\/talkpal.ai\/wp-content\/uploads\/2024\/08\/Spanish.jpg\" alt=\"Spanish Flag\">\r\n                    <div>\r\n                        <h4>\u0160panski besednjak<\/h4>\r\n                        <p>Raz\u0161irite svoj \u0161panski besedni zaklad.<\/p>\r\n                    <\/div>\r\n                <\/div>\r\n            <\/div>\r\n        <\/a>\r\n\r\n            <\/section>","protected":false},"excerpt":{"rendered":"<p>Teme \u0161panske slovnice U\u010denje novega jezika je lahko vznemirljivo in koristno prizadevanje, \u0161pan\u0161\u010dina pa ni izjema. Kot drugi najbolj govorjeni jezik na svetu lahko odpre nove prilo\u017enosti za potovanja, delo in kulturno izmenjavo. Ne glede na to, ali ste popoln za\u010detnik ali \u017eelite izbolj\u0161ati svoje obstoje\u010de znanje, je razumevanje in obvladovanje \u0161panske slovnice bistvenega pomena. [&hellip;]<\/p>\n","protected":false},"author":1,"featured_media":75308,"parent":0,"menu_order":0,"comment_status":"closed","ping_status":"closed","template":"LearningContentPage.php","meta":{"_acf_changed":false,"footnotes":""},"class_list":["post-131524","page","type-page","status-publish","has-post-thumbnail","hentry"],"acf":[],"yoast_head":"<!-- This site is optimized with the Yoast SEO Premium plugin v27.2 (Yoast SEO v27.2) - https:\/\/yoast.com\/product\/yoast-seo-premium-wordpress\/ -->\n<title>\u0160panske slovni\u010dne vaje - Talkpal<\/title>\n<meta name=\"description\" content=\"Izbolj\u0161ajte \u0161pansko slovnico z interaktivnimi vajami, namenjenimi vsem ravnem znanja. Vadite glagole, zgradbo stavka, besedi\u0161\u010de in \u0161e ve\u010d!\" \/>\n<meta name=\"robots\" content=\"index, follow, max-snippet:-1, max-image-preview:large, max-video-preview:-1\" \/>\n<link rel=\"canonical\" href=\"https:\/\/talkpal.ai\/sl\/spanske-slovnicne-vaje\/\" \/>\n<meta property=\"og:locale\" content=\"sl_SI\" \/>\n<meta property=\"og:type\" content=\"article\" \/>\n<meta property=\"og:title\" content=\"\u0160panske slovni\u010dne vaje\" \/>\n<meta property=\"og:description\" content=\"Teme \u0161panske slovnice U\u010denje novega jezika je lahko vznemirljivo in koristno prizadevanje, \u0161pan\u0161\u010dina pa ni izjema. Kot drugi najbolj govorjeni jezik na\" \/>\n<meta property=\"og:url\" content=\"https:\/\/talkpal.ai\/sl\/spanske-slovnicne-vaje\/\" \/>\n<meta property=\"og:site_name\" content=\"Talkpal\" \/>\n<meta property=\"article:publisher\" content=\"https:\/\/www.facebook.com\/profile.php?id=100090733639311\" \/>\n<meta property=\"article:modified_time\" content=\"2025-12-17T16:37:02+00:00\" \/>\n<meta property=\"og:image\" content=\"https:\/\/talkpal.ai\/wp-content\/uploads\/2023\/03\/spain.png\" \/>\n\t<meta property=\"og:image:width\" content=\"512\" \/>\n\t<meta property=\"og:image:height\" content=\"512\" \/>\n\t<meta property=\"og:image:type\" content=\"image\/png\" \/>\n<meta name=\"twitter:card\" content=\"summary_large_image\" \/>\n<meta name=\"twitter:site\" content=\"@talkpalai\" \/>\n<meta name=\"twitter:label1\" content=\"Est. reading time\" \/>\n\t<meta name=\"twitter:data1\" content=\"2 minuti\" \/>\n<script type=\"application\/ld+json\" class=\"yoast-schema-graph\">{\"@context\":\"https:\/\/schema.org\",\"@graph\":[{\"@type\":\"WebPage\",\"@id\":\"https:\/\/talkpal.ai\/sl\/spanske-slovnicne-vaje\/\",\"url\":\"https:\/\/talkpal.ai\/sl\/spanske-slovnicne-vaje\/\",\"name\":\"\u0160panske slovni\u010dne vaje - Talkpal\",\"isPartOf\":{\"@id\":\"https:\/\/talkpal.ai\/sl\/#website\"},\"primaryImageOfPage\":{\"@id\":\"https:\/\/talkpal.ai\/sl\/spanske-slovnicne-vaje\/#primaryimage\"},\"image\":{\"@id\":\"https:\/\/talkpal.ai\/sl\/spanske-slovnicne-vaje\/#primaryimage\"},\"thumbnailUrl\":\"https:\/\/talkpal.ai\/wp-content\/uploads\/2023\/03\/spain.png\",\"datePublished\":\"2023-06-15T07:00:21+00:00\",\"dateModified\":\"2025-12-17T16:37:02+00:00\",\"description\":\"Izbolj\u0161ajte \u0161pansko slovnico z interaktivnimi vajami, namenjenimi vsem ravnem znanja. Vadite glagole, zgradbo stavka, besedi\u0161\u010de in \u0161e ve\u010d!\",\"breadcrumb\":{\"@id\":\"https:\/\/talkpal.ai\/sl\/spanske-slovnicne-vaje\/#breadcrumb\"},\"inLanguage\":\"sl-SI\",\"potentialAction\":[{\"@type\":\"ReadAction\",\"target\":[\"https:\/\/talkpal.ai\/sl\/spanske-slovnicne-vaje\/\"]}]},{\"@type\":\"ImageObject\",\"inLanguage\":\"sl-SI\",\"@id\":\"https:\/\/talkpal.ai\/sl\/spanske-slovnicne-vaje\/#primaryimage\",\"url\":\"https:\/\/talkpal.ai\/wp-content\/uploads\/2023\/03\/spain.png\",\"contentUrl\":\"https:\/\/talkpal.ai\/wp-content\/uploads\/2023\/03\/spain.png\",\"width\":512,\"height\":512,\"caption\":\"TalkPal AI learn Spanish\"},{\"@type\":\"BreadcrumbList\",\"@id\":\"https:\/\/talkpal.ai\/sl\/spanske-slovnicne-vaje\/#breadcrumb\",\"itemListElement\":[{\"@type\":\"ListItem\",\"position\":1,\"name\":\"Homepage\",\"item\":\"https:\/\/talkpal.ai\/sl\/\"},{\"@type\":\"ListItem\",\"position\":2,\"name\":\"\u0160panske slovni\u010dne vaje\"}]},{\"@type\":\"WebSite\",\"@id\":\"https:\/\/talkpal.ai\/sl\/#website\",\"url\":\"https:\/\/talkpal.ai\/sl\/\",\"name\":\"Talkpal\",\"description\":\"AI Language Learning\",\"publisher\":{\"@id\":\"https:\/\/talkpal.ai\/sl\/#organization\"},\"alternateName\":\"Talkpal AI\",\"potentialAction\":[{\"@type\":\"SearchAction\",\"target\":{\"@type\":\"EntryPoint\",\"urlTemplate\":\"https:\/\/talkpal.ai\/sl\/?s={search_term_string}\"},\"query-input\":{\"@type\":\"PropertyValueSpecification\",\"valueRequired\":true,\"valueName\":\"search_term_string\"}}],\"inLanguage\":\"sl-SI\"},{\"@type\":\"Organization\",\"@id\":\"https:\/\/talkpal.ai\/sl\/#organization\",\"name\":\"Talkpal, Inc.\",\"alternateName\":\"Talkpal AI\",\"url\":\"https:\/\/talkpal.ai\/sl\/\",\"logo\":{\"@type\":\"ImageObject\",\"inLanguage\":\"sl-SI\",\"@id\":\"https:\/\/talkpal.ai\/sl\/#\/schema\/logo\/image\/\",\"url\":\"https:\/\/talkpal.ai\/wp-content\/uploads\/2024\/03\/Talkpal-Logo-Icon.png\",\"contentUrl\":\"https:\/\/talkpal.ai\/wp-content\/uploads\/2024\/03\/Talkpal-Logo-Icon.png\",\"width\":2880,\"height\":2880,\"caption\":\"Talkpal, Inc.\"},\"image\":{\"@id\":\"https:\/\/talkpal.ai\/sl\/#\/schema\/logo\/image\/\"},\"sameAs\":[\"https:\/\/www.facebook.com\/profile.php?id=100090733639311\",\"https:\/\/x.com\/talkpalai\",\"https:\/\/www.linkedin.com\/company\/talkpal\/\",\"https:\/\/www.youtube.com\/@TalkPal\/\",\"https:\/\/www.tiktok.com\/@talkpal\",\"https:\/\/www.instagram.com\/talkpal_ai\/\",\"https:\/\/www.crunchbase.com\/organization\/talkpal-9cde\",\"https:\/\/www.g2.com\/products\/talkpal-for-business\/\",\"https:\/\/www.trustpilot.com\/review\/talkpal.ai\",\"https:\/\/www.capterra.com\/p\/10006800\/TalkPal\/\"],\"description\":\"Talkpal is a language learning web and mobile education app, powered by the latest AI technologies, that provides engaging experiences to its customers in many different languages to help them improve their language skills. Users can chat about unlimited amount of topics with the app and use other modes to practice their language learning.\",\"email\":\"support@talkpal.ai\",\"legalName\":\"Talkpal, Inc.\",\"foundingDate\":\"2023-04-03\",\"duns\":\"118989042\",\"numberOfEmployees\":{\"@type\":\"QuantitativeValue\",\"minValue\":\"11\",\"maxValue\":\"50\"},\"publishingPrinciples\":\"https:\/\/talkpal.ai\/publishing-principles\/\",\"actionableFeedbackPolicy\":\"https:\/\/talkpal.ai\/actionable-feedback-policy\/\",\"correctionsPolicy\":\"https:\/\/talkpal.ai\/corrections-policy\/\",\"ethicsPolicy\":\"https:\/\/talkpal.ai\/ethics-policy\/\",\"diversityPolicy\":\"https:\/\/talkpal.ai\/diversity-policy\/\",\"diversityStaffingReport\":\"https:\/\/talkpal.ai\/diversity-policy\/\"}]}<\/script>\n<!-- \/ Yoast SEO Premium plugin. -->","yoast_head_json":{"title":"\u0160panske slovni\u010dne vaje - Talkpal","description":"Izbolj\u0161ajte \u0161pansko slovnico z interaktivnimi vajami, namenjenimi vsem ravnem znanja. Vadite glagole, zgradbo stavka, besedi\u0161\u010de in \u0161e ve\u010d!","robots":{"index":"index","follow":"follow","max-snippet":"max-snippet:-1","max-image-preview":"max-image-preview:large","max-video-preview":"max-video-preview:-1"},"canonical":"https:\/\/talkpal.ai\/sl\/spanske-slovnicne-vaje\/","og_locale":"sl_SI","og_type":"article","og_title":"\u0160panske slovni\u010dne vaje","og_description":"Teme \u0161panske slovnice U\u010denje novega jezika je lahko vznemirljivo in koristno prizadevanje, \u0161pan\u0161\u010dina pa ni izjema. Kot drugi najbolj govorjeni jezik na","og_url":"https:\/\/talkpal.ai\/sl\/spanske-slovnicne-vaje\/","og_site_name":"Talkpal","article_publisher":"https:\/\/www.facebook.com\/profile.php?id=100090733639311","article_modified_time":"2025-12-17T16:37:02+00:00","og_image":[{"width":512,"height":512,"url":"https:\/\/talkpal.ai\/wp-content\/uploads\/2023\/03\/spain.png","type":"image\/png"}],"twitter_card":"summary_large_image","twitter_site":"@talkpalai","twitter_misc":{"Est. reading time":"2 minuti"},"schema":{"@context":"https:\/\/schema.org","@graph":[{"@type":"WebPage","@id":"https:\/\/talkpal.ai\/sl\/spanske-slovnicne-vaje\/","url":"https:\/\/talkpal.ai\/sl\/spanske-slovnicne-vaje\/","name":"\u0160panske slovni\u010dne vaje - Talkpal","isPartOf":{"@id":"https:\/\/talkpal.ai\/sl\/#website"},"primaryImageOfPage":{"@id":"https:\/\/talkpal.ai\/sl\/spanske-slovnicne-vaje\/#primaryimage"},"image":{"@id":"https:\/\/talkpal.ai\/sl\/spanske-slovnicne-vaje\/#primaryimage"},"thumbnailUrl":"https:\/\/talkpal.ai\/wp-content\/uploads\/2023\/03\/spain.png","datePublished":"2023-06-15T07:00:21+00:00","dateModified":"2025-12-17T16:37:02+00:00","description":"Izbolj\u0161ajte \u0161pansko slovnico z interaktivnimi vajami, namenjenimi vsem ravnem znanja. Vadite glagole, zgradbo stavka, besedi\u0161\u010de in \u0161e ve\u010d!","breadcrumb":{"@id":"https:\/\/talkpal.ai\/sl\/spanske-slovnicne-vaje\/#breadcrumb"},"inLanguage":"sl-SI","potentialAction":[{"@type":"ReadAction","target":["https:\/\/talkpal.ai\/sl\/spanske-slovnicne-vaje\/"]}]},{"@type":"ImageObject","inLanguage":"sl-SI","@id":"https:\/\/talkpal.ai\/sl\/spanske-slovnicne-vaje\/#primaryimage","url":"https:\/\/talkpal.ai\/wp-content\/uploads\/2023\/03\/spain.png","contentUrl":"https:\/\/talkpal.ai\/wp-content\/uploads\/2023\/03\/spain.png","width":512,"height":512,"caption":"TalkPal AI learn Spanish"},{"@type":"BreadcrumbList","@id":"https:\/\/talkpal.ai\/sl\/spanske-slovnicne-vaje\/#breadcrumb","itemListElement":[{"@type":"ListItem","position":1,"name":"Homepage","item":"https:\/\/talkpal.ai\/sl\/"},{"@type":"ListItem","position":2,"name":"\u0160panske slovni\u010dne vaje"}]},{"@type":"WebSite","@id":"https:\/\/talkpal.ai\/sl\/#website","url":"https:\/\/talkpal.ai\/sl\/","name":"Talkpal","description":"AI Language Learning","publisher":{"@id":"https:\/\/talkpal.ai\/sl\/#organization"},"alternateName":"Talkpal AI","potentialAction":[{"@type":"SearchAction","target":{"@type":"EntryPoint","urlTemplate":"https:\/\/talkpal.ai\/sl\/?s={search_term_string}"},"query-input":{"@type":"PropertyValueSpecification","valueRequired":true,"valueName":"search_term_string"}}],"inLanguage":"sl-SI"},{"@type":"Organization","@id":"https:\/\/talkpal.ai\/sl\/#organization","name":"Talkpal, Inc.","alternateName":"Talkpal AI","url":"https:\/\/talkpal.ai\/sl\/","logo":{"@type":"ImageObject","inLanguage":"sl-SI","@id":"https:\/\/talkpal.ai\/sl\/#\/schema\/logo\/image\/","url":"https:\/\/talkpal.ai\/wp-content\/uploads\/2024\/03\/Talkpal-Logo-Icon.png","contentUrl":"https:\/\/talkpal.ai\/wp-content\/uploads\/2024\/03\/Talkpal-Logo-Icon.png","width":2880,"height":2880,"caption":"Talkpal, Inc."},"image":{"@id":"https:\/\/talkpal.ai\/sl\/#\/schema\/logo\/image\/"},"sameAs":["https:\/\/www.facebook.com\/profile.php?id=100090733639311","https:\/\/x.com\/talkpalai","https:\/\/www.linkedin.com\/company\/talkpal\/","https:\/\/www.youtube.com\/@TalkPal\/","https:\/\/www.tiktok.com\/@talkpal","https:\/\/www.instagram.com\/talkpal_ai\/","https:\/\/www.crunchbase.com\/organization\/talkpal-9cde","https:\/\/www.g2.com\/products\/talkpal-for-business\/","https:\/\/www.trustpilot.com\/review\/talkpal.ai","https:\/\/www.capterra.com\/p\/10006800\/TalkPal\/"],"description":"Talkpal is a language learning web and mobile education app, powered by the latest AI technologies, that provides engaging experiences to its customers in many different languages to help them improve their language skills. Users can chat about unlimited amount of topics with the app and use other modes to practice their language learning.","email":"support@talkpal.ai","legalName":"Talkpal, Inc.","foundingDate":"2023-04-03","duns":"118989042","numberOfEmployees":{"@type":"QuantitativeValue","minValue":"11","maxValue":"50"},"publishingPrinciples":"https:\/\/talkpal.ai\/publishing-principles\/","actionableFeedbackPolicy":"https:\/\/talkpal.ai\/actionable-feedback-policy\/","correctionsPolicy":"https:\/\/talkpal.ai\/corrections-policy\/","ethicsPolicy":"https:\/\/talkpal.ai\/ethics-policy\/","diversityPolicy":"https:\/\/talkpal.ai\/diversity-policy\/","diversityStaffingReport":"https:\/\/talkpal.ai\/diversity-policy\/"}]}},"_links":{"self":[{"href":"https:\/\/talkpal.ai\/sl\/wp-json\/wp\/v2\/pages\/131524","targetHints":{"allow":["GET"]}}],"collection":[{"href":"https:\/\/talkpal.ai\/sl\/wp-json\/wp\/v2\/pages"}],"about":[{"href":"https:\/\/talkpal.ai\/sl\/wp-json\/wp\/v2\/types\/page"}],"author":[{"embeddable":true,"href":"https:\/\/talkpal.ai\/sl\/wp-json\/wp\/v2\/users\/1"}],"replies":[{"embeddable":true,"href":"https:\/\/talkpal.ai\/sl\/wp-json\/wp\/v2\/comments?post=131524"}],"version-history":[{"count":0,"href":"https:\/\/talkpal.ai\/sl\/wp-json\/wp\/v2\/pages\/131524\/revisions"}],"wp:featuredmedia":[{"embeddable":true,"href":"https:\/\/talkpal.ai\/sl\/wp-json\/wp\/v2\/media\/75308"}],"wp:attachment":[{"href":"https:\/\/talkpal.ai\/sl\/wp-json\/wp\/v2\/media?parent=131524"}],"curies":[{"name":"wp","href":"https:\/\/api.w.org\/{rel}","templated":true}]}}