{"id":131114,"date":"2023-05-14T13:53:24","date_gmt":"2023-05-14T13:53:24","guid":{"rendered":"http:\/\/talkpal.ai\/ukrajinska-slovnica\/"},"modified":"2025-12-11T16:36:14","modified_gmt":"2025-12-11T16:36:14","slug":"ukrajinska-slovnica","status":"publish","type":"page","link":"https:\/\/talkpal.ai\/sl\/ukrajinska-slovnica\/","title":{"rendered":"Ukrajinska slovnica"},"content":{"rendered":"\r\n\r\n\r\n<section class=\"languageChallengeSection\">\r\n    <div class=\"languageInfoWrapper\">\r\n        \r\n        <h1>Ukrajinska slovnica<\/h1>\r\n        <p>Spoznajte strukturo ukrajinskega jezika z u\u010denjem osnovnih slovni\u010dnih pravil. Osvojitev ukrajinske slovnice vam bo pomagala pri samozavestnem sporazumevanju in globlji povezanosti z ukrajinsko kulturo in dedi\u0161\u010dino. Za\u010dnite svojo ukrajinsko slovnico danes in naredite prvi korak k teko\u010dnosti!<\/p>\r\n\r\n                            <a class=\"getStartedHidden\" href=\"https:\/\/app.talkpal.ai\/sl\/signup?lng=\">Za\u010dni<\/a>\r\n        \r\n    <\/div>\r\n\r\n    <figure>\r\n    <img decoding=\"async\" width=\"768\" height=\"768\" src=\"https:\/\/talkpal.ai\/wp-content\/uploads\/2023\/06\/Ukrainian-768x768.png\" class=\"languageImage no-lazy\" alt=\"Language learning - Your doorway to the world\" fetchpriority=\"high\" sizes=\"(max-width: 768px) 150px, 768px\" srcset=\"https:\/\/talkpal.ai\/wp-content\/uploads\/2023\/06\/Ukrainian-768x768.png 768w, https:\/\/talkpal.ai\/wp-content\/uploads\/2023\/06\/Ukrainian-300x300.png 300w\" \/>\r\n    \r\n\r\n    <\/figure>\r\n\r\n            <a class=\"getStartedVisible\" href=\"https:\/\/app.talkpal.ai\/sl\/signup?lng=\">Za\u010dni<\/a>\r\n    \r\n<\/section>\r\n<section class=\"promotionalBanner\">\r\n    <p class=\"promotionalText\">Naju\u010dinkovitej\u0161i na\u010din u\u010denja jezika<\/p>\r\n    <a class=\"promotionalLink\" href=\"https:\/\/app.talkpal.ai\/sl\/signup?lng=\">Preizkusite Talkpal brezpla\u010dno<\/a>\r\n<\/section>\n<div class=\"wp-block-group pageContainerStyle\"><div class=\"wp-block-group__inner-container is-layout-constrained wp-block-group-is-layout-constrained\">\n<h2 class=\"wp-block-heading\" id=\"h-a-comprehensive-guide-to-mastering-ukrainian-grammar\">Iz\u010drpen vodnik za obvladovanje ukrajinske slovnice<\/h2>\n\n\n\n<p><a href=\"https:\/\/talkpal.ai\/learn-ukrainian\/\">Ukrajin\u0161\u010dina<\/a>, lep in melodi\u010den jezik, je pritegnila vse ve\u010dje zanimanje jezikovnih navdu\u0161encev po vsem svetu. U\u010denje ukrajin\u0161\u010dine vam omogo\u010da dostop do bogate kulturne dedi\u0161\u010dine in vam omogo\u010da komunikacijo z milijoni ljudi v Ukrajini in sosednjih dr\u017eavah. Medtem ko se potapljanje v ukrajinsko slovnico sprva lahko po\u010duti zastra\u0161ujo\u010de, vam bo mo\u010dna podlaga v njej omogo\u010dila raziskovanje odtenkov jezika in popolno spo\u0161tovanje njegove lepote. Ta \u010dlanek vas bo vodil korak za korakom skozi osnove ukrajinske slovnice in vas opremil za samozavesten za\u010detek jezikovne <a href=\"https:\/\/talkpal.ai\/locations\/learn-english-in-poti\/\">poti<\/a>.<\/p>\n\n\n\n<h3 class=\"wp-block-heading\" id=\"h-1-mastering-ukrainian-nouns-and-cases\">1. Obvladovanje ukrajinskih samostalnikov in primerov<\/h3>\n\n\n\n<p>Osrednja zna\u010dilnost ukrajinske slovnice je njen sistem primerov. Ko uporabljate samostalnike, morate poznati njihov spol (mo\u0161ki, \u017eenski ali srednje\u0161olski) in se zavedati konteksta, ki lahko zahteva spremembo njihovega zaklju\u010dka. <a href=\"https:\/\/talkpal.ai\/hr\/ucenje-ukrajinskog-jezika\/\">Ukrajinski jezik<\/a> ima sedem primerov:<\/p>\n\n\n\n<p>&#8211; Nominativ: predmet stavka<\/p>\n\n\n\n<p>&#8211; rodilnik: ozna\u010duje lastni\u0161tvo, koli\u010dino in zanikanje<\/p>\n\n\n\n<p>&#8211; Dativ: posredni predmet ali gibanje proti cilju<\/p>\n\n\n\n<p>&#8211; Akuzativ: neposredni predmet ali gibanje, usmerjeno proti ne\u010demu<\/p>\n\n\n\n<p>&#8211; instrumentalni: ozna\u010duje sredstvo ali instrument delovanja<\/p>\n\n\n\n<p>&#8211; Lokativ: ozna\u010duje lokacijo<\/p>\n\n\n\n<p>&#8211; vokativ: uporablja se za naslavljanje ali klicanje nekoga<\/p>\n\n\n\n<p>Pozorni boste morali biti na samostalni\u0161ke kon\u010dnice in sklanjatve, saj se spreminjajo glede na uporabljeni rodilnik ter spol in \u0161tevilo samostalnika.<\/p>\n\n\n\n<h3 class=\"wp-block-heading\" id=\"h-2-navigating-the-ukrainian-verb-system\">2. Krmarjenje po sistemu ukrajinskih glagolov<\/h3>\n\n\n\n<p><a href=\"https:\/\/talkpal.ai\/learn-ukrainian\/\">Ukrajinski<\/a> glagoli so konjugirani glede na osebo, \u0161tevilo, \u010das, razpolo\u017eenje in glas. V ukrajin\u0161\u010dini obstajajo \u0161tirje vidiki glagolov &#8211; popolni, nepopolni, iterativni in dojemljivi:<\/p>\n\n\n\n<p>&#8211; Perfektiv: ozna\u010duje dokon\u010dana dejanja<\/p>\n\n\n\n<p>&#8211; Imperfektiv: opisuje trajna, obi\u010dajna ali ponavljajo\u010da se dejanja<\/p>\n\n\n\n<p>&#8211; Iterativno: izra\u017ea dejanja, ki se ponavljajo v dolo\u010denem \u010dasovnem intervalu.<\/p>\n\n\n\n<p>&#8211; Inceptivni: ozna\u010duje za\u010detek dejanja<\/p>\n\n\n\n<p>Za krmarjenje po ukrajinskem glagolskem sistemu se morate seznaniti s tremi osnovnimi glagolskimi konjugacijami. Proces konjugacije vklju\u010duje spreminjanje koncev korenine glagola glede na \u010das, razpolo\u017eenje in predmet.<\/p>\n\n\n\n<h3 class=\"wp-block-heading\" id=\"h-3-perfecting-ukrainian-adjectives-and-pronouns\">3. Izpopolnjevanje ukrajinskih pridevnikov in zaimkov<\/h3>\n\n\n\n<p>Pridevniki v ukrajin\u0161\u010dini se morajo strinjati s samostalnikom, ki ga opisujejo, po spolu, \u0161tevilu in primeru. To pomeni, da morate biti pri uporabi pridevnika pozorni na njegove zaklju\u010dke, saj se bodo spremenili, da se poravnajo s samostalnikom. Poleg tega so lahko pridevniki v ukrajin\u0161\u010dini dolge ali kratke oblike, pri \u010demer ima vsaka svojo uporabo glede na kontekst.<\/p>\n\n\n\n<p>Zaimki se uporabljajo namesto samostalnikov in se morajo ujemati tudi s samostalnikom, ki ga nadome\u0161\u010dajo, po spolu, \u0161tevilu in primeru. Osebni zaimki v ukrajin\u0161\u010dini so &#8220;\u044f&#8221; (jaz), &#8220;\u0442\u0438&#8221; (ti, ednina), &#8220;\u0432\u0456\u043d\/\u0432\u043e\u043d\u0430\/\u0432\u043e\u043d\u043e&#8221; (on\/oni), &#8220;\u043c\u0438&#8221; (mi), &#8220;\u0432\u0438&#8221; (vi, mno\u017eina ali uradno) in &#8220;\u0432\u043e\u043d\u0438&#8221; (oni). Obstajajo tudi posesivni, demonstrativni in relativni zaimki v ukrajin\u0161\u010dini.<\/p>\n\n\n\n<h3 class=\"wp-block-heading\" id=\"h-4-putting-it-all-together-sentence-structure\">4. Sestavljanje vsega: struktura stavkov<\/h3>\n\n\n\n<p>Ukrajin\u0161\u010dina sledi strukturi stavkov subjekt-glagol-objekt (SVO), podobno kot <a href=\"https:\/\/talkpal.ai\/learn-english-with-ai\/\">angle\u0161\u010dina<\/a>. Vendar pa ima ukrajin\u0161\u010dina za razliko od angle\u0161\u010dine zaradi svojega sistema primerov ve\u010djo prilagodljivost pri vrstnem redu besed. Ta prilagodljivost omogo\u010da govorcem, da poudarijo dolo\u010dene besede ali ideje, tako da jih postavijo na razli\u010dne polo\u017eaje v stavku. \u010ceprav obvladovanje te vsestranskosti lahko traja nekaj \u010dasa, vam omogo\u010da, da se v ukrajin\u0161\u010dini izrazite bolj umetni\u0161ko in teko\u010de.<\/p>\n\n\n\n<h3 class=\"wp-block-heading\" id=\"h-conclusion\">Zaklju\u010dek<\/h3>\n\n\n\n<p>Ko se odpravljate na potovanje po ukrajinskem jeziku, ne pozabite, da teko\u010de znanje slovnice zahteva prakso in vztrajnost. Postopoma se seznanite z razli\u010dnimi vidiki ukrajinske slovnice, od samostalnikov in primerov do glagolov in stav\u010dne strukture. U\u017eivajte v u\u010dnem procesu in u\u017eivajte v lepoti in izraznosti ukrajinskega jezika. \u0412\u0434\u0430\u0447\u0456! (Sre\u010dno!)<\/p>\n<\/div><\/div>\n\r\n<section class=\"learnNavigationSection\">\r\n            \r\n        <a href=\"https:\/\/talkpal.ai\/sl\/naucite-se-ukrajinscine\/\">\r\n            <div class=\"learnNavigationWrapper\">\r\n                <div class=\"learnNavigationContent\">\r\n                    <img decoding=\"async\" src=\"https:\/\/talkpal.ai\/wp-content\/uploads\/2024\/08\/Ukrainian.jpg\" alt=\"Ukrainian Flag\">\r\n                    <div>\r\n                        <h4>O ukrajinskem u\u010denju<\/h4>\r\n                        <p>Izvedite vse o ukrajinski slovnici.<\/p>\r\n                    <\/div>\r\n                <\/div>\r\n            <\/div>\r\n        <\/a>\r\n\r\n        \r\n        <a href=\"https:\/\/talkpal.ai\/sl\/ukrajinske-slovnicne-vaje\/\">\r\n            <div class=\"learnNavigationWrapper\">\r\n                <div class=\"learnNavigationContent\">\r\n                    <img decoding=\"async\" src=\"https:\/\/talkpal.ai\/wp-content\/uploads\/2024\/08\/Ukrainian.jpg\" alt=\"Ukrainian Flag\">\r\n                    <div>\r\n                        <h4>Ukrajinska slovnica Vaja<\/h4>\r\n                        <p>Vadite ukrajinsko slovnico.<\/p>\r\n                    <\/div>\r\n                <\/div>\r\n            <\/div>\r\n        <\/a>\r\n\r\n        \r\n        <a href=\"https:\/\/talkpal.ai\/vocabulary_language\/ukrainian\/\">\r\n            <div class=\"learnNavigationWrapper\">\r\n                <div class=\"learnNavigationContent\">\r\n                    <img decoding=\"async\" src=\"https:\/\/talkpal.ai\/wp-content\/uploads\/2024\/08\/Ukrainian.jpg\" alt=\"Ukrainian Flag\">\r\n                    <div>\r\n                        <h4>Ukrajinski besednjak<\/h4>\r\n                        <p>Raz\u0161irite svoj ukrajinski besedni zaklad.<\/p>\r\n                    <\/div>\r\n                <\/div>\r\n            <\/div>\r\n        <\/a>\r\n\r\n            <\/section>","protected":false},"excerpt":{"rendered":"<p>Iz\u010drpen vodnik za obvladovanje ukrajinske slovnice Ukrajin\u0161\u010dina, lep in melodi\u010den jezik, je pritegnila vse ve\u010dje zanimanje jezikovnih navdu\u0161encev po vsem svetu. U\u010denje ukrajin\u0161\u010dine vam omogo\u010da dostop do bogate kulturne dedi\u0161\u010dine in vam omogo\u010da komunikacijo z milijoni ljudi v Ukrajini in sosednjih dr\u017eavah. Medtem ko se potapljanje v ukrajinsko slovnico sprva lahko po\u010duti zastra\u0161ujo\u010de, vam bo [&hellip;]<\/p>\n","protected":false},"author":1,"featured_media":108581,"parent":0,"menu_order":0,"comment_status":"closed","ping_status":"closed","template":"LearningContentPage.php","meta":{"_acf_changed":false,"footnotes":""},"class_list":["post-131114","page","type-page","status-publish","has-post-thumbnail","hentry"],"acf":[],"yoast_head":"<!-- This site is optimized with the Yoast SEO Premium plugin v27.2 (Yoast SEO v27.2) - https:\/\/yoast.com\/product\/yoast-seo-premium-wordpress\/ -->\n<title>Ukrajinska slovnica - Talkpal<\/title>\n<meta name=\"description\" content=\"Odkrijte lepoto ukrajinske slovnice z bistvenimi nasveti in spoznanji, ki bodo izbolj\u0161ali va\u0161e u\u010denje jezika.\" \/>\n<meta name=\"robots\" content=\"index, follow, max-snippet:-1, max-image-preview:large, max-video-preview:-1\" \/>\n<link rel=\"canonical\" href=\"https:\/\/talkpal.ai\/sl\/ukrajinska-slovnica\/\" \/>\n<meta property=\"og:locale\" content=\"sl_SI\" \/>\n<meta property=\"og:type\" content=\"article\" \/>\n<meta property=\"og:title\" content=\"Ukrajinska slovnica\" \/>\n<meta property=\"og:description\" content=\"Iz\u010drpen vodnik za obvladovanje ukrajinske slovnice Ukrajin\u0161\u010dina, lep in melodi\u010den jezik, je pritegnila vse ve\u010dje zanimanje jezikovnih navdu\u0161encev po vsem\" \/>\n<meta property=\"og:url\" content=\"https:\/\/talkpal.ai\/sl\/ukrajinska-slovnica\/\" \/>\n<meta property=\"og:site_name\" content=\"Talkpal\" \/>\n<meta property=\"article:publisher\" content=\"https:\/\/www.facebook.com\/profile.php?id=100090733639311\" \/>\n<meta property=\"article:modified_time\" content=\"2025-12-11T16:36:14+00:00\" \/>\n<meta property=\"og:image\" content=\"https:\/\/talkpal.ai\/wp-content\/uploads\/2023\/04\/ukraine.png\" \/>\n\t<meta property=\"og:image:width\" content=\"512\" \/>\n\t<meta property=\"og:image:height\" content=\"512\" \/>\n\t<meta property=\"og:image:type\" content=\"image\/png\" \/>\n<meta name=\"twitter:card\" content=\"summary_large_image\" \/>\n<meta name=\"twitter:site\" content=\"@talkpalai\" \/>\n<meta name=\"twitter:label1\" content=\"Est. reading time\" \/>\n\t<meta name=\"twitter:data1\" content=\"3 minute\" \/>\n<script type=\"application\/ld+json\" class=\"yoast-schema-graph\">{\"@context\":\"https:\/\/schema.org\",\"@graph\":[{\"@type\":\"WebPage\",\"@id\":\"https:\/\/talkpal.ai\/sl\/ukrajinska-slovnica\/\",\"url\":\"https:\/\/talkpal.ai\/sl\/ukrajinska-slovnica\/\",\"name\":\"Ukrajinska slovnica - Talkpal\",\"isPartOf\":{\"@id\":\"https:\/\/talkpal.ai\/sl\/#website\"},\"primaryImageOfPage\":{\"@id\":\"https:\/\/talkpal.ai\/sl\/ukrajinska-slovnica\/#primaryimage\"},\"image\":{\"@id\":\"https:\/\/talkpal.ai\/sl\/ukrajinska-slovnica\/#primaryimage\"},\"thumbnailUrl\":\"https:\/\/talkpal.ai\/wp-content\/uploads\/2023\/04\/ukraine.png\",\"datePublished\":\"2023-05-14T13:53:24+00:00\",\"dateModified\":\"2025-12-11T16:36:14+00:00\",\"description\":\"Odkrijte lepoto ukrajinske slovnice z bistvenimi nasveti in spoznanji, ki bodo izbolj\u0161ali va\u0161e u\u010denje jezika.\",\"breadcrumb\":{\"@id\":\"https:\/\/talkpal.ai\/sl\/ukrajinska-slovnica\/#breadcrumb\"},\"inLanguage\":\"sl-SI\",\"potentialAction\":[{\"@type\":\"ReadAction\",\"target\":[\"https:\/\/talkpal.ai\/sl\/ukrajinska-slovnica\/\"]}]},{\"@type\":\"ImageObject\",\"inLanguage\":\"sl-SI\",\"@id\":\"https:\/\/talkpal.ai\/sl\/ukrajinska-slovnica\/#primaryimage\",\"url\":\"https:\/\/talkpal.ai\/wp-content\/uploads\/2023\/04\/ukraine.png\",\"contentUrl\":\"https:\/\/talkpal.ai\/wp-content\/uploads\/2023\/04\/ukraine.png\",\"width\":512,\"height\":512,\"caption\":\"TalkPal Ukrainian Flag\"},{\"@type\":\"BreadcrumbList\",\"@id\":\"https:\/\/talkpal.ai\/sl\/ukrajinska-slovnica\/#breadcrumb\",\"itemListElement\":[{\"@type\":\"ListItem\",\"position\":1,\"name\":\"Homepage\",\"item\":\"https:\/\/talkpal.ai\/sl\/\"},{\"@type\":\"ListItem\",\"position\":2,\"name\":\"Ukrajinska slovnica\"}]},{\"@type\":\"WebSite\",\"@id\":\"https:\/\/talkpal.ai\/sl\/#website\",\"url\":\"https:\/\/talkpal.ai\/sl\/\",\"name\":\"Talkpal\",\"description\":\"AI Language Learning\",\"publisher\":{\"@id\":\"https:\/\/talkpal.ai\/sl\/#organization\"},\"alternateName\":\"Talkpal AI\",\"potentialAction\":[{\"@type\":\"SearchAction\",\"target\":{\"@type\":\"EntryPoint\",\"urlTemplate\":\"https:\/\/talkpal.ai\/sl\/?s={search_term_string}\"},\"query-input\":{\"@type\":\"PropertyValueSpecification\",\"valueRequired\":true,\"valueName\":\"search_term_string\"}}],\"inLanguage\":\"sl-SI\"},{\"@type\":\"Organization\",\"@id\":\"https:\/\/talkpal.ai\/sl\/#organization\",\"name\":\"Talkpal, Inc.\",\"alternateName\":\"Talkpal AI\",\"url\":\"https:\/\/talkpal.ai\/sl\/\",\"logo\":{\"@type\":\"ImageObject\",\"inLanguage\":\"sl-SI\",\"@id\":\"https:\/\/talkpal.ai\/sl\/#\/schema\/logo\/image\/\",\"url\":\"https:\/\/talkpal.ai\/wp-content\/uploads\/2024\/03\/Talkpal-Logo-Icon.png\",\"contentUrl\":\"https:\/\/talkpal.ai\/wp-content\/uploads\/2024\/03\/Talkpal-Logo-Icon.png\",\"width\":2880,\"height\":2880,\"caption\":\"Talkpal, Inc.\"},\"image\":{\"@id\":\"https:\/\/talkpal.ai\/sl\/#\/schema\/logo\/image\/\"},\"sameAs\":[\"https:\/\/www.facebook.com\/profile.php?id=100090733639311\",\"https:\/\/x.com\/talkpalai\",\"https:\/\/www.linkedin.com\/company\/talkpal\/\",\"https:\/\/www.youtube.com\/@TalkPal\/\",\"https:\/\/www.tiktok.com\/@talkpal\",\"https:\/\/www.instagram.com\/talkpal_ai\/\",\"https:\/\/www.crunchbase.com\/organization\/talkpal-9cde\",\"https:\/\/www.g2.com\/products\/talkpal-for-business\/\",\"https:\/\/www.trustpilot.com\/review\/talkpal.ai\",\"https:\/\/www.capterra.com\/p\/10006800\/TalkPal\/\"],\"description\":\"Talkpal is a language learning web and mobile education app, powered by the latest AI technologies, that provides engaging experiences to its customers in many different languages to help them improve their language skills. Users can chat about unlimited amount of topics with the app and use other modes to practice their language learning.\",\"email\":\"support@talkpal.ai\",\"legalName\":\"Talkpal, Inc.\",\"foundingDate\":\"2023-04-03\",\"duns\":\"118989042\",\"numberOfEmployees\":{\"@type\":\"QuantitativeValue\",\"minValue\":\"11\",\"maxValue\":\"50\"},\"publishingPrinciples\":\"https:\/\/talkpal.ai\/publishing-principles\/\",\"actionableFeedbackPolicy\":\"https:\/\/talkpal.ai\/actionable-feedback-policy\/\",\"correctionsPolicy\":\"https:\/\/talkpal.ai\/corrections-policy\/\",\"ethicsPolicy\":\"https:\/\/talkpal.ai\/ethics-policy\/\",\"diversityPolicy\":\"https:\/\/talkpal.ai\/diversity-policy\/\",\"diversityStaffingReport\":\"https:\/\/talkpal.ai\/diversity-policy\/\"}]}<\/script>\n<!-- \/ Yoast SEO Premium plugin. -->","yoast_head_json":{"title":"Ukrajinska slovnica - Talkpal","description":"Odkrijte lepoto ukrajinske slovnice z bistvenimi nasveti in spoznanji, ki bodo izbolj\u0161ali va\u0161e u\u010denje jezika.","robots":{"index":"index","follow":"follow","max-snippet":"max-snippet:-1","max-image-preview":"max-image-preview:large","max-video-preview":"max-video-preview:-1"},"canonical":"https:\/\/talkpal.ai\/sl\/ukrajinska-slovnica\/","og_locale":"sl_SI","og_type":"article","og_title":"Ukrajinska slovnica","og_description":"Iz\u010drpen vodnik za obvladovanje ukrajinske slovnice Ukrajin\u0161\u010dina, lep in melodi\u010den jezik, je pritegnila vse ve\u010dje zanimanje jezikovnih navdu\u0161encev po vsem","og_url":"https:\/\/talkpal.ai\/sl\/ukrajinska-slovnica\/","og_site_name":"Talkpal","article_publisher":"https:\/\/www.facebook.com\/profile.php?id=100090733639311","article_modified_time":"2025-12-11T16:36:14+00:00","og_image":[{"width":512,"height":512,"url":"https:\/\/talkpal.ai\/wp-content\/uploads\/2023\/04\/ukraine.png","type":"image\/png"}],"twitter_card":"summary_large_image","twitter_site":"@talkpalai","twitter_misc":{"Est. reading time":"3 minute"},"schema":{"@context":"https:\/\/schema.org","@graph":[{"@type":"WebPage","@id":"https:\/\/talkpal.ai\/sl\/ukrajinska-slovnica\/","url":"https:\/\/talkpal.ai\/sl\/ukrajinska-slovnica\/","name":"Ukrajinska slovnica - Talkpal","isPartOf":{"@id":"https:\/\/talkpal.ai\/sl\/#website"},"primaryImageOfPage":{"@id":"https:\/\/talkpal.ai\/sl\/ukrajinska-slovnica\/#primaryimage"},"image":{"@id":"https:\/\/talkpal.ai\/sl\/ukrajinska-slovnica\/#primaryimage"},"thumbnailUrl":"https:\/\/talkpal.ai\/wp-content\/uploads\/2023\/04\/ukraine.png","datePublished":"2023-05-14T13:53:24+00:00","dateModified":"2025-12-11T16:36:14+00:00","description":"Odkrijte lepoto ukrajinske slovnice z bistvenimi nasveti in spoznanji, ki bodo izbolj\u0161ali va\u0161e u\u010denje jezika.","breadcrumb":{"@id":"https:\/\/talkpal.ai\/sl\/ukrajinska-slovnica\/#breadcrumb"},"inLanguage":"sl-SI","potentialAction":[{"@type":"ReadAction","target":["https:\/\/talkpal.ai\/sl\/ukrajinska-slovnica\/"]}]},{"@type":"ImageObject","inLanguage":"sl-SI","@id":"https:\/\/talkpal.ai\/sl\/ukrajinska-slovnica\/#primaryimage","url":"https:\/\/talkpal.ai\/wp-content\/uploads\/2023\/04\/ukraine.png","contentUrl":"https:\/\/talkpal.ai\/wp-content\/uploads\/2023\/04\/ukraine.png","width":512,"height":512,"caption":"TalkPal Ukrainian Flag"},{"@type":"BreadcrumbList","@id":"https:\/\/talkpal.ai\/sl\/ukrajinska-slovnica\/#breadcrumb","itemListElement":[{"@type":"ListItem","position":1,"name":"Homepage","item":"https:\/\/talkpal.ai\/sl\/"},{"@type":"ListItem","position":2,"name":"Ukrajinska slovnica"}]},{"@type":"WebSite","@id":"https:\/\/talkpal.ai\/sl\/#website","url":"https:\/\/talkpal.ai\/sl\/","name":"Talkpal","description":"AI Language Learning","publisher":{"@id":"https:\/\/talkpal.ai\/sl\/#organization"},"alternateName":"Talkpal AI","potentialAction":[{"@type":"SearchAction","target":{"@type":"EntryPoint","urlTemplate":"https:\/\/talkpal.ai\/sl\/?s={search_term_string}"},"query-input":{"@type":"PropertyValueSpecification","valueRequired":true,"valueName":"search_term_string"}}],"inLanguage":"sl-SI"},{"@type":"Organization","@id":"https:\/\/talkpal.ai\/sl\/#organization","name":"Talkpal, Inc.","alternateName":"Talkpal AI","url":"https:\/\/talkpal.ai\/sl\/","logo":{"@type":"ImageObject","inLanguage":"sl-SI","@id":"https:\/\/talkpal.ai\/sl\/#\/schema\/logo\/image\/","url":"https:\/\/talkpal.ai\/wp-content\/uploads\/2024\/03\/Talkpal-Logo-Icon.png","contentUrl":"https:\/\/talkpal.ai\/wp-content\/uploads\/2024\/03\/Talkpal-Logo-Icon.png","width":2880,"height":2880,"caption":"Talkpal, Inc."},"image":{"@id":"https:\/\/talkpal.ai\/sl\/#\/schema\/logo\/image\/"},"sameAs":["https:\/\/www.facebook.com\/profile.php?id=100090733639311","https:\/\/x.com\/talkpalai","https:\/\/www.linkedin.com\/company\/talkpal\/","https:\/\/www.youtube.com\/@TalkPal\/","https:\/\/www.tiktok.com\/@talkpal","https:\/\/www.instagram.com\/talkpal_ai\/","https:\/\/www.crunchbase.com\/organization\/talkpal-9cde","https:\/\/www.g2.com\/products\/talkpal-for-business\/","https:\/\/www.trustpilot.com\/review\/talkpal.ai","https:\/\/www.capterra.com\/p\/10006800\/TalkPal\/"],"description":"Talkpal is a language learning web and mobile education app, powered by the latest AI technologies, that provides engaging experiences to its customers in many different languages to help them improve their language skills. Users can chat about unlimited amount of topics with the app and use other modes to practice their language learning.","email":"support@talkpal.ai","legalName":"Talkpal, Inc.","foundingDate":"2023-04-03","duns":"118989042","numberOfEmployees":{"@type":"QuantitativeValue","minValue":"11","maxValue":"50"},"publishingPrinciples":"https:\/\/talkpal.ai\/publishing-principles\/","actionableFeedbackPolicy":"https:\/\/talkpal.ai\/actionable-feedback-policy\/","correctionsPolicy":"https:\/\/talkpal.ai\/corrections-policy\/","ethicsPolicy":"https:\/\/talkpal.ai\/ethics-policy\/","diversityPolicy":"https:\/\/talkpal.ai\/diversity-policy\/","diversityStaffingReport":"https:\/\/talkpal.ai\/diversity-policy\/"}]}},"_links":{"self":[{"href":"https:\/\/talkpal.ai\/sl\/wp-json\/wp\/v2\/pages\/131114","targetHints":{"allow":["GET"]}}],"collection":[{"href":"https:\/\/talkpal.ai\/sl\/wp-json\/wp\/v2\/pages"}],"about":[{"href":"https:\/\/talkpal.ai\/sl\/wp-json\/wp\/v2\/types\/page"}],"author":[{"embeddable":true,"href":"https:\/\/talkpal.ai\/sl\/wp-json\/wp\/v2\/users\/1"}],"replies":[{"embeddable":true,"href":"https:\/\/talkpal.ai\/sl\/wp-json\/wp\/v2\/comments?post=131114"}],"version-history":[{"count":0,"href":"https:\/\/talkpal.ai\/sl\/wp-json\/wp\/v2\/pages\/131114\/revisions"}],"wp:featuredmedia":[{"embeddable":true,"href":"https:\/\/talkpal.ai\/sl\/wp-json\/wp\/v2\/media\/108581"}],"wp:attachment":[{"href":"https:\/\/talkpal.ai\/sl\/wp-json\/wp\/v2\/media?parent=131114"}],"curies":[{"name":"wp","href":"https:\/\/api.w.org\/{rel}","templated":true}]}}