{"id":130721,"date":"2023-05-14T13:53:07","date_gmt":"2023-05-14T13:53:07","guid":{"rendered":"http:\/\/talkpal.ai\/svedska-slovnica\/"},"modified":"2025-12-11T16:31:03","modified_gmt":"2025-12-11T16:31:03","slug":"svedska-slovnica","status":"publish","type":"page","link":"https:\/\/talkpal.ai\/sl\/svedska-slovnica\/","title":{"rendered":"\u0160vedska slovnica"},"content":{"rendered":"\r\n\r\n\r\n<section class=\"languageChallengeSection\">\r\n    <div class=\"languageInfoWrapper\">\r\n        \r\n        <h1>\u0160vedska slovnica<\/h1>\r\n        <p>Spoznajte lepoto \u0161vedskega jezika z obvladovanjem njegovih osnovnih slovni\u010dnih pravil. Dobro poznavanje \u0161vedske slovnice vam bo omogo\u010dilo samozavestno sporazumevanje in stik s \u0161vedsko kulturo. Za\u010dnite se u\u010diti \u0161vedske slovnice \u0161e danes in naredite prvi korak k teko\u010demu jeziku!<\/p>\r\n\r\n                            <a class=\"getStartedHidden\" href=\"https:\/\/app.talkpal.ai\/sl\/signup?lng=\">Za\u010dni<\/a>\r\n        \r\n    <\/div>\r\n\r\n    <figure>\r\n    <img decoding=\"async\" width=\"768\" height=\"768\" src=\"https:\/\/talkpal.ai\/wp-content\/uploads\/2023\/06\/swedish-768x768.png\" class=\"languageImage no-lazy\" alt=\"Language learning for improved concentration\" fetchpriority=\"high\" sizes=\"(max-width: 768px) 150px, 768px\" srcset=\"https:\/\/talkpal.ai\/wp-content\/uploads\/2023\/06\/swedish-768x768.png 768w, https:\/\/talkpal.ai\/wp-content\/uploads\/2023\/06\/swedish-300x300.png 300w\" \/>\r\n    \r\n\r\n    <\/figure>\r\n\r\n            <a class=\"getStartedVisible\" href=\"https:\/\/app.talkpal.ai\/sl\/signup?lng=\">Za\u010dni<\/a>\r\n    \r\n<\/section>\r\n<section class=\"promotionalBanner\">\r\n    <p class=\"promotionalText\">Naju\u010dinkovitej\u0161i na\u010din u\u010denja jezika<\/p>\r\n    <a class=\"promotionalLink\" href=\"https:\/\/app.talkpal.ai\/sl\/signup?lng=\">Preizkusite Talkpal brezpla\u010dno<\/a>\r\n<\/section>\n<div class=\"wp-block-group pageContainerStyle\"><div class=\"wp-block-group__inner-container is-layout-constrained wp-block-group-is-layout-constrained\">\n<h2 class=\"wp-block-heading\" id=\"h-demystifying-swedish-grammar-a-comprehensive-guide-to-master-its-rules-and-nuances\">Demistifikacija \u0161vedske slovnice: iz\u010drpen vodnik za obvladovanje njenih pravil in odtenkov<\/h2>\n\n\n\n<p><a href=\"https:\/\/talkpal.ai\/learn-swedish\/\">\u0160ved\u0161\u010dina<\/a>, ki jo govori pribli\u017eno 10 milijonov ljudi, je bogat in melodi\u010den jezik, ki pripada severnogermanski dru\u017eini. \u010ceprav je <a href=\"https:\/\/talkpal.ai\/swedish-grammar\/\">\u0161vedska slovnica<\/a> v primerjavi z nekaterimi drugimi <a href=\"https:\/\/talkpal.ai\/what-language-is-spoken-on-the-international-space-station\/\">jeziki<\/a> razmeroma enostavna, je razumevanje njenih pravil in strukture klju\u010dnega pomena za izbolj\u0161anje znanja jezika. V tem \u010dlanku vas bomo seznanili s temeljnimi vidiki \u0161vedske slovnice in podali koristne nasvete za izbolj\u0161anje znanja \u0161vedskega jezika.<\/p>\n\n\n\n<h3 class=\"wp-block-heading\" id=\"h-essential-components-of-swedish-grammar\">Bistvene sestavine \u0161vedske slovnice:<\/h3>\n\n\n\n<p><a href=\"https:\/\/talkpal.ai\/swedish-grammar\/\">\u0160vedska slovnica<\/a> je podobna angle\u0161ki slovnici, kar govorcem angle\u0161\u010dine olaj\u0161a prevzem. Tukaj je nekaj kriti\u010dnih vidikov \u0161vedske slovnice, s katerimi se je vredno seznaniti:<\/p>\n\n\n\n<p><strong>1. Samostalniki<\/strong> : <a href=\"https:\/\/talkpal.ai\/learn-swedish\/\">\u0160vedski<\/a> samostalniki so razdeljeni na dva slovni\u010dna spola: skupni (en) in srednji (ett). Vsak samostalnik spada v eno od teh kategorij, kar je pomembno upo\u0161tevati pri uporabi nedolo\u010denih in dolo\u010denih \u010dlankov. \u0160vedski samostalniki imajo tudi mno\u017einske oblike z ve\u010d razli\u010dnimi vzorci, ki si jih je treba zapomniti.<\/p>\n\n\n\n<p><strong>2. Pridevniki:<\/strong> Pridevniki se v \u0161ved\u0161\u010dini ujemajo s spolom samostalnika. Glede na spol samostalnika obstajajo tri oblike pridevnikov: pozitivni, primerjalni in prese\u017eni. Pridevniki se strinjajo tudi po \u0161tevilu (ednina ali mno\u017eina).<\/p>\n\n\n\n<p>3. Glagoli: \u0160vedski <strong>glagoli<\/strong> so razvr\u0161\u010deni v \u0161tiri skupine, vsaka s svojim vzorcem konjugacije. Glagoli se sklanjajo glede na \u010das (sedanji, pretekli ali prihodnji), vendar se ne sklanjajo glede na predmet kot v angle\u0161\u010dini. Namesto tega \u0161vedske glagolske oblike ostajajo dosledne ne glede na predmet. Poleg tega \u0161vedski glagoli nimajo zveznih oblik (tj. -ing) kot v angle\u0161\u010dini.<\/p>\n\n\n\n<p><strong>4. Struktura stavkov:<\/strong> \u0160vedska stav\u010dna struktura je obi\u010dajno predmet-glagol-predmet (SVO), podobno kot <a href=\"https:\/\/talkpal.ai\/learn-english-with-ai\/\">angle\u0161\u010dina<\/a>. Vendar \u0161ved\u0161\u010dina pogosto uporablja pravilo vrstnega <a href=\"https:\/\/talkpal.ai\/locations\/learn-english-in-reda\/\">reda<\/a> besed V2, kjer se glagol pojavi na drugem mestu v deklarativnih stavkih in vpra\u0161anjih.<\/p>\n\n\n\n<h3 class=\"wp-block-heading\" id=\"h-tips-for-learning-swedish-grammar\">Nasveti za u\u010denje \u0161vedske slovnice:<\/h3>\n\n\n\n<p>Da bo va\u0161e u\u010dno potovanje po \u0161vedski slovnici bolj gladko, je tukaj nekaj prakti\u010dnih nasvetov:<\/p>\n\n\n\n<p><strong>1. Redno vadite:<\/strong> doslednost je klju\u010dnega pomena. Vsak dan ali teden dodelite \u010das za vadbo slovni\u010dnih vaj, branja in pisanja v \u0161ved\u0161\u010dini.<\/p>\n\n\n\n<p><strong>2. Uporabite izvorne vire:<\/strong> Potopite se v izvorno \u0161vedsko gradivo, kot so literatura, novica in podcasti. To vam ne bo samo pomagalo razumeti \u0161vedske slovnice v kontekstu, temve\u010d tudi izbolj\u0161ati va\u0161e bralne in slu\u0161ne sposobnosti.<\/p>\n\n\n\n<p><strong>3. Nau\u010dite se samostalni\u0161kih spolov in mno\u017eine:<\/strong> Zapomniti si spol (en ali ett) in mno\u017einske oblike \u0161vedskih samostalnikov je klju\u010dnega pomena. Vadba skozi \u010das vam bo s\u010dasoma pomagala internalizirati ta pravila.<\/p>\n\n\n\n<p>4. Pove\u017eite se z doma\u010dimi govorci: Sodelovanje v pogovorih <strong>z doma\u010dimi govorci<\/strong> \u0161vedske jezike vam bo omogo\u010dilo vadbo slovnice in prejemanje dragocenih povratnih informacij. Razmislite o pridru\u017eitvi skupinam za izmenjavo jezikov ali spletnim forumom, da se pove\u017eete s \u0161vedsko govore\u010dimi posamezniki.<\/p>\n\n\n\n<p><strong>5. Bodite potrpe\u017eljivi in vztrajni:<\/strong> Ne pozabite, da je u\u010denje slovnice proces. Ostanite predani, nadaljujte z vadbo in proslavite napredek na <a href=\"https:\/\/talkpal.ai\/locations\/learn-english-in-poti\/\">poti<\/a>.<\/p>\n\n\n\n<h2 class=\"wp-block-heading\" id=\"h-conclusion\">Sklep:<\/h2>\n\n\n\n<p>\u0160vedsko slovnico, \u010deprav na videz zapleteno, je mogo\u010de obvladati s predanostjo in razumevanjem njenih sestavnih delov. \u010ce boste upo\u0161tevali na\u0161e predloge in se poglobili v jezik, boste dosegli stalno izbolj\u0161anje znanja \u0161vedskega jezika. Sprejmite izziv in u\u017eivajte v potovanju proti \u0161vedskemu slovni\u010dnemu mojstrstvu!<\/p>\n<\/div><\/div>\n\r\n<section class=\"learnNavigationSection\">\r\n            \r\n        <a href=\"https:\/\/talkpal.ai\/sl\/naucite-se-svedscine\/\">\r\n            <div class=\"learnNavigationWrapper\">\r\n                <div class=\"learnNavigationContent\">\r\n                    <img decoding=\"async\" src=\"https:\/\/talkpal.ai\/wp-content\/uploads\/2024\/08\/Swedish.jpg\" alt=\"Swedish Flag\">\r\n                    <div>\r\n                        <h4>O \u0161vedskem u\u010denju<\/h4>\r\n                        <p>Preberite vse o \u0161vedski slovnici.<\/p>\r\n                    <\/div>\r\n                <\/div>\r\n            <\/div>\r\n        <\/a>\r\n\r\n        \r\n        <a href=\"https:\/\/talkpal.ai\/sl\/svedske-slovnicne-vaje\/\">\r\n            <div class=\"learnNavigationWrapper\">\r\n                <div class=\"learnNavigationContent\">\r\n                    <img decoding=\"async\" src=\"https:\/\/talkpal.ai\/wp-content\/uploads\/2024\/08\/Swedish.jpg\" alt=\"Swedish Flag\">\r\n                    <div>\r\n                        <h4>Vaja iz \u0161vedske slovnice<\/h4>\r\n                        <p>Vadite \u0161vedsko slovnico.<\/p>\r\n                    <\/div>\r\n                <\/div>\r\n            <\/div>\r\n        <\/a>\r\n\r\n        \r\n        <a href=\"https:\/\/talkpal.ai\/vocabulary_language\/swedish\/\">\r\n            <div class=\"learnNavigationWrapper\">\r\n                <div class=\"learnNavigationContent\">\r\n                    <img decoding=\"async\" src=\"https:\/\/talkpal.ai\/wp-content\/uploads\/2024\/08\/Swedish.jpg\" alt=\"Swedish Flag\">\r\n                    <div>\r\n                        <h4>\u0160vedski besednjak<\/h4>\r\n                        <p>Raz\u0161irite svoj \u0161vedski besedni zaklad.<\/p>\r\n                    <\/div>\r\n                <\/div>\r\n            <\/div>\r\n        <\/a>\r\n\r\n            <\/section>","protected":false},"excerpt":{"rendered":"<p>Demistifikacija \u0161vedske slovnice: iz\u010drpen vodnik za obvladovanje njenih pravil in odtenkov \u0160ved\u0161\u010dina, ki jo govori pribli\u017eno 10 milijonov ljudi, je bogat in melodi\u010den jezik, ki pripada severnogermanski dru\u017eini. \u010ceprav je \u0161vedska slovnica v primerjavi z nekaterimi drugimi jeziki razmeroma enostavna, je razumevanje njenih pravil in strukture klju\u010dnega pomena za izbolj\u0161anje znanja jezika. V tem \u010dlanku [&hellip;]<\/p>\n","protected":false},"author":1,"featured_media":108307,"parent":0,"menu_order":0,"comment_status":"closed","ping_status":"closed","template":"LearningContentPage.php","meta":{"_acf_changed":false,"footnotes":""},"class_list":["post-130721","page","type-page","status-publish","has-post-thumbnail","hentry"],"acf":[],"yoast_head":"<!-- This site is optimized with the Yoast SEO Premium plugin v27.2 (Yoast SEO v27.2) - https:\/\/yoast.com\/product\/yoast-seo-premium-wordpress\/ -->\n<title>\u0160vedska slovnica - Talkpal<\/title>\n<meta name=\"description\" content=\"Spoznajte skrivnosti \u0161vedske slovnice in izbolj\u0161ajte svoje jezikovno znanje s temeljnimi pravili in koristnimi nasveti.\" \/>\n<meta name=\"robots\" content=\"index, follow, max-snippet:-1, max-image-preview:large, max-video-preview:-1\" \/>\n<link rel=\"canonical\" href=\"https:\/\/talkpal.ai\/sl\/svedska-slovnica\/\" \/>\n<meta property=\"og:locale\" content=\"sl_SI\" \/>\n<meta property=\"og:type\" content=\"article\" \/>\n<meta property=\"og:title\" content=\"\u0160vedska slovnica\" \/>\n<meta property=\"og:description\" content=\"Demistifikacija \u0161vedske slovnice: iz\u010drpen vodnik za obvladovanje njenih pravil in odtenkov \u0160ved\u0161\u010dina, ki jo govori pribli\u017eno 10 milijonov ljudi, je bogat\" \/>\n<meta property=\"og:url\" content=\"https:\/\/talkpal.ai\/sl\/svedska-slovnica\/\" \/>\n<meta property=\"og:site_name\" content=\"Talkpal\" \/>\n<meta property=\"article:publisher\" content=\"https:\/\/www.facebook.com\/profile.php?id=100090733639311\" \/>\n<meta property=\"article:modified_time\" content=\"2025-12-11T16:31:03+00:00\" \/>\n<meta property=\"og:image\" content=\"https:\/\/talkpal.ai\/wp-content\/uploads\/2023\/04\/sweden.png\" \/>\n\t<meta property=\"og:image:width\" content=\"512\" \/>\n\t<meta property=\"og:image:height\" content=\"512\" \/>\n\t<meta property=\"og:image:type\" content=\"image\/png\" \/>\n<meta name=\"twitter:card\" content=\"summary_large_image\" \/>\n<meta name=\"twitter:site\" content=\"@talkpalai\" \/>\n<meta name=\"twitter:label1\" content=\"Est. reading time\" \/>\n\t<meta name=\"twitter:data1\" content=\"3 minute\" \/>\n<script type=\"application\/ld+json\" class=\"yoast-schema-graph\">{\"@context\":\"https:\/\/schema.org\",\"@graph\":[{\"@type\":\"WebPage\",\"@id\":\"https:\/\/talkpal.ai\/sl\/svedska-slovnica\/\",\"url\":\"https:\/\/talkpal.ai\/sl\/svedska-slovnica\/\",\"name\":\"\u0160vedska slovnica - Talkpal\",\"isPartOf\":{\"@id\":\"https:\/\/talkpal.ai\/sl\/#website\"},\"primaryImageOfPage\":{\"@id\":\"https:\/\/talkpal.ai\/sl\/svedska-slovnica\/#primaryimage\"},\"image\":{\"@id\":\"https:\/\/talkpal.ai\/sl\/svedska-slovnica\/#primaryimage\"},\"thumbnailUrl\":\"https:\/\/talkpal.ai\/wp-content\/uploads\/2023\/04\/sweden.png\",\"datePublished\":\"2023-05-14T13:53:07+00:00\",\"dateModified\":\"2025-12-11T16:31:03+00:00\",\"description\":\"Spoznajte skrivnosti \u0161vedske slovnice in izbolj\u0161ajte svoje jezikovno znanje s temeljnimi pravili in koristnimi nasveti.\",\"breadcrumb\":{\"@id\":\"https:\/\/talkpal.ai\/sl\/svedska-slovnica\/#breadcrumb\"},\"inLanguage\":\"sl-SI\",\"potentialAction\":[{\"@type\":\"ReadAction\",\"target\":[\"https:\/\/talkpal.ai\/sl\/svedska-slovnica\/\"]}]},{\"@type\":\"ImageObject\",\"inLanguage\":\"sl-SI\",\"@id\":\"https:\/\/talkpal.ai\/sl\/svedska-slovnica\/#primaryimage\",\"url\":\"https:\/\/talkpal.ai\/wp-content\/uploads\/2023\/04\/sweden.png\",\"contentUrl\":\"https:\/\/talkpal.ai\/wp-content\/uploads\/2023\/04\/sweden.png\",\"width\":512,\"height\":512},{\"@type\":\"BreadcrumbList\",\"@id\":\"https:\/\/talkpal.ai\/sl\/svedska-slovnica\/#breadcrumb\",\"itemListElement\":[{\"@type\":\"ListItem\",\"position\":1,\"name\":\"Homepage\",\"item\":\"https:\/\/talkpal.ai\/sl\/\"},{\"@type\":\"ListItem\",\"position\":2,\"name\":\"\u0160vedska slovnica\"}]},{\"@type\":\"WebSite\",\"@id\":\"https:\/\/talkpal.ai\/sl\/#website\",\"url\":\"https:\/\/talkpal.ai\/sl\/\",\"name\":\"Talkpal\",\"description\":\"AI Language Learning\",\"publisher\":{\"@id\":\"https:\/\/talkpal.ai\/sl\/#organization\"},\"alternateName\":\"Talkpal AI\",\"potentialAction\":[{\"@type\":\"SearchAction\",\"target\":{\"@type\":\"EntryPoint\",\"urlTemplate\":\"https:\/\/talkpal.ai\/sl\/?s={search_term_string}\"},\"query-input\":{\"@type\":\"PropertyValueSpecification\",\"valueRequired\":true,\"valueName\":\"search_term_string\"}}],\"inLanguage\":\"sl-SI\"},{\"@type\":\"Organization\",\"@id\":\"https:\/\/talkpal.ai\/sl\/#organization\",\"name\":\"Talkpal, Inc.\",\"alternateName\":\"Talkpal AI\",\"url\":\"https:\/\/talkpal.ai\/sl\/\",\"logo\":{\"@type\":\"ImageObject\",\"inLanguage\":\"sl-SI\",\"@id\":\"https:\/\/talkpal.ai\/sl\/#\/schema\/logo\/image\/\",\"url\":\"https:\/\/talkpal.ai\/wp-content\/uploads\/2024\/03\/Talkpal-Logo-Icon.png\",\"contentUrl\":\"https:\/\/talkpal.ai\/wp-content\/uploads\/2024\/03\/Talkpal-Logo-Icon.png\",\"width\":2880,\"height\":2880,\"caption\":\"Talkpal, Inc.\"},\"image\":{\"@id\":\"https:\/\/talkpal.ai\/sl\/#\/schema\/logo\/image\/\"},\"sameAs\":[\"https:\/\/www.facebook.com\/profile.php?id=100090733639311\",\"https:\/\/x.com\/talkpalai\",\"https:\/\/www.linkedin.com\/company\/talkpal\/\",\"https:\/\/www.youtube.com\/@TalkPal\/\",\"https:\/\/www.tiktok.com\/@talkpal\",\"https:\/\/www.instagram.com\/talkpal_ai\/\",\"https:\/\/www.crunchbase.com\/organization\/talkpal-9cde\",\"https:\/\/www.g2.com\/products\/talkpal-for-business\/\",\"https:\/\/www.trustpilot.com\/review\/talkpal.ai\",\"https:\/\/www.capterra.com\/p\/10006800\/TalkPal\/\"],\"description\":\"Talkpal is a language learning web and mobile education app, powered by the latest AI technologies, that provides engaging experiences to its customers in many different languages to help them improve their language skills. Users can chat about unlimited amount of topics with the app and use other modes to practice their language learning.\",\"email\":\"support@talkpal.ai\",\"legalName\":\"Talkpal, Inc.\",\"foundingDate\":\"2023-04-03\",\"duns\":\"118989042\",\"numberOfEmployees\":{\"@type\":\"QuantitativeValue\",\"minValue\":\"11\",\"maxValue\":\"50\"},\"publishingPrinciples\":\"https:\/\/talkpal.ai\/publishing-principles\/\",\"actionableFeedbackPolicy\":\"https:\/\/talkpal.ai\/actionable-feedback-policy\/\",\"correctionsPolicy\":\"https:\/\/talkpal.ai\/corrections-policy\/\",\"ethicsPolicy\":\"https:\/\/talkpal.ai\/ethics-policy\/\",\"diversityPolicy\":\"https:\/\/talkpal.ai\/diversity-policy\/\",\"diversityStaffingReport\":\"https:\/\/talkpal.ai\/diversity-policy\/\"}]}<\/script>\n<!-- \/ Yoast SEO Premium plugin. -->","yoast_head_json":{"title":"\u0160vedska slovnica - Talkpal","description":"Spoznajte skrivnosti \u0161vedske slovnice in izbolj\u0161ajte svoje jezikovno znanje s temeljnimi pravili in koristnimi nasveti.","robots":{"index":"index","follow":"follow","max-snippet":"max-snippet:-1","max-image-preview":"max-image-preview:large","max-video-preview":"max-video-preview:-1"},"canonical":"https:\/\/talkpal.ai\/sl\/svedska-slovnica\/","og_locale":"sl_SI","og_type":"article","og_title":"\u0160vedska slovnica","og_description":"Demistifikacija \u0161vedske slovnice: iz\u010drpen vodnik za obvladovanje njenih pravil in odtenkov \u0160ved\u0161\u010dina, ki jo govori pribli\u017eno 10 milijonov ljudi, je bogat","og_url":"https:\/\/talkpal.ai\/sl\/svedska-slovnica\/","og_site_name":"Talkpal","article_publisher":"https:\/\/www.facebook.com\/profile.php?id=100090733639311","article_modified_time":"2025-12-11T16:31:03+00:00","og_image":[{"width":512,"height":512,"url":"https:\/\/talkpal.ai\/wp-content\/uploads\/2023\/04\/sweden.png","type":"image\/png"}],"twitter_card":"summary_large_image","twitter_site":"@talkpalai","twitter_misc":{"Est. reading time":"3 minute"},"schema":{"@context":"https:\/\/schema.org","@graph":[{"@type":"WebPage","@id":"https:\/\/talkpal.ai\/sl\/svedska-slovnica\/","url":"https:\/\/talkpal.ai\/sl\/svedska-slovnica\/","name":"\u0160vedska slovnica - Talkpal","isPartOf":{"@id":"https:\/\/talkpal.ai\/sl\/#website"},"primaryImageOfPage":{"@id":"https:\/\/talkpal.ai\/sl\/svedska-slovnica\/#primaryimage"},"image":{"@id":"https:\/\/talkpal.ai\/sl\/svedska-slovnica\/#primaryimage"},"thumbnailUrl":"https:\/\/talkpal.ai\/wp-content\/uploads\/2023\/04\/sweden.png","datePublished":"2023-05-14T13:53:07+00:00","dateModified":"2025-12-11T16:31:03+00:00","description":"Spoznajte skrivnosti \u0161vedske slovnice in izbolj\u0161ajte svoje jezikovno znanje s temeljnimi pravili in koristnimi nasveti.","breadcrumb":{"@id":"https:\/\/talkpal.ai\/sl\/svedska-slovnica\/#breadcrumb"},"inLanguage":"sl-SI","potentialAction":[{"@type":"ReadAction","target":["https:\/\/talkpal.ai\/sl\/svedska-slovnica\/"]}]},{"@type":"ImageObject","inLanguage":"sl-SI","@id":"https:\/\/talkpal.ai\/sl\/svedska-slovnica\/#primaryimage","url":"https:\/\/talkpal.ai\/wp-content\/uploads\/2023\/04\/sweden.png","contentUrl":"https:\/\/talkpal.ai\/wp-content\/uploads\/2023\/04\/sweden.png","width":512,"height":512},{"@type":"BreadcrumbList","@id":"https:\/\/talkpal.ai\/sl\/svedska-slovnica\/#breadcrumb","itemListElement":[{"@type":"ListItem","position":1,"name":"Homepage","item":"https:\/\/talkpal.ai\/sl\/"},{"@type":"ListItem","position":2,"name":"\u0160vedska slovnica"}]},{"@type":"WebSite","@id":"https:\/\/talkpal.ai\/sl\/#website","url":"https:\/\/talkpal.ai\/sl\/","name":"Talkpal","description":"AI Language Learning","publisher":{"@id":"https:\/\/talkpal.ai\/sl\/#organization"},"alternateName":"Talkpal AI","potentialAction":[{"@type":"SearchAction","target":{"@type":"EntryPoint","urlTemplate":"https:\/\/talkpal.ai\/sl\/?s={search_term_string}"},"query-input":{"@type":"PropertyValueSpecification","valueRequired":true,"valueName":"search_term_string"}}],"inLanguage":"sl-SI"},{"@type":"Organization","@id":"https:\/\/talkpal.ai\/sl\/#organization","name":"Talkpal, Inc.","alternateName":"Talkpal AI","url":"https:\/\/talkpal.ai\/sl\/","logo":{"@type":"ImageObject","inLanguage":"sl-SI","@id":"https:\/\/talkpal.ai\/sl\/#\/schema\/logo\/image\/","url":"https:\/\/talkpal.ai\/wp-content\/uploads\/2024\/03\/Talkpal-Logo-Icon.png","contentUrl":"https:\/\/talkpal.ai\/wp-content\/uploads\/2024\/03\/Talkpal-Logo-Icon.png","width":2880,"height":2880,"caption":"Talkpal, Inc."},"image":{"@id":"https:\/\/talkpal.ai\/sl\/#\/schema\/logo\/image\/"},"sameAs":["https:\/\/www.facebook.com\/profile.php?id=100090733639311","https:\/\/x.com\/talkpalai","https:\/\/www.linkedin.com\/company\/talkpal\/","https:\/\/www.youtube.com\/@TalkPal\/","https:\/\/www.tiktok.com\/@talkpal","https:\/\/www.instagram.com\/talkpal_ai\/","https:\/\/www.crunchbase.com\/organization\/talkpal-9cde","https:\/\/www.g2.com\/products\/talkpal-for-business\/","https:\/\/www.trustpilot.com\/review\/talkpal.ai","https:\/\/www.capterra.com\/p\/10006800\/TalkPal\/"],"description":"Talkpal is a language learning web and mobile education app, powered by the latest AI technologies, that provides engaging experiences to its customers in many different languages to help them improve their language skills. Users can chat about unlimited amount of topics with the app and use other modes to practice their language learning.","email":"support@talkpal.ai","legalName":"Talkpal, Inc.","foundingDate":"2023-04-03","duns":"118989042","numberOfEmployees":{"@type":"QuantitativeValue","minValue":"11","maxValue":"50"},"publishingPrinciples":"https:\/\/talkpal.ai\/publishing-principles\/","actionableFeedbackPolicy":"https:\/\/talkpal.ai\/actionable-feedback-policy\/","correctionsPolicy":"https:\/\/talkpal.ai\/corrections-policy\/","ethicsPolicy":"https:\/\/talkpal.ai\/ethics-policy\/","diversityPolicy":"https:\/\/talkpal.ai\/diversity-policy\/","diversityStaffingReport":"https:\/\/talkpal.ai\/diversity-policy\/"}]}},"_links":{"self":[{"href":"https:\/\/talkpal.ai\/sl\/wp-json\/wp\/v2\/pages\/130721","targetHints":{"allow":["GET"]}}],"collection":[{"href":"https:\/\/talkpal.ai\/sl\/wp-json\/wp\/v2\/pages"}],"about":[{"href":"https:\/\/talkpal.ai\/sl\/wp-json\/wp\/v2\/types\/page"}],"author":[{"embeddable":true,"href":"https:\/\/talkpal.ai\/sl\/wp-json\/wp\/v2\/users\/1"}],"replies":[{"embeddable":true,"href":"https:\/\/talkpal.ai\/sl\/wp-json\/wp\/v2\/comments?post=130721"}],"version-history":[{"count":0,"href":"https:\/\/talkpal.ai\/sl\/wp-json\/wp\/v2\/pages\/130721\/revisions"}],"wp:featuredmedia":[{"embeddable":true,"href":"https:\/\/talkpal.ai\/sl\/wp-json\/wp\/v2\/media\/108307"}],"wp:attachment":[{"href":"https:\/\/talkpal.ai\/sl\/wp-json\/wp\/v2\/media?parent=130721"}],"curies":[{"name":"wp","href":"https:\/\/api.w.org\/{rel}","templated":true}]}}