{"id":130622,"date":"2023-05-14T13:52:27","date_gmt":"2023-05-14T13:52:27","guid":{"rendered":"http:\/\/talkpal.ai\/korejska-slovnica\/"},"modified":"2025-12-11T16:28:20","modified_gmt":"2025-12-11T16:28:20","slug":"korejska-slovnica","status":"publish","type":"page","link":"https:\/\/talkpal.ai\/sl\/korejska-slovnica\/","title":{"rendered":"Korejska slovnica"},"content":{"rendered":"\r\n\r\n\r\n<section class=\"languageChallengeSection\">\r\n    <div class=\"languageInfoWrapper\">\r\n        \r\n        <h1>Korejska slovnica<\/h1>\r\n        <p>Osvojite korejsko slovnico z enostavnimi vodniki in prakti\u010dnimi primeri. Nau\u010dite se tvoriti stavke, uporabljati delce in sklanjati glagole, da se pravilno izrazite. Vadite svoje spretnosti z interaktivnimi vajami, namenjenimi krepitvi samozavesti. Naredite naslednji korak na poti do korejskega jezika in izbolj\u0161ajte svoje znanje \u0161e danes!<\/p>\r\n\r\n                            <a class=\"getStartedHidden\" href=\"https:\/\/app.talkpal.ai\/sl\/signup?lng=\">Za\u010dni<\/a>\r\n        \r\n    <\/div>\r\n\r\n    <figure>\r\n    <img decoding=\"async\" width=\"768\" height=\"768\" src=\"https:\/\/talkpal.ai\/wp-content\/uploads\/2023\/06\/korean-768x768.png\" class=\"languageImage no-lazy\" alt=\"Line-by-line learning for language acquisition\" fetchpriority=\"high\" sizes=\"(max-width: 768px) 150px, 768px\" srcset=\"https:\/\/talkpal.ai\/wp-content\/uploads\/2023\/06\/korean-768x768.png 768w, https:\/\/talkpal.ai\/wp-content\/uploads\/2023\/06\/korean-300x300.png 300w\" \/>\r\n    \r\n\r\n    <\/figure>\r\n\r\n            <a class=\"getStartedVisible\" href=\"https:\/\/app.talkpal.ai\/sl\/signup?lng=\">Za\u010dni<\/a>\r\n    \r\n<\/section>\r\n<section class=\"promotionalBanner\">\r\n    <p class=\"promotionalText\">Naju\u010dinkovitej\u0161i na\u010din u\u010denja jezika<\/p>\r\n    <a class=\"promotionalLink\" href=\"https:\/\/app.talkpal.ai\/sl\/signup?lng=\">Preizkusite Talkpal brezpla\u010dno<\/a>\r\n<\/section>\n<div class=\"wp-block-group pageContainerStyle\"><div class=\"wp-block-group__inner-container is-layout-constrained wp-block-group-is-layout-constrained\">\n<h2 class=\"wp-block-heading\" id=\"h-demystifying-korean-grammar-a-beginner-s-guide\">Demistifikacija korejske slovnice: vodnik za za\u010detnike<\/h2>\n\n\n\n<p>Z u\u010denjem korej\u0161\u010dine se vam lahko odprejo \u0161tevilne prilo\u017enosti, <a href=\"https:\/\/talkpal.ai\/talkpal-new-years-discount\/\">naj<\/a> gre za raziskovanje korejske kuhinje, gledanje najnovej\u0161ih dramskih filmov ali delo v enem od \u0161tevilnih inovativnih ju\u017enokorejskih podjetij. Kot tuji govorec, ki se potopi v ta fascinanten jezik, je lahko eden najzahtevnej\u0161ih vidikov obvladovanje slovnice. <a href=\"https:\/\/talkpal.ai\/korean-grammar\/\">Korejska slovnica<\/a> se na prvi pogled morda zdi zapletena, vendar ima logiko in doslednost, ki sta lahko bolj dostopni, kot si morda mislite. V tem \u010dlanku bomo raz\u010dlenili klju\u010dne zna\u010dilnosti korejske slovnice in podali dragocene informacije, da bo va\u0161e potovanje do teko\u010dnosti nemoteno in prijetno.<\/p>\n\n\n\n<h3 class=\"wp-block-heading\" id=\"h-1-word-nbsp-order-nbsp-get-in-the-flow\"><b>1. Vrstni red besed<\/b><b> &#8211; Vstopite v tok!<\/b><\/h3>\n\n\n\n<p>Prva stvar, ki jo morate vedeti o <a href=\"https:\/\/talkpal.ai\/learn-korean\/\">korejski<\/a> slovnici, je njen osnovni vrstni red besed: <a href=\"https:\/\/talkpal.ai\/culture\/how-do-you-structure-a-sentence-using-subject-object-verb-order-in-uzbek\/\">Subject-Object-Verb<\/a> (SOV). To pomeni, da so glagoli na koncu stavka, za razliko od angle\u0161kega vrstnega <a href=\"https:\/\/talkpal.ai\/locations\/learn-english-in-reda\/\">reda<\/a> subjekt-glagol-predmet (SVO). To lahko zahteva, da se navadite, <a href=\"https:\/\/talkpal.ai\/locations\/language-courses-in-toda\/\">toda<\/a> klju\u010d do teko\u010dega je, da se s to <a href=\"https:\/\/talkpal.ai\/talkpal-new-years-discount\/\">novo<\/a> strukturo udobno po\u010dutite.<\/p>\n\n\n\n<p>Nasvet: Vadite oblikovanje preprostih korejskih stavkov s prevajanjem angle\u0161kih besednih zvez in preurejanjem vrstnega reda besed. Osredoto\u010dite se na razumevanje logike strukture OV, da boste z njo bolj zadovoljni.<\/p>\n\n\n\n<h3 class=\"wp-block-heading\" id=\"h-2-particles-attach-and-connect\">2. Delci &#8211; Pritrdite in pove\u017eite!<\/h3>\n\n\n\n<p><a href=\"https:\/\/talkpal.ai\/learn-korean\/\">Korejski<\/a> stavki uporabljajo drobne dele slovni\u010dnih informacij, imenovanih delci, ki pomagajo dolo\u010diti funkcijo besede v stavku. Na primer, \uc774\/\uac00 in \uc740\/\ub294 ozna\u010dujeta subjekt, medtem ko \uc744\/\ub97c ozna\u010duje predmet. Delci so bistvena sestavina korejske slovnice, vendar se lahko njihova uporaba na za\u010detku zdi ogromna.<\/p>\n\n\n\n<p>Nasvet: Lotite se enega delca naenkrat, da se udobno seznanite z njegovo uporabo in pomenom. Razvijte seznam primerov stavkov z uporabo vsakega delca, da ustvarite zbirko referen\u010dnega materiala.<\/p>\n\n\n\n<h3 class=\"wp-block-heading\" id=\"h-3-verb-conjugation-keep-it-simple\">3. Konjugacija glagolov &#8211; Naj bo preprosto!<\/h3>\n\n\n\n<p>Korejski glagoli so izjemno dosledni, kar jim lahko olaj\u0161a u\u010denje kot glagoli v drugih jezikih. Vsi korejski glagoli se v osnovni obliki kon\u010dajo na \ub2e4 (da), za ustvarjanje razli\u010dnih \u010dasov ali stopenj vljudnosti pa jim preprosto dodate razli\u010dne kon\u010dnice. Najpogostej\u0161i sta -\uc694 (yo) za neformalno vljudnost in -\uc2b5\ub2c8\ub2e4 (seumnida) za bolj formalne situacije.<\/p>\n\n\n\n<p>Nasvet: Nau\u010dite se sklanjati nekaj bistvenih glagolov na razli\u010dnih stopnjah vljudnosti, kot so \ud558\ub2e4 (delati), \uba39\ub2e4 (jesti), \uc790\ub2e4 (spati) in \uac00\ub2e4 (iti). Nato jih za\u010dnite vklju\u010devati v stavke, da boste bolj seznanjeni in udobni pri uporabi razli\u010dnih spregatev.<\/p>\n\n\n\n<h3 class=\"wp-block-heading\" id=\"h-4-adjectives-treat-them-like-verbs\">4. Pridevniki &#8211; Z njimi ravnajte kot z glagoli!<\/h3>\n\n\n\n<p>V korejski slovnici pridevniki delujejo podobno kot glagoli in so konjugirani z istim sistemom. Veliko pridevnikov se kon\u010da na ~\ud558\ub2e4 (-hada) in jih lahko sklanjamo na enak na\u010din kot glagole.<\/p>\n\n\n\n<p>Nasvet: Vadite sklanjanje obi\u010dajnih pridevnikov, kot so \uc88b\ub2e4 (biti dober), \uc608\uc058\ub2e4 (biti lep), \ub192\ub2e4 (biti visok), \ub0ae\ub2e4 (biti nizek) in \ud06c\ub2e4 (biti velik). \u010ce jih vklju\u010dite v stavke, boste utrdili svoje razumevanje.<\/p>\n\n\n\n<h3 class=\"wp-block-heading\" id=\"h-5-honorifics-show-your-respect\">5. \u010cast &#8211; Poka\u017eite svoje spo\u0161tovanje!<\/h3>\n\n\n\n<p>Korejska kultura poudarja izkazovanje spo\u0161tovanja do starej\u0161ih in tistih na polo\u017eajih oblasti. To se odra\u017ea v njenem jeziku s \u010dastniki, ki so posebne oblike besed in slovni\u010dnih struktur, ki se uporabljajo za izkazovanje vljudnosti. Nekateri klju\u010dni primeri vklju\u010dujejo uporabo delca -\uaed8\uc11c (-kkeseo) namesto -\uc774\/\uac00, ko se spo\u0161tljivo obra\u010date na nekoga, ali dodajanje -\uc2dc (-si) k glagolom kot ozna\u010devalca vljudnosti.<\/p>\n\n\n\n<p>Nasvet: Nau\u010dite se osnov uporabe \u010dastnih imen, vendar ne skrbite preve\u010d za to, da bi takoj postali strokovnjaki. Kot angle\u0161ki govorec bodo Korejci verjetno razumeli, \u010de delate napake, vendar bo pokazati trud, da bi bili spo\u0161tljivi, cenjen.<\/p>\n\n\n\n<h3 class=\"wp-block-heading\" id=\"h-conclusion\">Sklep:<\/h3>\n\n\n\n<p>Korejska slovnica se sprva zdi zahtevna, vendar boste z nabiranjem izku\u0161enj in razumevanjem odkrili logi\u010den in dosleden okvir. S poudarkom na klju\u010dnih pojmih, kot so besedni red, delci in glagolska sklanjatev, boste kmalu znali tvoriti stavke kot profesionalec. Spoznajte ljubezen do tega izraznega jezika in opazujte, kako vam obvladovanje korejske slovnice ponuja \u0161tevilne mo\u017enosti. \ud654\uc774\ud305 (hwaiting) &#8211; naj<\/p>\n<\/div><\/div>\n\r\n<section class=\"learnNavigationSection\">\r\n            \r\n        <a href=\"https:\/\/talkpal.ai\/sl\/naucite-se-korejscine\/\">\r\n            <div class=\"learnNavigationWrapper\">\r\n                <div class=\"learnNavigationContent\">\r\n                    <img decoding=\"async\" src=\"https:\/\/talkpal.ai\/wp-content\/uploads\/2024\/08\/Korean.jpg\" alt=\"Korean Flag\">\r\n                    <div>\r\n                        <h4>O u\u010denju korej\u0161\u010dine<\/h4>\r\n                        <p>Izvedite vse o korejski slovnici.<\/p>\r\n                    <\/div>\r\n                <\/div>\r\n            <\/div>\r\n        <\/a>\r\n\r\n        \r\n        <a href=\"https:\/\/talkpal.ai\/sl\/korejske-slovnicne-vaje\/\">\r\n            <div class=\"learnNavigationWrapper\">\r\n                <div class=\"learnNavigationContent\">\r\n                    <img decoding=\"async\" src=\"https:\/\/talkpal.ai\/wp-content\/uploads\/2024\/08\/Korean.jpg\" alt=\"Korean Flag\">\r\n                    <div>\r\n                        <h4>Vaja iz korejske slovnice<\/h4>\r\n                        <p>Vadite korejsko slovnico.<\/p>\r\n                    <\/div>\r\n                <\/div>\r\n            <\/div>\r\n        <\/a>\r\n\r\n        \r\n        <a href=\"https:\/\/talkpal.ai\/vocabulary_language\/korean\/\">\r\n            <div class=\"learnNavigationWrapper\">\r\n                <div class=\"learnNavigationContent\">\r\n                    <img decoding=\"async\" src=\"https:\/\/talkpal.ai\/wp-content\/uploads\/2024\/08\/Korean.jpg\" alt=\"Korean Flag\">\r\n                    <div>\r\n                        <h4>Korejski besednjak<\/h4>\r\n                        <p>Raz\u0161irite svoj korejski besedni zaklad.<\/p>\r\n                    <\/div>\r\n                <\/div>\r\n            <\/div>\r\n        <\/a>\r\n\r\n            <\/section>","protected":false},"excerpt":{"rendered":"<p>Demistifikacija korejske slovnice: vodnik za za\u010detnike Z u\u010denjem korej\u0161\u010dine se vam lahko odprejo \u0161tevilne prilo\u017enosti, naj gre za raziskovanje korejske kuhinje, gledanje najnovej\u0161ih dramskih filmov ali delo v enem od \u0161tevilnih inovativnih ju\u017enokorejskih podjetij. Kot tuji govorec, ki se potopi v ta fascinanten jezik, je lahko eden najzahtevnej\u0161ih vidikov obvladovanje slovnice. Korejska slovnica se na [&hellip;]<\/p>\n","protected":false},"author":1,"featured_media":107573,"parent":0,"menu_order":0,"comment_status":"closed","ping_status":"closed","template":"LearningContentPage.php","meta":{"_acf_changed":false,"footnotes":""},"class_list":["post-130622","page","type-page","status-publish","has-post-thumbnail","hentry"],"acf":[],"yoast_head":"<!-- This site is optimized with the Yoast SEO Premium plugin v27.2 (Yoast SEO v27.2) - https:\/\/yoast.com\/product\/yoast-seo-premium-wordpress\/ -->\n<title>Korejska slovnica - Talkpal<\/title>\n<meta name=\"description\" content=\"Samozavestno obvladajte korejsko slovnico - okrepite stav\u010dno strukturo, pojasnite pravila in zlahka izbolj\u0161ajte teko\u010dnost\" \/>\n<meta name=\"robots\" content=\"index, follow, max-snippet:-1, max-image-preview:large, max-video-preview:-1\" \/>\n<link rel=\"canonical\" href=\"https:\/\/talkpal.ai\/sl\/korejska-slovnica\/\" \/>\n<meta property=\"og:locale\" content=\"sl_SI\" \/>\n<meta property=\"og:type\" content=\"article\" \/>\n<meta property=\"og:title\" content=\"Korejska slovnica\" \/>\n<meta property=\"og:description\" content=\"Demistifikacija korejske slovnice: vodnik za za\u010detnike Z u\u010denjem korej\u0161\u010dine se vam lahko odprejo \u0161tevilne prilo\u017enosti, naj gre za raziskovanje korejske\" \/>\n<meta property=\"og:url\" content=\"https:\/\/talkpal.ai\/sl\/korejska-slovnica\/\" \/>\n<meta property=\"og:site_name\" content=\"Talkpal\" \/>\n<meta property=\"article:publisher\" content=\"https:\/\/www.facebook.com\/profile.php?id=100090733639311\" \/>\n<meta property=\"article:modified_time\" content=\"2025-12-11T16:28:20+00:00\" \/>\n<meta property=\"og:image\" content=\"https:\/\/talkpal.ai\/wp-content\/uploads\/2023\/04\/south-korea.png\" \/>\n\t<meta property=\"og:image:width\" content=\"512\" \/>\n\t<meta property=\"og:image:height\" content=\"512\" \/>\n\t<meta property=\"og:image:type\" content=\"image\/png\" \/>\n<meta name=\"twitter:card\" content=\"summary_large_image\" \/>\n<meta name=\"twitter:site\" content=\"@talkpalai\" \/>\n<meta name=\"twitter:label1\" content=\"Est. reading time\" \/>\n\t<meta name=\"twitter:data1\" content=\"3 minute\" \/>\n<script type=\"application\/ld+json\" class=\"yoast-schema-graph\">{\"@context\":\"https:\/\/schema.org\",\"@graph\":[{\"@type\":\"WebPage\",\"@id\":\"https:\/\/talkpal.ai\/sl\/korejska-slovnica\/\",\"url\":\"https:\/\/talkpal.ai\/sl\/korejska-slovnica\/\",\"name\":\"Korejska slovnica - Talkpal\",\"isPartOf\":{\"@id\":\"https:\/\/talkpal.ai\/sl\/#website\"},\"primaryImageOfPage\":{\"@id\":\"https:\/\/talkpal.ai\/sl\/korejska-slovnica\/#primaryimage\"},\"image\":{\"@id\":\"https:\/\/talkpal.ai\/sl\/korejska-slovnica\/#primaryimage\"},\"thumbnailUrl\":\"https:\/\/talkpal.ai\/wp-content\/uploads\/2023\/04\/south-korea.png\",\"datePublished\":\"2023-05-14T13:52:27+00:00\",\"dateModified\":\"2025-12-11T16:28:20+00:00\",\"description\":\"Samozavestno obvladajte korejsko slovnico - okrepite stav\u010dno strukturo, pojasnite pravila in zlahka izbolj\u0161ajte teko\u010dnost\",\"breadcrumb\":{\"@id\":\"https:\/\/talkpal.ai\/sl\/korejska-slovnica\/#breadcrumb\"},\"inLanguage\":\"sl-SI\",\"potentialAction\":[{\"@type\":\"ReadAction\",\"target\":[\"https:\/\/talkpal.ai\/sl\/korejska-slovnica\/\"]}]},{\"@type\":\"ImageObject\",\"inLanguage\":\"sl-SI\",\"@id\":\"https:\/\/talkpal.ai\/sl\/korejska-slovnica\/#primaryimage\",\"url\":\"https:\/\/talkpal.ai\/wp-content\/uploads\/2023\/04\/south-korea.png\",\"contentUrl\":\"https:\/\/talkpal.ai\/wp-content\/uploads\/2023\/04\/south-korea.png\",\"width\":512,\"height\":512},{\"@type\":\"BreadcrumbList\",\"@id\":\"https:\/\/talkpal.ai\/sl\/korejska-slovnica\/#breadcrumb\",\"itemListElement\":[{\"@type\":\"ListItem\",\"position\":1,\"name\":\"Homepage\",\"item\":\"https:\/\/talkpal.ai\/sl\/\"},{\"@type\":\"ListItem\",\"position\":2,\"name\":\"Korejska slovnica\"}]},{\"@type\":\"WebSite\",\"@id\":\"https:\/\/talkpal.ai\/sl\/#website\",\"url\":\"https:\/\/talkpal.ai\/sl\/\",\"name\":\"Talkpal\",\"description\":\"AI Language Learning\",\"publisher\":{\"@id\":\"https:\/\/talkpal.ai\/sl\/#organization\"},\"alternateName\":\"Talkpal AI\",\"potentialAction\":[{\"@type\":\"SearchAction\",\"target\":{\"@type\":\"EntryPoint\",\"urlTemplate\":\"https:\/\/talkpal.ai\/sl\/?s={search_term_string}\"},\"query-input\":{\"@type\":\"PropertyValueSpecification\",\"valueRequired\":true,\"valueName\":\"search_term_string\"}}],\"inLanguage\":\"sl-SI\"},{\"@type\":\"Organization\",\"@id\":\"https:\/\/talkpal.ai\/sl\/#organization\",\"name\":\"Talkpal, Inc.\",\"alternateName\":\"Talkpal AI\",\"url\":\"https:\/\/talkpal.ai\/sl\/\",\"logo\":{\"@type\":\"ImageObject\",\"inLanguage\":\"sl-SI\",\"@id\":\"https:\/\/talkpal.ai\/sl\/#\/schema\/logo\/image\/\",\"url\":\"https:\/\/talkpal.ai\/wp-content\/uploads\/2024\/03\/Talkpal-Logo-Icon.png\",\"contentUrl\":\"https:\/\/talkpal.ai\/wp-content\/uploads\/2024\/03\/Talkpal-Logo-Icon.png\",\"width\":2880,\"height\":2880,\"caption\":\"Talkpal, Inc.\"},\"image\":{\"@id\":\"https:\/\/talkpal.ai\/sl\/#\/schema\/logo\/image\/\"},\"sameAs\":[\"https:\/\/www.facebook.com\/profile.php?id=100090733639311\",\"https:\/\/x.com\/talkpalai\",\"https:\/\/www.linkedin.com\/company\/talkpal\/\",\"https:\/\/www.youtube.com\/@TalkPal\/\",\"https:\/\/www.tiktok.com\/@talkpal\",\"https:\/\/www.instagram.com\/talkpal_ai\/\",\"https:\/\/www.crunchbase.com\/organization\/talkpal-9cde\",\"https:\/\/www.g2.com\/products\/talkpal-for-business\/\",\"https:\/\/www.trustpilot.com\/review\/talkpal.ai\",\"https:\/\/www.capterra.com\/p\/10006800\/TalkPal\/\"],\"description\":\"Talkpal is a language learning web and mobile education app, powered by the latest AI technologies, that provides engaging experiences to its customers in many different languages to help them improve their language skills. Users can chat about unlimited amount of topics with the app and use other modes to practice their language learning.\",\"email\":\"support@talkpal.ai\",\"legalName\":\"Talkpal, Inc.\",\"foundingDate\":\"2023-04-03\",\"duns\":\"118989042\",\"numberOfEmployees\":{\"@type\":\"QuantitativeValue\",\"minValue\":\"11\",\"maxValue\":\"50\"},\"publishingPrinciples\":\"https:\/\/talkpal.ai\/publishing-principles\/\",\"actionableFeedbackPolicy\":\"https:\/\/talkpal.ai\/actionable-feedback-policy\/\",\"correctionsPolicy\":\"https:\/\/talkpal.ai\/corrections-policy\/\",\"ethicsPolicy\":\"https:\/\/talkpal.ai\/ethics-policy\/\",\"diversityPolicy\":\"https:\/\/talkpal.ai\/diversity-policy\/\",\"diversityStaffingReport\":\"https:\/\/talkpal.ai\/diversity-policy\/\"}]}<\/script>\n<!-- \/ Yoast SEO Premium plugin. -->","yoast_head_json":{"title":"Korejska slovnica - Talkpal","description":"Samozavestno obvladajte korejsko slovnico - okrepite stav\u010dno strukturo, pojasnite pravila in zlahka izbolj\u0161ajte teko\u010dnost","robots":{"index":"index","follow":"follow","max-snippet":"max-snippet:-1","max-image-preview":"max-image-preview:large","max-video-preview":"max-video-preview:-1"},"canonical":"https:\/\/talkpal.ai\/sl\/korejska-slovnica\/","og_locale":"sl_SI","og_type":"article","og_title":"Korejska slovnica","og_description":"Demistifikacija korejske slovnice: vodnik za za\u010detnike Z u\u010denjem korej\u0161\u010dine se vam lahko odprejo \u0161tevilne prilo\u017enosti, naj gre za raziskovanje korejske","og_url":"https:\/\/talkpal.ai\/sl\/korejska-slovnica\/","og_site_name":"Talkpal","article_publisher":"https:\/\/www.facebook.com\/profile.php?id=100090733639311","article_modified_time":"2025-12-11T16:28:20+00:00","og_image":[{"width":512,"height":512,"url":"https:\/\/talkpal.ai\/wp-content\/uploads\/2023\/04\/south-korea.png","type":"image\/png"}],"twitter_card":"summary_large_image","twitter_site":"@talkpalai","twitter_misc":{"Est. reading time":"3 minute"},"schema":{"@context":"https:\/\/schema.org","@graph":[{"@type":"WebPage","@id":"https:\/\/talkpal.ai\/sl\/korejska-slovnica\/","url":"https:\/\/talkpal.ai\/sl\/korejska-slovnica\/","name":"Korejska slovnica - Talkpal","isPartOf":{"@id":"https:\/\/talkpal.ai\/sl\/#website"},"primaryImageOfPage":{"@id":"https:\/\/talkpal.ai\/sl\/korejska-slovnica\/#primaryimage"},"image":{"@id":"https:\/\/talkpal.ai\/sl\/korejska-slovnica\/#primaryimage"},"thumbnailUrl":"https:\/\/talkpal.ai\/wp-content\/uploads\/2023\/04\/south-korea.png","datePublished":"2023-05-14T13:52:27+00:00","dateModified":"2025-12-11T16:28:20+00:00","description":"Samozavestno obvladajte korejsko slovnico - okrepite stav\u010dno strukturo, pojasnite pravila in zlahka izbolj\u0161ajte teko\u010dnost","breadcrumb":{"@id":"https:\/\/talkpal.ai\/sl\/korejska-slovnica\/#breadcrumb"},"inLanguage":"sl-SI","potentialAction":[{"@type":"ReadAction","target":["https:\/\/talkpal.ai\/sl\/korejska-slovnica\/"]}]},{"@type":"ImageObject","inLanguage":"sl-SI","@id":"https:\/\/talkpal.ai\/sl\/korejska-slovnica\/#primaryimage","url":"https:\/\/talkpal.ai\/wp-content\/uploads\/2023\/04\/south-korea.png","contentUrl":"https:\/\/talkpal.ai\/wp-content\/uploads\/2023\/04\/south-korea.png","width":512,"height":512},{"@type":"BreadcrumbList","@id":"https:\/\/talkpal.ai\/sl\/korejska-slovnica\/#breadcrumb","itemListElement":[{"@type":"ListItem","position":1,"name":"Homepage","item":"https:\/\/talkpal.ai\/sl\/"},{"@type":"ListItem","position":2,"name":"Korejska slovnica"}]},{"@type":"WebSite","@id":"https:\/\/talkpal.ai\/sl\/#website","url":"https:\/\/talkpal.ai\/sl\/","name":"Talkpal","description":"AI Language Learning","publisher":{"@id":"https:\/\/talkpal.ai\/sl\/#organization"},"alternateName":"Talkpal AI","potentialAction":[{"@type":"SearchAction","target":{"@type":"EntryPoint","urlTemplate":"https:\/\/talkpal.ai\/sl\/?s={search_term_string}"},"query-input":{"@type":"PropertyValueSpecification","valueRequired":true,"valueName":"search_term_string"}}],"inLanguage":"sl-SI"},{"@type":"Organization","@id":"https:\/\/talkpal.ai\/sl\/#organization","name":"Talkpal, Inc.","alternateName":"Talkpal AI","url":"https:\/\/talkpal.ai\/sl\/","logo":{"@type":"ImageObject","inLanguage":"sl-SI","@id":"https:\/\/talkpal.ai\/sl\/#\/schema\/logo\/image\/","url":"https:\/\/talkpal.ai\/wp-content\/uploads\/2024\/03\/Talkpal-Logo-Icon.png","contentUrl":"https:\/\/talkpal.ai\/wp-content\/uploads\/2024\/03\/Talkpal-Logo-Icon.png","width":2880,"height":2880,"caption":"Talkpal, Inc."},"image":{"@id":"https:\/\/talkpal.ai\/sl\/#\/schema\/logo\/image\/"},"sameAs":["https:\/\/www.facebook.com\/profile.php?id=100090733639311","https:\/\/x.com\/talkpalai","https:\/\/www.linkedin.com\/company\/talkpal\/","https:\/\/www.youtube.com\/@TalkPal\/","https:\/\/www.tiktok.com\/@talkpal","https:\/\/www.instagram.com\/talkpal_ai\/","https:\/\/www.crunchbase.com\/organization\/talkpal-9cde","https:\/\/www.g2.com\/products\/talkpal-for-business\/","https:\/\/www.trustpilot.com\/review\/talkpal.ai","https:\/\/www.capterra.com\/p\/10006800\/TalkPal\/"],"description":"Talkpal is a language learning web and mobile education app, powered by the latest AI technologies, that provides engaging experiences to its customers in many different languages to help them improve their language skills. Users can chat about unlimited amount of topics with the app and use other modes to practice their language learning.","email":"support@talkpal.ai","legalName":"Talkpal, Inc.","foundingDate":"2023-04-03","duns":"118989042","numberOfEmployees":{"@type":"QuantitativeValue","minValue":"11","maxValue":"50"},"publishingPrinciples":"https:\/\/talkpal.ai\/publishing-principles\/","actionableFeedbackPolicy":"https:\/\/talkpal.ai\/actionable-feedback-policy\/","correctionsPolicy":"https:\/\/talkpal.ai\/corrections-policy\/","ethicsPolicy":"https:\/\/talkpal.ai\/ethics-policy\/","diversityPolicy":"https:\/\/talkpal.ai\/diversity-policy\/","diversityStaffingReport":"https:\/\/talkpal.ai\/diversity-policy\/"}]}},"_links":{"self":[{"href":"https:\/\/talkpal.ai\/sl\/wp-json\/wp\/v2\/pages\/130622","targetHints":{"allow":["GET"]}}],"collection":[{"href":"https:\/\/talkpal.ai\/sl\/wp-json\/wp\/v2\/pages"}],"about":[{"href":"https:\/\/talkpal.ai\/sl\/wp-json\/wp\/v2\/types\/page"}],"author":[{"embeddable":true,"href":"https:\/\/talkpal.ai\/sl\/wp-json\/wp\/v2\/users\/1"}],"replies":[{"embeddable":true,"href":"https:\/\/talkpal.ai\/sl\/wp-json\/wp\/v2\/comments?post=130622"}],"version-history":[{"count":0,"href":"https:\/\/talkpal.ai\/sl\/wp-json\/wp\/v2\/pages\/130622\/revisions"}],"wp:featuredmedia":[{"embeddable":true,"href":"https:\/\/talkpal.ai\/sl\/wp-json\/wp\/v2\/media\/107573"}],"wp:attachment":[{"href":"https:\/\/talkpal.ai\/sl\/wp-json\/wp\/v2\/media?parent=130622"}],"curies":[{"name":"wp","href":"https:\/\/api.w.org\/{rel}","templated":true}]}}