{"id":129981,"date":"2023-05-14T13:51:46","date_gmt":"2023-05-14T13:51:46","guid":{"rendered":"http:\/\/talkpal.ai\/portugalska-slovnica\/"},"modified":"2025-12-11T16:46:14","modified_gmt":"2025-12-11T16:46:14","slug":"portugalska-slovnica","status":"publish","type":"page","link":"https:\/\/talkpal.ai\/sl\/portugalska-slovnica\/","title":{"rendered":"Portugalska slovnica"},"content":{"rendered":"\r\n\r\n\r\n<section class=\"languageChallengeSection\">\r\n    <div class=\"languageInfoWrapper\">\r\n        \r\n        <h1>Portugalska slovnica<\/h1>\r\n        <p>Spoznajte osnove portugalske slovnice in odkrijte svet prilo\u017enosti za povezovanje z milijoni govorcev po vsem svetu. \u010ce boste obvladali klju\u010dna pravila in strukture, se boste lahko samozavestno sporazumevali in v celoti u\u017eivali v <a href=\"https:\/\/talkpal.ai\/learn-portuguese\/\">portugalski<\/a> kulturi. Za\u010dnite se u\u010diti portugalske slovnice \u0161e danes in naredite prvi korak k teko\u010demu znanju!<\/p>\r\n\r\n                            <a class=\"getStartedHidden\" href=\"https:\/\/app.talkpal.ai\/sl\/signup?lng=\">Za\u010dni<\/a>\r\n        \r\n    <\/div>\r\n\r\n    <figure>\r\n    <img decoding=\"async\" width=\"768\" height=\"768\" src=\"https:\/\/talkpal.ai\/wp-content\/uploads\/2023\/06\/portuguese-768x768.png\" class=\"languageImage no-lazy\" alt=\"Language learning for broader world view\" fetchpriority=\"high\" sizes=\"(max-width: 768px) 150px, 768px\" srcset=\"https:\/\/talkpal.ai\/wp-content\/uploads\/2023\/06\/portuguese-768x768.png 768w, https:\/\/talkpal.ai\/wp-content\/uploads\/2023\/06\/portuguese-300x300.png 300w\" \/>\r\n    \r\n\r\n    <\/figure>\r\n\r\n            <a class=\"getStartedVisible\" href=\"https:\/\/app.talkpal.ai\/sl\/signup?lng=\">Za\u010dni<\/a>\r\n    \r\n<\/section>\r\n<section class=\"promotionalBanner\">\r\n    <p class=\"promotionalText\">Naju\u010dinkovitej\u0161i na\u010din u\u010denja jezika<\/p>\r\n    <a class=\"promotionalLink\" href=\"https:\/\/app.talkpal.ai\/sl\/signup?lng=\">Preizkusite Talkpal brezpla\u010dno<\/a>\r\n<\/section>\n<div class=\"wp-block-group pageContainerStyle\"><div class=\"wp-block-group__inner-container is-layout-constrained wp-block-group-is-layout-constrained\">\n<h2 class=\"wp-block-heading\" id=\"h-a-beginner-s-guide-to-understanding-portuguese-grammar\">Vodnik za za\u010detnike za razumevanje portugalske slovnice<\/h2>\n\n\n\n<p>Ne glede na to, ali na\u010drtujete potovanje na Portugalsko ali pa vas preprosto zanima obvladovanje novega jezika, je <a href=\"https:\/\/talkpal.ai\/sl\/ucenje-portugalscine-na-spletu\/\">u\u010denje portugal\u0161\u010dine<\/a> lahko razburljiva in koristna izku\u0161nja. Eden od bistvenih vidikov u\u010denja portugalskega jezika, tako kot vsi drugi, je razumevanje njegove slovnice. Ta \u010dlanek vas bo vodil skozi osnove portugalske slovnice in vam ponudil bistvene nasvete in vpoglede, ki vam bodo pomagali pri navigaciji in komunikaciji brez napora. \u010ce ste \u010dakali, da se potopite v svet portugal\u0161\u010dine, za\u010dnimo!<\/p>\n\n\n\n<h3 class=\"wp-block-heading\" id=\"h-1-the-basics-nouns-pronouns-and-articles\">1. Osnove: samostalniki, zaimki in \u010dlanki<\/h3>\n\n\n\n<p>Kot v angle\u0161\u010dini je <a href=\"https:\/\/talkpal.ai\/portuguese-grammar\/\">portugalska slovnica<\/a> zgrajena okoli samostalnikov, zaimkov in \u010dlankov. Samostalniki v portugal\u0161\u010dini so lahko mo\u0161kega ali \u017eenskega spola, zato je za pravilno oblikovanje stavkov pomembno dolo\u010diti spol. Na primer, &#8220;o menino&#8221; pomeni &#8220;de\u010dek&#8221;, &#8220;a menina&#8221; pa &#8220;deklica&#8221;.<\/p>\n\n\n\n<p>Zaimki v portugal\u0161\u010dini, kot je <a href=\"https:\/\/talkpal.ai\/learn-english-with-ai\/\">angle\u0161\u010dina<\/a>, delujejo kot nadomestki za samostalnike. Tudi oni imajo spol. Osebni zaimki vklju\u010dujejo eu (I), voc\u00ea\/tu (you), ele\/ela (on\/ona), n\u00f3s (mi) in eles\/elas (oni).<\/p>\n\n\n\n<p>Dolo\u010deni \u010dleni in nedolo\u010deni \u010dleni (a\/an) so prav tako vezani na spol in so bistveni za pravilno oblikovanje stavkov. V portugal\u0161\u010dini sta dolo\u010dna \u010dlena &#8220;o&#8221; (mo\u0161ki spol) in &#8220;a&#8221; (\u017eenski spol), nedolo\u010dna \u010dlena pa &#8220;um&#8221; (mo\u0161ki spol) in &#8220;uma&#8221; (\u017eenski spol).<\/p>\n\n\n\n<h3 class=\"wp-block-heading\" id=\"h-2-adjectives-and-adverbs-add-spice-to-your-sentences\">2. Pridevniki in prislovi: stavkom dodajte za\u010dimbo<\/h3>\n\n\n\n<p>Pridevniki so besede, ki opisujejo ali spreminjajo samostalnike in imajo kot samostalniki spol. Pridevniki, ki se kon\u010dajo na &#8220;o&#8221;, so navadno mo\u0161kega spola, tisti, ki se kon\u010dajo na &#8220;a&#8221;, pa so \u017eenskega spola. Bistveno je, da se spol pridevnika ujema s samostalnikom, ki ga opisuje. Na primer &#8220;homem alto&#8221; pomeni &#8220;visok mo\u0161ki&#8221;, &#8220;mulher alta&#8221; pa &#8220;visoka \u017eenska&#8221;.<\/p>\n\n\n\n<p>Po drugi strani pa prislovi spreminjajo glagole, pridevnike ali druge prislove. V portugal\u0161\u010dini prislovi obi\u010dajno nimajo oblik, ki bi dolo\u010dale spol. Nekateri pogosti prislovi so rapidamente (hitro), lentamente (po\u010dasi) in sempre (vedno).<\/p>\n\n\n\n<h3 class=\"wp-block-heading\" id=\"h-3-verbs-the-action-words\">3. Glagoli: akcijske besede<\/h3>\n\n\n\n<p>Portugalski glagoli so razvr\u0161\u010deni v tri konjugacijske skupine (-ar, -er, -ir), njihove oblike pa se spreminjajo glede na \u010das in predmet. To je nekaj bistvenih \u010dasov, ki jih morate poznati:<\/p>\n\n\n\n<p>&#8211; Sedanji \u010das (<a href=\"https:\/\/talkpal.ai\/zh-hans\/grammar_exercises\/presente-%e8%a5%bf%e7%8f%ad%e7%89%99%e8%af%ad%e6%b3%95%e7%bb%83%e4%b9%a0\/\">Presente<\/a>): Opisuje dejanja, ki se dogajajo zdaj, ali obi\u010dajna dejanja.<br\/>&#8211; Pretekli \u010das (Pret\u00e9rito): Opisuje dejanja, ki so se zgodila v preteklosti. Obstajata dve vrsti: <a href=\"https:\/\/talkpal.ai\/grammar\/preterite-perfect-in-portuguese-grammar\/\">Pret\u00e9rito Perfeito<\/a> (preprosta preteklost) in <a href=\"https:\/\/talkpal.ai\/grammar\/preterito-imperfeito-in-portuguese-grammar\/\">Pret\u00e9rito Imperfeito<\/a> (preteklost neprekinjeno).<br\/>&#8211; prihodnji \u010das (<a href=\"https:\/\/talkpal.ai\/ja\/grammar_exercises\/futuro-%e3%82%b9%e3%83%9a%e3%82%a4%e3%83%b3%e8%aa%9e%e3%81%ae%e6%96%87%e6%b3%95%e3%81%ae%e6%bc%94%e7%bf%92\/\">Futuro<\/a>): Opisuje dejanja, ki se bodo zgodila v prihodnosti.<\/p>\n\n\n\n<p>Obvladovanje konjugacije glagolov je lahko izziv v portugal\u0161\u010dini, vendar vam bosta praksa in doslednost pomagali u\u010dinkoviteje razumeti.<\/p>\n\n\n\n<h3 class=\"wp-block-heading\" id=\"h-4-word-order-building-understandable-sentences\">4. Vrstni red besed: gradnja razumljivih stavkov<\/h3>\n\n\n\n<p>Tipi\u010dna portugalska stav\u010dna struktura sledi vrstnemu redu Subject-Verb-Object (SVO). Na primer stavek &#8220;Eu amo pizza&#8221; (&#8220;Rad imam pico&#8221;) je sestavljen po tem vzorcu. Vendar pa je portugalska slovnica lahko precej prilagodljiva in morda boste naleteli na razlike v vrstnem redu besed, zlasti v literaturi ali neformalnih pogovorih. Kontekst in zdrav razum sta klju\u010dna za razumevanje teh razli\u010dic.<\/p>\n\n\n\n<h3 class=\"wp-block-heading\" id=\"h-5-negation-and-interrogation-say-no-and-ask-questions\">5. Zanikanje in zasli\u0161evanje: recite ne in postavljajte vpra\u0161anja<\/h3>\n\n\n\n<p>\u010ce \u017eelite zanikati stavek v portugal\u0161\u010dini, pred glagolom preprosto zapi\u0161ite besedo &#8220;n\u00e3o&#8221;. Na primer: &#8220;Eu n\u00e3o falo <a href=\"https:\/\/talkpal.ai\/learn-portuguese\/\">portugu\u00eas<\/a>&#8221; pomeni &#8220;Ne govorim portugalsko&#8221;.<\/p>\n\n\n\n<p>\u010ce \u017eelite izjavo spremeniti v vpra\u0161anje v portugal\u0161\u010dini, lahko spremenite besedni red ali uporabite vpra\u0161alno besedo (na primer &#8220;quem&#8221; za &#8220;kdo&#8221;, &#8220;o que&#8221; za &#8220;kaj&#8221; ali &#8220;onde&#8221; za &#8220;kje&#8221;). Na primer: &#8220;Voc\u00ea fala ingl\u00eas?&#8221; se prevede v &#8220;Ali govorite angle\u0161ko?&#8221;.<\/p>\n\n\n\n<h3 class=\"wp-block-heading\" id=\"h-conclusion\">Zaklju\u010dek<\/h3>\n\n\n\n<p>U\u010denje portugalske slovnice se morda zdi zastra\u0161ujo\u010de, vendar se ne pustite odvrniti! Vsak jezik je zapleten, a z doslednostjo, vajo in nekaj potrpe\u017eljivosti boste za\u010deli komunicirati samozavestno in u\u010dinkovito. Ne pozabite, da je u\u010denje slovnice le del usvajanja jezika, zato morate tudi poslu\u0161ati, govoriti in brati v portugal\u0161\u010dini. Boa sorte! (Sre\u010dno!)<\/p>\n<\/div><\/div>\n\r\n<section class=\"learnNavigationSection\">\r\n            \r\n        <a href=\"https:\/\/talkpal.ai\/sl\/naucite-se-portugalscine\/\">\r\n            <div class=\"learnNavigationWrapper\">\r\n                <div class=\"learnNavigationContent\">\r\n                    <img decoding=\"async\" src=\"https:\/\/talkpal.ai\/wp-content\/uploads\/2024\/08\/Portuguese.jpg\" alt=\"Portuguese Flag\">\r\n                    <div>\r\n                        <h4>O u\u010denju na Portugalskem<\/h4>\r\n                        <p>Preberite vse o portugalski slovnici.<\/p>\r\n                    <\/div>\r\n                <\/div>\r\n            <\/div>\r\n        <\/a>\r\n\r\n        \r\n        <a href=\"https:\/\/talkpal.ai\/sl\/portugalske-slovnicne-vaje\/\">\r\n            <div class=\"learnNavigationWrapper\">\r\n                <div class=\"learnNavigationContent\">\r\n                    <img decoding=\"async\" src=\"https:\/\/talkpal.ai\/wp-content\/uploads\/2024\/08\/Portuguese.jpg\" alt=\"Portuguese Flag\">\r\n                    <div>\r\n                        <h4>Vaja iz portugalske slovnice<\/h4>\r\n                        <p>Vadite portugalsko slovnico.<\/p>\r\n                    <\/div>\r\n                <\/div>\r\n            <\/div>\r\n        <\/a>\r\n\r\n        \r\n        <a href=\"https:\/\/talkpal.ai\/vocabulary_language\/portuguese\/\">\r\n            <div class=\"learnNavigationWrapper\">\r\n                <div class=\"learnNavigationContent\">\r\n                    <img decoding=\"async\" src=\"https:\/\/talkpal.ai\/wp-content\/uploads\/2024\/08\/Portuguese.jpg\" alt=\"Portuguese Flag\">\r\n                    <div>\r\n                        <h4>Portugalski besednjak<\/h4>\r\n                        <p>Raz\u0161irite svoj portugalski besedni zaklad.<\/p>\r\n                    <\/div>\r\n                <\/div>\r\n            <\/div>\r\n        <\/a>\r\n\r\n            <\/section>","protected":false},"excerpt":{"rendered":"<p>Vodnik za za\u010detnike za razumevanje portugalske slovnice Ne glede na to, ali na\u010drtujete potovanje na Portugalsko ali pa vas preprosto zanima obvladovanje novega jezika, je u\u010denje portugal\u0161\u010dine lahko razburljiva in koristna izku\u0161nja. Eden od bistvenih vidikov u\u010denja portugalskega jezika, tako kot vsi drugi, je razumevanje njegove slovnice. Ta \u010dlanek vas bo vodil skozi osnove portugalske [&hellip;]<\/p>\n","protected":false},"author":1,"featured_media":107768,"parent":0,"menu_order":0,"comment_status":"closed","ping_status":"closed","template":"LearningContentPage.php","meta":{"_acf_changed":false,"footnotes":""},"class_list":["post-129981","page","type-page","status-publish","has-post-thumbnail","hentry"],"acf":[],"yoast_head":"<!-- This site is optimized with the Yoast SEO Premium plugin v27.2 (Yoast SEO v27.2) - https:\/\/yoast.com\/product\/yoast-seo-premium-wordpress\/ -->\n<title>Portugalska slovnica - Talkpal<\/title>\n<meta name=\"description\" content=\"Osvojite portugalsko slovnico z interaktivnimi vajami, namenjenimi vsem ravnem znanja. Izbolj\u0161ajte svoje znanje jezika!\" \/>\n<meta name=\"robots\" content=\"index, follow, max-snippet:-1, max-image-preview:large, max-video-preview:-1\" \/>\n<link rel=\"canonical\" href=\"https:\/\/talkpal.ai\/sl\/portugalska-slovnica\/\" \/>\n<meta property=\"og:locale\" content=\"sl_SI\" \/>\n<meta property=\"og:type\" content=\"article\" \/>\n<meta property=\"og:title\" content=\"Portugalska slovnica\" \/>\n<meta property=\"og:description\" content=\"Vodnik za za\u010detnike za razumevanje portugalske slovnice Ne glede na to, ali na\u010drtujete potovanje na Portugalsko ali pa vas preprosto zanima obvladovanje\" \/>\n<meta property=\"og:url\" content=\"https:\/\/talkpal.ai\/sl\/portugalska-slovnica\/\" \/>\n<meta property=\"og:site_name\" content=\"Talkpal\" \/>\n<meta property=\"article:publisher\" content=\"https:\/\/www.facebook.com\/profile.php?id=100090733639311\" \/>\n<meta property=\"article:modified_time\" content=\"2025-12-11T16:46:14+00:00\" \/>\n<meta property=\"og:image\" content=\"https:\/\/talkpal.ai\/wp-content\/uploads\/2023\/04\/portugal.png\" \/>\n\t<meta property=\"og:image:width\" content=\"512\" \/>\n\t<meta property=\"og:image:height\" content=\"512\" \/>\n\t<meta property=\"og:image:type\" content=\"image\/png\" \/>\n<meta name=\"twitter:card\" content=\"summary_large_image\" \/>\n<meta name=\"twitter:site\" content=\"@talkpalai\" \/>\n<meta name=\"twitter:label1\" content=\"Est. reading time\" \/>\n\t<meta name=\"twitter:data1\" content=\"3 minute\" \/>\n<script type=\"application\/ld+json\" class=\"yoast-schema-graph\">{\"@context\":\"https:\/\/schema.org\",\"@graph\":[{\"@type\":\"WebPage\",\"@id\":\"https:\/\/talkpal.ai\/sl\/portugalska-slovnica\/\",\"url\":\"https:\/\/talkpal.ai\/sl\/portugalska-slovnica\/\",\"name\":\"Portugalska slovnica - Talkpal\",\"isPartOf\":{\"@id\":\"https:\/\/talkpal.ai\/sl\/#website\"},\"primaryImageOfPage\":{\"@id\":\"https:\/\/talkpal.ai\/sl\/portugalska-slovnica\/#primaryimage\"},\"image\":{\"@id\":\"https:\/\/talkpal.ai\/sl\/portugalska-slovnica\/#primaryimage\"},\"thumbnailUrl\":\"https:\/\/talkpal.ai\/wp-content\/uploads\/2023\/04\/portugal.png\",\"datePublished\":\"2023-05-14T13:51:46+00:00\",\"dateModified\":\"2025-12-11T16:46:14+00:00\",\"description\":\"Osvojite portugalsko slovnico z interaktivnimi vajami, namenjenimi vsem ravnem znanja. Izbolj\u0161ajte svoje znanje jezika!\",\"breadcrumb\":{\"@id\":\"https:\/\/talkpal.ai\/sl\/portugalska-slovnica\/#breadcrumb\"},\"inLanguage\":\"sl-SI\",\"potentialAction\":[{\"@type\":\"ReadAction\",\"target\":[\"https:\/\/talkpal.ai\/sl\/portugalska-slovnica\/\"]}]},{\"@type\":\"ImageObject\",\"inLanguage\":\"sl-SI\",\"@id\":\"https:\/\/talkpal.ai\/sl\/portugalska-slovnica\/#primaryimage\",\"url\":\"https:\/\/talkpal.ai\/wp-content\/uploads\/2023\/04\/portugal.png\",\"contentUrl\":\"https:\/\/talkpal.ai\/wp-content\/uploads\/2023\/04\/portugal.png\",\"width\":512,\"height\":512},{\"@type\":\"BreadcrumbList\",\"@id\":\"https:\/\/talkpal.ai\/sl\/portugalska-slovnica\/#breadcrumb\",\"itemListElement\":[{\"@type\":\"ListItem\",\"position\":1,\"name\":\"Homepage\",\"item\":\"https:\/\/talkpal.ai\/sl\/\"},{\"@type\":\"ListItem\",\"position\":2,\"name\":\"Portugalska slovnica\"}]},{\"@type\":\"WebSite\",\"@id\":\"https:\/\/talkpal.ai\/sl\/#website\",\"url\":\"https:\/\/talkpal.ai\/sl\/\",\"name\":\"Talkpal\",\"description\":\"AI Language Learning\",\"publisher\":{\"@id\":\"https:\/\/talkpal.ai\/sl\/#organization\"},\"alternateName\":\"Talkpal AI\",\"potentialAction\":[{\"@type\":\"SearchAction\",\"target\":{\"@type\":\"EntryPoint\",\"urlTemplate\":\"https:\/\/talkpal.ai\/sl\/?s={search_term_string}\"},\"query-input\":{\"@type\":\"PropertyValueSpecification\",\"valueRequired\":true,\"valueName\":\"search_term_string\"}}],\"inLanguage\":\"sl-SI\"},{\"@type\":\"Organization\",\"@id\":\"https:\/\/talkpal.ai\/sl\/#organization\",\"name\":\"Talkpal, Inc.\",\"alternateName\":\"Talkpal AI\",\"url\":\"https:\/\/talkpal.ai\/sl\/\",\"logo\":{\"@type\":\"ImageObject\",\"inLanguage\":\"sl-SI\",\"@id\":\"https:\/\/talkpal.ai\/sl\/#\/schema\/logo\/image\/\",\"url\":\"https:\/\/talkpal.ai\/wp-content\/uploads\/2024\/03\/Talkpal-Logo-Icon.png\",\"contentUrl\":\"https:\/\/talkpal.ai\/wp-content\/uploads\/2024\/03\/Talkpal-Logo-Icon.png\",\"width\":2880,\"height\":2880,\"caption\":\"Talkpal, Inc.\"},\"image\":{\"@id\":\"https:\/\/talkpal.ai\/sl\/#\/schema\/logo\/image\/\"},\"sameAs\":[\"https:\/\/www.facebook.com\/profile.php?id=100090733639311\",\"https:\/\/x.com\/talkpalai\",\"https:\/\/www.linkedin.com\/company\/talkpal\/\",\"https:\/\/www.youtube.com\/@TalkPal\/\",\"https:\/\/www.tiktok.com\/@talkpal\",\"https:\/\/www.instagram.com\/talkpal_ai\/\",\"https:\/\/www.crunchbase.com\/organization\/talkpal-9cde\",\"https:\/\/www.g2.com\/products\/talkpal-for-business\/\",\"https:\/\/www.trustpilot.com\/review\/talkpal.ai\",\"https:\/\/www.capterra.com\/p\/10006800\/TalkPal\/\"],\"description\":\"Talkpal is a language learning web and mobile education app, powered by the latest AI technologies, that provides engaging experiences to its customers in many different languages to help them improve their language skills. Users can chat about unlimited amount of topics with the app and use other modes to practice their language learning.\",\"email\":\"support@talkpal.ai\",\"legalName\":\"Talkpal, Inc.\",\"foundingDate\":\"2023-04-03\",\"duns\":\"118989042\",\"numberOfEmployees\":{\"@type\":\"QuantitativeValue\",\"minValue\":\"11\",\"maxValue\":\"50\"},\"publishingPrinciples\":\"https:\/\/talkpal.ai\/publishing-principles\/\",\"actionableFeedbackPolicy\":\"https:\/\/talkpal.ai\/actionable-feedback-policy\/\",\"correctionsPolicy\":\"https:\/\/talkpal.ai\/corrections-policy\/\",\"ethicsPolicy\":\"https:\/\/talkpal.ai\/ethics-policy\/\",\"diversityPolicy\":\"https:\/\/talkpal.ai\/diversity-policy\/\",\"diversityStaffingReport\":\"https:\/\/talkpal.ai\/diversity-policy\/\"}]}<\/script>\n<!-- \/ Yoast SEO Premium plugin. -->","yoast_head_json":{"title":"Portugalska slovnica - Talkpal","description":"Osvojite portugalsko slovnico z interaktivnimi vajami, namenjenimi vsem ravnem znanja. Izbolj\u0161ajte svoje znanje jezika!","robots":{"index":"index","follow":"follow","max-snippet":"max-snippet:-1","max-image-preview":"max-image-preview:large","max-video-preview":"max-video-preview:-1"},"canonical":"https:\/\/talkpal.ai\/sl\/portugalska-slovnica\/","og_locale":"sl_SI","og_type":"article","og_title":"Portugalska slovnica","og_description":"Vodnik za za\u010detnike za razumevanje portugalske slovnice Ne glede na to, ali na\u010drtujete potovanje na Portugalsko ali pa vas preprosto zanima obvladovanje","og_url":"https:\/\/talkpal.ai\/sl\/portugalska-slovnica\/","og_site_name":"Talkpal","article_publisher":"https:\/\/www.facebook.com\/profile.php?id=100090733639311","article_modified_time":"2025-12-11T16:46:14+00:00","og_image":[{"width":512,"height":512,"url":"https:\/\/talkpal.ai\/wp-content\/uploads\/2023\/04\/portugal.png","type":"image\/png"}],"twitter_card":"summary_large_image","twitter_site":"@talkpalai","twitter_misc":{"Est. reading time":"3 minute"},"schema":{"@context":"https:\/\/schema.org","@graph":[{"@type":"WebPage","@id":"https:\/\/talkpal.ai\/sl\/portugalska-slovnica\/","url":"https:\/\/talkpal.ai\/sl\/portugalska-slovnica\/","name":"Portugalska slovnica - Talkpal","isPartOf":{"@id":"https:\/\/talkpal.ai\/sl\/#website"},"primaryImageOfPage":{"@id":"https:\/\/talkpal.ai\/sl\/portugalska-slovnica\/#primaryimage"},"image":{"@id":"https:\/\/talkpal.ai\/sl\/portugalska-slovnica\/#primaryimage"},"thumbnailUrl":"https:\/\/talkpal.ai\/wp-content\/uploads\/2023\/04\/portugal.png","datePublished":"2023-05-14T13:51:46+00:00","dateModified":"2025-12-11T16:46:14+00:00","description":"Osvojite portugalsko slovnico z interaktivnimi vajami, namenjenimi vsem ravnem znanja. Izbolj\u0161ajte svoje znanje jezika!","breadcrumb":{"@id":"https:\/\/talkpal.ai\/sl\/portugalska-slovnica\/#breadcrumb"},"inLanguage":"sl-SI","potentialAction":[{"@type":"ReadAction","target":["https:\/\/talkpal.ai\/sl\/portugalska-slovnica\/"]}]},{"@type":"ImageObject","inLanguage":"sl-SI","@id":"https:\/\/talkpal.ai\/sl\/portugalska-slovnica\/#primaryimage","url":"https:\/\/talkpal.ai\/wp-content\/uploads\/2023\/04\/portugal.png","contentUrl":"https:\/\/talkpal.ai\/wp-content\/uploads\/2023\/04\/portugal.png","width":512,"height":512},{"@type":"BreadcrumbList","@id":"https:\/\/talkpal.ai\/sl\/portugalska-slovnica\/#breadcrumb","itemListElement":[{"@type":"ListItem","position":1,"name":"Homepage","item":"https:\/\/talkpal.ai\/sl\/"},{"@type":"ListItem","position":2,"name":"Portugalska slovnica"}]},{"@type":"WebSite","@id":"https:\/\/talkpal.ai\/sl\/#website","url":"https:\/\/talkpal.ai\/sl\/","name":"Talkpal","description":"AI Language Learning","publisher":{"@id":"https:\/\/talkpal.ai\/sl\/#organization"},"alternateName":"Talkpal AI","potentialAction":[{"@type":"SearchAction","target":{"@type":"EntryPoint","urlTemplate":"https:\/\/talkpal.ai\/sl\/?s={search_term_string}"},"query-input":{"@type":"PropertyValueSpecification","valueRequired":true,"valueName":"search_term_string"}}],"inLanguage":"sl-SI"},{"@type":"Organization","@id":"https:\/\/talkpal.ai\/sl\/#organization","name":"Talkpal, Inc.","alternateName":"Talkpal AI","url":"https:\/\/talkpal.ai\/sl\/","logo":{"@type":"ImageObject","inLanguage":"sl-SI","@id":"https:\/\/talkpal.ai\/sl\/#\/schema\/logo\/image\/","url":"https:\/\/talkpal.ai\/wp-content\/uploads\/2024\/03\/Talkpal-Logo-Icon.png","contentUrl":"https:\/\/talkpal.ai\/wp-content\/uploads\/2024\/03\/Talkpal-Logo-Icon.png","width":2880,"height":2880,"caption":"Talkpal, Inc."},"image":{"@id":"https:\/\/talkpal.ai\/sl\/#\/schema\/logo\/image\/"},"sameAs":["https:\/\/www.facebook.com\/profile.php?id=100090733639311","https:\/\/x.com\/talkpalai","https:\/\/www.linkedin.com\/company\/talkpal\/","https:\/\/www.youtube.com\/@TalkPal\/","https:\/\/www.tiktok.com\/@talkpal","https:\/\/www.instagram.com\/talkpal_ai\/","https:\/\/www.crunchbase.com\/organization\/talkpal-9cde","https:\/\/www.g2.com\/products\/talkpal-for-business\/","https:\/\/www.trustpilot.com\/review\/talkpal.ai","https:\/\/www.capterra.com\/p\/10006800\/TalkPal\/"],"description":"Talkpal is a language learning web and mobile education app, powered by the latest AI technologies, that provides engaging experiences to its customers in many different languages to help them improve their language skills. Users can chat about unlimited amount of topics with the app and use other modes to practice their language learning.","email":"support@talkpal.ai","legalName":"Talkpal, Inc.","foundingDate":"2023-04-03","duns":"118989042","numberOfEmployees":{"@type":"QuantitativeValue","minValue":"11","maxValue":"50"},"publishingPrinciples":"https:\/\/talkpal.ai\/publishing-principles\/","actionableFeedbackPolicy":"https:\/\/talkpal.ai\/actionable-feedback-policy\/","correctionsPolicy":"https:\/\/talkpal.ai\/corrections-policy\/","ethicsPolicy":"https:\/\/talkpal.ai\/ethics-policy\/","diversityPolicy":"https:\/\/talkpal.ai\/diversity-policy\/","diversityStaffingReport":"https:\/\/talkpal.ai\/diversity-policy\/"}]}},"_links":{"self":[{"href":"https:\/\/talkpal.ai\/sl\/wp-json\/wp\/v2\/pages\/129981","targetHints":{"allow":["GET"]}}],"collection":[{"href":"https:\/\/talkpal.ai\/sl\/wp-json\/wp\/v2\/pages"}],"about":[{"href":"https:\/\/talkpal.ai\/sl\/wp-json\/wp\/v2\/types\/page"}],"author":[{"embeddable":true,"href":"https:\/\/talkpal.ai\/sl\/wp-json\/wp\/v2\/users\/1"}],"replies":[{"embeddable":true,"href":"https:\/\/talkpal.ai\/sl\/wp-json\/wp\/v2\/comments?post=129981"}],"version-history":[{"count":0,"href":"https:\/\/talkpal.ai\/sl\/wp-json\/wp\/v2\/pages\/129981\/revisions"}],"wp:featuredmedia":[{"embeddable":true,"href":"https:\/\/talkpal.ai\/sl\/wp-json\/wp\/v2\/media\/107768"}],"wp:attachment":[{"href":"https:\/\/talkpal.ai\/sl\/wp-json\/wp\/v2\/media?parent=129981"}],"curies":[{"name":"wp","href":"https:\/\/api.w.org\/{rel}","templated":true}]}}