{"id":129651,"date":"2023-05-14T13:51:09","date_gmt":"2023-05-14T13:51:09","guid":{"rendered":"http:\/\/talkpal.ai\/japonska-slovnica\/"},"modified":"2025-12-11T16:43:33","modified_gmt":"2025-12-11T16:43:33","slug":"japonska-slovnica","status":"publish","type":"page","link":"https:\/\/talkpal.ai\/sl\/japonska-slovnica\/","title":{"rendered":"Japonska slovnica"},"content":{"rendered":"\r\n\r\n\r\n<section class=\"languageChallengeSection\">\r\n    <div class=\"languageInfoWrapper\">\r\n        \r\n        <h1>Japonska slovnica<\/h1>\r\n        <p>Izbolj\u0161ajte svoje znanje japonskega jezika z obvladovanjem bistvenih slovni\u010dnih to\u010dk z jasnimi razlagami in primeri. Za\u010dnite svojo pot do teko\u010dnosti &#8211; poglobite se v japonsko slovnico \u0161e danes!<\/p>\r\n\r\n                            <a class=\"getStartedHidden\" href=\"https:\/\/app.talkpal.ai\/sl\/signup?lng=\">Za\u010dni<\/a>\r\n        \r\n    <\/div>\r\n\r\n    <figure>\r\n    <img decoding=\"async\" width=\"768\" height=\"768\" src=\"https:\/\/talkpal.ai\/wp-content\/uploads\/2023\/06\/japanese-768x768.png\" class=\"languageImage no-lazy\" alt=\"Language learning for world travelers\" fetchpriority=\"high\" sizes=\"(max-width: 768px) 150px, 768px\" srcset=\"https:\/\/talkpal.ai\/wp-content\/uploads\/2023\/06\/japanese-768x768.png 768w, https:\/\/talkpal.ai\/wp-content\/uploads\/2023\/06\/japanese-300x300.png 300w\" \/>\r\n    \r\n\r\n    <\/figure>\r\n\r\n            <a class=\"getStartedVisible\" href=\"https:\/\/app.talkpal.ai\/sl\/signup?lng=\">Za\u010dni<\/a>\r\n    \r\n<\/section>\r\n<section class=\"promotionalBanner\">\r\n    <p class=\"promotionalText\">Naju\u010dinkovitej\u0161i na\u010din u\u010denja jezika<\/p>\r\n    <a class=\"promotionalLink\" href=\"https:\/\/app.talkpal.ai\/sl\/signup?lng=\">Preizkusite Talkpal brezpla\u010dno<\/a>\r\n<\/section>\n<div class=\"wp-block-group pageContainerStyle\"><div class=\"wp-block-group__inner-container is-layout-constrained wp-block-group-is-layout-constrained\">\n<h2 class=\"wp-block-heading\" id=\"h-mastering-the-intricacies-of-japanese-grammar\">Obvladovanje zapletenosti japonske slovnice<\/h2>\n\n\n\n<p><a href=\"https:\/\/talkpal.ai\/talkpal-discount-for-language-enthusiasts\/\">Jezikovni navdu\u0161enci<\/a> pogosto menijo, da je <a href=\"https:\/\/talkpal.ai\/learn-japanese\/\">japon\u0161\u010dina<\/a> fascinanten in zahteven jezik za u\u010denje, predvsem zaradi edinstvenega slovni\u010dnega sistema. Kljub temu lahko razumevanje japonske slovnice bistveno izbolj\u0161a va\u0161e komunikacijske sposobnosti in kulturno razumevanje. V tem \u010dlanku bomo razpravljali o ve\u010d bistvenih vidikih japonske slovnice, ki vam bodo pomagali na <a href=\"https:\/\/talkpal.ai\/locations\/learn-english-in-poti\/\">poti<\/a> u\u010denja jezikov. Zato se pripnite in se podajte v o\u010darljivi svet japonske slovnice.<\/p>\n\n\n\n<h3 class=\"wp-block-heading\" id=\"h-1-sentence-structure-sov\">1. Struktura stavkov: SOV<\/h3>\n\n\n\n<p>Za razliko od angle\u0161\u010dine (predmet &#8211; glagol &#8211; predmet ali SVO) ima japon\u0161\u010dina stav\u010dno strukturo predmet &#8211; predmet &#8211; glagol (SOV). To pomeni, da glagol na splo\u0161no pride zadnji v stavku. Obe\u0161anje tega edinstvenega vrstnega <a href=\"https:\/\/talkpal.ai\/locations\/learn-english-in-reda\/\">reda<\/a> besed je klju\u010dnega pomena pri oblikovanju razumljivih stavkov v japon\u0161\u010dini.<\/p>\n\n\n\n<p>Primer:  <\/p>\n\n\n\n<p>&#8211; \u308f\u305f\u3057\u306f\u308a\u3093\u3054\u3092\u305f\u3079\u307e\u3059\u3002 (Jem jabolko)<\/p>\n\n\n\n<p>&#8211; Watashi wa ringo o tabemasu. (lit. Jaz jedem jabolko)<\/p>\n\n\n\n<h3 class=\"wp-block-heading\" id=\"h-2-particles-the-sentence-connectors\">2. Delci: priklju\u010dki stavkov<\/h3>\n\n\n\n<p>Delci imajo v japonski slovnici klju\u010dno vlogo, saj ozna\u010dujejo funkcijo besede v stavku. Nekateri pogosti delci so \u306f (wa), \u3092 (o), \u304c (ga), \u3067 (de) in \u306b (ni). Z razumevanjem delovanja teh delcev bosta de\u0161ifriranje in sestavljanje japonskih stavkov postala bistveno bolj enostavna.<\/p>\n\n\n\n<h3 class=\"wp-block-heading\" id=\"h-3-verbs-an-introduction-to-conjugation\">3. Glagoli: uvod v konjugacijo<\/h3>\n\n\n\n<p>Japonski glagoli imajo tri glavne skupine, ki se razlikujejo po kon\u010dnicah osnovnih oblik. Te skupine se upo\u0161tevajo pri konjugaciji za napetost, vljudnost in razpolo\u017eenje. Dobra novica je, da se japonski glagoli ne spreminjajo glede na temo, zaradi \u010desar so manj zapleteni kot tisti v nekaterih drugih jezikih.<\/p>\n\n\n\n<p>&#8211; Skupina 1: glagolniki v obliki \u010drke U<\/p>\n\n\n\n<p>&#8211; Skupina 2: Ru-verbi<\/p>\n\n\n\n<p>&#8211; Skupina 3: <a href=\"https:\/\/talkpal.ai\/sl\/grammar\/nepravilni-glagoli-v-angleski-slovnici\/\">nepravilni glagoli<\/a> (samo dva glagola &#8211; \u3059\u308b (suru) in \u6765\u308b (kuru))<\/p>\n\n\n\n<h3 class=\"wp-block-heading\" id=\"h-4-politeness-levels\">4. Vljudnost<\/h3>\n\n\n\n<p>Japon\u0161\u010dina je jezik z veliko vljudnosti, kar se odra\u017ea tudi v njeni slovnici. Obstajajo tri primarne ravni vljudnosti: prilo\u017enostna, vljudna in \u010dastna. Prepoznavanje in ustrezna uporaba le-teh je bistvenega pomena za naravno in spo\u0161tljivo komunikacijo.<\/p>\n\n\n\n<p>&#8211; Prilo\u017enostno: navadne glagolske oblike (npr. \u98df\u3079\u308b &#8211; taberu &#8211; jesti)<\/p>\n\n\n\n<p>&#8211; Vljudnostni: \u307e\u3059 (masu) vezava (npr. \u98df\u3079\u307e\u3059 &#8211; tabemasu &#8211; jesti (vljudno))<\/p>\n\n\n\n<p>&#8211; \u010castitljivi: posebne sklanjatve in predpone (npr. \u304a\u53ec\u3057\u4e0a\u304c\u308a\u306b\u306a\u308b &#8211; omeshiagari ni naru &#8211; jesti (\u010dastitljivi))<\/p>\n\n\n\n<h3 class=\"wp-block-heading\" id=\"h-5-japanese-adjectives\">5. Japonski pridevniki<\/h3>\n\n\n\n<p>Japonski pridevniki so na voljo v dveh vrstah: i-pridevniki in na-pridevniki. Obe vrsti imata edinstvena pravila konjugacije in razli\u010dno sodelujeta s samostalniki. Obvladovanje uporabe teh dveh vrst pridevnikov je klju\u010dnega pomena za u\u010dinkovito komunikacijo v japon\u0161\u010dini.<\/p>\n\n\n\n<h3 class=\"wp-block-heading\" id=\"h-6-engaging-with-the-language\">6. Sodelovanje z jezikom<\/h3>\n\n\n\n<p>Eden naju\u010dinkovitej\u0161ih na\u010dinov za u\u010denje japonske slovnice je dosledno sodelovanje z jezikom. Od gledanja japonskih filmov in animejev do sodelovanja v pogovornih izmenjavah z doma\u010dimi govorci, potopitev v jezik bo pomagala utrditi slovni\u010dne koncepte in raz\u0161iriti svoj besednjak.<\/p>\n\n\n\n<h3 class=\"wp-block-heading\" id=\"h-conclusion\">Zaklju\u010dek<\/h3>\n\n\n\n<p>\u010ceprav se vam <a href=\"https:\/\/talkpal.ai\/sl\/ucni-tecaj-japonscine-hitro-do-tekocega-znanja\/\">japonska slovnica<\/a> sprva zdi nepojmljiva, boste s predanostjo in \u010dasom z lahkoto obvladali njeno zapletenost. Klju\u010dno je, da ostanete radovedni in redno vadite. Vso sre\u010do na poti do obvladovanja japonske slovnice in u\u017eivajte v jezikovni pustolov\u0161\u010dini!<\/p>\n<\/div><\/div>\n\r\n<section class=\"learnNavigationSection\">\r\n            \r\n        <a href=\"https:\/\/talkpal.ai\/sl\/naucite-se-japonscine\/\">\r\n            <div class=\"learnNavigationWrapper\">\r\n                <div class=\"learnNavigationContent\">\r\n                    <img decoding=\"async\" src=\"https:\/\/talkpal.ai\/wp-content\/uploads\/2024\/08\/Japanese.jpg\" alt=\"Japanese Flag\">\r\n                    <div>\r\n                        <h4>O u\u010denju japon\u0161\u010dine<\/h4>\r\n                        <p>Izvedite vse o japonski slovnici.<\/p>\r\n                    <\/div>\r\n                <\/div>\r\n            <\/div>\r\n        <\/a>\r\n\r\n        \r\n        <a href=\"https:\/\/talkpal.ai\/sl\/japonske-slovnicne-vaje\/\">\r\n            <div class=\"learnNavigationWrapper\">\r\n                <div class=\"learnNavigationContent\">\r\n                    <img decoding=\"async\" src=\"https:\/\/talkpal.ai\/wp-content\/uploads\/2024\/08\/Japanese.jpg\" alt=\"Japanese Flag\">\r\n                    <div>\r\n                        <h4>Vaja iz japonske slovnice<\/h4>\r\n                        <p>Vadite japonsko slovnico.<\/p>\r\n                    <\/div>\r\n                <\/div>\r\n            <\/div>\r\n        <\/a>\r\n\r\n        \r\n        <a href=\"https:\/\/talkpal.ai\/vocabulary_language\/japanese\/\">\r\n            <div class=\"learnNavigationWrapper\">\r\n                <div class=\"learnNavigationContent\">\r\n                    <img decoding=\"async\" src=\"https:\/\/talkpal.ai\/wp-content\/uploads\/2024\/08\/Japanese.jpg\" alt=\"Japanese Flag\">\r\n                    <div>\r\n                        <h4>Japonski besednjak<\/h4>\r\n                        <p>Raz\u0161irite svoj japonski besedni zaklad.<\/p>\r\n                    <\/div>\r\n                <\/div>\r\n            <\/div>\r\n        <\/a>\r\n\r\n            <\/section>","protected":false},"excerpt":{"rendered":"<p>Obvladovanje zapletenosti japonske slovnice Jezikovni navdu\u0161enci pogosto menijo, da je japon\u0161\u010dina fascinanten in zahteven jezik za u\u010denje, predvsem zaradi edinstvenega slovni\u010dnega sistema. Kljub temu lahko razumevanje japonske slovnice bistveno izbolj\u0161a va\u0161e komunikacijske sposobnosti in kulturno razumevanje. V tem \u010dlanku bomo razpravljali o ve\u010d bistvenih vidikih japonske slovnice, ki vam bodo pomagali na poti u\u010denja jezikov. [&hellip;]<\/p>\n","protected":false},"author":1,"featured_media":107257,"parent":0,"menu_order":0,"comment_status":"closed","ping_status":"closed","template":"LearningContentPage.php","meta":{"_acf_changed":false,"footnotes":""},"class_list":["post-129651","page","type-page","status-publish","has-post-thumbnail","hentry"],"acf":[],"yoast_head":"<!-- This site is optimized with the Yoast SEO Premium plugin v27.2 (Yoast SEO v27.2) - https:\/\/yoast.com\/product\/yoast-seo-premium-wordpress\/ -->\n<title>Japonska slovnica - Talkpal<\/title>\n<meta name=\"description\" content=\"Osvojite japonsko slovnico z na\u0161o aplikacijo za u\u010denje jezikov z umetno inteligenco. Izbolj\u0161ajte svoje jezikovne spretnosti z Talkpalpodporo umetne inteligence.\" \/>\n<meta name=\"robots\" content=\"index, follow, max-snippet:-1, max-image-preview:large, max-video-preview:-1\" \/>\n<link rel=\"canonical\" href=\"https:\/\/talkpal.ai\/sl\/japonska-slovnica\/\" \/>\n<meta property=\"og:locale\" content=\"sl_SI\" \/>\n<meta property=\"og:type\" content=\"article\" \/>\n<meta property=\"og:title\" content=\"Japonska slovnica\" \/>\n<meta property=\"og:description\" content=\"Obvladovanje zapletenosti japonske slovnice Jezikovni navdu\u0161enci pogosto menijo, da je japon\u0161\u010dina fascinanten in zahteven jezik za u\u010denje, predvsem zaradi\" \/>\n<meta property=\"og:url\" content=\"https:\/\/talkpal.ai\/sl\/japonska-slovnica\/\" \/>\n<meta property=\"og:site_name\" content=\"Talkpal\" \/>\n<meta property=\"article:publisher\" content=\"https:\/\/www.facebook.com\/profile.php?id=100090733639311\" \/>\n<meta property=\"article:modified_time\" content=\"2025-12-11T16:43:33+00:00\" \/>\n<meta property=\"og:image\" content=\"https:\/\/talkpal.ai\/wp-content\/uploads\/2023\/04\/japan.png\" \/>\n\t<meta property=\"og:image:width\" content=\"512\" \/>\n\t<meta property=\"og:image:height\" content=\"512\" \/>\n\t<meta property=\"og:image:type\" content=\"image\/png\" \/>\n<meta name=\"twitter:card\" content=\"summary_large_image\" \/>\n<meta name=\"twitter:site\" content=\"@talkpalai\" \/>\n<meta name=\"twitter:label1\" content=\"Est. reading time\" \/>\n\t<meta name=\"twitter:data1\" content=\"2 minuti\" \/>\n<script type=\"application\/ld+json\" class=\"yoast-schema-graph\">{\"@context\":\"https:\/\/schema.org\",\"@graph\":[{\"@type\":\"WebPage\",\"@id\":\"https:\/\/talkpal.ai\/sl\/japonska-slovnica\/\",\"url\":\"https:\/\/talkpal.ai\/sl\/japonska-slovnica\/\",\"name\":\"Japonska slovnica - Talkpal\",\"isPartOf\":{\"@id\":\"https:\/\/talkpal.ai\/sl\/#website\"},\"primaryImageOfPage\":{\"@id\":\"https:\/\/talkpal.ai\/sl\/japonska-slovnica\/#primaryimage\"},\"image\":{\"@id\":\"https:\/\/talkpal.ai\/sl\/japonska-slovnica\/#primaryimage\"},\"thumbnailUrl\":\"https:\/\/talkpal.ai\/wp-content\/uploads\/2023\/04\/japan.png\",\"datePublished\":\"2023-05-14T13:51:09+00:00\",\"dateModified\":\"2025-12-11T16:43:33+00:00\",\"description\":\"Osvojite japonsko slovnico z na\u0161o aplikacijo za u\u010denje jezikov z umetno inteligenco. Izbolj\u0161ajte svoje jezikovne spretnosti z Talkpalpodporo umetne inteligence.\",\"breadcrumb\":{\"@id\":\"https:\/\/talkpal.ai\/sl\/japonska-slovnica\/#breadcrumb\"},\"inLanguage\":\"sl-SI\",\"potentialAction\":[{\"@type\":\"ReadAction\",\"target\":[\"https:\/\/talkpal.ai\/sl\/japonska-slovnica\/\"]}]},{\"@type\":\"ImageObject\",\"inLanguage\":\"sl-SI\",\"@id\":\"https:\/\/talkpal.ai\/sl\/japonska-slovnica\/#primaryimage\",\"url\":\"https:\/\/talkpal.ai\/wp-content\/uploads\/2023\/04\/japan.png\",\"contentUrl\":\"https:\/\/talkpal.ai\/wp-content\/uploads\/2023\/04\/japan.png\",\"width\":512,\"height\":512},{\"@type\":\"BreadcrumbList\",\"@id\":\"https:\/\/talkpal.ai\/sl\/japonska-slovnica\/#breadcrumb\",\"itemListElement\":[{\"@type\":\"ListItem\",\"position\":1,\"name\":\"Homepage\",\"item\":\"https:\/\/talkpal.ai\/sl\/\"},{\"@type\":\"ListItem\",\"position\":2,\"name\":\"Japonska slovnica\"}]},{\"@type\":\"WebSite\",\"@id\":\"https:\/\/talkpal.ai\/sl\/#website\",\"url\":\"https:\/\/talkpal.ai\/sl\/\",\"name\":\"Talkpal\",\"description\":\"AI Language Learning\",\"publisher\":{\"@id\":\"https:\/\/talkpal.ai\/sl\/#organization\"},\"alternateName\":\"Talkpal AI\",\"potentialAction\":[{\"@type\":\"SearchAction\",\"target\":{\"@type\":\"EntryPoint\",\"urlTemplate\":\"https:\/\/talkpal.ai\/sl\/?s={search_term_string}\"},\"query-input\":{\"@type\":\"PropertyValueSpecification\",\"valueRequired\":true,\"valueName\":\"search_term_string\"}}],\"inLanguage\":\"sl-SI\"},{\"@type\":\"Organization\",\"@id\":\"https:\/\/talkpal.ai\/sl\/#organization\",\"name\":\"Talkpal, Inc.\",\"alternateName\":\"Talkpal AI\",\"url\":\"https:\/\/talkpal.ai\/sl\/\",\"logo\":{\"@type\":\"ImageObject\",\"inLanguage\":\"sl-SI\",\"@id\":\"https:\/\/talkpal.ai\/sl\/#\/schema\/logo\/image\/\",\"url\":\"https:\/\/talkpal.ai\/wp-content\/uploads\/2024\/03\/Talkpal-Logo-Icon.png\",\"contentUrl\":\"https:\/\/talkpal.ai\/wp-content\/uploads\/2024\/03\/Talkpal-Logo-Icon.png\",\"width\":2880,\"height\":2880,\"caption\":\"Talkpal, Inc.\"},\"image\":{\"@id\":\"https:\/\/talkpal.ai\/sl\/#\/schema\/logo\/image\/\"},\"sameAs\":[\"https:\/\/www.facebook.com\/profile.php?id=100090733639311\",\"https:\/\/x.com\/talkpalai\",\"https:\/\/www.linkedin.com\/company\/talkpal\/\",\"https:\/\/www.youtube.com\/@TalkPal\/\",\"https:\/\/www.tiktok.com\/@talkpal\",\"https:\/\/www.instagram.com\/talkpal_ai\/\",\"https:\/\/www.crunchbase.com\/organization\/talkpal-9cde\",\"https:\/\/www.g2.com\/products\/talkpal-for-business\/\",\"https:\/\/www.trustpilot.com\/review\/talkpal.ai\",\"https:\/\/www.capterra.com\/p\/10006800\/TalkPal\/\"],\"description\":\"Talkpal is a language learning web and mobile education app, powered by the latest AI technologies, that provides engaging experiences to its customers in many different languages to help them improve their language skills. Users can chat about unlimited amount of topics with the app and use other modes to practice their language learning.\",\"email\":\"support@talkpal.ai\",\"legalName\":\"Talkpal, Inc.\",\"foundingDate\":\"2023-04-03\",\"duns\":\"118989042\",\"numberOfEmployees\":{\"@type\":\"QuantitativeValue\",\"minValue\":\"11\",\"maxValue\":\"50\"},\"publishingPrinciples\":\"https:\/\/talkpal.ai\/publishing-principles\/\",\"actionableFeedbackPolicy\":\"https:\/\/talkpal.ai\/actionable-feedback-policy\/\",\"correctionsPolicy\":\"https:\/\/talkpal.ai\/corrections-policy\/\",\"ethicsPolicy\":\"https:\/\/talkpal.ai\/ethics-policy\/\",\"diversityPolicy\":\"https:\/\/talkpal.ai\/diversity-policy\/\",\"diversityStaffingReport\":\"https:\/\/talkpal.ai\/diversity-policy\/\"}]}<\/script>\n<!-- \/ Yoast SEO Premium plugin. -->","yoast_head_json":{"title":"Japonska slovnica - Talkpal","description":"Osvojite japonsko slovnico z na\u0161o aplikacijo za u\u010denje jezikov z umetno inteligenco. Izbolj\u0161ajte svoje jezikovne spretnosti z Talkpalpodporo umetne inteligence.","robots":{"index":"index","follow":"follow","max-snippet":"max-snippet:-1","max-image-preview":"max-image-preview:large","max-video-preview":"max-video-preview:-1"},"canonical":"https:\/\/talkpal.ai\/sl\/japonska-slovnica\/","og_locale":"sl_SI","og_type":"article","og_title":"Japonska slovnica","og_description":"Obvladovanje zapletenosti japonske slovnice Jezikovni navdu\u0161enci pogosto menijo, da je japon\u0161\u010dina fascinanten in zahteven jezik za u\u010denje, predvsem zaradi","og_url":"https:\/\/talkpal.ai\/sl\/japonska-slovnica\/","og_site_name":"Talkpal","article_publisher":"https:\/\/www.facebook.com\/profile.php?id=100090733639311","article_modified_time":"2025-12-11T16:43:33+00:00","og_image":[{"width":512,"height":512,"url":"https:\/\/talkpal.ai\/wp-content\/uploads\/2023\/04\/japan.png","type":"image\/png"}],"twitter_card":"summary_large_image","twitter_site":"@talkpalai","twitter_misc":{"Est. reading time":"2 minuti"},"schema":{"@context":"https:\/\/schema.org","@graph":[{"@type":"WebPage","@id":"https:\/\/talkpal.ai\/sl\/japonska-slovnica\/","url":"https:\/\/talkpal.ai\/sl\/japonska-slovnica\/","name":"Japonska slovnica - Talkpal","isPartOf":{"@id":"https:\/\/talkpal.ai\/sl\/#website"},"primaryImageOfPage":{"@id":"https:\/\/talkpal.ai\/sl\/japonska-slovnica\/#primaryimage"},"image":{"@id":"https:\/\/talkpal.ai\/sl\/japonska-slovnica\/#primaryimage"},"thumbnailUrl":"https:\/\/talkpal.ai\/wp-content\/uploads\/2023\/04\/japan.png","datePublished":"2023-05-14T13:51:09+00:00","dateModified":"2025-12-11T16:43:33+00:00","description":"Osvojite japonsko slovnico z na\u0161o aplikacijo za u\u010denje jezikov z umetno inteligenco. Izbolj\u0161ajte svoje jezikovne spretnosti z Talkpalpodporo umetne inteligence.","breadcrumb":{"@id":"https:\/\/talkpal.ai\/sl\/japonska-slovnica\/#breadcrumb"},"inLanguage":"sl-SI","potentialAction":[{"@type":"ReadAction","target":["https:\/\/talkpal.ai\/sl\/japonska-slovnica\/"]}]},{"@type":"ImageObject","inLanguage":"sl-SI","@id":"https:\/\/talkpal.ai\/sl\/japonska-slovnica\/#primaryimage","url":"https:\/\/talkpal.ai\/wp-content\/uploads\/2023\/04\/japan.png","contentUrl":"https:\/\/talkpal.ai\/wp-content\/uploads\/2023\/04\/japan.png","width":512,"height":512},{"@type":"BreadcrumbList","@id":"https:\/\/talkpal.ai\/sl\/japonska-slovnica\/#breadcrumb","itemListElement":[{"@type":"ListItem","position":1,"name":"Homepage","item":"https:\/\/talkpal.ai\/sl\/"},{"@type":"ListItem","position":2,"name":"Japonska slovnica"}]},{"@type":"WebSite","@id":"https:\/\/talkpal.ai\/sl\/#website","url":"https:\/\/talkpal.ai\/sl\/","name":"Talkpal","description":"AI Language Learning","publisher":{"@id":"https:\/\/talkpal.ai\/sl\/#organization"},"alternateName":"Talkpal AI","potentialAction":[{"@type":"SearchAction","target":{"@type":"EntryPoint","urlTemplate":"https:\/\/talkpal.ai\/sl\/?s={search_term_string}"},"query-input":{"@type":"PropertyValueSpecification","valueRequired":true,"valueName":"search_term_string"}}],"inLanguage":"sl-SI"},{"@type":"Organization","@id":"https:\/\/talkpal.ai\/sl\/#organization","name":"Talkpal, Inc.","alternateName":"Talkpal AI","url":"https:\/\/talkpal.ai\/sl\/","logo":{"@type":"ImageObject","inLanguage":"sl-SI","@id":"https:\/\/talkpal.ai\/sl\/#\/schema\/logo\/image\/","url":"https:\/\/talkpal.ai\/wp-content\/uploads\/2024\/03\/Talkpal-Logo-Icon.png","contentUrl":"https:\/\/talkpal.ai\/wp-content\/uploads\/2024\/03\/Talkpal-Logo-Icon.png","width":2880,"height":2880,"caption":"Talkpal, Inc."},"image":{"@id":"https:\/\/talkpal.ai\/sl\/#\/schema\/logo\/image\/"},"sameAs":["https:\/\/www.facebook.com\/profile.php?id=100090733639311","https:\/\/x.com\/talkpalai","https:\/\/www.linkedin.com\/company\/talkpal\/","https:\/\/www.youtube.com\/@TalkPal\/","https:\/\/www.tiktok.com\/@talkpal","https:\/\/www.instagram.com\/talkpal_ai\/","https:\/\/www.crunchbase.com\/organization\/talkpal-9cde","https:\/\/www.g2.com\/products\/talkpal-for-business\/","https:\/\/www.trustpilot.com\/review\/talkpal.ai","https:\/\/www.capterra.com\/p\/10006800\/TalkPal\/"],"description":"Talkpal is a language learning web and mobile education app, powered by the latest AI technologies, that provides engaging experiences to its customers in many different languages to help them improve their language skills. Users can chat about unlimited amount of topics with the app and use other modes to practice their language learning.","email":"support@talkpal.ai","legalName":"Talkpal, Inc.","foundingDate":"2023-04-03","duns":"118989042","numberOfEmployees":{"@type":"QuantitativeValue","minValue":"11","maxValue":"50"},"publishingPrinciples":"https:\/\/talkpal.ai\/publishing-principles\/","actionableFeedbackPolicy":"https:\/\/talkpal.ai\/actionable-feedback-policy\/","correctionsPolicy":"https:\/\/talkpal.ai\/corrections-policy\/","ethicsPolicy":"https:\/\/talkpal.ai\/ethics-policy\/","diversityPolicy":"https:\/\/talkpal.ai\/diversity-policy\/","diversityStaffingReport":"https:\/\/talkpal.ai\/diversity-policy\/"}]}},"_links":{"self":[{"href":"https:\/\/talkpal.ai\/sl\/wp-json\/wp\/v2\/pages\/129651","targetHints":{"allow":["GET"]}}],"collection":[{"href":"https:\/\/talkpal.ai\/sl\/wp-json\/wp\/v2\/pages"}],"about":[{"href":"https:\/\/talkpal.ai\/sl\/wp-json\/wp\/v2\/types\/page"}],"author":[{"embeddable":true,"href":"https:\/\/talkpal.ai\/sl\/wp-json\/wp\/v2\/users\/1"}],"replies":[{"embeddable":true,"href":"https:\/\/talkpal.ai\/sl\/wp-json\/wp\/v2\/comments?post=129651"}],"version-history":[{"count":0,"href":"https:\/\/talkpal.ai\/sl\/wp-json\/wp\/v2\/pages\/129651\/revisions"}],"wp:featuredmedia":[{"embeddable":true,"href":"https:\/\/talkpal.ai\/sl\/wp-json\/wp\/v2\/media\/107257"}],"wp:attachment":[{"href":"https:\/\/talkpal.ai\/sl\/wp-json\/wp\/v2\/media?parent=129651"}],"curies":[{"name":"wp","href":"https:\/\/api.w.org\/{rel}","templated":true}]}}