{"id":129391,"date":"2023-05-14T13:50:44","date_gmt":"2023-05-14T13:50:44","guid":{"rendered":"http:\/\/talkpal.ai\/hindujska-slovnica\/"},"modified":"2025-12-13T14:59:11","modified_gmt":"2025-12-13T14:59:11","slug":"hindujska-slovnica","status":"publish","type":"page","link":"https:\/\/talkpal.ai\/sl\/hindujska-slovnica\/","title":{"rendered":"Hindujska slovnica"},"content":{"rendered":"\r\n\r\n\r\n<section class=\"languageChallengeSection\">\r\n    <div class=\"languageInfoWrapper\">\r\n        \r\n        <h1>Hindujska slovnica<\/h1>\r\n        <p>Ste pripravljeni na u\u010denje hinduj\u0161\u010dine? Poglobite se v hindijsko slovnico, v kateri jezik za\u017eivi s samostalniki, stav\u010dno strukturo subjekt-objekt-glagol in ekspresivnimi glagolskimi vezavami. Svojo pot v hinduj\u0161\u010dini lahko za\u010dnete danes &#8211; obvladovanje njene slovnice vam bo omogo\u010dilo samozavestno sporazumevanje ter povezovanje z \u017eivahno kulturo in tradicijo Indije!<\/p>\r\n\r\n                            <a class=\"getStartedHidden\" href=\"https:\/\/app.talkpal.ai\/sl\/signup?lng=\">Za\u010dni<\/a>\r\n        \r\n    <\/div>\r\n\r\n    <figure>\r\n    <img decoding=\"async\" width=\"768\" height=\"768\" src=\"https:\/\/talkpal.ai\/wp-content\/uploads\/2023\/06\/hindi-768x768.png\" class=\"languageImage no-lazy\" alt=\"Language learning for mental agility\" fetchpriority=\"high\" sizes=\"(max-width: 768px) 150px, 768px\" srcset=\"https:\/\/talkpal.ai\/wp-content\/uploads\/2023\/06\/hindi-768x768.png 768w, https:\/\/talkpal.ai\/wp-content\/uploads\/2023\/06\/hindi-300x300.png 300w\" \/>\r\n    \r\n\r\n    <\/figure>\r\n\r\n            <a class=\"getStartedVisible\" href=\"https:\/\/app.talkpal.ai\/sl\/signup?lng=\">Za\u010dni<\/a>\r\n    \r\n<\/section>\r\n<section class=\"promotionalBanner\">\r\n    <p class=\"promotionalText\">Naju\u010dinkovitej\u0161i na\u010din u\u010denja jezika<\/p>\r\n    <a class=\"promotionalLink\" href=\"https:\/\/app.talkpal.ai\/sl\/signup?lng=\">Preizkusite Talkpal brezpla\u010dno<\/a>\r\n<\/section>\n<div class=\"wp-block-group pageContainerStyle\"><div class=\"wp-block-group__inner-container is-layout-constrained wp-block-group-is-layout-constrained\">\n<h2 class=\"wp-block-heading\" id=\"h-mastering-hindi-grammar-your-ultimate-guide\">Obvladovanje hindujske slovnice: va\u0161 kon\u010dni vodnik<\/h2>\n\n\n\n<p>Namaste, <a href=\"https:\/\/talkpal.ai\/talkpal-discount-for-language-enthusiasts\/\">jezikovni navdu\u0161enci<\/a>! Ste pripravljeni raziskati svet hindujske slovnice? Pri\u0161li ste na pravo mesto. Ta \u010dlanek, poln lahko razumljivih informacij in pogovornega tona, vas bo vodil skozi fascinantno podro\u010dje hindujske slovnice. Kmalu boste znali tvoriti stavke in se smiselno pogovarjati z rojenimi govorci. Torej, potopimo se v to!<\/p>\n\n\n\n<p><strong>Najprej pa, zakaj hindujska slovnica?<\/strong><\/p>\n\n\n\n<p>\u010ce se u\u010dite hinduj\u0161\u010dine, je trdna <a href=\"https:\/\/talkpal.ai\/grammar\/\">slovnica<\/a> klju\u010dnega pomena za teko\u010de govorjenje, branje in pisanje. \u010ceprav se <a href=\"https:\/\/talkpal.ai\/hindi-grammar\/\">hindujska slovnica<\/a> sprva zdi zapletena, postane bolj dostopna, \u010de jo razdelimo na manj\u0161e, obvladljive segmente. Ta \u010dlanek bo idealen kraj za za\u010detek va\u0161e <a href=\"https:\/\/talkpal.ai\/locations\/learn-english-in-poti\/\">poti<\/a> k obvladovanju hindujske slovnice!<\/p>\n\n\n\n<h3 class=\"wp-block-heading\" id=\"h-1-nouns-gender-and-cases\">1. Samostalniki, spol in primeri<\/h3>\n\n\n\n<p>Hindujski samostalniki prihajajo v dveh spolih: mo\u0161ki in \u017eenski. Pomembno je dolo\u010diti spol samostalnikov, saj ta vpliva na druge dele govora, kot so pridevniki in glagoli.  <\/p>\n\n\n\n<p>Preprosto pravilo: \u010de se samostalnik kon\u010da na \u201e-aa\u201c (\u201e\u0906\u201c), je obi\u010dajno mo\u0161kega spola, medtem ko se samostalnik, ki se kon\u010da na \u201e-ii\u201c (\u201e\u0908\u201c), obi\u010dajno uvr\u0161\u010da v \u017eenski spol. Vendar ne pozabite &#8211; kot vedno obstajajo izjeme!  <\/p>\n\n\n\n<p>Hindujski samostalniki imajo razli\u010dne oblike, odvisno od njihove vloge v stavku (predmet, predmet, posesivni itd.). Te oblike se imenujejo primeri. V hinduj\u0161\u010dini so osnovni rodilniki neposredni (\u201e\u0906\u092e \u0915\u094d\u0930\u092e\u201c), po\u0161evni (\u201e\u0909\u092a \u0935\u093f\u0932\u094b\u092e\u201c) in vokativni (\u201e\u0938\u0902\u092c\u094b\u0927\u0928\u201c).<\/p>\n\n\n\n<h3 class=\"wp-block-heading\" id=\"h-2-pronouns-and-agreement\">2. Zaimki in soglasje<\/h3>\n\n\n\n<p>Hindujski zaimki (jaz, ti, on, ona itd.) se spreminjajo glede na spol in hierarhijo. Na primer: \u092e\u0948\u0902 (main &#8211; jaz), \u0924\u0941\u092e (tum &#8211; ti, neformalno), \u0906\u092a (aap &#8211; ti, formalno), \u0935\u0939 (vah &#8211; on\/ona), \u0939\u092e (hum &#8211; mi) in \u0935\u0947 (ve &#8211; oni).  <\/p>\n\n\n\n<p>Pri uporabi zaimkov se je treba zavedati hierarhije. Medtem ko <a href=\"https:\/\/talkpal.ai\/culture\/what-is-the-difference-between-je-and-na-for-i\/\">je na<\/a> primer \u201e\u0924\u0941\u092e\u201c morda primerno med prijatelji, pa z uporabo \u201e\u0906\u092a\u201c izkazujete spo\u0161tovanje, ko nagovarjate starej\u0161e ali neznance.<\/p>\n\n\n\n<h3 class=\"wp-block-heading\" id=\"h-3-verbs-tense-and-conjugation\">3. Glagoli, \u010dasi in sklanjanje<\/h3>\n\n\n\n<p>Glagoli tvorijo hrbtenico hindujske slovnice in njihovo razumevanje je klju\u010dnega pomena za konstruiranje stavkov. Glagol v hinduj\u0161\u010dini na splo\u0161no delimo na prehodne (\u201e\u0938\u0915\u0930\u094d\u092e\u0915\u201c) in neprehodne (\u201e\u0905\u0915\u0930\u094d\u092e\u0915\u201c), pri \u010demer se za vsakega od njih uporabljajo druga\u010dna pravila sklanjanja.  <\/p>\n\n\n\n<p>Za hiter pregled si poglejmo sedanji \u010das pri rednih glagolih:<\/p>\n\n\n\n<p>&#8211; \u092e\u0948\u0902 \u092a\u0922\u093c\u0924\u093e \u0939\u0942\u0901 (main padhta hoon &#8211; berem, mo\u0161ki spol)<\/p>\n\n\n\n<p>&#8211; \u092e\u0948\u0902 \u092a\u0922\u093c\u0924\u0940 \u0939\u0942\u0901 (main padhti hoon &#8211; berem, \u017eenski spol)<\/p>\n\n\n\n<p>&#8211; \u0924\u0941\u092e \u092a\u0922\u093c\u0924\u0947 \u0939\u094b (tum padhte ho &#8211; bere\u0161, neformalno, mo\u0161ki spol)<\/p>\n\n\n\n<p>&#8211; \u0924\u0941\u092e \u092a\u0922\u093c\u0924\u0940 \u0939\u094b (tum padhti ho &#8211; bere\u0161, neformalno, \u017eenski spol)<\/p>\n\n\n\n<p>Ne pozabite, da je to \u0161ele za\u010detek! Obstaja veliko \u010dasov in nepravilnih glagolov, ki jih je treba obvladati, vendar vas vsak nov korak pribli\u017ea teko\u010demu.<\/p>\n\n\n\n<h3 class=\"wp-block-heading\" id=\"h-4-adjectives-adverbs-and-more\">4. Pridevniki, prislovi in \u0161e ve\u010d!<\/h3>\n\n\n\n<p>Hindujska slovnica vklju\u010duje druge komponente, kot so pridevniki (ki se morajo ujemati s samostalniki po spolu in \u0161tevilu), prislovi, predlogi in idiomatski izrazi. Vsak element je klju\u010dnega pomena za teko\u010de znanje hinduj\u0161\u010dine, zato se jih lotite korak za korakom.<\/p>\n\n\n\n<p>Skratka, za obvladovanje hindujske slovnice ni bli\u017enjic. Zahteva vztrajnost, prakso in potrpe\u017eljivost. Vendar ko ga boste enkrat osvojili, boste znali ceniti nianse pogovora v hinduj\u0161\u010dini, odkrivali bogato kulturo in zgodovino ter poglobili svojo ljubezen do jezika. \u0936\u0941\u092d\u0915\u093e\u092e\u0928\u093e\u090f\u0901 (shubhkaamnaayein &#8211; najbolj\u0161e \u017eelje)!<\/p>\n<\/div><\/div>\n\r\n<section class=\"learnNavigationSection\">\r\n            \r\n        <a href=\"https:\/\/talkpal.ai\/sl\/naucite-se-hindujscine\/\">\r\n            <div class=\"learnNavigationWrapper\">\r\n                <div class=\"learnNavigationContent\">\r\n                    <img decoding=\"async\" src=\"https:\/\/talkpal.ai\/wp-content\/uploads\/2024\/08\/Hindi.jpg\" alt=\"Indian Flag\">\r\n                    <div>\r\n                        <h4>O u\u010denju hinduj\u0161\u010dine<\/h4>\r\n                        <p>Izvedite vse o hindujski slovnici.<\/p>\r\n                    <\/div>\r\n                <\/div>\r\n            <\/div>\r\n        <\/a>\r\n\r\n        \r\n        <a href=\"https:\/\/talkpal.ai\/sl\/hindujske-slovnicne-vaje\/\">\r\n            <div class=\"learnNavigationWrapper\">\r\n                <div class=\"learnNavigationContent\">\r\n                    <img decoding=\"async\" src=\"https:\/\/talkpal.ai\/wp-content\/uploads\/2024\/08\/Hindi.jpg\" alt=\"Indian Flag\">\r\n                    <div>\r\n                        <h4>Hindi gramatika Vaja<\/h4>\r\n                        <p>Vadite hindujsko slovnico.<\/p>\r\n                    <\/div>\r\n                <\/div>\r\n            <\/div>\r\n        <\/a>\r\n\r\n        \r\n        <a href=\"https:\/\/talkpal.ai\/vocabulary_language\/hindi\/\">\r\n            <div class=\"learnNavigationWrapper\">\r\n                <div class=\"learnNavigationContent\">\r\n                    <img decoding=\"async\" src=\"https:\/\/talkpal.ai\/wp-content\/uploads\/2024\/08\/Hindi.jpg\" alt=\"Indian Flag\">\r\n                    <div>\r\n                        <h4>Hindijski besednjak<\/h4>\r\n                        <p>Raz\u0161irite svoj besedni zaklad v hinduj\u0161\u010dini.<\/p>\r\n                    <\/div>\r\n                <\/div>\r\n            <\/div>\r\n        <\/a>\r\n\r\n            <\/section>","protected":false},"excerpt":{"rendered":"<p>Obvladovanje hindujske slovnice: va\u0161 kon\u010dni vodnik Namaste, jezikovni navdu\u0161enci! Ste pripravljeni raziskati svet hindujske slovnice? Pri\u0161li ste na pravo mesto. Ta \u010dlanek, poln lahko razumljivih informacij in pogovornega tona, vas bo vodil skozi fascinantno podro\u010dje hindujske slovnice. Kmalu boste znali tvoriti stavke in se smiselno pogovarjati z rojenimi govorci. Torej, potopimo se v to! Najprej [&hellip;]<\/p>\n","protected":false},"author":1,"featured_media":188231,"parent":0,"menu_order":0,"comment_status":"closed","ping_status":"closed","template":"LearningContentPage.php","meta":{"_acf_changed":false,"footnotes":""},"class_list":["post-129391","page","type-page","status-publish","has-post-thumbnail","hentry"],"acf":[],"yoast_head":"<!-- This site is optimized with the Yoast SEO Premium plugin v27.2 (Yoast SEO v27.2) - https:\/\/yoast.com\/product\/yoast-seo-premium-wordpress\/ -->\n<title>Hindujska slovnica - Talkpal<\/title>\n<meta name=\"description\" content=\"Samozavestno obvladajte slovnico hinduj\u0161\u010dine - nau\u010dite se jasnih pravil, oblikujte pravilne stavke in govorite bolje z enostavnim vodenjem iz Talkpal AI.\" \/>\n<meta name=\"robots\" content=\"index, follow, max-snippet:-1, max-image-preview:large, max-video-preview:-1\" \/>\n<link rel=\"canonical\" href=\"https:\/\/talkpal.ai\/sl\/hindujska-slovnica\/\" \/>\n<meta property=\"og:locale\" content=\"sl_SI\" \/>\n<meta property=\"og:type\" content=\"article\" \/>\n<meta property=\"og:title\" content=\"Hindujska slovnica\" \/>\n<meta property=\"og:description\" content=\"Obvladovanje hindujske slovnice: va\u0161 kon\u010dni vodnik Namaste, jezikovni navdu\u0161enci! Ste pripravljeni raziskati svet hindujske slovnice? Pri\u0161li ste na pravo\" \/>\n<meta property=\"og:url\" content=\"https:\/\/talkpal.ai\/sl\/hindujska-slovnica\/\" \/>\n<meta property=\"og:site_name\" content=\"Talkpal\" \/>\n<meta property=\"article:publisher\" content=\"https:\/\/www.facebook.com\/profile.php?id=100090733639311\" \/>\n<meta property=\"article:modified_time\" content=\"2025-12-13T14:59:11+00:00\" \/>\n<meta property=\"og:image\" content=\"https:\/\/talkpal.ai\/wp-content\/uploads\/2024\/02\/india.png\" \/>\n\t<meta property=\"og:image:width\" content=\"517\" \/>\n\t<meta property=\"og:image:height\" content=\"517\" \/>\n\t<meta property=\"og:image:type\" content=\"image\/png\" \/>\n<meta name=\"twitter:card\" content=\"summary_large_image\" \/>\n<meta name=\"twitter:site\" content=\"@talkpalai\" \/>\n<meta name=\"twitter:label1\" content=\"Est. reading time\" \/>\n\t<meta name=\"twitter:data1\" content=\"2 minuti\" \/>\n<script type=\"application\/ld+json\" class=\"yoast-schema-graph\">{\"@context\":\"https:\/\/schema.org\",\"@graph\":[{\"@type\":\"WebPage\",\"@id\":\"https:\/\/talkpal.ai\/sl\/hindujska-slovnica\/\",\"url\":\"https:\/\/talkpal.ai\/sl\/hindujska-slovnica\/\",\"name\":\"Hindujska slovnica - Talkpal\",\"isPartOf\":{\"@id\":\"https:\/\/talkpal.ai\/sl\/#website\"},\"primaryImageOfPage\":{\"@id\":\"https:\/\/talkpal.ai\/sl\/hindujska-slovnica\/#primaryimage\"},\"image\":{\"@id\":\"https:\/\/talkpal.ai\/sl\/hindujska-slovnica\/#primaryimage\"},\"thumbnailUrl\":\"https:\/\/talkpal.ai\/wp-content\/uploads\/2024\/02\/india.png\",\"datePublished\":\"2023-05-14T13:50:44+00:00\",\"dateModified\":\"2025-12-13T14:59:11+00:00\",\"description\":\"Samozavestno obvladajte slovnico hinduj\u0161\u010dine - nau\u010dite se jasnih pravil, oblikujte pravilne stavke in govorite bolje z enostavnim vodenjem iz Talkpal AI.\",\"breadcrumb\":{\"@id\":\"https:\/\/talkpal.ai\/sl\/hindujska-slovnica\/#breadcrumb\"},\"inLanguage\":\"sl-SI\",\"potentialAction\":[{\"@type\":\"ReadAction\",\"target\":[\"https:\/\/talkpal.ai\/sl\/hindujska-slovnica\/\"]}]},{\"@type\":\"ImageObject\",\"inLanguage\":\"sl-SI\",\"@id\":\"https:\/\/talkpal.ai\/sl\/hindujska-slovnica\/#primaryimage\",\"url\":\"https:\/\/talkpal.ai\/wp-content\/uploads\/2024\/02\/india.png\",\"contentUrl\":\"https:\/\/talkpal.ai\/wp-content\/uploads\/2024\/02\/india.png\",\"width\":517,\"height\":517,\"caption\":\"TalkPal Indian Flag\"},{\"@type\":\"BreadcrumbList\",\"@id\":\"https:\/\/talkpal.ai\/sl\/hindujska-slovnica\/#breadcrumb\",\"itemListElement\":[{\"@type\":\"ListItem\",\"position\":1,\"name\":\"Homepage\",\"item\":\"https:\/\/talkpal.ai\/sl\/\"},{\"@type\":\"ListItem\",\"position\":2,\"name\":\"Hindujska slovnica\"}]},{\"@type\":\"WebSite\",\"@id\":\"https:\/\/talkpal.ai\/sl\/#website\",\"url\":\"https:\/\/talkpal.ai\/sl\/\",\"name\":\"Talkpal\",\"description\":\"AI Language Learning\",\"publisher\":{\"@id\":\"https:\/\/talkpal.ai\/sl\/#organization\"},\"alternateName\":\"Talkpal AI\",\"potentialAction\":[{\"@type\":\"SearchAction\",\"target\":{\"@type\":\"EntryPoint\",\"urlTemplate\":\"https:\/\/talkpal.ai\/sl\/?s={search_term_string}\"},\"query-input\":{\"@type\":\"PropertyValueSpecification\",\"valueRequired\":true,\"valueName\":\"search_term_string\"}}],\"inLanguage\":\"sl-SI\"},{\"@type\":\"Organization\",\"@id\":\"https:\/\/talkpal.ai\/sl\/#organization\",\"name\":\"Talkpal, Inc.\",\"alternateName\":\"Talkpal AI\",\"url\":\"https:\/\/talkpal.ai\/sl\/\",\"logo\":{\"@type\":\"ImageObject\",\"inLanguage\":\"sl-SI\",\"@id\":\"https:\/\/talkpal.ai\/sl\/#\/schema\/logo\/image\/\",\"url\":\"https:\/\/talkpal.ai\/wp-content\/uploads\/2024\/03\/Talkpal-Logo-Icon.png\",\"contentUrl\":\"https:\/\/talkpal.ai\/wp-content\/uploads\/2024\/03\/Talkpal-Logo-Icon.png\",\"width\":2880,\"height\":2880,\"caption\":\"Talkpal, Inc.\"},\"image\":{\"@id\":\"https:\/\/talkpal.ai\/sl\/#\/schema\/logo\/image\/\"},\"sameAs\":[\"https:\/\/www.facebook.com\/profile.php?id=100090733639311\",\"https:\/\/x.com\/talkpalai\",\"https:\/\/www.linkedin.com\/company\/talkpal\/\",\"https:\/\/www.youtube.com\/@TalkPal\/\",\"https:\/\/www.tiktok.com\/@talkpal\",\"https:\/\/www.instagram.com\/talkpal_ai\/\",\"https:\/\/www.crunchbase.com\/organization\/talkpal-9cde\",\"https:\/\/www.g2.com\/products\/talkpal-for-business\/\",\"https:\/\/www.trustpilot.com\/review\/talkpal.ai\",\"https:\/\/www.capterra.com\/p\/10006800\/TalkPal\/\"],\"description\":\"Talkpal is a language learning web and mobile education app, powered by the latest AI technologies, that provides engaging experiences to its customers in many different languages to help them improve their language skills. Users can chat about unlimited amount of topics with the app and use other modes to practice their language learning.\",\"email\":\"support@talkpal.ai\",\"legalName\":\"Talkpal, Inc.\",\"foundingDate\":\"2023-04-03\",\"duns\":\"118989042\",\"numberOfEmployees\":{\"@type\":\"QuantitativeValue\",\"minValue\":\"11\",\"maxValue\":\"50\"},\"publishingPrinciples\":\"https:\/\/talkpal.ai\/publishing-principles\/\",\"actionableFeedbackPolicy\":\"https:\/\/talkpal.ai\/actionable-feedback-policy\/\",\"correctionsPolicy\":\"https:\/\/talkpal.ai\/corrections-policy\/\",\"ethicsPolicy\":\"https:\/\/talkpal.ai\/ethics-policy\/\",\"diversityPolicy\":\"https:\/\/talkpal.ai\/diversity-policy\/\",\"diversityStaffingReport\":\"https:\/\/talkpal.ai\/diversity-policy\/\"}]}<\/script>\n<!-- \/ Yoast SEO Premium plugin. -->","yoast_head_json":{"title":"Hindujska slovnica - Talkpal","description":"Samozavestno obvladajte slovnico hinduj\u0161\u010dine - nau\u010dite se jasnih pravil, oblikujte pravilne stavke in govorite bolje z enostavnim vodenjem iz Talkpal AI.","robots":{"index":"index","follow":"follow","max-snippet":"max-snippet:-1","max-image-preview":"max-image-preview:large","max-video-preview":"max-video-preview:-1"},"canonical":"https:\/\/talkpal.ai\/sl\/hindujska-slovnica\/","og_locale":"sl_SI","og_type":"article","og_title":"Hindujska slovnica","og_description":"Obvladovanje hindujske slovnice: va\u0161 kon\u010dni vodnik Namaste, jezikovni navdu\u0161enci! Ste pripravljeni raziskati svet hindujske slovnice? Pri\u0161li ste na pravo","og_url":"https:\/\/talkpal.ai\/sl\/hindujska-slovnica\/","og_site_name":"Talkpal","article_publisher":"https:\/\/www.facebook.com\/profile.php?id=100090733639311","article_modified_time":"2025-12-13T14:59:11+00:00","og_image":[{"width":517,"height":517,"url":"https:\/\/talkpal.ai\/wp-content\/uploads\/2024\/02\/india.png","type":"image\/png"}],"twitter_card":"summary_large_image","twitter_site":"@talkpalai","twitter_misc":{"Est. reading time":"2 minuti"},"schema":{"@context":"https:\/\/schema.org","@graph":[{"@type":"WebPage","@id":"https:\/\/talkpal.ai\/sl\/hindujska-slovnica\/","url":"https:\/\/talkpal.ai\/sl\/hindujska-slovnica\/","name":"Hindujska slovnica - Talkpal","isPartOf":{"@id":"https:\/\/talkpal.ai\/sl\/#website"},"primaryImageOfPage":{"@id":"https:\/\/talkpal.ai\/sl\/hindujska-slovnica\/#primaryimage"},"image":{"@id":"https:\/\/talkpal.ai\/sl\/hindujska-slovnica\/#primaryimage"},"thumbnailUrl":"https:\/\/talkpal.ai\/wp-content\/uploads\/2024\/02\/india.png","datePublished":"2023-05-14T13:50:44+00:00","dateModified":"2025-12-13T14:59:11+00:00","description":"Samozavestno obvladajte slovnico hinduj\u0161\u010dine - nau\u010dite se jasnih pravil, oblikujte pravilne stavke in govorite bolje z enostavnim vodenjem iz Talkpal AI.","breadcrumb":{"@id":"https:\/\/talkpal.ai\/sl\/hindujska-slovnica\/#breadcrumb"},"inLanguage":"sl-SI","potentialAction":[{"@type":"ReadAction","target":["https:\/\/talkpal.ai\/sl\/hindujska-slovnica\/"]}]},{"@type":"ImageObject","inLanguage":"sl-SI","@id":"https:\/\/talkpal.ai\/sl\/hindujska-slovnica\/#primaryimage","url":"https:\/\/talkpal.ai\/wp-content\/uploads\/2024\/02\/india.png","contentUrl":"https:\/\/talkpal.ai\/wp-content\/uploads\/2024\/02\/india.png","width":517,"height":517,"caption":"TalkPal Indian Flag"},{"@type":"BreadcrumbList","@id":"https:\/\/talkpal.ai\/sl\/hindujska-slovnica\/#breadcrumb","itemListElement":[{"@type":"ListItem","position":1,"name":"Homepage","item":"https:\/\/talkpal.ai\/sl\/"},{"@type":"ListItem","position":2,"name":"Hindujska slovnica"}]},{"@type":"WebSite","@id":"https:\/\/talkpal.ai\/sl\/#website","url":"https:\/\/talkpal.ai\/sl\/","name":"Talkpal","description":"AI Language Learning","publisher":{"@id":"https:\/\/talkpal.ai\/sl\/#organization"},"alternateName":"Talkpal AI","potentialAction":[{"@type":"SearchAction","target":{"@type":"EntryPoint","urlTemplate":"https:\/\/talkpal.ai\/sl\/?s={search_term_string}"},"query-input":{"@type":"PropertyValueSpecification","valueRequired":true,"valueName":"search_term_string"}}],"inLanguage":"sl-SI"},{"@type":"Organization","@id":"https:\/\/talkpal.ai\/sl\/#organization","name":"Talkpal, Inc.","alternateName":"Talkpal AI","url":"https:\/\/talkpal.ai\/sl\/","logo":{"@type":"ImageObject","inLanguage":"sl-SI","@id":"https:\/\/talkpal.ai\/sl\/#\/schema\/logo\/image\/","url":"https:\/\/talkpal.ai\/wp-content\/uploads\/2024\/03\/Talkpal-Logo-Icon.png","contentUrl":"https:\/\/talkpal.ai\/wp-content\/uploads\/2024\/03\/Talkpal-Logo-Icon.png","width":2880,"height":2880,"caption":"Talkpal, Inc."},"image":{"@id":"https:\/\/talkpal.ai\/sl\/#\/schema\/logo\/image\/"},"sameAs":["https:\/\/www.facebook.com\/profile.php?id=100090733639311","https:\/\/x.com\/talkpalai","https:\/\/www.linkedin.com\/company\/talkpal\/","https:\/\/www.youtube.com\/@TalkPal\/","https:\/\/www.tiktok.com\/@talkpal","https:\/\/www.instagram.com\/talkpal_ai\/","https:\/\/www.crunchbase.com\/organization\/talkpal-9cde","https:\/\/www.g2.com\/products\/talkpal-for-business\/","https:\/\/www.trustpilot.com\/review\/talkpal.ai","https:\/\/www.capterra.com\/p\/10006800\/TalkPal\/"],"description":"Talkpal is a language learning web and mobile education app, powered by the latest AI technologies, that provides engaging experiences to its customers in many different languages to help them improve their language skills. Users can chat about unlimited amount of topics with the app and use other modes to practice their language learning.","email":"support@talkpal.ai","legalName":"Talkpal, Inc.","foundingDate":"2023-04-03","duns":"118989042","numberOfEmployees":{"@type":"QuantitativeValue","minValue":"11","maxValue":"50"},"publishingPrinciples":"https:\/\/talkpal.ai\/publishing-principles\/","actionableFeedbackPolicy":"https:\/\/talkpal.ai\/actionable-feedback-policy\/","correctionsPolicy":"https:\/\/talkpal.ai\/corrections-policy\/","ethicsPolicy":"https:\/\/talkpal.ai\/ethics-policy\/","diversityPolicy":"https:\/\/talkpal.ai\/diversity-policy\/","diversityStaffingReport":"https:\/\/talkpal.ai\/diversity-policy\/"}]}},"_links":{"self":[{"href":"https:\/\/talkpal.ai\/sl\/wp-json\/wp\/v2\/pages\/129391","targetHints":{"allow":["GET"]}}],"collection":[{"href":"https:\/\/talkpal.ai\/sl\/wp-json\/wp\/v2\/pages"}],"about":[{"href":"https:\/\/talkpal.ai\/sl\/wp-json\/wp\/v2\/types\/page"}],"author":[{"embeddable":true,"href":"https:\/\/talkpal.ai\/sl\/wp-json\/wp\/v2\/users\/1"}],"replies":[{"embeddable":true,"href":"https:\/\/talkpal.ai\/sl\/wp-json\/wp\/v2\/comments?post=129391"}],"version-history":[{"count":0,"href":"https:\/\/talkpal.ai\/sl\/wp-json\/wp\/v2\/pages\/129391\/revisions"}],"wp:featuredmedia":[{"embeddable":true,"href":"https:\/\/talkpal.ai\/sl\/wp-json\/wp\/v2\/media\/188231"}],"wp:attachment":[{"href":"https:\/\/talkpal.ai\/sl\/wp-json\/wp\/v2\/media?parent=129391"}],"curies":[{"name":"wp","href":"https:\/\/api.w.org\/{rel}","templated":true}]}}