{"id":129049,"date":"2023-05-14T13:50:21","date_gmt":"2023-05-14T13:50:21","guid":{"rendered":"http:\/\/talkpal.ai\/finska-slovnica\/"},"modified":"2025-12-11T17:05:31","modified_gmt":"2025-12-11T17:05:31","slug":"finska-slovnica","status":"publish","type":"page","link":"https:\/\/talkpal.ai\/sl\/finska-slovnica\/","title":{"rendered":"Finska slovnica"},"content":{"rendered":"\r\n\r\n\r\n<section class=\"languageChallengeSection\">\r\n    <div class=\"languageInfoWrapper\">\r\n        \r\n        <h1>Finska slovnica<\/h1>\r\n        <p>Ste pripravljeni odkriti skrivnosti fin\u0161\u010dine? Spoznajte finsko slovnico, ki slovi po logi\u010dni strukturi, harmoniji samoglasnikov in impresivnem \u0161tevilu primerov. Za\u010dnite se u\u010diti \u0161e danes &#8211; obvladovanje finske slovnice vam bo dalo samozavest pri govorjenju in navezovanju stikov ter vam odprlo vrata v bogato finsko kulturo in tradicijo!<\/p>\r\n\r\n                            <a class=\"getStartedHidden\" href=\"https:\/\/app.talkpal.ai\/sl\/signup?lng=\">Za\u010dni<\/a>\r\n        \r\n    <\/div>\r\n\r\n    <figure>\r\n    <img decoding=\"async\" width=\"768\" height=\"768\" src=\"https:\/\/talkpal.ai\/wp-content\/uploads\/2023\/06\/Finnish-768x768.png\" class=\"languageImage no-lazy\" alt=\"Develop your language aptitude learning\" fetchpriority=\"high\" sizes=\"(max-width: 768px) 150px, 768px\" srcset=\"https:\/\/talkpal.ai\/wp-content\/uploads\/2023\/06\/Finnish-768x768.png 768w, https:\/\/talkpal.ai\/wp-content\/uploads\/2023\/06\/Finnish-300x300.png 300w\" \/>\r\n    \r\n\r\n    <\/figure>\r\n\r\n            <a class=\"getStartedVisible\" href=\"https:\/\/app.talkpal.ai\/sl\/signup?lng=\">Za\u010dni<\/a>\r\n    \r\n<\/section>\r\n<section class=\"promotionalBanner\">\r\n    <p class=\"promotionalText\">Naju\u010dinkovitej\u0161i na\u010din u\u010denja jezika<\/p>\r\n    <a class=\"promotionalLink\" href=\"https:\/\/app.talkpal.ai\/sl\/signup?lng=\">Preizkusite Talkpal brezpla\u010dno<\/a>\r\n<\/section>\n<div class=\"wp-block-group pageContainerStyle\"><div class=\"wp-block-group__inner-container is-layout-constrained wp-block-group-is-layout-constrained\">\n<h2 class=\"wp-block-heading\" id=\"h-finnish-grammar-a-guide-to-mastering-the-complexities-of-the-finnish-language\">Finska slovnica: vodnik za obvladovanje kompleksnosti finskega jezika<\/h2>\n\n\n\n<p>Fin\u0161\u010dina, edinstven in fascinanten jezik, ki ga govori pribli\u017eno 5 milijonov ljudi, je znana po svoji zapletenosti in zna\u010dilnem slovni\u010dnem sistemu. Na prvi pogled se pravila in strukture v <a href=\"https:\/\/talkpal.ai\/learn-finnish\/\">finski<\/a> slovnici morda zdijo zastra\u0161ujo\u010da, vendar se ne bojte! S potrpe\u017eljivostjo, prakso in vodenjem lahko razkrijete skrivnosti finske slovnice in izbolj\u0161ate svoje jezikovno znanje. V tem \u010dlanku vam bomo predstavili pregled finske slovnice in vam posredovali nekaj nasvetov za la\u017eje u\u010denje.<\/p>\n\n\n\n<h3 class=\"wp-block-heading\" id=\"h-the-basics-of-finnish-grammar\">Osnove finske slovnice:<\/h3>\n\n\n\n<p>Za finsko slovnico, ki se precej razlikuje od angle\u0161ke slovnice, je zna\u010dilna bogata uporaba primerov, pomanjkanje slovni\u010dnega spola in edinstven sistem konjugacije glagolov. Tukaj je nekaj bistvenih vidikov finske slovnice, ki jih morate poznati:<\/p>\n\n\n\n<p><strong>1. Samostalni\u0161ki primeri:<\/strong> fin\u0161\u010dina ima 15 samostalni\u0161kih primerov, ki ozna\u010dujejo razmerje med samostalnikom in drugimi sestavnimi deli stavka. Vsak samostalni\u0161ki kov\u010dek ima poseben konec, ki se pritrdi na steblo samostalnika. Nekaj primerov samostalni\u0161kih primerov vklju\u010duje nominativni, genitivni, akuzativni in partitiven.<\/p>\n\n\n\n<p><strong>2. Brez slovni\u010dnega<\/strong> spola: Za razliko od mnogih jezikov fin\u0161\u010dina samostalnikom ne pripisuje spola. Namesto tega se v jeziku uporablja <a href=\"https:\/\/talkpal.ai\/locations\/language-courses-in-ena\/\">ena<\/a> beseda &#8211; h\u00e4n -, ki ozna\u010duje tako &#8220;on&#8221; kot &#8220;ona&#8221;. Ta zna\u010dilnost poenostavlja <a href=\"https:\/\/talkpal.ai\/learn-finnish\/\">u\u010denje fin\u0161\u010dine<\/a> in odpravlja potrebo po pomnjenju spolnih \u010dlenov ali zaimkovnih oblik.<\/p>\n\n\n\n<p><strong>3. Konjugacija glagolov: finski glagoli so konjugirani<\/strong> na podlagi napetosti, razpolo\u017eenja in glasu. V fin\u0161\u010dini obstajajo \u0161tirje glagolski \u010dasi: sedanjost, preteklost, popolnost in pluperfect. Poleg tega imajo finski glagoli pet razpolo\u017eenj: okvirno, pogojno, potencialno, nujno in eventivno.<\/p>\n\n\n\n<p><strong>4. Samoglasni\u0161ka harmonija<\/strong> : V fin\u0161\u010dini so samoglasniki razdeljeni v tri skupine: spredaj (\u00e4, \u00f6, y), zadaj (a, o, u) in nevtralni (i, e). Zaradi harmonije samoglasnikov se sprednji in zadnji samoglasniki obi\u010dajno ne morejo pojaviti v isti besedi, razen sestavljenih besed in nekaterih izposojenk.<\/p>\n\n\n\n<h3 class=\"wp-block-heading\" id=\"h-strategies-for-learning-finnish-grammar\">Strategije za u\u010denje finske slovnice:<\/h3>\n\n\n\n<p>Razumevanje finske slovnice se morda zdi nepojmljivo, vendar jo boste s pravo miselnostjo in strategijami u\u010denja lahko obvladali. Tukaj je nekaj koristnih nasvetov za vodenje \u0161tudije:<\/p>\n\n\n\n<p><strong>1. Naredite otro\u0161ke korake:<\/strong> Za\u010dnite z osnovami finske slovnice, kot so samostalni\u0161ki primeri in glagolska konjugacija. Z razdelitvijo zapletenih pravil na manj\u0161e, la\u017eje prebavljive dele boste lahko postopoma napredovali in zgradili trdne temelje.<\/p>\n\n\n\n<p><strong>2. Redno vadite:<\/strong> Doslednost je klju\u010dnega pomena pri u\u010denju jezika. Vsak dan ali teden dodelite \u010das za vadbo slovnice z vajami, branjem in pisanjem v fin\u0161\u010dini.<\/p>\n\n\n\n<p><strong>3. Uporabite izvorne vire:<\/strong> \u010ce \u017eelite bolje razumeti finsko slovnico v kontekstu, se potopite v izvorno gradivo, kot so literatura, novice in podcasti. To vam bo pomagalo internalizirati pravila in izbolj\u0161ati svoje sposobnosti poslu\u0161anja in branja.<\/p>\n\n\n\n<p><strong>4. Pove\u017eite se z doma\u010dimi<\/strong> govorci: Sodelovanje v pogovoru z doma\u010dimi govorci fin\u0161\u010dine je odli\u010den na\u010din za vadbo slovnice in pridobivanje dragocenih povratnih informacij. Pridru\u017eite se skupinam za izmenjavo jezikov ali spletnim forumom, kjer se lahko pove\u017eete z ljudmi, ki govorijo finsko.<\/p>\n\n\n\n<p><strong>5. Bodite potrpe\u017eljivi in vztrajni:<\/strong> S potrpe\u017eljivostjo in predanostjo boste razvozlali njene zaplete in postali ve\u0161\u010di jezika.<\/p>\n\n\n\n<h3 class=\"wp-block-heading\" id=\"h-conclusion\">Sklep:<\/h3>\n\n\n\n<p>Svet finske slovnice, \u010deprav zapleten, je zanimiv, ki ga je mogo\u010de razvozlati z odlo\u010dnostjo in prakso. S spoznavanjem osnovnih elementov finske slovnice in upo\u0161tevanjem na\u0161ih u\u010dnih strategij si boste utrli pot do teko\u010dega u\u010denja in globljega razumevanja tega o\u010darljivega jezika. Zato se s pozitivno naravnanostjo poglobite v zapletenost finske slovnice in \u0161e preden se boste zavedali, boste samozavestno krmarili po jezikovni pokrajini Suomi!<\/p>\n<\/div><\/div>\n\r\n<section class=\"learnNavigationSection\">\r\n            \r\n        <a href=\"https:\/\/talkpal.ai\/sl\/naucite-se-finscine\/\">\r\n            <div class=\"learnNavigationWrapper\">\r\n                <div class=\"learnNavigationContent\">\r\n                    <img decoding=\"async\" src=\"https:\/\/talkpal.ai\/wp-content\/uploads\/2024\/08\/Finnish.jpg\" alt=\"Finnish Flag\">\r\n                    <div>\r\n                        <h4>O u\u010denju fin\u0161\u010dine<\/h4>\r\n                        <p>Izvedite vse o finski slovnici.<\/p>\r\n                    <\/div>\r\n                <\/div>\r\n            <\/div>\r\n        <\/a>\r\n\r\n        \r\n        <a href=\"https:\/\/talkpal.ai\/sl\/finske-slovnicne-vaje\/\">\r\n            <div class=\"learnNavigationWrapper\">\r\n                <div class=\"learnNavigationContent\">\r\n                    <img decoding=\"async\" src=\"https:\/\/talkpal.ai\/wp-content\/uploads\/2024\/08\/Finnish.jpg\" alt=\"Finnish Flag\">\r\n                    <div>\r\n                        <h4>Vaja iz finske slovnice<\/h4>\r\n                        <p>Vadite finsko slovnico.<\/p>\r\n                    <\/div>\r\n                <\/div>\r\n            <\/div>\r\n        <\/a>\r\n\r\n        \r\n        <a href=\"https:\/\/talkpal.ai\/vocabulary_language\/finnish\/\">\r\n            <div class=\"learnNavigationWrapper\">\r\n                <div class=\"learnNavigationContent\">\r\n                    <img decoding=\"async\" src=\"https:\/\/talkpal.ai\/wp-content\/uploads\/2024\/08\/Finnish.jpg\" alt=\"Finnish Flag\">\r\n                    <div>\r\n                        <h4>Finski besednjak<\/h4>\r\n                        <p>Raz\u0161irite svoj finski besedni zaklad.<\/p>\r\n                    <\/div>\r\n                <\/div>\r\n            <\/div>\r\n        <\/a>\r\n\r\n            <\/section>","protected":false},"excerpt":{"rendered":"<p>Finska slovnica: vodnik za obvladovanje kompleksnosti finskega jezika Fin\u0161\u010dina, edinstven in fascinanten jezik, ki ga govori pribli\u017eno 5 milijonov ljudi, je znana po svoji zapletenosti in zna\u010dilnem slovni\u010dnem sistemu. Na prvi pogled se pravila in strukture v finski slovnici morda zdijo zastra\u0161ujo\u010da, vendar se ne bojte! S potrpe\u017eljivostjo, prakso in vodenjem lahko razkrijete skrivnosti finske [&hellip;]<\/p>\n","protected":false},"author":1,"featured_media":106663,"parent":0,"menu_order":0,"comment_status":"closed","ping_status":"closed","template":"LearningContentPage.php","meta":{"_acf_changed":false,"footnotes":""},"class_list":["post-129049","page","type-page","status-publish","has-post-thumbnail","hentry"],"acf":[],"yoast_head":"<!-- This site is optimized with the Yoast SEO Premium plugin v27.2 (Yoast SEO v27.2) - https:\/\/yoast.com\/product\/yoast-seo-premium-wordpress\/ -->\n<title>Finska slovnica - Talkpal<\/title>\n<meta name=\"description\" content=\"Spoznajte bistvene vidike finske slovnice, vklju\u010dno s primeri, glagoli, stav\u010dno strukturo in nasveti za izgovorjavo, ki vam bodo pomagali obvladati finski jezik.\" \/>\n<meta name=\"robots\" content=\"index, follow, max-snippet:-1, max-image-preview:large, max-video-preview:-1\" \/>\n<link rel=\"canonical\" href=\"https:\/\/talkpal.ai\/sl\/finska-slovnica\/\" \/>\n<meta property=\"og:locale\" content=\"sl_SI\" \/>\n<meta property=\"og:type\" content=\"article\" \/>\n<meta property=\"og:title\" content=\"Finska slovnica\" \/>\n<meta property=\"og:description\" content=\"Finska slovnica: vodnik za obvladovanje kompleksnosti finskega jezika Fin\u0161\u010dina, edinstven in fascinanten jezik, ki ga govori pribli\u017eno 5 milijonov ljudi,\" \/>\n<meta property=\"og:url\" content=\"https:\/\/talkpal.ai\/sl\/finska-slovnica\/\" \/>\n<meta property=\"og:site_name\" content=\"Talkpal\" \/>\n<meta property=\"article:publisher\" content=\"https:\/\/www.facebook.com\/profile.php?id=100090733639311\" \/>\n<meta property=\"article:modified_time\" content=\"2025-12-11T17:05:31+00:00\" \/>\n<meta property=\"og:image\" content=\"https:\/\/talkpal.ai\/wp-content\/uploads\/2023\/04\/finland.png\" \/>\n\t<meta property=\"og:image:width\" content=\"512\" \/>\n\t<meta property=\"og:image:height\" content=\"512\" \/>\n\t<meta property=\"og:image:type\" content=\"image\/png\" \/>\n<meta name=\"twitter:card\" content=\"summary_large_image\" \/>\n<meta name=\"twitter:site\" content=\"@talkpalai\" \/>\n<meta name=\"twitter:label1\" content=\"Est. reading time\" \/>\n\t<meta name=\"twitter:data1\" content=\"3 minute\" \/>\n<script type=\"application\/ld+json\" class=\"yoast-schema-graph\">{\"@context\":\"https:\/\/schema.org\",\"@graph\":[{\"@type\":\"WebPage\",\"@id\":\"https:\/\/talkpal.ai\/sl\/finska-slovnica\/\",\"url\":\"https:\/\/talkpal.ai\/sl\/finska-slovnica\/\",\"name\":\"Finska slovnica - Talkpal\",\"isPartOf\":{\"@id\":\"https:\/\/talkpal.ai\/sl\/#website\"},\"primaryImageOfPage\":{\"@id\":\"https:\/\/talkpal.ai\/sl\/finska-slovnica\/#primaryimage\"},\"image\":{\"@id\":\"https:\/\/talkpal.ai\/sl\/finska-slovnica\/#primaryimage\"},\"thumbnailUrl\":\"https:\/\/talkpal.ai\/wp-content\/uploads\/2023\/04\/finland.png\",\"datePublished\":\"2023-05-14T13:50:21+00:00\",\"dateModified\":\"2025-12-11T17:05:31+00:00\",\"description\":\"Spoznajte bistvene vidike finske slovnice, vklju\u010dno s primeri, glagoli, stav\u010dno strukturo in nasveti za izgovorjavo, ki vam bodo pomagali obvladati finski jezik.\",\"breadcrumb\":{\"@id\":\"https:\/\/talkpal.ai\/sl\/finska-slovnica\/#breadcrumb\"},\"inLanguage\":\"sl-SI\",\"potentialAction\":[{\"@type\":\"ReadAction\",\"target\":[\"https:\/\/talkpal.ai\/sl\/finska-slovnica\/\"]}]},{\"@type\":\"ImageObject\",\"inLanguage\":\"sl-SI\",\"@id\":\"https:\/\/talkpal.ai\/sl\/finska-slovnica\/#primaryimage\",\"url\":\"https:\/\/talkpal.ai\/wp-content\/uploads\/2023\/04\/finland.png\",\"contentUrl\":\"https:\/\/talkpal.ai\/wp-content\/uploads\/2023\/04\/finland.png\",\"width\":512,\"height\":512,\"caption\":\"TalkPal finland Flag\"},{\"@type\":\"BreadcrumbList\",\"@id\":\"https:\/\/talkpal.ai\/sl\/finska-slovnica\/#breadcrumb\",\"itemListElement\":[{\"@type\":\"ListItem\",\"position\":1,\"name\":\"Homepage\",\"item\":\"https:\/\/talkpal.ai\/sl\/\"},{\"@type\":\"ListItem\",\"position\":2,\"name\":\"Finska slovnica\"}]},{\"@type\":\"WebSite\",\"@id\":\"https:\/\/talkpal.ai\/sl\/#website\",\"url\":\"https:\/\/talkpal.ai\/sl\/\",\"name\":\"Talkpal\",\"description\":\"AI Language Learning\",\"publisher\":{\"@id\":\"https:\/\/talkpal.ai\/sl\/#organization\"},\"alternateName\":\"Talkpal AI\",\"potentialAction\":[{\"@type\":\"SearchAction\",\"target\":{\"@type\":\"EntryPoint\",\"urlTemplate\":\"https:\/\/talkpal.ai\/sl\/?s={search_term_string}\"},\"query-input\":{\"@type\":\"PropertyValueSpecification\",\"valueRequired\":true,\"valueName\":\"search_term_string\"}}],\"inLanguage\":\"sl-SI\"},{\"@type\":\"Organization\",\"@id\":\"https:\/\/talkpal.ai\/sl\/#organization\",\"name\":\"Talkpal, Inc.\",\"alternateName\":\"Talkpal AI\",\"url\":\"https:\/\/talkpal.ai\/sl\/\",\"logo\":{\"@type\":\"ImageObject\",\"inLanguage\":\"sl-SI\",\"@id\":\"https:\/\/talkpal.ai\/sl\/#\/schema\/logo\/image\/\",\"url\":\"https:\/\/talkpal.ai\/wp-content\/uploads\/2024\/03\/Talkpal-Logo-Icon.png\",\"contentUrl\":\"https:\/\/talkpal.ai\/wp-content\/uploads\/2024\/03\/Talkpal-Logo-Icon.png\",\"width\":2880,\"height\":2880,\"caption\":\"Talkpal, Inc.\"},\"image\":{\"@id\":\"https:\/\/talkpal.ai\/sl\/#\/schema\/logo\/image\/\"},\"sameAs\":[\"https:\/\/www.facebook.com\/profile.php?id=100090733639311\",\"https:\/\/x.com\/talkpalai\",\"https:\/\/www.linkedin.com\/company\/talkpal\/\",\"https:\/\/www.youtube.com\/@TalkPal\/\",\"https:\/\/www.tiktok.com\/@talkpal\",\"https:\/\/www.instagram.com\/talkpal_ai\/\",\"https:\/\/www.crunchbase.com\/organization\/talkpal-9cde\",\"https:\/\/www.g2.com\/products\/talkpal-for-business\/\",\"https:\/\/www.trustpilot.com\/review\/talkpal.ai\",\"https:\/\/www.capterra.com\/p\/10006800\/TalkPal\/\"],\"description\":\"Talkpal is a language learning web and mobile education app, powered by the latest AI technologies, that provides engaging experiences to its customers in many different languages to help them improve their language skills. Users can chat about unlimited amount of topics with the app and use other modes to practice their language learning.\",\"email\":\"support@talkpal.ai\",\"legalName\":\"Talkpal, Inc.\",\"foundingDate\":\"2023-04-03\",\"duns\":\"118989042\",\"numberOfEmployees\":{\"@type\":\"QuantitativeValue\",\"minValue\":\"11\",\"maxValue\":\"50\"},\"publishingPrinciples\":\"https:\/\/talkpal.ai\/publishing-principles\/\",\"actionableFeedbackPolicy\":\"https:\/\/talkpal.ai\/actionable-feedback-policy\/\",\"correctionsPolicy\":\"https:\/\/talkpal.ai\/corrections-policy\/\",\"ethicsPolicy\":\"https:\/\/talkpal.ai\/ethics-policy\/\",\"diversityPolicy\":\"https:\/\/talkpal.ai\/diversity-policy\/\",\"diversityStaffingReport\":\"https:\/\/talkpal.ai\/diversity-policy\/\"}]}<\/script>\n<!-- \/ Yoast SEO Premium plugin. -->","yoast_head_json":{"title":"Finska slovnica - Talkpal","description":"Spoznajte bistvene vidike finske slovnice, vklju\u010dno s primeri, glagoli, stav\u010dno strukturo in nasveti za izgovorjavo, ki vam bodo pomagali obvladati finski jezik.","robots":{"index":"index","follow":"follow","max-snippet":"max-snippet:-1","max-image-preview":"max-image-preview:large","max-video-preview":"max-video-preview:-1"},"canonical":"https:\/\/talkpal.ai\/sl\/finska-slovnica\/","og_locale":"sl_SI","og_type":"article","og_title":"Finska slovnica","og_description":"Finska slovnica: vodnik za obvladovanje kompleksnosti finskega jezika Fin\u0161\u010dina, edinstven in fascinanten jezik, ki ga govori pribli\u017eno 5 milijonov ljudi,","og_url":"https:\/\/talkpal.ai\/sl\/finska-slovnica\/","og_site_name":"Talkpal","article_publisher":"https:\/\/www.facebook.com\/profile.php?id=100090733639311","article_modified_time":"2025-12-11T17:05:31+00:00","og_image":[{"width":512,"height":512,"url":"https:\/\/talkpal.ai\/wp-content\/uploads\/2023\/04\/finland.png","type":"image\/png"}],"twitter_card":"summary_large_image","twitter_site":"@talkpalai","twitter_misc":{"Est. reading time":"3 minute"},"schema":{"@context":"https:\/\/schema.org","@graph":[{"@type":"WebPage","@id":"https:\/\/talkpal.ai\/sl\/finska-slovnica\/","url":"https:\/\/talkpal.ai\/sl\/finska-slovnica\/","name":"Finska slovnica - Talkpal","isPartOf":{"@id":"https:\/\/talkpal.ai\/sl\/#website"},"primaryImageOfPage":{"@id":"https:\/\/talkpal.ai\/sl\/finska-slovnica\/#primaryimage"},"image":{"@id":"https:\/\/talkpal.ai\/sl\/finska-slovnica\/#primaryimage"},"thumbnailUrl":"https:\/\/talkpal.ai\/wp-content\/uploads\/2023\/04\/finland.png","datePublished":"2023-05-14T13:50:21+00:00","dateModified":"2025-12-11T17:05:31+00:00","description":"Spoznajte bistvene vidike finske slovnice, vklju\u010dno s primeri, glagoli, stav\u010dno strukturo in nasveti za izgovorjavo, ki vam bodo pomagali obvladati finski jezik.","breadcrumb":{"@id":"https:\/\/talkpal.ai\/sl\/finska-slovnica\/#breadcrumb"},"inLanguage":"sl-SI","potentialAction":[{"@type":"ReadAction","target":["https:\/\/talkpal.ai\/sl\/finska-slovnica\/"]}]},{"@type":"ImageObject","inLanguage":"sl-SI","@id":"https:\/\/talkpal.ai\/sl\/finska-slovnica\/#primaryimage","url":"https:\/\/talkpal.ai\/wp-content\/uploads\/2023\/04\/finland.png","contentUrl":"https:\/\/talkpal.ai\/wp-content\/uploads\/2023\/04\/finland.png","width":512,"height":512,"caption":"TalkPal finland Flag"},{"@type":"BreadcrumbList","@id":"https:\/\/talkpal.ai\/sl\/finska-slovnica\/#breadcrumb","itemListElement":[{"@type":"ListItem","position":1,"name":"Homepage","item":"https:\/\/talkpal.ai\/sl\/"},{"@type":"ListItem","position":2,"name":"Finska slovnica"}]},{"@type":"WebSite","@id":"https:\/\/talkpal.ai\/sl\/#website","url":"https:\/\/talkpal.ai\/sl\/","name":"Talkpal","description":"AI Language Learning","publisher":{"@id":"https:\/\/talkpal.ai\/sl\/#organization"},"alternateName":"Talkpal AI","potentialAction":[{"@type":"SearchAction","target":{"@type":"EntryPoint","urlTemplate":"https:\/\/talkpal.ai\/sl\/?s={search_term_string}"},"query-input":{"@type":"PropertyValueSpecification","valueRequired":true,"valueName":"search_term_string"}}],"inLanguage":"sl-SI"},{"@type":"Organization","@id":"https:\/\/talkpal.ai\/sl\/#organization","name":"Talkpal, Inc.","alternateName":"Talkpal AI","url":"https:\/\/talkpal.ai\/sl\/","logo":{"@type":"ImageObject","inLanguage":"sl-SI","@id":"https:\/\/talkpal.ai\/sl\/#\/schema\/logo\/image\/","url":"https:\/\/talkpal.ai\/wp-content\/uploads\/2024\/03\/Talkpal-Logo-Icon.png","contentUrl":"https:\/\/talkpal.ai\/wp-content\/uploads\/2024\/03\/Talkpal-Logo-Icon.png","width":2880,"height":2880,"caption":"Talkpal, Inc."},"image":{"@id":"https:\/\/talkpal.ai\/sl\/#\/schema\/logo\/image\/"},"sameAs":["https:\/\/www.facebook.com\/profile.php?id=100090733639311","https:\/\/x.com\/talkpalai","https:\/\/www.linkedin.com\/company\/talkpal\/","https:\/\/www.youtube.com\/@TalkPal\/","https:\/\/www.tiktok.com\/@talkpal","https:\/\/www.instagram.com\/talkpal_ai\/","https:\/\/www.crunchbase.com\/organization\/talkpal-9cde","https:\/\/www.g2.com\/products\/talkpal-for-business\/","https:\/\/www.trustpilot.com\/review\/talkpal.ai","https:\/\/www.capterra.com\/p\/10006800\/TalkPal\/"],"description":"Talkpal is a language learning web and mobile education app, powered by the latest AI technologies, that provides engaging experiences to its customers in many different languages to help them improve their language skills. Users can chat about unlimited amount of topics with the app and use other modes to practice their language learning.","email":"support@talkpal.ai","legalName":"Talkpal, Inc.","foundingDate":"2023-04-03","duns":"118989042","numberOfEmployees":{"@type":"QuantitativeValue","minValue":"11","maxValue":"50"},"publishingPrinciples":"https:\/\/talkpal.ai\/publishing-principles\/","actionableFeedbackPolicy":"https:\/\/talkpal.ai\/actionable-feedback-policy\/","correctionsPolicy":"https:\/\/talkpal.ai\/corrections-policy\/","ethicsPolicy":"https:\/\/talkpal.ai\/ethics-policy\/","diversityPolicy":"https:\/\/talkpal.ai\/diversity-policy\/","diversityStaffingReport":"https:\/\/talkpal.ai\/diversity-policy\/"}]}},"_links":{"self":[{"href":"https:\/\/talkpal.ai\/sl\/wp-json\/wp\/v2\/pages\/129049","targetHints":{"allow":["GET"]}}],"collection":[{"href":"https:\/\/talkpal.ai\/sl\/wp-json\/wp\/v2\/pages"}],"about":[{"href":"https:\/\/talkpal.ai\/sl\/wp-json\/wp\/v2\/types\/page"}],"author":[{"embeddable":true,"href":"https:\/\/talkpal.ai\/sl\/wp-json\/wp\/v2\/users\/1"}],"replies":[{"embeddable":true,"href":"https:\/\/talkpal.ai\/sl\/wp-json\/wp\/v2\/comments?post=129049"}],"version-history":[{"count":0,"href":"https:\/\/talkpal.ai\/sl\/wp-json\/wp\/v2\/pages\/129049\/revisions"}],"wp:featuredmedia":[{"embeddable":true,"href":"https:\/\/talkpal.ai\/sl\/wp-json\/wp\/v2\/media\/106663"}],"wp:attachment":[{"href":"https:\/\/talkpal.ai\/sl\/wp-json\/wp\/v2\/media?parent=129049"}],"curies":[{"name":"wp","href":"https:\/\/api.w.org\/{rel}","templated":true}]}}