{"id":128711,"date":"2023-05-14T13:49:38","date_gmt":"2023-05-14T13:49:38","guid":{"rendered":"http:\/\/talkpal.ai\/nizozemska-slovnica\/"},"modified":"2025-12-11T17:02:53","modified_gmt":"2025-12-11T17:02:53","slug":"nizozemska-slovnica","status":"publish","type":"page","link":"https:\/\/talkpal.ai\/sl\/nizozemska-slovnica\/","title":{"rendered":"Nizozemska slovnica"},"content":{"rendered":"\r\n\r\n\r\n<section class=\"languageChallengeSection\">\r\n    <div class=\"languageInfoWrapper\">\r\n        \r\n        <h1>Nizozemska slovnica<\/h1>\r\n        <p>Spoznajte temelje nizozemskega jezika z u\u010denjem osnovnih slovni\u010dnih pravil. Osvojitev nizozemske slovnice vam bo pomagala pri u\u010dinkovitem sporazumevanju in poglobljenem spoznavanju nizozemske kulture. Za\u010dnite se u\u010diti nizozemske slovnice \u0161e danes in naredite prvi korak k teko\u010demu govoru!\n<\/p>\r\n\r\n                            <a class=\"getStartedHidden\" href=\"https:\/\/app.talkpal.ai\/sl\/signup?lng=\">Za\u010dni<\/a>\r\n        \r\n    <\/div>\r\n\r\n    <figure>\r\n    <img decoding=\"async\" width=\"768\" height=\"768\" src=\"https:\/\/talkpal.ai\/wp-content\/uploads\/2023\/06\/Dutch-768x768.png\" class=\"languageImage no-lazy\" alt=\"Developing skills through language learning\" fetchpriority=\"high\" sizes=\"(max-width: 768px) 150px, 768px\" srcset=\"https:\/\/talkpal.ai\/wp-content\/uploads\/2023\/06\/Dutch-768x768.png 768w, https:\/\/talkpal.ai\/wp-content\/uploads\/2023\/06\/Dutch-300x300.png 300w\" \/>\r\n    \r\n\r\n    <\/figure>\r\n\r\n            <a class=\"getStartedVisible\" href=\"https:\/\/app.talkpal.ai\/sl\/signup?lng=\">Za\u010dni<\/a>\r\n    \r\n<\/section>\r\n<section class=\"promotionalBanner\">\r\n    <p class=\"promotionalText\">Naju\u010dinkovitej\u0161i na\u010din u\u010denja jezika<\/p>\r\n    <a class=\"promotionalLink\" href=\"https:\/\/app.talkpal.ai\/sl\/signup?lng=\">Preizkusite Talkpal brezpla\u010dno<\/a>\r\n<\/section>\n<div class=\"wp-block-group pageContainerStyle\"><div class=\"wp-block-group__inner-container is-layout-constrained wp-block-group-is-layout-constrained\">\n<h2 class=\"wp-block-heading\" id=\"h-dutch-grammar-master-the-mechanics-of-the-dutch-language\">Nizozemska slovnica: mojster mehanike nizozemskega jezika<\/h2>\n\n\n\n<p>\u010ce ste se odlo\u010dili za u\u010denje nizozem\u0161\u010dine, vas \u010daka vznemirljiva vo\u017enja! Z ve\u010d kot 23 milijoni govorcev po vsem svetu je <a href=\"https:\/\/talkpal.ai\/learn-dutch\/\">nizozem\u0161\u010dina<\/a> fantasti\u010den jezik, ki krepi va\u0161e jezikovne sposobnosti in \u0161iri va\u0161a obzorja. Morda ste sli\u0161ali \u0161epetanje o zapletenosti nizozemske slovnice, vendar se ne bojte! Ta \u010dlanek slu\u017ei kot prijazen vodnik za za\u010detnike, ki bo nizozemsko slovnico razlo\u017eil na zabaven, a iz\u010drpen na\u010din.<\/p>\n\n\n\n<h3 class=\"wp-block-heading\" id=\"h-1-the-pillar-of-dutch-grammar-word-order\">1. Steber nizozemske slovnice: vrstni red besed<\/h3>\n\n\n\n<p><a href=\"https:\/\/talkpal.ai\/dutch-grammar\/\">Nizozemska slovnica<\/a> se mo\u010dno opira na vrstni red besed. Na splo\u0161no ima podobno kot <a href=\"https:\/\/talkpal.ai\/learn-english-with-ai\/\">angle\u0161\u010dina<\/a> strukturo &#8220;subjekt &#8211; glagol &#8211; predmet&#8221;. Vendar ima nizozem\u0161\u010dina edinstveno zna\u010dilnost: vrstni red besed glagol Drugi (V2). V stavku z ve\u010d kot enim glagolom se drugi glagol potisne do konca. Na primer:<\/p>\n\n\n\n<p><a href=\"https:\/\/talkpal.ai\/learn-english-with-ai\/\">Angle\u0161\u010dina<\/a>: Danes moram delati.<\/p>\n\n\n\n<p>Nizozemsko: Ik moet vandaag werken. (dobesedno: &#8220;Danes moram delati.&#8221;)<\/p>\n\n\n\n<p>Obvladovanje vrstnega <a href=\"https:\/\/talkpal.ai\/locations\/learn-english-in-reda\/\">reda<\/a> besed V2 je bistvenega pomena pri u\u010denju nizozemske slovnice.<\/p>\n\n\n\n<h3 class=\"wp-block-heading\" id=\"h-2-get-to-know-your-articles\">2. Spoznajte svoje \u010dlanke<\/h3>\n\n\n\n<p>Nizozem\u0161\u010dina ima dva dolo\u010dna \u010dlena (&#8220;de&#8221; in &#8220;het&#8221;) in nedolo\u010den \u010dlen (&#8220;een&#8221;). Izbira med dvema dolo\u010dnima \u010dlankoma je lahko te\u017eavna, brez dokon\u010dnega pravila, ki bi ga bilo treba upo\u0161tevati. Kot za\u010detnik je najbolj\u0161i na\u010din, da se jih nau\u010dimo, skozi prakso in kontekst. Na primer:<\/p>\n\n\n\n<p>De man &#8211; Mo\u0161ki<\/p>\n\n\n\n<p>Het meisje &#8211; Dekle<\/p>\n\n\n\n<p>Een hond &#8211; Pes<\/p>\n\n\n\n<h3 class=\"wp-block-heading\" id=\"h-3-the-dance-of-dutch-conjugations\">3. Ples nizozemskih spregatev<\/h3>\n\n\n\n<p>Tako kot angle\u0161\u010dina tudi nizozemski glagoli spreminjajo obliko, da izra\u017eajo napetost in razpolo\u017eenje. V nizozem\u0161\u010dini obstajajo tri primarne skupine glagolskih konjugacij: \u0161ibki glagoli, mo\u010dni glagoli in <a href=\"https:\/\/talkpal.ai\/sl\/grammar\/nepravilni-glagoli-v-angleski-slovnici\/\">nepravilni glagoli<\/a>.<\/p>\n\n\n\n<p>\u0160ibki glagoli imajo dolo\u010dena pravila za sklanjanje, zato se jih je dokaj enostavno nau\u010diti.  <\/p>\n\n\n\n<p>Primer (sedanji \u010das): Ik werk, jij werkt, hij\/zij\/u werkt, wij\/jullie\/zij werken<\/p>\n\n\n\n<p>Mo\u010dni glagoli vklju\u010dujejo spremembe samoglasnikov, zaradi \u010desar jih u\u010denci pogosto zapomnijo posami\u010dno.<\/p>\n\n\n\n<p>Primer (sedanji \u010das): Ik zing, jij zingt, hij\/zij\/u zingt, wij\/jullie\/zij zingen<\/p>\n\n\n\n<p><a href=\"https:\/\/talkpal.ai\/sl\/grammar\/nepravilni-glagoli-v-angleski-slovnici\/\">Nepravilni glagoli<\/a>, kot pove \u017ee njihovo ime, ne sledijo nobenemu ustaljenemu vzorcu za sklanjanje in se jih je treba nau\u010diti samostojno.<\/p>\n\n\n\n<p>Primer (sedanji \u010das): Ik ben, jij bent, hij\/zij\/u is, wij\/jullie\/zij zijn<\/p>\n\n\n\n<h3 class=\"wp-block-heading\" id=\"h-4-a-flair-for-pronouns\">4. Pridih za zaimke<\/h3>\n\n\n\n<p>Zaimki v nizozemski slovnici nadome\u0161\u010dajo samostalnike in so bistveni za bolj dinami\u010den in teko\u010d govor. Obstajajo osebni zaimki, posesivni zaimki, demonstrativni zaimki in refleksivni zaimki. Kot za\u010detnik je razumevanje osebnih in posesivnih zaimkov klju\u010dnega pomena.<\/p>\n\n\n\n<p>Osebni zaimki: ik (I), jij\/je (you), hij\/zij\/ze (on\/ona), wij\/we (mi), jullie (vi vsi), zij\/ze (oni)<\/p>\n\n\n\n<p>Posesivni zaimki: mijn (my), jouw\/je (ur), zijn\/haar (njegov\/njen), ons\/onze (na\u0161), jullie (va\u0161), hun\/koko\u0161 (njihovi)<\/p>\n\n\n\n<h3 class=\"wp-block-heading\" id=\"h-5-cases-no-more-mostly\">5. Zadeve ne ve\u010d (ve\u010dinoma)<\/h3>\n\n\n\n<p>Za razliko od nem\u0161\u010dine nizozem\u0161\u010dina v vsakdanjem \u017eivljenju ne uporablja ve\u010d sistema primerov, kar zagotavlja nekaj olaj\u0161anja od jezikovnih ovir. <a href=\"https:\/\/talkpal.ai\/locations\/learn-german-in-edina\/\">Edina<\/a> izjema so nizozemske razli\u010dice besed \u201ewho\u201c in \u201ewho\u201c (wie oziroma wie) ter nekaj stalnih izrazov (kot je te allen tijde, kar pomeni \u201eob vsakem \u010dasu\u201c).  <\/p>\n\n\n\n<p>\u010cestitam! Naredili ste prve korake k obvladovanju nizozemske slovnice. Ne pozabite, da je praksa klju\u010dnega pomena, zato se ne oklevajte poglobiti v znanje, komunicirati z rojenimi govorci in graditi trdne temelje. Tan\u010dica je uspe\u0161na! (Sre\u010dno!)<\/p>\n<\/div><\/div>\n\r\n<section class=\"learnNavigationSection\">\r\n            \r\n        <a href=\"https:\/\/talkpal.ai\/sl\/naucite-se-nizozemscine\/\">\r\n            <div class=\"learnNavigationWrapper\">\r\n                <div class=\"learnNavigationContent\">\r\n                    <img decoding=\"async\" src=\"https:\/\/talkpal.ai\/wp-content\/uploads\/2024\/08\/Dutch.jpg\" alt=\"Netherlands Flag\">\r\n                    <div>\r\n                        <h4>O nizozemskem u\u010denju<\/h4>\r\n                        <p>Izvedite vse o nizozemski slovnici.<\/p>\r\n                    <\/div>\r\n                <\/div>\r\n            <\/div>\r\n        <\/a>\r\n\r\n        \r\n        <a href=\"https:\/\/talkpal.ai\/sl\/nizozemske-slovnicne-vaje\/\">\r\n            <div class=\"learnNavigationWrapper\">\r\n                <div class=\"learnNavigationContent\">\r\n                    <img decoding=\"async\" src=\"https:\/\/talkpal.ai\/wp-content\/uploads\/2024\/08\/Dutch.jpg\" alt=\"Netherlands Flag\">\r\n                    <div>\r\n                        <h4>Vaja iz nizozemske slovnice<\/h4>\r\n                        <p>Vadite nizozemsko slovnico.<\/p>\r\n                    <\/div>\r\n                <\/div>\r\n            <\/div>\r\n        <\/a>\r\n\r\n        \r\n        <a href=\"https:\/\/talkpal.ai\/vocabulary_language\/dutch\/\">\r\n            <div class=\"learnNavigationWrapper\">\r\n                <div class=\"learnNavigationContent\">\r\n                    <img decoding=\"async\" src=\"https:\/\/talkpal.ai\/wp-content\/uploads\/2024\/08\/Dutch.jpg\" alt=\"Netherlands Flag\">\r\n                    <div>\r\n                        <h4>Nizozemski besednjak<\/h4>\r\n                        <p>Raz\u0161irite svoj nizozemski besedni zaklad.<\/p>\r\n                    <\/div>\r\n                <\/div>\r\n            <\/div>\r\n        <\/a>\r\n\r\n            <\/section>","protected":false},"excerpt":{"rendered":"<p>Nizozemska slovnica: mojster mehanike nizozemskega jezika \u010ce ste se odlo\u010dili za u\u010denje nizozem\u0161\u010dine, vas \u010daka vznemirljiva vo\u017enja! Z ve\u010d kot 23 milijoni govorcev po vsem svetu je nizozem\u0161\u010dina fantasti\u010den jezik, ki krepi va\u0161e jezikovne sposobnosti in \u0161iri va\u0161a obzorja. Morda ste sli\u0161ali \u0161epetanje o zapletenosti nizozemske slovnice, vendar se ne bojte! Ta \u010dlanek slu\u017ei kot [&hellip;]<\/p>\n","protected":false},"author":1,"featured_media":106345,"parent":0,"menu_order":0,"comment_status":"closed","ping_status":"closed","template":"LearningContentPage.php","meta":{"_acf_changed":false,"footnotes":""},"class_list":["post-128711","page","type-page","status-publish","has-post-thumbnail","hentry"],"acf":[],"yoast_head":"<!-- This site is optimized with the Yoast SEO Premium plugin v27.2 (Yoast SEO v27.2) - https:\/\/yoast.com\/product\/yoast-seo-premium-wordpress\/ -->\n<title>Nizozemska slovnica - Talkpal<\/title>\n<meta name=\"description\" content=\"Osvojite nizozemsko slovnico z Talkpal, va\u0161im jezikovnim u\u010diteljem, ki ga poganja umetna inteligenca. Dostopajte do jasnih razlag, prakti\u010dnih primerov in interaktivnih vaj!\" \/>\n<meta name=\"robots\" content=\"index, follow, max-snippet:-1, max-image-preview:large, max-video-preview:-1\" \/>\n<link rel=\"canonical\" href=\"https:\/\/talkpal.ai\/sl\/nizozemska-slovnica\/\" \/>\n<meta property=\"og:locale\" content=\"sl_SI\" \/>\n<meta property=\"og:type\" content=\"article\" \/>\n<meta property=\"og:title\" content=\"Nizozemska slovnica\" \/>\n<meta property=\"og:description\" content=\"Nizozemska slovnica: mojster mehanike nizozemskega jezika \u010ce ste se odlo\u010dili za u\u010denje nizozem\u0161\u010dine, vas \u010daka vznemirljiva vo\u017enja! Z ve\u010d kot 23 milijoni\" \/>\n<meta property=\"og:url\" content=\"https:\/\/talkpal.ai\/sl\/nizozemska-slovnica\/\" \/>\n<meta property=\"og:site_name\" content=\"Talkpal\" \/>\n<meta property=\"article:publisher\" content=\"https:\/\/www.facebook.com\/profile.php?id=100090733639311\" \/>\n<meta property=\"article:modified_time\" content=\"2025-12-11T17:02:53+00:00\" \/>\n<meta property=\"og:image\" content=\"https:\/\/talkpal.ai\/wp-content\/uploads\/2023\/04\/netherlands-dutch.png\" \/>\n\t<meta property=\"og:image:width\" content=\"512\" \/>\n\t<meta property=\"og:image:height\" content=\"512\" \/>\n\t<meta property=\"og:image:type\" content=\"image\/png\" \/>\n<meta name=\"twitter:card\" content=\"summary_large_image\" \/>\n<meta name=\"twitter:site\" content=\"@talkpalai\" \/>\n<meta name=\"twitter:label1\" content=\"Est. reading time\" \/>\n\t<meta name=\"twitter:data1\" content=\"3 minute\" \/>\n<script type=\"application\/ld+json\" class=\"yoast-schema-graph\">{\"@context\":\"https:\/\/schema.org\",\"@graph\":[{\"@type\":\"WebPage\",\"@id\":\"https:\/\/talkpal.ai\/sl\/nizozemska-slovnica\/\",\"url\":\"https:\/\/talkpal.ai\/sl\/nizozemska-slovnica\/\",\"name\":\"Nizozemska slovnica - Talkpal\",\"isPartOf\":{\"@id\":\"https:\/\/talkpal.ai\/sl\/#website\"},\"primaryImageOfPage\":{\"@id\":\"https:\/\/talkpal.ai\/sl\/nizozemska-slovnica\/#primaryimage\"},\"image\":{\"@id\":\"https:\/\/talkpal.ai\/sl\/nizozemska-slovnica\/#primaryimage\"},\"thumbnailUrl\":\"https:\/\/talkpal.ai\/wp-content\/uploads\/2023\/04\/netherlands-dutch.png\",\"datePublished\":\"2023-05-14T13:49:38+00:00\",\"dateModified\":\"2025-12-11T17:02:53+00:00\",\"description\":\"Osvojite nizozemsko slovnico z Talkpal, va\u0161im jezikovnim u\u010diteljem, ki ga poganja umetna inteligenca. Dostopajte do jasnih razlag, prakti\u010dnih primerov in interaktivnih vaj!\",\"breadcrumb\":{\"@id\":\"https:\/\/talkpal.ai\/sl\/nizozemska-slovnica\/#breadcrumb\"},\"inLanguage\":\"sl-SI\",\"potentialAction\":[{\"@type\":\"ReadAction\",\"target\":[\"https:\/\/talkpal.ai\/sl\/nizozemska-slovnica\/\"]}]},{\"@type\":\"ImageObject\",\"inLanguage\":\"sl-SI\",\"@id\":\"https:\/\/talkpal.ai\/sl\/nizozemska-slovnica\/#primaryimage\",\"url\":\"https:\/\/talkpal.ai\/wp-content\/uploads\/2023\/04\/netherlands-dutch.png\",\"contentUrl\":\"https:\/\/talkpal.ai\/wp-content\/uploads\/2023\/04\/netherlands-dutch.png\",\"width\":512,\"height\":512},{\"@type\":\"BreadcrumbList\",\"@id\":\"https:\/\/talkpal.ai\/sl\/nizozemska-slovnica\/#breadcrumb\",\"itemListElement\":[{\"@type\":\"ListItem\",\"position\":1,\"name\":\"Homepage\",\"item\":\"https:\/\/talkpal.ai\/sl\/\"},{\"@type\":\"ListItem\",\"position\":2,\"name\":\"Nizozemska slovnica\"}]},{\"@type\":\"WebSite\",\"@id\":\"https:\/\/talkpal.ai\/sl\/#website\",\"url\":\"https:\/\/talkpal.ai\/sl\/\",\"name\":\"Talkpal\",\"description\":\"AI Language Learning\",\"publisher\":{\"@id\":\"https:\/\/talkpal.ai\/sl\/#organization\"},\"alternateName\":\"Talkpal AI\",\"potentialAction\":[{\"@type\":\"SearchAction\",\"target\":{\"@type\":\"EntryPoint\",\"urlTemplate\":\"https:\/\/talkpal.ai\/sl\/?s={search_term_string}\"},\"query-input\":{\"@type\":\"PropertyValueSpecification\",\"valueRequired\":true,\"valueName\":\"search_term_string\"}}],\"inLanguage\":\"sl-SI\"},{\"@type\":\"Organization\",\"@id\":\"https:\/\/talkpal.ai\/sl\/#organization\",\"name\":\"Talkpal, Inc.\",\"alternateName\":\"Talkpal AI\",\"url\":\"https:\/\/talkpal.ai\/sl\/\",\"logo\":{\"@type\":\"ImageObject\",\"inLanguage\":\"sl-SI\",\"@id\":\"https:\/\/talkpal.ai\/sl\/#\/schema\/logo\/image\/\",\"url\":\"https:\/\/talkpal.ai\/wp-content\/uploads\/2024\/03\/Talkpal-Logo-Icon.png\",\"contentUrl\":\"https:\/\/talkpal.ai\/wp-content\/uploads\/2024\/03\/Talkpal-Logo-Icon.png\",\"width\":2880,\"height\":2880,\"caption\":\"Talkpal, Inc.\"},\"image\":{\"@id\":\"https:\/\/talkpal.ai\/sl\/#\/schema\/logo\/image\/\"},\"sameAs\":[\"https:\/\/www.facebook.com\/profile.php?id=100090733639311\",\"https:\/\/x.com\/talkpalai\",\"https:\/\/www.linkedin.com\/company\/talkpal\/\",\"https:\/\/www.youtube.com\/@TalkPal\/\",\"https:\/\/www.tiktok.com\/@talkpal\",\"https:\/\/www.instagram.com\/talkpal_ai\/\",\"https:\/\/www.crunchbase.com\/organization\/talkpal-9cde\",\"https:\/\/www.g2.com\/products\/talkpal-for-business\/\",\"https:\/\/www.trustpilot.com\/review\/talkpal.ai\",\"https:\/\/www.capterra.com\/p\/10006800\/TalkPal\/\"],\"description\":\"Talkpal is a language learning web and mobile education app, powered by the latest AI technologies, that provides engaging experiences to its customers in many different languages to help them improve their language skills. Users can chat about unlimited amount of topics with the app and use other modes to practice their language learning.\",\"email\":\"support@talkpal.ai\",\"legalName\":\"Talkpal, Inc.\",\"foundingDate\":\"2023-04-03\",\"duns\":\"118989042\",\"numberOfEmployees\":{\"@type\":\"QuantitativeValue\",\"minValue\":\"11\",\"maxValue\":\"50\"},\"publishingPrinciples\":\"https:\/\/talkpal.ai\/publishing-principles\/\",\"actionableFeedbackPolicy\":\"https:\/\/talkpal.ai\/actionable-feedback-policy\/\",\"correctionsPolicy\":\"https:\/\/talkpal.ai\/corrections-policy\/\",\"ethicsPolicy\":\"https:\/\/talkpal.ai\/ethics-policy\/\",\"diversityPolicy\":\"https:\/\/talkpal.ai\/diversity-policy\/\",\"diversityStaffingReport\":\"https:\/\/talkpal.ai\/diversity-policy\/\"}]}<\/script>\n<!-- \/ Yoast SEO Premium plugin. -->","yoast_head_json":{"title":"Nizozemska slovnica - Talkpal","description":"Osvojite nizozemsko slovnico z Talkpal, va\u0161im jezikovnim u\u010diteljem, ki ga poganja umetna inteligenca. Dostopajte do jasnih razlag, prakti\u010dnih primerov in interaktivnih vaj!","robots":{"index":"index","follow":"follow","max-snippet":"max-snippet:-1","max-image-preview":"max-image-preview:large","max-video-preview":"max-video-preview:-1"},"canonical":"https:\/\/talkpal.ai\/sl\/nizozemska-slovnica\/","og_locale":"sl_SI","og_type":"article","og_title":"Nizozemska slovnica","og_description":"Nizozemska slovnica: mojster mehanike nizozemskega jezika \u010ce ste se odlo\u010dili za u\u010denje nizozem\u0161\u010dine, vas \u010daka vznemirljiva vo\u017enja! Z ve\u010d kot 23 milijoni","og_url":"https:\/\/talkpal.ai\/sl\/nizozemska-slovnica\/","og_site_name":"Talkpal","article_publisher":"https:\/\/www.facebook.com\/profile.php?id=100090733639311","article_modified_time":"2025-12-11T17:02:53+00:00","og_image":[{"width":512,"height":512,"url":"https:\/\/talkpal.ai\/wp-content\/uploads\/2023\/04\/netherlands-dutch.png","type":"image\/png"}],"twitter_card":"summary_large_image","twitter_site":"@talkpalai","twitter_misc":{"Est. reading time":"3 minute"},"schema":{"@context":"https:\/\/schema.org","@graph":[{"@type":"WebPage","@id":"https:\/\/talkpal.ai\/sl\/nizozemska-slovnica\/","url":"https:\/\/talkpal.ai\/sl\/nizozemska-slovnica\/","name":"Nizozemska slovnica - Talkpal","isPartOf":{"@id":"https:\/\/talkpal.ai\/sl\/#website"},"primaryImageOfPage":{"@id":"https:\/\/talkpal.ai\/sl\/nizozemska-slovnica\/#primaryimage"},"image":{"@id":"https:\/\/talkpal.ai\/sl\/nizozemska-slovnica\/#primaryimage"},"thumbnailUrl":"https:\/\/talkpal.ai\/wp-content\/uploads\/2023\/04\/netherlands-dutch.png","datePublished":"2023-05-14T13:49:38+00:00","dateModified":"2025-12-11T17:02:53+00:00","description":"Osvojite nizozemsko slovnico z Talkpal, va\u0161im jezikovnim u\u010diteljem, ki ga poganja umetna inteligenca. Dostopajte do jasnih razlag, prakti\u010dnih primerov in interaktivnih vaj!","breadcrumb":{"@id":"https:\/\/talkpal.ai\/sl\/nizozemska-slovnica\/#breadcrumb"},"inLanguage":"sl-SI","potentialAction":[{"@type":"ReadAction","target":["https:\/\/talkpal.ai\/sl\/nizozemska-slovnica\/"]}]},{"@type":"ImageObject","inLanguage":"sl-SI","@id":"https:\/\/talkpal.ai\/sl\/nizozemska-slovnica\/#primaryimage","url":"https:\/\/talkpal.ai\/wp-content\/uploads\/2023\/04\/netherlands-dutch.png","contentUrl":"https:\/\/talkpal.ai\/wp-content\/uploads\/2023\/04\/netherlands-dutch.png","width":512,"height":512},{"@type":"BreadcrumbList","@id":"https:\/\/talkpal.ai\/sl\/nizozemska-slovnica\/#breadcrumb","itemListElement":[{"@type":"ListItem","position":1,"name":"Homepage","item":"https:\/\/talkpal.ai\/sl\/"},{"@type":"ListItem","position":2,"name":"Nizozemska slovnica"}]},{"@type":"WebSite","@id":"https:\/\/talkpal.ai\/sl\/#website","url":"https:\/\/talkpal.ai\/sl\/","name":"Talkpal","description":"AI Language Learning","publisher":{"@id":"https:\/\/talkpal.ai\/sl\/#organization"},"alternateName":"Talkpal AI","potentialAction":[{"@type":"SearchAction","target":{"@type":"EntryPoint","urlTemplate":"https:\/\/talkpal.ai\/sl\/?s={search_term_string}"},"query-input":{"@type":"PropertyValueSpecification","valueRequired":true,"valueName":"search_term_string"}}],"inLanguage":"sl-SI"},{"@type":"Organization","@id":"https:\/\/talkpal.ai\/sl\/#organization","name":"Talkpal, Inc.","alternateName":"Talkpal AI","url":"https:\/\/talkpal.ai\/sl\/","logo":{"@type":"ImageObject","inLanguage":"sl-SI","@id":"https:\/\/talkpal.ai\/sl\/#\/schema\/logo\/image\/","url":"https:\/\/talkpal.ai\/wp-content\/uploads\/2024\/03\/Talkpal-Logo-Icon.png","contentUrl":"https:\/\/talkpal.ai\/wp-content\/uploads\/2024\/03\/Talkpal-Logo-Icon.png","width":2880,"height":2880,"caption":"Talkpal, Inc."},"image":{"@id":"https:\/\/talkpal.ai\/sl\/#\/schema\/logo\/image\/"},"sameAs":["https:\/\/www.facebook.com\/profile.php?id=100090733639311","https:\/\/x.com\/talkpalai","https:\/\/www.linkedin.com\/company\/talkpal\/","https:\/\/www.youtube.com\/@TalkPal\/","https:\/\/www.tiktok.com\/@talkpal","https:\/\/www.instagram.com\/talkpal_ai\/","https:\/\/www.crunchbase.com\/organization\/talkpal-9cde","https:\/\/www.g2.com\/products\/talkpal-for-business\/","https:\/\/www.trustpilot.com\/review\/talkpal.ai","https:\/\/www.capterra.com\/p\/10006800\/TalkPal\/"],"description":"Talkpal is a language learning web and mobile education app, powered by the latest AI technologies, that provides engaging experiences to its customers in many different languages to help them improve their language skills. Users can chat about unlimited amount of topics with the app and use other modes to practice their language learning.","email":"support@talkpal.ai","legalName":"Talkpal, Inc.","foundingDate":"2023-04-03","duns":"118989042","numberOfEmployees":{"@type":"QuantitativeValue","minValue":"11","maxValue":"50"},"publishingPrinciples":"https:\/\/talkpal.ai\/publishing-principles\/","actionableFeedbackPolicy":"https:\/\/talkpal.ai\/actionable-feedback-policy\/","correctionsPolicy":"https:\/\/talkpal.ai\/corrections-policy\/","ethicsPolicy":"https:\/\/talkpal.ai\/ethics-policy\/","diversityPolicy":"https:\/\/talkpal.ai\/diversity-policy\/","diversityStaffingReport":"https:\/\/talkpal.ai\/diversity-policy\/"}]}},"_links":{"self":[{"href":"https:\/\/talkpal.ai\/sl\/wp-json\/wp\/v2\/pages\/128711","targetHints":{"allow":["GET"]}}],"collection":[{"href":"https:\/\/talkpal.ai\/sl\/wp-json\/wp\/v2\/pages"}],"about":[{"href":"https:\/\/talkpal.ai\/sl\/wp-json\/wp\/v2\/types\/page"}],"author":[{"embeddable":true,"href":"https:\/\/talkpal.ai\/sl\/wp-json\/wp\/v2\/users\/1"}],"replies":[{"embeddable":true,"href":"https:\/\/talkpal.ai\/sl\/wp-json\/wp\/v2\/comments?post=128711"}],"version-history":[{"count":0,"href":"https:\/\/talkpal.ai\/sl\/wp-json\/wp\/v2\/pages\/128711\/revisions"}],"wp:featuredmedia":[{"embeddable":true,"href":"https:\/\/talkpal.ai\/sl\/wp-json\/wp\/v2\/media\/106345"}],"wp:attachment":[{"href":"https:\/\/talkpal.ai\/sl\/wp-json\/wp\/v2\/media?parent=128711"}],"curies":[{"name":"wp","href":"https:\/\/api.w.org\/{rel}","templated":true}]}}