{"id":128284,"date":"2023-05-14T13:48:36","date_gmt":"2023-05-14T13:48:36","guid":{"rendered":"http:\/\/talkpal.ai\/kitajska-slovnica\/"},"modified":"2025-06-17T16:38:44","modified_gmt":"2025-06-17T16:38:44","slug":"kitajska-slovnica","status":"publish","type":"page","link":"https:\/\/talkpal.ai\/sl\/kitajska-slovnica\/","title":{"rendered":"Kitajska slovnica"},"content":{"rendered":"\r\n\r\n\r\n<section class=\"languageChallengeSection\">\r\n    <div class=\"languageInfoWrapper\">\r\n        \r\n        <h1>Kitajska slovnica<\/h1>\r\n        <p>Okrepite svoje znanje kitajskega jezika z u\u010denjem klju\u010dnih slovni\u010dnih struktur in vzorcev uporabe. Izbolj\u0161ajte svojo kitajsko slovnico \u0161e danes in komunicirajte samozavestno!<\/p>\r\n\r\n                            <a class=\"getStartedHidden\" href=\"https:\/\/app.talkpal.ai\/sl\/signup?lng=\">Za\u010dni<\/a>\r\n        \r\n    <\/div>\r\n\r\n    <figure>\r\n    <img decoding=\"async\" width=\"768\" height=\"768\" src=\"https:\/\/talkpal.ai\/wp-content\/uploads\/2023\/06\/chinese-768x768.png\" class=\"languageImage no-lazy\" alt=\"Language learning for flexible communication\" fetchpriority=\"high\" sizes=\"(max-width: 768px) 150px, 768px\" srcset=\"https:\/\/talkpal.ai\/wp-content\/uploads\/2023\/06\/chinese-768x768.png 768w, https:\/\/talkpal.ai\/wp-content\/uploads\/2023\/06\/chinese-300x300.png 300w\" \/>\r\n    \r\n\r\n    <\/figure>\r\n\r\n            <a class=\"getStartedVisible\" href=\"https:\/\/app.talkpal.ai\/sl\/signup?lng=\">Za\u010dni<\/a>\r\n    \r\n<\/section>\r\n<section class=\"promotionalBanner\">\r\n    <p class=\"promotionalText\">Naju\u010dinkovitej\u0161i na\u010din u\u010denja jezika<\/p>\r\n    <a class=\"promotionalLink\" href=\"https:\/\/app.talkpal.ai\/sl\/signup?lng=\">Preizkusite Talkpal brezpla\u010dno<\/a>\r\n<\/section>\n<div class=\"wp-block-group pageContainerStyle\"><div class=\"wp-block-group__inner-container is-layout-constrained wp-block-group-is-layout-constrained\">\n<h2 class=\"wp-block-heading\" id=\"h-chinese-grammar-the-key-to-mastering-mandarin\">Kitajska slovnica: klju\u010d do obvladovanja mandarine<\/h2>\n\n\n\n<p>Ste ambiciozen u\u010denec jezika, ki si je zastavil cilj obvladovanja mandarine? \u010ce je tako, \u010destitamo! Spopadanje s kitaj\u0161\u010dino je fantasti\u010den na\u010din, da raz\u0161irite svojo globalno miselnost, se pove\u017eete s \u0161iroko paleto govorcev in se intelektualno izzovete. Vendar pa se lahko <a href=\"https:\/\/talkpal.ai\/chinese-grammar\/\">kitajska slovnica<\/a> z 1,2 milijarde naravnih govorcev in jezikovnim sistemom, ki se mo\u010dno razlikuje od zahodnih jezikov, zdi precej zastra\u0161ujo\u010da. Ne bojte se! Preberite si hitri te\u010daj kitajske slovnice za za\u010detnike, ki je hkrati zanimiv in pou\u010den.<\/p>\n\n\n\n<p><strong>Najprej najprej: pozabite na to, kar veste o evropskih jezikih!<\/strong><\/p>\n\n\n\n<p>Eden od glavnih razlogov, zakaj se u\u010denci jezikov ustra\u0161ijo kitajske slovnice, je ta, da se korenito razlikuje od strukture &#8220;subjekt &#8211; glagol &#8211; predmet&#8221;, ki smo je vajeni v jezikih, kot so <a href=\"https:\/\/talkpal.ai\/learn-english-with-ai\/\">angle\u0161\u010dina<\/a>, \u0161pan\u0161\u010dina ali franco\u0161\u010dina. Zato globoko vdihnite in se potopimo v povsem <a href=\"https:\/\/talkpal.ai\/talkpal-new-years-discount\/\">novo<\/a> vesolje jezikovnih pravil in pojmov!<\/p>\n\n\n\n<h3 class=\"wp-block-heading\" id=\"h-1-word-order-is-king\">1. Vrstni red besed je kralj<\/h3>\n\n\n\n<p>\u010ceprav v kitajski slovnici ni \u010dasov, glagolskih konjugacij ali mno\u017eine, je pravilna struktura stavkov najpomembnej\u0161a. Torej, kako je dose\u017een pravilen vrstni red besed? V ve\u010dini primerov preprosto sledite vzorcu &#8220;subjekt-glagol-predmet&#8221; (podoben angle\u0161\u010dini). Na primer:<\/p>\n\n\n\n<p><a href=\"https:\/\/talkpal.ai\/learn-english-with-ai\/\">Angle\u0161\u010dina<\/a>: <a href=\"https:\/\/talkpal.ai\/culture\/how-do-you-say-i-love-you-in-slovenian-and-what-are-the-romantic-nuances\/\">Ljubim te<\/a>.<br\/><a href=\"https:\/\/talkpal.ai\/learn-chinese\/\">Kitaj\u0161\u010dina<\/a>: \u6211\u7231\u4f60\u3002 W\u01d2 \u00e0i n\u01d0.<\/p>\n\n\n\n<p>Obstajajo bolj zapletene strukture, vendar jih bo razvoj mo\u010dnih temeljev olaj\u0161al razumevanje, ko napredujete.<\/p>\n\n\n\n<h3 class=\"wp-block-heading\" id=\"h-2-particles-particles-everywhere\">2. Delci, delci povsod!<\/h3>\n\n\n\n<p>V kitajski slovnici imajo delci klju\u010dno vlogo pri prenosu pomena. Eden najpogostej\u0161ih delcev je &#8220;\u4e86 (le)&#8221;, ki ozna\u010duje zaklju\u010deno dejanje. Na primer:<\/p>\n\n\n\n<p>\u6211\u5403\u4e86\u3002W\u01d2 ch\u012b le. &#8211; &#8220;Jedel sem.&#8221;<\/p>\n\n\n\n<p>Drugi pogost delec je &#8220;\u5427 (ba)&#8221;, ki izjavo spremeni v predlog ali vpra\u0161anje:<\/p>\n\n\n\n<p>\u8d70\u5427\uff01Z\u01d2u ba! &#8211; &#8220;Gremo!&#8221;<\/p>\n\n\n\n<p>Razumevanje funkcij razli\u010dnih delcev je klju\u010dnega pomena za obvladovanje odtenkov kitajske slovnice.<\/p>\n\n\n\n<h3 class=\"wp-block-heading\" id=\"h-3-measure-words-quality-not-quantity\">3. Izmerite besede: kakovost, ne koli\u010dina<\/h3>\n\n\n\n<p>V kitaj\u0161\u010dini samostalniki nimajo mno\u017eine. Namesto tega za izra\u017eanje koli\u010dine uporabljajo merske besede (znane tudi kot klasifikatorji). Merske besede se dodajo med \u0161tevilko in samostalnik. Na primer:<\/p>\n\n\n\n<p>\u4e00\u672c\u4e66 &#8211; Y\u012b b\u011bn <a href=\"https:\/\/talkpal.ai\/locations\/language-courses-in-shu\/\">sh\u016b<\/a> &#8211; &#8220;ena knjiga&#8221;<\/p>\n\n\n\n<p>Bodite pozorni na uporabo \u672c (b\u011bn) kot merilne besede za knjige. Razli\u010dni samostalniki zahtevajo razli\u010dne merske besede, in \u010deprav se to sprva zdi zmedeno, bo z vajo postalo nekaj povsem obi\u010dajnega.<\/p>\n\n\n\n<h3 class=\"wp-block-heading\" id=\"h-4-the-magic-of-compound-words\">4. Magija sestavljenih besed<\/h3>\n\n\n\n<p>Kitaj\u0161\u010dina je polna sestavljenih besed, ki se oblikujejo s kombiniranjem dveh ali ve\u010d znakov. Ne samo, da to poenostavlja u\u010denje besedi\u0161\u010da, ampak omogo\u010da tudi \u017eivahne podobe in kontekst. Na primer:<\/p>\n\n\n\n<p>\u706b\u8f66 &#8211; Hu\u01d2ch\u0113 &#8211; &#8220;vlak&#8221; (dobesedno: &#8220;gasilsko vozilo&#8221;)<br\/>\u7535\u8bdd &#8211; Di\u00e0nhu\u00e0 &#8211; &#8220;telefon&#8221; (dobesedno: &#8220;elektri\u010dni govor&#8221;)<\/p>\n\n\n\n<p>Z razumevanjem pomena posameznih znakov lahko zlahka ugotovite pomen sestavljenih besed, s katerimi se \u0161e niste sre\u010dali.<\/p>\n\n\n\n<h3 class=\"wp-block-heading\" id=\"h-5-no-tenses-no-problem\">5. Brez napetosti? Brez te\u017eav!<\/h3>\n\n\n\n<p>Eden najbolj osve\u017eujo\u010dih vidikov kitaj\u0161\u010dine je pomanjkanje glagolskih konjugacij za razli\u010dne \u010dase. Toda kako izra\u017eate \u010das? Preprost! Vklju\u010dite le besede, ki ozna\u010dujejo \u010dasovni okvir, na primer:<\/p>\n\n\n\n<p>\u6628\u5929 &#8211; Zu\u00f3ti\u0101n &#8211; &#8220;v\u010deraj&#8221;<br\/>\u660e\u5929 &#8211; M\u00edngti\u0101n &#8211; &#8220;jutri&#8221;<\/p>\n\n\n\n<p><strong>Na primer:<\/strong><\/p>\n\n\n\n<p>\u6211\u6628\u5929\u5403\u4e86\u996d\u3002W\u01d2 zu\u00f3ti\u0101n ch\u012b le f\u00e0n. &#8211; &#8220;V\u010deraj sem jedel hrano.&#8221;<br\/>\u6211\u660e\u5929\u5403\u996d\u3002W\u01d2 m\u00edngti\u0101n ch\u012b f\u00e0n. &#8211; &#8220;Jutri bom jedel hrano.&#8221;<\/p>\n\n\n\n<p>\u010cestitam! Naredili ste prve korake k obvladovanju kitajske slovnice. Zapomnite si: praksa je popolna. Zato se ne izogibajte raziskovanju novih slovni\u010dnih struktur, pogovorom z rojenimi govorci in utrjevanju svojih osnov. Svet mandarin\u0161\u010dine vas pri\u010dakuje &#8211; sre\u010dno u\u010denje!<\/p>\n<\/div><\/div>\n\r\n<section class=\"learnNavigationSection\">\r\n            \r\n        <a href=\"https:\/\/talkpal.ai\/sl\/naucite-se-kitajscine\/\">\r\n            <div class=\"learnNavigationWrapper\">\r\n                <div class=\"learnNavigationContent\">\r\n                    <img decoding=\"async\" src=\"https:\/\/talkpal.ai\/wp-content\/uploads\/2024\/08\/Chinese.jpg\" alt=\"Chinese Flag\u00a0\">\r\n                    <div>\r\n                        <h4>O u\u010denju kitaj\u0161\u010dine<\/h4>\r\n                        <p>Izvedite vse o kitajski slovnici.<\/p>\r\n                    <\/div>\r\n                <\/div>\r\n            <\/div>\r\n        <\/a>\r\n\r\n        \r\n        <a href=\"https:\/\/talkpal.ai\/sl\/kitajske-slovnicne-vaje\/\">\r\n            <div class=\"learnNavigationWrapper\">\r\n                <div class=\"learnNavigationContent\">\r\n                    <img decoding=\"async\" src=\"https:\/\/talkpal.ai\/wp-content\/uploads\/2024\/08\/Chinese.jpg\" alt=\"Chinese Flag\u00a0\">\r\n                    <div>\r\n                        <h4>Vaja iz kitajske slovnice<\/h4>\r\n                        <p>Vadite kitajsko slovnico.<\/p>\r\n                    <\/div>\r\n                <\/div>\r\n            <\/div>\r\n        <\/a>\r\n\r\n        \r\n        <a href=\"https:\/\/talkpal.ai\/vocabulary_language\/chinese\/\">\r\n            <div class=\"learnNavigationWrapper\">\r\n                <div class=\"learnNavigationContent\">\r\n                    <img decoding=\"async\" src=\"https:\/\/talkpal.ai\/wp-content\/uploads\/2024\/08\/Chinese.jpg\" alt=\"Chinese Flag\u00a0\">\r\n                    <div>\r\n                        <h4>Kitajski besednjak<\/h4>\r\n                        <p>Raz\u0161irite svoj kitajski besedni zaklad.<\/p>\r\n                    <\/div>\r\n                <\/div>\r\n            <\/div>\r\n        <\/a>\r\n\r\n            <\/section>","protected":false},"excerpt":{"rendered":"<p>Kitajska slovnica: klju\u010d do obvladovanja mandarine Ste ambiciozen u\u010denec jezika, ki si je zastavil cilj obvladovanja mandarine? \u010ce je tako, \u010destitamo! Spopadanje s kitaj\u0161\u010dino je fantasti\u010den na\u010din, da raz\u0161irite svojo globalno miselnost, se pove\u017eete s \u0161iroko paleto govorcev in se intelektualno izzovete. Vendar pa se lahko kitajska slovnica z 1,2 milijarde naravnih govorcev in jezikovnim [&hellip;]<\/p>\n","protected":false},"author":1,"featured_media":106062,"parent":0,"menu_order":0,"comment_status":"closed","ping_status":"closed","template":"LearningContentPage.php","meta":{"_acf_changed":false,"footnotes":""},"class_list":["post-128284","page","type-page","status-publish","has-post-thumbnail","hentry"],"acf":[],"yoast_head":"<!-- This site is optimized with the Yoast SEO Premium plugin v27.2 (Yoast SEO v27.2) - https:\/\/yoast.com\/product\/yoast-seo-premium-wordpress\/ -->\n<title>Kitajska slovnica - Talkpal<\/title>\n<meta name=\"description\" content=\"Odkrijte skrivnosti kitajske slovnice za bolj\u0161e razumevanje kitajskega jezika in kulture.\" \/>\n<meta name=\"robots\" content=\"index, follow, max-snippet:-1, max-image-preview:large, max-video-preview:-1\" \/>\n<link rel=\"canonical\" href=\"https:\/\/talkpal.ai\/sl\/kitajska-slovnica\/\" \/>\n<meta property=\"og:locale\" content=\"sl_SI\" \/>\n<meta property=\"og:type\" content=\"article\" \/>\n<meta property=\"og:title\" content=\"Kitajska slovnica\" \/>\n<meta property=\"og:description\" content=\"Kitajska slovnica: klju\u010d do obvladovanja mandarine Ste ambiciozen u\u010denec jezika, ki si je zastavil cilj obvladovanja mandarine? \u010ce je tako, \u010destitamo!\" \/>\n<meta property=\"og:url\" content=\"https:\/\/talkpal.ai\/sl\/kitajska-slovnica\/\" \/>\n<meta property=\"og:site_name\" content=\"Talkpal\" \/>\n<meta property=\"article:publisher\" content=\"https:\/\/www.facebook.com\/profile.php?id=100090733639311\" \/>\n<meta property=\"article:modified_time\" content=\"2025-06-17T16:38:44+00:00\" \/>\n<meta property=\"og:image\" content=\"https:\/\/talkpal.ai\/wp-content\/uploads\/2023\/04\/china.png\" \/>\n\t<meta property=\"og:image:width\" content=\"512\" \/>\n\t<meta property=\"og:image:height\" content=\"512\" \/>\n\t<meta property=\"og:image:type\" content=\"image\/png\" \/>\n<meta name=\"twitter:card\" content=\"summary_large_image\" \/>\n<meta name=\"twitter:site\" content=\"@talkpalai\" \/>\n<meta name=\"twitter:label1\" content=\"Est. reading time\" \/>\n\t<meta name=\"twitter:data1\" content=\"3 minute\" \/>\n<script type=\"application\/ld+json\" class=\"yoast-schema-graph\">{\"@context\":\"https:\/\/schema.org\",\"@graph\":[{\"@type\":\"WebPage\",\"@id\":\"https:\/\/talkpal.ai\/sl\/kitajska-slovnica\/\",\"url\":\"https:\/\/talkpal.ai\/sl\/kitajska-slovnica\/\",\"name\":\"Kitajska slovnica - Talkpal\",\"isPartOf\":{\"@id\":\"https:\/\/talkpal.ai\/sl\/#website\"},\"primaryImageOfPage\":{\"@id\":\"https:\/\/talkpal.ai\/sl\/kitajska-slovnica\/#primaryimage\"},\"image\":{\"@id\":\"https:\/\/talkpal.ai\/sl\/kitajska-slovnica\/#primaryimage\"},\"thumbnailUrl\":\"https:\/\/talkpal.ai\/wp-content\/uploads\/2023\/04\/china.png\",\"datePublished\":\"2023-05-14T13:48:36+00:00\",\"dateModified\":\"2025-06-17T16:38:44+00:00\",\"description\":\"Odkrijte skrivnosti kitajske slovnice za bolj\u0161e razumevanje kitajskega jezika in kulture.\",\"breadcrumb\":{\"@id\":\"https:\/\/talkpal.ai\/sl\/kitajska-slovnica\/#breadcrumb\"},\"inLanguage\":\"sl-SI\",\"potentialAction\":[{\"@type\":\"ReadAction\",\"target\":[\"https:\/\/talkpal.ai\/sl\/kitajska-slovnica\/\"]}]},{\"@type\":\"ImageObject\",\"inLanguage\":\"sl-SI\",\"@id\":\"https:\/\/talkpal.ai\/sl\/kitajska-slovnica\/#primaryimage\",\"url\":\"https:\/\/talkpal.ai\/wp-content\/uploads\/2023\/04\/china.png\",\"contentUrl\":\"https:\/\/talkpal.ai\/wp-content\/uploads\/2023\/04\/china.png\",\"width\":512,\"height\":512},{\"@type\":\"BreadcrumbList\",\"@id\":\"https:\/\/talkpal.ai\/sl\/kitajska-slovnica\/#breadcrumb\",\"itemListElement\":[{\"@type\":\"ListItem\",\"position\":1,\"name\":\"Homepage\",\"item\":\"https:\/\/talkpal.ai\/sl\/\"},{\"@type\":\"ListItem\",\"position\":2,\"name\":\"Kitajska slovnica\"}]},{\"@type\":\"WebSite\",\"@id\":\"https:\/\/talkpal.ai\/sl\/#website\",\"url\":\"https:\/\/talkpal.ai\/sl\/\",\"name\":\"Talkpal\",\"description\":\"AI Language Learning\",\"publisher\":{\"@id\":\"https:\/\/talkpal.ai\/sl\/#organization\"},\"alternateName\":\"Talkpal AI\",\"potentialAction\":[{\"@type\":\"SearchAction\",\"target\":{\"@type\":\"EntryPoint\",\"urlTemplate\":\"https:\/\/talkpal.ai\/sl\/?s={search_term_string}\"},\"query-input\":{\"@type\":\"PropertyValueSpecification\",\"valueRequired\":true,\"valueName\":\"search_term_string\"}}],\"inLanguage\":\"sl-SI\"},{\"@type\":\"Organization\",\"@id\":\"https:\/\/talkpal.ai\/sl\/#organization\",\"name\":\"Talkpal, Inc.\",\"alternateName\":\"Talkpal AI\",\"url\":\"https:\/\/talkpal.ai\/sl\/\",\"logo\":{\"@type\":\"ImageObject\",\"inLanguage\":\"sl-SI\",\"@id\":\"https:\/\/talkpal.ai\/sl\/#\/schema\/logo\/image\/\",\"url\":\"https:\/\/talkpal.ai\/wp-content\/uploads\/2024\/03\/Talkpal-Logo-Icon.png\",\"contentUrl\":\"https:\/\/talkpal.ai\/wp-content\/uploads\/2024\/03\/Talkpal-Logo-Icon.png\",\"width\":2880,\"height\":2880,\"caption\":\"Talkpal, Inc.\"},\"image\":{\"@id\":\"https:\/\/talkpal.ai\/sl\/#\/schema\/logo\/image\/\"},\"sameAs\":[\"https:\/\/www.facebook.com\/profile.php?id=100090733639311\",\"https:\/\/x.com\/talkpalai\",\"https:\/\/www.linkedin.com\/company\/talkpal\/\",\"https:\/\/www.youtube.com\/@TalkPal\/\",\"https:\/\/www.tiktok.com\/@talkpal\",\"https:\/\/www.instagram.com\/talkpal_ai\/\",\"https:\/\/www.crunchbase.com\/organization\/talkpal-9cde\",\"https:\/\/www.g2.com\/products\/talkpal-for-business\/\",\"https:\/\/www.trustpilot.com\/review\/talkpal.ai\",\"https:\/\/www.capterra.com\/p\/10006800\/TalkPal\/\"],\"description\":\"Talkpal is a language learning web and mobile education app, powered by the latest AI technologies, that provides engaging experiences to its customers in many different languages to help them improve their language skills. Users can chat about unlimited amount of topics with the app and use other modes to practice their language learning.\",\"email\":\"support@talkpal.ai\",\"legalName\":\"Talkpal, Inc.\",\"foundingDate\":\"2023-04-03\",\"duns\":\"118989042\",\"numberOfEmployees\":{\"@type\":\"QuantitativeValue\",\"minValue\":\"11\",\"maxValue\":\"50\"},\"publishingPrinciples\":\"https:\/\/talkpal.ai\/publishing-principles\/\",\"actionableFeedbackPolicy\":\"https:\/\/talkpal.ai\/actionable-feedback-policy\/\",\"correctionsPolicy\":\"https:\/\/talkpal.ai\/corrections-policy\/\",\"ethicsPolicy\":\"https:\/\/talkpal.ai\/ethics-policy\/\",\"diversityPolicy\":\"https:\/\/talkpal.ai\/diversity-policy\/\",\"diversityStaffingReport\":\"https:\/\/talkpal.ai\/diversity-policy\/\"}]}<\/script>\n<!-- \/ Yoast SEO Premium plugin. -->","yoast_head_json":{"title":"Kitajska slovnica - Talkpal","description":"Odkrijte skrivnosti kitajske slovnice za bolj\u0161e razumevanje kitajskega jezika in kulture.","robots":{"index":"index","follow":"follow","max-snippet":"max-snippet:-1","max-image-preview":"max-image-preview:large","max-video-preview":"max-video-preview:-1"},"canonical":"https:\/\/talkpal.ai\/sl\/kitajska-slovnica\/","og_locale":"sl_SI","og_type":"article","og_title":"Kitajska slovnica","og_description":"Kitajska slovnica: klju\u010d do obvladovanja mandarine Ste ambiciozen u\u010denec jezika, ki si je zastavil cilj obvladovanja mandarine? \u010ce je tako, \u010destitamo!","og_url":"https:\/\/talkpal.ai\/sl\/kitajska-slovnica\/","og_site_name":"Talkpal","article_publisher":"https:\/\/www.facebook.com\/profile.php?id=100090733639311","article_modified_time":"2025-06-17T16:38:44+00:00","og_image":[{"width":512,"height":512,"url":"https:\/\/talkpal.ai\/wp-content\/uploads\/2023\/04\/china.png","type":"image\/png"}],"twitter_card":"summary_large_image","twitter_site":"@talkpalai","twitter_misc":{"Est. reading time":"3 minute"},"schema":{"@context":"https:\/\/schema.org","@graph":[{"@type":"WebPage","@id":"https:\/\/talkpal.ai\/sl\/kitajska-slovnica\/","url":"https:\/\/talkpal.ai\/sl\/kitajska-slovnica\/","name":"Kitajska slovnica - Talkpal","isPartOf":{"@id":"https:\/\/talkpal.ai\/sl\/#website"},"primaryImageOfPage":{"@id":"https:\/\/talkpal.ai\/sl\/kitajska-slovnica\/#primaryimage"},"image":{"@id":"https:\/\/talkpal.ai\/sl\/kitajska-slovnica\/#primaryimage"},"thumbnailUrl":"https:\/\/talkpal.ai\/wp-content\/uploads\/2023\/04\/china.png","datePublished":"2023-05-14T13:48:36+00:00","dateModified":"2025-06-17T16:38:44+00:00","description":"Odkrijte skrivnosti kitajske slovnice za bolj\u0161e razumevanje kitajskega jezika in kulture.","breadcrumb":{"@id":"https:\/\/talkpal.ai\/sl\/kitajska-slovnica\/#breadcrumb"},"inLanguage":"sl-SI","potentialAction":[{"@type":"ReadAction","target":["https:\/\/talkpal.ai\/sl\/kitajska-slovnica\/"]}]},{"@type":"ImageObject","inLanguage":"sl-SI","@id":"https:\/\/talkpal.ai\/sl\/kitajska-slovnica\/#primaryimage","url":"https:\/\/talkpal.ai\/wp-content\/uploads\/2023\/04\/china.png","contentUrl":"https:\/\/talkpal.ai\/wp-content\/uploads\/2023\/04\/china.png","width":512,"height":512},{"@type":"BreadcrumbList","@id":"https:\/\/talkpal.ai\/sl\/kitajska-slovnica\/#breadcrumb","itemListElement":[{"@type":"ListItem","position":1,"name":"Homepage","item":"https:\/\/talkpal.ai\/sl\/"},{"@type":"ListItem","position":2,"name":"Kitajska slovnica"}]},{"@type":"WebSite","@id":"https:\/\/talkpal.ai\/sl\/#website","url":"https:\/\/talkpal.ai\/sl\/","name":"Talkpal","description":"AI Language Learning","publisher":{"@id":"https:\/\/talkpal.ai\/sl\/#organization"},"alternateName":"Talkpal AI","potentialAction":[{"@type":"SearchAction","target":{"@type":"EntryPoint","urlTemplate":"https:\/\/talkpal.ai\/sl\/?s={search_term_string}"},"query-input":{"@type":"PropertyValueSpecification","valueRequired":true,"valueName":"search_term_string"}}],"inLanguage":"sl-SI"},{"@type":"Organization","@id":"https:\/\/talkpal.ai\/sl\/#organization","name":"Talkpal, Inc.","alternateName":"Talkpal AI","url":"https:\/\/talkpal.ai\/sl\/","logo":{"@type":"ImageObject","inLanguage":"sl-SI","@id":"https:\/\/talkpal.ai\/sl\/#\/schema\/logo\/image\/","url":"https:\/\/talkpal.ai\/wp-content\/uploads\/2024\/03\/Talkpal-Logo-Icon.png","contentUrl":"https:\/\/talkpal.ai\/wp-content\/uploads\/2024\/03\/Talkpal-Logo-Icon.png","width":2880,"height":2880,"caption":"Talkpal, Inc."},"image":{"@id":"https:\/\/talkpal.ai\/sl\/#\/schema\/logo\/image\/"},"sameAs":["https:\/\/www.facebook.com\/profile.php?id=100090733639311","https:\/\/x.com\/talkpalai","https:\/\/www.linkedin.com\/company\/talkpal\/","https:\/\/www.youtube.com\/@TalkPal\/","https:\/\/www.tiktok.com\/@talkpal","https:\/\/www.instagram.com\/talkpal_ai\/","https:\/\/www.crunchbase.com\/organization\/talkpal-9cde","https:\/\/www.g2.com\/products\/talkpal-for-business\/","https:\/\/www.trustpilot.com\/review\/talkpal.ai","https:\/\/www.capterra.com\/p\/10006800\/TalkPal\/"],"description":"Talkpal is a language learning web and mobile education app, powered by the latest AI technologies, that provides engaging experiences to its customers in many different languages to help them improve their language skills. Users can chat about unlimited amount of topics with the app and use other modes to practice their language learning.","email":"support@talkpal.ai","legalName":"Talkpal, Inc.","foundingDate":"2023-04-03","duns":"118989042","numberOfEmployees":{"@type":"QuantitativeValue","minValue":"11","maxValue":"50"},"publishingPrinciples":"https:\/\/talkpal.ai\/publishing-principles\/","actionableFeedbackPolicy":"https:\/\/talkpal.ai\/actionable-feedback-policy\/","correctionsPolicy":"https:\/\/talkpal.ai\/corrections-policy\/","ethicsPolicy":"https:\/\/talkpal.ai\/ethics-policy\/","diversityPolicy":"https:\/\/talkpal.ai\/diversity-policy\/","diversityStaffingReport":"https:\/\/talkpal.ai\/diversity-policy\/"}]}},"_links":{"self":[{"href":"https:\/\/talkpal.ai\/sl\/wp-json\/wp\/v2\/pages\/128284","targetHints":{"allow":["GET"]}}],"collection":[{"href":"https:\/\/talkpal.ai\/sl\/wp-json\/wp\/v2\/pages"}],"about":[{"href":"https:\/\/talkpal.ai\/sl\/wp-json\/wp\/v2\/types\/page"}],"author":[{"embeddable":true,"href":"https:\/\/talkpal.ai\/sl\/wp-json\/wp\/v2\/users\/1"}],"replies":[{"embeddable":true,"href":"https:\/\/talkpal.ai\/sl\/wp-json\/wp\/v2\/comments?post=128284"}],"version-history":[{"count":0,"href":"https:\/\/talkpal.ai\/sl\/wp-json\/wp\/v2\/pages\/128284\/revisions"}],"wp:featuredmedia":[{"embeddable":true,"href":"https:\/\/talkpal.ai\/sl\/wp-json\/wp\/v2\/media\/106062"}],"wp:attachment":[{"href":"https:\/\/talkpal.ai\/sl\/wp-json\/wp\/v2\/media?parent=128284"}],"curies":[{"name":"wp","href":"https:\/\/api.w.org\/{rel}","templated":true}]}}