{"id":127866,"date":"2023-05-14T13:43:38","date_gmt":"2023-05-14T13:43:38","guid":{"rendered":"http:\/\/talkpal.ai\/arabska-slovnica\/"},"modified":"2025-05-21T11:47:32","modified_gmt":"2025-05-21T11:47:32","slug":"arabska-slovnica","status":"publish","type":"page","link":"https:\/\/talkpal.ai\/sl\/arabska-slovnica\/","title":{"rendered":"Arabska slovnica"},"content":{"rendered":"\r\n\r\n\r\n<section class=\"languageChallengeSection\">\r\n    <div class=\"languageInfoWrapper\">\r\n        \r\n        <h1>Arabska slovnica<\/h1>\r\n        <p>Izbolj\u0161ajte svoje znanje arab\u0161\u010dine z raziskovanjem bistvenih slovni\u010dnih konceptov in jasnimi razlagami korak za korakom. Za\u010dnite obvladovati arabsko slovnico zdaj in se sporazumevajte bolj teko\u010de in samozavestno!<\/p>\r\n\r\n                            <a class=\"getStartedHidden\" href=\"https:\/\/app.talkpal.ai\/sl\/signup?lng=\">Za\u010dni<\/a>\r\n        \r\n    <\/div>\r\n\r\n    <figure>\r\n    <img decoding=\"async\" width=\"768\" height=\"768\" src=\"https:\/\/talkpal.ai\/wp-content\/uploads\/2023\/06\/arabic-768x768.png\" class=\"languageImage no-lazy\" alt=\"Language learning for linguistic diversity\" fetchpriority=\"high\" sizes=\"(max-width: 768px) 150px, 768px\" srcset=\"https:\/\/talkpal.ai\/wp-content\/uploads\/2023\/06\/arabic-768x768.png 768w, https:\/\/talkpal.ai\/wp-content\/uploads\/2023\/06\/arabic-300x300.png 300w\" \/>\r\n    \r\n\r\n    <\/figure>\r\n\r\n            <a class=\"getStartedVisible\" href=\"https:\/\/app.talkpal.ai\/sl\/signup?lng=\">Za\u010dni<\/a>\r\n    \r\n<\/section>\r\n<section class=\"promotionalBanner\">\r\n    <p class=\"promotionalText\">Naju\u010dinkovitej\u0161i na\u010din u\u010denja jezika<\/p>\r\n    <a class=\"promotionalLink\" href=\"https:\/\/app.talkpal.ai\/sl\/signup?lng=\">Preizkusite Talkpal brezpla\u010dno<\/a>\r\n<\/section>\n<div class=\"wp-block-group pageContainerStyle\"><div class=\"wp-block-group__inner-container is-layout-constrained wp-block-group-is-layout-constrained\">\n<h2 class=\"wp-block-heading\" id=\"h-the-intricacies-of-arabic-grammar-a-journey-through-its-roots-and-beauty\">Zapletenost arabske slovnice: potovanje skozi njene korenine in lepoto<\/h2>\n\n\n\n<p><strong>Se spomnite, ko ste se prvi\u010d za\u010deli u\u010diti angle\u0161ke slovnice?<\/strong>  Navidezno neskon\u010dna pravila, izjeme in terminologije so vas v\u010dasih morda pustile preobremenjene. \u010ce razmi\u0161ljate o u\u010denju arabskega jezika, bodite prepri\u010dani, da ima tudi ta jezik edinstven in zapleten slovni\u010dni sistem. Zato se podajmo na kratko, a pou\u010dno potovanje po koreninah in lepoti arabske slovnice.<\/p>\n\n\n\n<p>Za za\u010detek ugotovimo nekaj <strong>klju\u010dnih razlik med arabsko in angle\u0161ko slovnico<\/strong>. V arab\u0161\u010dini so besede razdeljene v tri kategorije: samostalniki, glagoli in delci. Za razliko od angle\u0161\u010dine arabske besede sledijo korenskemu sistemu, kar pomeni, da lahko sledite osnovnemu pomenu besede z identifikacijo njenega korena. Ta koreninski sistem daje arab\u0161\u010dini izjemno globino in bogastvo. Neverjetna stvar pri arabski slovnici je njeno zana\u0161anje na vzorce, ki govorcem pogosto omogo\u010dajo, da ustvarijo nove besede s sledenjem dolo\u010denim strukturam.<\/p>\n\n\n\n<p>Drug pomemben vidik <strong>arabske slovnice je, da gre za jezik, ki je odvisen od spola<\/strong>, kar pomeni, da imajo samostalniki in pridevniki oblike, ki so odvisne od spola. Ali ste vedeli, da ima arab\u0161\u010dina poleg ednine in mno\u017eine celo dvojno obliko? Res je! Arabska dvojna oblika se uporablja za ozna\u010devanje parov, kot so o\u010di, roke ali star\u0161i. Dodaja dodatno plast specifi\u010dnosti, ki je angle\u0161ki jezik nima.<\/p>\n\n\n\n<p>Zdaj pa se pogovorimo o <strong>glagolski konjugaciji v arab\u0161\u010dini<\/strong>, ki je <a href=\"https:\/\/talkpal.ai\/locations\/language-courses-in-sama\/\">sama<\/a> po sebi povsem nov svet. Arabski glagoli temeljijo na sistemu korenin, ki je obi\u010dajno sestavljen iz treh osnovnih soglasnikov. Koren dolo\u010da osnovni pomen glagola in z dodajanjem vzorcev samoglasnikov ustvarite razli\u010dne oblike glagola, ki izra\u017eajo razli\u010dne pomene in \u010dase. Na primer, spreminjanje samoglasnikov v korenu lahko spremeni \u010das iz preteklosti v sedanjost ali spremeni aktivni glagol v pasivni. Precej neverjetno, kajne?<\/p>\n\n\n\n<p>\u0160e en fascinanten vidik arabske slovnice, o katerem moramo govoriti, je <strong>dolo\u010dnost<\/strong>. V angle\u0161\u010dini uporabljamo besedo &#8220;the&#8221;, ki ozna\u010duje, da je samostalnik dolo\u010den. V arabskem jeziku je ta koncept vgrajen v jezik z majhnim delcem &#8220;Al-&#8220;, ki se doda na za\u010detek besede. Kadar je pred samostalnikom zapisano &#8220;Al-&#8220;, postane samostalnik dolo\u010den brez dodatnih dolo\u010dil. Tako bi v arab\u0161\u010dini namesto &#8220;hi\u0161a je velika&#8221; rekli &#8220;Al-baytu kabir&#8221;, pri \u010demer &#8220;Al-baytu&#8221; pomeni &#8220;hi\u0161a&#8221;.<\/p>\n\n\n\n<p>Pogovorna arab\u0161\u010dina je bolj dinami\u010dna in teko\u010da kot <strong>formalna arab\u0161\u010dina<\/strong>, kot je to v primeru katerega koli jezika. Vendar pa obvladovanje temeljnih na\u010del arabske slovnice ostaja bistveno za resni\u010dno razumevanje in spo\u0161tovanje jezika. Ko boste obesili koreninske vzorce, spolne oblike in glagolske konjugacije, boste veliko la\u017eje prepoznali in se nau\u010dili novih besed.<\/p>\n\n\n\n<p><strong>U\u010denje arabske slovnice<\/strong> se sprva zdi te\u017eavno, vendar boste z vztrajnostjo in predanostjo znali ceniti lepoto tega zapletenega jezika. Tako kot re\u0161evanje zapletene uganke ali de\u0161ifriranje \u0161ifrirane kode, je nagrada v zadovoljstvu, da odklenete skrivnosti arabskega jezika in se potopite v njegovo bogato kulturo, zgodovino in literaturo. Torej, kaj \u0161e \u010dakate? Potopite se v o\u010darljiv svet arabske slovnice in sami odkrijte njeno pravo bistvo.<\/p>\n<\/div><\/div>\n\r\n<section class=\"learnNavigationSection\">\r\n            \r\n        <a href=\"https:\/\/talkpal.ai\/sl\/naucite-se-arabscine\/\">\r\n            <div class=\"learnNavigationWrapper\">\r\n                <div class=\"learnNavigationContent\">\r\n                    <img decoding=\"async\" src=\"https:\/\/talkpal.ai\/wp-content\/uploads\/2024\/08\/Arabic.jpg\" alt=\"Arabic Flag\">\r\n                    <div>\r\n                        <h4>O u\u010denju arab\u0161\u010dine<\/h4>\r\n                        <p>Izvedite vse o arabski slovnici.<\/p>\r\n                    <\/div>\r\n                <\/div>\r\n            <\/div>\r\n        <\/a>\r\n\r\n        \r\n        <a href=\"https:\/\/talkpal.ai\/sl\/arabske-slovnicne-vaje\/\">\r\n            <div class=\"learnNavigationWrapper\">\r\n                <div class=\"learnNavigationContent\">\r\n                    <img decoding=\"async\" src=\"https:\/\/talkpal.ai\/wp-content\/uploads\/2024\/08\/Arabic.jpg\" alt=\"Arabic Flag\">\r\n                    <div>\r\n                        <h4>Vaja iz arabske slovnice<\/h4>\r\n                        <p>Vadite arabsko slovnico.<\/p>\r\n                    <\/div>\r\n                <\/div>\r\n            <\/div>\r\n        <\/a>\r\n\r\n        \r\n        <a href=\"https:\/\/talkpal.ai\/vocabulary_language\/arabic\/\">\r\n            <div class=\"learnNavigationWrapper\">\r\n                <div class=\"learnNavigationContent\">\r\n                    <img decoding=\"async\" src=\"https:\/\/talkpal.ai\/wp-content\/uploads\/2024\/08\/Arabic.jpg\" alt=\"Arabic Flag\">\r\n                    <div>\r\n                        <h4>Arabski besednjak<\/h4>\r\n                        <p>Raz\u0161irite svoj arabski besedni zaklad.<\/p>\r\n                    <\/div>\r\n                <\/div>\r\n            <\/div>\r\n        <\/a>\r\n\r\n            <\/section>","protected":false},"excerpt":{"rendered":"<p>Zapletenost arabske slovnice: potovanje skozi njene korenine in lepoto Se spomnite, ko ste se prvi\u010d za\u010deli u\u010diti angle\u0161ke slovnice? Navidezno neskon\u010dna pravila, izjeme in terminologije so vas v\u010dasih morda pustile preobremenjene. \u010ce razmi\u0161ljate o u\u010denju arabskega jezika, bodite prepri\u010dani, da ima tudi ta jezik edinstven in zapleten slovni\u010dni sistem. Zato se podajmo na kratko, a [&hellip;]<\/p>\n","protected":false},"author":1,"featured_media":105859,"parent":0,"menu_order":0,"comment_status":"closed","ping_status":"closed","template":"LearningContentPage.php","meta":{"_acf_changed":false,"footnotes":""},"class_list":["post-127866","page","type-page","status-publish","has-post-thumbnail","hentry"],"acf":[],"yoast_head":"<!-- This site is optimized with the Yoast SEO Premium plugin v27.2 (Yoast SEO v27.2) - https:\/\/yoast.com\/product\/yoast-seo-premium-wordpress\/ -->\n<title>Arabska slovnica - Talkpal<\/title>\n<meta name=\"description\" content=\"Spoznajte zapletenost arabske slovnice in odkrijte njeno edinstveno strukturo v primerjavi z angle\u0161ko slovnico.\" \/>\n<meta name=\"robots\" content=\"index, follow, max-snippet:-1, max-image-preview:large, max-video-preview:-1\" \/>\n<link rel=\"canonical\" href=\"https:\/\/talkpal.ai\/sl\/arabska-slovnica\/\" \/>\n<meta property=\"og:locale\" content=\"sl_SI\" \/>\n<meta property=\"og:type\" content=\"article\" \/>\n<meta property=\"og:title\" content=\"Arabska slovnica\" \/>\n<meta property=\"og:description\" content=\"Zapletenost arabske slovnice: potovanje skozi njene korenine in lepoto Se spomnite, ko ste se prvi\u010d za\u010deli u\u010diti angle\u0161ke slovnice? Navidezno neskon\u010dna\" \/>\n<meta property=\"og:url\" content=\"https:\/\/talkpal.ai\/sl\/arabska-slovnica\/\" \/>\n<meta property=\"og:site_name\" content=\"Talkpal\" \/>\n<meta property=\"article:publisher\" content=\"https:\/\/www.facebook.com\/profile.php?id=100090733639311\" \/>\n<meta property=\"article:modified_time\" content=\"2025-05-21T11:47:32+00:00\" \/>\n<meta property=\"og:image\" content=\"https:\/\/talkpal.ai\/wp-content\/uploads\/2023\/04\/arabic-united-arab-emirates.png\" \/>\n\t<meta property=\"og:image:width\" content=\"512\" \/>\n\t<meta property=\"og:image:height\" content=\"512\" \/>\n\t<meta property=\"og:image:type\" content=\"image\/png\" \/>\n<meta name=\"twitter:card\" content=\"summary_large_image\" \/>\n<meta name=\"twitter:site\" content=\"@talkpalai\" \/>\n<meta name=\"twitter:label1\" content=\"Est. reading time\" \/>\n\t<meta name=\"twitter:data1\" content=\"3 minute\" \/>\n<script type=\"application\/ld+json\" class=\"yoast-schema-graph\">{\"@context\":\"https:\/\/schema.org\",\"@graph\":[{\"@type\":\"WebPage\",\"@id\":\"https:\/\/talkpal.ai\/sl\/arabska-slovnica\/\",\"url\":\"https:\/\/talkpal.ai\/sl\/arabska-slovnica\/\",\"name\":\"Arabska slovnica - Talkpal\",\"isPartOf\":{\"@id\":\"https:\/\/talkpal.ai\/sl\/#website\"},\"primaryImageOfPage\":{\"@id\":\"https:\/\/talkpal.ai\/sl\/arabska-slovnica\/#primaryimage\"},\"image\":{\"@id\":\"https:\/\/talkpal.ai\/sl\/arabska-slovnica\/#primaryimage\"},\"thumbnailUrl\":\"https:\/\/talkpal.ai\/wp-content\/uploads\/2023\/04\/arabic-united-arab-emirates.png\",\"datePublished\":\"2023-05-14T13:43:38+00:00\",\"dateModified\":\"2025-05-21T11:47:32+00:00\",\"description\":\"Spoznajte zapletenost arabske slovnice in odkrijte njeno edinstveno strukturo v primerjavi z angle\u0161ko slovnico.\",\"breadcrumb\":{\"@id\":\"https:\/\/talkpal.ai\/sl\/arabska-slovnica\/#breadcrumb\"},\"inLanguage\":\"sl-SI\",\"potentialAction\":[{\"@type\":\"ReadAction\",\"target\":[\"https:\/\/talkpal.ai\/sl\/arabska-slovnica\/\"]}]},{\"@type\":\"ImageObject\",\"inLanguage\":\"sl-SI\",\"@id\":\"https:\/\/talkpal.ai\/sl\/arabska-slovnica\/#primaryimage\",\"url\":\"https:\/\/talkpal.ai\/wp-content\/uploads\/2023\/04\/arabic-united-arab-emirates.png\",\"contentUrl\":\"https:\/\/talkpal.ai\/wp-content\/uploads\/2023\/04\/arabic-united-arab-emirates.png\",\"width\":512,\"height\":512},{\"@type\":\"BreadcrumbList\",\"@id\":\"https:\/\/talkpal.ai\/sl\/arabska-slovnica\/#breadcrumb\",\"itemListElement\":[{\"@type\":\"ListItem\",\"position\":1,\"name\":\"Homepage\",\"item\":\"https:\/\/talkpal.ai\/sl\/\"},{\"@type\":\"ListItem\",\"position\":2,\"name\":\"Arabska slovnica\"}]},{\"@type\":\"WebSite\",\"@id\":\"https:\/\/talkpal.ai\/sl\/#website\",\"url\":\"https:\/\/talkpal.ai\/sl\/\",\"name\":\"Talkpal\",\"description\":\"AI Language Learning\",\"publisher\":{\"@id\":\"https:\/\/talkpal.ai\/sl\/#organization\"},\"alternateName\":\"Talkpal AI\",\"potentialAction\":[{\"@type\":\"SearchAction\",\"target\":{\"@type\":\"EntryPoint\",\"urlTemplate\":\"https:\/\/talkpal.ai\/sl\/?s={search_term_string}\"},\"query-input\":{\"@type\":\"PropertyValueSpecification\",\"valueRequired\":true,\"valueName\":\"search_term_string\"}}],\"inLanguage\":\"sl-SI\"},{\"@type\":\"Organization\",\"@id\":\"https:\/\/talkpal.ai\/sl\/#organization\",\"name\":\"Talkpal, Inc.\",\"alternateName\":\"Talkpal AI\",\"url\":\"https:\/\/talkpal.ai\/sl\/\",\"logo\":{\"@type\":\"ImageObject\",\"inLanguage\":\"sl-SI\",\"@id\":\"https:\/\/talkpal.ai\/sl\/#\/schema\/logo\/image\/\",\"url\":\"https:\/\/talkpal.ai\/wp-content\/uploads\/2024\/03\/Talkpal-Logo-Icon.png\",\"contentUrl\":\"https:\/\/talkpal.ai\/wp-content\/uploads\/2024\/03\/Talkpal-Logo-Icon.png\",\"width\":2880,\"height\":2880,\"caption\":\"Talkpal, Inc.\"},\"image\":{\"@id\":\"https:\/\/talkpal.ai\/sl\/#\/schema\/logo\/image\/\"},\"sameAs\":[\"https:\/\/www.facebook.com\/profile.php?id=100090733639311\",\"https:\/\/x.com\/talkpalai\",\"https:\/\/www.linkedin.com\/company\/talkpal\/\",\"https:\/\/www.youtube.com\/@TalkPal\/\",\"https:\/\/www.tiktok.com\/@talkpal\",\"https:\/\/www.instagram.com\/talkpal_ai\/\",\"https:\/\/www.crunchbase.com\/organization\/talkpal-9cde\",\"https:\/\/www.g2.com\/products\/talkpal-for-business\/\",\"https:\/\/www.trustpilot.com\/review\/talkpal.ai\",\"https:\/\/www.capterra.com\/p\/10006800\/TalkPal\/\"],\"description\":\"Talkpal is a language learning web and mobile education app, powered by the latest AI technologies, that provides engaging experiences to its customers in many different languages to help them improve their language skills. Users can chat about unlimited amount of topics with the app and use other modes to practice their language learning.\",\"email\":\"support@talkpal.ai\",\"legalName\":\"Talkpal, Inc.\",\"foundingDate\":\"2023-04-03\",\"duns\":\"118989042\",\"numberOfEmployees\":{\"@type\":\"QuantitativeValue\",\"minValue\":\"11\",\"maxValue\":\"50\"},\"publishingPrinciples\":\"https:\/\/talkpal.ai\/publishing-principles\/\",\"actionableFeedbackPolicy\":\"https:\/\/talkpal.ai\/actionable-feedback-policy\/\",\"correctionsPolicy\":\"https:\/\/talkpal.ai\/corrections-policy\/\",\"ethicsPolicy\":\"https:\/\/talkpal.ai\/ethics-policy\/\",\"diversityPolicy\":\"https:\/\/talkpal.ai\/diversity-policy\/\",\"diversityStaffingReport\":\"https:\/\/talkpal.ai\/diversity-policy\/\"}]}<\/script>\n<!-- \/ Yoast SEO Premium plugin. -->","yoast_head_json":{"title":"Arabska slovnica - Talkpal","description":"Spoznajte zapletenost arabske slovnice in odkrijte njeno edinstveno strukturo v primerjavi z angle\u0161ko slovnico.","robots":{"index":"index","follow":"follow","max-snippet":"max-snippet:-1","max-image-preview":"max-image-preview:large","max-video-preview":"max-video-preview:-1"},"canonical":"https:\/\/talkpal.ai\/sl\/arabska-slovnica\/","og_locale":"sl_SI","og_type":"article","og_title":"Arabska slovnica","og_description":"Zapletenost arabske slovnice: potovanje skozi njene korenine in lepoto Se spomnite, ko ste se prvi\u010d za\u010deli u\u010diti angle\u0161ke slovnice? Navidezno neskon\u010dna","og_url":"https:\/\/talkpal.ai\/sl\/arabska-slovnica\/","og_site_name":"Talkpal","article_publisher":"https:\/\/www.facebook.com\/profile.php?id=100090733639311","article_modified_time":"2025-05-21T11:47:32+00:00","og_image":[{"width":512,"height":512,"url":"https:\/\/talkpal.ai\/wp-content\/uploads\/2023\/04\/arabic-united-arab-emirates.png","type":"image\/png"}],"twitter_card":"summary_large_image","twitter_site":"@talkpalai","twitter_misc":{"Est. reading time":"3 minute"},"schema":{"@context":"https:\/\/schema.org","@graph":[{"@type":"WebPage","@id":"https:\/\/talkpal.ai\/sl\/arabska-slovnica\/","url":"https:\/\/talkpal.ai\/sl\/arabska-slovnica\/","name":"Arabska slovnica - Talkpal","isPartOf":{"@id":"https:\/\/talkpal.ai\/sl\/#website"},"primaryImageOfPage":{"@id":"https:\/\/talkpal.ai\/sl\/arabska-slovnica\/#primaryimage"},"image":{"@id":"https:\/\/talkpal.ai\/sl\/arabska-slovnica\/#primaryimage"},"thumbnailUrl":"https:\/\/talkpal.ai\/wp-content\/uploads\/2023\/04\/arabic-united-arab-emirates.png","datePublished":"2023-05-14T13:43:38+00:00","dateModified":"2025-05-21T11:47:32+00:00","description":"Spoznajte zapletenost arabske slovnice in odkrijte njeno edinstveno strukturo v primerjavi z angle\u0161ko slovnico.","breadcrumb":{"@id":"https:\/\/talkpal.ai\/sl\/arabska-slovnica\/#breadcrumb"},"inLanguage":"sl-SI","potentialAction":[{"@type":"ReadAction","target":["https:\/\/talkpal.ai\/sl\/arabska-slovnica\/"]}]},{"@type":"ImageObject","inLanguage":"sl-SI","@id":"https:\/\/talkpal.ai\/sl\/arabska-slovnica\/#primaryimage","url":"https:\/\/talkpal.ai\/wp-content\/uploads\/2023\/04\/arabic-united-arab-emirates.png","contentUrl":"https:\/\/talkpal.ai\/wp-content\/uploads\/2023\/04\/arabic-united-arab-emirates.png","width":512,"height":512},{"@type":"BreadcrumbList","@id":"https:\/\/talkpal.ai\/sl\/arabska-slovnica\/#breadcrumb","itemListElement":[{"@type":"ListItem","position":1,"name":"Homepage","item":"https:\/\/talkpal.ai\/sl\/"},{"@type":"ListItem","position":2,"name":"Arabska slovnica"}]},{"@type":"WebSite","@id":"https:\/\/talkpal.ai\/sl\/#website","url":"https:\/\/talkpal.ai\/sl\/","name":"Talkpal","description":"AI Language Learning","publisher":{"@id":"https:\/\/talkpal.ai\/sl\/#organization"},"alternateName":"Talkpal AI","potentialAction":[{"@type":"SearchAction","target":{"@type":"EntryPoint","urlTemplate":"https:\/\/talkpal.ai\/sl\/?s={search_term_string}"},"query-input":{"@type":"PropertyValueSpecification","valueRequired":true,"valueName":"search_term_string"}}],"inLanguage":"sl-SI"},{"@type":"Organization","@id":"https:\/\/talkpal.ai\/sl\/#organization","name":"Talkpal, Inc.","alternateName":"Talkpal AI","url":"https:\/\/talkpal.ai\/sl\/","logo":{"@type":"ImageObject","inLanguage":"sl-SI","@id":"https:\/\/talkpal.ai\/sl\/#\/schema\/logo\/image\/","url":"https:\/\/talkpal.ai\/wp-content\/uploads\/2024\/03\/Talkpal-Logo-Icon.png","contentUrl":"https:\/\/talkpal.ai\/wp-content\/uploads\/2024\/03\/Talkpal-Logo-Icon.png","width":2880,"height":2880,"caption":"Talkpal, Inc."},"image":{"@id":"https:\/\/talkpal.ai\/sl\/#\/schema\/logo\/image\/"},"sameAs":["https:\/\/www.facebook.com\/profile.php?id=100090733639311","https:\/\/x.com\/talkpalai","https:\/\/www.linkedin.com\/company\/talkpal\/","https:\/\/www.youtube.com\/@TalkPal\/","https:\/\/www.tiktok.com\/@talkpal","https:\/\/www.instagram.com\/talkpal_ai\/","https:\/\/www.crunchbase.com\/organization\/talkpal-9cde","https:\/\/www.g2.com\/products\/talkpal-for-business\/","https:\/\/www.trustpilot.com\/review\/talkpal.ai","https:\/\/www.capterra.com\/p\/10006800\/TalkPal\/"],"description":"Talkpal is a language learning web and mobile education app, powered by the latest AI technologies, that provides engaging experiences to its customers in many different languages to help them improve their language skills. Users can chat about unlimited amount of topics with the app and use other modes to practice their language learning.","email":"support@talkpal.ai","legalName":"Talkpal, Inc.","foundingDate":"2023-04-03","duns":"118989042","numberOfEmployees":{"@type":"QuantitativeValue","minValue":"11","maxValue":"50"},"publishingPrinciples":"https:\/\/talkpal.ai\/publishing-principles\/","actionableFeedbackPolicy":"https:\/\/talkpal.ai\/actionable-feedback-policy\/","correctionsPolicy":"https:\/\/talkpal.ai\/corrections-policy\/","ethicsPolicy":"https:\/\/talkpal.ai\/ethics-policy\/","diversityPolicy":"https:\/\/talkpal.ai\/diversity-policy\/","diversityStaffingReport":"https:\/\/talkpal.ai\/diversity-policy\/"}]}},"_links":{"self":[{"href":"https:\/\/talkpal.ai\/sl\/wp-json\/wp\/v2\/pages\/127866","targetHints":{"allow":["GET"]}}],"collection":[{"href":"https:\/\/talkpal.ai\/sl\/wp-json\/wp\/v2\/pages"}],"about":[{"href":"https:\/\/talkpal.ai\/sl\/wp-json\/wp\/v2\/types\/page"}],"author":[{"embeddable":true,"href":"https:\/\/talkpal.ai\/sl\/wp-json\/wp\/v2\/users\/1"}],"replies":[{"embeddable":true,"href":"https:\/\/talkpal.ai\/sl\/wp-json\/wp\/v2\/comments?post=127866"}],"version-history":[{"count":0,"href":"https:\/\/talkpal.ai\/sl\/wp-json\/wp\/v2\/pages\/127866\/revisions"}],"wp:featuredmedia":[{"embeddable":true,"href":"https:\/\/talkpal.ai\/sl\/wp-json\/wp\/v2\/media\/105859"}],"wp:attachment":[{"href":"https:\/\/talkpal.ai\/sl\/wp-json\/wp\/v2\/media?parent=127866"}],"curies":[{"name":"wp","href":"https:\/\/api.w.org\/{rel}","templated":true}]}}