{"id":126760,"date":"2023-03-26T12:27:22","date_gmt":"2023-03-26T12:27:22","guid":{"rendered":"http:\/\/talkpal.ai\/italijanska-gramatika\/"},"modified":"2025-05-22T18:43:07","modified_gmt":"2025-05-22T18:43:07","slug":"italijanska-gramatika","status":"publish","type":"page","link":"https:\/\/talkpal.ai\/sl\/italijanska-gramatika\/","title":{"rendered":"Italijanska gramatika"},"content":{"rendered":"\r\n\r\n\r\n<section class=\"languageChallengeSection\">\r\n    <div class=\"languageInfoWrapper\">\r\n        \r\n        <h1>Italijanska gramatika<\/h1>\r\n        <p>Spoznajte temelje italijanskega jezika z u\u010denjem osnovnih slovni\u010dnih pravil. Osvojitev italijanske slovnice vam bo pomagala, da se boste samozavestno izra\u017eali in se globlje povezali z bogato italijansko kulturo. Za\u010dnite se u\u010diti italijanske slovnice \u0161e danes in naredite prvi korak k teko\u010demu znanju italijan\u0161\u010dine!<\/p>\r\n\r\n                            <a class=\"getStartedHidden\" href=\"https:\/\/app.talkpal.ai\/sl\/signup?lng=\">Za\u010dni<\/a>\r\n        \r\n    <\/div>\r\n\r\n    <figure>\r\n    <img decoding=\"async\" width=\"768\" height=\"768\" src=\"https:\/\/talkpal.ai\/wp-content\/uploads\/2023\/06\/italian-768x768.png\" class=\"languageImage no-lazy\" alt=\"Language learning for increased memory capacity\" fetchpriority=\"high\" sizes=\"(max-width: 768px) 150px, 768px\" srcset=\"https:\/\/talkpal.ai\/wp-content\/uploads\/2023\/06\/italian-768x768.png 768w, https:\/\/talkpal.ai\/wp-content\/uploads\/2023\/06\/italian-300x300.png 300w\" \/>\r\n    \r\n\r\n    <\/figure>\r\n\r\n            <a class=\"getStartedVisible\" href=\"https:\/\/app.talkpal.ai\/sl\/signup?lng=\">Za\u010dni<\/a>\r\n    \r\n<\/section>\r\n        <section class=\"grammarSection\">\r\n            <div class=\"grammarLinks\">\r\n                <a href=\"https:\/\/talkpal.ai\/sl\/language\/glagoli-italijanska-slovnica\/\">Glagoli <\/a><a href=\"https:\/\/talkpal.ai\/sl\/language\/predlogi-italijanska-slovnica\/\">Predlogi <\/a><a href=\"https:\/\/talkpal.ai\/sl\/language\/pridevniki-italijanska-slovnica\/\">Pridevniki <\/a><a href=\"https:\/\/talkpal.ai\/sl\/language\/prislovi-italijanska-slovnica\/\">Prislovi <\/a><a href=\"https:\/\/talkpal.ai\/sl\/language\/samostalniki-italijanska-slovnica\/\">samostalniki <\/a><a href=\"https:\/\/talkpal.ai\/sl\/language\/sintaksa-in-stavcna-struktura-italijanska-slovnica\/\">Sintaksa in stav\u010dna struktura <\/a><a href=\"https:\/\/talkpal.ai\/sl\/language\/vezniki-italijanska-slovnica\/\">Vezniki <\/a><a href=\"https:\/\/talkpal.ai\/sl\/language\/zaimki-italijanska-slovnica\/\">Zaimki <\/a><a href=\"https:\/\/talkpal.ai\/sl\/language\/zanikanje-in-zaslisevanje-italijanska-slovnica\/\">Zanikanje in zasli\u0161evanje <\/a>            <\/div>\r\n        <\/section>\r\n    <section class=\"promotionalBanner\">\r\n    <p class=\"promotionalText\">Naju\u010dinkovitej\u0161i na\u010din u\u010denja jezika<\/p>\r\n    <a class=\"promotionalLink\" href=\"https:\/\/app.talkpal.ai\/sl\/signup?lng=\">Preizkusite Talkpal brezpla\u010dno<\/a>\r\n<\/section>\n<div class=\"wp-block-group pageContainerStyle\"><div class=\"wp-block-group__inner-container is-layout-constrained wp-block-group-is-layout-constrained\">\n<h2 class=\"wp-block-heading\" id=\"h-mastering-the-art-of-italian-grammar-your-ultimate-guide\">Osvojite umetnost italijanske slovnice: va\u0161 kon\u010dni vodnik<\/h2>\n\n\n\n<p>Ciao, <a href=\"https:\/\/talkpal.ai\/talkpal-discount-for-language-enthusiasts\/\">jezikovni navdu\u0161enci<\/a>! Ste se pripravljeni potopiti v svet italijanske slovnice? Pri\u0161li ste na pravo mesto. Ta \u010dlanek je poln informacij, ki so lahko razumljive in v pogovornem tonu, zato vas bo popeljal skozi zanimiv (in v\u010dasih zapleten) svet italijanske slovnice, da boste lahko samozavestno sestavljali stavke in se smiselno pogovarjali z rojenimi govorci. Zato se pripnite in za\u010dnimo!<\/p>\n\n\n\n<h3 class=\"wp-block-heading\" id=\"h-but-first-why-italian-grammar\">Toda najprej, zakaj italijanska slovnica?<\/h3>\n\n\n\n<p>\u010ce se u\u010dite italijan\u0161\u010dine, je za teko\u010de govorjenje, branje in pisanje klju\u010dnega pomena trdna <a href=\"https:\/\/talkpal.ai\/grammar\/\">slovnica<\/a>. <a href=\"https:\/\/talkpal.ai\/sl\/grammar\/genere-v-italijanski-slovnici\/\">Italijanska slovnica<\/a> se na prvi pogled zdi zapletena, vendar je razmeroma preprosta, ko jo raz\u010dlenite na manj\u0161e, la\u017eje obvladljive dele. Za\u010dnimo torej pot k obvladovanju italijanske slovnice!<\/p>\n\n\n\n<h3 class=\"wp-block-heading\" id=\"h-1-nouns-articles-and-gender\">1. Samostalniki, \u010dlenki in spol<\/h3>\n\n\n\n<p>Italijanski samostalniki so dveh spolov: mo\u0161kega in \u017eenskega. Za razliko od angle\u0161\u010dine, kjer spol samostalnika ni pomemben, je v italijan\u0161\u010dini za pravilno zgradbo stavka potreben pravilen spol. Ali lahko uganete spol samostalnikov, kot sta tavolo (miza) ali casa (hi\u0161a)? \u010ce ste za besedo &#8220;tavolo&#8221; uganili mo\u0161ki in za &#8220;casa&#8221; \u017eenski spol, bravo!<\/p>\n\n\n\n<p>V italijan\u0161\u010dini se samostalniki obi\u010dajno kon\u010dajo na &#8220;-o&#8221; za mo\u0161ki spol in &#8220;-a&#8221; za \u017eenski spol. Obstajajo izjeme &#8211; nekatere besede se kon\u010dajo na -e in so lahko v obeh spolih -, a za zdaj imejmo v mislih to osnovno na\u010delo.<\/p>\n\n\n\n<p>Pogovorimo se o \u010dlankih. Tako kot v angle\u0161\u010dini tudi v sloven\u0161\u010dini potrebujemo \u010dlenke pred samostalniki. <a href=\"https:\/\/talkpal.ai\/learn-italian\/\">Italijan\u0161\u010dina<\/a> ima dolo\u010dne (il, lo, la, i, gli, le) in nedolo\u010dne \u010dlene (un, uno, una).<\/p>\n\n\n\n<p>Kako torej izberemo, kateri dolo\u010dni \u010dlen bomo uporabili?<\/p>\n\n\n\n<p>&#8211; &#8220;il&#8221; in &#8220;i&#8221; za samostalnike mo\u0161kega spola, ki se za\u010denjajo na soglasnik, npr. il libro (knjiga), i libri (knjige)<br\/>&#8211; &#8220;lo&#8221; in &#8220;gli&#8221; za samostalnike mo\u0161kega spola, ki se za\u010dnejo na &#8220;s&#8221;, ki mu sledi soglasnik, samoglasnik (razen &#8220;u&#8221;) ali &#8220;z&#8221;, npr. lo <a href=\"https:\/\/talkpal.ai\/talkpal-discount-for-students\/\">studente<\/a> (\u0161tudent), gli <a href=\"https:\/\/talkpal.ai\/talkpal-discount-for-students\/\">studenti<\/a> (\u0161tudenti)<br\/>&#8211; &#8220;la&#8221; in &#8220;le&#8221; za samostalnike \u017eenskega spola, npr. la casa (hi\u0161a), le case (hi\u0161e)<\/p>\n\n\n\n<h3 class=\"wp-block-heading\" id=\"h-2-adjectives-and-agreement\">2. Pridevniki in dogovor<\/h3>\n\n\n\n<p>Pridevniki v italijan\u0161\u010dini se morajo ujemati s samostalnikom, ki ga spreminjajo, po spolu in \u0161tevilu. Na primer, \u010de \u017eelite opisati okusno pico, bi rekli &#8220;una pizza deliziosa&#8221; in ne &#8220;delizioso&#8221;. Ne pozabite, da pridevnik v italijan\u0161\u010dini obi\u010dajno sledi samostalniku.<\/p>\n\n\n\n<h3 class=\"wp-block-heading\" id=\"h-3-verbs-tense-and-conjugation\">3. Glagoli, \u010dasi in sklanjanje<\/h3>\n\n\n\n<p>Italijanski glagoli so pomemben del slovnice. Obstajajo tri glagolske kategorije (-are, -ere in -ire) in veliko nepravilnih glagolov, zato imamo veliko dela! Za hiter pregled si oglejmo sedanji \u010das pravilnih glagolov.<\/p>\n\n\n\n<p>&#8211; &#8220;-are&#8221; glagoli: npr. parlare (govoriti): io parlo, tu parli, lui\/lei <a href=\"https:\/\/talkpal.ai\/locations\/language-courses-in-parla\/\">parla<\/a>, noi parliamo, voi parlate, loro parlano<br\/>&#8211; &#8220;-ere&#8221; glagoli: npr. leggere (brati): io leggo, tu leggi, lui\/lei legge, noi leggiamo, voi leggete, loro leggono<br\/>&#8211; &#8220;-ire&#8221; glagoli: npr. finire (kon\u010dati): io finisco, tu finisci, lui\/lei finisce, noi finiamo, voi finite, loro finiscono<\/p>\n\n\n\n<p>Ne pozabite, da je to le vrh ledene gore! Nau\u010diti se je treba \u0161e veliko drugih \u010dasov in nepravilnih glagolov, vendar se vsaka pot za\u010dne z enim samim korakom.<\/p>\n\n\n\n<h3 class=\"wp-block-heading\" id=\"h-4-prepositions-pronouns-and-more\">4. Zaimki, prislovi in \u0161e ve\u010d!<\/h3>\n\n\n\n<p><a href=\"https:\/\/talkpal.ai\/sl\/grammar\/genere-v-italijanski-slovnici\/\">Italijanska slovnica<\/a> vsebuje \u0161e \u0161tevilne druge sestavine, kot so prislovi (di, a, da, in, su itd.), zaimki (io, tu, lui\/lei itd.), samostalni\u0161ki glagoli in idiomatski izrazi. Vsaka komponenta je klju\u010dna za sprostitev teko\u010dnosti, zato se je lotite po korakih.<\/p>\n\n\n\n<p>Za zaklju\u010dek naj povem, da za obvladovanje italijanske slovnice ni bli\u017enjic. Zahteva vztrajnost, prakso in potrpe\u017eljivost. Ko se boste nau\u010dili govoriti v italijan\u0161\u010dini, boste lahko spoznali lepoto pogovora v italijan\u0161\u010dini, odkrivali bogato kulturo in zgodovino ter poglobili svoje spo\u0161tovanje do jezika. Buona fortuna!<\/p>\n<\/div><\/div>\n\r\n<section class=\"learnNavigationSection\">\r\n            \r\n        <a href=\"https:\/\/talkpal.ai\/sl\/naucite-se-italijanskega-jezika\/\">\r\n            <div class=\"learnNavigationWrapper\">\r\n                <div class=\"learnNavigationContent\">\r\n                    <img decoding=\"async\" src=\"https:\/\/talkpal.ai\/wp-content\/uploads\/2024\/08\/Italian.jpg\" alt=\"Italian Flag\">\r\n                    <div>\r\n                        <h4>O u\u010denju italijan\u0161\u010dine<\/h4>\r\n                        <p>Izvedite vse o italijanski slovnici.<\/p>\r\n                    <\/div>\r\n                <\/div>\r\n            <\/div>\r\n        <\/a>\r\n\r\n        \r\n        <a href=\"https:\/\/talkpal.ai\/sl\/italijanske-slovnicne-vaje\/\">\r\n            <div class=\"learnNavigationWrapper\">\r\n                <div class=\"learnNavigationContent\">\r\n                    <img decoding=\"async\" src=\"https:\/\/talkpal.ai\/wp-content\/uploads\/2024\/08\/Italian.jpg\" alt=\"Italian Flag\">\r\n                    <div>\r\n                        <h4>Vaja iz italijanske slovnice<\/h4>\r\n                        <p>Vadite italijansko slovnico.<\/p>\r\n                    <\/div>\r\n                <\/div>\r\n            <\/div>\r\n        <\/a>\r\n\r\n        \r\n        <a href=\"https:\/\/talkpal.ai\/vocabulary_language\/italian\/\">\r\n            <div class=\"learnNavigationWrapper\">\r\n                <div class=\"learnNavigationContent\">\r\n                    <img decoding=\"async\" src=\"https:\/\/talkpal.ai\/wp-content\/uploads\/2024\/08\/Italian.jpg\" alt=\"Italian Flag\">\r\n                    <div>\r\n                        <h4>Italijanski besednjak<\/h4>\r\n                        <p>Raz\u0161irite svoj italijanski besedni zaklad.<\/p>\r\n                    <\/div>\r\n                <\/div>\r\n            <\/div>\r\n        <\/a>\r\n\r\n            <\/section>","protected":false},"excerpt":{"rendered":"<p>Osvojite umetnost italijanske slovnice: va\u0161 kon\u010dni vodnik Ciao, jezikovni navdu\u0161enci! Ste se pripravljeni potopiti v svet italijanske slovnice? Pri\u0161li ste na pravo mesto. Ta \u010dlanek je poln informacij, ki so lahko razumljive in v pogovornem tonu, zato vas bo popeljal skozi zanimiv (in v\u010dasih zapleten) svet italijanske slovnice, da boste lahko samozavestno sestavljali stavke in [&hellip;]<\/p>\n","protected":false},"author":1,"featured_media":76182,"parent":0,"menu_order":0,"comment_status":"closed","ping_status":"closed","template":"LearningContentPage.php","meta":{"_acf_changed":false,"footnotes":""},"class_list":["post-126760","page","type-page","status-publish","has-post-thumbnail","hentry"],"acf":[],"yoast_head":"<!-- This site is optimized with the Yoast SEO Premium plugin v27.2 (Yoast SEO v27.2) - https:\/\/yoast.com\/product\/yoast-seo-premium-wordpress\/ -->\n<title>Italijanska gramatika - Talkpal<\/title>\n<meta name=\"description\" content=\"Z lahkoto se nau\u010dite italijanske slovnice - vadite jasno, razumite pravila in govorite bolje s preprostimi navodili iz Talkpal AI.\" \/>\n<meta name=\"robots\" content=\"index, follow, max-snippet:-1, max-image-preview:large, max-video-preview:-1\" \/>\n<link rel=\"canonical\" href=\"https:\/\/talkpal.ai\/sl\/italijanska-gramatika\/\" \/>\n<meta property=\"og:locale\" content=\"sl_SI\" \/>\n<meta property=\"og:type\" content=\"article\" \/>\n<meta property=\"og:title\" content=\"Italijanska gramatika\" \/>\n<meta property=\"og:description\" content=\"Osvojite umetnost italijanske slovnice: va\u0161 kon\u010dni vodnik Ciao, jezikovni navdu\u0161enci! Ste se pripravljeni potopiti v svet italijanske slovnice? Pri\u0161li ste\" \/>\n<meta property=\"og:url\" content=\"https:\/\/talkpal.ai\/sl\/italijanska-gramatika\/\" \/>\n<meta property=\"og:site_name\" content=\"Talkpal\" \/>\n<meta property=\"article:publisher\" content=\"https:\/\/www.facebook.com\/profile.php?id=100090733639311\" \/>\n<meta property=\"article:modified_time\" content=\"2025-05-22T18:43:07+00:00\" \/>\n<meta property=\"og:image\" content=\"https:\/\/talkpal.ai\/wp-content\/uploads\/2023\/03\/italy.png\" \/>\n\t<meta property=\"og:image:width\" content=\"512\" \/>\n\t<meta property=\"og:image:height\" content=\"512\" \/>\n\t<meta property=\"og:image:type\" content=\"image\/png\" \/>\n<meta name=\"twitter:card\" content=\"summary_large_image\" \/>\n<meta name=\"twitter:site\" content=\"@talkpalai\" \/>\n<meta name=\"twitter:label1\" content=\"Est. reading time\" \/>\n\t<meta name=\"twitter:data1\" content=\"3 minute\" \/>\n<script type=\"application\/ld+json\" class=\"yoast-schema-graph\">{\"@context\":\"https:\/\/schema.org\",\"@graph\":[{\"@type\":\"WebPage\",\"@id\":\"https:\/\/talkpal.ai\/sl\/italijanska-gramatika\/\",\"url\":\"https:\/\/talkpal.ai\/sl\/italijanska-gramatika\/\",\"name\":\"Italijanska gramatika - Talkpal\",\"isPartOf\":{\"@id\":\"https:\/\/talkpal.ai\/sl\/#website\"},\"primaryImageOfPage\":{\"@id\":\"https:\/\/talkpal.ai\/sl\/italijanska-gramatika\/#primaryimage\"},\"image\":{\"@id\":\"https:\/\/talkpal.ai\/sl\/italijanska-gramatika\/#primaryimage\"},\"thumbnailUrl\":\"https:\/\/talkpal.ai\/wp-content\/uploads\/2023\/03\/italy.png\",\"datePublished\":\"2023-03-26T12:27:22+00:00\",\"dateModified\":\"2025-05-22T18:43:07+00:00\",\"description\":\"Z lahkoto se nau\u010dite italijanske slovnice - vadite jasno, razumite pravila in govorite bolje s preprostimi navodili iz Talkpal AI.\",\"breadcrumb\":{\"@id\":\"https:\/\/talkpal.ai\/sl\/italijanska-gramatika\/#breadcrumb\"},\"inLanguage\":\"sl-SI\",\"potentialAction\":[{\"@type\":\"ReadAction\",\"target\":[\"https:\/\/talkpal.ai\/sl\/italijanska-gramatika\/\"]}]},{\"@type\":\"ImageObject\",\"inLanguage\":\"sl-SI\",\"@id\":\"https:\/\/talkpal.ai\/sl\/italijanska-gramatika\/#primaryimage\",\"url\":\"https:\/\/talkpal.ai\/wp-content\/uploads\/2023\/03\/italy.png\",\"contentUrl\":\"https:\/\/talkpal.ai\/wp-content\/uploads\/2023\/03\/italy.png\",\"width\":512,\"height\":512,\"caption\":\"TalkPal AI learn Italian\"},{\"@type\":\"BreadcrumbList\",\"@id\":\"https:\/\/talkpal.ai\/sl\/italijanska-gramatika\/#breadcrumb\",\"itemListElement\":[{\"@type\":\"ListItem\",\"position\":1,\"name\":\"Homepage\",\"item\":\"https:\/\/talkpal.ai\/sl\/\"},{\"@type\":\"ListItem\",\"position\":2,\"name\":\"Italijanska gramatika\"}]},{\"@type\":\"WebSite\",\"@id\":\"https:\/\/talkpal.ai\/sl\/#website\",\"url\":\"https:\/\/talkpal.ai\/sl\/\",\"name\":\"Talkpal\",\"description\":\"AI Language Learning\",\"publisher\":{\"@id\":\"https:\/\/talkpal.ai\/sl\/#organization\"},\"alternateName\":\"Talkpal AI\",\"potentialAction\":[{\"@type\":\"SearchAction\",\"target\":{\"@type\":\"EntryPoint\",\"urlTemplate\":\"https:\/\/talkpal.ai\/sl\/?s={search_term_string}\"},\"query-input\":{\"@type\":\"PropertyValueSpecification\",\"valueRequired\":true,\"valueName\":\"search_term_string\"}}],\"inLanguage\":\"sl-SI\"},{\"@type\":\"Organization\",\"@id\":\"https:\/\/talkpal.ai\/sl\/#organization\",\"name\":\"Talkpal, Inc.\",\"alternateName\":\"Talkpal AI\",\"url\":\"https:\/\/talkpal.ai\/sl\/\",\"logo\":{\"@type\":\"ImageObject\",\"inLanguage\":\"sl-SI\",\"@id\":\"https:\/\/talkpal.ai\/sl\/#\/schema\/logo\/image\/\",\"url\":\"https:\/\/talkpal.ai\/wp-content\/uploads\/2024\/03\/Talkpal-Logo-Icon.png\",\"contentUrl\":\"https:\/\/talkpal.ai\/wp-content\/uploads\/2024\/03\/Talkpal-Logo-Icon.png\",\"width\":2880,\"height\":2880,\"caption\":\"Talkpal, Inc.\"},\"image\":{\"@id\":\"https:\/\/talkpal.ai\/sl\/#\/schema\/logo\/image\/\"},\"sameAs\":[\"https:\/\/www.facebook.com\/profile.php?id=100090733639311\",\"https:\/\/x.com\/talkpalai\",\"https:\/\/www.linkedin.com\/company\/talkpal\/\",\"https:\/\/www.youtube.com\/@TalkPal\/\",\"https:\/\/www.tiktok.com\/@talkpal\",\"https:\/\/www.instagram.com\/talkpal_ai\/\",\"https:\/\/www.crunchbase.com\/organization\/talkpal-9cde\",\"https:\/\/www.g2.com\/products\/talkpal-for-business\/\",\"https:\/\/www.trustpilot.com\/review\/talkpal.ai\",\"https:\/\/www.capterra.com\/p\/10006800\/TalkPal\/\"],\"description\":\"Talkpal is a language learning web and mobile education app, powered by the latest AI technologies, that provides engaging experiences to its customers in many different languages to help them improve their language skills. Users can chat about unlimited amount of topics with the app and use other modes to practice their language learning.\",\"email\":\"support@talkpal.ai\",\"legalName\":\"Talkpal, Inc.\",\"foundingDate\":\"2023-04-03\",\"duns\":\"118989042\",\"numberOfEmployees\":{\"@type\":\"QuantitativeValue\",\"minValue\":\"11\",\"maxValue\":\"50\"},\"publishingPrinciples\":\"https:\/\/talkpal.ai\/publishing-principles\/\",\"actionableFeedbackPolicy\":\"https:\/\/talkpal.ai\/actionable-feedback-policy\/\",\"correctionsPolicy\":\"https:\/\/talkpal.ai\/corrections-policy\/\",\"ethicsPolicy\":\"https:\/\/talkpal.ai\/ethics-policy\/\",\"diversityPolicy\":\"https:\/\/talkpal.ai\/diversity-policy\/\",\"diversityStaffingReport\":\"https:\/\/talkpal.ai\/diversity-policy\/\"}]}<\/script>\n<!-- \/ Yoast SEO Premium plugin. -->","yoast_head_json":{"title":"Italijanska gramatika - Talkpal","description":"Z lahkoto se nau\u010dite italijanske slovnice - vadite jasno, razumite pravila in govorite bolje s preprostimi navodili iz Talkpal AI.","robots":{"index":"index","follow":"follow","max-snippet":"max-snippet:-1","max-image-preview":"max-image-preview:large","max-video-preview":"max-video-preview:-1"},"canonical":"https:\/\/talkpal.ai\/sl\/italijanska-gramatika\/","og_locale":"sl_SI","og_type":"article","og_title":"Italijanska gramatika","og_description":"Osvojite umetnost italijanske slovnice: va\u0161 kon\u010dni vodnik Ciao, jezikovni navdu\u0161enci! Ste se pripravljeni potopiti v svet italijanske slovnice? Pri\u0161li ste","og_url":"https:\/\/talkpal.ai\/sl\/italijanska-gramatika\/","og_site_name":"Talkpal","article_publisher":"https:\/\/www.facebook.com\/profile.php?id=100090733639311","article_modified_time":"2025-05-22T18:43:07+00:00","og_image":[{"width":512,"height":512,"url":"https:\/\/talkpal.ai\/wp-content\/uploads\/2023\/03\/italy.png","type":"image\/png"}],"twitter_card":"summary_large_image","twitter_site":"@talkpalai","twitter_misc":{"Est. reading time":"3 minute"},"schema":{"@context":"https:\/\/schema.org","@graph":[{"@type":"WebPage","@id":"https:\/\/talkpal.ai\/sl\/italijanska-gramatika\/","url":"https:\/\/talkpal.ai\/sl\/italijanska-gramatika\/","name":"Italijanska gramatika - Talkpal","isPartOf":{"@id":"https:\/\/talkpal.ai\/sl\/#website"},"primaryImageOfPage":{"@id":"https:\/\/talkpal.ai\/sl\/italijanska-gramatika\/#primaryimage"},"image":{"@id":"https:\/\/talkpal.ai\/sl\/italijanska-gramatika\/#primaryimage"},"thumbnailUrl":"https:\/\/talkpal.ai\/wp-content\/uploads\/2023\/03\/italy.png","datePublished":"2023-03-26T12:27:22+00:00","dateModified":"2025-05-22T18:43:07+00:00","description":"Z lahkoto se nau\u010dite italijanske slovnice - vadite jasno, razumite pravila in govorite bolje s preprostimi navodili iz Talkpal AI.","breadcrumb":{"@id":"https:\/\/talkpal.ai\/sl\/italijanska-gramatika\/#breadcrumb"},"inLanguage":"sl-SI","potentialAction":[{"@type":"ReadAction","target":["https:\/\/talkpal.ai\/sl\/italijanska-gramatika\/"]}]},{"@type":"ImageObject","inLanguage":"sl-SI","@id":"https:\/\/talkpal.ai\/sl\/italijanska-gramatika\/#primaryimage","url":"https:\/\/talkpal.ai\/wp-content\/uploads\/2023\/03\/italy.png","contentUrl":"https:\/\/talkpal.ai\/wp-content\/uploads\/2023\/03\/italy.png","width":512,"height":512,"caption":"TalkPal AI learn Italian"},{"@type":"BreadcrumbList","@id":"https:\/\/talkpal.ai\/sl\/italijanska-gramatika\/#breadcrumb","itemListElement":[{"@type":"ListItem","position":1,"name":"Homepage","item":"https:\/\/talkpal.ai\/sl\/"},{"@type":"ListItem","position":2,"name":"Italijanska gramatika"}]},{"@type":"WebSite","@id":"https:\/\/talkpal.ai\/sl\/#website","url":"https:\/\/talkpal.ai\/sl\/","name":"Talkpal","description":"AI Language Learning","publisher":{"@id":"https:\/\/talkpal.ai\/sl\/#organization"},"alternateName":"Talkpal AI","potentialAction":[{"@type":"SearchAction","target":{"@type":"EntryPoint","urlTemplate":"https:\/\/talkpal.ai\/sl\/?s={search_term_string}"},"query-input":{"@type":"PropertyValueSpecification","valueRequired":true,"valueName":"search_term_string"}}],"inLanguage":"sl-SI"},{"@type":"Organization","@id":"https:\/\/talkpal.ai\/sl\/#organization","name":"Talkpal, Inc.","alternateName":"Talkpal AI","url":"https:\/\/talkpal.ai\/sl\/","logo":{"@type":"ImageObject","inLanguage":"sl-SI","@id":"https:\/\/talkpal.ai\/sl\/#\/schema\/logo\/image\/","url":"https:\/\/talkpal.ai\/wp-content\/uploads\/2024\/03\/Talkpal-Logo-Icon.png","contentUrl":"https:\/\/talkpal.ai\/wp-content\/uploads\/2024\/03\/Talkpal-Logo-Icon.png","width":2880,"height":2880,"caption":"Talkpal, Inc."},"image":{"@id":"https:\/\/talkpal.ai\/sl\/#\/schema\/logo\/image\/"},"sameAs":["https:\/\/www.facebook.com\/profile.php?id=100090733639311","https:\/\/x.com\/talkpalai","https:\/\/www.linkedin.com\/company\/talkpal\/","https:\/\/www.youtube.com\/@TalkPal\/","https:\/\/www.tiktok.com\/@talkpal","https:\/\/www.instagram.com\/talkpal_ai\/","https:\/\/www.crunchbase.com\/organization\/talkpal-9cde","https:\/\/www.g2.com\/products\/talkpal-for-business\/","https:\/\/www.trustpilot.com\/review\/talkpal.ai","https:\/\/www.capterra.com\/p\/10006800\/TalkPal\/"],"description":"Talkpal is a language learning web and mobile education app, powered by the latest AI technologies, that provides engaging experiences to its customers in many different languages to help them improve their language skills. Users can chat about unlimited amount of topics with the app and use other modes to practice their language learning.","email":"support@talkpal.ai","legalName":"Talkpal, Inc.","foundingDate":"2023-04-03","duns":"118989042","numberOfEmployees":{"@type":"QuantitativeValue","minValue":"11","maxValue":"50"},"publishingPrinciples":"https:\/\/talkpal.ai\/publishing-principles\/","actionableFeedbackPolicy":"https:\/\/talkpal.ai\/actionable-feedback-policy\/","correctionsPolicy":"https:\/\/talkpal.ai\/corrections-policy\/","ethicsPolicy":"https:\/\/talkpal.ai\/ethics-policy\/","diversityPolicy":"https:\/\/talkpal.ai\/diversity-policy\/","diversityStaffingReport":"https:\/\/talkpal.ai\/diversity-policy\/"}]}},"_links":{"self":[{"href":"https:\/\/talkpal.ai\/sl\/wp-json\/wp\/v2\/pages\/126760","targetHints":{"allow":["GET"]}}],"collection":[{"href":"https:\/\/talkpal.ai\/sl\/wp-json\/wp\/v2\/pages"}],"about":[{"href":"https:\/\/talkpal.ai\/sl\/wp-json\/wp\/v2\/types\/page"}],"author":[{"embeddable":true,"href":"https:\/\/talkpal.ai\/sl\/wp-json\/wp\/v2\/users\/1"}],"replies":[{"embeddable":true,"href":"https:\/\/talkpal.ai\/sl\/wp-json\/wp\/v2\/comments?post=126760"}],"version-history":[{"count":0,"href":"https:\/\/talkpal.ai\/sl\/wp-json\/wp\/v2\/pages\/126760\/revisions"}],"wp:featuredmedia":[{"embeddable":true,"href":"https:\/\/talkpal.ai\/sl\/wp-json\/wp\/v2\/media\/76182"}],"wp:attachment":[{"href":"https:\/\/talkpal.ai\/sl\/wp-json\/wp\/v2\/media?parent=126760"}],"curies":[{"name":"wp","href":"https:\/\/api.w.org\/{rel}","templated":true}]}}