{"id":124643,"date":"2023-03-26T11:45:19","date_gmt":"2023-03-26T11:45:19","guid":{"rendered":"http:\/\/talkpal.ai\/francoska-gramatika\/"},"modified":"2025-05-22T18:46:24","modified_gmt":"2025-05-22T18:46:24","slug":"francoska-gramatika","status":"publish","type":"page","link":"https:\/\/talkpal.ai\/sl\/francoska-gramatika\/","title":{"rendered":"Francoska gramatika"},"content":{"rendered":"\r\n\r\n\r\n<section class=\"languageChallengeSection\">\r\n    <div class=\"languageInfoWrapper\">\r\n        \r\n        <h1>Francoska gramatika<\/h1>\r\n        <p>Spoznajte eleganco francoskega jezika z obvladovanjem njegovih osnovnih slovni\u010dnih pravil. Dobro poznavanje francoske slovnice vam bo pomagalo, da se boste zlahka sporazumevali in cenili bogastvo francoske kulture. Za\u010dnite se u\u010diti <a href=\"https:\/\/talkpal.ai\/learn-french\/\">francosko<\/a> slovnico danes in za\u010dnite pot k teko\u010demu znanju!<\/p>\r\n\r\n                            <a class=\"getStartedHidden\" href=\"https:\/\/app.talkpal.ai\/sl\/signup?lng=\">Za\u010dni<\/a>\r\n        \r\n    <\/div>\r\n\r\n    <figure>\r\n    <img decoding=\"async\" width=\"768\" height=\"768\" src=\"https:\/\/talkpal.ai\/wp-content\/uploads\/2023\/06\/french-768x768.png\" class=\"languageImage no-lazy\" alt=\"Language learning strategies for professionals\" fetchpriority=\"high\" sizes=\"(max-width: 768px) 150px, 768px\" srcset=\"https:\/\/talkpal.ai\/wp-content\/uploads\/2023\/06\/french-768x768.png 768w, https:\/\/talkpal.ai\/wp-content\/uploads\/2023\/06\/french-300x300.png 300w\" \/>\r\n    \r\n\r\n    <\/figure>\r\n\r\n            <a class=\"getStartedVisible\" href=\"https:\/\/app.talkpal.ai\/sl\/signup?lng=\">Za\u010dni<\/a>\r\n    \r\n<\/section>\r\n        <section class=\"grammarSection\">\r\n            <div class=\"grammarLinks\">\r\n                <a href=\"https:\/\/talkpal.ai\/sl\/language\/clanki-francoska-slovnica\/\">\u010clanki <\/a><a href=\"https:\/\/talkpal.ai\/sl\/language\/glagoli-francoska-slovnica\/\">Glagoli <\/a><a href=\"https:\/\/talkpal.ai\/sl\/language\/indikativni-casi-francoska-slovnica\/\">Indikativni \u010dasi <\/a><a href=\"https:\/\/talkpal.ai\/sl\/language\/predpredlogi-francoska-slovnica\/\">Predpredlogi <\/a><a href=\"https:\/\/talkpal.ai\/sl\/language\/pridevniki-francoska-slovnica\/\">Pridevniki <\/a><a href=\"https:\/\/talkpal.ai\/sl\/language\/prislovi-francoska-slovnica\/\">Prislovi <\/a><a href=\"https:\/\/talkpal.ai\/sl\/language\/samostalniki-francoska-slovnica\/\">samostalniki <\/a><a href=\"https:\/\/talkpal.ai\/sl\/language\/stavcna-struktura-francoska-slovnica\/\">Stav\u010dna struktura <\/a><a href=\"https:\/\/talkpal.ai\/sl\/language\/zaimki-in-dolocniki-francoska-slovnica\/\">Zaimki in dolo\u010dniki <\/a>            <\/div>\r\n        <\/section>\r\n    <section class=\"promotionalBanner\">\r\n    <p class=\"promotionalText\"><\/p>\r\n    <a class=\"promotionalLink\" href=\"https:\/\/app.talkpal.ai\/sl\/signup?lng=\"><\/a>\r\n<\/section>\n<div class=\"wp-block-group pageContainerStyle\"><div class=\"wp-block-group__inner-container is-layout-constrained wp-block-group-is-layout-constrained\">\n<h2 class=\"wp-block-heading\" id=\"h-a-beginner-s-guide-to-french-grammar\">Vodnik za za\u010detnike po francoski slovnici<\/h2>\n\n\n\n<p>U\u010denje franco\u0161\u010dine je lahko vznemirljiva in koristna izku\u0161nja. Vendar pa je obvladovanje francoske slovnice lahko izziv, tudi za tiste, ki obvladajo angle\u0161\u010dino. V tem \u010dlanku bomo obravnavali nekaj bistvenih nasvetov za izbolj\u0161anje znanja francoskega jezika. \u010ce se boste seznanili s temi pravili in jih redno vadili, boste na dobri <a href=\"https:\/\/talkpal.ai\/locations\/learn-english-in-poti\/\">poti<\/a>, da postanete strokovnjak za francosko slovnico.<\/p>\n\n\n\n<h3 class=\"wp-block-heading\" id=\"h-1-the-importance-of-gender-in-french-nouns\">1. Pomen spola v francoskih samostalnikih<\/h3>\n\n\n\n<p><a href=\"https:\/\/talkpal.ai\/locations\/language-courses-in-ena\/\">Ena<\/a> najpomembnej\u0161ih razlik med francosko in angle\u0161ko slovnico je koncept spola. Vsi francoski samostalniki so bodisi mo\u0161ki ali \u017eenski, kar vpliva na \u010dlanke in pridevnike, ki se uporabljajo z njimi. Na primer, &#8220;le&#8221; in &#8220;la&#8221; sta dolo\u010dna \u010dlena za samostalnike mo\u0161kega in \u017eenskega spola. Ko se sre\u010date z novim samostalnikom, si morate zapomniti njegov spol, da se izognete slovni\u010dnim napakam.<\/p>\n\n\n\n<h3 class=\"wp-block-heading\" id=\"h-2-mastering-verb-conjugations\">2. Obvladovanje glagolskih konjugacij<\/h3>\n\n\n\n<p>Francoski glagoli imajo \u0161tevilne konjugacije, ki temeljijo na napetih, razpolo\u017eenih in predmetnih zaimkih. To se morda zdi presenetljivo, vendar obstajajo vzorci in bli\u017enjice, ki jih lahko uporabite za poenostavitev postopka. Pravilni glagoli spadajo v eno od treh skupin, ki temeljijo na njihovih neskon\u010dnih kon\u010dnicah (-er, -ir in -re), vsaka skupina pa ima svoj nabor pravil konjugacije. Ko se nau\u010dite teh pravil, lahko zlahka spregovorite o velikem \u0161tevilu francoskih glagolov.<\/p>\n\n\n\n<h3 class=\"wp-block-heading\" id=\"h-3-the-partitive-article-du-de-la-and-de-l\">3. Partitivni \u010dlen: du, de la in de l&#8217;<\/h3>\n\n\n\n<p>Kadar govorimo o delu ali nedolo\u010deni koli\u010dini ne\u010desa, moramo uporabiti dele\u017enik. \u010clenek se spreminja glede na spol samostalnika in glede na to, ali se samostalnik za\u010dne na samoglasnik ali soglasnik. Za samostalnike mo\u0161kega spola uporabljajte &#8220;du&#8221;, za samostalnike \u017eenskega spola &#8220;de la&#8221;, za samostalnike, ki se za\u010denjajo na samoglasnik ali nemi &#8220;h&#8221;, pa &#8220;de l&#8221;.<\/p>\n\n\n\n<h3 class=\"wp-block-heading\" id=\"h-4-adjective-agreement-and-placement\">4. Pridevni\u0161ki dogovor in namestitev<\/h3>\n\n\n\n<p>V francoski slovnici se morajo pridevniki ujemati s samostalnikom, ki ga spreminjajo glede na spol in \u0161tevilo. To pogosto pomeni, da morate pridevniku dodati \u010drko &#8220;e&#8221;, da postane \u017eenski, in \u010drko &#8220;s&#8221;, da postane mno\u017einski. Poleg tega pridevniki obi\u010dajno sledijo samostalniku, ki ga spreminjajo, z nekaterimi izjemami pri kratkih in pogostih pridevnikih, kot so &#8220;beau&#8221;, &#8220;vieil&#8221; in &#8220;grand&#8221;.<\/p>\n\n\n\n<p>Primeri:<br\/>&#8211; Un chat noir (\u010crna ma\u010dka)<br\/>&#8211; Une voiture noire (\u010crni avtomobil)<br\/>&#8211; Deux chats noirs (Dve \u010drni ma\u010dki)<\/p>\n\n\n\n<h3 class=\"wp-block-heading\" id=\"h-5-passe-compose-past-tense-made-easy\">5. Passe Compose &#8211; Prehodni \u010das je enostaven<\/h3>\n\n\n\n<p>\u010ceprav obstaja veliko na\u010dinov za izra\u017eanje preteklega \u010dasa v franco\u0161\u010dini, je pass\u00e8 skladba <a href=\"https:\/\/talkpal.ai\/locations\/language-courses-in-ena\/\">ena<\/a> najbolj uporabnih in najla\u017ejih za u\u010denje. Za tvorbo <a href=\"https:\/\/talkpal.ai\/ar\/grammar_exercises\/passe-compose-%d8%aa%d9%85%d8%a7%d8%b1%d9%8a%d9%86-%d9%84%d9%84%d9%82%d9%88%d8%a7%d8%b9%d8%af-%d8%a7%d9%84%d9%81%d8%b1%d9%86%d8%b3%d9%8a%d8%a9\/\">pass\u00e9 compos\u00e9<\/a> potrebujete sedanji \u010das pomo\u017enega glagola &#8220;avoir&#8221; ali &#8220;\u00eatre&#8221;, ki mu sledi pretekli dele\u017enik glavnega glagola. Ve\u010dina glagolov uporablja pomo\u017eni \u010dlen &#8220;avoir&#8221;, medtem ko nekateri glagoli, predvsem tisti, ki se nana\u0161ajo na gibanje, in povratni glagoli uporabljajo &#8220;\u00eatre&#8221;.<\/p>\n\n\n\n<p>Primer:<br\/>&#8211; J&#8217;ai mang\u00e9 (jedel sem)<br\/>&#8211; Nous sommes all\u00e9s (\u0160li smo)<\/p>\n\n\n\n<h3 class=\"wp-block-heading\" id=\"h-6-engaging-with-the-language\">6. Sodelovanje z jezikom<\/h3>\n\n\n\n<p>Eden najbolj\u0161ih na\u010dinov za izbolj\u0161anje francoske slovnice je redno sodelovanje z jezikom. Z branjem francoskih \u010dasopisov, gledanjem francoskih filmov ali pogovorom z rojenim govorcem boste okrepili svoje razumevanje slovnice in raz\u0161irili besedni zaklad, \u010de boste jezik spoznavali v razli\u010dnih kontekstih.<\/p>\n\n\n\n<h3 class=\"wp-block-heading\" id=\"h-conclusion\">Zaklju\u010dek<\/h3>\n\n\n\n<p>Obvladovanje francoske slovnice se morda zdi zastra\u0161ujo\u010de, <a href=\"https:\/\/talkpal.ai\/locations\/language-courses-in-toda\/\">toda<\/a> z dosledno prakso in predanostjo lahko teko\u010de govorite ta \u010dudovit jezik. Z osredoto\u010danjem na osnovna pravila, opisana zgoraj, in uporabo jezika v razli\u010dnih kontekstih se bodo va\u0161e francoske slovni\u010dne sposobnosti hitro izbolj\u0161ale. Bonne prilo\u017enost na va\u0161i poti do obvladovanja francoske slovnice!<\/p>\n<\/div><\/div>\n\r\n<section class=\"learnNavigationSection\">\r\n            \r\n        <a href=\"https:\/\/talkpal.ai\/sl\/ucenje-francoscine\/\">\r\n            <div class=\"learnNavigationWrapper\">\r\n                <div class=\"learnNavigationContent\">\r\n                    <img decoding=\"async\" src=\"https:\/\/talkpal.ai\/wp-content\/uploads\/2024\/08\/French.jpg\" alt=\"French Flag\">\r\n                    <div>\r\n                        <h4>O u\u010denju franco\u0161\u010dine<\/h4>\r\n                        <p>Izvedite vse o francoski slovnici.<\/p>\r\n                    <\/div>\r\n                <\/div>\r\n            <\/div>\r\n        <\/a>\r\n\r\n        \r\n        <a href=\"https:\/\/talkpal.ai\/sl\/francoske-slovnicne-vaje\/\">\r\n            <div class=\"learnNavigationWrapper\">\r\n                <div class=\"learnNavigationContent\">\r\n                    <img decoding=\"async\" src=\"https:\/\/talkpal.ai\/wp-content\/uploads\/2024\/08\/French.jpg\" alt=\"French Flag\">\r\n                    <div>\r\n                        <h4>Vaja iz francoske slovnice<\/h4>\r\n                        <p>Vadite francosko slovnico.<\/p>\r\n                    <\/div>\r\n                <\/div>\r\n            <\/div>\r\n        <\/a>\r\n\r\n        \r\n        <a href=\"https:\/\/talkpal.ai\/vocabulary_language\/french\/\">\r\n            <div class=\"learnNavigationWrapper\">\r\n                <div class=\"learnNavigationContent\">\r\n                    <img decoding=\"async\" src=\"https:\/\/talkpal.ai\/wp-content\/uploads\/2024\/08\/French.jpg\" alt=\"French Flag\">\r\n                    <div>\r\n                        <h4>Francoski besednjak<\/h4>\r\n                        <p>Raz\u0161irite svoj francoski besedni zaklad.<\/p>\r\n                    <\/div>\r\n                <\/div>\r\n            <\/div>\r\n        <\/a>\r\n\r\n            <\/section>","protected":false},"excerpt":{"rendered":"<p>Vodnik za za\u010detnike po francoski slovnici U\u010denje franco\u0161\u010dine je lahko vznemirljiva in koristna izku\u0161nja. Vendar pa je obvladovanje francoske slovnice lahko izziv, tudi za tiste, ki obvladajo angle\u0161\u010dino. V tem \u010dlanku bomo obravnavali nekaj bistvenih nasvetov za izbolj\u0161anje znanja francoskega jezika. \u010ce se boste seznanili s temi pravili in jih redno vadili, boste na dobri [&hellip;]<\/p>\n","protected":false},"author":1,"featured_media":75883,"parent":0,"menu_order":0,"comment_status":"closed","ping_status":"closed","template":"LearningContentPage.php","meta":{"_acf_changed":false,"footnotes":""},"class_list":["post-124643","page","type-page","status-publish","has-post-thumbnail","hentry"],"acf":[],"yoast_head":"<!-- This site is optimized with the Yoast SEO Premium plugin v27.2 (Yoast SEO v27.2) - https:\/\/yoast.com\/product\/yoast-seo-premium-wordpress\/ -->\n<title>Francoska gramatika - Talkpal<\/title>\n<meta name=\"description\" content=\"Osvojite bistvene koncepte francoske slovnice - glagole, sklanjatve, \u010dase, samostalnike, \u010dlenke, pridevnike, zaimke in zgradbo stavka.\" \/>\n<meta name=\"robots\" content=\"index, follow, max-snippet:-1, max-image-preview:large, max-video-preview:-1\" \/>\n<link rel=\"canonical\" href=\"https:\/\/talkpal.ai\/sl\/francoska-gramatika\/\" \/>\n<meta property=\"og:locale\" content=\"sl_SI\" \/>\n<meta property=\"og:type\" content=\"article\" \/>\n<meta property=\"og:title\" content=\"Francoska gramatika\" \/>\n<meta property=\"og:description\" content=\"Vodnik za za\u010detnike po francoski slovnici U\u010denje franco\u0161\u010dine je lahko vznemirljiva in koristna izku\u0161nja. Vendar pa je obvladovanje francoske slovnice\" \/>\n<meta property=\"og:url\" content=\"https:\/\/talkpal.ai\/sl\/francoska-gramatika\/\" \/>\n<meta property=\"og:site_name\" content=\"Talkpal\" \/>\n<meta property=\"article:publisher\" content=\"https:\/\/www.facebook.com\/profile.php?id=100090733639311\" \/>\n<meta property=\"article:modified_time\" content=\"2025-05-22T18:46:24+00:00\" \/>\n<meta property=\"og:image\" content=\"https:\/\/talkpal.ai\/wp-content\/uploads\/2023\/03\/france.png\" \/>\n\t<meta property=\"og:image:width\" content=\"512\" \/>\n\t<meta property=\"og:image:height\" content=\"512\" \/>\n\t<meta property=\"og:image:type\" content=\"image\/png\" \/>\n<meta name=\"twitter:card\" content=\"summary_large_image\" \/>\n<meta name=\"twitter:site\" content=\"@talkpalai\" \/>\n<meta name=\"twitter:label1\" content=\"Est. reading time\" \/>\n\t<meta name=\"twitter:data1\" content=\"3 minute\" \/>\n<script type=\"application\/ld+json\" class=\"yoast-schema-graph\">{\"@context\":\"https:\/\/schema.org\",\"@graph\":[{\"@type\":\"WebPage\",\"@id\":\"https:\/\/talkpal.ai\/sl\/francoska-gramatika\/\",\"url\":\"https:\/\/talkpal.ai\/sl\/francoska-gramatika\/\",\"name\":\"Francoska gramatika - Talkpal\",\"isPartOf\":{\"@id\":\"https:\/\/talkpal.ai\/sl\/#website\"},\"primaryImageOfPage\":{\"@id\":\"https:\/\/talkpal.ai\/sl\/francoska-gramatika\/#primaryimage\"},\"image\":{\"@id\":\"https:\/\/talkpal.ai\/sl\/francoska-gramatika\/#primaryimage\"},\"thumbnailUrl\":\"https:\/\/talkpal.ai\/wp-content\/uploads\/2023\/03\/france.png\",\"datePublished\":\"2023-03-26T11:45:19+00:00\",\"dateModified\":\"2025-05-22T18:46:24+00:00\",\"description\":\"Osvojite bistvene koncepte francoske slovnice - glagole, sklanjatve, \u010dase, samostalnike, \u010dlenke, pridevnike, zaimke in zgradbo stavka.\",\"breadcrumb\":{\"@id\":\"https:\/\/talkpal.ai\/sl\/francoska-gramatika\/#breadcrumb\"},\"inLanguage\":\"sl-SI\",\"potentialAction\":[{\"@type\":\"ReadAction\",\"target\":[\"https:\/\/talkpal.ai\/sl\/francoska-gramatika\/\"]}]},{\"@type\":\"ImageObject\",\"inLanguage\":\"sl-SI\",\"@id\":\"https:\/\/talkpal.ai\/sl\/francoska-gramatika\/#primaryimage\",\"url\":\"https:\/\/talkpal.ai\/wp-content\/uploads\/2023\/03\/france.png\",\"contentUrl\":\"https:\/\/talkpal.ai\/wp-content\/uploads\/2023\/03\/france.png\",\"width\":512,\"height\":512,\"caption\":\"TalkPal AI learn French\"},{\"@type\":\"BreadcrumbList\",\"@id\":\"https:\/\/talkpal.ai\/sl\/francoska-gramatika\/#breadcrumb\",\"itemListElement\":[{\"@type\":\"ListItem\",\"position\":1,\"name\":\"Homepage\",\"item\":\"https:\/\/talkpal.ai\/sl\/\"},{\"@type\":\"ListItem\",\"position\":2,\"name\":\"Francoska gramatika\"}]},{\"@type\":\"WebSite\",\"@id\":\"https:\/\/talkpal.ai\/sl\/#website\",\"url\":\"https:\/\/talkpal.ai\/sl\/\",\"name\":\"Talkpal\",\"description\":\"AI Language Learning\",\"publisher\":{\"@id\":\"https:\/\/talkpal.ai\/sl\/#organization\"},\"alternateName\":\"Talkpal AI\",\"potentialAction\":[{\"@type\":\"SearchAction\",\"target\":{\"@type\":\"EntryPoint\",\"urlTemplate\":\"https:\/\/talkpal.ai\/sl\/?s={search_term_string}\"},\"query-input\":{\"@type\":\"PropertyValueSpecification\",\"valueRequired\":true,\"valueName\":\"search_term_string\"}}],\"inLanguage\":\"sl-SI\"},{\"@type\":\"Organization\",\"@id\":\"https:\/\/talkpal.ai\/sl\/#organization\",\"name\":\"Talkpal, Inc.\",\"alternateName\":\"Talkpal AI\",\"url\":\"https:\/\/talkpal.ai\/sl\/\",\"logo\":{\"@type\":\"ImageObject\",\"inLanguage\":\"sl-SI\",\"@id\":\"https:\/\/talkpal.ai\/sl\/#\/schema\/logo\/image\/\",\"url\":\"https:\/\/talkpal.ai\/wp-content\/uploads\/2024\/03\/Talkpal-Logo-Icon.png\",\"contentUrl\":\"https:\/\/talkpal.ai\/wp-content\/uploads\/2024\/03\/Talkpal-Logo-Icon.png\",\"width\":2880,\"height\":2880,\"caption\":\"Talkpal, Inc.\"},\"image\":{\"@id\":\"https:\/\/talkpal.ai\/sl\/#\/schema\/logo\/image\/\"},\"sameAs\":[\"https:\/\/www.facebook.com\/profile.php?id=100090733639311\",\"https:\/\/x.com\/talkpalai\",\"https:\/\/www.linkedin.com\/company\/talkpal\/\",\"https:\/\/www.youtube.com\/@TalkPal\/\",\"https:\/\/www.tiktok.com\/@talkpal\",\"https:\/\/www.instagram.com\/talkpal_ai\/\",\"https:\/\/www.crunchbase.com\/organization\/talkpal-9cde\",\"https:\/\/www.g2.com\/products\/talkpal-for-business\/\",\"https:\/\/www.trustpilot.com\/review\/talkpal.ai\",\"https:\/\/www.capterra.com\/p\/10006800\/TalkPal\/\"],\"description\":\"Talkpal is a language learning web and mobile education app, powered by the latest AI technologies, that provides engaging experiences to its customers in many different languages to help them improve their language skills. Users can chat about unlimited amount of topics with the app and use other modes to practice their language learning.\",\"email\":\"support@talkpal.ai\",\"legalName\":\"Talkpal, Inc.\",\"foundingDate\":\"2023-04-03\",\"duns\":\"118989042\",\"numberOfEmployees\":{\"@type\":\"QuantitativeValue\",\"minValue\":\"11\",\"maxValue\":\"50\"},\"publishingPrinciples\":\"https:\/\/talkpal.ai\/publishing-principles\/\",\"actionableFeedbackPolicy\":\"https:\/\/talkpal.ai\/actionable-feedback-policy\/\",\"correctionsPolicy\":\"https:\/\/talkpal.ai\/corrections-policy\/\",\"ethicsPolicy\":\"https:\/\/talkpal.ai\/ethics-policy\/\",\"diversityPolicy\":\"https:\/\/talkpal.ai\/diversity-policy\/\",\"diversityStaffingReport\":\"https:\/\/talkpal.ai\/diversity-policy\/\"}]}<\/script>\n<!-- \/ Yoast SEO Premium plugin. -->","yoast_head_json":{"title":"Francoska gramatika - Talkpal","description":"Osvojite bistvene koncepte francoske slovnice - glagole, sklanjatve, \u010dase, samostalnike, \u010dlenke, pridevnike, zaimke in zgradbo stavka.","robots":{"index":"index","follow":"follow","max-snippet":"max-snippet:-1","max-image-preview":"max-image-preview:large","max-video-preview":"max-video-preview:-1"},"canonical":"https:\/\/talkpal.ai\/sl\/francoska-gramatika\/","og_locale":"sl_SI","og_type":"article","og_title":"Francoska gramatika","og_description":"Vodnik za za\u010detnike po francoski slovnici U\u010denje franco\u0161\u010dine je lahko vznemirljiva in koristna izku\u0161nja. Vendar pa je obvladovanje francoske slovnice","og_url":"https:\/\/talkpal.ai\/sl\/francoska-gramatika\/","og_site_name":"Talkpal","article_publisher":"https:\/\/www.facebook.com\/profile.php?id=100090733639311","article_modified_time":"2025-05-22T18:46:24+00:00","og_image":[{"width":512,"height":512,"url":"https:\/\/talkpal.ai\/wp-content\/uploads\/2023\/03\/france.png","type":"image\/png"}],"twitter_card":"summary_large_image","twitter_site":"@talkpalai","twitter_misc":{"Est. reading time":"3 minute"},"schema":{"@context":"https:\/\/schema.org","@graph":[{"@type":"WebPage","@id":"https:\/\/talkpal.ai\/sl\/francoska-gramatika\/","url":"https:\/\/talkpal.ai\/sl\/francoska-gramatika\/","name":"Francoska gramatika - Talkpal","isPartOf":{"@id":"https:\/\/talkpal.ai\/sl\/#website"},"primaryImageOfPage":{"@id":"https:\/\/talkpal.ai\/sl\/francoska-gramatika\/#primaryimage"},"image":{"@id":"https:\/\/talkpal.ai\/sl\/francoska-gramatika\/#primaryimage"},"thumbnailUrl":"https:\/\/talkpal.ai\/wp-content\/uploads\/2023\/03\/france.png","datePublished":"2023-03-26T11:45:19+00:00","dateModified":"2025-05-22T18:46:24+00:00","description":"Osvojite bistvene koncepte francoske slovnice - glagole, sklanjatve, \u010dase, samostalnike, \u010dlenke, pridevnike, zaimke in zgradbo stavka.","breadcrumb":{"@id":"https:\/\/talkpal.ai\/sl\/francoska-gramatika\/#breadcrumb"},"inLanguage":"sl-SI","potentialAction":[{"@type":"ReadAction","target":["https:\/\/talkpal.ai\/sl\/francoska-gramatika\/"]}]},{"@type":"ImageObject","inLanguage":"sl-SI","@id":"https:\/\/talkpal.ai\/sl\/francoska-gramatika\/#primaryimage","url":"https:\/\/talkpal.ai\/wp-content\/uploads\/2023\/03\/france.png","contentUrl":"https:\/\/talkpal.ai\/wp-content\/uploads\/2023\/03\/france.png","width":512,"height":512,"caption":"TalkPal AI learn French"},{"@type":"BreadcrumbList","@id":"https:\/\/talkpal.ai\/sl\/francoska-gramatika\/#breadcrumb","itemListElement":[{"@type":"ListItem","position":1,"name":"Homepage","item":"https:\/\/talkpal.ai\/sl\/"},{"@type":"ListItem","position":2,"name":"Francoska gramatika"}]},{"@type":"WebSite","@id":"https:\/\/talkpal.ai\/sl\/#website","url":"https:\/\/talkpal.ai\/sl\/","name":"Talkpal","description":"AI Language Learning","publisher":{"@id":"https:\/\/talkpal.ai\/sl\/#organization"},"alternateName":"Talkpal AI","potentialAction":[{"@type":"SearchAction","target":{"@type":"EntryPoint","urlTemplate":"https:\/\/talkpal.ai\/sl\/?s={search_term_string}"},"query-input":{"@type":"PropertyValueSpecification","valueRequired":true,"valueName":"search_term_string"}}],"inLanguage":"sl-SI"},{"@type":"Organization","@id":"https:\/\/talkpal.ai\/sl\/#organization","name":"Talkpal, Inc.","alternateName":"Talkpal AI","url":"https:\/\/talkpal.ai\/sl\/","logo":{"@type":"ImageObject","inLanguage":"sl-SI","@id":"https:\/\/talkpal.ai\/sl\/#\/schema\/logo\/image\/","url":"https:\/\/talkpal.ai\/wp-content\/uploads\/2024\/03\/Talkpal-Logo-Icon.png","contentUrl":"https:\/\/talkpal.ai\/wp-content\/uploads\/2024\/03\/Talkpal-Logo-Icon.png","width":2880,"height":2880,"caption":"Talkpal, Inc."},"image":{"@id":"https:\/\/talkpal.ai\/sl\/#\/schema\/logo\/image\/"},"sameAs":["https:\/\/www.facebook.com\/profile.php?id=100090733639311","https:\/\/x.com\/talkpalai","https:\/\/www.linkedin.com\/company\/talkpal\/","https:\/\/www.youtube.com\/@TalkPal\/","https:\/\/www.tiktok.com\/@talkpal","https:\/\/www.instagram.com\/talkpal_ai\/","https:\/\/www.crunchbase.com\/organization\/talkpal-9cde","https:\/\/www.g2.com\/products\/talkpal-for-business\/","https:\/\/www.trustpilot.com\/review\/talkpal.ai","https:\/\/www.capterra.com\/p\/10006800\/TalkPal\/"],"description":"Talkpal is a language learning web and mobile education app, powered by the latest AI technologies, that provides engaging experiences to its customers in many different languages to help them improve their language skills. Users can chat about unlimited amount of topics with the app and use other modes to practice their language learning.","email":"support@talkpal.ai","legalName":"Talkpal, Inc.","foundingDate":"2023-04-03","duns":"118989042","numberOfEmployees":{"@type":"QuantitativeValue","minValue":"11","maxValue":"50"},"publishingPrinciples":"https:\/\/talkpal.ai\/publishing-principles\/","actionableFeedbackPolicy":"https:\/\/talkpal.ai\/actionable-feedback-policy\/","correctionsPolicy":"https:\/\/talkpal.ai\/corrections-policy\/","ethicsPolicy":"https:\/\/talkpal.ai\/ethics-policy\/","diversityPolicy":"https:\/\/talkpal.ai\/diversity-policy\/","diversityStaffingReport":"https:\/\/talkpal.ai\/diversity-policy\/"}]}},"_links":{"self":[{"href":"https:\/\/talkpal.ai\/sl\/wp-json\/wp\/v2\/pages\/124643","targetHints":{"allow":["GET"]}}],"collection":[{"href":"https:\/\/talkpal.ai\/sl\/wp-json\/wp\/v2\/pages"}],"about":[{"href":"https:\/\/talkpal.ai\/sl\/wp-json\/wp\/v2\/types\/page"}],"author":[{"embeddable":true,"href":"https:\/\/talkpal.ai\/sl\/wp-json\/wp\/v2\/users\/1"}],"replies":[{"embeddable":true,"href":"https:\/\/talkpal.ai\/sl\/wp-json\/wp\/v2\/comments?post=124643"}],"version-history":[{"count":0,"href":"https:\/\/talkpal.ai\/sl\/wp-json\/wp\/v2\/pages\/124643\/revisions"}],"wp:featuredmedia":[{"embeddable":true,"href":"https:\/\/talkpal.ai\/sl\/wp-json\/wp\/v2\/media\/75883"}],"wp:attachment":[{"href":"https:\/\/talkpal.ai\/sl\/wp-json\/wp\/v2\/media?parent=124643"}],"curies":[{"name":"wp","href":"https:\/\/api.w.org\/{rel}","templated":true}]}}