{"id":124535,"date":"2023-03-26T11:55:54","date_gmt":"2023-03-26T11:55:54","guid":{"rendered":"http:\/\/talkpal.ai\/spanska-gramatika\/"},"modified":"2025-05-22T18:50:10","modified_gmt":"2025-05-22T18:50:10","slug":"spanska-gramatika","status":"publish","type":"page","link":"https:\/\/talkpal.ai\/sl\/spanska-gramatika\/","title":{"rendered":"\u0160panska gramatika"},"content":{"rendered":"\r\n\r\n\r\n<section class=\"languageChallengeSection\">\r\n    <div class=\"languageInfoWrapper\">\r\n        \r\n        <h1>\u0160panska gramatika<\/h1>\r\n        <p>Potopite se v \u017eivahen svet \u0161pan\u0161\u010dine in osvojite njena osnovna slovni\u010dna pravila. Z razumevanjem \u0161panske slovnice boste lahko samozavestno komunicirali in navezali nove stike z milijoni govorcev po vsem svetu. Za\u010dnite se u\u010diti \u0161pansko slovnico danes in naredite prvi korak k teko\u010demu znanju!<\/p>\r\n\r\n                            <a class=\"getStartedHidden\" href=\"https:\/\/app.talkpal.ai\/sl\/signup?lng=\">Za\u010dni<\/a>\r\n        \r\n    <\/div>\r\n\r\n    <figure>\r\n    <img decoding=\"async\" width=\"768\" height=\"768\" src=\"https:\/\/talkpal.ai\/wp-content\/uploads\/2023\/06\/Spanish-768x768.png\" class=\"languageImage no-lazy\" alt=\"Practical application of language learning\" fetchpriority=\"high\" sizes=\"(max-width: 768px) 150px, 768px\" srcset=\"https:\/\/talkpal.ai\/wp-content\/uploads\/2023\/06\/Spanish-768x768.png 768w, https:\/\/talkpal.ai\/wp-content\/uploads\/2023\/06\/Spanish-300x300.png 300w\" \/>\r\n    \r\n\r\n    <\/figure>\r\n\r\n            <a class=\"getStartedVisible\" href=\"https:\/\/app.talkpal.ai\/sl\/signup?lng=\">Za\u010dni<\/a>\r\n    \r\n<\/section>\r\n        <section class=\"grammarSection\">\r\n            <div class=\"grammarLinks\">\r\n                <a href=\"https:\/\/talkpal.ai\/sl\/language\/casi-konjunktiv-spanska-slovnica\/\">\u010casi konjunktiv <\/a><a href=\"https:\/\/talkpal.ai\/sl\/language\/clanki-spanska-slovnica\/\">\u010clanki <\/a><a href=\"https:\/\/talkpal.ai\/sl\/language\/glagoli-spanska-slovnica\/\">Glagoli <\/a><a href=\"https:\/\/talkpal.ai\/sl\/language\/indikativni-casi-spanska-slovnica\/\">Indikativni \u010dasi <\/a><a href=\"https:\/\/talkpal.ai\/sl\/language\/predlogi-spanska-slovnica\/\">Predlogi <\/a><a href=\"https:\/\/talkpal.ai\/sl\/language\/pridevniki-spanska-slovnica\/\">Pridevniki <\/a><a href=\"https:\/\/talkpal.ai\/sl\/language\/prislovi-spanska-slovnica\/\">Prislovi <\/a><a href=\"https:\/\/talkpal.ai\/sl\/language\/samostalniki-spanska-slovnica\/\">samostalniki <\/a><a href=\"https:\/\/talkpal.ai\/sl\/language\/stavcna-struktura-spanska-slovnica\/\">Stav\u010dna struktura <\/a><a href=\"https:\/\/talkpal.ai\/sl\/language\/zaimki-spanska-slovnica\/\">Zaimki <\/a>            <\/div>\r\n        <\/section>\r\n    <section class=\"promotionalBanner\">\r\n    <p class=\"promotionalText\"><\/p>\r\n    <a class=\"promotionalLink\" href=\"https:\/\/app.talkpal.ai\/sl\/signup?lng=\"><\/a>\r\n<\/section>\n<div class=\"wp-block-group pageContainerStyle\"><div class=\"wp-block-group__inner-container is-layout-constrained wp-block-group-is-layout-constrained\">\n<h2 class=\"wp-block-heading\" id=\"h-a-quick-guide-to-learning-spanish-grammar\">Hitri vodnik za u\u010denje \u0161panske slovnice<\/h2>\n\n\n\n<p>\u010ce ste kdaj razmi\u0161ljali o u\u010denju novega jezika, obstaja velika verjetnost, da ste pomislili na \u0161pan\u0161\u010dino. \u0160pan\u0161\u010dina kot eden najbolj govorjenih jezikov po vsem svetu ponuja \u0161tevilne prednosti za osebno in poklicno rast. <a href=\"https:\/\/talkpal.ai\/sl\/ucenje-spanscine-z-umetno-inteligenco\/\">U\u010denje \u0161pan\u0161\u010dine<\/a> vam ne bo samo omogo\u010dilo dostopa do novih kultur, temve\u010d bo tudi izbolj\u0161alo va\u0161e komunikacijske sposobnosti. \u010ceprav se mnogi bojijo, da bi se zapletli v slovni\u010dna pravila, si lahko oddahnete, saj je <a href=\"https:\/\/talkpal.ai\/sl\/grammar_exercises\/posicion-vaje-za-spansko-slovnico\/\">\u0161panska slovnica<\/a> razmeroma preprosta. V tem \u010dlanku vam ponujamo kratek vodnik, ki vam bo pomagal, da se kot profesionalec znajdete v vznemirljivem svetu \u0161panske slovnice!<\/p>\n\n\n\n<h3 class=\"wp-block-heading\" id=\"h-1-understanding-spanish-nouns-and-articles\">1. Razumevanje \u0161panskih samostalnikov in \u010dlankov<\/h3>\n\n\n\n<p><a href=\"https:\/\/talkpal.ai\/learn-spanish\/\">\u0160panski<\/a> samostalniki, kot v angle\u0161\u010dini, se uporabljajo za identifikacijo ljudi, krajev, predmetov, idej in ob\u010dutkov. Prvo pravilo, ki si ga morate zapomniti o \u0161panskih samostalnikih, je, da imajo spol. \u0160panski samostalniki so bodisi mo\u0161ki ali \u017eenski. Na primer, &#8220;libro&#8221; (knjiga) je mo\u0161kega spola, &#8220;casa&#8221; (hi\u0161a) pa je \u017eenskega spola. Velikokrat so samostalniki, ki se kon\u010dajo na &#8216;o&#8217;, mo\u0161kega spola, tisti, ki se kon\u010dajo na &#8216;a&#8217;, pa so \u017eenskega spola.<\/p>\n\n\n\n<p>\u0160panski \u010dlenki so podobni angle\u0161kim &#8216;the&#8217;, &#8216;a&#8217; ali &#8216;an&#8217;. So klju\u010dni del jezika, saj se morajo strinjati s spolom in \u0161tevilko samostalnika, ki ga opisujejo. Obstajajo \u0161tiri vrste \u0161panskih \u010dlankov:<\/p>\n\n\n\n<p>&#8211; <strong>Dolo\u010dni \u010dleni:<\/strong> el (mo\u0161ka ednina), la (\u017eenska ednina), los (mo\u0161ka mno\u017eina) in las (\u017eenska mno\u017eina).<br\/>&#8211; <strong>Nedolo\u010dni \u010dlenki:<\/strong> un (mo\u0161ka ednina), una (\u017eenska ednina), unos (nekateri mo\u0161ki mno\u017eina) in unas (nekateri \u017eenska mno\u017eina).<\/p>\n\n\n\n<h3 class=\"wp-block-heading\" id=\"h-2-slaying-spanish-verbs-conjugation-and-tenses\">2. Ubijanje \u0161panskih glagolov: konjugacija in \u010dasi<\/h3>\n\n\n\n<p>Eden najpomembnej\u0161ih vidikov u\u010denja \u0161panske slovnice je razumevanje glagolske konjugacije. Konjugacija pomeni preprosto spreminjanje glagolskega korena, da se ujema z njegovim predmetom in \u010dasom. V \u0161pan\u0161\u010dini na primer re\u010dete &#8220;Yo como&#8221; (jaz jem) in &#8220;\u00e9l come&#8221; (on je). Opazite, da glagol comer (jesti) spremeni svojo obliko, ko spremenite predmet.<\/p>\n\n\n\n<p><strong>Nekateri pogosti redni glagoli v \u0161pan\u0161\u010dini vklju\u010dujejo:<\/strong><\/p>\n\n\n\n<p>&#8211; Glagoli AR: hablar (govoriti), amar (ljubiti) in bailar (plesati).<br\/>&#8211; Glagoli ER: comer (jesti), aprender (u\u010diti se) in vender (prodajati).<br\/>&#8211; Glagoli IR: vivir (\u017eiveti), escribir (pisati) in descubrir (odkrivati).<\/p>\n\n\n\n<p>Tako kot v angle\u0161\u010dini ima \u0161pan\u0161\u010dina ve\u010d glagolskih \u010dasov, ki ozna\u010dujejo \u010das, ko se dejanje zgodi. Najbolj temeljni so:<\/p>\n\n\n\n<p><strong>&#8211; Prisotnost<\/strong><br\/><strong>&#8211; Preteriteta<\/strong><br\/><strong>&#8211; Nepopolno<\/strong><br\/><strong>&#8211; Prihodnost<\/strong><br\/><strong>&#8211; Pogojno<\/strong><br\/><strong>&#8211; Sedanji subjunktiv<\/strong><br\/><strong>&#8211; Imperfektni subjunktiv<\/strong><\/p>\n\n\n\n<p>Ne obremenjujte se z u\u010denjem vseh glagolskih \u010dasov naenkrat. Poskusite jih izvajati po vrsti in vadite, dokler jih ne za\u010dnete dobro uporabljati.<\/p>\n\n\n\n<h3 class=\"wp-block-heading\" id=\"h-3-creating-sentences-with-spanish-adjectives-and-adverbs\">3. Ustvarjanje stavkov s \u0161panskimi pridevniki in prislovi<\/h3>\n\n\n\n<p>Pridevniki in prislovi igrajo klju\u010dno vlogo pri za\u010dimbi \u0161panskih stavkov. Pridevniki opisujejo lastnosti ali zna\u010dilnosti samostalnikov, prislovi pa dejanja ali glagole. V \u0161pan\u0161\u010dini se morajo pridevniki strinjati s samostalnikom, ki ga opisujejo, tako po spolu kot po \u0161tevilu.<\/p>\n\n\n\n<p><a href=\"https:\/\/talkpal.ai\/locations\/language-courses-in-ena\/\">Ena<\/a> od klju\u010dnih razlik med \u0161pan\u0161\u010dino in angle\u0161\u010dino je pridevni\u0161ki vrstni red. \u0160panski pridevniki so obi\u010dajno za samostalnikom, npr. &#8220;un coche rojo&#8221; (rde\u010d avto).<\/p>\n\n\n\n<p>\u0160panski prislovi pa se nikoli ne spremenijo glede na spol ali \u0161tevilo. Tako kot v angle\u0161\u010dini se prislovi navadno pojavljajo za glagolom, ki ga spreminjajo, npr. &#8220;Ella habla r\u00e1pidamente&#8221; (Hitro govori).<\/p>\n\n\n\n<h3 class=\"wp-block-heading\" id=\"h-conclusion\">Zaklju\u010dek<\/h3>\n\n\n\n<p><a href=\"https:\/\/talkpal.ai\/sl\/grammar_exercises\/posicion-vaje-za-spansko-slovnico\/\">\u0160panska slovnica<\/a> vas ne sme prestra\u0161iti! Seveda je potrebna vaja, vendar boste z upo\u0161tevanjem teh preprostih smernic postali izjemen govorec <a href=\"https:\/\/talkpal.ai\/sl\/tecaj-spanskega-jezika\/\">\u0161panskega jezika<\/a>. Ne pozabite vedno sodelovati z jezikom na zabaven in pogovoren na\u010din, ko raziskujete samostalnike, glagole, pridevnike in prislove. Nadaljujte z vadbo, sprejmite kulturo in pustite, da se va\u0161e potovanje po \u0160paniji odvija. \u00a1Buena suerte!<\/p>\n<\/div><\/div>\n\r\n<section class=\"learnNavigationSection\">\r\n            \r\n        <a href=\"https:\/\/talkpal.ai\/sl\/naucite-se-spanscine\/\">\r\n            <div class=\"learnNavigationWrapper\">\r\n                <div class=\"learnNavigationContent\">\r\n                    <img decoding=\"async\" src=\"https:\/\/talkpal.ai\/wp-content\/uploads\/2024\/08\/Spanish.jpg\" alt=\"Spanish Flag\">\r\n                    <div>\r\n                        <h4>O u\u010denju \u0161pan\u0161\u010dine<\/h4>\r\n                        <p>Izvedite vse o \u0161panski slovnici.<\/p>\r\n                    <\/div>\r\n                <\/div>\r\n            <\/div>\r\n        <\/a>\r\n\r\n        \r\n        <a href=\"https:\/\/talkpal.ai\/sl\/spanske-slovnicne-vaje\/\">\r\n            <div class=\"learnNavigationWrapper\">\r\n                <div class=\"learnNavigationContent\">\r\n                    <img decoding=\"async\" src=\"https:\/\/talkpal.ai\/wp-content\/uploads\/2024\/08\/Spanish.jpg\" alt=\"Spanish Flag\">\r\n                    <div>\r\n                        <h4>Vaja iz \u0161panske slovnice<\/h4>\r\n                        <p>Vadite \u0161pansko slovnico.<\/p>\r\n                    <\/div>\r\n                <\/div>\r\n            <\/div>\r\n        <\/a>\r\n\r\n        \r\n        <a href=\"https:\/\/talkpal.ai\/vocabulary_language\/spanish\/\">\r\n            <div class=\"learnNavigationWrapper\">\r\n                <div class=\"learnNavigationContent\">\r\n                    <img decoding=\"async\" src=\"https:\/\/talkpal.ai\/wp-content\/uploads\/2024\/08\/Spanish.jpg\" alt=\"Spanish Flag\">\r\n                    <div>\r\n                        <h4>\u0160panski besednjak<\/h4>\r\n                        <p>Raz\u0161irite svoj \u0161panski besedni zaklad.<\/p>\r\n                    <\/div>\r\n                <\/div>\r\n            <\/div>\r\n        <\/a>\r\n\r\n            <\/section>","protected":false},"excerpt":{"rendered":"<p>Hitri vodnik za u\u010denje \u0161panske slovnice \u010ce ste kdaj razmi\u0161ljali o u\u010denju novega jezika, obstaja velika verjetnost, da ste pomislili na \u0161pan\u0161\u010dino. \u0160pan\u0161\u010dina kot eden najbolj govorjenih jezikov po vsem svetu ponuja \u0161tevilne prednosti za osebno in poklicno rast. U\u010denje \u0161pan\u0161\u010dine vam ne bo samo omogo\u010dilo dostopa do novih kultur, temve\u010d bo tudi izbolj\u0161alo va\u0161e [&hellip;]<\/p>\n","protected":false},"author":1,"featured_media":75308,"parent":0,"menu_order":0,"comment_status":"closed","ping_status":"closed","template":"LearningContentPage.php","meta":{"_acf_changed":false,"footnotes":""},"class_list":["post-124535","page","type-page","status-publish","has-post-thumbnail","hentry"],"acf":[],"yoast_head":"<!-- This site is optimized with the Yoast SEO Premium plugin v27.2 (Yoast SEO v27.2) - https:\/\/yoast.com\/product\/yoast-seo-premium-wordpress\/ -->\n<title>\u0160panska gramatika - Talkpal<\/title>\n<meta name=\"description\" content=\"Izbolj\u0161ajte znanje \u0161panske slovnice z interaktivnimi vajami, namenjenimi vsem ravnem znanja. U\u010dinkovito vadite \u0161pan\u0161\u010dino!\" \/>\n<meta name=\"robots\" content=\"index, follow, max-snippet:-1, max-image-preview:large, max-video-preview:-1\" \/>\n<link rel=\"canonical\" href=\"https:\/\/talkpal.ai\/sl\/spanska-gramatika\/\" \/>\n<meta property=\"og:locale\" content=\"sl_SI\" \/>\n<meta property=\"og:type\" content=\"article\" \/>\n<meta property=\"og:title\" content=\"\u0160panska gramatika\" \/>\n<meta property=\"og:description\" content=\"Hitri vodnik za u\u010denje \u0161panske slovnice \u010ce ste kdaj razmi\u0161ljali o u\u010denju novega jezika, obstaja velika verjetnost, da ste pomislili na \u0161pan\u0161\u010dino.\" \/>\n<meta property=\"og:url\" content=\"https:\/\/talkpal.ai\/sl\/spanska-gramatika\/\" \/>\n<meta property=\"og:site_name\" content=\"Talkpal\" \/>\n<meta property=\"article:publisher\" content=\"https:\/\/www.facebook.com\/profile.php?id=100090733639311\" \/>\n<meta property=\"article:modified_time\" content=\"2025-05-22T18:50:10+00:00\" \/>\n<meta property=\"og:image\" content=\"https:\/\/talkpal.ai\/wp-content\/uploads\/2023\/03\/spain.png\" \/>\n\t<meta property=\"og:image:width\" content=\"512\" \/>\n\t<meta property=\"og:image:height\" content=\"512\" \/>\n\t<meta property=\"og:image:type\" content=\"image\/png\" \/>\n<meta name=\"twitter:card\" content=\"summary_large_image\" \/>\n<meta name=\"twitter:site\" content=\"@talkpalai\" \/>\n<meta name=\"twitter:label1\" content=\"Est. reading time\" \/>\n\t<meta name=\"twitter:data1\" content=\"3 minute\" \/>\n<script type=\"application\/ld+json\" class=\"yoast-schema-graph\">{\"@context\":\"https:\/\/schema.org\",\"@graph\":[{\"@type\":\"WebPage\",\"@id\":\"https:\/\/talkpal.ai\/sl\/spanska-gramatika\/\",\"url\":\"https:\/\/talkpal.ai\/sl\/spanska-gramatika\/\",\"name\":\"\u0160panska gramatika - Talkpal\",\"isPartOf\":{\"@id\":\"https:\/\/talkpal.ai\/sl\/#website\"},\"primaryImageOfPage\":{\"@id\":\"https:\/\/talkpal.ai\/sl\/spanska-gramatika\/#primaryimage\"},\"image\":{\"@id\":\"https:\/\/talkpal.ai\/sl\/spanska-gramatika\/#primaryimage\"},\"thumbnailUrl\":\"https:\/\/talkpal.ai\/wp-content\/uploads\/2023\/03\/spain.png\",\"datePublished\":\"2023-03-26T11:55:54+00:00\",\"dateModified\":\"2025-05-22T18:50:10+00:00\",\"description\":\"Izbolj\u0161ajte znanje \u0161panske slovnice z interaktivnimi vajami, namenjenimi vsem ravnem znanja. U\u010dinkovito vadite \u0161pan\u0161\u010dino!\",\"breadcrumb\":{\"@id\":\"https:\/\/talkpal.ai\/sl\/spanska-gramatika\/#breadcrumb\"},\"inLanguage\":\"sl-SI\",\"potentialAction\":[{\"@type\":\"ReadAction\",\"target\":[\"https:\/\/talkpal.ai\/sl\/spanska-gramatika\/\"]}]},{\"@type\":\"ImageObject\",\"inLanguage\":\"sl-SI\",\"@id\":\"https:\/\/talkpal.ai\/sl\/spanska-gramatika\/#primaryimage\",\"url\":\"https:\/\/talkpal.ai\/wp-content\/uploads\/2023\/03\/spain.png\",\"contentUrl\":\"https:\/\/talkpal.ai\/wp-content\/uploads\/2023\/03\/spain.png\",\"width\":512,\"height\":512,\"caption\":\"TalkPal AI learn Spanish\"},{\"@type\":\"BreadcrumbList\",\"@id\":\"https:\/\/talkpal.ai\/sl\/spanska-gramatika\/#breadcrumb\",\"itemListElement\":[{\"@type\":\"ListItem\",\"position\":1,\"name\":\"Homepage\",\"item\":\"https:\/\/talkpal.ai\/sl\/\"},{\"@type\":\"ListItem\",\"position\":2,\"name\":\"\u0160panska gramatika\"}]},{\"@type\":\"WebSite\",\"@id\":\"https:\/\/talkpal.ai\/sl\/#website\",\"url\":\"https:\/\/talkpal.ai\/sl\/\",\"name\":\"Talkpal\",\"description\":\"AI Language Learning\",\"publisher\":{\"@id\":\"https:\/\/talkpal.ai\/sl\/#organization\"},\"alternateName\":\"Talkpal AI\",\"potentialAction\":[{\"@type\":\"SearchAction\",\"target\":{\"@type\":\"EntryPoint\",\"urlTemplate\":\"https:\/\/talkpal.ai\/sl\/?s={search_term_string}\"},\"query-input\":{\"@type\":\"PropertyValueSpecification\",\"valueRequired\":true,\"valueName\":\"search_term_string\"}}],\"inLanguage\":\"sl-SI\"},{\"@type\":\"Organization\",\"@id\":\"https:\/\/talkpal.ai\/sl\/#organization\",\"name\":\"Talkpal, Inc.\",\"alternateName\":\"Talkpal AI\",\"url\":\"https:\/\/talkpal.ai\/sl\/\",\"logo\":{\"@type\":\"ImageObject\",\"inLanguage\":\"sl-SI\",\"@id\":\"https:\/\/talkpal.ai\/sl\/#\/schema\/logo\/image\/\",\"url\":\"https:\/\/talkpal.ai\/wp-content\/uploads\/2024\/03\/Talkpal-Logo-Icon.png\",\"contentUrl\":\"https:\/\/talkpal.ai\/wp-content\/uploads\/2024\/03\/Talkpal-Logo-Icon.png\",\"width\":2880,\"height\":2880,\"caption\":\"Talkpal, Inc.\"},\"image\":{\"@id\":\"https:\/\/talkpal.ai\/sl\/#\/schema\/logo\/image\/\"},\"sameAs\":[\"https:\/\/www.facebook.com\/profile.php?id=100090733639311\",\"https:\/\/x.com\/talkpalai\",\"https:\/\/www.linkedin.com\/company\/talkpal\/\",\"https:\/\/www.youtube.com\/@TalkPal\/\",\"https:\/\/www.tiktok.com\/@talkpal\",\"https:\/\/www.instagram.com\/talkpal_ai\/\",\"https:\/\/www.crunchbase.com\/organization\/talkpal-9cde\",\"https:\/\/www.g2.com\/products\/talkpal-for-business\/\",\"https:\/\/www.trustpilot.com\/review\/talkpal.ai\",\"https:\/\/www.capterra.com\/p\/10006800\/TalkPal\/\"],\"description\":\"Talkpal is a language learning web and mobile education app, powered by the latest AI technologies, that provides engaging experiences to its customers in many different languages to help them improve their language skills. Users can chat about unlimited amount of topics with the app and use other modes to practice their language learning.\",\"email\":\"support@talkpal.ai\",\"legalName\":\"Talkpal, Inc.\",\"foundingDate\":\"2023-04-03\",\"duns\":\"118989042\",\"numberOfEmployees\":{\"@type\":\"QuantitativeValue\",\"minValue\":\"11\",\"maxValue\":\"50\"},\"publishingPrinciples\":\"https:\/\/talkpal.ai\/publishing-principles\/\",\"actionableFeedbackPolicy\":\"https:\/\/talkpal.ai\/actionable-feedback-policy\/\",\"correctionsPolicy\":\"https:\/\/talkpal.ai\/corrections-policy\/\",\"ethicsPolicy\":\"https:\/\/talkpal.ai\/ethics-policy\/\",\"diversityPolicy\":\"https:\/\/talkpal.ai\/diversity-policy\/\",\"diversityStaffingReport\":\"https:\/\/talkpal.ai\/diversity-policy\/\"}]}<\/script>\n<!-- \/ Yoast SEO Premium plugin. -->","yoast_head_json":{"title":"\u0160panska gramatika - Talkpal","description":"Izbolj\u0161ajte znanje \u0161panske slovnice z interaktivnimi vajami, namenjenimi vsem ravnem znanja. U\u010dinkovito vadite \u0161pan\u0161\u010dino!","robots":{"index":"index","follow":"follow","max-snippet":"max-snippet:-1","max-image-preview":"max-image-preview:large","max-video-preview":"max-video-preview:-1"},"canonical":"https:\/\/talkpal.ai\/sl\/spanska-gramatika\/","og_locale":"sl_SI","og_type":"article","og_title":"\u0160panska gramatika","og_description":"Hitri vodnik za u\u010denje \u0161panske slovnice \u010ce ste kdaj razmi\u0161ljali o u\u010denju novega jezika, obstaja velika verjetnost, da ste pomislili na \u0161pan\u0161\u010dino.","og_url":"https:\/\/talkpal.ai\/sl\/spanska-gramatika\/","og_site_name":"Talkpal","article_publisher":"https:\/\/www.facebook.com\/profile.php?id=100090733639311","article_modified_time":"2025-05-22T18:50:10+00:00","og_image":[{"width":512,"height":512,"url":"https:\/\/talkpal.ai\/wp-content\/uploads\/2023\/03\/spain.png","type":"image\/png"}],"twitter_card":"summary_large_image","twitter_site":"@talkpalai","twitter_misc":{"Est. reading time":"3 minute"},"schema":{"@context":"https:\/\/schema.org","@graph":[{"@type":"WebPage","@id":"https:\/\/talkpal.ai\/sl\/spanska-gramatika\/","url":"https:\/\/talkpal.ai\/sl\/spanska-gramatika\/","name":"\u0160panska gramatika - Talkpal","isPartOf":{"@id":"https:\/\/talkpal.ai\/sl\/#website"},"primaryImageOfPage":{"@id":"https:\/\/talkpal.ai\/sl\/spanska-gramatika\/#primaryimage"},"image":{"@id":"https:\/\/talkpal.ai\/sl\/spanska-gramatika\/#primaryimage"},"thumbnailUrl":"https:\/\/talkpal.ai\/wp-content\/uploads\/2023\/03\/spain.png","datePublished":"2023-03-26T11:55:54+00:00","dateModified":"2025-05-22T18:50:10+00:00","description":"Izbolj\u0161ajte znanje \u0161panske slovnice z interaktivnimi vajami, namenjenimi vsem ravnem znanja. U\u010dinkovito vadite \u0161pan\u0161\u010dino!","breadcrumb":{"@id":"https:\/\/talkpal.ai\/sl\/spanska-gramatika\/#breadcrumb"},"inLanguage":"sl-SI","potentialAction":[{"@type":"ReadAction","target":["https:\/\/talkpal.ai\/sl\/spanska-gramatika\/"]}]},{"@type":"ImageObject","inLanguage":"sl-SI","@id":"https:\/\/talkpal.ai\/sl\/spanska-gramatika\/#primaryimage","url":"https:\/\/talkpal.ai\/wp-content\/uploads\/2023\/03\/spain.png","contentUrl":"https:\/\/talkpal.ai\/wp-content\/uploads\/2023\/03\/spain.png","width":512,"height":512,"caption":"TalkPal AI learn Spanish"},{"@type":"BreadcrumbList","@id":"https:\/\/talkpal.ai\/sl\/spanska-gramatika\/#breadcrumb","itemListElement":[{"@type":"ListItem","position":1,"name":"Homepage","item":"https:\/\/talkpal.ai\/sl\/"},{"@type":"ListItem","position":2,"name":"\u0160panska gramatika"}]},{"@type":"WebSite","@id":"https:\/\/talkpal.ai\/sl\/#website","url":"https:\/\/talkpal.ai\/sl\/","name":"Talkpal","description":"AI Language Learning","publisher":{"@id":"https:\/\/talkpal.ai\/sl\/#organization"},"alternateName":"Talkpal AI","potentialAction":[{"@type":"SearchAction","target":{"@type":"EntryPoint","urlTemplate":"https:\/\/talkpal.ai\/sl\/?s={search_term_string}"},"query-input":{"@type":"PropertyValueSpecification","valueRequired":true,"valueName":"search_term_string"}}],"inLanguage":"sl-SI"},{"@type":"Organization","@id":"https:\/\/talkpal.ai\/sl\/#organization","name":"Talkpal, Inc.","alternateName":"Talkpal AI","url":"https:\/\/talkpal.ai\/sl\/","logo":{"@type":"ImageObject","inLanguage":"sl-SI","@id":"https:\/\/talkpal.ai\/sl\/#\/schema\/logo\/image\/","url":"https:\/\/talkpal.ai\/wp-content\/uploads\/2024\/03\/Talkpal-Logo-Icon.png","contentUrl":"https:\/\/talkpal.ai\/wp-content\/uploads\/2024\/03\/Talkpal-Logo-Icon.png","width":2880,"height":2880,"caption":"Talkpal, Inc."},"image":{"@id":"https:\/\/talkpal.ai\/sl\/#\/schema\/logo\/image\/"},"sameAs":["https:\/\/www.facebook.com\/profile.php?id=100090733639311","https:\/\/x.com\/talkpalai","https:\/\/www.linkedin.com\/company\/talkpal\/","https:\/\/www.youtube.com\/@TalkPal\/","https:\/\/www.tiktok.com\/@talkpal","https:\/\/www.instagram.com\/talkpal_ai\/","https:\/\/www.crunchbase.com\/organization\/talkpal-9cde","https:\/\/www.g2.com\/products\/talkpal-for-business\/","https:\/\/www.trustpilot.com\/review\/talkpal.ai","https:\/\/www.capterra.com\/p\/10006800\/TalkPal\/"],"description":"Talkpal is a language learning web and mobile education app, powered by the latest AI technologies, that provides engaging experiences to its customers in many different languages to help them improve their language skills. Users can chat about unlimited amount of topics with the app and use other modes to practice their language learning.","email":"support@talkpal.ai","legalName":"Talkpal, Inc.","foundingDate":"2023-04-03","duns":"118989042","numberOfEmployees":{"@type":"QuantitativeValue","minValue":"11","maxValue":"50"},"publishingPrinciples":"https:\/\/talkpal.ai\/publishing-principles\/","actionableFeedbackPolicy":"https:\/\/talkpal.ai\/actionable-feedback-policy\/","correctionsPolicy":"https:\/\/talkpal.ai\/corrections-policy\/","ethicsPolicy":"https:\/\/talkpal.ai\/ethics-policy\/","diversityPolicy":"https:\/\/talkpal.ai\/diversity-policy\/","diversityStaffingReport":"https:\/\/talkpal.ai\/diversity-policy\/"}]}},"_links":{"self":[{"href":"https:\/\/talkpal.ai\/sl\/wp-json\/wp\/v2\/pages\/124535","targetHints":{"allow":["GET"]}}],"collection":[{"href":"https:\/\/talkpal.ai\/sl\/wp-json\/wp\/v2\/pages"}],"about":[{"href":"https:\/\/talkpal.ai\/sl\/wp-json\/wp\/v2\/types\/page"}],"author":[{"embeddable":true,"href":"https:\/\/talkpal.ai\/sl\/wp-json\/wp\/v2\/users\/1"}],"replies":[{"embeddable":true,"href":"https:\/\/talkpal.ai\/sl\/wp-json\/wp\/v2\/comments?post=124535"}],"version-history":[{"count":0,"href":"https:\/\/talkpal.ai\/sl\/wp-json\/wp\/v2\/pages\/124535\/revisions"}],"wp:featuredmedia":[{"embeddable":true,"href":"https:\/\/talkpal.ai\/sl\/wp-json\/wp\/v2\/media\/75308"}],"wp:attachment":[{"href":"https:\/\/talkpal.ai\/sl\/wp-json\/wp\/v2\/media?parent=124535"}],"curies":[{"name":"wp","href":"https:\/\/api.w.org\/{rel}","templated":true}]}}