{"id":124117,"date":"2023-03-26T11:40:15","date_gmt":"2023-03-26T11:40:15","guid":{"rendered":"http:\/\/talkpal.ai\/nemska-slovnica\/"},"modified":"2025-05-22T19:21:59","modified_gmt":"2025-05-22T19:21:59","slug":"nemska-slovnica","status":"publish","type":"page","link":"https:\/\/talkpal.ai\/sl\/nemska-slovnica\/","title":{"rendered":"Nem\u0161ka slovnica"},"content":{"rendered":"\r\n\r\n\r\n<section class=\"languageChallengeSection\">\r\n    <div class=\"languageInfoWrapper\">\r\n        \r\n        <h1>Nem\u0161ka slovnica<\/h1>\r\n        <p>Spoznajte strukturo nem\u0161kega jezika z obvladovanjem bistvenih slovni\u010dnih pravil. Z razumevanjem nem\u0161ke slovnice se boste lahko samozavestno sporazumevali in v celoti spoznali bogastvo nem\u0161ko govore\u010dih kultur. Za\u010dnite se u\u010diti nem\u0161ke slovnice \u0161e danes in naredite prvi korak k teko\u010demu sporazumevanju!\n\n<\/p>\r\n\r\n                            <a class=\"getStartedHidden\" href=\"https:\/\/app.talkpal.ai\/sl\/signup?lng=\">Za\u010dni<\/a>\r\n        \r\n    <\/div>\r\n\r\n    <figure>\r\n    <img decoding=\"async\" width=\"768\" height=\"768\" src=\"https:\/\/talkpal.ai\/wp-content\/uploads\/2023\/06\/german-768x768.png\" class=\"languageImage no-lazy\" alt=\"Language learning for global networking\" fetchpriority=\"high\" sizes=\"(max-width: 768px) 150px, 768px\" srcset=\"https:\/\/talkpal.ai\/wp-content\/uploads\/2023\/06\/german-768x768.png 768w, https:\/\/talkpal.ai\/wp-content\/uploads\/2023\/06\/german-300x300.png 300w\" \/>\r\n    \r\n\r\n    <\/figure>\r\n\r\n            <a class=\"getStartedVisible\" href=\"https:\/\/app.talkpal.ai\/sl\/signup?lng=\">Za\u010dni<\/a>\r\n    \r\n<\/section>\r\n        <section class=\"grammarSection\">\r\n            <div class=\"grammarLinks\">\r\n                <a href=\"https:\/\/talkpal.ai\/sl\/language\/casi-nemska-slovnica\/\">\u010casi <\/a><a href=\"https:\/\/talkpal.ai\/sl\/language\/deklinacija-nemska-slovnica\/\">Deklinacija <\/a><a href=\"https:\/\/talkpal.ai\/sl\/language\/glagoli-nemska-slovnica\/\">Glagoli <\/a><a href=\"https:\/\/talkpal.ai\/sl\/language\/predlogi-nemska-slovnica\/\">Predlogi <\/a><a href=\"https:\/\/talkpal.ai\/sl\/language\/pridevniki-nemska-slovnica\/\">Pridevniki <\/a><a href=\"https:\/\/talkpal.ai\/sl\/language\/prislovi-nemska-slovnica\/\">Prislovi <\/a><a href=\"https:\/\/talkpal.ai\/sl\/language\/samostalniki-in-cleni-nemska-slovnica\/\">Samostalniki in \u010dleni <\/a><a href=\"https:\/\/talkpal.ai\/sl\/language\/stavcna-struktura-nemska-slovnica\/\">Stav\u010dna struktura <\/a><a href=\"https:\/\/talkpal.ai\/sl\/language\/zaimki-nemska-slovnica\/\">Zaimki <\/a>            <\/div>\r\n        <\/section>\r\n    <section class=\"promotionalBanner\">\r\n    <p class=\"promotionalText\">Naju\u010dinkovitej\u0161i na\u010din u\u010denja jezika<\/p>\r\n    <a class=\"promotionalLink\" href=\"https:\/\/app.talkpal.ai\/sl\/signup?lng=\">Preizkusite Talkpal brezpla\u010dno<\/a>\r\n<\/section>\n<div class=\"wp-block-group pageContainerStyle\"><div class=\"wp-block-group__inner-container is-layout-constrained wp-block-group-is-layout-constrained\">\n<h2 class=\"wp-block-heading\" id=\"h-unraveling-the-intricacies-of-german-grammar\">Razkrivanje zapletenosti nem\u0161ke slovnice<\/h2>\n\n\n\n<p><a href=\"https:\/\/talkpal.ai\/sl\/ucenje-nemscine-na-spletu\/\">U\u010denje nem\u0161\u010dine<\/a> je lahko vznemirljivo in koristno prizadevanje. Ne le, da boste lahko govorili z ve\u010d kot 130 milijoni ljudi po vsem svetu, ampak boste imeli tudi dostop do bogate literature, glasbe in kulturne zgodovine. Kot pri vsakem jeziku tudi obvladovanje nem\u0161\u010dine zahteva predanost in potrpe\u017eljivost \u2013 \u0161e posebej, ko gre za slovnico. Dobra novica je, da so \u0161tevilni vidiki nem\u0161ke slovnice precej podobni angle\u0161ki slovnici, kar angle\u0161kim govorcem olaj\u0161a ovijanje glave. V tem \u010dlanku bomo raziskali nekatere klju\u010dne zna\u010dilnosti nem\u0161ke slovnice in vam ponudili koristne nasvete in trike, ki vam bodo pomagali obvladati ta \u010dudovit in zapleten jezik.<\/p>\n\n\n\n<h3 class=\"wp-block-heading\" id=\"h-1-nouns-and-articles-get-your-cases-right\">1. Samostalniki in \u010dlanki &#8211; Uredite svoje primere!<\/h3>\n\n\n\n<p><a href=\"https:\/\/talkpal.ai\/locations\/language-courses-in-ena\/\">Ena<\/a> prvih ovir za angle\u0161ko govore\u010de pri u\u010denju nem\u0161\u010dine je razumevanje \u0161tirih primerov: nominativni, akuzativni, dativni in genitivni. Vsak primer ozna\u010duje druga\u010dno funkcijo samostalnika v stavku, kot je subjekt, neposredni predmet ali posredni predmet. Poleg tega ima nem\u0161\u010dina tri slovni\u010dne spole (mo\u0161ki, \u017eenski in srednje\u0161olski), \u010dlanki za vsak spol pa se spreminjajo glede na primer. Zveni zmedeno? Ne skrbite! Ko boste bolje spoznali nem\u0161\u010dino, boste za\u010deli prepoznavati vzorce in predvidevati, kateri velikostni in spolni razred je treba uporabiti.<\/p>\n\n\n\n<p>Nasvet: Naredite grafikon dolo\u010denih \u010dlenov (der, die, das) in nedolo\u010denih \u010dlankov (ein, eine, ein) za vsak spol in primer. Najprej si jih zapomnite, saj bodo slu\u017eili kot va\u0161 temelj za razumevanje nem\u0161ke stav\u010dne strukture.<\/p>\n\n\n\n<h3 class=\"wp-block-heading\" id=\"h-2-verbs-conjugate-and-dominate\">2. Glagoli &#8211; Konjugirajte in prevladujte!<\/h3>\n\n\n\n<p>V nem\u0161\u010dini so glagoli bistveni ne le za izra\u017eanje dejanj, ampak tudi za ozna\u010devanje napetosti in razpolo\u017eenja. Tako kot <a href=\"https:\/\/talkpal.ai\/learn-english-with-ai\/\">angle\u0161\u010dina<\/a> je treba tudi nem\u0161ke glagole spregati, da se ujemajo s predmetom stavka. Vendar pa obstajajo nekatere klju\u010dne razlike, vklju\u010dno z uporabo pravilnih (\u0161ibkih) in nepravilnih (mo\u010dnih) glagolov ter uporabo glagolov pomo\u010di za dolo\u010dene \u010dase. Dobra novica je, da so nekateri vidiki nem\u0161ke glagolske sklanjatve preprostej\u0161i od angle\u0161ke, na primer, da se pri vpra\u0161anjih in zanikanju ne zahteva uporaba &#8220;do&#8221;.<\/p>\n\n\n\n<p>Nasvet: Za\u010dnite z obvladovanjem pravilne konjugacije glagolov, nato pa se lotite najpogostej\u0161ih nepravilnih glagolov. Vadite uporabo pomo\u017enih glagolov v preteklem in prihodnjem \u010dasu in kmalu boste lahko sestavljali bolj zapletene stavke.<\/p>\n\n\n\n<h3 class=\"wp-block-heading\" id=\"h-3-adjectives-show-your-agreement\">3. Pridevniki &#8211; Poka\u017eite svoje soglasje!<\/h3>\n\n\n\n<p>Pri uporabi pridevnikov za opisovanje samostalnikov v nem\u0161\u010dini je treba razumeti pridevni\u0161ki dogovor. To pomeni, da se morajo pridevniki ujemati z rodilnikom in velikostjo samostalnika. V nekaterih primerih je treba pridevniku dodati kon\u010dnico glede na \u010dlen in velikost samostalnika.<\/p>\n\n\n\n<p>Namig : Uporabite grafikon \u010dlanka iz preteklosti, da si boste la\u017eje zapomnili pravilne pridevni\u0161ke kon\u010dnice. Ko vadite uporabo pridevnikov v stavkih, si zapomnite kon\u010dne vzorce in kako se nana\u0161ajo na spol in primer samostalnika.<\/p>\n\n\n\n<h3 class=\"wp-block-heading\" id=\"h-4-word-order-embrace-the-flexibility\">4. Vrstni red besed &#8211; Sprejmite prilagodljivost!<\/h3>\n\n\n\n<p>Ena od mnogih radosti nem\u0161ke slovnice je fleksibilen vrstni red besed. Za razliko od angle\u0161\u010dine, ki na splo\u0161no sledi strogemu vzorcu subjekt-glagol-objekt, se lahko <a href=\"https:\/\/talkpal.ai\/learn-german\/\">nem\u0161ki<\/a> stavki razlikujejo po svoji strukturi. Klju\u010dno je razumevanje pomena polo\u017eaja glagola, ki je obi\u010dajno na drugem mestu v glavnem stavku in na zadnjem mestu v podrednem stavku.<\/p>\n\n\n\n<p>Namig: \u010ce se \u017eelite zadovoljiti z razli\u010dnimi vzorci vrstnega <a href=\"https:\/\/talkpal.ai\/locations\/learn-english-in-reda\/\">reda<\/a> besed, poskusite prevesti preproste angle\u0161ke stavke v nem\u0161\u010dino in nato preuredite stavek, pri tem pa glagol obdr\u017eati na pravem mestu. To vam bo pomagalo, da postanete bolj spretni pri oblikovanju niansiranih in izraznih stavkov v nem\u0161\u010dini.<\/p>\n\n\n\n<h3 class=\"wp-block-heading\" id=\"h-5-prepositions-think-in-german\">5. Predlogi &#8211; Razmi\u0161ljajte v nem\u0161\u010dini!<\/h3>\n\n\n\n<p>Verjetno je najte\u017eji del u\u010denja nem\u0161ke slovnice obvladovanje predlogov. \u010ceprav v angle\u0161\u010dini obstajajo predlo\u017eki, ki imajo podoben namen, je njihova uporaba v nem\u0161\u010dini druga\u010dna in pogosto zahteva &#8220;nem\u0161ko razmi\u0161ljanje&#8221;, da izberete pravega. Na primer, angle\u0161ki predlog &#8220;in&#8221; se lahko v nem\u0161\u010dini glede na kontekst prevede v &#8220;in&#8221;, &#8220;an&#8221; ali &#8220;auf&#8221;.<\/p>\n\n\n\n<p>Nasvet: Ustvarite kartice s skupnimi predlogi in njihovimi angle\u0161kimi kolegi. Vadite jih v stavkih in se osredoto\u010dite na posebne kontekste, v katerih se uporablja vsak predlog.<\/p>\n\n\n\n<h3 class=\"wp-block-heading\" id=\"h-conclusion\">Sklep:<\/h3>\n\n\n\n<p><a href=\"https:\/\/talkpal.ai\/german-grammar\/\">Nem\u0161ka slovnica<\/a> se sprva morda zdi zastra\u0161ujo\u010da, vendar boste z zavzeto vadbo, potrpe\u017eljivostjo in osredoto\u010denostjo na razumevanje osnovnih pravil in vzorcev kmalu z lahkoto tvorili zapletene stavke. Z razumevanjem zapletenosti nem\u0161ke slovnice bodo govorci angle\u0161\u010dine ne le izbolj\u0161ali svoje jezikovno znanje, temve\u010d tudi razvili <a href=\"https:\/\/talkpal.ai\/talkpal-new-years-discount\/\">novo<\/a> odkrito spo\u0161tovanje do tega \u010dudovitega in zapletenega jezika. Zdaj, auf geht&#8217;s! \u010cas je, da se potopite v svet nem\u0161ke slovnice in izkoristite svoj polni potencial za <a href=\"https:\/\/talkpal.ai\/sl\/ucenje-jezikov-z-umetno-inteligenco-se-nikoli-ni-bilo-tako-enostavno\/\">u\u010denje jezikov<\/a>.<\/p>\n<\/div><\/div>\n\r\n<section class=\"learnNavigationSection\">\r\n            \r\n        <a href=\"https:\/\/talkpal.ai\/sl\/naucite-se-nemskega-jezika\/\">\r\n            <div class=\"learnNavigationWrapper\">\r\n                <div class=\"learnNavigationContent\">\r\n                    <img decoding=\"async\" src=\"https:\/\/talkpal.ai\/wp-content\/uploads\/2024\/08\/German.jpg\" alt=\"German Flag\">\r\n                    <div>\r\n                        <h4>O u\u010denju nem\u0161\u010dine<\/h4>\r\n                        <p>Izvedite vse o nem\u0161ki slovnici.<\/p>\r\n                    <\/div>\r\n                <\/div>\r\n            <\/div>\r\n        <\/a>\r\n\r\n        \r\n        <a href=\"https:\/\/talkpal.ai\/sl\/nemske-slovnicne-vaje\/\">\r\n            <div class=\"learnNavigationWrapper\">\r\n                <div class=\"learnNavigationContent\">\r\n                    <img decoding=\"async\" src=\"https:\/\/talkpal.ai\/wp-content\/uploads\/2024\/08\/German.jpg\" alt=\"German Flag\">\r\n                    <div>\r\n                        <h4>Vaja iz nem\u0161ke slovnice<\/h4>\r\n                        <p>Vadite nem\u0161ko slovnico.<\/p>\r\n                    <\/div>\r\n                <\/div>\r\n            <\/div>\r\n        <\/a>\r\n\r\n        \r\n        <a href=\"https:\/\/talkpal.ai\/vocabulary_language\/german\/\">\r\n            <div class=\"learnNavigationWrapper\">\r\n                <div class=\"learnNavigationContent\">\r\n                    <img decoding=\"async\" src=\"https:\/\/talkpal.ai\/wp-content\/uploads\/2024\/08\/German.jpg\" alt=\"German Flag\">\r\n                    <div>\r\n                        <h4>Nem\u0161ki besednjak<\/h4>\r\n                        <p>Raz\u0161irite svoj nem\u0161ki besedni zaklad.<\/p>\r\n                    <\/div>\r\n                <\/div>\r\n            <\/div>\r\n        <\/a>\r\n\r\n            <\/section>","protected":false},"excerpt":{"rendered":"<p>Razkrivanje zapletenosti nem\u0161ke slovnice U\u010denje nem\u0161\u010dine je lahko vznemirljivo in koristno prizadevanje. Ne le, da boste lahko govorili z ve\u010d kot 130 milijoni ljudi po vsem svetu, ampak boste imeli tudi dostop do bogate literature, glasbe in kulturne zgodovine. Kot pri vsakem jeziku tudi obvladovanje nem\u0161\u010dine zahteva predanost in potrpe\u017eljivost \u2013 \u0161e posebej, ko gre [&hellip;]<\/p>\n","protected":false},"author":1,"featured_media":124124,"parent":0,"menu_order":0,"comment_status":"closed","ping_status":"closed","template":"LearningContentPage.php","meta":{"_acf_changed":false,"footnotes":""},"class_list":["post-124117","page","type-page","status-publish","has-post-thumbnail","hentry"],"acf":[],"yoast_head":"<!-- This site is optimized with the Yoast SEO Premium plugin v27.2 (Yoast SEO v27.2) - https:\/\/yoast.com\/product\/yoast-seo-premium-wordpress\/ -->\n<title>Nem\u0161ka slovnica - Talkpal<\/title>\n<meta name=\"description\" content=\"Nau\u010dite se nem\u0161ke slovnice z lahkoto - razumite bistvena pravila, vadite gradnjo stavkov in jasno govorite z Talkpals podporo umetne inteligence.\" \/>\n<meta name=\"robots\" content=\"index, follow, max-snippet:-1, max-image-preview:large, max-video-preview:-1\" \/>\n<link rel=\"canonical\" href=\"https:\/\/talkpal.ai\/sl\/nemska-slovnica\/\" \/>\n<meta property=\"og:locale\" content=\"sl_SI\" \/>\n<meta property=\"og:type\" content=\"article\" \/>\n<meta property=\"og:title\" content=\"Nem\u0161ka slovnica\" \/>\n<meta property=\"og:description\" content=\"Razkrivanje zapletenosti nem\u0161ke slovnice U\u010denje nem\u0161\u010dine je lahko vznemirljivo in koristno prizadevanje. Ne le, da boste lahko govorili z ve\u010d kot 130\" \/>\n<meta property=\"og:url\" content=\"https:\/\/talkpal.ai\/sl\/nemska-slovnica\/\" \/>\n<meta property=\"og:site_name\" content=\"Talkpal\" \/>\n<meta property=\"article:publisher\" content=\"https:\/\/www.facebook.com\/profile.php?id=100090733639311\" \/>\n<meta property=\"article:modified_time\" content=\"2025-05-22T19:21:59+00:00\" \/>\n<meta property=\"og:image\" content=\"https:\/\/talkpal.ai\/wp-content\/uploads\/2023\/03\/germany.png\" \/>\n\t<meta property=\"og:image:width\" content=\"512\" \/>\n\t<meta property=\"og:image:height\" content=\"512\" \/>\n\t<meta property=\"og:image:type\" content=\"image\/png\" \/>\n<meta name=\"twitter:card\" content=\"summary_large_image\" \/>\n<meta name=\"twitter:site\" content=\"@talkpalai\" \/>\n<meta name=\"twitter:label1\" content=\"Est. reading time\" \/>\n\t<meta name=\"twitter:data1\" content=\"4 minute\" \/>\n<script type=\"application\/ld+json\" class=\"yoast-schema-graph\">{\"@context\":\"https:\/\/schema.org\",\"@graph\":[{\"@type\":\"WebPage\",\"@id\":\"https:\/\/talkpal.ai\/sl\/nemska-slovnica\/\",\"url\":\"https:\/\/talkpal.ai\/sl\/nemska-slovnica\/\",\"name\":\"Nem\u0161ka slovnica - Talkpal\",\"isPartOf\":{\"@id\":\"https:\/\/talkpal.ai\/sl\/#website\"},\"primaryImageOfPage\":{\"@id\":\"https:\/\/talkpal.ai\/sl\/nemska-slovnica\/#primaryimage\"},\"image\":{\"@id\":\"https:\/\/talkpal.ai\/sl\/nemska-slovnica\/#primaryimage\"},\"thumbnailUrl\":\"https:\/\/talkpal.ai\/wp-content\/uploads\/2023\/03\/germany.png\",\"datePublished\":\"2023-03-26T11:40:15+00:00\",\"dateModified\":\"2025-05-22T19:21:59+00:00\",\"description\":\"Nau\u010dite se nem\u0161ke slovnice z lahkoto - razumite bistvena pravila, vadite gradnjo stavkov in jasno govorite z Talkpals podporo umetne inteligence.\",\"breadcrumb\":{\"@id\":\"https:\/\/talkpal.ai\/sl\/nemska-slovnica\/#breadcrumb\"},\"inLanguage\":\"sl-SI\",\"potentialAction\":[{\"@type\":\"ReadAction\",\"target\":[\"https:\/\/talkpal.ai\/sl\/nemska-slovnica\/\"]}]},{\"@type\":\"ImageObject\",\"inLanguage\":\"sl-SI\",\"@id\":\"https:\/\/talkpal.ai\/sl\/nemska-slovnica\/#primaryimage\",\"url\":\"https:\/\/talkpal.ai\/wp-content\/uploads\/2023\/03\/germany.png\",\"contentUrl\":\"https:\/\/talkpal.ai\/wp-content\/uploads\/2023\/03\/germany.png\",\"width\":512,\"height\":512,\"caption\":\"TalkPal AI learn German\"},{\"@type\":\"BreadcrumbList\",\"@id\":\"https:\/\/talkpal.ai\/sl\/nemska-slovnica\/#breadcrumb\",\"itemListElement\":[{\"@type\":\"ListItem\",\"position\":1,\"name\":\"Homepage\",\"item\":\"https:\/\/talkpal.ai\/sl\/\"},{\"@type\":\"ListItem\",\"position\":2,\"name\":\"Nem\u0161ka slovnica\"}]},{\"@type\":\"WebSite\",\"@id\":\"https:\/\/talkpal.ai\/sl\/#website\",\"url\":\"https:\/\/talkpal.ai\/sl\/\",\"name\":\"Talkpal\",\"description\":\"AI Language Learning\",\"publisher\":{\"@id\":\"https:\/\/talkpal.ai\/sl\/#organization\"},\"alternateName\":\"Talkpal AI\",\"potentialAction\":[{\"@type\":\"SearchAction\",\"target\":{\"@type\":\"EntryPoint\",\"urlTemplate\":\"https:\/\/talkpal.ai\/sl\/?s={search_term_string}\"},\"query-input\":{\"@type\":\"PropertyValueSpecification\",\"valueRequired\":true,\"valueName\":\"search_term_string\"}}],\"inLanguage\":\"sl-SI\"},{\"@type\":\"Organization\",\"@id\":\"https:\/\/talkpal.ai\/sl\/#organization\",\"name\":\"Talkpal, Inc.\",\"alternateName\":\"Talkpal AI\",\"url\":\"https:\/\/talkpal.ai\/sl\/\",\"logo\":{\"@type\":\"ImageObject\",\"inLanguage\":\"sl-SI\",\"@id\":\"https:\/\/talkpal.ai\/sl\/#\/schema\/logo\/image\/\",\"url\":\"https:\/\/talkpal.ai\/wp-content\/uploads\/2024\/03\/Talkpal-Logo-Icon.png\",\"contentUrl\":\"https:\/\/talkpal.ai\/wp-content\/uploads\/2024\/03\/Talkpal-Logo-Icon.png\",\"width\":2880,\"height\":2880,\"caption\":\"Talkpal, Inc.\"},\"image\":{\"@id\":\"https:\/\/talkpal.ai\/sl\/#\/schema\/logo\/image\/\"},\"sameAs\":[\"https:\/\/www.facebook.com\/profile.php?id=100090733639311\",\"https:\/\/x.com\/talkpalai\",\"https:\/\/www.linkedin.com\/company\/talkpal\/\",\"https:\/\/www.youtube.com\/@TalkPal\/\",\"https:\/\/www.tiktok.com\/@talkpal\",\"https:\/\/www.instagram.com\/talkpal_ai\/\",\"https:\/\/www.crunchbase.com\/organization\/talkpal-9cde\",\"https:\/\/www.g2.com\/products\/talkpal-for-business\/\",\"https:\/\/www.trustpilot.com\/review\/talkpal.ai\",\"https:\/\/www.capterra.com\/p\/10006800\/TalkPal\/\"],\"description\":\"Talkpal is a language learning web and mobile education app, powered by the latest AI technologies, that provides engaging experiences to its customers in many different languages to help them improve their language skills. Users can chat about unlimited amount of topics with the app and use other modes to practice their language learning.\",\"email\":\"support@talkpal.ai\",\"legalName\":\"Talkpal, Inc.\",\"foundingDate\":\"2023-04-03\",\"duns\":\"118989042\",\"numberOfEmployees\":{\"@type\":\"QuantitativeValue\",\"minValue\":\"11\",\"maxValue\":\"50\"},\"publishingPrinciples\":\"https:\/\/talkpal.ai\/publishing-principles\/\",\"actionableFeedbackPolicy\":\"https:\/\/talkpal.ai\/actionable-feedback-policy\/\",\"correctionsPolicy\":\"https:\/\/talkpal.ai\/corrections-policy\/\",\"ethicsPolicy\":\"https:\/\/talkpal.ai\/ethics-policy\/\",\"diversityPolicy\":\"https:\/\/talkpal.ai\/diversity-policy\/\",\"diversityStaffingReport\":\"https:\/\/talkpal.ai\/diversity-policy\/\"}]}<\/script>\n<!-- \/ Yoast SEO Premium plugin. -->","yoast_head_json":{"title":"Nem\u0161ka slovnica - Talkpal","description":"Nau\u010dite se nem\u0161ke slovnice z lahkoto - razumite bistvena pravila, vadite gradnjo stavkov in jasno govorite z Talkpals podporo umetne inteligence.","robots":{"index":"index","follow":"follow","max-snippet":"max-snippet:-1","max-image-preview":"max-image-preview:large","max-video-preview":"max-video-preview:-1"},"canonical":"https:\/\/talkpal.ai\/sl\/nemska-slovnica\/","og_locale":"sl_SI","og_type":"article","og_title":"Nem\u0161ka slovnica","og_description":"Razkrivanje zapletenosti nem\u0161ke slovnice U\u010denje nem\u0161\u010dine je lahko vznemirljivo in koristno prizadevanje. Ne le, da boste lahko govorili z ve\u010d kot 130","og_url":"https:\/\/talkpal.ai\/sl\/nemska-slovnica\/","og_site_name":"Talkpal","article_publisher":"https:\/\/www.facebook.com\/profile.php?id=100090733639311","article_modified_time":"2025-05-22T19:21:59+00:00","og_image":[{"width":512,"height":512,"url":"https:\/\/talkpal.ai\/wp-content\/uploads\/2023\/03\/germany.png","type":"image\/png"}],"twitter_card":"summary_large_image","twitter_site":"@talkpalai","twitter_misc":{"Est. reading time":"4 minute"},"schema":{"@context":"https:\/\/schema.org","@graph":[{"@type":"WebPage","@id":"https:\/\/talkpal.ai\/sl\/nemska-slovnica\/","url":"https:\/\/talkpal.ai\/sl\/nemska-slovnica\/","name":"Nem\u0161ka slovnica - Talkpal","isPartOf":{"@id":"https:\/\/talkpal.ai\/sl\/#website"},"primaryImageOfPage":{"@id":"https:\/\/talkpal.ai\/sl\/nemska-slovnica\/#primaryimage"},"image":{"@id":"https:\/\/talkpal.ai\/sl\/nemska-slovnica\/#primaryimage"},"thumbnailUrl":"https:\/\/talkpal.ai\/wp-content\/uploads\/2023\/03\/germany.png","datePublished":"2023-03-26T11:40:15+00:00","dateModified":"2025-05-22T19:21:59+00:00","description":"Nau\u010dite se nem\u0161ke slovnice z lahkoto - razumite bistvena pravila, vadite gradnjo stavkov in jasno govorite z Talkpals podporo umetne inteligence.","breadcrumb":{"@id":"https:\/\/talkpal.ai\/sl\/nemska-slovnica\/#breadcrumb"},"inLanguage":"sl-SI","potentialAction":[{"@type":"ReadAction","target":["https:\/\/talkpal.ai\/sl\/nemska-slovnica\/"]}]},{"@type":"ImageObject","inLanguage":"sl-SI","@id":"https:\/\/talkpal.ai\/sl\/nemska-slovnica\/#primaryimage","url":"https:\/\/talkpal.ai\/wp-content\/uploads\/2023\/03\/germany.png","contentUrl":"https:\/\/talkpal.ai\/wp-content\/uploads\/2023\/03\/germany.png","width":512,"height":512,"caption":"TalkPal AI learn German"},{"@type":"BreadcrumbList","@id":"https:\/\/talkpal.ai\/sl\/nemska-slovnica\/#breadcrumb","itemListElement":[{"@type":"ListItem","position":1,"name":"Homepage","item":"https:\/\/talkpal.ai\/sl\/"},{"@type":"ListItem","position":2,"name":"Nem\u0161ka slovnica"}]},{"@type":"WebSite","@id":"https:\/\/talkpal.ai\/sl\/#website","url":"https:\/\/talkpal.ai\/sl\/","name":"Talkpal","description":"AI Language Learning","publisher":{"@id":"https:\/\/talkpal.ai\/sl\/#organization"},"alternateName":"Talkpal AI","potentialAction":[{"@type":"SearchAction","target":{"@type":"EntryPoint","urlTemplate":"https:\/\/talkpal.ai\/sl\/?s={search_term_string}"},"query-input":{"@type":"PropertyValueSpecification","valueRequired":true,"valueName":"search_term_string"}}],"inLanguage":"sl-SI"},{"@type":"Organization","@id":"https:\/\/talkpal.ai\/sl\/#organization","name":"Talkpal, Inc.","alternateName":"Talkpal AI","url":"https:\/\/talkpal.ai\/sl\/","logo":{"@type":"ImageObject","inLanguage":"sl-SI","@id":"https:\/\/talkpal.ai\/sl\/#\/schema\/logo\/image\/","url":"https:\/\/talkpal.ai\/wp-content\/uploads\/2024\/03\/Talkpal-Logo-Icon.png","contentUrl":"https:\/\/talkpal.ai\/wp-content\/uploads\/2024\/03\/Talkpal-Logo-Icon.png","width":2880,"height":2880,"caption":"Talkpal, Inc."},"image":{"@id":"https:\/\/talkpal.ai\/sl\/#\/schema\/logo\/image\/"},"sameAs":["https:\/\/www.facebook.com\/profile.php?id=100090733639311","https:\/\/x.com\/talkpalai","https:\/\/www.linkedin.com\/company\/talkpal\/","https:\/\/www.youtube.com\/@TalkPal\/","https:\/\/www.tiktok.com\/@talkpal","https:\/\/www.instagram.com\/talkpal_ai\/","https:\/\/www.crunchbase.com\/organization\/talkpal-9cde","https:\/\/www.g2.com\/products\/talkpal-for-business\/","https:\/\/www.trustpilot.com\/review\/talkpal.ai","https:\/\/www.capterra.com\/p\/10006800\/TalkPal\/"],"description":"Talkpal is a language learning web and mobile education app, powered by the latest AI technologies, that provides engaging experiences to its customers in many different languages to help them improve their language skills. Users can chat about unlimited amount of topics with the app and use other modes to practice their language learning.","email":"support@talkpal.ai","legalName":"Talkpal, Inc.","foundingDate":"2023-04-03","duns":"118989042","numberOfEmployees":{"@type":"QuantitativeValue","minValue":"11","maxValue":"50"},"publishingPrinciples":"https:\/\/talkpal.ai\/publishing-principles\/","actionableFeedbackPolicy":"https:\/\/talkpal.ai\/actionable-feedback-policy\/","correctionsPolicy":"https:\/\/talkpal.ai\/corrections-policy\/","ethicsPolicy":"https:\/\/talkpal.ai\/ethics-policy\/","diversityPolicy":"https:\/\/talkpal.ai\/diversity-policy\/","diversityStaffingReport":"https:\/\/talkpal.ai\/diversity-policy\/"}]}},"_links":{"self":[{"href":"https:\/\/talkpal.ai\/sl\/wp-json\/wp\/v2\/pages\/124117","targetHints":{"allow":["GET"]}}],"collection":[{"href":"https:\/\/talkpal.ai\/sl\/wp-json\/wp\/v2\/pages"}],"about":[{"href":"https:\/\/talkpal.ai\/sl\/wp-json\/wp\/v2\/types\/page"}],"author":[{"embeddable":true,"href":"https:\/\/talkpal.ai\/sl\/wp-json\/wp\/v2\/users\/1"}],"replies":[{"embeddable":true,"href":"https:\/\/talkpal.ai\/sl\/wp-json\/wp\/v2\/comments?post=124117"}],"version-history":[{"count":0,"href":"https:\/\/talkpal.ai\/sl\/wp-json\/wp\/v2\/pages\/124117\/revisions"}],"wp:featuredmedia":[{"embeddable":true,"href":"https:\/\/talkpal.ai\/sl\/wp-json\/wp\/v2\/media\/124124"}],"wp:attachment":[{"href":"https:\/\/talkpal.ai\/sl\/wp-json\/wp\/v2\/media?parent=124117"}],"curies":[{"name":"wp","href":"https:\/\/api.w.org\/{rel}","templated":true}]}}