{"id":997897,"date":"2023-10-09T10:03:45","date_gmt":"2023-10-09T10:03:45","guid":{"rendered":"https:\/\/talkpal.ai\/pokyny-na-spravu-predplatneho\/"},"modified":"2025-07-12T09:46:09","modified_gmt":"2025-07-12T09:46:09","slug":"pokyny-na-spravu-predplatneho","status":"publish","type":"page","link":"https:\/\/talkpal.ai\/sk\/pokyny-na-spravu-predplatneho\/","title":{"rendered":"Pokyny na spr\u00e1vu predplatn\u00e9ho"},"content":{"rendered":"\n<p>Predplatn\u00e9 m\u00f4\u017eete spravova\u0165 v aplik\u00e1ci\u00e1ch <a href=\"https:\/\/talkpal.ai\/es\/descargar-la-aplicacion-talkpal-para-android-e-ios\/\">App Store<\/a> (Apple <a href=\"https:\/\/talkpal.ai\/es\/descargar-la-aplicacion-talkpal-para-android-e-ios\/\">iOS<\/a>), Google Play (Android) alebo na webovej str\u00e1nke.<\/p>\n\n<h2 class=\"wp-block-heading\" id=\"h-app-store-apple-ios\">App Store (Apple iOS)<\/h2>\n\n<p>Pozn\u00e1mka: Predplatn\u00e9 alebo sk\u00fa\u0161obn\u00fa verziu Apple mus\u00edte zru\u0161i\u0165 aspo\u0148 24 hod\u00edn pred jej skon\u010den\u00edm. Ak ho zru\u0161\u00edte v posledn\u00fd de\u0148, automaticky sa obnov\u00ed.<\/p>\n\n<p>Ak chcete zru\u0161i\u0165 predplatn\u00e9 <a href=\"https:\/\/talkpal.ai\/ko\/ai-%ec%96%b8%ec%96%b4-%ea%b5%90%ec%82%ac\/\">Talkpal<\/a> prostredn\u00edctvom App Store, postupujte v zariaden\u00ed iOS pod\u013ea t\u00fdchto krokov:<\/p>\n\n<p><strong>Krok 1<\/strong> &#8211; Otvorte aplik\u00e1ciu Nastavenia.<\/p>\n\n<p><strong>Krok 2<\/strong> &#8211; Vyberte svoje Apple ID, ktor\u00e9 sa nach\u00e1dza v hornej \u010dasti str\u00e1nky.<\/p>\n\n<p><strong>Krok 3<\/strong> &#8211; Vyberte polo\u017eku &#8222;Zobrazi\u0165 Apple ID&#8220;<\/p>\n\n<p><strong>Krok 4<\/strong> &#8211; Prejdite na polo\u017eku &#8222;Predplatn\u00e9&#8220; a vyberte to, ktor\u00e9 chcete zru\u0161i\u0165.<\/p>\n\n<p><strong>Krok 5<\/strong> &#8211; \u0164uknite na polo\u017eku &#8222;Zru\u0161i\u0165 predplatn\u00e9&#8220;.<\/p>\n\n<h2 class=\"wp-block-heading\" id=\"h-google-play-android\">Google Play (Android)<\/h2>\n\n<p><b>Krok 1<\/b> &#8211; V zariaden\u00ed so syst\u00e9mom Android prejdite na svoje odbery v slu\u017ebe Google Play.<\/p>\n\n<p><b>Krok 2<\/b> &#8211; Vyberte predplatn\u00e9, ktor\u00e9 chcete zru\u0161i\u0165.<\/p>\n\n<p><b>Krok 3<\/b> &#8211; Stla\u010dte tla\u010didlo Zru\u0161i\u0165 predplatn\u00e9.<\/p>\n\n<h2 class=\"wp-block-heading\" id=\"h-website\">Webov\u00e1 lokalita<\/h2>\n\n<p><b>Krok 1<\/b> &#8211; Prejdite na str\u00e1nku svojho konta.<\/p>\n\n<p><b>Krok 2<\/b> &#8211; Prejdite nadol do \u010dasti &#8222;Predplatn\u00e9&#8220;.<\/p>\n\n<p><b>Krok 3<\/b> &#8211; Kliknite na &#8222;Zru\u0161i\u0165 predplatn\u00e9&#8220;.<\/p>\n","protected":false},"excerpt":{"rendered":"<p>Predplatn\u00e9 m\u00f4\u017eete spravova\u0165 v aplik\u00e1ci\u00e1ch App Store (Apple iOS), Google Play (Android) alebo na webovej str\u00e1nke. App Store (Apple iOS) Pozn\u00e1mka: Predplatn\u00e9 alebo sk\u00fa\u0161obn\u00fa verziu Apple mus\u00edte zru\u0161i\u0165 aspo\u0148 24 hod\u00edn pred jej skon\u010den\u00edm. Ak ho zru\u0161\u00edte v posledn\u00fd de\u0148, automaticky sa obnov\u00ed. Ak chcete zru\u0161i\u0165 predplatn\u00e9 Talkpal prostredn\u00edctvom App Store, postupujte v zariaden\u00ed iOS [&hellip;]<\/p>\n","protected":false},"author":10,"featured_media":197979,"parent":0,"menu_order":0,"comment_status":"closed","ping_status":"closed","template":"","meta":{"_acf_changed":false,"footnotes":""},"class_list":["post-997897","page","type-page","status-publish","has-post-thumbnail","hentry"],"acf":[],"yoast_head":"<!-- This site is optimized with the Yoast SEO Premium plugin v27.2 (Yoast SEO v27.2) - https:\/\/yoast.com\/product\/yoast-seo-premium-wordpress\/ -->\n<title>Pokyny na spr\u00e1vu predplatn\u00e9ho - Talkpal<\/title>\n<meta name=\"description\" content=\"Postupujte pod\u013ea t\u00fdchto pokynov na spr\u00e1vu predplatn\u00e9ho a jednoducho zru\u0161te svoje predplatn\u00e9 v aplik\u00e1ci\u00e1ch Apple alebo Google Play.\" \/>\n<meta name=\"robots\" content=\"index, follow, max-snippet:-1, max-image-preview:large, max-video-preview:-1\" \/>\n<link rel=\"canonical\" href=\"https:\/\/talkpal.ai\/sk\/pokyny-na-spravu-predplatneho\/\" \/>\n<meta property=\"og:locale\" content=\"sk_SK\" \/>\n<meta property=\"og:type\" content=\"article\" \/>\n<meta property=\"og:title\" content=\"Pokyny na spr\u00e1vu predplatn\u00e9ho\" \/>\n<meta property=\"og:description\" content=\"Predplatn\u00e9 m\u00f4\u017eete spravova\u0165 v aplik\u00e1ci\u00e1ch App Store (Apple iOS), Google Play (Android) alebo na webovej str\u00e1nke. App Store (Apple iOS) Pozn\u00e1mka:\" \/>\n<meta property=\"og:url\" content=\"https:\/\/talkpal.ai\/sk\/pokyny-na-spravu-predplatneho\/\" \/>\n<meta property=\"og:site_name\" content=\"Talkpal\" \/>\n<meta property=\"article:publisher\" content=\"https:\/\/www.facebook.com\/profile.php?id=100090733639311\" \/>\n<meta property=\"article:modified_time\" content=\"2025-07-12T09:46:09+00:00\" \/>\n<meta property=\"og:image\" content=\"https:\/\/talkpal.ai\/wp-content\/uploads\/2024\/03\/Talkpal-Logo-Icon.png\" \/>\n\t<meta property=\"og:image:width\" content=\"5000\" \/>\n\t<meta property=\"og:image:height\" content=\"5000\" \/>\n\t<meta property=\"og:image:type\" content=\"image\/png\" \/>\n<meta name=\"twitter:card\" content=\"summary_large_image\" \/>\n<meta name=\"twitter:site\" content=\"@talkpalai\" \/>\n<meta name=\"twitter:label1\" content=\"Predpokladan\u00fd \u010das \u010d\u00edtania\" \/>\n\t<meta name=\"twitter:data1\" content=\"1 min\u00fata\" \/>\n<script type=\"application\/ld+json\" class=\"yoast-schema-graph\">{\"@context\":\"https:\/\/schema.org\",\"@graph\":[{\"@type\":\"WebPage\",\"@id\":\"https:\/\/talkpal.ai\/sk\/pokyny-na-spravu-predplatneho\/\",\"url\":\"https:\/\/talkpal.ai\/sk\/pokyny-na-spravu-predplatneho\/\",\"name\":\"Pokyny na spr\u00e1vu predplatn\u00e9ho - Talkpal\",\"isPartOf\":{\"@id\":\"https:\/\/talkpal.ai\/sk\/#website\"},\"primaryImageOfPage\":{\"@id\":\"https:\/\/talkpal.ai\/sk\/pokyny-na-spravu-predplatneho\/#primaryimage\"},\"image\":{\"@id\":\"https:\/\/talkpal.ai\/sk\/pokyny-na-spravu-predplatneho\/#primaryimage\"},\"thumbnailUrl\":\"https:\/\/talkpal.ai\/wp-content\/uploads\/2024\/03\/Talkpal-Logo-Icon.png\",\"datePublished\":\"2023-10-09T10:03:45+00:00\",\"dateModified\":\"2025-07-12T09:46:09+00:00\",\"description\":\"Postupujte pod\u013ea t\u00fdchto pokynov na spr\u00e1vu predplatn\u00e9ho a jednoducho zru\u0161te svoje predplatn\u00e9 v aplik\u00e1ci\u00e1ch Apple alebo Google Play.\",\"breadcrumb\":{\"@id\":\"https:\/\/talkpal.ai\/sk\/pokyny-na-spravu-predplatneho\/#breadcrumb\"},\"inLanguage\":\"sk-SK\",\"potentialAction\":[{\"@type\":\"ReadAction\",\"target\":[\"https:\/\/talkpal.ai\/sk\/pokyny-na-spravu-predplatneho\/\"]}]},{\"@type\":\"ImageObject\",\"inLanguage\":\"sk-SK\",\"@id\":\"https:\/\/talkpal.ai\/sk\/pokyny-na-spravu-predplatneho\/#primaryimage\",\"url\":\"https:\/\/talkpal.ai\/wp-content\/uploads\/2024\/03\/Talkpal-Logo-Icon.png\",\"contentUrl\":\"https:\/\/talkpal.ai\/wp-content\/uploads\/2024\/03\/Talkpal-Logo-Icon.png\",\"width\":5000,\"height\":5000,\"caption\":\"Logo Talkpal bez slovnej zna\u010dky\"},{\"@type\":\"BreadcrumbList\",\"@id\":\"https:\/\/talkpal.ai\/sk\/pokyny-na-spravu-predplatneho\/#breadcrumb\",\"itemListElement\":[{\"@type\":\"ListItem\",\"position\":1,\"name\":\"Homepage\",\"item\":\"https:\/\/talkpal.ai\/sk\/\"},{\"@type\":\"ListItem\",\"position\":2,\"name\":\"Pokyny na spr\u00e1vu predplatn\u00e9ho\"}]},{\"@type\":\"WebSite\",\"@id\":\"https:\/\/talkpal.ai\/sk\/#website\",\"url\":\"https:\/\/talkpal.ai\/sk\/\",\"name\":\"Talkpal\",\"description\":\"AI Language Learning\",\"publisher\":{\"@id\":\"https:\/\/talkpal.ai\/sk\/#organization\"},\"alternateName\":\"Talkpal AI\",\"potentialAction\":[{\"@type\":\"SearchAction\",\"target\":{\"@type\":\"EntryPoint\",\"urlTemplate\":\"https:\/\/talkpal.ai\/sk\/?s={search_term_string}\"},\"query-input\":{\"@type\":\"PropertyValueSpecification\",\"valueRequired\":true,\"valueName\":\"search_term_string\"}}],\"inLanguage\":\"sk-SK\"},{\"@type\":\"Organization\",\"@id\":\"https:\/\/talkpal.ai\/sk\/#organization\",\"name\":\"Talkpal, Inc.\",\"alternateName\":\"Talkpal AI\",\"url\":\"https:\/\/talkpal.ai\/sk\/\",\"logo\":{\"@type\":\"ImageObject\",\"inLanguage\":\"sk-SK\",\"@id\":\"https:\/\/talkpal.ai\/sk\/#\/schema\/logo\/image\/\",\"url\":\"https:\/\/talkpal.ai\/wp-content\/uploads\/2024\/03\/Talkpal-Logo-Icon.png\",\"contentUrl\":\"https:\/\/talkpal.ai\/wp-content\/uploads\/2024\/03\/Talkpal-Logo-Icon.png\",\"width\":2880,\"height\":2880,\"caption\":\"Talkpal, Inc.\"},\"image\":{\"@id\":\"https:\/\/talkpal.ai\/sk\/#\/schema\/logo\/image\/\"},\"sameAs\":[\"https:\/\/www.facebook.com\/profile.php?id=100090733639311\",\"https:\/\/x.com\/talkpalai\",\"https:\/\/www.linkedin.com\/company\/talkpal\/\",\"https:\/\/www.youtube.com\/@TalkPal\/\",\"https:\/\/www.tiktok.com\/@talkpal\",\"https:\/\/www.instagram.com\/talkpal_ai\/\",\"https:\/\/www.crunchbase.com\/organization\/talkpal-9cde\",\"https:\/\/www.g2.com\/products\/talkpal-for-business\/\",\"https:\/\/www.trustpilot.com\/review\/talkpal.ai\",\"https:\/\/www.capterra.com\/p\/10006800\/TalkPal\/\"],\"description\":\"Talkpal is a language learning web and mobile education app, powered by the latest AI technologies, that provides engaging experiences to its customers in many different languages to help them improve their language skills. Users can chat about unlimited amount of topics with the app and use other modes to practice their language learning.\",\"email\":\"support@talkpal.ai\",\"legalName\":\"Talkpal, Inc.\",\"foundingDate\":\"2023-04-03\",\"duns\":\"118989042\",\"numberOfEmployees\":{\"@type\":\"QuantitativeValue\",\"minValue\":\"11\",\"maxValue\":\"50\"},\"publishingPrinciples\":\"https:\/\/talkpal.ai\/publishing-principles\/\",\"actionableFeedbackPolicy\":\"https:\/\/talkpal.ai\/actionable-feedback-policy\/\",\"correctionsPolicy\":\"https:\/\/talkpal.ai\/corrections-policy\/\",\"ethicsPolicy\":\"https:\/\/talkpal.ai\/ethics-policy\/\",\"diversityPolicy\":\"https:\/\/talkpal.ai\/diversity-policy\/\",\"diversityStaffingReport\":\"https:\/\/talkpal.ai\/diversity-policy\/\"}]}<\/script>\n<!-- \/ Yoast SEO Premium plugin. -->","yoast_head_json":{"title":"Pokyny na spr\u00e1vu predplatn\u00e9ho - Talkpal","description":"Postupujte pod\u013ea t\u00fdchto pokynov na spr\u00e1vu predplatn\u00e9ho a jednoducho zru\u0161te svoje predplatn\u00e9 v aplik\u00e1ci\u00e1ch Apple alebo Google Play.","robots":{"index":"index","follow":"follow","max-snippet":"max-snippet:-1","max-image-preview":"max-image-preview:large","max-video-preview":"max-video-preview:-1"},"canonical":"https:\/\/talkpal.ai\/sk\/pokyny-na-spravu-predplatneho\/","og_locale":"sk_SK","og_type":"article","og_title":"Pokyny na spr\u00e1vu predplatn\u00e9ho","og_description":"Predplatn\u00e9 m\u00f4\u017eete spravova\u0165 v aplik\u00e1ci\u00e1ch App Store (Apple iOS), Google Play (Android) alebo na webovej str\u00e1nke. App Store (Apple iOS) Pozn\u00e1mka:","og_url":"https:\/\/talkpal.ai\/sk\/pokyny-na-spravu-predplatneho\/","og_site_name":"Talkpal","article_publisher":"https:\/\/www.facebook.com\/profile.php?id=100090733639311","article_modified_time":"2025-07-12T09:46:09+00:00","og_image":[{"width":5000,"height":5000,"url":"https:\/\/talkpal.ai\/wp-content\/uploads\/2024\/03\/Talkpal-Logo-Icon.png","type":"image\/png"}],"twitter_card":"summary_large_image","twitter_site":"@talkpalai","twitter_misc":{"Predpokladan\u00fd \u010das \u010d\u00edtania":"1 min\u00fata"},"schema":{"@context":"https:\/\/schema.org","@graph":[{"@type":"WebPage","@id":"https:\/\/talkpal.ai\/sk\/pokyny-na-spravu-predplatneho\/","url":"https:\/\/talkpal.ai\/sk\/pokyny-na-spravu-predplatneho\/","name":"Pokyny na spr\u00e1vu predplatn\u00e9ho - Talkpal","isPartOf":{"@id":"https:\/\/talkpal.ai\/sk\/#website"},"primaryImageOfPage":{"@id":"https:\/\/talkpal.ai\/sk\/pokyny-na-spravu-predplatneho\/#primaryimage"},"image":{"@id":"https:\/\/talkpal.ai\/sk\/pokyny-na-spravu-predplatneho\/#primaryimage"},"thumbnailUrl":"https:\/\/talkpal.ai\/wp-content\/uploads\/2024\/03\/Talkpal-Logo-Icon.png","datePublished":"2023-10-09T10:03:45+00:00","dateModified":"2025-07-12T09:46:09+00:00","description":"Postupujte pod\u013ea t\u00fdchto pokynov na spr\u00e1vu predplatn\u00e9ho a jednoducho zru\u0161te svoje predplatn\u00e9 v aplik\u00e1ci\u00e1ch Apple alebo Google Play.","breadcrumb":{"@id":"https:\/\/talkpal.ai\/sk\/pokyny-na-spravu-predplatneho\/#breadcrumb"},"inLanguage":"sk-SK","potentialAction":[{"@type":"ReadAction","target":["https:\/\/talkpal.ai\/sk\/pokyny-na-spravu-predplatneho\/"]}]},{"@type":"ImageObject","inLanguage":"sk-SK","@id":"https:\/\/talkpal.ai\/sk\/pokyny-na-spravu-predplatneho\/#primaryimage","url":"https:\/\/talkpal.ai\/wp-content\/uploads\/2024\/03\/Talkpal-Logo-Icon.png","contentUrl":"https:\/\/talkpal.ai\/wp-content\/uploads\/2024\/03\/Talkpal-Logo-Icon.png","width":5000,"height":5000,"caption":"Logo Talkpal bez slovnej zna\u010dky"},{"@type":"BreadcrumbList","@id":"https:\/\/talkpal.ai\/sk\/pokyny-na-spravu-predplatneho\/#breadcrumb","itemListElement":[{"@type":"ListItem","position":1,"name":"Homepage","item":"https:\/\/talkpal.ai\/sk\/"},{"@type":"ListItem","position":2,"name":"Pokyny na spr\u00e1vu predplatn\u00e9ho"}]},{"@type":"WebSite","@id":"https:\/\/talkpal.ai\/sk\/#website","url":"https:\/\/talkpal.ai\/sk\/","name":"Talkpal","description":"AI Language Learning","publisher":{"@id":"https:\/\/talkpal.ai\/sk\/#organization"},"alternateName":"Talkpal AI","potentialAction":[{"@type":"SearchAction","target":{"@type":"EntryPoint","urlTemplate":"https:\/\/talkpal.ai\/sk\/?s={search_term_string}"},"query-input":{"@type":"PropertyValueSpecification","valueRequired":true,"valueName":"search_term_string"}}],"inLanguage":"sk-SK"},{"@type":"Organization","@id":"https:\/\/talkpal.ai\/sk\/#organization","name":"Talkpal, Inc.","alternateName":"Talkpal AI","url":"https:\/\/talkpal.ai\/sk\/","logo":{"@type":"ImageObject","inLanguage":"sk-SK","@id":"https:\/\/talkpal.ai\/sk\/#\/schema\/logo\/image\/","url":"https:\/\/talkpal.ai\/wp-content\/uploads\/2024\/03\/Talkpal-Logo-Icon.png","contentUrl":"https:\/\/talkpal.ai\/wp-content\/uploads\/2024\/03\/Talkpal-Logo-Icon.png","width":2880,"height":2880,"caption":"Talkpal, Inc."},"image":{"@id":"https:\/\/talkpal.ai\/sk\/#\/schema\/logo\/image\/"},"sameAs":["https:\/\/www.facebook.com\/profile.php?id=100090733639311","https:\/\/x.com\/talkpalai","https:\/\/www.linkedin.com\/company\/talkpal\/","https:\/\/www.youtube.com\/@TalkPal\/","https:\/\/www.tiktok.com\/@talkpal","https:\/\/www.instagram.com\/talkpal_ai\/","https:\/\/www.crunchbase.com\/organization\/talkpal-9cde","https:\/\/www.g2.com\/products\/talkpal-for-business\/","https:\/\/www.trustpilot.com\/review\/talkpal.ai","https:\/\/www.capterra.com\/p\/10006800\/TalkPal\/"],"description":"Talkpal is a language learning web and mobile education app, powered by the latest AI technologies, that provides engaging experiences to its customers in many different languages to help them improve their language skills. Users can chat about unlimited amount of topics with the app and use other modes to practice their language learning.","email":"support@talkpal.ai","legalName":"Talkpal, Inc.","foundingDate":"2023-04-03","duns":"118989042","numberOfEmployees":{"@type":"QuantitativeValue","minValue":"11","maxValue":"50"},"publishingPrinciples":"https:\/\/talkpal.ai\/publishing-principles\/","actionableFeedbackPolicy":"https:\/\/talkpal.ai\/actionable-feedback-policy\/","correctionsPolicy":"https:\/\/talkpal.ai\/corrections-policy\/","ethicsPolicy":"https:\/\/talkpal.ai\/ethics-policy\/","diversityPolicy":"https:\/\/talkpal.ai\/diversity-policy\/","diversityStaffingReport":"https:\/\/talkpal.ai\/diversity-policy\/"}]}},"_links":{"self":[{"href":"https:\/\/talkpal.ai\/sk\/wp-json\/wp\/v2\/pages\/997897","targetHints":{"allow":["GET"]}}],"collection":[{"href":"https:\/\/talkpal.ai\/sk\/wp-json\/wp\/v2\/pages"}],"about":[{"href":"https:\/\/talkpal.ai\/sk\/wp-json\/wp\/v2\/types\/page"}],"author":[{"embeddable":true,"href":"https:\/\/talkpal.ai\/sk\/wp-json\/wp\/v2\/users\/10"}],"replies":[{"embeddable":true,"href":"https:\/\/talkpal.ai\/sk\/wp-json\/wp\/v2\/comments?post=997897"}],"version-history":[{"count":0,"href":"https:\/\/talkpal.ai\/sk\/wp-json\/wp\/v2\/pages\/997897\/revisions"}],"wp:featuredmedia":[{"embeddable":true,"href":"https:\/\/talkpal.ai\/sk\/wp-json\/wp\/v2\/media\/197979"}],"wp:attachment":[{"href":"https:\/\/talkpal.ai\/sk\/wp-json\/wp\/v2\/media?parent=997897"}],"curies":[{"name":"wp","href":"https:\/\/api.w.org\/{rel}","templated":true}]}}