{"id":994621,"date":"2023-12-20T15:42:12","date_gmt":"2023-12-20T15:42:12","guid":{"rendered":"https:\/\/talkpal.ai\/pokyny-na-pridanie-kodu-kuponu-v-sluzbe-stripe-checkout\/"},"modified":"2025-06-19T18:07:47","modified_gmt":"2025-06-19T18:07:47","slug":"pokyny-na-pridanie-kodu-kuponu-v-sluzbe-stripe-checkout","status":"publish","type":"page","link":"https:\/\/talkpal.ai\/sk\/pokyny-na-pridanie-kodu-kuponu-v-sluzbe-stripe-checkout\/","title":{"rendered":"Pokyny na pridanie k\u00f3du kup\u00f3nu v slu\u017ebe Stripe Checkout"},"content":{"rendered":"\n<p>Pridajte k\u00f3d kup\u00f3nu a z\u00edskajte z\u013eavu.<\/p>\n\n<h2 class=\"wp-block-heading\" id=\"h-follow-the-steps\">Postupujte pod\u013ea krokov<\/h2>\n\n<h3 class=\"wp-block-heading\" id=\"h-step-1\">Krok 1:<\/h3>\n\n<p>Vyberte si preferovan\u00fd pl\u00e1n.<\/p>\n\n<figure class=\"wp-block-image\"><img decoding=\"async\" src=\"https:\/\/talkpal.ai\/wp-content\/uploads\/2024\/12\/Choos-plan-screen-768x389.png\" alt=\"\"\/><\/figure>\n\n<h3 class=\"wp-block-heading\" id=\"h-step-2\">Krok 2:<\/h3>\n\n<p>Vyberte mo\u017enos\u0165 platby kartou a stla\u010dte tla\u010didlo \u0160tart.<\/p>\n\n<figure class=\"wp-block-image\"><img decoding=\"async\" src=\"https:\/\/talkpal.ai\/wp-content\/uploads\/2024\/12\/Payment-method-screen-768x389.png\" alt=\"\"\/><\/figure>\n\n<h3 class=\"wp-block-heading\" id=\"h-step-3\">Krok 3:<\/h3>\n\n<p>Budete presmerovan\u00ed na str\u00e1nku pokladnice spolo\u010dnosti Stripe.<\/p>\n\n<h3 class=\"wp-block-heading\" id=\"h-step-4\">Krok 4:<\/h3>\n\n<p>Stla\u010dte tla\u010didlo \u201ePrida\u0165 propaga\u010dn\u00fd k\u00f3d\u201c a zadajte k\u00f3d, napr\u00edklad: <strong>JOIN25<\/strong> a stla\u010dte tla\u010didlo \u201ePou\u017ei\u0165\u201c.<\/p>\n\n<figure class=\"wp-block-image\"><img decoding=\"async\" src=\"https:\/\/talkpal.ai\/wp-content\/uploads\/2024\/05\/Talkpal-Stripe-instructions-1024x593.png\" alt=\"\"\/><\/figure>\n\n<h3 class=\"wp-block-heading\" id=\"h-step-5\">Krok 5:<\/h3>\n\n<p>Vypl\u0148te \u00fadaje o karte a za\u010dnite sk\u00fama\u0165 svoje pr\u00e9miov\u00e9 konto.<\/p>\n\n<p><\/p>\n","protected":false},"excerpt":{"rendered":"<p>Pridajte k\u00f3d kup\u00f3nu a z\u00edskajte z\u013eavu. Postupujte pod\u013ea krokov Krok 1: Vyberte si preferovan\u00fd pl\u00e1n. Krok 2: Vyberte mo\u017enos\u0165 platby kartou a stla\u010dte tla\u010didlo \u0160tart. Krok 3: Budete presmerovan\u00ed na str\u00e1nku pokladnice spolo\u010dnosti Stripe. Krok 4: Stla\u010dte tla\u010didlo \u201ePrida\u0165 propaga\u010dn\u00fd k\u00f3d\u201c a zadajte k\u00f3d, napr\u00edklad: JOIN25 a stla\u010dte tla\u010didlo \u201ePou\u017ei\u0165\u201c. Krok 5: Vypl\u0148te \u00fadaje o [&hellip;]<\/p>\n","protected":false},"author":6,"featured_media":197979,"parent":0,"menu_order":0,"comment_status":"closed","ping_status":"closed","template":"","meta":{"_acf_changed":false,"footnotes":""},"class_list":["post-994621","page","type-page","status-publish","has-post-thumbnail","hentry"],"acf":[],"yoast_head":"<!-- This site is optimized with the Yoast SEO Premium plugin v27.2 (Yoast SEO v27.2) - https:\/\/yoast.com\/product\/yoast-seo-premium-wordpress\/ -->\n<title>Pokyny na pridanie k\u00f3du kup\u00f3nu v slu\u017ebe Stripe Checkout - Talkpal<\/title>\n<meta name=\"description\" content=\"Zistite, ako jednoducho prida\u0165 k\u00f3dy kup\u00f3nov v slu\u017ebe Stripe Checkout. Postupujte pod\u013ea jednoduch\u00fdch krokov na zlep\u0161enie sk\u00fasenost\u00ed z\u00e1kazn\u00edkov pri pokladni.\" \/>\n<meta name=\"robots\" content=\"index, follow, max-snippet:-1, max-image-preview:large, max-video-preview:-1\" \/>\n<link rel=\"canonical\" href=\"https:\/\/talkpal.ai\/sk\/pokyny-na-pridanie-kodu-kuponu-v-sluzbe-stripe-checkout\/\" \/>\n<meta property=\"og:locale\" content=\"sk_SK\" \/>\n<meta property=\"og:type\" content=\"article\" \/>\n<meta property=\"og:title\" content=\"Pokyny na pridanie k\u00f3du kup\u00f3nu v slu\u017ebe Stripe Checkout\" \/>\n<meta property=\"og:description\" content=\"Pridajte k\u00f3d kup\u00f3nu a z\u00edskajte z\u013eavu. Postupujte pod\u013ea krokov Krok 1: Vyberte si preferovan\u00fd pl\u00e1n. Krok 2: Vyberte mo\u017enos\u0165 platby kartou a stla\u010dte\" \/>\n<meta property=\"og:url\" content=\"https:\/\/talkpal.ai\/sk\/pokyny-na-pridanie-kodu-kuponu-v-sluzbe-stripe-checkout\/\" \/>\n<meta property=\"og:site_name\" content=\"Talkpal\" \/>\n<meta property=\"article:publisher\" content=\"https:\/\/www.facebook.com\/profile.php?id=100090733639311\" \/>\n<meta property=\"article:modified_time\" content=\"2025-06-19T18:07:47+00:00\" \/>\n<meta property=\"og:image\" content=\"https:\/\/talkpal.ai\/wp-content\/uploads\/2024\/03\/Talkpal-Logo-Icon.png\" \/>\n\t<meta property=\"og:image:width\" content=\"5000\" \/>\n\t<meta property=\"og:image:height\" content=\"5000\" \/>\n\t<meta property=\"og:image:type\" content=\"image\/png\" \/>\n<meta name=\"twitter:card\" content=\"summary_large_image\" \/>\n<meta name=\"twitter:site\" content=\"@talkpalai\" \/>\n<script type=\"application\/ld+json\" class=\"yoast-schema-graph\">{\"@context\":\"https:\/\/schema.org\",\"@graph\":[{\"@type\":\"WebPage\",\"@id\":\"https:\/\/talkpal.ai\/sk\/pokyny-na-pridanie-kodu-kuponu-v-sluzbe-stripe-checkout\/\",\"url\":\"https:\/\/talkpal.ai\/sk\/pokyny-na-pridanie-kodu-kuponu-v-sluzbe-stripe-checkout\/\",\"name\":\"Pokyny na pridanie k\u00f3du kup\u00f3nu v slu\u017ebe Stripe Checkout - Talkpal\",\"isPartOf\":{\"@id\":\"https:\/\/talkpal.ai\/sk\/#website\"},\"primaryImageOfPage\":{\"@id\":\"https:\/\/talkpal.ai\/sk\/pokyny-na-pridanie-kodu-kuponu-v-sluzbe-stripe-checkout\/#primaryimage\"},\"image\":{\"@id\":\"https:\/\/talkpal.ai\/sk\/pokyny-na-pridanie-kodu-kuponu-v-sluzbe-stripe-checkout\/#primaryimage\"},\"thumbnailUrl\":\"https:\/\/talkpal.ai\/wp-content\/uploads\/2024\/03\/Talkpal-Logo-Icon.png\",\"datePublished\":\"2023-12-20T15:42:12+00:00\",\"dateModified\":\"2025-06-19T18:07:47+00:00\",\"description\":\"Zistite, ako jednoducho prida\u0165 k\u00f3dy kup\u00f3nov v slu\u017ebe Stripe Checkout. Postupujte pod\u013ea jednoduch\u00fdch krokov na zlep\u0161enie sk\u00fasenost\u00ed z\u00e1kazn\u00edkov pri pokladni.\",\"breadcrumb\":{\"@id\":\"https:\/\/talkpal.ai\/sk\/pokyny-na-pridanie-kodu-kuponu-v-sluzbe-stripe-checkout\/#breadcrumb\"},\"inLanguage\":\"sk-SK\",\"potentialAction\":[{\"@type\":\"ReadAction\",\"target\":[\"https:\/\/talkpal.ai\/sk\/pokyny-na-pridanie-kodu-kuponu-v-sluzbe-stripe-checkout\/\"]}]},{\"@type\":\"ImageObject\",\"inLanguage\":\"sk-SK\",\"@id\":\"https:\/\/talkpal.ai\/sk\/pokyny-na-pridanie-kodu-kuponu-v-sluzbe-stripe-checkout\/#primaryimage\",\"url\":\"https:\/\/talkpal.ai\/wp-content\/uploads\/2024\/03\/Talkpal-Logo-Icon.png\",\"contentUrl\":\"https:\/\/talkpal.ai\/wp-content\/uploads\/2024\/03\/Talkpal-Logo-Icon.png\",\"width\":5000,\"height\":5000,\"caption\":\"talkpal logo\"},{\"@type\":\"BreadcrumbList\",\"@id\":\"https:\/\/talkpal.ai\/sk\/pokyny-na-pridanie-kodu-kuponu-v-sluzbe-stripe-checkout\/#breadcrumb\",\"itemListElement\":[{\"@type\":\"ListItem\",\"position\":1,\"name\":\"Homepage\",\"item\":\"https:\/\/talkpal.ai\/sk\/\"},{\"@type\":\"ListItem\",\"position\":2,\"name\":\"Pokyny na pridanie k\u00f3du kup\u00f3nu v slu\u017ebe Stripe Checkout\"}]},{\"@type\":\"WebSite\",\"@id\":\"https:\/\/talkpal.ai\/sk\/#website\",\"url\":\"https:\/\/talkpal.ai\/sk\/\",\"name\":\"Talkpal\",\"description\":\"AI Language Learning\",\"publisher\":{\"@id\":\"https:\/\/talkpal.ai\/sk\/#organization\"},\"alternateName\":\"Talkpal AI\",\"potentialAction\":[{\"@type\":\"SearchAction\",\"target\":{\"@type\":\"EntryPoint\",\"urlTemplate\":\"https:\/\/talkpal.ai\/sk\/?s={search_term_string}\"},\"query-input\":{\"@type\":\"PropertyValueSpecification\",\"valueRequired\":true,\"valueName\":\"search_term_string\"}}],\"inLanguage\":\"sk-SK\"},{\"@type\":\"Organization\",\"@id\":\"https:\/\/talkpal.ai\/sk\/#organization\",\"name\":\"Talkpal, Inc.\",\"alternateName\":\"Talkpal AI\",\"url\":\"https:\/\/talkpal.ai\/sk\/\",\"logo\":{\"@type\":\"ImageObject\",\"inLanguage\":\"sk-SK\",\"@id\":\"https:\/\/talkpal.ai\/sk\/#\/schema\/logo\/image\/\",\"url\":\"https:\/\/talkpal.ai\/wp-content\/uploads\/2024\/03\/Talkpal-Logo-Icon.png\",\"contentUrl\":\"https:\/\/talkpal.ai\/wp-content\/uploads\/2024\/03\/Talkpal-Logo-Icon.png\",\"width\":2880,\"height\":2880,\"caption\":\"Talkpal, Inc.\"},\"image\":{\"@id\":\"https:\/\/talkpal.ai\/sk\/#\/schema\/logo\/image\/\"},\"sameAs\":[\"https:\/\/www.facebook.com\/profile.php?id=100090733639311\",\"https:\/\/x.com\/talkpalai\",\"https:\/\/www.linkedin.com\/company\/talkpal\/\",\"https:\/\/www.youtube.com\/@TalkPal\/\",\"https:\/\/www.tiktok.com\/@talkpal\",\"https:\/\/www.instagram.com\/talkpal_ai\/\",\"https:\/\/www.crunchbase.com\/organization\/talkpal-9cde\",\"https:\/\/www.g2.com\/products\/talkpal-for-business\/\",\"https:\/\/www.trustpilot.com\/review\/talkpal.ai\",\"https:\/\/www.capterra.com\/p\/10006800\/TalkPal\/\"],\"description\":\"Talkpal is a language learning web and mobile education app, powered by the latest AI technologies, that provides engaging experiences to its customers in many different languages to help them improve their language skills. Users can chat about unlimited amount of topics with the app and use other modes to practice their language learning.\",\"email\":\"support@talkpal.ai\",\"legalName\":\"Talkpal, Inc.\",\"foundingDate\":\"2023-04-03\",\"duns\":\"118989042\",\"numberOfEmployees\":{\"@type\":\"QuantitativeValue\",\"minValue\":\"11\",\"maxValue\":\"50\"},\"publishingPrinciples\":\"https:\/\/talkpal.ai\/publishing-principles\/\",\"actionableFeedbackPolicy\":\"https:\/\/talkpal.ai\/actionable-feedback-policy\/\",\"correctionsPolicy\":\"https:\/\/talkpal.ai\/corrections-policy\/\",\"ethicsPolicy\":\"https:\/\/talkpal.ai\/ethics-policy\/\",\"diversityPolicy\":\"https:\/\/talkpal.ai\/diversity-policy\/\",\"diversityStaffingReport\":\"https:\/\/talkpal.ai\/diversity-policy\/\"}]}<\/script>\n<!-- \/ Yoast SEO Premium plugin. -->","yoast_head_json":{"title":"Pokyny na pridanie k\u00f3du kup\u00f3nu v slu\u017ebe Stripe Checkout - Talkpal","description":"Zistite, ako jednoducho prida\u0165 k\u00f3dy kup\u00f3nov v slu\u017ebe Stripe Checkout. Postupujte pod\u013ea jednoduch\u00fdch krokov na zlep\u0161enie sk\u00fasenost\u00ed z\u00e1kazn\u00edkov pri pokladni.","robots":{"index":"index","follow":"follow","max-snippet":"max-snippet:-1","max-image-preview":"max-image-preview:large","max-video-preview":"max-video-preview:-1"},"canonical":"https:\/\/talkpal.ai\/sk\/pokyny-na-pridanie-kodu-kuponu-v-sluzbe-stripe-checkout\/","og_locale":"sk_SK","og_type":"article","og_title":"Pokyny na pridanie k\u00f3du kup\u00f3nu v slu\u017ebe Stripe Checkout","og_description":"Pridajte k\u00f3d kup\u00f3nu a z\u00edskajte z\u013eavu. Postupujte pod\u013ea krokov Krok 1: Vyberte si preferovan\u00fd pl\u00e1n. Krok 2: Vyberte mo\u017enos\u0165 platby kartou a stla\u010dte","og_url":"https:\/\/talkpal.ai\/sk\/pokyny-na-pridanie-kodu-kuponu-v-sluzbe-stripe-checkout\/","og_site_name":"Talkpal","article_publisher":"https:\/\/www.facebook.com\/profile.php?id=100090733639311","article_modified_time":"2025-06-19T18:07:47+00:00","og_image":[{"width":5000,"height":5000,"url":"https:\/\/talkpal.ai\/wp-content\/uploads\/2024\/03\/Talkpal-Logo-Icon.png","type":"image\/png"}],"twitter_card":"summary_large_image","twitter_site":"@talkpalai","schema":{"@context":"https:\/\/schema.org","@graph":[{"@type":"WebPage","@id":"https:\/\/talkpal.ai\/sk\/pokyny-na-pridanie-kodu-kuponu-v-sluzbe-stripe-checkout\/","url":"https:\/\/talkpal.ai\/sk\/pokyny-na-pridanie-kodu-kuponu-v-sluzbe-stripe-checkout\/","name":"Pokyny na pridanie k\u00f3du kup\u00f3nu v slu\u017ebe Stripe Checkout - Talkpal","isPartOf":{"@id":"https:\/\/talkpal.ai\/sk\/#website"},"primaryImageOfPage":{"@id":"https:\/\/talkpal.ai\/sk\/pokyny-na-pridanie-kodu-kuponu-v-sluzbe-stripe-checkout\/#primaryimage"},"image":{"@id":"https:\/\/talkpal.ai\/sk\/pokyny-na-pridanie-kodu-kuponu-v-sluzbe-stripe-checkout\/#primaryimage"},"thumbnailUrl":"https:\/\/talkpal.ai\/wp-content\/uploads\/2024\/03\/Talkpal-Logo-Icon.png","datePublished":"2023-12-20T15:42:12+00:00","dateModified":"2025-06-19T18:07:47+00:00","description":"Zistite, ako jednoducho prida\u0165 k\u00f3dy kup\u00f3nov v slu\u017ebe Stripe Checkout. Postupujte pod\u013ea jednoduch\u00fdch krokov na zlep\u0161enie sk\u00fasenost\u00ed z\u00e1kazn\u00edkov pri pokladni.","breadcrumb":{"@id":"https:\/\/talkpal.ai\/sk\/pokyny-na-pridanie-kodu-kuponu-v-sluzbe-stripe-checkout\/#breadcrumb"},"inLanguage":"sk-SK","potentialAction":[{"@type":"ReadAction","target":["https:\/\/talkpal.ai\/sk\/pokyny-na-pridanie-kodu-kuponu-v-sluzbe-stripe-checkout\/"]}]},{"@type":"ImageObject","inLanguage":"sk-SK","@id":"https:\/\/talkpal.ai\/sk\/pokyny-na-pridanie-kodu-kuponu-v-sluzbe-stripe-checkout\/#primaryimage","url":"https:\/\/talkpal.ai\/wp-content\/uploads\/2024\/03\/Talkpal-Logo-Icon.png","contentUrl":"https:\/\/talkpal.ai\/wp-content\/uploads\/2024\/03\/Talkpal-Logo-Icon.png","width":5000,"height":5000,"caption":"talkpal logo"},{"@type":"BreadcrumbList","@id":"https:\/\/talkpal.ai\/sk\/pokyny-na-pridanie-kodu-kuponu-v-sluzbe-stripe-checkout\/#breadcrumb","itemListElement":[{"@type":"ListItem","position":1,"name":"Homepage","item":"https:\/\/talkpal.ai\/sk\/"},{"@type":"ListItem","position":2,"name":"Pokyny na pridanie k\u00f3du kup\u00f3nu v slu\u017ebe Stripe Checkout"}]},{"@type":"WebSite","@id":"https:\/\/talkpal.ai\/sk\/#website","url":"https:\/\/talkpal.ai\/sk\/","name":"Talkpal","description":"AI Language Learning","publisher":{"@id":"https:\/\/talkpal.ai\/sk\/#organization"},"alternateName":"Talkpal AI","potentialAction":[{"@type":"SearchAction","target":{"@type":"EntryPoint","urlTemplate":"https:\/\/talkpal.ai\/sk\/?s={search_term_string}"},"query-input":{"@type":"PropertyValueSpecification","valueRequired":true,"valueName":"search_term_string"}}],"inLanguage":"sk-SK"},{"@type":"Organization","@id":"https:\/\/talkpal.ai\/sk\/#organization","name":"Talkpal, Inc.","alternateName":"Talkpal AI","url":"https:\/\/talkpal.ai\/sk\/","logo":{"@type":"ImageObject","inLanguage":"sk-SK","@id":"https:\/\/talkpal.ai\/sk\/#\/schema\/logo\/image\/","url":"https:\/\/talkpal.ai\/wp-content\/uploads\/2024\/03\/Talkpal-Logo-Icon.png","contentUrl":"https:\/\/talkpal.ai\/wp-content\/uploads\/2024\/03\/Talkpal-Logo-Icon.png","width":2880,"height":2880,"caption":"Talkpal, Inc."},"image":{"@id":"https:\/\/talkpal.ai\/sk\/#\/schema\/logo\/image\/"},"sameAs":["https:\/\/www.facebook.com\/profile.php?id=100090733639311","https:\/\/x.com\/talkpalai","https:\/\/www.linkedin.com\/company\/talkpal\/","https:\/\/www.youtube.com\/@TalkPal\/","https:\/\/www.tiktok.com\/@talkpal","https:\/\/www.instagram.com\/talkpal_ai\/","https:\/\/www.crunchbase.com\/organization\/talkpal-9cde","https:\/\/www.g2.com\/products\/talkpal-for-business\/","https:\/\/www.trustpilot.com\/review\/talkpal.ai","https:\/\/www.capterra.com\/p\/10006800\/TalkPal\/"],"description":"Talkpal is a language learning web and mobile education app, powered by the latest AI technologies, that provides engaging experiences to its customers in many different languages to help them improve their language skills. Users can chat about unlimited amount of topics with the app and use other modes to practice their language learning.","email":"support@talkpal.ai","legalName":"Talkpal, Inc.","foundingDate":"2023-04-03","duns":"118989042","numberOfEmployees":{"@type":"QuantitativeValue","minValue":"11","maxValue":"50"},"publishingPrinciples":"https:\/\/talkpal.ai\/publishing-principles\/","actionableFeedbackPolicy":"https:\/\/talkpal.ai\/actionable-feedback-policy\/","correctionsPolicy":"https:\/\/talkpal.ai\/corrections-policy\/","ethicsPolicy":"https:\/\/talkpal.ai\/ethics-policy\/","diversityPolicy":"https:\/\/talkpal.ai\/diversity-policy\/","diversityStaffingReport":"https:\/\/talkpal.ai\/diversity-policy\/"}]}},"_links":{"self":[{"href":"https:\/\/talkpal.ai\/sk\/wp-json\/wp\/v2\/pages\/994621","targetHints":{"allow":["GET"]}}],"collection":[{"href":"https:\/\/talkpal.ai\/sk\/wp-json\/wp\/v2\/pages"}],"about":[{"href":"https:\/\/talkpal.ai\/sk\/wp-json\/wp\/v2\/types\/page"}],"author":[{"embeddable":true,"href":"https:\/\/talkpal.ai\/sk\/wp-json\/wp\/v2\/users\/6"}],"replies":[{"embeddable":true,"href":"https:\/\/talkpal.ai\/sk\/wp-json\/wp\/v2\/comments?post=994621"}],"version-history":[{"count":0,"href":"https:\/\/talkpal.ai\/sk\/wp-json\/wp\/v2\/pages\/994621\/revisions"}],"wp:featuredmedia":[{"embeddable":true,"href":"https:\/\/talkpal.ai\/sk\/wp-json\/wp\/v2\/media\/197979"}],"wp:attachment":[{"href":"https:\/\/talkpal.ai\/sk\/wp-json\/wp\/v2\/media?parent=994621"}],"curies":[{"name":"wp","href":"https:\/\/api.w.org\/{rel}","templated":true}]}}