{"id":93082,"date":"2023-12-05T11:40:43","date_gmt":"2023-12-05T11:40:43","guid":{"rendered":"http:\/\/talkpal.ai\/certifikaty-z-nemeckeho-jazyka\/"},"modified":"2026-01-07T15:05:11","modified_gmt":"2026-01-07T15:05:11","slug":"certifikaty-z-nemeckeho-jazyka","status":"publish","type":"page","link":"https:\/\/talkpal.ai\/sk\/certifikaty-z-nemeckeho-jazyka\/","title":{"rendered":"Certifik\u00e1ty z nemeck\u00e9ho jazyka"},"content":{"rendered":"\r\n\r\n\r\n<section class=\"languageChallengeSection\">\r\n    <div class=\"languageInfoWrapper\">\r\n        \r\n        <h1>Certifik\u00e1ty z nemeck\u00e9ho jazyka<\/h1>\r\n        <p>Talkpal je aplik\u00e1cia na v\u00fdu\u010dbu jazykov generovan\u00e1 umelou inteligenciou, ktor\u00e1 m\u00f4\u017ee pou\u017e\u00edvate\u013eom pom\u00f4c\u0165 pripravi\u0165 sa na tieto sk\u00fa\u0161ky z anglick\u00e9ho jazyka. Talkpal sa prim\u00e1rne zameriava na zlep\u0161enie re\u010dov\u00fdch a po\u010d\u00favac\u00edch zru\u010dnost\u00ed a poskytuje realistick\u00e9 interakt\u00edvne konverz\u00e1cie a precvi\u010dovanie v\u00fdslovnosti. Jeho povaha AI umo\u017e\u0148uje personalizovan\u00fa sp\u00e4tn\u00fa v\u00e4zbu, ktor\u00e1 pom\u00e1ha pou\u017e\u00edvate\u013eom pochopi\u0165 ich pokrok a oblasti, ktor\u00e9 je potrebn\u00e9 zlep\u0161i\u0165. Znalos\u0165 nemeck\u00e9ho jazyka sa \u010dasto hodnot\u00ed viacer\u00fdmi sk\u00fa\u0161kami ako TestDaF, Goethe-Zertifikat, DSH, \u00d6SD a telc. Tieto sk\u00fa\u0161ky poskytuj\u00fa hodnotenie schopnost\u00ed nehovorcu v nemeckom jazyku a s\u00fa v\u0161eobecne uzn\u00e1van\u00e9 ako form\u00e1lne osved\u010denia o odbornej sp\u00f4sobilosti. Ka\u017ed\u00fd test m\u00e1 \u0161pecifick\u00e9 vlastnosti, ktor\u00e9 ho odli\u0161uj\u00fa od ostatn\u00fdch z h\u013eadiska \u00farovne jazykov\u00fdch znalost\u00ed, pou\u017eitia aplik\u00e1ci\u00ed a bodovacieho syst\u00e9mu.<\/p>\r\n\r\n                \r\n    <\/div>\r\n\r\n    <figure>\r\n    <img decoding=\"async\" width=\"768\" height=\"768\" src=\"https:\/\/talkpal.ai\/wp-content\/uploads\/2026\/01\/group-with-phone-in-circle-768x768.webp\" class=\"languageImage no-lazy\" alt=\"Default alt text\" fetchpriority=\"high\" sizes=\"(max-width: 768px) 150px, 768px\" srcset=\"https:\/\/talkpal.ai\/wp-content\/uploads\/2026\/01\/group-with-phone-in-circle-768x768.webp 768w, https:\/\/talkpal.ai\/wp-content\/uploads\/2026\/01\/group-with-phone-in-circle-300x300.webp 300w\" \/>\r\n    \r\n\r\n    <\/figure>\r\n\r\n    \r\n<\/section>\n<div class=\"wp-block-group pageContainerStyle\"><div class=\"wp-block-group__inner-container is-layout-constrained wp-block-group-is-layout-constrained\">\n<h2 class=\"wp-block-heading\" id=\"h-german-language-certificates\">Certifik\u00e1ty z nemeck\u00e9ho jazyka<\/h2>\n\n\n\r\n                    <div class=\"methodWraper\">\r\n            <div class=\"methodContent\">\r\n                <img decoding=\"async\" src=\"https:\/\/talkpal.ai\/wp-content\/uploads\/2025\/05\/check_icon.png\" alt=\"Checkmark Icon\">\r\n                <h3>TestDaF:<\/h3>\r\n            <\/div>\r\n            <p>TestDaF (Test Deutsch als Fremdsprache): Ide o \u0161tandardizovan\u00fd test ur\u010den\u00fd pre zahrani\u010dn\u00fdch \u0161tudentov nem\u010diny, ktor\u00ed pl\u00e1nuj\u00fa \u0161tudova\u0165 alebo vykon\u00e1va\u0165 v\u00fdskum v Nemecku. Sk\u00fa\u0161ka testuje znalos\u0165 kandid\u00e1ta vo v\u0161etk\u00fdch \u0161tyroch aspektoch jazykov\u00e9ho vzdel\u00e1vania &#8211; \u010d\u00edtanie, p\u00edsanie, po\u010d\u00favanie a hovorenie.<\/p>\r\n        <\/div>\r\n                    <div class=\"methodWraper\">\r\n            <div class=\"methodContent\">\r\n                <img decoding=\"async\" src=\"https:\/\/talkpal.ai\/wp-content\/uploads\/2025\/05\/check_icon.png\" alt=\"Checkmark Icon\">\r\n                <h3>Goethe-Zertifikat:<\/h3>\r\n            <\/div>\r\n            <p>Goethe-Zertifikat je celosvetovo uzn\u00e1van\u00fd, test Goethe-Zertifikat m\u00e1 nieko\u013eko r\u00f4znych \u00farovn\u00ed, ktor\u00e9 zodpovedaj\u00fa \u00farovni odbornej sp\u00f4sobilosti r\u00f4znych \u0161tudentov. \u010ealej je rozdelen\u00fd do \u0161iestich modulov: A1 (za\u010diato\u010dn\u00edk), A2, B1, B2, C1 a C2 (superior).<\/p>\r\n        <\/div>\r\n                    <div class=\"methodWraper\">\r\n            <div class=\"methodContent\">\r\n                <img decoding=\"async\" src=\"https:\/\/talkpal.ai\/wp-content\/uploads\/2025\/05\/check_icon.png\" alt=\"Checkmark Icon\">\r\n                <h3>DSH:<\/h3>\r\n            <\/div>\r\n            <p>DSH (Deutsche Sprachpr\u00fcfung f\u00fcr den Hochschulzugang): T\u00e1to sk\u00fa\u0161ka je zameran\u00e1 na t\u00fdch, ktor\u00ed chc\u00fa \u0161tudova\u0165 na nemeckej univerzite a potrebuj\u00fa preuk\u00e1za\u0165 svoje jazykov\u00e9 znalosti. DSH sa zvy\u010dajne pon\u00faka prostredn\u00edctvom univerz\u00edt a zn\u00e1mka je zvy\u010dajne dos\u0165 vysok\u00e1.<\/p>\r\n        <\/div>\r\n                    <div class=\"methodWraper\">\r\n            <div class=\"methodContent\">\r\n                <img decoding=\"async\" src=\"https:\/\/talkpal.ai\/wp-content\/uploads\/2025\/05\/check_icon.png\" alt=\"Checkmark Icon\">\r\n                <h3>\u00d6SD:<\/h3>\r\n            <\/div>\r\n            <p>\u00d6SD (\u00d6sterreichisches Sprachdiplom Deutsch): Certifik\u00e1t \u00d6SD poskytuje medzin\u00e1rodne uzn\u00e1van\u00fd doklad o znalosti nemeck\u00e9ho jazyka. S r\u00f4znymi sk\u00fa\u0161kami, ktor\u00e9 uspokoja r\u00f4zne \u00farovne znalost\u00ed, je ob\u013e\u00fabenou vo\u013ebou medzi \u0161tudentmi, ktor\u00ed sa sna\u017eia o \u0161irok\u00e9 pochopenie nemeck\u00e9ho jazyka.<\/p>\r\n        <\/div>\r\n                    <div class=\"methodWraper\">\r\n            <div class=\"methodContent\">\r\n                <img decoding=\"async\" src=\"https:\/\/talkpal.ai\/wp-content\/uploads\/2025\/05\/check_icon.png\" alt=\"Checkmark Icon\">\r\n                <h3>TELC:<\/h3>\r\n            <\/div>\r\n            <p>telc (Eur\u00f3pske jazykov\u00e9 certifik\u00e1ty): Toto je \u010fal\u0161\u00ed medzin\u00e1rodn\u00fd \u0161tandardizovan\u00fd syst\u00e9m sk\u00famania jazykov\u00fdch znalost\u00ed. telc pon\u00faka certifik\u00e1cie pre v\u0161etky \u00farovne, od A1 po C2. D\u00f4raz sa kladie na ka\u017edodenn\u00fd \u017eivot a scen\u00e1re na pracovisku, v\u010faka \u010domu je certifik\u00e1t obzvl\u00e1\u0161\u0165 u\u017eito\u010dn\u00fd pre t\u00fdch, ktor\u00ed h\u013eadaj\u00fa zamestnanie v nemecky hovoriacich krajin\u00e1ch.<\/p>\r\n        <\/div>\r\n    <\/div><\/div>\n","protected":false},"excerpt":{"rendered":"<p>Certifik\u00e1ty z nemeck\u00e9ho jazyka<\/p>\n","protected":false},"author":8,"featured_media":75658,"parent":0,"menu_order":0,"comment_status":"closed","ping_status":"closed","template":"simpleContentPage.php","meta":{"_acf_changed":false,"footnotes":""},"class_list":["post-93082","page","type-page","status-publish","has-post-thumbnail","hentry"],"acf":[],"yoast_head":"<!-- This site is optimized with the Yoast SEO Premium plugin v27.2 (Yoast SEO v27.2) - https:\/\/yoast.com\/product\/yoast-seo-premium-wordpress\/ -->\n<title>Certifik\u00e1ty z nemeck\u00e9ho jazyka - Talkpal<\/title>\n<meta name=\"description\" content=\"Z\u00edskajte uzn\u00e1van\u00e9 certifik\u00e1ty nemeck\u00e9ho jazyka - overte svoje zru\u010dnosti a ur\u00fdchlite svoju kari\u00e9ru!\" \/>\n<meta name=\"robots\" content=\"index, follow, max-snippet:-1, max-image-preview:large, max-video-preview:-1\" \/>\n<link rel=\"canonical\" href=\"https:\/\/talkpal.ai\/sk\/certifikaty-z-nemeckeho-jazyka\/\" \/>\n<meta property=\"og:locale\" content=\"sk_SK\" \/>\n<meta property=\"og:type\" content=\"article\" \/>\n<meta property=\"og:title\" content=\"Certifik\u00e1ty z nemeck\u00e9ho jazyka\" \/>\n<meta property=\"og:description\" content=\"Certifik\u00e1ty z nemeck\u00e9ho jazyka\" \/>\n<meta property=\"og:url\" content=\"https:\/\/talkpal.ai\/sk\/certifikaty-z-nemeckeho-jazyka\/\" \/>\n<meta property=\"og:site_name\" content=\"Talkpal\" \/>\n<meta property=\"article:publisher\" content=\"https:\/\/www.facebook.com\/profile.php?id=100090733639311\" \/>\n<meta property=\"article:modified_time\" content=\"2026-01-07T15:05:11+00:00\" \/>\n<meta property=\"og:image\" content=\"https:\/\/talkpal.ai\/wp-content\/uploads\/2023\/03\/germany.png\" \/>\n\t<meta property=\"og:image:width\" content=\"512\" \/>\n\t<meta property=\"og:image:height\" content=\"512\" \/>\n\t<meta property=\"og:image:type\" content=\"image\/png\" \/>\n<meta name=\"twitter:card\" content=\"summary_large_image\" \/>\n<meta name=\"twitter:site\" content=\"@talkpalai\" \/>\n<script type=\"application\/ld+json\" class=\"yoast-schema-graph\">{\"@context\":\"https:\/\/schema.org\",\"@graph\":[{\"@type\":\"WebPage\",\"@id\":\"https:\/\/talkpal.ai\/sk\/certifikaty-z-nemeckeho-jazyka\/\",\"url\":\"https:\/\/talkpal.ai\/sk\/certifikaty-z-nemeckeho-jazyka\/\",\"name\":\"Certifik\u00e1ty z nemeck\u00e9ho jazyka - Talkpal\",\"isPartOf\":{\"@id\":\"https:\/\/talkpal.ai\/sk\/#website\"},\"primaryImageOfPage\":{\"@id\":\"https:\/\/talkpal.ai\/sk\/certifikaty-z-nemeckeho-jazyka\/#primaryimage\"},\"image\":{\"@id\":\"https:\/\/talkpal.ai\/sk\/certifikaty-z-nemeckeho-jazyka\/#primaryimage\"},\"thumbnailUrl\":\"https:\/\/talkpal.ai\/wp-content\/uploads\/2023\/03\/germany.png\",\"datePublished\":\"2023-12-05T11:40:43+00:00\",\"dateModified\":\"2026-01-07T15:05:11+00:00\",\"description\":\"Z\u00edskajte uzn\u00e1van\u00e9 certifik\u00e1ty nemeck\u00e9ho jazyka - overte svoje zru\u010dnosti a ur\u00fdchlite svoju kari\u00e9ru!\",\"breadcrumb\":{\"@id\":\"https:\/\/talkpal.ai\/sk\/certifikaty-z-nemeckeho-jazyka\/#breadcrumb\"},\"inLanguage\":\"sk-SK\",\"potentialAction\":[{\"@type\":\"ReadAction\",\"target\":[\"https:\/\/talkpal.ai\/sk\/certifikaty-z-nemeckeho-jazyka\/\"]}]},{\"@type\":\"ImageObject\",\"inLanguage\":\"sk-SK\",\"@id\":\"https:\/\/talkpal.ai\/sk\/certifikaty-z-nemeckeho-jazyka\/#primaryimage\",\"url\":\"https:\/\/talkpal.ai\/wp-content\/uploads\/2023\/03\/germany.png\",\"contentUrl\":\"https:\/\/talkpal.ai\/wp-content\/uploads\/2023\/03\/germany.png\",\"width\":512,\"height\":512,\"caption\":\"TalkPal AI learn German\"},{\"@type\":\"BreadcrumbList\",\"@id\":\"https:\/\/talkpal.ai\/sk\/certifikaty-z-nemeckeho-jazyka\/#breadcrumb\",\"itemListElement\":[{\"@type\":\"ListItem\",\"position\":1,\"name\":\"Homepage\",\"item\":\"https:\/\/talkpal.ai\/sk\/\"},{\"@type\":\"ListItem\",\"position\":2,\"name\":\"Certifik\u00e1ty z nemeck\u00e9ho jazyka\"}]},{\"@type\":\"WebSite\",\"@id\":\"https:\/\/talkpal.ai\/sk\/#website\",\"url\":\"https:\/\/talkpal.ai\/sk\/\",\"name\":\"Talkpal\",\"description\":\"AI Language Learning\",\"publisher\":{\"@id\":\"https:\/\/talkpal.ai\/sk\/#organization\"},\"alternateName\":\"Talkpal AI\",\"potentialAction\":[{\"@type\":\"SearchAction\",\"target\":{\"@type\":\"EntryPoint\",\"urlTemplate\":\"https:\/\/talkpal.ai\/sk\/?s={search_term_string}\"},\"query-input\":{\"@type\":\"PropertyValueSpecification\",\"valueRequired\":true,\"valueName\":\"search_term_string\"}}],\"inLanguage\":\"sk-SK\"},{\"@type\":\"Organization\",\"@id\":\"https:\/\/talkpal.ai\/sk\/#organization\",\"name\":\"Talkpal, Inc.\",\"alternateName\":\"Talkpal AI\",\"url\":\"https:\/\/talkpal.ai\/sk\/\",\"logo\":{\"@type\":\"ImageObject\",\"inLanguage\":\"sk-SK\",\"@id\":\"https:\/\/talkpal.ai\/sk\/#\/schema\/logo\/image\/\",\"url\":\"https:\/\/talkpal.ai\/wp-content\/uploads\/2024\/03\/Talkpal-Logo-Icon.png\",\"contentUrl\":\"https:\/\/talkpal.ai\/wp-content\/uploads\/2024\/03\/Talkpal-Logo-Icon.png\",\"width\":2880,\"height\":2880,\"caption\":\"Talkpal, Inc.\"},\"image\":{\"@id\":\"https:\/\/talkpal.ai\/sk\/#\/schema\/logo\/image\/\"},\"sameAs\":[\"https:\/\/www.facebook.com\/profile.php?id=100090733639311\",\"https:\/\/x.com\/talkpalai\",\"https:\/\/www.linkedin.com\/company\/talkpal\/\",\"https:\/\/www.youtube.com\/@TalkPal\/\",\"https:\/\/www.tiktok.com\/@talkpal\",\"https:\/\/www.instagram.com\/talkpal_ai\/\",\"https:\/\/www.crunchbase.com\/organization\/talkpal-9cde\",\"https:\/\/www.g2.com\/products\/talkpal-for-business\/\",\"https:\/\/www.trustpilot.com\/review\/talkpal.ai\",\"https:\/\/www.capterra.com\/p\/10006800\/TalkPal\/\"],\"description\":\"Talkpal is a language learning web and mobile education app, powered by the latest AI technologies, that provides engaging experiences to its customers in many different languages to help them improve their language skills. Users can chat about unlimited amount of topics with the app and use other modes to practice their language learning.\",\"email\":\"support@talkpal.ai\",\"legalName\":\"Talkpal, Inc.\",\"foundingDate\":\"2023-04-03\",\"duns\":\"118989042\",\"numberOfEmployees\":{\"@type\":\"QuantitativeValue\",\"minValue\":\"11\",\"maxValue\":\"50\"},\"publishingPrinciples\":\"https:\/\/talkpal.ai\/publishing-principles\/\",\"actionableFeedbackPolicy\":\"https:\/\/talkpal.ai\/actionable-feedback-policy\/\",\"correctionsPolicy\":\"https:\/\/talkpal.ai\/corrections-policy\/\",\"ethicsPolicy\":\"https:\/\/talkpal.ai\/ethics-policy\/\",\"diversityPolicy\":\"https:\/\/talkpal.ai\/diversity-policy\/\",\"diversityStaffingReport\":\"https:\/\/talkpal.ai\/diversity-policy\/\"}]}<\/script>\n<!-- \/ Yoast SEO Premium plugin. -->","yoast_head_json":{"title":"Certifik\u00e1ty z nemeck\u00e9ho jazyka - Talkpal","description":"Z\u00edskajte uzn\u00e1van\u00e9 certifik\u00e1ty nemeck\u00e9ho jazyka - overte svoje zru\u010dnosti a ur\u00fdchlite svoju kari\u00e9ru!","robots":{"index":"index","follow":"follow","max-snippet":"max-snippet:-1","max-image-preview":"max-image-preview:large","max-video-preview":"max-video-preview:-1"},"canonical":"https:\/\/talkpal.ai\/sk\/certifikaty-z-nemeckeho-jazyka\/","og_locale":"sk_SK","og_type":"article","og_title":"Certifik\u00e1ty z nemeck\u00e9ho jazyka","og_description":"Certifik\u00e1ty z nemeck\u00e9ho jazyka","og_url":"https:\/\/talkpal.ai\/sk\/certifikaty-z-nemeckeho-jazyka\/","og_site_name":"Talkpal","article_publisher":"https:\/\/www.facebook.com\/profile.php?id=100090733639311","article_modified_time":"2026-01-07T15:05:11+00:00","og_image":[{"width":512,"height":512,"url":"https:\/\/talkpal.ai\/wp-content\/uploads\/2023\/03\/germany.png","type":"image\/png"}],"twitter_card":"summary_large_image","twitter_site":"@talkpalai","schema":{"@context":"https:\/\/schema.org","@graph":[{"@type":"WebPage","@id":"https:\/\/talkpal.ai\/sk\/certifikaty-z-nemeckeho-jazyka\/","url":"https:\/\/talkpal.ai\/sk\/certifikaty-z-nemeckeho-jazyka\/","name":"Certifik\u00e1ty z nemeck\u00e9ho jazyka - Talkpal","isPartOf":{"@id":"https:\/\/talkpal.ai\/sk\/#website"},"primaryImageOfPage":{"@id":"https:\/\/talkpal.ai\/sk\/certifikaty-z-nemeckeho-jazyka\/#primaryimage"},"image":{"@id":"https:\/\/talkpal.ai\/sk\/certifikaty-z-nemeckeho-jazyka\/#primaryimage"},"thumbnailUrl":"https:\/\/talkpal.ai\/wp-content\/uploads\/2023\/03\/germany.png","datePublished":"2023-12-05T11:40:43+00:00","dateModified":"2026-01-07T15:05:11+00:00","description":"Z\u00edskajte uzn\u00e1van\u00e9 certifik\u00e1ty nemeck\u00e9ho jazyka - overte svoje zru\u010dnosti a ur\u00fdchlite svoju kari\u00e9ru!","breadcrumb":{"@id":"https:\/\/talkpal.ai\/sk\/certifikaty-z-nemeckeho-jazyka\/#breadcrumb"},"inLanguage":"sk-SK","potentialAction":[{"@type":"ReadAction","target":["https:\/\/talkpal.ai\/sk\/certifikaty-z-nemeckeho-jazyka\/"]}]},{"@type":"ImageObject","inLanguage":"sk-SK","@id":"https:\/\/talkpal.ai\/sk\/certifikaty-z-nemeckeho-jazyka\/#primaryimage","url":"https:\/\/talkpal.ai\/wp-content\/uploads\/2023\/03\/germany.png","contentUrl":"https:\/\/talkpal.ai\/wp-content\/uploads\/2023\/03\/germany.png","width":512,"height":512,"caption":"TalkPal AI learn German"},{"@type":"BreadcrumbList","@id":"https:\/\/talkpal.ai\/sk\/certifikaty-z-nemeckeho-jazyka\/#breadcrumb","itemListElement":[{"@type":"ListItem","position":1,"name":"Homepage","item":"https:\/\/talkpal.ai\/sk\/"},{"@type":"ListItem","position":2,"name":"Certifik\u00e1ty z nemeck\u00e9ho jazyka"}]},{"@type":"WebSite","@id":"https:\/\/talkpal.ai\/sk\/#website","url":"https:\/\/talkpal.ai\/sk\/","name":"Talkpal","description":"AI Language Learning","publisher":{"@id":"https:\/\/talkpal.ai\/sk\/#organization"},"alternateName":"Talkpal AI","potentialAction":[{"@type":"SearchAction","target":{"@type":"EntryPoint","urlTemplate":"https:\/\/talkpal.ai\/sk\/?s={search_term_string}"},"query-input":{"@type":"PropertyValueSpecification","valueRequired":true,"valueName":"search_term_string"}}],"inLanguage":"sk-SK"},{"@type":"Organization","@id":"https:\/\/talkpal.ai\/sk\/#organization","name":"Talkpal, Inc.","alternateName":"Talkpal AI","url":"https:\/\/talkpal.ai\/sk\/","logo":{"@type":"ImageObject","inLanguage":"sk-SK","@id":"https:\/\/talkpal.ai\/sk\/#\/schema\/logo\/image\/","url":"https:\/\/talkpal.ai\/wp-content\/uploads\/2024\/03\/Talkpal-Logo-Icon.png","contentUrl":"https:\/\/talkpal.ai\/wp-content\/uploads\/2024\/03\/Talkpal-Logo-Icon.png","width":2880,"height":2880,"caption":"Talkpal, Inc."},"image":{"@id":"https:\/\/talkpal.ai\/sk\/#\/schema\/logo\/image\/"},"sameAs":["https:\/\/www.facebook.com\/profile.php?id=100090733639311","https:\/\/x.com\/talkpalai","https:\/\/www.linkedin.com\/company\/talkpal\/","https:\/\/www.youtube.com\/@TalkPal\/","https:\/\/www.tiktok.com\/@talkpal","https:\/\/www.instagram.com\/talkpal_ai\/","https:\/\/www.crunchbase.com\/organization\/talkpal-9cde","https:\/\/www.g2.com\/products\/talkpal-for-business\/","https:\/\/www.trustpilot.com\/review\/talkpal.ai","https:\/\/www.capterra.com\/p\/10006800\/TalkPal\/"],"description":"Talkpal is a language learning web and mobile education app, powered by the latest AI technologies, that provides engaging experiences to its customers in many different languages to help them improve their language skills. Users can chat about unlimited amount of topics with the app and use other modes to practice their language learning.","email":"support@talkpal.ai","legalName":"Talkpal, Inc.","foundingDate":"2023-04-03","duns":"118989042","numberOfEmployees":{"@type":"QuantitativeValue","minValue":"11","maxValue":"50"},"publishingPrinciples":"https:\/\/talkpal.ai\/publishing-principles\/","actionableFeedbackPolicy":"https:\/\/talkpal.ai\/actionable-feedback-policy\/","correctionsPolicy":"https:\/\/talkpal.ai\/corrections-policy\/","ethicsPolicy":"https:\/\/talkpal.ai\/ethics-policy\/","diversityPolicy":"https:\/\/talkpal.ai\/diversity-policy\/","diversityStaffingReport":"https:\/\/talkpal.ai\/diversity-policy\/"}]}},"_links":{"self":[{"href":"https:\/\/talkpal.ai\/sk\/wp-json\/wp\/v2\/pages\/93082","targetHints":{"allow":["GET"]}}],"collection":[{"href":"https:\/\/talkpal.ai\/sk\/wp-json\/wp\/v2\/pages"}],"about":[{"href":"https:\/\/talkpal.ai\/sk\/wp-json\/wp\/v2\/types\/page"}],"author":[{"embeddable":true,"href":"https:\/\/talkpal.ai\/sk\/wp-json\/wp\/v2\/users\/8"}],"replies":[{"embeddable":true,"href":"https:\/\/talkpal.ai\/sk\/wp-json\/wp\/v2\/comments?post=93082"}],"version-history":[{"count":0,"href":"https:\/\/talkpal.ai\/sk\/wp-json\/wp\/v2\/pages\/93082\/revisions"}],"wp:featuredmedia":[{"embeddable":true,"href":"https:\/\/talkpal.ai\/sk\/wp-json\/wp\/v2\/media\/75658"}],"wp:attachment":[{"href":"https:\/\/talkpal.ai\/sk\/wp-json\/wp\/v2\/media?parent=93082"}],"curies":[{"name":"wp","href":"https:\/\/api.w.org\/{rel}","templated":true}]}}