{"id":93024,"date":"2023-12-05T11:40:45","date_gmt":"2023-12-05T11:40:45","guid":{"rendered":"http:\/\/talkpal.ai\/francuzske-jazykove-certifikaty\/"},"modified":"2026-01-07T15:07:19","modified_gmt":"2026-01-07T15:07:19","slug":"francuzske-jazykove-certifikaty","status":"publish","type":"page","link":"https:\/\/talkpal.ai\/sk\/francuzske-jazykove-certifikaty\/","title":{"rendered":"Franc\u00fazske jazykov\u00e9 certifik\u00e1ty"},"content":{"rendered":"\r\n\r\n\r\n<section class=\"languageChallengeSection\">\r\n    <div class=\"languageInfoWrapper\">\r\n        \r\n        <h1>Franc\u00fazske jazykov\u00e9 certifik\u00e1ty<\/h1>\r\n        <p>Talkpal je aplik\u00e1cia na v\u00fdu\u010dbu jazykov generovan\u00e1 umelou inteligenciou, ktor\u00e1 m\u00f4\u017ee pou\u017e\u00edvate\u013eom pom\u00f4c\u0165 pripravi\u0165 sa na tieto sk\u00fa\u0161ky z anglick\u00e9ho jazyka. Talkpal sa prim\u00e1rne zameriava na zlep\u0161enie re\u010dov\u00fdch a po\u010d\u00favac\u00edch zru\u010dnost\u00ed a poskytuje realistick\u00e9 interakt\u00edvne konverz\u00e1cie a precvi\u010dovanie v\u00fdslovnosti. Jeho povaha AI umo\u017e\u0148uje personalizovan\u00fa sp\u00e4tn\u00fa v\u00e4zbu, ktor\u00e1 pom\u00e1ha pou\u017e\u00edvate\u013eom pochopi\u0165 ich pokrok a oblasti, ktor\u00e9 je potrebn\u00e9 zlep\u0161i\u0165. Certifik\u00e1ty franc\u00fazskeho jazyka s\u00fa ofici\u00e1lne kvalifik\u00e1cie, ktor\u00e9 preukazuj\u00fa znalos\u0165 franc\u00faz\u0161tiny jednotlivca a s\u00fa uzn\u00e1van\u00e9 po celom svete. Zah\u0155\u0148a vy\u0161etrenia ako DELF \/ DALF, TEF, TCF a TEFAQ. Ka\u017ed\u00fd z t\u00fdchto testov hodnot\u00ed r\u00f4zne \u00farovne jazykov\u00fdch kompetenci\u00ed pre franc\u00fazsky hovoriacich, ktor\u00fdch materinsk\u00fdm jazykom nie je franc\u00faz\u0161tina, a sl\u00fa\u017ei ako uzn\u00e1van\u00fd d\u00f4kaz znalost\u00ed franc\u00fazskeho jazyka pre vzdel\u00e1vacie in\u0161tit\u00facie a zamestn\u00e1vate\u013eov.<\/p>\r\n\r\n                            <a class=\"getStartedHidden\" href=\"https:\/\/app.talkpal.ai\/sk\/signup?lng=\">Za\u010dni<\/a>\r\n        \r\n    <\/div>\r\n\r\n    <figure>\r\n    <img decoding=\"async\" width=\"768\" height=\"768\" src=\"https:\/\/talkpal.ai\/wp-content\/uploads\/2026\/01\/curly-girl-with-phone-light-background-768x768.webp\" class=\"languageImage no-lazy\" alt=\"Default alt text\" fetchpriority=\"high\" sizes=\"(max-width: 768px) 150px, 768px\" srcset=\"https:\/\/talkpal.ai\/wp-content\/uploads\/2026\/01\/curly-girl-with-phone-light-background-768x768.webp 768w, https:\/\/talkpal.ai\/wp-content\/uploads\/2026\/01\/curly-girl-with-phone-light-background-300x300.webp 300w\" \/>\r\n    \r\n\r\n    <\/figure>\r\n\r\n            <a class=\"getStartedVisible\" href=\"https:\/\/app.talkpal.ai\/sk\/signup?lng=\">Za\u010dni<\/a>\r\n    \r\n<\/section>\n<div class=\"wp-block-group pageContainerStyle\"><div class=\"wp-block-group__inner-container is-layout-constrained wp-block-group-is-layout-constrained\">\n<h2 class=\"wp-block-heading\" id=\"h-french-language-certificates\">Franc\u00fazske jazykov\u00e9 certifik\u00e1ty<\/h2>\n\n\n\r\n                    <div class=\"methodWraper\">\r\n            <div class=\"methodContent\">\r\n                <img decoding=\"async\" src=\"https:\/\/talkpal.ai\/wp-content\/uploads\/2025\/05\/check_icon.png\" alt=\"Checkmark Icon\">\r\n                <h3>DELF\/DALF:<\/h3>\r\n            <\/div>\r\n            <p>Ofici\u00e1lna kvalifik\u00e1cia udelen\u00e1 franc\u00fazskym ministerstvom \u0161kolstva, Dipl\u00f4me d&#039;Etudes en Langue Fran\u00e7aise ( DELF) a Dipl\u00f4me Approfondi de Langue Fran\u00e7aise (DALF ), zah\u0155\u0148a \u0161tyri jazykov\u00e9 zru\u010dnosti vr\u00e1tane hovorenia a po\u010d\u00favania.<\/p>\r\n        <\/div>\r\n                    <div class=\"methodWraper\">\r\n            <div class=\"methodContent\">\r\n                <img decoding=\"async\" src=\"https:\/\/talkpal.ai\/wp-content\/uploads\/2025\/05\/check_icon.png\" alt=\"Checkmark Icon\">\r\n                <h3>TEF:<\/h3>\r\n            <\/div>\r\n            <p>Test d&#039;Evaluation de Fran\u00e7ais (TEF) je komplexn\u00fd n\u00e1stroj na hodnotenie jazykov\u00fdch znalost\u00ed, ktor\u00fd sa pou\u017e\u00edva na pos\u00fadenie znalosti franc\u00faz\u0161tiny jednotlivca. Tento test sa zameriava najm\u00e4 na hodnotenie p\u00edsomn\u00fdch a re\u010dov\u00fdch schopnost\u00ed kandid\u00e1tov.<\/p>\r\n        <\/div>\r\n                    <div class=\"methodWraper\">\r\n            <div class=\"methodContent\">\r\n                <img decoding=\"async\" src=\"https:\/\/talkpal.ai\/wp-content\/uploads\/2025\/05\/check_icon.png\" alt=\"Checkmark Icon\">\r\n                <h3>TCF:<\/h3>\r\n            <\/div>\r\n            <p>Test de Connaissance du Fran\u00e7ais (TCF) je tie\u017e ofici\u00e1lny test znalosti franc\u00fazskeho jazyka, ktor\u00fd hodnot\u00ed hlavne schopnosti pou\u017e\u00edvate\u013eov \u010d\u00edta\u0165, p\u00edsa\u0165, hovori\u0165 a po\u010d\u00fava\u0165.<\/p>\r\n        <\/div>\r\n                    <div class=\"methodWraper\">\r\n            <div class=\"methodContent\">\r\n                <img decoding=\"async\" src=\"https:\/\/talkpal.ai\/wp-content\/uploads\/2025\/05\/check_icon.png\" alt=\"Checkmark Icon\">\r\n                <h3>TEFAQ:<\/h3>\r\n            <\/div>\r\n            <p>Test d&#039;Evaluation de Fran\u00e7ais adapt\u00e9 au Qu\u00e9bec (TEFAQ) je \u0161peci\u00e1lne navrhnut\u00fd pre \u013eud\u00ed, ktor\u00ed chc\u00fa migrova\u0165 do Quebecu, preva\u017ene franc\u00fazsky hovoriacej provincie v Kanade. Tento test sa zameriava hlavne na po\u010d\u00favanie a hovorenie.<\/p>\r\n        <\/div>\r\n    <\/div><\/div>\n","protected":false},"excerpt":{"rendered":"<p>Franc\u00fazske jazykov\u00e9 certifik\u00e1ty<\/p>\n","protected":false},"author":8,"featured_media":75844,"parent":0,"menu_order":0,"comment_status":"closed","ping_status":"closed","template":"LearningContentPage.php","meta":{"_acf_changed":false,"footnotes":""},"class_list":["post-93024","page","type-page","status-publish","has-post-thumbnail","hentry"],"acf":[],"yoast_head":"<!-- This site is optimized with the Yoast SEO Premium plugin v27.2 (Yoast SEO v27.2) - https:\/\/yoast.com\/product\/yoast-seo-premium-wordpress\/ -->\n<title>Franc\u00fazske jazykov\u00e9 certifik\u00e1ty - Talkpal<\/title>\n<meta name=\"description\" content=\"Objavte k\u013e\u00fa\u010dov\u00e9 certifik\u00e1ty franc\u00fazskeho jazyka, ako s\u00fa DELF, DALF, TEF a TCF, ktor\u00e9 potvrdzuj\u00fa odbornos\u0165.\" \/>\n<meta name=\"robots\" content=\"index, follow, max-snippet:-1, max-image-preview:large, max-video-preview:-1\" \/>\n<link rel=\"canonical\" href=\"https:\/\/talkpal.ai\/sk\/francuzske-jazykove-certifikaty\/\" \/>\n<meta property=\"og:locale\" content=\"sk_SK\" \/>\n<meta property=\"og:type\" content=\"article\" \/>\n<meta property=\"og:title\" content=\"Franc\u00fazske jazykov\u00e9 certifik\u00e1ty\" \/>\n<meta property=\"og:description\" content=\"Franc\u00fazske jazykov\u00e9 certifik\u00e1ty\" \/>\n<meta property=\"og:url\" content=\"https:\/\/talkpal.ai\/sk\/francuzske-jazykove-certifikaty\/\" \/>\n<meta property=\"og:site_name\" content=\"Talkpal\" \/>\n<meta property=\"article:publisher\" content=\"https:\/\/www.facebook.com\/profile.php?id=100090733639311\" \/>\n<meta property=\"article:modified_time\" content=\"2026-01-07T15:07:19+00:00\" \/>\n<meta property=\"og:image\" content=\"https:\/\/talkpal.ai\/wp-content\/uploads\/2023\/03\/france.png\" \/>\n\t<meta property=\"og:image:width\" content=\"512\" \/>\n\t<meta property=\"og:image:height\" content=\"512\" \/>\n\t<meta property=\"og:image:type\" content=\"image\/png\" \/>\n<meta name=\"twitter:card\" content=\"summary_large_image\" \/>\n<meta name=\"twitter:site\" content=\"@talkpalai\" \/>\n<script type=\"application\/ld+json\" class=\"yoast-schema-graph\">{\"@context\":\"https:\/\/schema.org\",\"@graph\":[{\"@type\":\"WebPage\",\"@id\":\"https:\/\/talkpal.ai\/sk\/francuzske-jazykove-certifikaty\/\",\"url\":\"https:\/\/talkpal.ai\/sk\/francuzske-jazykove-certifikaty\/\",\"name\":\"Franc\u00fazske jazykov\u00e9 certifik\u00e1ty - Talkpal\",\"isPartOf\":{\"@id\":\"https:\/\/talkpal.ai\/sk\/#website\"},\"primaryImageOfPage\":{\"@id\":\"https:\/\/talkpal.ai\/sk\/francuzske-jazykove-certifikaty\/#primaryimage\"},\"image\":{\"@id\":\"https:\/\/talkpal.ai\/sk\/francuzske-jazykove-certifikaty\/#primaryimage\"},\"thumbnailUrl\":\"https:\/\/talkpal.ai\/wp-content\/uploads\/2023\/03\/france.png\",\"datePublished\":\"2023-12-05T11:40:45+00:00\",\"dateModified\":\"2026-01-07T15:07:19+00:00\",\"description\":\"Objavte k\u013e\u00fa\u010dov\u00e9 certifik\u00e1ty franc\u00fazskeho jazyka, ako s\u00fa DELF, DALF, TEF a TCF, ktor\u00e9 potvrdzuj\u00fa odbornos\u0165.\",\"breadcrumb\":{\"@id\":\"https:\/\/talkpal.ai\/sk\/francuzske-jazykove-certifikaty\/#breadcrumb\"},\"inLanguage\":\"sk-SK\",\"potentialAction\":[{\"@type\":\"ReadAction\",\"target\":[\"https:\/\/talkpal.ai\/sk\/francuzske-jazykove-certifikaty\/\"]}]},{\"@type\":\"ImageObject\",\"inLanguage\":\"sk-SK\",\"@id\":\"https:\/\/talkpal.ai\/sk\/francuzske-jazykove-certifikaty\/#primaryimage\",\"url\":\"https:\/\/talkpal.ai\/wp-content\/uploads\/2023\/03\/france.png\",\"contentUrl\":\"https:\/\/talkpal.ai\/wp-content\/uploads\/2023\/03\/france.png\",\"width\":512,\"height\":512,\"caption\":\"TalkPal AI learn French\"},{\"@type\":\"BreadcrumbList\",\"@id\":\"https:\/\/talkpal.ai\/sk\/francuzske-jazykove-certifikaty\/#breadcrumb\",\"itemListElement\":[{\"@type\":\"ListItem\",\"position\":1,\"name\":\"Homepage\",\"item\":\"https:\/\/talkpal.ai\/sk\/\"},{\"@type\":\"ListItem\",\"position\":2,\"name\":\"Franc\u00fazske jazykov\u00e9 certifik\u00e1ty\"}]},{\"@type\":\"WebSite\",\"@id\":\"https:\/\/talkpal.ai\/sk\/#website\",\"url\":\"https:\/\/talkpal.ai\/sk\/\",\"name\":\"Talkpal\",\"description\":\"AI Language Learning\",\"publisher\":{\"@id\":\"https:\/\/talkpal.ai\/sk\/#organization\"},\"alternateName\":\"Talkpal AI\",\"potentialAction\":[{\"@type\":\"SearchAction\",\"target\":{\"@type\":\"EntryPoint\",\"urlTemplate\":\"https:\/\/talkpal.ai\/sk\/?s={search_term_string}\"},\"query-input\":{\"@type\":\"PropertyValueSpecification\",\"valueRequired\":true,\"valueName\":\"search_term_string\"}}],\"inLanguage\":\"sk-SK\"},{\"@type\":\"Organization\",\"@id\":\"https:\/\/talkpal.ai\/sk\/#organization\",\"name\":\"Talkpal, Inc.\",\"alternateName\":\"Talkpal AI\",\"url\":\"https:\/\/talkpal.ai\/sk\/\",\"logo\":{\"@type\":\"ImageObject\",\"inLanguage\":\"sk-SK\",\"@id\":\"https:\/\/talkpal.ai\/sk\/#\/schema\/logo\/image\/\",\"url\":\"https:\/\/talkpal.ai\/wp-content\/uploads\/2024\/03\/Talkpal-Logo-Icon.png\",\"contentUrl\":\"https:\/\/talkpal.ai\/wp-content\/uploads\/2024\/03\/Talkpal-Logo-Icon.png\",\"width\":2880,\"height\":2880,\"caption\":\"Talkpal, Inc.\"},\"image\":{\"@id\":\"https:\/\/talkpal.ai\/sk\/#\/schema\/logo\/image\/\"},\"sameAs\":[\"https:\/\/www.facebook.com\/profile.php?id=100090733639311\",\"https:\/\/x.com\/talkpalai\",\"https:\/\/www.linkedin.com\/company\/talkpal\/\",\"https:\/\/www.youtube.com\/@TalkPal\/\",\"https:\/\/www.tiktok.com\/@talkpal\",\"https:\/\/www.instagram.com\/talkpal_ai\/\",\"https:\/\/www.crunchbase.com\/organization\/talkpal-9cde\",\"https:\/\/www.g2.com\/products\/talkpal-for-business\/\",\"https:\/\/www.trustpilot.com\/review\/talkpal.ai\",\"https:\/\/www.capterra.com\/p\/10006800\/TalkPal\/\"],\"description\":\"Talkpal is a language learning web and mobile education app, powered by the latest AI technologies, that provides engaging experiences to its customers in many different languages to help them improve their language skills. Users can chat about unlimited amount of topics with the app and use other modes to practice their language learning.\",\"email\":\"support@talkpal.ai\",\"legalName\":\"Talkpal, Inc.\",\"foundingDate\":\"2023-04-03\",\"duns\":\"118989042\",\"numberOfEmployees\":{\"@type\":\"QuantitativeValue\",\"minValue\":\"11\",\"maxValue\":\"50\"},\"publishingPrinciples\":\"https:\/\/talkpal.ai\/publishing-principles\/\",\"actionableFeedbackPolicy\":\"https:\/\/talkpal.ai\/actionable-feedback-policy\/\",\"correctionsPolicy\":\"https:\/\/talkpal.ai\/corrections-policy\/\",\"ethicsPolicy\":\"https:\/\/talkpal.ai\/ethics-policy\/\",\"diversityPolicy\":\"https:\/\/talkpal.ai\/diversity-policy\/\",\"diversityStaffingReport\":\"https:\/\/talkpal.ai\/diversity-policy\/\"}]}<\/script>\n<!-- \/ Yoast SEO Premium plugin. -->","yoast_head_json":{"title":"Franc\u00fazske jazykov\u00e9 certifik\u00e1ty - Talkpal","description":"Objavte k\u013e\u00fa\u010dov\u00e9 certifik\u00e1ty franc\u00fazskeho jazyka, ako s\u00fa DELF, DALF, TEF a TCF, ktor\u00e9 potvrdzuj\u00fa odbornos\u0165.","robots":{"index":"index","follow":"follow","max-snippet":"max-snippet:-1","max-image-preview":"max-image-preview:large","max-video-preview":"max-video-preview:-1"},"canonical":"https:\/\/talkpal.ai\/sk\/francuzske-jazykove-certifikaty\/","og_locale":"sk_SK","og_type":"article","og_title":"Franc\u00fazske jazykov\u00e9 certifik\u00e1ty","og_description":"Franc\u00fazske jazykov\u00e9 certifik\u00e1ty","og_url":"https:\/\/talkpal.ai\/sk\/francuzske-jazykove-certifikaty\/","og_site_name":"Talkpal","article_publisher":"https:\/\/www.facebook.com\/profile.php?id=100090733639311","article_modified_time":"2026-01-07T15:07:19+00:00","og_image":[{"width":512,"height":512,"url":"https:\/\/talkpal.ai\/wp-content\/uploads\/2023\/03\/france.png","type":"image\/png"}],"twitter_card":"summary_large_image","twitter_site":"@talkpalai","schema":{"@context":"https:\/\/schema.org","@graph":[{"@type":"WebPage","@id":"https:\/\/talkpal.ai\/sk\/francuzske-jazykove-certifikaty\/","url":"https:\/\/talkpal.ai\/sk\/francuzske-jazykove-certifikaty\/","name":"Franc\u00fazske jazykov\u00e9 certifik\u00e1ty - Talkpal","isPartOf":{"@id":"https:\/\/talkpal.ai\/sk\/#website"},"primaryImageOfPage":{"@id":"https:\/\/talkpal.ai\/sk\/francuzske-jazykove-certifikaty\/#primaryimage"},"image":{"@id":"https:\/\/talkpal.ai\/sk\/francuzske-jazykove-certifikaty\/#primaryimage"},"thumbnailUrl":"https:\/\/talkpal.ai\/wp-content\/uploads\/2023\/03\/france.png","datePublished":"2023-12-05T11:40:45+00:00","dateModified":"2026-01-07T15:07:19+00:00","description":"Objavte k\u013e\u00fa\u010dov\u00e9 certifik\u00e1ty franc\u00fazskeho jazyka, ako s\u00fa DELF, DALF, TEF a TCF, ktor\u00e9 potvrdzuj\u00fa odbornos\u0165.","breadcrumb":{"@id":"https:\/\/talkpal.ai\/sk\/francuzske-jazykove-certifikaty\/#breadcrumb"},"inLanguage":"sk-SK","potentialAction":[{"@type":"ReadAction","target":["https:\/\/talkpal.ai\/sk\/francuzske-jazykove-certifikaty\/"]}]},{"@type":"ImageObject","inLanguage":"sk-SK","@id":"https:\/\/talkpal.ai\/sk\/francuzske-jazykove-certifikaty\/#primaryimage","url":"https:\/\/talkpal.ai\/wp-content\/uploads\/2023\/03\/france.png","contentUrl":"https:\/\/talkpal.ai\/wp-content\/uploads\/2023\/03\/france.png","width":512,"height":512,"caption":"TalkPal AI learn French"},{"@type":"BreadcrumbList","@id":"https:\/\/talkpal.ai\/sk\/francuzske-jazykove-certifikaty\/#breadcrumb","itemListElement":[{"@type":"ListItem","position":1,"name":"Homepage","item":"https:\/\/talkpal.ai\/sk\/"},{"@type":"ListItem","position":2,"name":"Franc\u00fazske jazykov\u00e9 certifik\u00e1ty"}]},{"@type":"WebSite","@id":"https:\/\/talkpal.ai\/sk\/#website","url":"https:\/\/talkpal.ai\/sk\/","name":"Talkpal","description":"AI Language Learning","publisher":{"@id":"https:\/\/talkpal.ai\/sk\/#organization"},"alternateName":"Talkpal AI","potentialAction":[{"@type":"SearchAction","target":{"@type":"EntryPoint","urlTemplate":"https:\/\/talkpal.ai\/sk\/?s={search_term_string}"},"query-input":{"@type":"PropertyValueSpecification","valueRequired":true,"valueName":"search_term_string"}}],"inLanguage":"sk-SK"},{"@type":"Organization","@id":"https:\/\/talkpal.ai\/sk\/#organization","name":"Talkpal, Inc.","alternateName":"Talkpal AI","url":"https:\/\/talkpal.ai\/sk\/","logo":{"@type":"ImageObject","inLanguage":"sk-SK","@id":"https:\/\/talkpal.ai\/sk\/#\/schema\/logo\/image\/","url":"https:\/\/talkpal.ai\/wp-content\/uploads\/2024\/03\/Talkpal-Logo-Icon.png","contentUrl":"https:\/\/talkpal.ai\/wp-content\/uploads\/2024\/03\/Talkpal-Logo-Icon.png","width":2880,"height":2880,"caption":"Talkpal, Inc."},"image":{"@id":"https:\/\/talkpal.ai\/sk\/#\/schema\/logo\/image\/"},"sameAs":["https:\/\/www.facebook.com\/profile.php?id=100090733639311","https:\/\/x.com\/talkpalai","https:\/\/www.linkedin.com\/company\/talkpal\/","https:\/\/www.youtube.com\/@TalkPal\/","https:\/\/www.tiktok.com\/@talkpal","https:\/\/www.instagram.com\/talkpal_ai\/","https:\/\/www.crunchbase.com\/organization\/talkpal-9cde","https:\/\/www.g2.com\/products\/talkpal-for-business\/","https:\/\/www.trustpilot.com\/review\/talkpal.ai","https:\/\/www.capterra.com\/p\/10006800\/TalkPal\/"],"description":"Talkpal is a language learning web and mobile education app, powered by the latest AI technologies, that provides engaging experiences to its customers in many different languages to help them improve their language skills. Users can chat about unlimited amount of topics with the app and use other modes to practice their language learning.","email":"support@talkpal.ai","legalName":"Talkpal, Inc.","foundingDate":"2023-04-03","duns":"118989042","numberOfEmployees":{"@type":"QuantitativeValue","minValue":"11","maxValue":"50"},"publishingPrinciples":"https:\/\/talkpal.ai\/publishing-principles\/","actionableFeedbackPolicy":"https:\/\/talkpal.ai\/actionable-feedback-policy\/","correctionsPolicy":"https:\/\/talkpal.ai\/corrections-policy\/","ethicsPolicy":"https:\/\/talkpal.ai\/ethics-policy\/","diversityPolicy":"https:\/\/talkpal.ai\/diversity-policy\/","diversityStaffingReport":"https:\/\/talkpal.ai\/diversity-policy\/"}]}},"_links":{"self":[{"href":"https:\/\/talkpal.ai\/sk\/wp-json\/wp\/v2\/pages\/93024","targetHints":{"allow":["GET"]}}],"collection":[{"href":"https:\/\/talkpal.ai\/sk\/wp-json\/wp\/v2\/pages"}],"about":[{"href":"https:\/\/talkpal.ai\/sk\/wp-json\/wp\/v2\/types\/page"}],"author":[{"embeddable":true,"href":"https:\/\/talkpal.ai\/sk\/wp-json\/wp\/v2\/users\/8"}],"replies":[{"embeddable":true,"href":"https:\/\/talkpal.ai\/sk\/wp-json\/wp\/v2\/comments?post=93024"}],"version-history":[{"count":0,"href":"https:\/\/talkpal.ai\/sk\/wp-json\/wp\/v2\/pages\/93024\/revisions"}],"wp:featuredmedia":[{"embeddable":true,"href":"https:\/\/talkpal.ai\/sk\/wp-json\/wp\/v2\/media\/75844"}],"wp:attachment":[{"href":"https:\/\/talkpal.ai\/sk\/wp-json\/wp\/v2\/media?parent=93024"}],"curies":[{"name":"wp","href":"https:\/\/api.w.org\/{rel}","templated":true}]}}