{"id":92207,"date":"2023-12-06T14:21:16","date_gmt":"2023-12-06T14:21:16","guid":{"rendered":"http:\/\/talkpal.ai\/jazykove-certifikaty\/"},"modified":"2026-01-07T14:18:56","modified_gmt":"2026-01-07T14:18:56","slug":"jazykove-certifikaty","status":"publish","type":"page","link":"https:\/\/talkpal.ai\/sk\/jazykove-certifikaty\/","title":{"rendered":"Jazykov\u00e9 certifik\u00e1ty"},"content":{"rendered":"\r\n\r\n\r\n<section class=\"languageChallengeSection\">\r\n    <div class=\"languageInfoWrapper\">\r\n        \r\n        <h1>Jazykov\u00e9 certifik\u00e1ty<\/h1>\r\n        <p><a href=\"https:\/\/talkpal.ai\/language-certificates\/\">Jazykov\u00e9 certifik\u00e1ty<\/a>, ktor\u00e9 s\u00fa uzn\u00e1van\u00e9 po celom svete, v\u00fdrazne podporuj\u00fa osobn\u00fa, profesion\u00e1lnu a akademick\u00fa cestu. P\u00f4sobia ako prominentn\u00fd d\u00f4kaz schopnost\u00ed, otv\u00e1raj\u00fa dvere zamestnaniu, vzdelaniu a kult\u00farnemu porozumeniu.\n\nNa konkuren\u010dn\u00fdch trhoch pr\u00e1ce m\u00f4\u017eu certifik\u00e1ty ako TOEFL (angli\u010dtina), DSH (nem\u010dina), DELF (franc\u00faz\u0161tina) alebo DELE (\u0161paniel\u010dina) poskytn\u00fa\u0165 v\u00fdrazn\u00fa v\u00fdhodu. Tieto certifik\u00e1cie sved\u010dia o jazykov\u00fdch schopnostiach a oslovuj\u00fa zamestn\u00e1vate\u013eov v r\u00f4znych odvetviach, ako je obchod, zdravotn\u00edctvo a cestovn\u00fd ruch. Presk\u00famajte a objavte r\u00f4zne jazykov\u00e9 certifik\u00e1cie a zistite, ako v\u00e1m Talkpal m\u00f4\u017ee pom\u00f4c\u0165 pripravi\u0165 sa na ne.<\/p>\r\n\r\n                            <a class=\"getStartedHidden\" href=\"https:\/\/app.talkpal.ai\/sk\/signup?lng=\">Za\u010dni<\/a>\r\n        \r\n    <\/div>\r\n\r\n    <figure>\r\n    <img decoding=\"async\" width=\"768\" height=\"768\" src=\"https:\/\/talkpal.ai\/wp-content\/uploads\/2026\/01\/curly-girl-with-phone-yellow-background-768x768.webp\" class=\"languageImage no-lazy\" alt=\"Default alt text\" fetchpriority=\"high\" sizes=\"(max-width: 768px) 150px, 768px\" srcset=\"https:\/\/talkpal.ai\/wp-content\/uploads\/2026\/01\/curly-girl-with-phone-yellow-background-768x768.webp 768w, https:\/\/talkpal.ai\/wp-content\/uploads\/2026\/01\/curly-girl-with-phone-yellow-background-300x300.webp 300w\" \/>\r\n    \r\n\r\n    <\/figure>\r\n\r\n            <a class=\"getStartedVisible\" href=\"https:\/\/app.talkpal.ai\/sk\/signup?lng=\">Za\u010dni<\/a>\r\n    \r\n<\/section>\n<div class=\"wp-block-group pageContainerStyle\"><div class=\"wp-block-group__inner-container is-layout-constrained wp-block-group-is-layout-constrained\">\n<h2 class=\"wp-block-heading\" id=\"h-language-certificates\">Jazykov\u00e9 certifik\u00e1ty<\/h2>\n\n\n\r\n                    <div class=\"methodWraper\">\r\n            <div class=\"methodContent\">\r\n                <img decoding=\"async\" src=\"https:\/\/talkpal.ai\/wp-content\/uploads\/2025\/05\/check_icon.png\" alt=\"Checkmark Icon\">\r\n                <h3>Angli\u010dtina:<\/h3>\r\n            <\/div>\r\n            <p>&#8211; IELTS (Medzin\u00e1rodn\u00fd syst\u00e9m testovania anglick\u00e9ho jazyka)\n&#8211; TOEFL (test z angli\u010dtiny ako cudzieho jazyka)\n&#8211; Sk\u00fa\u0161ky Cambridge English\n&#8211; PTE (Pearson Test of English) Academic\n&#8211; OET (test odbornej angli\u010dtiny)\n&#8211; CELPIP (Canadian English Language Proficiency Index Program)<\/p>\r\n        <\/div>\r\n                    <div class=\"methodWraper\">\r\n            <div class=\"methodContent\">\r\n                <img decoding=\"async\" src=\"https:\/\/talkpal.ai\/wp-content\/uploads\/2025\/05\/check_icon.png\" alt=\"Checkmark Icon\">\r\n                <h3>\u0160paniel\u010dina:<\/h3>\r\n            <\/div>\r\n            <p>&#8211; DELE (Diplomas de Espa\u00f1ol como Lengua Extranjera)\n&#8211; SIELE (Servicio Internacional de Evaluaci\u00f3n de la Lengua Espa\u00f1ola)\n&#8211; CELU (Certificado de Espa\u00f1ol: Lengua y Uso)<\/p>\r\n        <\/div>\r\n                    <div class=\"methodWraper\">\r\n            <div class=\"methodContent\">\r\n                <img decoding=\"async\" src=\"https:\/\/talkpal.ai\/wp-content\/uploads\/2025\/05\/check_icon.png\" alt=\"Checkmark Icon\">\r\n                <h3>Nem\u010dina:<\/h3>\r\n            <\/div>\r\n            <p>&#8211; TestDaF (Test Deutsch als Fremdsprache) Goethe-Zertifikat\n&#8211; DSH (Deutsche Sprachpr\u00fcfung f\u00fcr den Hochschulzugang)\n&#8211; \u00d6SD (\u00d6sterreichisches Sprachdiplom Deutsch)\n&#8211; telc (Eur\u00f3pske jazykov\u00e9 certifik\u00e1ty)<\/p>\r\n        <\/div>\r\n                    <div class=\"methodWraper\">\r\n            <div class=\"methodContent\">\r\n                <img decoding=\"async\" src=\"https:\/\/talkpal.ai\/wp-content\/uploads\/2025\/05\/check_icon.png\" alt=\"Checkmark Icon\">\r\n                <h3>Franc\u00faz\u0161tina:<\/h3>\r\n            <\/div>\r\n            <p>&#8211; DELF\/DALF (Dipl\u00f4me d&#039;Etudes en Langue Fran\u00e7aise)\n&#8211; TEF (Test d&#039;Evaluation de Fran\u00e7ais)\n&#8211; TCF (Test de Connaissance du Fran\u00e7ais)\n&#8211; TEFAQ (Test d&#039;Evaluation de Fran\u00e7ais adapt\u00e9 au Qu\u00e9bec)<\/p>\r\n        <\/div>\r\n    <\/div><\/div>\n","protected":false},"excerpt":{"rendered":"<p>Jazykov\u00e9 certifik\u00e1ty<\/p>\n","protected":false},"author":8,"featured_media":197979,"parent":0,"menu_order":0,"comment_status":"closed","ping_status":"closed","template":"LearningContentPage.php","meta":{"_acf_changed":false,"footnotes":""},"class_list":["post-92207","page","type-page","status-publish","has-post-thumbnail","hentry"],"acf":[],"yoast_head":"<!-- This site is optimized with the Yoast SEO Premium plugin v27.2 (Yoast SEO v27.2) - https:\/\/yoast.com\/product\/yoast-seo-premium-wordpress\/ -->\n<title>Jazykov\u00e9 certifik\u00e1ty - Talkpal<\/title>\n<meta name=\"description\" content=\"Posu\u0148te svoju kari\u00e9ru s uzn\u00e1van\u00fdmi jazykov\u00fdmi certifik\u00e1tmi \u2013 overte si zru\u010dnosti, zv\u00fd\u0161te d\u00f4veryhodnos\u0165 a odomknite glob\u00e1lne pr\u00edle\u017eitosti\" \/>\n<meta name=\"robots\" content=\"index, follow, max-snippet:-1, max-image-preview:large, max-video-preview:-1\" \/>\n<link rel=\"canonical\" href=\"https:\/\/talkpal.ai\/sk\/jazykove-certifikaty\/\" \/>\n<meta property=\"og:locale\" content=\"sk_SK\" \/>\n<meta property=\"og:type\" content=\"article\" \/>\n<meta property=\"og:title\" content=\"Jazykov\u00e9 certifik\u00e1ty\" \/>\n<meta property=\"og:description\" content=\"Jazykov\u00e9 certifik\u00e1ty\" \/>\n<meta property=\"og:url\" content=\"https:\/\/talkpal.ai\/sk\/jazykove-certifikaty\/\" \/>\n<meta property=\"og:site_name\" content=\"Talkpal\" \/>\n<meta property=\"article:publisher\" content=\"https:\/\/www.facebook.com\/profile.php?id=100090733639311\" \/>\n<meta property=\"article:modified_time\" content=\"2026-01-07T14:18:56+00:00\" \/>\n<meta property=\"og:image\" content=\"https:\/\/talkpal.ai\/wp-content\/uploads\/2024\/03\/Talkpal-Logo-Icon.png\" \/>\n\t<meta property=\"og:image:width\" content=\"5000\" \/>\n\t<meta property=\"og:image:height\" content=\"5000\" \/>\n\t<meta property=\"og:image:type\" content=\"image\/png\" \/>\n<meta name=\"twitter:card\" content=\"summary_large_image\" \/>\n<meta name=\"twitter:site\" content=\"@talkpalai\" \/>\n<script type=\"application\/ld+json\" class=\"yoast-schema-graph\">{\"@context\":\"https:\/\/schema.org\",\"@graph\":[{\"@type\":\"WebPage\",\"@id\":\"https:\/\/talkpal.ai\/sk\/jazykove-certifikaty\/\",\"url\":\"https:\/\/talkpal.ai\/sk\/jazykove-certifikaty\/\",\"name\":\"Jazykov\u00e9 certifik\u00e1ty - Talkpal\",\"isPartOf\":{\"@id\":\"https:\/\/talkpal.ai\/sk\/#website\"},\"primaryImageOfPage\":{\"@id\":\"https:\/\/talkpal.ai\/sk\/jazykove-certifikaty\/#primaryimage\"},\"image\":{\"@id\":\"https:\/\/talkpal.ai\/sk\/jazykove-certifikaty\/#primaryimage\"},\"thumbnailUrl\":\"https:\/\/talkpal.ai\/wp-content\/uploads\/2024\/03\/Talkpal-Logo-Icon.png\",\"datePublished\":\"2023-12-06T14:21:16+00:00\",\"dateModified\":\"2026-01-07T14:18:56+00:00\",\"description\":\"Posu\u0148te svoju kari\u00e9ru s uzn\u00e1van\u00fdmi jazykov\u00fdmi certifik\u00e1tmi \u2013 overte si zru\u010dnosti, zv\u00fd\u0161te d\u00f4veryhodnos\u0165 a odomknite glob\u00e1lne pr\u00edle\u017eitosti\",\"breadcrumb\":{\"@id\":\"https:\/\/talkpal.ai\/sk\/jazykove-certifikaty\/#breadcrumb\"},\"inLanguage\":\"sk-SK\",\"potentialAction\":[{\"@type\":\"ReadAction\",\"target\":[\"https:\/\/talkpal.ai\/sk\/jazykove-certifikaty\/\"]}]},{\"@type\":\"ImageObject\",\"inLanguage\":\"sk-SK\",\"@id\":\"https:\/\/talkpal.ai\/sk\/jazykove-certifikaty\/#primaryimage\",\"url\":\"https:\/\/talkpal.ai\/wp-content\/uploads\/2024\/03\/Talkpal-Logo-Icon.png\",\"contentUrl\":\"https:\/\/talkpal.ai\/wp-content\/uploads\/2024\/03\/Talkpal-Logo-Icon.png\",\"width\":5000,\"height\":5000,\"caption\":\"talkpal logo\"},{\"@type\":\"BreadcrumbList\",\"@id\":\"https:\/\/talkpal.ai\/sk\/jazykove-certifikaty\/#breadcrumb\",\"itemListElement\":[{\"@type\":\"ListItem\",\"position\":1,\"name\":\"Homepage\",\"item\":\"https:\/\/talkpal.ai\/sk\/\"},{\"@type\":\"ListItem\",\"position\":2,\"name\":\"Jazykov\u00e9 certifik\u00e1ty\"}]},{\"@type\":\"WebSite\",\"@id\":\"https:\/\/talkpal.ai\/sk\/#website\",\"url\":\"https:\/\/talkpal.ai\/sk\/\",\"name\":\"Talkpal\",\"description\":\"AI Language Learning\",\"publisher\":{\"@id\":\"https:\/\/talkpal.ai\/sk\/#organization\"},\"alternateName\":\"Talkpal AI\",\"potentialAction\":[{\"@type\":\"SearchAction\",\"target\":{\"@type\":\"EntryPoint\",\"urlTemplate\":\"https:\/\/talkpal.ai\/sk\/?s={search_term_string}\"},\"query-input\":{\"@type\":\"PropertyValueSpecification\",\"valueRequired\":true,\"valueName\":\"search_term_string\"}}],\"inLanguage\":\"sk-SK\"},{\"@type\":\"Organization\",\"@id\":\"https:\/\/talkpal.ai\/sk\/#organization\",\"name\":\"Talkpal, Inc.\",\"alternateName\":\"Talkpal AI\",\"url\":\"https:\/\/talkpal.ai\/sk\/\",\"logo\":{\"@type\":\"ImageObject\",\"inLanguage\":\"sk-SK\",\"@id\":\"https:\/\/talkpal.ai\/sk\/#\/schema\/logo\/image\/\",\"url\":\"https:\/\/talkpal.ai\/wp-content\/uploads\/2024\/03\/Talkpal-Logo-Icon.png\",\"contentUrl\":\"https:\/\/talkpal.ai\/wp-content\/uploads\/2024\/03\/Talkpal-Logo-Icon.png\",\"width\":2880,\"height\":2880,\"caption\":\"Talkpal, Inc.\"},\"image\":{\"@id\":\"https:\/\/talkpal.ai\/sk\/#\/schema\/logo\/image\/\"},\"sameAs\":[\"https:\/\/www.facebook.com\/profile.php?id=100090733639311\",\"https:\/\/x.com\/talkpalai\",\"https:\/\/www.linkedin.com\/company\/talkpal\/\",\"https:\/\/www.youtube.com\/@TalkPal\/\",\"https:\/\/www.tiktok.com\/@talkpal\",\"https:\/\/www.instagram.com\/talkpal_ai\/\",\"https:\/\/www.crunchbase.com\/organization\/talkpal-9cde\",\"https:\/\/www.g2.com\/products\/talkpal-for-business\/\",\"https:\/\/www.trustpilot.com\/review\/talkpal.ai\",\"https:\/\/www.capterra.com\/p\/10006800\/TalkPal\/\"],\"description\":\"Talkpal is a language learning web and mobile education app, powered by the latest AI technologies, that provides engaging experiences to its customers in many different languages to help them improve their language skills. Users can chat about unlimited amount of topics with the app and use other modes to practice their language learning.\",\"email\":\"support@talkpal.ai\",\"legalName\":\"Talkpal, Inc.\",\"foundingDate\":\"2023-04-03\",\"duns\":\"118989042\",\"numberOfEmployees\":{\"@type\":\"QuantitativeValue\",\"minValue\":\"11\",\"maxValue\":\"50\"},\"publishingPrinciples\":\"https:\/\/talkpal.ai\/publishing-principles\/\",\"actionableFeedbackPolicy\":\"https:\/\/talkpal.ai\/actionable-feedback-policy\/\",\"correctionsPolicy\":\"https:\/\/talkpal.ai\/corrections-policy\/\",\"ethicsPolicy\":\"https:\/\/talkpal.ai\/ethics-policy\/\",\"diversityPolicy\":\"https:\/\/talkpal.ai\/diversity-policy\/\",\"diversityStaffingReport\":\"https:\/\/talkpal.ai\/diversity-policy\/\"}]}<\/script>\n<!-- \/ Yoast SEO Premium plugin. -->","yoast_head_json":{"title":"Jazykov\u00e9 certifik\u00e1ty - Talkpal","description":"Posu\u0148te svoju kari\u00e9ru s uzn\u00e1van\u00fdmi jazykov\u00fdmi certifik\u00e1tmi \u2013 overte si zru\u010dnosti, zv\u00fd\u0161te d\u00f4veryhodnos\u0165 a odomknite glob\u00e1lne pr\u00edle\u017eitosti","robots":{"index":"index","follow":"follow","max-snippet":"max-snippet:-1","max-image-preview":"max-image-preview:large","max-video-preview":"max-video-preview:-1"},"canonical":"https:\/\/talkpal.ai\/sk\/jazykove-certifikaty\/","og_locale":"sk_SK","og_type":"article","og_title":"Jazykov\u00e9 certifik\u00e1ty","og_description":"Jazykov\u00e9 certifik\u00e1ty","og_url":"https:\/\/talkpal.ai\/sk\/jazykove-certifikaty\/","og_site_name":"Talkpal","article_publisher":"https:\/\/www.facebook.com\/profile.php?id=100090733639311","article_modified_time":"2026-01-07T14:18:56+00:00","og_image":[{"width":5000,"height":5000,"url":"https:\/\/talkpal.ai\/wp-content\/uploads\/2024\/03\/Talkpal-Logo-Icon.png","type":"image\/png"}],"twitter_card":"summary_large_image","twitter_site":"@talkpalai","schema":{"@context":"https:\/\/schema.org","@graph":[{"@type":"WebPage","@id":"https:\/\/talkpal.ai\/sk\/jazykove-certifikaty\/","url":"https:\/\/talkpal.ai\/sk\/jazykove-certifikaty\/","name":"Jazykov\u00e9 certifik\u00e1ty - Talkpal","isPartOf":{"@id":"https:\/\/talkpal.ai\/sk\/#website"},"primaryImageOfPage":{"@id":"https:\/\/talkpal.ai\/sk\/jazykove-certifikaty\/#primaryimage"},"image":{"@id":"https:\/\/talkpal.ai\/sk\/jazykove-certifikaty\/#primaryimage"},"thumbnailUrl":"https:\/\/talkpal.ai\/wp-content\/uploads\/2024\/03\/Talkpal-Logo-Icon.png","datePublished":"2023-12-06T14:21:16+00:00","dateModified":"2026-01-07T14:18:56+00:00","description":"Posu\u0148te svoju kari\u00e9ru s uzn\u00e1van\u00fdmi jazykov\u00fdmi certifik\u00e1tmi \u2013 overte si zru\u010dnosti, zv\u00fd\u0161te d\u00f4veryhodnos\u0165 a odomknite glob\u00e1lne pr\u00edle\u017eitosti","breadcrumb":{"@id":"https:\/\/talkpal.ai\/sk\/jazykove-certifikaty\/#breadcrumb"},"inLanguage":"sk-SK","potentialAction":[{"@type":"ReadAction","target":["https:\/\/talkpal.ai\/sk\/jazykove-certifikaty\/"]}]},{"@type":"ImageObject","inLanguage":"sk-SK","@id":"https:\/\/talkpal.ai\/sk\/jazykove-certifikaty\/#primaryimage","url":"https:\/\/talkpal.ai\/wp-content\/uploads\/2024\/03\/Talkpal-Logo-Icon.png","contentUrl":"https:\/\/talkpal.ai\/wp-content\/uploads\/2024\/03\/Talkpal-Logo-Icon.png","width":5000,"height":5000,"caption":"talkpal logo"},{"@type":"BreadcrumbList","@id":"https:\/\/talkpal.ai\/sk\/jazykove-certifikaty\/#breadcrumb","itemListElement":[{"@type":"ListItem","position":1,"name":"Homepage","item":"https:\/\/talkpal.ai\/sk\/"},{"@type":"ListItem","position":2,"name":"Jazykov\u00e9 certifik\u00e1ty"}]},{"@type":"WebSite","@id":"https:\/\/talkpal.ai\/sk\/#website","url":"https:\/\/talkpal.ai\/sk\/","name":"Talkpal","description":"AI Language Learning","publisher":{"@id":"https:\/\/talkpal.ai\/sk\/#organization"},"alternateName":"Talkpal AI","potentialAction":[{"@type":"SearchAction","target":{"@type":"EntryPoint","urlTemplate":"https:\/\/talkpal.ai\/sk\/?s={search_term_string}"},"query-input":{"@type":"PropertyValueSpecification","valueRequired":true,"valueName":"search_term_string"}}],"inLanguage":"sk-SK"},{"@type":"Organization","@id":"https:\/\/talkpal.ai\/sk\/#organization","name":"Talkpal, Inc.","alternateName":"Talkpal AI","url":"https:\/\/talkpal.ai\/sk\/","logo":{"@type":"ImageObject","inLanguage":"sk-SK","@id":"https:\/\/talkpal.ai\/sk\/#\/schema\/logo\/image\/","url":"https:\/\/talkpal.ai\/wp-content\/uploads\/2024\/03\/Talkpal-Logo-Icon.png","contentUrl":"https:\/\/talkpal.ai\/wp-content\/uploads\/2024\/03\/Talkpal-Logo-Icon.png","width":2880,"height":2880,"caption":"Talkpal, Inc."},"image":{"@id":"https:\/\/talkpal.ai\/sk\/#\/schema\/logo\/image\/"},"sameAs":["https:\/\/www.facebook.com\/profile.php?id=100090733639311","https:\/\/x.com\/talkpalai","https:\/\/www.linkedin.com\/company\/talkpal\/","https:\/\/www.youtube.com\/@TalkPal\/","https:\/\/www.tiktok.com\/@talkpal","https:\/\/www.instagram.com\/talkpal_ai\/","https:\/\/www.crunchbase.com\/organization\/talkpal-9cde","https:\/\/www.g2.com\/products\/talkpal-for-business\/","https:\/\/www.trustpilot.com\/review\/talkpal.ai","https:\/\/www.capterra.com\/p\/10006800\/TalkPal\/"],"description":"Talkpal is a language learning web and mobile education app, powered by the latest AI technologies, that provides engaging experiences to its customers in many different languages to help them improve their language skills. Users can chat about unlimited amount of topics with the app and use other modes to practice their language learning.","email":"support@talkpal.ai","legalName":"Talkpal, Inc.","foundingDate":"2023-04-03","duns":"118989042","numberOfEmployees":{"@type":"QuantitativeValue","minValue":"11","maxValue":"50"},"publishingPrinciples":"https:\/\/talkpal.ai\/publishing-principles\/","actionableFeedbackPolicy":"https:\/\/talkpal.ai\/actionable-feedback-policy\/","correctionsPolicy":"https:\/\/talkpal.ai\/corrections-policy\/","ethicsPolicy":"https:\/\/talkpal.ai\/ethics-policy\/","diversityPolicy":"https:\/\/talkpal.ai\/diversity-policy\/","diversityStaffingReport":"https:\/\/talkpal.ai\/diversity-policy\/"}]}},"_links":{"self":[{"href":"https:\/\/talkpal.ai\/sk\/wp-json\/wp\/v2\/pages\/92207","targetHints":{"allow":["GET"]}}],"collection":[{"href":"https:\/\/talkpal.ai\/sk\/wp-json\/wp\/v2\/pages"}],"about":[{"href":"https:\/\/talkpal.ai\/sk\/wp-json\/wp\/v2\/types\/page"}],"author":[{"embeddable":true,"href":"https:\/\/talkpal.ai\/sk\/wp-json\/wp\/v2\/users\/8"}],"replies":[{"embeddable":true,"href":"https:\/\/talkpal.ai\/sk\/wp-json\/wp\/v2\/comments?post=92207"}],"version-history":[{"count":0,"href":"https:\/\/talkpal.ai\/sk\/wp-json\/wp\/v2\/pages\/92207\/revisions"}],"wp:featuredmedia":[{"embeddable":true,"href":"https:\/\/talkpal.ai\/sk\/wp-json\/wp\/v2\/media\/197979"}],"wp:attachment":[{"href":"https:\/\/talkpal.ai\/sk\/wp-json\/wp\/v2\/media?parent=92207"}],"curies":[{"name":"wp","href":"https:\/\/api.w.org\/{rel}","templated":true}]}}