{"id":91979,"date":"2023-06-14T13:25:23","date_gmt":"2023-06-14T13:25:23","guid":{"rendered":"http:\/\/talkpal.ai\/cvicenia-z-anglickej-gramatiky\/"},"modified":"2025-12-17T16:34:09","modified_gmt":"2025-12-17T16:34:09","slug":"cvicenia-z-anglickej-gramatiky","status":"publish","type":"page","link":"https:\/\/talkpal.ai\/sk\/cvicenia-z-anglickej-gramatiky\/","title":{"rendered":"Cvi\u010denia z anglickej gramatiky"},"content":{"rendered":"\r\n\r\n\r\n<section class=\"languageChallengeSection\">\r\n    <div class=\"languageInfoWrapper\">\r\n        \r\n        <h1>Cvi\u010denia z anglickej gramatiky<\/h1>\r\n        <p>Chcete si zv\u00fd\u0161i\u0165 sebavedomie v angli\u010dtine? Precvi\u010dovanie gramatick\u00fdch cvi\u010den\u00ed je skvel\u00fd sp\u00f4sob, ako si zlep\u0161i\u0165 porozumenie gramatick\u00fdch pravidiel, spr\u00e1vne pou\u017e\u00edva\u0165 sloves\u00e1 a roz\u0161\u00edri\u0165 si slovn\u00fa z\u00e1sobu. Za\u010dnite pracova\u0165 na svojej anglickej gramatike e\u0161te dnes a s ka\u017ed\u00fdm cvi\u010den\u00edm uvid\u00edte, ako sa va\u0161e zru\u010dnosti a plynulos\u0165 rozv\u00edjaj\u00fa!\n\n<\/p>\r\n\r\n                            <a class=\"getStartedHidden\" href=\"https:\/\/app.talkpal.ai\/sk\/signup?lng=\">Za\u010dni<\/a>\r\n        \r\n    <\/div>\r\n\r\n    <figure>\r\n    <img decoding=\"async\" width=\"768\" height=\"768\" src=\"https:\/\/talkpal.ai\/wp-content\/uploads\/2023\/06\/English-768x768.png\" class=\"languageImage no-lazy\" alt=\"Language learning for improved multitasking\" fetchpriority=\"high\" sizes=\"(max-width: 768px) 150px, 768px\" srcset=\"https:\/\/talkpal.ai\/wp-content\/uploads\/2023\/06\/English-768x768.png 768w, https:\/\/talkpal.ai\/wp-content\/uploads\/2023\/06\/English-300x300.png 300w\" \/>\r\n    \r\n\r\n    <\/figure>\r\n\r\n            <a class=\"getStartedVisible\" href=\"https:\/\/app.talkpal.ai\/sk\/signup?lng=\">Za\u010dni<\/a>\r\n    \r\n<\/section>\r\n\r\n\r\n<!-- <section class=\"grammarSection\">\r\n    <div class=\"grammarLinks\">\r\n        <a href=\"https:\/\/talkpal.ai\/sk\/exercise_language\/casy-anglicka-gramatika-sk\/\">\u010casy <\/a><a href=\"https:\/\/talkpal.ai\/sk\/exercise_language\/clanky-anglicka-gramatika-sk\/\">\u010cl\u00e1nky <\/a><a href=\"https:\/\/talkpal.ai\/sk\/exercise_language\/kondicionaly-anglicka-gramatika\/\">Kondicion\u00e1ly <\/a><a href=\"https:\/\/talkpal.ai\/sk\/exercise_language\/podstatne-mena-anglicka-gramatika\/\">Podstatn\u00e9 men\u00e1 <\/a><a href=\"https:\/\/talkpal.ai\/sk\/exercise_language\/porovnanie-casu-anglicka-gramatika\/\">Porovnanie \u010dasu <\/a><a href=\"https:\/\/talkpal.ai\/sk\/exercise_language\/predlozky-anglicka-gramatika-sk\/\">Predlo\u017eky <\/a><a href=\"https:\/\/talkpal.ai\/sk\/exercise_language\/pridavne-mena-anglicka-gramatika\/\">Pr\u00eddavn\u00e9 men\u00e1 <\/a><a href=\"https:\/\/talkpal.ai\/sk\/exercise_language\/prislovky-anglicka-gramatika\/\">Pr\u00edslovky <\/a><a href=\"https:\/\/talkpal.ai\/sk\/exercise_language\/slovesa-anglicka-gramatika-sk\/\">Sloves\u00e1 <\/a><a href=\"https:\/\/talkpal.ai\/sk\/exercise_language\/vety-anglicka-gramatika\/\">Vety <\/a><a href=\"https:\/\/talkpal.ai\/sk\/exercise_language\/zamena-determinanty-anglicka-gramatika\/\">Z\u00e1men\u00e1\/determinanty <\/a>    <\/div>\r\n<\/section> -->\r\n\r\n\r\n\r\n\r\n        <section class=\"grammarSection\">\r\n            <div class=\"grammarLinks\">\r\n                <a href=\"https:\/\/talkpal.ai\/sk\/exercise_language\/casy-anglicka-gramatika-sk\/\">\u010casy <\/a><a href=\"https:\/\/talkpal.ai\/sk\/exercise_language\/clanky-anglicka-gramatika-sk\/\">\u010cl\u00e1nky <\/a><a href=\"https:\/\/talkpal.ai\/sk\/exercise_language\/kondicionaly-anglicka-gramatika\/\">Kondicion\u00e1ly <\/a><a href=\"https:\/\/talkpal.ai\/sk\/exercise_language\/podstatne-mena-anglicka-gramatika\/\">Podstatn\u00e9 men\u00e1 <\/a><a href=\"https:\/\/talkpal.ai\/sk\/exercise_language\/porovnanie-casu-anglicka-gramatika\/\">Porovnanie \u010dasu <\/a><a href=\"https:\/\/talkpal.ai\/sk\/exercise_language\/predlozky-anglicka-gramatika-sk\/\">Predlo\u017eky <\/a><a href=\"https:\/\/talkpal.ai\/sk\/exercise_language\/pridavne-mena-anglicka-gramatika\/\">Pr\u00eddavn\u00e9 men\u00e1 <\/a><a href=\"https:\/\/talkpal.ai\/sk\/exercise_language\/prislovky-anglicka-gramatika\/\">Pr\u00edslovky <\/a><a href=\"https:\/\/talkpal.ai\/sk\/exercise_language\/slovesa-anglicka-gramatika-sk\/\">Sloves\u00e1 <\/a><a href=\"https:\/\/talkpal.ai\/sk\/exercise_language\/vety-anglicka-gramatika\/\">Vety <\/a><a href=\"https:\/\/talkpal.ai\/sk\/exercise_language\/zamena-determinanty-anglicka-gramatika\/\">Z\u00e1men\u00e1\/determinanty <\/a>            <\/div>\r\n        <\/section>\r\n<section class=\"promotionalBanner\">\r\n    <p class=\"promotionalText\">Najefekt\u00edvnej\u0161\u00ed sp\u00f4sob, ako sa nau\u010di\u0165 jazyk<\/p>\r\n    <a class=\"promotionalLink\" href=\"https:\/\/app.talkpal.ai\/sk\/signup?lng=\">Vysk\u00fa\u0161ajte Talkpal zadarmo<\/a>\r\n<\/section>\n<div class=\"wp-block-group pageContainerStyle\"><div class=\"wp-block-group__inner-container is-layout-constrained wp-block-group-is-layout-constrained\">\n<h2 class=\"wp-block-heading\" id=\"h-english-grammar-topics\">T\u00e9my anglickej gramatiky<\/h2>\n\n\n\n<p><a href=\"https:\/\/talkpal.ai\/sk\/grammar\/ukazky-z-anglickej-gramatiky\/\">Anglick\u00e1 gramatika<\/a> je s\u00fabor pravidiel a pokynov, ktor\u00e9 ur\u010duj\u00fa \u0161trukt\u00faru anglick\u00e9ho jazyka. Umo\u017e\u0148uje n\u00e1m jasne a efekt\u00edvne komunikova\u0165 medzi sebou. Pri v\u00fdu\u010dbe angli\u010dtiny je pochopenie gramatiky nevyhnutn\u00e9 pre rozvoj siln\u00fdch zru\u010dnost\u00ed v \u010d\u00edtan\u00ed, p\u00edsan\u00ed a hovoren\u00ed. T\u00e1to cesta bude zah\u0155\u0148a\u0165 r\u00f4zne zlo\u017eky gramatiky, ako s\u00fa pr\u00eddavn\u00e9 men\u00e1, pr\u00edslovky, \u010dl\u00e1nky, podmienen\u00e9 men\u00e1, podstatn\u00e9 men\u00e1, predlo\u017eky, z\u00e1men\u00e1\/determin\u00e1tory, vety, porovnanie \u010dasu, \u010dasy a sloves\u00e1. Presk\u00famame ka\u017ed\u00fa z t\u00fdchto t\u00e9m v navrhovanom porad\u00ed, aby bolo u\u010denie anglickej gramatiky efekt\u00edvnej\u0161ie a pr\u00edjemnej\u0161ie.<\/p>\n\n\n\n<h3 class=\"wp-block-heading\" id=\"h-1-nouns\">1. Podstatn\u00e9 men\u00e1:<\/h3>\n\n\n\n<p>Podstatn\u00e9 men\u00e1 s\u00fa najz\u00e1kladnej\u0161\u00edmi stavebn\u00fdmi kame\u0148mi anglickej gramatiky. S\u00fa to slov\u00e1, ktor\u00e9 predstavuj\u00fa \u013eud\u00ed, miesta, veci alebo my\u0161lienky. Porozumenie podstatn\u00fdm men\u00e1m je nevyhnutn\u00e9 na vytv\u00e1ranie viet a sprostredkovanie v\u00fdznamu v jazyku.<\/p>\n\n\n\n<h3 class=\"wp-block-heading\" id=\"h-2-pronouns-determiners\">2. Z\u00e1men\u00e1\/determin\u00e1tory:<\/h3>\n\n\n\n<p>Ke\u010f pochop\u00edte podstatn\u00e9 men\u00e1, \u010fal\u0161\u00edm krokom je <a href=\"https:\/\/talkpal.ai\/sk\/ucenie\/\">u\u010denie sa<\/a> o z\u00e1men\u00e1ch a determin\u00e1toroch. Z\u00e1men\u00e1 nahr\u00e1dzaj\u00fa podstatn\u00e9 men\u00e1 vo vete, aby sa zabr\u00e1nilo opakovaniu, zatia\u013e \u010do determin\u00e1tory poskytuj\u00fa inform\u00e1cie o podstatnom mene, ako je mno\u017estvo alebo vlastn\u00edctvo.<\/p>\n\n\n\n<h3 class=\"wp-block-heading\" id=\"h-3-verbs\">3. Sloves\u00e1:<\/h3>\n\n\n\n<p>Sloves\u00e1 s\u00fa ak\u010dn\u00e9 slov\u00e1, ktor\u00e9 vyjadruj\u00fa, \u010do podstatn\u00e9 meno rob\u00ed alebo za\u017e\u00edva. S\u00fa k\u013e\u00fa\u010dovou s\u00fa\u010das\u0165ou ka\u017edej vety a pochopenie toho, ako funguj\u00fa, je nevyhnutn\u00e9 na vytvorenie jasn\u00fdch a stru\u010dn\u00fdch vyhl\u00e1sen\u00ed.<\/p>\n\n\n\n<h3 class=\"wp-block-heading\" id=\"h-4-adjectives\">4. Pr\u00eddavn\u00e9 men\u00e1:<\/h3>\n\n\n\n<p>Pr\u00eddavn\u00e9 men\u00e1 opisuj\u00fa alebo upravuj\u00fa podstatn\u00e9 men\u00e1, pri\u010dom poskytuj\u00fa viac inform\u00e1ci\u00ed o ich vlastnostiach alebo vlastnostiach. Nau\u010di\u0165 sa efekt\u00edvne pou\u017e\u00edva\u0165 pr\u00eddavn\u00e9 men\u00e1 zlep\u0161\u00ed va\u0161u schopnos\u0165 komunikova\u0165 v angli\u010dtine.<\/p>\n\n\n\n<h3 class=\"wp-block-heading\" id=\"h-5-adverbs\">5. Pr\u00edslovky:<\/h3>\n\n\n\n<p>Pr\u00edslovky s\u00fa podobn\u00e9 pr\u00eddavn\u00fdm men\u00e1m, ale upravuj\u00fa sloves\u00e1, pr\u00eddavn\u00e9 men\u00e1 alebo in\u00e9 pr\u00edslovky. \u010casto opisuj\u00fa, ako, kedy alebo kde k akcii d\u00f4jde. Vedie\u0165, ako pou\u017e\u00edva\u0165 pr\u00edslovky, dod\u00e1 va\u0161ej anglickej komunik\u00e1cii h\u013abku a podrobnosti.<\/p>\n\n\n\n<h3 class=\"wp-block-heading\" id=\"h-6-prepositions\">6. Predlo\u017eky:<\/h3>\n\n\n\n<p>Predlo\u017eky s\u00fa slov\u00e1, ktor\u00e9 ukazuj\u00fa vz\u0165ah medzi podstatn\u00fdmi menami, z\u00e1menami a in\u00fdmi slovami vo vete. Pom\u00e1haj\u00fa poskytova\u0165 kontext, napr\u00edklad miesto, \u010das alebo smer.<\/p>\n\n\n\n<h3 class=\"wp-block-heading\" id=\"h-7-articles\">7. \u010cl\u00e1nky:<\/h3>\n\n\n\n<p>\u010cl\u00e1nky s\u00fa typom determin\u00e1tora, ktor\u00fd ur\u010duje, \u010di je podstatn\u00e9 meno ur\u010dit\u00e9 alebo neur\u010dit\u00e9. S\u00fa d\u00f4le\u017eit\u00e9 pre spr\u00e1vnu tvorbu viet a pom\u00e1haj\u00fa objasni\u0165 v\u00fdznam vyhl\u00e1senia.<\/p>\n\n\n\n<h3 class=\"wp-block-heading\" id=\"h-8-tenses\">8. Nap\u00e4tie:<\/h3>\n\n\n\n<p>\u010casy ozna\u010duj\u00fa \u010das akcie alebo stav bytia. Nau\u010denie sa r\u00f4znych \u010dasov v angli\u010dtine v\u00e1m umo\u017en\u00ed presne sa vyjadrova\u0165, \u010di u\u017e hovor\u00edte o minulosti, pr\u00edtomnosti alebo bud\u00facnosti.<\/p>\n\n\n\n<h3 class=\"wp-block-heading\" id=\"h-9-tense-comparison\">9. Nap\u00e4t\u00e9 porovnanie:<\/h3>\n\n\n\n<p>Pochopenie nap\u00e4t\u00e9ho porovn\u00e1vania je d\u00f4le\u017eit\u00e9 pre porovnanie akci\u00ed alebo stavov v r\u00f4znych \u010dasov\u00fdch r\u00e1mcoch. T\u00e1to zru\u010dnos\u0165 v\u00e1m pom\u00f4\u017ee komunikova\u0165 zlo\u017eit\u00e9 my\u0161lienky a rozv\u00edja\u0165 pokro\u010dilej\u0161ie ch\u00e1panie anglickej gramatiky.<\/p>\n\n\n\n<h3 class=\"wp-block-heading\" id=\"h-10-sentences\">10. Vety:<\/h3>\n\n\n\n<p>Vety s\u00fa z\u00e1kladom p\u00edsomnej a hovorenej komunik\u00e1cie v angli\u010dtine. Na z\u00e1klade va\u0161ich znalost\u00ed podstatn\u00fdch mien, slovies a in\u00fdch gramatick\u00fdch zlo\u017eiek v\u00e1m u\u010denie sa o \u0161trukt\u00fare viet umo\u017en\u00ed efekt\u00edvne vyjadri\u0165 svoje my\u0161lienky v jazyku.<\/p>\n\n\n\n<h3 class=\"wp-block-heading\" id=\"h-11-conditionals\">11. Podmienky:<\/h3>\n\n\n\n<p>Podmienen\u00e9 s\u00fa vety, ktor\u00e9 vyjadruj\u00fa stav a jeho potenci\u00e1lny d\u00f4sledok. S\u00fa pokro\u010dil\u00fdm aspektom anglickej gramatiky, ktor\u00fd v\u00e1m pom\u00f4\u017ee vyjadri\u0165 hypotetick\u00e9 situ\u00e1cie a zlo\u017eit\u00e9 my\u0161lienky.<\/p>\n<\/div><\/div>\n\r\n<section class=\"learnNavigationSection\">\r\n            \r\n        <a href=\"https:\/\/talkpal.ai\/sk\/naucte-sa-anglic\/\">\r\n            <div class=\"learnNavigationWrapper\">\r\n                <div class=\"learnNavigationContent\">\r\n                    <img decoding=\"async\" src=\"https:\/\/talkpal.ai\/wp-content\/uploads\/2024\/08\/English.jpg\" alt=\"English Flag\">\r\n                    <div>\r\n                        <h4>O \u0161t\u00fadiu angli\u010dtiny<\/h4>\r\n                        <p>Zistite v\u0161etko o anglickej gramatike.<\/p>\r\n                    <\/div>\r\n                <\/div>\r\n            <\/div>\r\n        <\/a>\r\n\r\n        \r\n        <a href=\"https:\/\/talkpal.ai\/sk\/anglicka-gramatika\/\">\r\n            <div class=\"learnNavigationWrapper\">\r\n                <div class=\"learnNavigationContent\">\r\n                    <img decoding=\"async\" src=\"https:\/\/talkpal.ai\/wp-content\/uploads\/2024\/08\/English.jpg\" alt=\"English Flag\">\r\n                    <div>\r\n                        <h4>Lekcie anglickej gramatiky<\/h4>\r\n                        <p>Precvi\u010dovanie angli\u010dtiny gramatika.<\/p>\r\n                    <\/div>\r\n                <\/div>\r\n            <\/div>\r\n        <\/a>\r\n\r\n        \r\n        <a href=\"https:\/\/talkpal.ai\/vocabulary_language\/english\/\">\r\n            <div class=\"learnNavigationWrapper\">\r\n                <div class=\"learnNavigationContent\">\r\n                    <img decoding=\"async\" src=\"https:\/\/talkpal.ai\/wp-content\/uploads\/2024\/08\/English.jpg\" alt=\"English Flag\">\r\n                    <div>\r\n                        <h4>Anglick\u00e1 slovn\u00e1 z\u00e1soba<\/h4>\r\n                        <p>Roz\u0161\u00edrte si slovn\u00fa z\u00e1sobu angli\u010dtiny.<\/p>\r\n                    <\/div>\r\n                <\/div>\r\n            <\/div>\r\n        <\/a>\r\n\r\n            <\/section>","protected":false},"excerpt":{"rendered":"<p>T\u00e9my anglickej gramatiky Anglick\u00e1 gramatika je s\u00fabor pravidiel a pokynov, ktor\u00e9 ur\u010duj\u00fa \u0161trukt\u00faru anglick\u00e9ho jazyka. Umo\u017e\u0148uje n\u00e1m jasne a efekt\u00edvne komunikova\u0165 medzi sebou. Pri v\u00fdu\u010dbe angli\u010dtiny je pochopenie gramatiky nevyhnutn\u00e9 pre rozvoj siln\u00fdch zru\u010dnost\u00ed v \u010d\u00edtan\u00ed, p\u00edsan\u00ed a hovoren\u00ed. T\u00e1to cesta bude zah\u0155\u0148a\u0165 r\u00f4zne zlo\u017eky gramatiky, ako s\u00fa pr\u00eddavn\u00e9 men\u00e1, pr\u00edslovky, \u010dl\u00e1nky, podmienen\u00e9 men\u00e1, podstatn\u00e9 [&hellip;]<\/p>\n","protected":false},"author":1,"featured_media":70911,"parent":0,"menu_order":0,"comment_status":"closed","ping_status":"closed","template":"LearningContentPage.php","meta":{"_acf_changed":false,"footnotes":""},"class_list":["post-91979","page","type-page","status-publish","has-post-thumbnail","hentry"],"acf":[],"yoast_head":"<!-- This site is optimized with the Yoast SEO Premium plugin v27.2 (Yoast SEO v27.2) - https:\/\/yoast.com\/product\/yoast-seo-premium-wordpress\/ -->\n<title>Cvi\u010denia z anglickej gramatiky - Talkpal<\/title>\n<meta name=\"description\" content=\"Zlep\u0161ite si svoje znalosti angli\u010dtiny pomocou efekt\u00edvnych gramatick\u00fdch cvi\u010den\u00ed Talkpal&#039;s. Zlep\u0161ite svoje jazykov\u00e9 znalosti teraz!\" \/>\n<meta name=\"robots\" content=\"index, follow, max-snippet:-1, max-image-preview:large, max-video-preview:-1\" \/>\n<link rel=\"canonical\" href=\"https:\/\/talkpal.ai\/sk\/cvicenia-z-anglickej-gramatiky\/\" \/>\n<meta property=\"og:locale\" content=\"sk_SK\" \/>\n<meta property=\"og:type\" content=\"article\" \/>\n<meta property=\"og:title\" content=\"Cvi\u010denia z anglickej gramatiky\" \/>\n<meta property=\"og:description\" content=\"T\u00e9my anglickej gramatiky Anglick\u00e1 gramatika je s\u00fabor pravidiel a pokynov, ktor\u00e9 ur\u010duj\u00fa \u0161trukt\u00faru anglick\u00e9ho jazyka. Umo\u017e\u0148uje n\u00e1m jasne a efekt\u00edvne\" \/>\n<meta property=\"og:url\" content=\"https:\/\/talkpal.ai\/sk\/cvicenia-z-anglickej-gramatiky\/\" \/>\n<meta property=\"og:site_name\" content=\"Talkpal\" \/>\n<meta property=\"article:publisher\" content=\"https:\/\/www.facebook.com\/profile.php?id=100090733639311\" \/>\n<meta property=\"article:modified_time\" content=\"2025-12-17T16:34:09+00:00\" \/>\n<meta property=\"og:image\" content=\"https:\/\/talkpal.ai\/wp-content\/uploads\/2023\/03\/united-kingdom.png\" \/>\n\t<meta property=\"og:image:width\" content=\"512\" \/>\n\t<meta property=\"og:image:height\" content=\"512\" \/>\n\t<meta property=\"og:image:type\" content=\"image\/png\" \/>\n<meta name=\"twitter:card\" content=\"summary_large_image\" \/>\n<meta name=\"twitter:site\" content=\"@talkpalai\" \/>\n<meta name=\"twitter:label1\" content=\"Predpokladan\u00fd \u010das \u010d\u00edtania\" \/>\n\t<meta name=\"twitter:data1\" content=\"3 min\u00faty\" \/>\n<script type=\"application\/ld+json\" class=\"yoast-schema-graph\">{\"@context\":\"https:\/\/schema.org\",\"@graph\":[{\"@type\":\"WebPage\",\"@id\":\"https:\/\/talkpal.ai\/sk\/cvicenia-z-anglickej-gramatiky\/\",\"url\":\"https:\/\/talkpal.ai\/sk\/cvicenia-z-anglickej-gramatiky\/\",\"name\":\"Cvi\u010denia z anglickej gramatiky - Talkpal\",\"isPartOf\":{\"@id\":\"https:\/\/talkpal.ai\/sk\/#website\"},\"primaryImageOfPage\":{\"@id\":\"https:\/\/talkpal.ai\/sk\/cvicenia-z-anglickej-gramatiky\/#primaryimage\"},\"image\":{\"@id\":\"https:\/\/talkpal.ai\/sk\/cvicenia-z-anglickej-gramatiky\/#primaryimage\"},\"thumbnailUrl\":\"https:\/\/talkpal.ai\/wp-content\/uploads\/2023\/03\/united-kingdom.png\",\"datePublished\":\"2023-06-14T13:25:23+00:00\",\"dateModified\":\"2025-12-17T16:34:09+00:00\",\"description\":\"Zlep\u0161ite si svoje znalosti angli\u010dtiny pomocou efekt\u00edvnych gramatick\u00fdch cvi\u010den\u00ed Talkpal's. Zlep\u0161ite svoje jazykov\u00e9 znalosti teraz!\",\"breadcrumb\":{\"@id\":\"https:\/\/talkpal.ai\/sk\/cvicenia-z-anglickej-gramatiky\/#breadcrumb\"},\"inLanguage\":\"sk-SK\",\"potentialAction\":[{\"@type\":\"ReadAction\",\"target\":[\"https:\/\/talkpal.ai\/sk\/cvicenia-z-anglickej-gramatiky\/\"]}]},{\"@type\":\"ImageObject\",\"inLanguage\":\"sk-SK\",\"@id\":\"https:\/\/talkpal.ai\/sk\/cvicenia-z-anglickej-gramatiky\/#primaryimage\",\"url\":\"https:\/\/talkpal.ai\/wp-content\/uploads\/2023\/03\/united-kingdom.png\",\"contentUrl\":\"https:\/\/talkpal.ai\/wp-content\/uploads\/2023\/03\/united-kingdom.png\",\"width\":512,\"height\":512,\"caption\":\"TalkPal AI learn English\"},{\"@type\":\"BreadcrumbList\",\"@id\":\"https:\/\/talkpal.ai\/sk\/cvicenia-z-anglickej-gramatiky\/#breadcrumb\",\"itemListElement\":[{\"@type\":\"ListItem\",\"position\":1,\"name\":\"Homepage\",\"item\":\"https:\/\/talkpal.ai\/sk\/\"},{\"@type\":\"ListItem\",\"position\":2,\"name\":\"Cvi\u010denia z anglickej gramatiky\"}]},{\"@type\":\"WebSite\",\"@id\":\"https:\/\/talkpal.ai\/sk\/#website\",\"url\":\"https:\/\/talkpal.ai\/sk\/\",\"name\":\"Talkpal\",\"description\":\"AI Language Learning\",\"publisher\":{\"@id\":\"https:\/\/talkpal.ai\/sk\/#organization\"},\"alternateName\":\"Talkpal AI\",\"potentialAction\":[{\"@type\":\"SearchAction\",\"target\":{\"@type\":\"EntryPoint\",\"urlTemplate\":\"https:\/\/talkpal.ai\/sk\/?s={search_term_string}\"},\"query-input\":{\"@type\":\"PropertyValueSpecification\",\"valueRequired\":true,\"valueName\":\"search_term_string\"}}],\"inLanguage\":\"sk-SK\"},{\"@type\":\"Organization\",\"@id\":\"https:\/\/talkpal.ai\/sk\/#organization\",\"name\":\"Talkpal, Inc.\",\"alternateName\":\"Talkpal AI\",\"url\":\"https:\/\/talkpal.ai\/sk\/\",\"logo\":{\"@type\":\"ImageObject\",\"inLanguage\":\"sk-SK\",\"@id\":\"https:\/\/talkpal.ai\/sk\/#\/schema\/logo\/image\/\",\"url\":\"https:\/\/talkpal.ai\/wp-content\/uploads\/2024\/03\/Talkpal-Logo-Icon.png\",\"contentUrl\":\"https:\/\/talkpal.ai\/wp-content\/uploads\/2024\/03\/Talkpal-Logo-Icon.png\",\"width\":2880,\"height\":2880,\"caption\":\"Talkpal, Inc.\"},\"image\":{\"@id\":\"https:\/\/talkpal.ai\/sk\/#\/schema\/logo\/image\/\"},\"sameAs\":[\"https:\/\/www.facebook.com\/profile.php?id=100090733639311\",\"https:\/\/x.com\/talkpalai\",\"https:\/\/www.linkedin.com\/company\/talkpal\/\",\"https:\/\/www.youtube.com\/@TalkPal\/\",\"https:\/\/www.tiktok.com\/@talkpal\",\"https:\/\/www.instagram.com\/talkpal_ai\/\",\"https:\/\/www.crunchbase.com\/organization\/talkpal-9cde\",\"https:\/\/www.g2.com\/products\/talkpal-for-business\/\",\"https:\/\/www.trustpilot.com\/review\/talkpal.ai\",\"https:\/\/www.capterra.com\/p\/10006800\/TalkPal\/\"],\"description\":\"Talkpal is a language learning web and mobile education app, powered by the latest AI technologies, that provides engaging experiences to its customers in many different languages to help them improve their language skills. Users can chat about unlimited amount of topics with the app and use other modes to practice their language learning.\",\"email\":\"support@talkpal.ai\",\"legalName\":\"Talkpal, Inc.\",\"foundingDate\":\"2023-04-03\",\"duns\":\"118989042\",\"numberOfEmployees\":{\"@type\":\"QuantitativeValue\",\"minValue\":\"11\",\"maxValue\":\"50\"},\"publishingPrinciples\":\"https:\/\/talkpal.ai\/publishing-principles\/\",\"actionableFeedbackPolicy\":\"https:\/\/talkpal.ai\/actionable-feedback-policy\/\",\"correctionsPolicy\":\"https:\/\/talkpal.ai\/corrections-policy\/\",\"ethicsPolicy\":\"https:\/\/talkpal.ai\/ethics-policy\/\",\"diversityPolicy\":\"https:\/\/talkpal.ai\/diversity-policy\/\",\"diversityStaffingReport\":\"https:\/\/talkpal.ai\/diversity-policy\/\"}]}<\/script>\n<!-- \/ Yoast SEO Premium plugin. -->","yoast_head_json":{"title":"Cvi\u010denia z anglickej gramatiky - Talkpal","description":"Zlep\u0161ite si svoje znalosti angli\u010dtiny pomocou efekt\u00edvnych gramatick\u00fdch cvi\u010den\u00ed Talkpal's. Zlep\u0161ite svoje jazykov\u00e9 znalosti teraz!","robots":{"index":"index","follow":"follow","max-snippet":"max-snippet:-1","max-image-preview":"max-image-preview:large","max-video-preview":"max-video-preview:-1"},"canonical":"https:\/\/talkpal.ai\/sk\/cvicenia-z-anglickej-gramatiky\/","og_locale":"sk_SK","og_type":"article","og_title":"Cvi\u010denia z anglickej gramatiky","og_description":"T\u00e9my anglickej gramatiky Anglick\u00e1 gramatika je s\u00fabor pravidiel a pokynov, ktor\u00e9 ur\u010duj\u00fa \u0161trukt\u00faru anglick\u00e9ho jazyka. Umo\u017e\u0148uje n\u00e1m jasne a efekt\u00edvne","og_url":"https:\/\/talkpal.ai\/sk\/cvicenia-z-anglickej-gramatiky\/","og_site_name":"Talkpal","article_publisher":"https:\/\/www.facebook.com\/profile.php?id=100090733639311","article_modified_time":"2025-12-17T16:34:09+00:00","og_image":[{"width":512,"height":512,"url":"https:\/\/talkpal.ai\/wp-content\/uploads\/2023\/03\/united-kingdom.png","type":"image\/png"}],"twitter_card":"summary_large_image","twitter_site":"@talkpalai","twitter_misc":{"Predpokladan\u00fd \u010das \u010d\u00edtania":"3 min\u00faty"},"schema":{"@context":"https:\/\/schema.org","@graph":[{"@type":"WebPage","@id":"https:\/\/talkpal.ai\/sk\/cvicenia-z-anglickej-gramatiky\/","url":"https:\/\/talkpal.ai\/sk\/cvicenia-z-anglickej-gramatiky\/","name":"Cvi\u010denia z anglickej gramatiky - Talkpal","isPartOf":{"@id":"https:\/\/talkpal.ai\/sk\/#website"},"primaryImageOfPage":{"@id":"https:\/\/talkpal.ai\/sk\/cvicenia-z-anglickej-gramatiky\/#primaryimage"},"image":{"@id":"https:\/\/talkpal.ai\/sk\/cvicenia-z-anglickej-gramatiky\/#primaryimage"},"thumbnailUrl":"https:\/\/talkpal.ai\/wp-content\/uploads\/2023\/03\/united-kingdom.png","datePublished":"2023-06-14T13:25:23+00:00","dateModified":"2025-12-17T16:34:09+00:00","description":"Zlep\u0161ite si svoje znalosti angli\u010dtiny pomocou efekt\u00edvnych gramatick\u00fdch cvi\u010den\u00ed Talkpal's. Zlep\u0161ite svoje jazykov\u00e9 znalosti teraz!","breadcrumb":{"@id":"https:\/\/talkpal.ai\/sk\/cvicenia-z-anglickej-gramatiky\/#breadcrumb"},"inLanguage":"sk-SK","potentialAction":[{"@type":"ReadAction","target":["https:\/\/talkpal.ai\/sk\/cvicenia-z-anglickej-gramatiky\/"]}]},{"@type":"ImageObject","inLanguage":"sk-SK","@id":"https:\/\/talkpal.ai\/sk\/cvicenia-z-anglickej-gramatiky\/#primaryimage","url":"https:\/\/talkpal.ai\/wp-content\/uploads\/2023\/03\/united-kingdom.png","contentUrl":"https:\/\/talkpal.ai\/wp-content\/uploads\/2023\/03\/united-kingdom.png","width":512,"height":512,"caption":"TalkPal AI learn English"},{"@type":"BreadcrumbList","@id":"https:\/\/talkpal.ai\/sk\/cvicenia-z-anglickej-gramatiky\/#breadcrumb","itemListElement":[{"@type":"ListItem","position":1,"name":"Homepage","item":"https:\/\/talkpal.ai\/sk\/"},{"@type":"ListItem","position":2,"name":"Cvi\u010denia z anglickej gramatiky"}]},{"@type":"WebSite","@id":"https:\/\/talkpal.ai\/sk\/#website","url":"https:\/\/talkpal.ai\/sk\/","name":"Talkpal","description":"AI Language Learning","publisher":{"@id":"https:\/\/talkpal.ai\/sk\/#organization"},"alternateName":"Talkpal AI","potentialAction":[{"@type":"SearchAction","target":{"@type":"EntryPoint","urlTemplate":"https:\/\/talkpal.ai\/sk\/?s={search_term_string}"},"query-input":{"@type":"PropertyValueSpecification","valueRequired":true,"valueName":"search_term_string"}}],"inLanguage":"sk-SK"},{"@type":"Organization","@id":"https:\/\/talkpal.ai\/sk\/#organization","name":"Talkpal, Inc.","alternateName":"Talkpal AI","url":"https:\/\/talkpal.ai\/sk\/","logo":{"@type":"ImageObject","inLanguage":"sk-SK","@id":"https:\/\/talkpal.ai\/sk\/#\/schema\/logo\/image\/","url":"https:\/\/talkpal.ai\/wp-content\/uploads\/2024\/03\/Talkpal-Logo-Icon.png","contentUrl":"https:\/\/talkpal.ai\/wp-content\/uploads\/2024\/03\/Talkpal-Logo-Icon.png","width":2880,"height":2880,"caption":"Talkpal, Inc."},"image":{"@id":"https:\/\/talkpal.ai\/sk\/#\/schema\/logo\/image\/"},"sameAs":["https:\/\/www.facebook.com\/profile.php?id=100090733639311","https:\/\/x.com\/talkpalai","https:\/\/www.linkedin.com\/company\/talkpal\/","https:\/\/www.youtube.com\/@TalkPal\/","https:\/\/www.tiktok.com\/@talkpal","https:\/\/www.instagram.com\/talkpal_ai\/","https:\/\/www.crunchbase.com\/organization\/talkpal-9cde","https:\/\/www.g2.com\/products\/talkpal-for-business\/","https:\/\/www.trustpilot.com\/review\/talkpal.ai","https:\/\/www.capterra.com\/p\/10006800\/TalkPal\/"],"description":"Talkpal is a language learning web and mobile education app, powered by the latest AI technologies, that provides engaging experiences to its customers in many different languages to help them improve their language skills. Users can chat about unlimited amount of topics with the app and use other modes to practice their language learning.","email":"support@talkpal.ai","legalName":"Talkpal, Inc.","foundingDate":"2023-04-03","duns":"118989042","numberOfEmployees":{"@type":"QuantitativeValue","minValue":"11","maxValue":"50"},"publishingPrinciples":"https:\/\/talkpal.ai\/publishing-principles\/","actionableFeedbackPolicy":"https:\/\/talkpal.ai\/actionable-feedback-policy\/","correctionsPolicy":"https:\/\/talkpal.ai\/corrections-policy\/","ethicsPolicy":"https:\/\/talkpal.ai\/ethics-policy\/","diversityPolicy":"https:\/\/talkpal.ai\/diversity-policy\/","diversityStaffingReport":"https:\/\/talkpal.ai\/diversity-policy\/"}]}},"_links":{"self":[{"href":"https:\/\/talkpal.ai\/sk\/wp-json\/wp\/v2\/pages\/91979","targetHints":{"allow":["GET"]}}],"collection":[{"href":"https:\/\/talkpal.ai\/sk\/wp-json\/wp\/v2\/pages"}],"about":[{"href":"https:\/\/talkpal.ai\/sk\/wp-json\/wp\/v2\/types\/page"}],"author":[{"embeddable":true,"href":"https:\/\/talkpal.ai\/sk\/wp-json\/wp\/v2\/users\/1"}],"replies":[{"embeddable":true,"href":"https:\/\/talkpal.ai\/sk\/wp-json\/wp\/v2\/comments?post=91979"}],"version-history":[{"count":0,"href":"https:\/\/talkpal.ai\/sk\/wp-json\/wp\/v2\/pages\/91979\/revisions"}],"wp:featuredmedia":[{"embeddable":true,"href":"https:\/\/talkpal.ai\/sk\/wp-json\/wp\/v2\/media\/70911"}],"wp:attachment":[{"href":"https:\/\/talkpal.ai\/sk\/wp-json\/wp\/v2\/media?parent=91979"}],"curies":[{"name":"wp","href":"https:\/\/api.w.org\/{rel}","templated":true}]}}