{"id":91777,"date":"2023-03-25T16:57:06","date_gmt":"2023-03-25T16:57:06","guid":{"rendered":"http:\/\/talkpal.ai\/anglicka-gramatika\/"},"modified":"2025-05-22T19:26:07","modified_gmt":"2025-05-22T19:26:07","slug":"anglicka-gramatika","status":"publish","type":"page","link":"https:\/\/talkpal.ai\/sk\/anglicka-gramatika\/","title":{"rendered":"Anglick\u00e1 gramatika"},"content":{"rendered":"\r\n\r\n\r\n<section class=\"languageChallengeSection\">\r\n    <div class=\"languageInfoWrapper\">\r\n        \r\n        <h1>Anglick\u00e1 gramatika<\/h1>\r\n        <p>Ste pripraven\u00ed za\u010da\u0165 sa u\u010di\u0165 angli\u010dtinu? Sta\u010d\u00ed len trochu gramatiky a nieko\u013eko nov\u00fdch slov\u00ed\u010dok, aby ste mohli v kr\u00e1tkom \u010dase chatova\u0165 a komunikova\u0165 s \u013eu\u010fmi z cel\u00e9ho sveta. Pustite sa do u\u010denia angli\u010dtiny a urobme z neho z\u00e1bavu a jednoduchos\u0165 &#8211; va\u0161a cesta k plynulosti za\u010d\u00edna dnes!\n\n<\/p>\r\n\r\n                            <a class=\"getStartedHidden\" href=\"https:\/\/app.talkpal.ai\/sk\/signup?lng=\">Za\u010dni<\/a>\r\n        \r\n    <\/div>\r\n\r\n    <figure>\r\n    <img decoding=\"async\" width=\"768\" height=\"768\" src=\"https:\/\/talkpal.ai\/wp-content\/uploads\/2023\/06\/English-768x768.png\" class=\"languageImage no-lazy\" alt=\"Language learning for improved multitasking\" fetchpriority=\"high\" sizes=\"(max-width: 768px) 150px, 768px\" srcset=\"https:\/\/talkpal.ai\/wp-content\/uploads\/2023\/06\/English-768x768.png 768w, https:\/\/talkpal.ai\/wp-content\/uploads\/2023\/06\/English-300x300.png 300w\" \/>\r\n    \r\n\r\n    <\/figure>\r\n\r\n            <a class=\"getStartedVisible\" href=\"https:\/\/app.talkpal.ai\/sk\/signup?lng=\">Za\u010dni<\/a>\r\n    \r\n<\/section>\r\n        <section class=\"grammarSection\">\r\n            <div class=\"grammarLinks\">\r\n                <a href=\"https:\/\/talkpal.ai\/sk\/language\/casy-anglicka-gramatika-sk\/\">\u010casy <\/a><a href=\"https:\/\/talkpal.ai\/sk\/language\/clanky-anglicka-gramatika-sk\/\">\u010cl\u00e1nky <\/a><a href=\"https:\/\/talkpal.ai\/sk\/language\/kondicionaly-anglicka-gramatika\/\">Kondicion\u00e1ly <\/a><a href=\"https:\/\/talkpal.ai\/sk\/language\/podstatne-mena-anglicka-gramatika\/\">Podstatn\u00e9 men\u00e1 <\/a><a href=\"https:\/\/talkpal.ai\/sk\/language\/predlozky-anglicka-gramatika-sk\/\">Predlo\u017eky <\/a><a href=\"https:\/\/talkpal.ai\/sk\/language\/pridavne-mena-anglicka-gramatika\/\">Pr\u00eddavn\u00e9 men\u00e1 <\/a><a href=\"https:\/\/talkpal.ai\/sk\/language\/prislovky-anglicka-gramatika\/\">Pr\u00edslovky <\/a><a href=\"https:\/\/talkpal.ai\/sk\/language\/slovesa-anglicka-gramatika-sk\/\">Sloves\u00e1 <\/a><a href=\"https:\/\/talkpal.ai\/sk\/language\/vety-anglicka-gramatika\/\">Vety <\/a><a href=\"https:\/\/talkpal.ai\/sk\/language\/zamena-determinanty-anglicka-gramatika\/\">Z\u00e1men\u00e1\/determinanty <\/a>            <\/div>\r\n        <\/section>\r\n    <section class=\"promotionalBanner\">\r\n    <p class=\"promotionalText\">Najefekt\u00edvnej\u0161\u00ed sp\u00f4sob, ako sa nau\u010di\u0165 jazyk<\/p>\r\n    <a class=\"promotionalLink\" href=\"https:\/\/app.talkpal.ai\/sk\/signup?lng=\">Vysk\u00fa\u0161ajte Talkpal zadarmo<\/a>\r\n<\/section>\n<div class=\"wp-block-group pageContainerStyle\"><div class=\"wp-block-group__inner-container is-layout-constrained wp-block-group-is-layout-constrained\">\n<h2 class=\"wp-block-heading\" id=\"h-the-importance-of-english-grammar-a-guide-to-mastering-the-rules-and-principles\">D\u00f4le\u017eitos\u0165 anglickej gramatiky: sprievodca zvl\u00e1dnut\u00edm pravidiel a z\u00e1sad<\/h2>\n\n\n\n<p>Ke\u010f\u017ee <a href=\"https:\/\/talkpal.ai\/learn-english-with-ai\/\">angli\u010dtina<\/a> je jedn\u00fdm z najv\u00fdznamnej\u0161\u00edch jazykov, ktor\u00fdmi sa hovor\u00ed na celom svete, nie je prekvapen\u00edm, \u017ee sa \u013eudia t\u00fa\u017eia zdokonali\u0165 v jej ovl\u00e1dan\u00ed. Jedn\u00fdm z k\u013e\u00fa\u010dov\u00fdch aspektov zvl\u00e1dnutia anglick\u00e9ho jazyka je pochopenie jeho gramatiky. Pre\u010do je v\u0161ak <a href=\"https:\/\/talkpal.ai\/sq\/gramatika\/\">gramatika<\/a> tak\u00e1 d\u00f4le\u017eit\u00e1 a ako sa ju m\u00f4\u017eeme efekt\u00edvne nau\u010di\u0165? V tomto \u010dl\u00e1nku sa budeme venova\u0165 v\u00fdznamu anglickej gramatiky, rozoberieme jej k\u013e\u00fa\u010dov\u00e9 z\u00e1sady a podel\u00edme sa s vami o nieko\u013eko u\u017eito\u010dn\u00fdch tipov na zdokonalenie va\u0161ich zru\u010dnost\u00ed.<\/p>\n\n\n\n<h3 class=\"wp-block-heading\" id=\"h-the-role-of-grammar-in-the-english-language\">\u00daloha gramatiky v anglickom jazyku:<\/h3>\n\n\n\n<p>\u010co je teda na gramatike tak\u00e9 d\u00f4le\u017eit\u00e9? <a href=\"https:\/\/talkpal.ai\/sq\/gramatika\/\">Gramatika<\/a> v podstate sl\u00fa\u017ei ako stavebn\u00fd kame\u0148 ka\u017ed\u00e9ho jazyka &#8211; je to s\u00fabor pravidiel a z\u00e1sad, ktor\u00fdmi sa riadi pou\u017e\u00edvanie slov na tvorbu zmyslupln\u00fdch viet. Dodr\u017eiavan\u00edm t\u00fdchto pravidiel m\u00f4\u017eeme zabezpe\u010di\u0165 jasn\u00fa komunik\u00e1ciu a vyhn\u00fa\u0165 sa nedorozumeniam. Predstavte si, \u017ee sa pok\u00fa\u0161ate uvari\u0165 jedlo bez toho, aby ste postupovali pod\u013ea receptu &#8211; kone\u010dn\u00fd v\u00fdsledok m\u00f4\u017ee by\u0165 nechutn\u00fd! Podobne zanedb\u00e1vanie gramatiky v na\u0161ej ka\u017edodennej re\u010di a p\u00edsan\u00ed m\u00f4\u017ee vies\u0165 k zm\u00e4tku a nespr\u00e1vnej interpret\u00e1cii.<\/p>\n\n\n\n<h3 class=\"wp-block-heading\" id=\"h-key-principles-of-english-grammar\">K\u013e\u00fa\u010dov\u00e9 princ\u00edpy anglickej gramatiky:<\/h3>\n\n\n\n<p>Zatia\u013e \u010do <a href=\"https:\/\/talkpal.ai\/sk\/grammar\/ukazky-z-anglickej-gramatiky\/\">anglick\u00e1 gramatika<\/a> zah\u0155\u0148a \u0161irok\u00fa \u0161k\u00e1lu pravidiel, existuje nieko\u013eko k\u013e\u00fa\u010dov\u00fdch z\u00e1sad, ktor\u00e9 by ste si mali uvedomi\u0165:<\/p>\n\n\n\n<p><strong>1. \u010casti re\u010di:<\/strong> Toto s\u00fa \u00falohy, ktor\u00e9 slov\u00e1 hraj\u00fa vo vete. V z\u00e1vislosti od ich funkcie m\u00f4\u017eu by\u0165 slov\u00e1 klasifikovan\u00e9 ako podstatn\u00e9 men\u00e1, z\u00e1men\u00e1, sloves\u00e1, pr\u00eddavn\u00e9 men\u00e1, pr\u00edslovky, predlo\u017eky, spojky alebo interjekcie.<\/p>\n\n\n\n<p>2. \u010casy<strong>: \u010casy<\/strong> ozna\u010duj\u00fa \u010das akci\u00ed alebo stavy bytia. Delia sa na minul\u00fd, pr\u00edtomn\u00fd a bud\u00faci \u010das, pri\u010dom ka\u017ed\u00fd \u010das m\u00e1 \u0161tyri aspekty &#8211; jednoduch\u00fd, priebehov\u00fd, dokonav\u00fd a priebehov\u00fd.<\/p>\n\n\n\n<p><strong>3. Podmetovo-slovesn\u00e1 zhoda: Podmet<\/strong> (podstatn\u00e9 meno alebo z\u00e1meno) a sloveso vo vete sa v podstate musia zhodova\u0165 v po\u010dte \u2013 jednotnom alebo mno\u017enom \u010d\u00edsle. Napr\u00edklad &#8222;\u010c\u00edta knihu&#8220; a &#8222;\u010c\u00edtaj\u00fa knihy&#8220; s\u00fa gramaticky spr\u00e1vne.<\/p>\n\n\n\n<p><strong>4. \u0160trukt\u00fara<\/strong> vety: Dobre \u0161trukt\u00farovan\u00e1 veta pozost\u00e1va z podmetu, slovesa a \u010dasto objektu. Vety m\u00f4\u017eu by\u0165 jednoduch\u00e9 (jedna samostatn\u00e1 veta), zlo\u017een\u00e1 (dve alebo viac nez\u00e1visl\u00fdch vet) alebo zlo\u017eit\u00e1 (jedna samostatn\u00e1 veta a jedna alebo viac z\u00e1visl\u00fdch viet).<\/p>\n\n\n\n<p><strong>5. Interpunkcia: Interpunk\u010dn\u00e9<\/strong> znamienka, ako s\u00fa \u010diarky, bodky a bodko\u010diarky, s\u00fa rozhoduj\u00face pri organizovan\u00ed a objas\u0148ovan\u00ed p\u00edsan\u00e9ho jazyka. Spr\u00e1vna interpunkcia zaru\u010duje, \u017ee va\u0161e n\u00e1pady s\u00fa vyjadren\u00e9 s presnos\u0165ou a s\u00fadr\u017enos\u0165ou.<\/p>\n\n\n\n<h3 class=\"wp-block-heading\" id=\"h-tips-to-improve-your-english-grammar\">Tipy na zlep\u0161enie anglickej gramatiky:<\/h3>\n\n\n\n<p>Teraz, ke\u010f sme prebrali z\u00e1klady anglickej gramatiky, po\u010fme presk\u00fama\u0165 niektor\u00e9 \u00fa\u010dinn\u00e9 sp\u00f4soby, ako zdokonali\u0165 svoje zru\u010dnosti:<\/p>\n\n\n\n<p><strong>1. \u010c\u00edtajte pravidelne: \u010c\u00edtanie<\/strong> je vynikaj\u00faci sp\u00f4sob, ako internalizova\u0165 spr\u00e1vnu gramatiku. \u010c\u00edm viac sa budete stret\u00e1va\u0165 s dobre nap\u00edsan\u00fdmi \u010dl\u00e1nkami, knihami alebo esejami, t\u00fdm lep\u0161ie si osvoj\u00edte pravidl\u00e1 a \u0161trukt\u00fary.<\/p>\n\n\n\n<p><strong>2. Precvi\u010dte si p\u00edsanie: Pravideln\u00e9 p\u00edsanie<\/strong> v\u00e1m umo\u017e\u0148uje aplikova\u0165 svoje gramatick\u00e9 znalosti a identifikova\u0165 oblasti, v ktor\u00fdch potrebujete zlep\u0161enie. Zv\u00e1\u017ete vedenie denn\u00edka alebo za\u010datie <a href=\"https:\/\/talkpal.ai\/blog\/\">blogu<\/a>, aby ste rozv\u00edjali svoje p\u00edsacie schopnosti.<\/p>\n\n\n\n<p><strong>3. \u0160tudujte<\/strong> gramatick\u00e9 zdroje: Z\u00edskajte do r\u00fak niektor\u00e9 renomovan\u00e9 gramatick\u00e9 knihy, webov\u00e9 str\u00e1nky alebo aplik\u00e1cie, aby ste preh\u013abili svoje pochopenie pravidiel. Pravideln\u00e9 presk\u00famanie t\u00fdchto materi\u00e1lov pom\u00f4\u017ee upevni\u0165 va\u0161e vedomosti.<\/p>\n\n\n\n<p><strong>4. H\u013eadajte sp\u00e4tn\u00fa v\u00e4zbu:<\/strong> Spojte sa s ostatn\u00fdmi, aby ste dostali kon\u0161trukt\u00edvnu kritiku na svoju p\u00edsan\u00fa a hovoren\u00fa angli\u010dtinu. M\u00f4\u017ee to by\u0165 prostredn\u00edctvom online f\u00f3r, skup\u00edn na v\u00fdmenu jazykov alebo priate\u013eov a kolegov, ktor\u00ed ovl\u00e1daj\u00fa angli\u010dtinu.<\/p>\n\n\n\n<p><strong>5. Bu\u010fte trpezliv\u00ed a vytrval\u00ed:<\/strong> U\u010denie gramatiky je postupn\u00fd proces, ktor\u00fd si vy\u017eaduje \u010das a \u00fasilie. Zosta\u0148te odhodlan\u00ed, pokra\u010dujte v cvi\u010den\u00ed a oslavujte svoj pokrok.<\/p>\n\n\n\n<h3 class=\"wp-block-heading\" id=\"h-conclusion\">Z\u00e1ver:<\/h3>\n\n\n\n<p>Zvl\u00e1dnutie anglickej gramatiky je z\u00e1kladn\u00fdm odrazov\u00fdm most\u00edkom na ceste k plynulosti. Ak pochop\u00edte jeho d\u00f4le\u017eitos\u0165, obozn\u00e1mite sa s k\u013e\u00fa\u010dov\u00fdmi princ\u00edpmi a budete akt\u00edvne cvi\u010di\u0165, \u010doskoro si osvoj\u00edte siln\u00e9 znalosti tohto jazyka. Nezabudnite, \u017ee R\u00edm nebol postaven\u00fd za de\u0148 &#8211; bu\u010fte trpezliv\u00ed, bavte sa a vychutn\u00e1vajte si cestu k bezchybnej gramatike!<\/p>\n<\/div><\/div>\n\r\n<section class=\"learnNavigationSection\">\r\n            \r\n        <a href=\"https:\/\/talkpal.ai\/sk\/naucte-sa-anglic\/\">\r\n            <div class=\"learnNavigationWrapper\">\r\n                <div class=\"learnNavigationContent\">\r\n                    <img decoding=\"async\" src=\"https:\/\/talkpal.ai\/wp-content\/uploads\/2024\/08\/English.jpg\" alt=\"English Flag\">\r\n                    <div>\r\n                        <h4>O \u0161t\u00fadiu angli\u010dtiny<\/h4>\r\n                        <p>Zistite v\u0161etko o anglickej gramatike.<\/p>\r\n                    <\/div>\r\n                <\/div>\r\n            <\/div>\r\n        <\/a>\r\n\r\n        \r\n        <a href=\"https:\/\/talkpal.ai\/sk\/cvicenia-z-anglickej-gramatiky\/\">\r\n            <div class=\"learnNavigationWrapper\">\r\n                <div class=\"learnNavigationContent\">\r\n                    <img decoding=\"async\" src=\"https:\/\/talkpal.ai\/wp-content\/uploads\/2024\/08\/English.jpg\" alt=\"English Flag\">\r\n                    <div>\r\n                        <h4>Cvi\u010denia z anglickej gramatiky<\/h4>\r\n                        <p>Precvi\u010dovanie angli\u010dtiny gramatika.<\/p>\r\n                    <\/div>\r\n                <\/div>\r\n            <\/div>\r\n        <\/a>\r\n\r\n        \r\n        <a href=\"https:\/\/talkpal.ai\/vocabulary_language\/english\/\">\r\n            <div class=\"learnNavigationWrapper\">\r\n                <div class=\"learnNavigationContent\">\r\n                    <img decoding=\"async\" src=\"https:\/\/talkpal.ai\/wp-content\/uploads\/2024\/08\/English.jpg\" alt=\"English Flag\">\r\n                    <div>\r\n                        <h4>Anglick\u00e1 slovn\u00e1 z\u00e1soba<\/h4>\r\n                        <p>Roz\u0161\u00edrte si slovn\u00fa z\u00e1sobu angli\u010dtiny.<\/p>\r\n                    <\/div>\r\n                <\/div>\r\n            <\/div>\r\n        <\/a>\r\n\r\n            <\/section>","protected":false},"excerpt":{"rendered":"<p>D\u00f4le\u017eitos\u0165 anglickej gramatiky: sprievodca zvl\u00e1dnut\u00edm pravidiel a z\u00e1sad Ke\u010f\u017ee angli\u010dtina je jedn\u00fdm z najv\u00fdznamnej\u0161\u00edch jazykov, ktor\u00fdmi sa hovor\u00ed na celom svete, nie je prekvapen\u00edm, \u017ee sa \u013eudia t\u00fa\u017eia zdokonali\u0165 v jej ovl\u00e1dan\u00ed. Jedn\u00fdm z k\u013e\u00fa\u010dov\u00fdch aspektov zvl\u00e1dnutia anglick\u00e9ho jazyka je pochopenie jeho gramatiky. Pre\u010do je v\u0161ak gramatika tak\u00e1 d\u00f4le\u017eit\u00e1 a ako sa ju m\u00f4\u017eeme efekt\u00edvne [&hellip;]<\/p>\n","protected":false},"author":1,"featured_media":70911,"parent":0,"menu_order":0,"comment_status":"closed","ping_status":"closed","template":"LearningContentPage.php","meta":{"_acf_changed":false,"footnotes":""},"class_list":["post-91777","page","type-page","status-publish","has-post-thumbnail","hentry"],"acf":[],"yoast_head":"<!-- This site is optimized with the Yoast SEO Premium plugin v27.2 (Yoast SEO v27.2) - https:\/\/yoast.com\/product\/yoast-seo-premium-wordpress\/ -->\n<title>Anglick\u00e1 gramatika - Talkpal<\/title>\n<meta name=\"description\" content=\"Zlep\u0161ite si gramatiku angli\u010dtiny bez n\u00e1mahy pomocou Talkpals aplik\u00e1ciou na u\u010denie jazykov s umelou inteligenciou.\" \/>\n<meta name=\"robots\" content=\"index, follow, max-snippet:-1, max-image-preview:large, max-video-preview:-1\" \/>\n<link rel=\"canonical\" href=\"https:\/\/talkpal.ai\/sk\/anglicka-gramatika\/\" \/>\n<meta property=\"og:locale\" content=\"sk_SK\" \/>\n<meta property=\"og:type\" content=\"article\" \/>\n<meta property=\"og:title\" content=\"Anglick\u00e1 gramatika\" \/>\n<meta property=\"og:description\" content=\"D\u00f4le\u017eitos\u0165 anglickej gramatiky: sprievodca zvl\u00e1dnut\u00edm pravidiel a z\u00e1sad Ke\u010f\u017ee angli\u010dtina je jedn\u00fdm z najv\u00fdznamnej\u0161\u00edch jazykov, ktor\u00fdmi sa hovor\u00ed na celom\" \/>\n<meta property=\"og:url\" content=\"https:\/\/talkpal.ai\/sk\/anglicka-gramatika\/\" \/>\n<meta property=\"og:site_name\" content=\"Talkpal\" \/>\n<meta property=\"article:publisher\" content=\"https:\/\/www.facebook.com\/profile.php?id=100090733639311\" \/>\n<meta property=\"article:modified_time\" content=\"2025-05-22T19:26:07+00:00\" \/>\n<meta property=\"og:image\" content=\"https:\/\/talkpal.ai\/wp-content\/uploads\/2023\/03\/united-kingdom.png\" \/>\n\t<meta property=\"og:image:width\" content=\"512\" \/>\n\t<meta property=\"og:image:height\" content=\"512\" \/>\n\t<meta property=\"og:image:type\" content=\"image\/png\" \/>\n<meta name=\"twitter:card\" content=\"summary_large_image\" \/>\n<meta name=\"twitter:site\" content=\"@talkpalai\" \/>\n<meta name=\"twitter:label1\" content=\"Predpokladan\u00fd \u010das \u010d\u00edtania\" \/>\n\t<meta name=\"twitter:data1\" content=\"4 min\u00faty\" \/>\n<script type=\"application\/ld+json\" class=\"yoast-schema-graph\">{\"@context\":\"https:\/\/schema.org\",\"@graph\":[{\"@type\":\"WebPage\",\"@id\":\"https:\/\/talkpal.ai\/sk\/anglicka-gramatika\/\",\"url\":\"https:\/\/talkpal.ai\/sk\/anglicka-gramatika\/\",\"name\":\"Anglick\u00e1 gramatika - Talkpal\",\"isPartOf\":{\"@id\":\"https:\/\/talkpal.ai\/sk\/#website\"},\"primaryImageOfPage\":{\"@id\":\"https:\/\/talkpal.ai\/sk\/anglicka-gramatika\/#primaryimage\"},\"image\":{\"@id\":\"https:\/\/talkpal.ai\/sk\/anglicka-gramatika\/#primaryimage\"},\"thumbnailUrl\":\"https:\/\/talkpal.ai\/wp-content\/uploads\/2023\/03\/united-kingdom.png\",\"datePublished\":\"2023-03-25T16:57:06+00:00\",\"dateModified\":\"2025-05-22T19:26:07+00:00\",\"description\":\"Zlep\u0161ite si gramatiku angli\u010dtiny bez n\u00e1mahy pomocou Talkpals aplik\u00e1ciou na u\u010denie jazykov s umelou inteligenciou.\",\"breadcrumb\":{\"@id\":\"https:\/\/talkpal.ai\/sk\/anglicka-gramatika\/#breadcrumb\"},\"inLanguage\":\"sk-SK\",\"potentialAction\":[{\"@type\":\"ReadAction\",\"target\":[\"https:\/\/talkpal.ai\/sk\/anglicka-gramatika\/\"]}]},{\"@type\":\"ImageObject\",\"inLanguage\":\"sk-SK\",\"@id\":\"https:\/\/talkpal.ai\/sk\/anglicka-gramatika\/#primaryimage\",\"url\":\"https:\/\/talkpal.ai\/wp-content\/uploads\/2023\/03\/united-kingdom.png\",\"contentUrl\":\"https:\/\/talkpal.ai\/wp-content\/uploads\/2023\/03\/united-kingdom.png\",\"width\":512,\"height\":512,\"caption\":\"TalkPal AI learn English\"},{\"@type\":\"BreadcrumbList\",\"@id\":\"https:\/\/talkpal.ai\/sk\/anglicka-gramatika\/#breadcrumb\",\"itemListElement\":[{\"@type\":\"ListItem\",\"position\":1,\"name\":\"Homepage\",\"item\":\"https:\/\/talkpal.ai\/sk\/\"},{\"@type\":\"ListItem\",\"position\":2,\"name\":\"Anglick\u00e1 gramatika\"}]},{\"@type\":\"WebSite\",\"@id\":\"https:\/\/talkpal.ai\/sk\/#website\",\"url\":\"https:\/\/talkpal.ai\/sk\/\",\"name\":\"Talkpal\",\"description\":\"AI Language Learning\",\"publisher\":{\"@id\":\"https:\/\/talkpal.ai\/sk\/#organization\"},\"alternateName\":\"Talkpal AI\",\"potentialAction\":[{\"@type\":\"SearchAction\",\"target\":{\"@type\":\"EntryPoint\",\"urlTemplate\":\"https:\/\/talkpal.ai\/sk\/?s={search_term_string}\"},\"query-input\":{\"@type\":\"PropertyValueSpecification\",\"valueRequired\":true,\"valueName\":\"search_term_string\"}}],\"inLanguage\":\"sk-SK\"},{\"@type\":\"Organization\",\"@id\":\"https:\/\/talkpal.ai\/sk\/#organization\",\"name\":\"Talkpal, Inc.\",\"alternateName\":\"Talkpal AI\",\"url\":\"https:\/\/talkpal.ai\/sk\/\",\"logo\":{\"@type\":\"ImageObject\",\"inLanguage\":\"sk-SK\",\"@id\":\"https:\/\/talkpal.ai\/sk\/#\/schema\/logo\/image\/\",\"url\":\"https:\/\/talkpal.ai\/wp-content\/uploads\/2024\/03\/Talkpal-Logo-Icon.png\",\"contentUrl\":\"https:\/\/talkpal.ai\/wp-content\/uploads\/2024\/03\/Talkpal-Logo-Icon.png\",\"width\":2880,\"height\":2880,\"caption\":\"Talkpal, Inc.\"},\"image\":{\"@id\":\"https:\/\/talkpal.ai\/sk\/#\/schema\/logo\/image\/\"},\"sameAs\":[\"https:\/\/www.facebook.com\/profile.php?id=100090733639311\",\"https:\/\/x.com\/talkpalai\",\"https:\/\/www.linkedin.com\/company\/talkpal\/\",\"https:\/\/www.youtube.com\/@TalkPal\/\",\"https:\/\/www.tiktok.com\/@talkpal\",\"https:\/\/www.instagram.com\/talkpal_ai\/\",\"https:\/\/www.crunchbase.com\/organization\/talkpal-9cde\",\"https:\/\/www.g2.com\/products\/talkpal-for-business\/\",\"https:\/\/www.trustpilot.com\/review\/talkpal.ai\",\"https:\/\/www.capterra.com\/p\/10006800\/TalkPal\/\"],\"description\":\"Talkpal is a language learning web and mobile education app, powered by the latest AI technologies, that provides engaging experiences to its customers in many different languages to help them improve their language skills. Users can chat about unlimited amount of topics with the app and use other modes to practice their language learning.\",\"email\":\"support@talkpal.ai\",\"legalName\":\"Talkpal, Inc.\",\"foundingDate\":\"2023-04-03\",\"duns\":\"118989042\",\"numberOfEmployees\":{\"@type\":\"QuantitativeValue\",\"minValue\":\"11\",\"maxValue\":\"50\"},\"publishingPrinciples\":\"https:\/\/talkpal.ai\/publishing-principles\/\",\"actionableFeedbackPolicy\":\"https:\/\/talkpal.ai\/actionable-feedback-policy\/\",\"correctionsPolicy\":\"https:\/\/talkpal.ai\/corrections-policy\/\",\"ethicsPolicy\":\"https:\/\/talkpal.ai\/ethics-policy\/\",\"diversityPolicy\":\"https:\/\/talkpal.ai\/diversity-policy\/\",\"diversityStaffingReport\":\"https:\/\/talkpal.ai\/diversity-policy\/\"}]}<\/script>\n<!-- \/ Yoast SEO Premium plugin. -->","yoast_head_json":{"title":"Anglick\u00e1 gramatika - Talkpal","description":"Zlep\u0161ite si gramatiku angli\u010dtiny bez n\u00e1mahy pomocou Talkpals aplik\u00e1ciou na u\u010denie jazykov s umelou inteligenciou.","robots":{"index":"index","follow":"follow","max-snippet":"max-snippet:-1","max-image-preview":"max-image-preview:large","max-video-preview":"max-video-preview:-1"},"canonical":"https:\/\/talkpal.ai\/sk\/anglicka-gramatika\/","og_locale":"sk_SK","og_type":"article","og_title":"Anglick\u00e1 gramatika","og_description":"D\u00f4le\u017eitos\u0165 anglickej gramatiky: sprievodca zvl\u00e1dnut\u00edm pravidiel a z\u00e1sad Ke\u010f\u017ee angli\u010dtina je jedn\u00fdm z najv\u00fdznamnej\u0161\u00edch jazykov, ktor\u00fdmi sa hovor\u00ed na celom","og_url":"https:\/\/talkpal.ai\/sk\/anglicka-gramatika\/","og_site_name":"Talkpal","article_publisher":"https:\/\/www.facebook.com\/profile.php?id=100090733639311","article_modified_time":"2025-05-22T19:26:07+00:00","og_image":[{"width":512,"height":512,"url":"https:\/\/talkpal.ai\/wp-content\/uploads\/2023\/03\/united-kingdom.png","type":"image\/png"}],"twitter_card":"summary_large_image","twitter_site":"@talkpalai","twitter_misc":{"Predpokladan\u00fd \u010das \u010d\u00edtania":"4 min\u00faty"},"schema":{"@context":"https:\/\/schema.org","@graph":[{"@type":"WebPage","@id":"https:\/\/talkpal.ai\/sk\/anglicka-gramatika\/","url":"https:\/\/talkpal.ai\/sk\/anglicka-gramatika\/","name":"Anglick\u00e1 gramatika - Talkpal","isPartOf":{"@id":"https:\/\/talkpal.ai\/sk\/#website"},"primaryImageOfPage":{"@id":"https:\/\/talkpal.ai\/sk\/anglicka-gramatika\/#primaryimage"},"image":{"@id":"https:\/\/talkpal.ai\/sk\/anglicka-gramatika\/#primaryimage"},"thumbnailUrl":"https:\/\/talkpal.ai\/wp-content\/uploads\/2023\/03\/united-kingdom.png","datePublished":"2023-03-25T16:57:06+00:00","dateModified":"2025-05-22T19:26:07+00:00","description":"Zlep\u0161ite si gramatiku angli\u010dtiny bez n\u00e1mahy pomocou Talkpals aplik\u00e1ciou na u\u010denie jazykov s umelou inteligenciou.","breadcrumb":{"@id":"https:\/\/talkpal.ai\/sk\/anglicka-gramatika\/#breadcrumb"},"inLanguage":"sk-SK","potentialAction":[{"@type":"ReadAction","target":["https:\/\/talkpal.ai\/sk\/anglicka-gramatika\/"]}]},{"@type":"ImageObject","inLanguage":"sk-SK","@id":"https:\/\/talkpal.ai\/sk\/anglicka-gramatika\/#primaryimage","url":"https:\/\/talkpal.ai\/wp-content\/uploads\/2023\/03\/united-kingdom.png","contentUrl":"https:\/\/talkpal.ai\/wp-content\/uploads\/2023\/03\/united-kingdom.png","width":512,"height":512,"caption":"TalkPal AI learn English"},{"@type":"BreadcrumbList","@id":"https:\/\/talkpal.ai\/sk\/anglicka-gramatika\/#breadcrumb","itemListElement":[{"@type":"ListItem","position":1,"name":"Homepage","item":"https:\/\/talkpal.ai\/sk\/"},{"@type":"ListItem","position":2,"name":"Anglick\u00e1 gramatika"}]},{"@type":"WebSite","@id":"https:\/\/talkpal.ai\/sk\/#website","url":"https:\/\/talkpal.ai\/sk\/","name":"Talkpal","description":"AI Language Learning","publisher":{"@id":"https:\/\/talkpal.ai\/sk\/#organization"},"alternateName":"Talkpal AI","potentialAction":[{"@type":"SearchAction","target":{"@type":"EntryPoint","urlTemplate":"https:\/\/talkpal.ai\/sk\/?s={search_term_string}"},"query-input":{"@type":"PropertyValueSpecification","valueRequired":true,"valueName":"search_term_string"}}],"inLanguage":"sk-SK"},{"@type":"Organization","@id":"https:\/\/talkpal.ai\/sk\/#organization","name":"Talkpal, Inc.","alternateName":"Talkpal AI","url":"https:\/\/talkpal.ai\/sk\/","logo":{"@type":"ImageObject","inLanguage":"sk-SK","@id":"https:\/\/talkpal.ai\/sk\/#\/schema\/logo\/image\/","url":"https:\/\/talkpal.ai\/wp-content\/uploads\/2024\/03\/Talkpal-Logo-Icon.png","contentUrl":"https:\/\/talkpal.ai\/wp-content\/uploads\/2024\/03\/Talkpal-Logo-Icon.png","width":2880,"height":2880,"caption":"Talkpal, Inc."},"image":{"@id":"https:\/\/talkpal.ai\/sk\/#\/schema\/logo\/image\/"},"sameAs":["https:\/\/www.facebook.com\/profile.php?id=100090733639311","https:\/\/x.com\/talkpalai","https:\/\/www.linkedin.com\/company\/talkpal\/","https:\/\/www.youtube.com\/@TalkPal\/","https:\/\/www.tiktok.com\/@talkpal","https:\/\/www.instagram.com\/talkpal_ai\/","https:\/\/www.crunchbase.com\/organization\/talkpal-9cde","https:\/\/www.g2.com\/products\/talkpal-for-business\/","https:\/\/www.trustpilot.com\/review\/talkpal.ai","https:\/\/www.capterra.com\/p\/10006800\/TalkPal\/"],"description":"Talkpal is a language learning web and mobile education app, powered by the latest AI technologies, that provides engaging experiences to its customers in many different languages to help them improve their language skills. Users can chat about unlimited amount of topics with the app and use other modes to practice their language learning.","email":"support@talkpal.ai","legalName":"Talkpal, Inc.","foundingDate":"2023-04-03","duns":"118989042","numberOfEmployees":{"@type":"QuantitativeValue","minValue":"11","maxValue":"50"},"publishingPrinciples":"https:\/\/talkpal.ai\/publishing-principles\/","actionableFeedbackPolicy":"https:\/\/talkpal.ai\/actionable-feedback-policy\/","correctionsPolicy":"https:\/\/talkpal.ai\/corrections-policy\/","ethicsPolicy":"https:\/\/talkpal.ai\/ethics-policy\/","diversityPolicy":"https:\/\/talkpal.ai\/diversity-policy\/","diversityStaffingReport":"https:\/\/talkpal.ai\/diversity-policy\/"}]}},"_links":{"self":[{"href":"https:\/\/talkpal.ai\/sk\/wp-json\/wp\/v2\/pages\/91777","targetHints":{"allow":["GET"]}}],"collection":[{"href":"https:\/\/talkpal.ai\/sk\/wp-json\/wp\/v2\/pages"}],"about":[{"href":"https:\/\/talkpal.ai\/sk\/wp-json\/wp\/v2\/types\/page"}],"author":[{"embeddable":true,"href":"https:\/\/talkpal.ai\/sk\/wp-json\/wp\/v2\/users\/1"}],"replies":[{"embeddable":true,"href":"https:\/\/talkpal.ai\/sk\/wp-json\/wp\/v2\/comments?post=91777"}],"version-history":[{"count":0,"href":"https:\/\/talkpal.ai\/sk\/wp-json\/wp\/v2\/pages\/91777\/revisions"}],"wp:featuredmedia":[{"embeddable":true,"href":"https:\/\/talkpal.ai\/sk\/wp-json\/wp\/v2\/media\/70911"}],"wp:attachment":[{"href":"https:\/\/talkpal.ai\/sk\/wp-json\/wp\/v2\/media?parent=91777"}],"curies":[{"name":"wp","href":"https:\/\/api.w.org\/{rel}","templated":true}]}}