{"id":75207,"date":"2023-05-14T14:19:49","date_gmt":"2023-05-14T14:19:49","guid":{"rendered":"http:\/\/talkpal.ai\/slovenska-gramatika\/"},"modified":"2025-12-12T11:10:07","modified_gmt":"2025-12-12T11:10:07","slug":"slovenska-gramatika","status":"publish","type":"page","link":"https:\/\/talkpal.ai\/sk\/slovenska-gramatika\/","title":{"rendered":"Slovensk\u00e1 gramatika"},"content":{"rendered":"\r\n\r\n\r\n<section class=\"languageChallengeSection\">\r\n    <div class=\"languageInfoWrapper\">\r\n        \r\n        <h1>Slovensk\u00e1 gramatika<\/h1>\r\n        <p>Odha\u013ete kr\u00e1su slovensk\u00e9ho jazyka t\u00fdm, \u017ee sa nau\u010d\u00edte jeho z\u00e1kladn\u00e9 gramatick\u00e9 pravidl\u00e1. Pochopenie slovenskej gramatiky v\u00e1m pom\u00f4\u017ee komunikova\u0165 s istotou a hlb\u0161ie sa spoji\u0165 s bohat\u00fdmi slovensk\u00fdmi trad\u00edciami. Za\u010dnite svoju cestu e\u0161te dnes a urobte prv\u00fd krok k ovl\u00e1dnutiu sloven\u010diny!\n\n<\/p>\r\n\r\n                            <a class=\"getStartedHidden\" href=\"https:\/\/app.talkpal.ai\/sk\/signup?lng=\">Za\u010dni<\/a>\r\n        \r\n    <\/div>\r\n\r\n    <figure>\r\n    <img decoding=\"async\" width=\"768\" height=\"768\" src=\"https:\/\/talkpal.ai\/wp-content\/uploads\/2023\/06\/slovak-768x768.png\" class=\"languageImage no-lazy\" alt=\"Language learning for cross-cultural competence\" fetchpriority=\"high\" sizes=\"(max-width: 768px) 150px, 768px\" srcset=\"https:\/\/talkpal.ai\/wp-content\/uploads\/2023\/06\/slovak-768x768.png 768w, https:\/\/talkpal.ai\/wp-content\/uploads\/2023\/06\/slovak-300x300.png 300w\" \/>\r\n    \r\n\r\n    <\/figure>\r\n\r\n            <a class=\"getStartedVisible\" href=\"https:\/\/app.talkpal.ai\/sk\/signup?lng=\">Za\u010dni<\/a>\r\n    \r\n<\/section>\r\n<section class=\"promotionalBanner\">\r\n    <p class=\"promotionalText\">Najefekt\u00edvnej\u0161\u00ed sp\u00f4sob, ako sa nau\u010di\u0165 jazyk<\/p>\r\n    <a class=\"promotionalLink\" href=\"https:\/\/app.talkpal.ai\/sk\/signup?lng=\">Vysk\u00fa\u0161ajte Talkpal zadarmo<\/a>\r\n<\/section>\n<div class=\"wp-block-group pageContainerStyle\"><div class=\"wp-block-group__inner-container is-layout-constrained wp-block-group-is-layout-constrained\">\n<h2 class=\"wp-block-heading\" id=\"h-slovak-grammar-the-key-to-unlocking-a-beautiful-language\">Slovensk\u00e1 gramatika: k\u013e\u00fa\u010d k odomknutiu kr\u00e1sneho jazyka<\/h2>\n\n\n\n<p>Pl\u00e1nujete sa nau\u010di\u0165 sloven\u010dinu alebo ste len zvedav\u00ed na jej jedine\u010dn\u00fa gramatiku? Ste na spr\u00e1vnom mieste! <a href=\"https:\/\/talkpal.ai\/sk\/sinhalska-gramatika\/\">Slovensk\u00e1 gramatika<\/a> sa m\u00f4\u017ee zda\u0165 na prv\u00fd poh\u013ead hroziv\u00e1, ale nebojte sa &#8211; v skuto\u010dnosti je celkom logick\u00e1 a zvl\u00e1dnute\u013en\u00e1. V tomto \u010dl\u00e1nku sa budeme venova\u0165 z\u00e1kutiam slovenskej gramatiky, aby ste lep\u0161ie pochopili a ocenili jej kr\u00e1su.<\/p>\n\n\n\n<p>Najsk\u00f4r si povedzme nie\u010do o pozad\u00ed. Sloven\u010dina je z\u00e1padoslovansk\u00fd jazyk, ktor\u00fdm sa hovor\u00ed predov\u0161etk\u00fdm na Slovensku, ale hovorcov n\u00e1jdete aj v okolit\u00fdch krajin\u00e1ch. Ako slovansk\u00fd jazyk zdie\u013ea ve\u013ea podobnost\u00ed s in\u00fdmi jazykmi v regi\u00f3ne, ako je <a href=\"https:\/\/talkpal.ai\/learn-czech\/\">\u010de\u0161tina<\/a> a <a href=\"https:\/\/talkpal.ai\/learn-polish\/\">po\u013e\u0161tina<\/a>. M\u00e1 v\u0161ak svoje vlastn\u00e9 odli\u0161n\u00e9 gramatick\u00e9 pravidl\u00e1 a vzory pou\u017e\u00edvania, ktor\u00e9 ho odli\u0161uj\u00fa.<\/p>\n\n\n\n<p>Teraz sa po\u010fme venova\u0165 niektor\u00fdm najd\u00f4le\u017eitej\u0161\u00edm aspektom slovenskej gramatiky.<\/p>\n\n\n\n<h3 class=\"wp-block-heading\" id=\"h-1-nouns-and-their-cases\">1. Podstatn\u00e9 men\u00e1 a ich p\u00e1dy<\/h3>\n\n\n\n<p>Jednou z najv\u00fdraznej\u0161\u00edch \u010d\u0155t slovenskej gramatiky je jej zlo\u017eit\u00fd kazuistika. Ak pozn\u00e1te nem\u010dinu alebo ru\u0161tinu, budete vedie\u0165, o \u010dom hovor\u00edme: Slovensk\u00e9 podstatn\u00e9 men\u00e1 menia svoj tvar v z\u00e1vislosti od svojej funkcie vo vete. So siedmimi p\u00e1dmi (nominat\u00edv, genit\u00edv, dat\u00edv, akuzat\u00edv, lok\u00e1l, in\u0161trument\u00e1l a vokat\u00edv) sa to m\u00f4\u017ee zda\u0165 na prv\u00fd poh\u013ead neprekonate\u013en\u00e9, ale nevzd\u00e1vajte sa! Ke\u010f sa v\u00e1m to podar\u00ed, je to neuverite\u013ene logick\u00e9 a dokonca z\u00e1bavn\u00e9.<\/p>\n\n\n\n<p>Vezmime si ako pr\u00edklad podstatn\u00e9 meno chlapec. M\u00f4\u017ee sa zmeni\u0165 na &#8222;chlapca&#8220;, &#8222;chlapcovi&#8220;, &#8222;chlapcom&#8220; at\u010f. v z\u00e1vislosti od toho, \u010di ide o subjekt, objekt alebo pr\u00edjemcu akcie. Koncovky z\u00e1visia aj od rodu podstatn\u00e9ho mena (mu\u017esk\u00fd, \u017eensk\u00fd alebo stredn\u00fd), \u010d\u00edm sa jazyk e\u0161te viac spestruje.<\/p>\n\n\n\n<h3 class=\"wp-block-heading\" id=\"h-2-verb-conjugation-and-tenses\">2. \u010casovanie slovies a \u010dasy<\/h3>\n\n\n\n<p>Slovensk\u00e9 sloves\u00e1 menia svoje koncovky pod\u013ea osoby a \u010d\u00edsla (jednotn\u00e9ho alebo mno\u017en\u00e9ho \u010d\u00edsla) podmetu. Napr\u00edklad sloveso vidie\u0165 sa m\u00f4\u017ee zmeni\u0165 na vid\u00edm, vid\u00ed\u0161, vidia a in\u00e9.<\/p>\n\n\n\n<p>Sloven\u010dina m\u00e1 tri hlavn\u00e9 \u010dasy: minul\u00fd, pr\u00edtomn\u00fd a bud\u00faci. Zauj\u00edmavos\u0165ou je, \u017ee na rozdiel od angli\u010dtiny sloven\u010dina na tvorenie t\u00fdchto \u010dasov zvy\u010dajne nepou\u017e\u00edva pomocn\u00e9 sloves\u00e1. Namiesto toho s\u00fa tvoren\u00e9 zmenou slovesn\u00fdch koncoviek. Napr\u00edklad &#8222;vid\u00edm&#8220; je &#8222;vid\u00edm&#8220;, &#8222;videl som&#8220; je &#8222;videl som&#8220; a &#8222;uvid\u00edm&#8220; je &#8222;uvid\u00edm&#8220;.<\/p>\n\n\n\n<h3 class=\"wp-block-heading\" id=\"h-3-sentence-structure-and-word-order\">3. \u0160trukt\u00fara viet a poradie slov<\/h3>\n\n\n\n<p>Sloven\u010dina m\u00e1 pomerne flexibiln\u00fd slovosled, a to v\u010faka substant\u00edvnemu p\u00e1du a syst\u00e9mu \u010dasovania slovies. To znamen\u00e1, \u017ee na rozdiel od angli\u010dtiny m\u00f4\u017eete umiestni\u0165 slov\u00e1 na r\u00f4zne poz\u00edcie vo vete bez toho, aby sa zmenil jej v\u00fdznam &#8211; napr\u00edklad &#8222;chlapec vid\u00ed psa&#8220; m\u00f4\u017ee by\u0165 aj &#8222;psa vid\u00ed chlapec&#8220; a st\u00e1le to m\u00e1 rovnak\u00fd v\u00fdznam.<\/p>\n\n\n\n<p>To znamen\u00e1, \u017ee najbe\u017enej\u0161\u00ed slovosled v sloven\u010dine je podmet-sloveso-objekt alebo SVO. Je to podobn\u00e9 ako v angli\u010dtine a pre \u0161tudentov je to skvel\u00fd v\u00fdchodiskov\u00fd bod. Ke\u010f sa stanete pohodlnej\u0161\u00edmi s jazykom, m\u00f4\u017eete experimentova\u0165 s r\u00f4znymi slovosledmi, aby ste svojim vet\u00e1m pridali d\u00f4raz alebo nuansy.<\/p>\n\n\n\n<h3 class=\"wp-block-heading\" id=\"h-4-adjectives-and-adverbs\">4. Pr\u00eddavn\u00e9 men\u00e1 a pr\u00edslovky<\/h3>\n\n\n\n<p>Rovnako ako v mnoh\u00fdch in\u00fdch jazykoch, pr\u00eddavn\u00e9 men\u00e1 a pr\u00edslovky v sloven\u010dine sa pou\u017e\u00edvaj\u00fa na ozna\u010denie podstatn\u00fdch mien a slovies. Prich\u00e1dzaj\u00fa v\u0161ak aj s vlastnou pr\u00edpadovou dohodou a pravidlami rodovej dohody, \u010do m\u00f4\u017ee veci trochu skomplikova\u0165. Na\u0161\u0165astie, ke\u010f zvl\u00e1dnete p\u00e1dy podstatn\u00fdch mien a \u010dasovanie slovies, tieto pravidl\u00e1 pr\u00eddu prirodzenej\u0161ie.<\/p>\n\n\n\n<p>Ste teda pripraven\u00ed pusti\u0165 sa do slovenskej gramatiky? So spr\u00e1vnym myslen\u00edm a zdrojmi je <a href=\"https:\/\/talkpal.ai\/sk\/ucenie\/\">u\u010denie sa<\/a> sloven\u010diny obohacuj\u00facou sk\u00fasenos\u0165ou, ktor\u00e1 m\u00f4\u017ee otvori\u0165 dvere do bohatej kult\u00fary a kr\u00e1snej krajiny. Postupujte krok za krokom, pravidelne cvi\u010dte a nebojte sa robi\u0165 chyby &#8211; tak sa predsa v\u0161etci u\u010d\u00edme. Ve\u013ea \u0161\u0165astia! (Ve\u013ea \u0161\u0165astia!)<\/p>\n<\/div><\/div>\n\r\n<section class=\"learnNavigationSection\">\r\n            \r\n        <a href=\"https:\/\/talkpal.ai\/sk\/ucit-sa-po-slovensky\/\">\r\n            <div class=\"learnNavigationWrapper\">\r\n                <div class=\"learnNavigationContent\">\r\n                    <img decoding=\"async\" src=\"https:\/\/talkpal.ai\/wp-content\/uploads\/2024\/08\/Slovak.jpg\" alt=\"Slovak Flag\">\r\n                    <div>\r\n                        <h4>O slovenskom vzdel\u00e1van\u00ed<\/h4>\r\n                        <p>Zistite v\u0161etko o sloven\u010dine gramatika.<\/p>\r\n                    <\/div>\r\n                <\/div>\r\n            <\/div>\r\n        <\/a>\r\n\r\n        \r\n        <a href=\"https:\/\/talkpal.ai\/sk\/cvicenia-zo-slovenskej-gramatiky\/\">\r\n            <div class=\"learnNavigationWrapper\">\r\n                <div class=\"learnNavigationContent\">\r\n                    <img decoding=\"async\" src=\"https:\/\/talkpal.ai\/wp-content\/uploads\/2024\/08\/Slovak.jpg\" alt=\"Slovak Flag\">\r\n                    <div>\r\n                        <h4>Cvi\u010denie zo slovenskej gramatiky<\/h4>\r\n                        <p>Prax v sloven\u010dine gramatika.<\/p>\r\n                    <\/div>\r\n                <\/div>\r\n            <\/div>\r\n        <\/a>\r\n\r\n        \r\n        <a href=\"https:\/\/talkpal.ai\/vocabulary_language\/slovak\/\">\r\n            <div class=\"learnNavigationWrapper\">\r\n                <div class=\"learnNavigationContent\">\r\n                    <img decoding=\"async\" src=\"https:\/\/talkpal.ai\/wp-content\/uploads\/2024\/08\/Slovak.jpg\" alt=\"Slovak Flag\">\r\n                    <div>\r\n                        <h4>Slovensk\u00e1 slovn\u00e1 z\u00e1soba<\/h4>\r\n                        <p>Roz\u0161\u00edrte si slovn\u00fa z\u00e1sobu sloven\u010diny.<\/p>\r\n                    <\/div>\r\n                <\/div>\r\n            <\/div>\r\n        <\/a>\r\n\r\n            <\/section>","protected":false},"excerpt":{"rendered":"<p>Slovensk\u00e1 gramatika: k\u013e\u00fa\u010d k odomknutiu kr\u00e1sneho jazyka Pl\u00e1nujete sa nau\u010di\u0165 sloven\u010dinu alebo ste len zvedav\u00ed na jej jedine\u010dn\u00fa gramatiku? Ste na spr\u00e1vnom mieste! Slovensk\u00e1 gramatika sa m\u00f4\u017ee zda\u0165 na prv\u00fd poh\u013ead hroziv\u00e1, ale nebojte sa &#8211; v skuto\u010dnosti je celkom logick\u00e1 a zvl\u00e1dnute\u013en\u00e1. V tomto \u010dl\u00e1nku sa budeme venova\u0165 z\u00e1kutiam slovenskej gramatiky, aby ste lep\u0161ie [&hellip;]<\/p>\n","protected":false},"author":1,"featured_media":71533,"parent":0,"menu_order":0,"comment_status":"closed","ping_status":"closed","template":"LearningContentPage.php","meta":{"_acf_changed":false,"footnotes":""},"class_list":["post-75207","page","type-page","status-publish","has-post-thumbnail","hentry"],"acf":[],"yoast_head":"<!-- This site is optimized with the Yoast SEO Premium plugin v27.2 (Yoast SEO v27.2) - https:\/\/yoast.com\/product\/yoast-seo-premium-wordpress\/ -->\n<title>Slovensk\u00e1 gramatika - Talkpal<\/title>\n<meta name=\"description\" content=\"Zvl\u00e1dnite slovensk\u00fa gramatiku s jasn\u00fdm vysvetlen\u00edm, praktick\u00fdmi pr\u00edkladmi a interakt\u00edvnymi cvi\u010deniami. Zlep\u0161ite svoje zru\u010dnosti!\" \/>\n<meta name=\"robots\" content=\"index, follow, max-snippet:-1, max-image-preview:large, max-video-preview:-1\" \/>\n<link rel=\"canonical\" href=\"https:\/\/talkpal.ai\/sk\/slovenska-gramatika\/\" \/>\n<meta property=\"og:locale\" content=\"sk_SK\" \/>\n<meta property=\"og:type\" content=\"article\" \/>\n<meta property=\"og:title\" content=\"Slovensk\u00e1 gramatika\" \/>\n<meta property=\"og:description\" content=\"Slovensk\u00e1 gramatika: k\u013e\u00fa\u010d k odomknutiu kr\u00e1sneho jazyka Pl\u00e1nujete sa nau\u010di\u0165 sloven\u010dinu alebo ste len zvedav\u00ed na jej jedine\u010dn\u00fa gramatiku? Ste na spr\u00e1vnom\" \/>\n<meta property=\"og:url\" content=\"https:\/\/talkpal.ai\/sk\/slovenska-gramatika\/\" \/>\n<meta property=\"og:site_name\" content=\"Talkpal\" \/>\n<meta property=\"article:publisher\" content=\"https:\/\/www.facebook.com\/profile.php?id=100090733639311\" \/>\n<meta property=\"article:modified_time\" content=\"2025-12-12T11:10:07+00:00\" \/>\n<meta property=\"og:image\" content=\"https:\/\/talkpal.ai\/wp-content\/uploads\/2023\/05\/slovakia.png\" \/>\n\t<meta property=\"og:image:width\" content=\"512\" \/>\n\t<meta property=\"og:image:height\" content=\"512\" \/>\n\t<meta property=\"og:image:type\" content=\"image\/png\" \/>\n<meta name=\"twitter:card\" content=\"summary_large_image\" \/>\n<meta name=\"twitter:site\" content=\"@talkpalai\" \/>\n<meta name=\"twitter:label1\" content=\"Predpokladan\u00fd \u010das \u010d\u00edtania\" \/>\n\t<meta name=\"twitter:data1\" content=\"3 min\u00faty\" \/>\n<script type=\"application\/ld+json\" class=\"yoast-schema-graph\">{\"@context\":\"https:\/\/schema.org\",\"@graph\":[{\"@type\":\"WebPage\",\"@id\":\"https:\/\/talkpal.ai\/sk\/slovenska-gramatika\/\",\"url\":\"https:\/\/talkpal.ai\/sk\/slovenska-gramatika\/\",\"name\":\"Slovensk\u00e1 gramatika - Talkpal\",\"isPartOf\":{\"@id\":\"https:\/\/talkpal.ai\/sk\/#website\"},\"primaryImageOfPage\":{\"@id\":\"https:\/\/talkpal.ai\/sk\/slovenska-gramatika\/#primaryimage\"},\"image\":{\"@id\":\"https:\/\/talkpal.ai\/sk\/slovenska-gramatika\/#primaryimage\"},\"thumbnailUrl\":\"https:\/\/talkpal.ai\/wp-content\/uploads\/2023\/05\/slovakia.png\",\"datePublished\":\"2023-05-14T14:19:49+00:00\",\"dateModified\":\"2025-12-12T11:10:07+00:00\",\"description\":\"Zvl\u00e1dnite slovensk\u00fa gramatiku s jasn\u00fdm vysvetlen\u00edm, praktick\u00fdmi pr\u00edkladmi a interakt\u00edvnymi cvi\u010deniami. Zlep\u0161ite svoje zru\u010dnosti!\",\"breadcrumb\":{\"@id\":\"https:\/\/talkpal.ai\/sk\/slovenska-gramatika\/#breadcrumb\"},\"inLanguage\":\"sk-SK\",\"potentialAction\":[{\"@type\":\"ReadAction\",\"target\":[\"https:\/\/talkpal.ai\/sk\/slovenska-gramatika\/\"]}]},{\"@type\":\"ImageObject\",\"inLanguage\":\"sk-SK\",\"@id\":\"https:\/\/talkpal.ai\/sk\/slovenska-gramatika\/#primaryimage\",\"url\":\"https:\/\/talkpal.ai\/wp-content\/uploads\/2023\/05\/slovakia.png\",\"contentUrl\":\"https:\/\/talkpal.ai\/wp-content\/uploads\/2023\/05\/slovakia.png\",\"width\":512,\"height\":512},{\"@type\":\"BreadcrumbList\",\"@id\":\"https:\/\/talkpal.ai\/sk\/slovenska-gramatika\/#breadcrumb\",\"itemListElement\":[{\"@type\":\"ListItem\",\"position\":1,\"name\":\"Homepage\",\"item\":\"https:\/\/talkpal.ai\/sk\/\"},{\"@type\":\"ListItem\",\"position\":2,\"name\":\"Slovensk\u00e1 gramatika\"}]},{\"@type\":\"WebSite\",\"@id\":\"https:\/\/talkpal.ai\/sk\/#website\",\"url\":\"https:\/\/talkpal.ai\/sk\/\",\"name\":\"Talkpal\",\"description\":\"AI Language Learning\",\"publisher\":{\"@id\":\"https:\/\/talkpal.ai\/sk\/#organization\"},\"alternateName\":\"Talkpal AI\",\"potentialAction\":[{\"@type\":\"SearchAction\",\"target\":{\"@type\":\"EntryPoint\",\"urlTemplate\":\"https:\/\/talkpal.ai\/sk\/?s={search_term_string}\"},\"query-input\":{\"@type\":\"PropertyValueSpecification\",\"valueRequired\":true,\"valueName\":\"search_term_string\"}}],\"inLanguage\":\"sk-SK\"},{\"@type\":\"Organization\",\"@id\":\"https:\/\/talkpal.ai\/sk\/#organization\",\"name\":\"Talkpal, Inc.\",\"alternateName\":\"Talkpal AI\",\"url\":\"https:\/\/talkpal.ai\/sk\/\",\"logo\":{\"@type\":\"ImageObject\",\"inLanguage\":\"sk-SK\",\"@id\":\"https:\/\/talkpal.ai\/sk\/#\/schema\/logo\/image\/\",\"url\":\"https:\/\/talkpal.ai\/wp-content\/uploads\/2024\/03\/Talkpal-Logo-Icon.png\",\"contentUrl\":\"https:\/\/talkpal.ai\/wp-content\/uploads\/2024\/03\/Talkpal-Logo-Icon.png\",\"width\":2880,\"height\":2880,\"caption\":\"Talkpal, Inc.\"},\"image\":{\"@id\":\"https:\/\/talkpal.ai\/sk\/#\/schema\/logo\/image\/\"},\"sameAs\":[\"https:\/\/www.facebook.com\/profile.php?id=100090733639311\",\"https:\/\/x.com\/talkpalai\",\"https:\/\/www.linkedin.com\/company\/talkpal\/\",\"https:\/\/www.youtube.com\/@TalkPal\/\",\"https:\/\/www.tiktok.com\/@talkpal\",\"https:\/\/www.instagram.com\/talkpal_ai\/\",\"https:\/\/www.crunchbase.com\/organization\/talkpal-9cde\",\"https:\/\/www.g2.com\/products\/talkpal-for-business\/\",\"https:\/\/www.trustpilot.com\/review\/talkpal.ai\",\"https:\/\/www.capterra.com\/p\/10006800\/TalkPal\/\"],\"description\":\"Talkpal is a language learning web and mobile education app, powered by the latest AI technologies, that provides engaging experiences to its customers in many different languages to help them improve their language skills. Users can chat about unlimited amount of topics with the app and use other modes to practice their language learning.\",\"email\":\"support@talkpal.ai\",\"legalName\":\"Talkpal, Inc.\",\"foundingDate\":\"2023-04-03\",\"duns\":\"118989042\",\"numberOfEmployees\":{\"@type\":\"QuantitativeValue\",\"minValue\":\"11\",\"maxValue\":\"50\"},\"publishingPrinciples\":\"https:\/\/talkpal.ai\/publishing-principles\/\",\"actionableFeedbackPolicy\":\"https:\/\/talkpal.ai\/actionable-feedback-policy\/\",\"correctionsPolicy\":\"https:\/\/talkpal.ai\/corrections-policy\/\",\"ethicsPolicy\":\"https:\/\/talkpal.ai\/ethics-policy\/\",\"diversityPolicy\":\"https:\/\/talkpal.ai\/diversity-policy\/\",\"diversityStaffingReport\":\"https:\/\/talkpal.ai\/diversity-policy\/\"}]}<\/script>\n<!-- \/ Yoast SEO Premium plugin. -->","yoast_head_json":{"title":"Slovensk\u00e1 gramatika - Talkpal","description":"Zvl\u00e1dnite slovensk\u00fa gramatiku s jasn\u00fdm vysvetlen\u00edm, praktick\u00fdmi pr\u00edkladmi a interakt\u00edvnymi cvi\u010deniami. Zlep\u0161ite svoje zru\u010dnosti!","robots":{"index":"index","follow":"follow","max-snippet":"max-snippet:-1","max-image-preview":"max-image-preview:large","max-video-preview":"max-video-preview:-1"},"canonical":"https:\/\/talkpal.ai\/sk\/slovenska-gramatika\/","og_locale":"sk_SK","og_type":"article","og_title":"Slovensk\u00e1 gramatika","og_description":"Slovensk\u00e1 gramatika: k\u013e\u00fa\u010d k odomknutiu kr\u00e1sneho jazyka Pl\u00e1nujete sa nau\u010di\u0165 sloven\u010dinu alebo ste len zvedav\u00ed na jej jedine\u010dn\u00fa gramatiku? Ste na spr\u00e1vnom","og_url":"https:\/\/talkpal.ai\/sk\/slovenska-gramatika\/","og_site_name":"Talkpal","article_publisher":"https:\/\/www.facebook.com\/profile.php?id=100090733639311","article_modified_time":"2025-12-12T11:10:07+00:00","og_image":[{"width":512,"height":512,"url":"https:\/\/talkpal.ai\/wp-content\/uploads\/2023\/05\/slovakia.png","type":"image\/png"}],"twitter_card":"summary_large_image","twitter_site":"@talkpalai","twitter_misc":{"Predpokladan\u00fd \u010das \u010d\u00edtania":"3 min\u00faty"},"schema":{"@context":"https:\/\/schema.org","@graph":[{"@type":"WebPage","@id":"https:\/\/talkpal.ai\/sk\/slovenska-gramatika\/","url":"https:\/\/talkpal.ai\/sk\/slovenska-gramatika\/","name":"Slovensk\u00e1 gramatika - Talkpal","isPartOf":{"@id":"https:\/\/talkpal.ai\/sk\/#website"},"primaryImageOfPage":{"@id":"https:\/\/talkpal.ai\/sk\/slovenska-gramatika\/#primaryimage"},"image":{"@id":"https:\/\/talkpal.ai\/sk\/slovenska-gramatika\/#primaryimage"},"thumbnailUrl":"https:\/\/talkpal.ai\/wp-content\/uploads\/2023\/05\/slovakia.png","datePublished":"2023-05-14T14:19:49+00:00","dateModified":"2025-12-12T11:10:07+00:00","description":"Zvl\u00e1dnite slovensk\u00fa gramatiku s jasn\u00fdm vysvetlen\u00edm, praktick\u00fdmi pr\u00edkladmi a interakt\u00edvnymi cvi\u010deniami. Zlep\u0161ite svoje zru\u010dnosti!","breadcrumb":{"@id":"https:\/\/talkpal.ai\/sk\/slovenska-gramatika\/#breadcrumb"},"inLanguage":"sk-SK","potentialAction":[{"@type":"ReadAction","target":["https:\/\/talkpal.ai\/sk\/slovenska-gramatika\/"]}]},{"@type":"ImageObject","inLanguage":"sk-SK","@id":"https:\/\/talkpal.ai\/sk\/slovenska-gramatika\/#primaryimage","url":"https:\/\/talkpal.ai\/wp-content\/uploads\/2023\/05\/slovakia.png","contentUrl":"https:\/\/talkpal.ai\/wp-content\/uploads\/2023\/05\/slovakia.png","width":512,"height":512},{"@type":"BreadcrumbList","@id":"https:\/\/talkpal.ai\/sk\/slovenska-gramatika\/#breadcrumb","itemListElement":[{"@type":"ListItem","position":1,"name":"Homepage","item":"https:\/\/talkpal.ai\/sk\/"},{"@type":"ListItem","position":2,"name":"Slovensk\u00e1 gramatika"}]},{"@type":"WebSite","@id":"https:\/\/talkpal.ai\/sk\/#website","url":"https:\/\/talkpal.ai\/sk\/","name":"Talkpal","description":"AI Language Learning","publisher":{"@id":"https:\/\/talkpal.ai\/sk\/#organization"},"alternateName":"Talkpal AI","potentialAction":[{"@type":"SearchAction","target":{"@type":"EntryPoint","urlTemplate":"https:\/\/talkpal.ai\/sk\/?s={search_term_string}"},"query-input":{"@type":"PropertyValueSpecification","valueRequired":true,"valueName":"search_term_string"}}],"inLanguage":"sk-SK"},{"@type":"Organization","@id":"https:\/\/talkpal.ai\/sk\/#organization","name":"Talkpal, Inc.","alternateName":"Talkpal AI","url":"https:\/\/talkpal.ai\/sk\/","logo":{"@type":"ImageObject","inLanguage":"sk-SK","@id":"https:\/\/talkpal.ai\/sk\/#\/schema\/logo\/image\/","url":"https:\/\/talkpal.ai\/wp-content\/uploads\/2024\/03\/Talkpal-Logo-Icon.png","contentUrl":"https:\/\/talkpal.ai\/wp-content\/uploads\/2024\/03\/Talkpal-Logo-Icon.png","width":2880,"height":2880,"caption":"Talkpal, Inc."},"image":{"@id":"https:\/\/talkpal.ai\/sk\/#\/schema\/logo\/image\/"},"sameAs":["https:\/\/www.facebook.com\/profile.php?id=100090733639311","https:\/\/x.com\/talkpalai","https:\/\/www.linkedin.com\/company\/talkpal\/","https:\/\/www.youtube.com\/@TalkPal\/","https:\/\/www.tiktok.com\/@talkpal","https:\/\/www.instagram.com\/talkpal_ai\/","https:\/\/www.crunchbase.com\/organization\/talkpal-9cde","https:\/\/www.g2.com\/products\/talkpal-for-business\/","https:\/\/www.trustpilot.com\/review\/talkpal.ai","https:\/\/www.capterra.com\/p\/10006800\/TalkPal\/"],"description":"Talkpal is a language learning web and mobile education app, powered by the latest AI technologies, that provides engaging experiences to its customers in many different languages to help them improve their language skills. Users can chat about unlimited amount of topics with the app and use other modes to practice their language learning.","email":"support@talkpal.ai","legalName":"Talkpal, Inc.","foundingDate":"2023-04-03","duns":"118989042","numberOfEmployees":{"@type":"QuantitativeValue","minValue":"11","maxValue":"50"},"publishingPrinciples":"https:\/\/talkpal.ai\/publishing-principles\/","actionableFeedbackPolicy":"https:\/\/talkpal.ai\/actionable-feedback-policy\/","correctionsPolicy":"https:\/\/talkpal.ai\/corrections-policy\/","ethicsPolicy":"https:\/\/talkpal.ai\/ethics-policy\/","diversityPolicy":"https:\/\/talkpal.ai\/diversity-policy\/","diversityStaffingReport":"https:\/\/talkpal.ai\/diversity-policy\/"}]}},"_links":{"self":[{"href":"https:\/\/talkpal.ai\/sk\/wp-json\/wp\/v2\/pages\/75207","targetHints":{"allow":["GET"]}}],"collection":[{"href":"https:\/\/talkpal.ai\/sk\/wp-json\/wp\/v2\/pages"}],"about":[{"href":"https:\/\/talkpal.ai\/sk\/wp-json\/wp\/v2\/types\/page"}],"author":[{"embeddable":true,"href":"https:\/\/talkpal.ai\/sk\/wp-json\/wp\/v2\/users\/1"}],"replies":[{"embeddable":true,"href":"https:\/\/talkpal.ai\/sk\/wp-json\/wp\/v2\/comments?post=75207"}],"version-history":[{"count":0,"href":"https:\/\/talkpal.ai\/sk\/wp-json\/wp\/v2\/pages\/75207\/revisions"}],"wp:featuredmedia":[{"embeddable":true,"href":"https:\/\/talkpal.ai\/sk\/wp-json\/wp\/v2\/media\/71533"}],"wp:attachment":[{"href":"https:\/\/talkpal.ai\/sk\/wp-json\/wp\/v2\/media?parent=75207"}],"curies":[{"name":"wp","href":"https:\/\/api.w.org\/{rel}","templated":true}]}}